{"id":3424,"date":"2025-08-19T09:11:06","date_gmt":"2025-08-19T07:11:06","guid":{"rendered":"https:\/\/rosanacl.com\/?post_type=product&#038;p=3424"},"modified":"2026-01-08T03:06:28","modified_gmt":"2026-01-08T02:06:28","slug":"braga-selene-katia","status":"publish","type":"product","link":"https:\/\/rosanacl.com\/da\/vare\/braga-selene-katia\/","title":{"rendered":"Braga Selene Katia"},"content":{"rendered":"<p>Braga Selene Katia: una braga elegante y c\u00f3moda, pensada para realzar la silueta con un acabado fino y femenino.<br \/>\nSu tejido combina tul y detalle de fantas\u00eda en la parte delantera, aportando un toque sofisticado sin renunciar al confort del d\u00eda a d\u00eda.<\/p>\n<p>Sienta suave sobre la piel, se adapta bien al cuerpo y queda bonita bajo la ropa gracias a su ajuste limpio y favorecedor.<br \/>\nEs una prenda ideal si buscas una braga que estilice, se note ligera y te haga sentir \u00abarreglada\u00bb con un conjunto sencillo pero con presencia.<\/p>\n<p>Detaljer der g\u00f8r forskellen<\/p>\n<ul>\n<li>Stof med tyl og en dekorativ front: et mere elegant og raffineret look.<\/li>\n<li>Komfortabel pasform: Bev\u00e6ger sig med dig uden at v\u00e6re begr\u00e6nsende.<\/li>\n<li>Flatterende finish: f\u00e5r t\u00f8jet til at se smukt og velsiddende ud.<\/li>\n<li>Den kombineres perfekt med Selene Katia og Roxana bh&#039;en for et matchende s\u00e6t.<\/li>\n<\/ul>\n<p>\ud83d\udde3\ufe0f Tip: Det, der g\u00f8r Katia speciel, er den ubesv\u00e6ret &quot;p\u00e5kl\u00e6dte&quot; f\u00f8lelse: den f\u00f8les let, bl\u00f8d og har den delikate touch foran, der l\u00f8fter looket uden at v\u00e6re overv\u00e6ldende. Ideel, hvis du kan lide, at dine trusser f\u00f8les behagelige ... men med et strejf af klasse.<\/p>\n<p>\ud83d\udccf Bem\u00e6rk: Inden du k\u00f8ber, skal du v\u00e6lge din st\u00f8rrelse og overveje, hvordan du \u00f8nsker, at den skal se ud under dit t\u00f8j: Hvis du leder efter et renere og mere diskret look (uden at det synes), og du er mellem to st\u00f8rrelser, s\u00e5 g\u00e5 \u00e9n st\u00f8rrelse op; hvis du foretr\u00e6kker en mere t\u00e6tsiddende og t\u00e6tsiddende st\u00f8rrelse, s\u00e5 behold din s\u00e6dvanlige st\u00f8rrelse.<\/p>\n<p>Sammens\u00e6tning: 83% polyamid, 17% elastan. Intimomr\u00e5de forst\u00e6rket med bomuld for bedre komfort og hygiejne.<\/p>\n<p>\ud83e\udee6 S\u00e6ttets mest sensuelle touch: bl\u00f8d, elegant ... og faretruende smuk.<\/p>","protected":false},"excerpt":{"rendered":"<p>Braga Selene Katia: una braga elegante y c\u00f3moda, pensada para realzar la silueta con un acabado fino y femenino. Su tejido combina tul y detalle de fantas\u00eda en la parte delantera, aportando un toque sofisticado sin renunciar al confort del d\u00eda a d\u00eda. Sienta suave sobre la piel, se adapta bien al cuerpo y queda [&hellip;]<\/p>\n","protected":false},"featured_media":3441,"comment_status":"closed","ping_status":"closed","template":"","meta":{"content-type":""},"product_brand":[55],"product_cat":[19],"product_tag":[69],"class_list":{"0":"post-3424","1":"product","2":"type-product","3":"status-publish","4":"has-post-thumbnail","6":"product_brand-selene","7":"product_cat-braga","8":"product_tag-braga","10":"first","11":"instock","12":"taxable","13":"shipping-taxable","14":"purchasable","15":"product-type-variable"},"supplier_id":null,"supplier_sku":"","barcode":null,"atum_controlled":true,"out_stock_date":null,"out_stock_threshold":null,"inheritable":true,"inbound_stock":0,"stock_on_hold":0,"sold_today":null,"sales_last_days":null,"reserved_stock":0,"customer_returns":0,"warehouse_damage":0,"lost_in_post":0,"other_logs":0,"out_stock_days":null,"lost_sales":null,"has_location":false,"update_date":"2026-01-08T02:06:30","atum_locations":[],"atum_stock_status":"instock","restock_status":false,"low_stock_amount":"","sales_update_date":"2025-10-03T04:55:33","calc_backorders":null,"yoast_head":"<!-- This site is optimized with the Yoast SEO plugin v27.4 - https:\/\/yoast.com\/product\/yoast-seo-wordpress\/ -->\n<title>Braga Selene Katia - Rosana CL<\/title>\n<meta name=\"robots\" content=\"index, follow, max-snippet:-1, max-image-preview:large, max-video-preview:-1\" \/>\n<link rel=\"canonical\" href=\"https:\/\/rosanacl.com\/da\/vare\/braga-selene-katia\/\" \/>\n<meta property=\"og:locale\" content=\"da_DK\" \/>\n<meta property=\"og:type\" content=\"article\" \/>\n<meta property=\"og:title\" content=\"Braga Selene Katia - Rosana CL\" \/>\n<meta property=\"og:description\" content=\"Braga Selene Katia: una braga elegante y c\u00f3moda, pensada para realzar la silueta con un acabado fino y femenino. Su tejido combina tul y detalle de fantas\u00eda en la parte delantera, aportando un toque sofisticado sin renunciar al confort del d\u00eda a d\u00eda. Sienta suave sobre la piel, se adapta bien al cuerpo y queda [&hellip;]\" \/>\n<meta property=\"og:url\" content=\"https:\/\/rosanacl.com\/da\/vare\/braga-selene-katia\/\" \/>\n<meta property=\"og:site_name\" content=\"Rosana CL\" \/>\n<meta property=\"article:modified_time\" content=\"2026-01-08T02:06:28+00:00\" \/>\n<meta property=\"og:image\" content=\"https:\/\/rosanacl.com\/wp-content\/uploads\/2025\/08\/1-6-1024x1024.png\" \/>\n\t<meta property=\"og:image:width\" content=\"1024\" \/>\n\t<meta property=\"og:image:height\" content=\"1024\" \/>\n\t<meta property=\"og:image:type\" content=\"image\/png\" \/>\n<meta name=\"twitter:card\" content=\"summary_large_image\" \/>\n<meta name=\"twitter:label1\" content=\"Estimeret l\u00e6setid\" \/>\n\t<meta name=\"twitter:data1\" content=\"2 minutter\" \/>\n<script type=\"application\/ld+json\" class=\"yoast-schema-graph\">{\"@context\":\"https:\\\/\\\/schema.org\",\"@graph\":[{\"@type\":\"WebPage\",\"@id\":\"https:\\\/\\\/rosanacl.com\\\/producto\\\/braga-selene-katia\\\/\",\"url\":\"https:\\\/\\\/rosanacl.com\\\/producto\\\/braga-selene-katia\\\/\",\"name\":\"Braga Selene Katia - Rosana CL\",\"isPartOf\":{\"@id\":\"https:\\\/\\\/rosanacl.com\\\/ca\\\/#website\"},\"primaryImageOfPage\":{\"@id\":\"https:\\\/\\\/rosanacl.com\\\/producto\\\/braga-selene-katia\\\/#primaryimage\"},\"image\":{\"@id\":\"https:\\\/\\\/rosanacl.com\\\/producto\\\/braga-selene-katia\\\/#primaryimage\"},\"thumbnailUrl\":\"https:\\\/\\\/rosanacl.com\\\/wp-content\\\/uploads\\\/2025\\\/08\\\/1-6.png\",\"datePublished\":\"2025-08-19T07:11:06+00:00\",\"dateModified\":\"2026-01-08T02:06:28+00:00\",\"breadcrumb\":{\"@id\":\"https:\\\/\\\/rosanacl.com\\\/producto\\\/braga-selene-katia\\\/#breadcrumb\"},\"inLanguage\":\"da-DK\",\"potentialAction\":[{\"@type\":\"ReadAction\",\"target\":[\"https:\\\/\\\/rosanacl.com\\\/producto\\\/braga-selene-katia\\\/\"]}]},{\"@type\":\"ImageObject\",\"inLanguage\":\"da-DK\",\"@id\":\"https:\\\/\\\/rosanacl.com\\\/producto\\\/braga-selene-katia\\\/#primaryimage\",\"url\":\"https:\\\/\\\/rosanacl.com\\\/wp-content\\\/uploads\\\/2025\\\/08\\\/1-6.png\",\"contentUrl\":\"https:\\\/\\\/rosanacl.com\\\/wp-content\\\/uploads\\\/2025\\\/08\\\/1-6.png\",\"width\":1333,\"height\":1333},{\"@type\":\"BreadcrumbList\",\"@id\":\"https:\\\/\\\/rosanacl.com\\\/producto\\\/braga-selene-katia\\\/#breadcrumb\",\"itemListElement\":[{\"@type\":\"ListItem\",\"position\":1,\"name\":\"Portada\",\"item\":\"https:\\\/\\\/rosanacl.com\\\/ca\\\/\"},{\"@type\":\"ListItem\",\"position\":2,\"name\":\"Tienda\",\"item\":\"https:\\\/\\\/rosanacl.com\\\/ca\\\/tienda\\\/\"},{\"@type\":\"ListItem\",\"position\":3,\"name\":\"Braga Selene Katia\"}]},{\"@type\":\"WebSite\",\"@id\":\"https:\\\/\\\/rosanacl.com\\\/ca\\\/#website\",\"url\":\"https:\\\/\\\/rosanacl.com\\\/ca\\\/\",\"name\":\"Rosana CL\",\"description\":\"Somos tu interior\",\"potentialAction\":[{\"@type\":\"SearchAction\",\"target\":{\"@type\":\"EntryPoint\",\"urlTemplate\":\"https:\\\/\\\/rosanacl.com\\\/ca\\\/?s={search_term_string}\"},\"query-input\":{\"@type\":\"PropertyValueSpecification\",\"valueRequired\":true,\"valueName\":\"search_term_string\"}}],\"inLanguage\":\"da-DK\"}]}<\/script>\n<!-- \/ Yoast SEO plugin. -->","yoast_head_json":{"title":"Braga Selene Katia - Rosana CL","robots":{"index":"index","follow":"follow","max-snippet":"max-snippet:-1","max-image-preview":"max-image-preview:large","max-video-preview":"max-video-preview:-1"},"canonical":"https:\/\/rosanacl.com\/da\/vare\/braga-selene-katia\/","og_locale":"da_DK","og_type":"article","og_title":"Braga Selene Katia - Rosana CL","og_description":"Braga Selene Katia: una braga elegante y c\u00f3moda, pensada para realzar la silueta con un acabado fino y femenino. Su tejido combina tul y detalle de fantas\u00eda en la parte delantera, aportando un toque sofisticado sin renunciar al confort del d\u00eda a d\u00eda. Sienta suave sobre la piel, se adapta bien al cuerpo y queda [&hellip;]","og_url":"https:\/\/rosanacl.com\/da\/vare\/braga-selene-katia\/","og_site_name":"Rosana CL","article_modified_time":"2026-01-08T02:06:28+00:00","og_image":[{"width":1024,"height":1024,"url":"https:\/\/rosanacl.com\/wp-content\/uploads\/2025\/08\/1-6-1024x1024.png","type":"image\/png"}],"twitter_card":"summary_large_image","twitter_misc":{"Estimeret l\u00e6setid":"2 minutter"},"schema":{"@context":"https:\/\/schema.org","@graph":[{"@type":"WebPage","@id":"https:\/\/rosanacl.com\/producto\/braga-selene-katia\/","url":"https:\/\/rosanacl.com\/producto\/braga-selene-katia\/","name":"Braga Selene Katia - Rosana CL","isPartOf":{"@id":"https:\/\/rosanacl.com\/ca\/#website"},"primaryImageOfPage":{"@id":"https:\/\/rosanacl.com\/producto\/braga-selene-katia\/#primaryimage"},"image":{"@id":"https:\/\/rosanacl.com\/producto\/braga-selene-katia\/#primaryimage"},"thumbnailUrl":"https:\/\/rosanacl.com\/wp-content\/uploads\/2025\/08\/1-6.png","datePublished":"2025-08-19T07:11:06+00:00","dateModified":"2026-01-08T02:06:28+00:00","breadcrumb":{"@id":"https:\/\/rosanacl.com\/producto\/braga-selene-katia\/#breadcrumb"},"inLanguage":"da-DK","potentialAction":[{"@type":"ReadAction","target":["https:\/\/rosanacl.com\/producto\/braga-selene-katia\/"]}]},{"@type":"ImageObject","inLanguage":"da-DK","@id":"https:\/\/rosanacl.com\/producto\/braga-selene-katia\/#primaryimage","url":"https:\/\/rosanacl.com\/wp-content\/uploads\/2025\/08\/1-6.png","contentUrl":"https:\/\/rosanacl.com\/wp-content\/uploads\/2025\/08\/1-6.png","width":1333,"height":1333},{"@type":"BreadcrumbList","@id":"https:\/\/rosanacl.com\/producto\/braga-selene-katia\/#breadcrumb","itemListElement":[{"@type":"ListItem","position":1,"name":"Portada","item":"https:\/\/rosanacl.com\/ca\/"},{"@type":"ListItem","position":2,"name":"Tienda","item":"https:\/\/rosanacl.com\/ca\/tienda\/"},{"@type":"ListItem","position":3,"name":"Braga Selene Katia"}]},{"@type":"WebSite","@id":"https:\/\/rosanacl.com\/ca\/#website","url":"https:\/\/rosanacl.com\/ca\/","name":"Rosana CL","description":"Vi er dit interi\u00f8r","potentialAction":[{"@type":"SearchAction","target":{"@type":"EntryPoint","urlTemplate":"https:\/\/rosanacl.com\/ca\/?s={search_term_string}"},"query-input":{"@type":"PropertyValueSpecification","valueRequired":true,"valueName":"search_term_string"}}],"inLanguage":"da-DK"}]}},"_links":{"self":[{"href":"https:\/\/rosanacl.com\/da\/wp-json\/wp\/v2\/product\/3424","targetHints":{"allow":["GET"]}}],"collection":[{"href":"https:\/\/rosanacl.com\/da\/wp-json\/wp\/v2\/product"}],"about":[{"href":"https:\/\/rosanacl.com\/da\/wp-json\/wp\/v2\/types\/product"}],"replies":[{"embeddable":true,"href":"https:\/\/rosanacl.com\/da\/wp-json\/wp\/v2\/comments?post=3424"}],"version-history":[{"count":5,"href":"https:\/\/rosanacl.com\/da\/wp-json\/wp\/v2\/product\/3424\/revisions"}],"predecessor-version":[{"id":4633,"href":"https:\/\/rosanacl.com\/da\/wp-json\/wp\/v2\/product\/3424\/revisions\/4633"}],"wp:featuredmedia":[{"embeddable":true,"href":"https:\/\/rosanacl.com\/da\/wp-json\/wp\/v2\/media\/3441"}],"wp:attachment":[{"href":"https:\/\/rosanacl.com\/da\/wp-json\/wp\/v2\/media?parent=3424"}],"wp:term":[{"taxonomy":"product_brand","embeddable":true,"href":"https:\/\/rosanacl.com\/da\/wp-json\/wp\/v2\/product_brand?post=3424"},{"taxonomy":"product_cat","embeddable":true,"href":"https:\/\/rosanacl.com\/da\/wp-json\/wp\/v2\/product_cat?post=3424"},{"taxonomy":"product_tag","embeddable":true,"href":"https:\/\/rosanacl.com\/da\/wp-json\/wp\/v2\/product_tag?post=3424"}],"curies":[{"name":"wp","href":"https:\/\/api.w.org\/{rel}","templated":true}]}}