{"id":3476,"date":"2025-08-19T09:29:50","date_gmt":"2025-08-19T07:29:50","guid":{"rendered":"https:\/\/rosanacl.com\/?post_type=product&#038;p=3476"},"modified":"2026-01-08T03:08:43","modified_gmt":"2026-01-08T02:08:43","slug":"braga-selene-brasilena-3121","status":"publish","type":"product","link":"https:\/\/rosanacl.com\/da\/vare\/braga-selene-brasilena-3121\/","title":{"rendered":"Brasilianske trusser Selene 3121"},"content":{"rendered":"<p>Selene Brazilian Brief 3121 er en mini-trusse i brasiliansk stil, der er designet til at fremh\u00e6ve din figur med en feminin, elegant og meget flatterende finish. Kombinationen af delikat blonde og bl\u00f8d tyl skaber et sofistikeret look, der er ideelt til at f\u00f8le sig komfortabel og smuk hele dagen lang.<\/p>\n<p>Dens brasilianske snit skaber en mere str\u00f8mlinet silhuet bagp\u00e5, mens stoffet falder bl\u00f8dt og g\u00f8r den behagelig at have p\u00e5 hver dag. Det er det perfekte stykke t\u00f8j, hvis du leder efter den perfekte balance mellem underspillet sensualitet og komfort.<\/p>\n<p>Detaljer du vil elske<\/p>\n<ul>\n<li>Brasiliansk mini-stil: fremh\u00e6ver silhuetten og er meget flatterende.<\/li>\n<li>Blonde + elegant tyl: fin og meget feminin finish.<\/li>\n<li>Bl\u00f8d og behagelig pasform: designet til hverdagsbrug.<\/li>\n<li>Rent look under t\u00f8jet: ideelt til t\u00e6tsiddende outfits.<\/li>\n<li>Den matcher dit outfit: perfekt at have p\u00e5 med Selene Laia bh&#039;en.<\/li>\n<\/ul>\n<p>\ud83d\udde3\ufe0f Tip: I den brasilianske 3121 ligger sk\u00f8nheden i det &quot;usynlige&quot;: tyllen former sig som en anden hud, og blonden ligger fladt, s\u00e5 det brasilianske snit fremh\u00e6ves lige pr\u00e6cis nok uden at genere dig i l\u00f8bet af dagen.<\/p>\n<p>\ud83d\udccf Bem\u00e6rk: Tjek dit hoftem\u00e5l, f\u00f8r du k\u00f8ber: Hvis du foretr\u00e6kker en strammere pasform, s\u00e5 v\u00e6lg din s\u00e6dvanlige st\u00f8rrelse; hvis du er mellem to st\u00f8rrelser eller foretr\u00e6kker en bl\u00f8dere kant (uden at efterlade m\u00e6rker), s\u00e5 g\u00e5 en st\u00f8rrelse op.<\/p>\n<p>Sammens\u00e6tning: 85% polyamid, 15% elastan. (Intimomr\u00e5de: bomuld).<\/p>\n<p>\ud83d\udda4 Sensuel minimalisme: komfortabel, smuk og flatterende.<\/p>\n<div id=\"v1ms-outlook-mobile-body-separator-line\" dir=\"auto\"><\/div>","protected":false},"excerpt":{"rendered":"<p>La Braga Selene Brasile\u00f1a 3121 es una braga mini de estilo brasile\u00f1a pensada para realzar la figura con un acabado femenino, elegante y muy favorecedor. Su combinaci\u00f3n de encaje delicado y tul suave crea un look sofisticado, ideal para sentirte c\u00f3moda y guapa durante todo el d\u00eda. Su corte brasile\u00f1o aporta un efecto visual m\u00e1s [&hellip;]<\/p>\n","protected":false},"featured_media":3493,"comment_status":"closed","ping_status":"closed","template":"","meta":{"content-type":""},"product_brand":[55],"product_cat":[19],"product_tag":[69],"class_list":{"0":"post-3476","1":"product","2":"type-product","3":"status-publish","4":"has-post-thumbnail","6":"product_brand-selene","7":"product_cat-braga","8":"product_tag-braga","10":"first","11":"instock","12":"taxable","13":"shipping-taxable","14":"purchasable","15":"product-type-variable"},"supplier_id":null,"supplier_sku":"","barcode":null,"atum_controlled":true,"out_stock_date":null,"out_stock_threshold":null,"inheritable":true,"inbound_stock":0,"stock_on_hold":0,"sold_today":null,"sales_last_days":null,"reserved_stock":0,"customer_returns":0,"warehouse_damage":0,"lost_in_post":0,"other_logs":0,"out_stock_days":null,"lost_sales":null,"has_location":false,"update_date":"2026-01-08T02:08:44","atum_locations":[],"atum_stock_status":"instock","restock_status":false,"low_stock_amount":"","sales_update_date":"2025-10-03T04:55:32","calc_backorders":null,"yoast_head":"<!-- This site is optimized with the Yoast SEO plugin v27.4 - https:\/\/yoast.com\/product\/yoast-seo-wordpress\/ -->\n<title>Braga Brasile\u00f1a Selene 3121 - Rosana CL<\/title>\n<meta name=\"robots\" content=\"index, follow, max-snippet:-1, max-image-preview:large, max-video-preview:-1\" \/>\n<link rel=\"canonical\" href=\"https:\/\/rosanacl.com\/da\/vare\/braga-selene-brasilena-3121\/\" \/>\n<meta property=\"og:locale\" content=\"da_DK\" \/>\n<meta property=\"og:type\" content=\"article\" \/>\n<meta property=\"og:title\" content=\"Braga Brasile\u00f1a Selene 3121 - Rosana CL\" \/>\n<meta property=\"og:description\" content=\"La Braga Selene Brasile\u00f1a 3121 es una braga mini de estilo brasile\u00f1a pensada para realzar la figura con un acabado femenino, elegante y muy favorecedor. Su combinaci\u00f3n de encaje delicado y tul suave crea un look sofisticado, ideal para sentirte c\u00f3moda y guapa durante todo el d\u00eda. Su corte brasile\u00f1o aporta un efecto visual m\u00e1s [&hellip;]\" \/>\n<meta property=\"og:url\" content=\"https:\/\/rosanacl.com\/da\/vare\/braga-selene-brasilena-3121\/\" \/>\n<meta property=\"og:site_name\" content=\"Rosana CL\" \/>\n<meta property=\"article:modified_time\" content=\"2026-01-08T02:08:43+00:00\" \/>\n<meta property=\"og:image\" content=\"https:\/\/rosanacl.com\/wp-content\/uploads\/2025\/08\/1-8.png\" \/>\n\t<meta property=\"og:image:width\" content=\"492\" \/>\n\t<meta property=\"og:image:height\" content=\"698\" \/>\n\t<meta property=\"og:image:type\" content=\"image\/png\" \/>\n<meta name=\"twitter:card\" content=\"summary_large_image\" \/>\n<meta name=\"twitter:label1\" content=\"Estimeret l\u00e6setid\" \/>\n\t<meta name=\"twitter:data1\" content=\"2 minutter\" \/>\n<script type=\"application\/ld+json\" class=\"yoast-schema-graph\">{\"@context\":\"https:\\\/\\\/schema.org\",\"@graph\":[{\"@type\":\"WebPage\",\"@id\":\"https:\\\/\\\/rosanacl.com\\\/producto\\\/braga-selene-brasilena-3121\\\/\",\"url\":\"https:\\\/\\\/rosanacl.com\\\/producto\\\/braga-selene-brasilena-3121\\\/\",\"name\":\"Braga Brasile\u00f1a Selene 3121 - Rosana CL\",\"isPartOf\":{\"@id\":\"https:\\\/\\\/rosanacl.com\\\/ca\\\/#website\"},\"primaryImageOfPage\":{\"@id\":\"https:\\\/\\\/rosanacl.com\\\/producto\\\/braga-selene-brasilena-3121\\\/#primaryimage\"},\"image\":{\"@id\":\"https:\\\/\\\/rosanacl.com\\\/producto\\\/braga-selene-brasilena-3121\\\/#primaryimage\"},\"thumbnailUrl\":\"https:\\\/\\\/rosanacl.com\\\/wp-content\\\/uploads\\\/2025\\\/08\\\/1-8.png\",\"datePublished\":\"2025-08-19T07:29:50+00:00\",\"dateModified\":\"2026-01-08T02:08:43+00:00\",\"breadcrumb\":{\"@id\":\"https:\\\/\\\/rosanacl.com\\\/producto\\\/braga-selene-brasilena-3121\\\/#breadcrumb\"},\"inLanguage\":\"da-DK\",\"potentialAction\":[{\"@type\":\"ReadAction\",\"target\":[\"https:\\\/\\\/rosanacl.com\\\/producto\\\/braga-selene-brasilena-3121\\\/\"]}]},{\"@type\":\"ImageObject\",\"inLanguage\":\"da-DK\",\"@id\":\"https:\\\/\\\/rosanacl.com\\\/producto\\\/braga-selene-brasilena-3121\\\/#primaryimage\",\"url\":\"https:\\\/\\\/rosanacl.com\\\/wp-content\\\/uploads\\\/2025\\\/08\\\/1-8.png\",\"contentUrl\":\"https:\\\/\\\/rosanacl.com\\\/wp-content\\\/uploads\\\/2025\\\/08\\\/1-8.png\",\"width\":492,\"height\":698},{\"@type\":\"BreadcrumbList\",\"@id\":\"https:\\\/\\\/rosanacl.com\\\/producto\\\/braga-selene-brasilena-3121\\\/#breadcrumb\",\"itemListElement\":[{\"@type\":\"ListItem\",\"position\":1,\"name\":\"Portada\",\"item\":\"https:\\\/\\\/rosanacl.com\\\/ca\\\/\"},{\"@type\":\"ListItem\",\"position\":2,\"name\":\"Tienda\",\"item\":\"https:\\\/\\\/rosanacl.com\\\/ca\\\/tienda\\\/\"},{\"@type\":\"ListItem\",\"position\":3,\"name\":\"Braga Brasile\u00f1a Selene 3121\"}]},{\"@type\":\"WebSite\",\"@id\":\"https:\\\/\\\/rosanacl.com\\\/ca\\\/#website\",\"url\":\"https:\\\/\\\/rosanacl.com\\\/ca\\\/\",\"name\":\"Rosana CL\",\"description\":\"Somos tu interior\",\"potentialAction\":[{\"@type\":\"SearchAction\",\"target\":{\"@type\":\"EntryPoint\",\"urlTemplate\":\"https:\\\/\\\/rosanacl.com\\\/ca\\\/?s={search_term_string}\"},\"query-input\":{\"@type\":\"PropertyValueSpecification\",\"valueRequired\":true,\"valueName\":\"search_term_string\"}}],\"inLanguage\":\"da-DK\"}]}<\/script>\n<!-- \/ Yoast SEO plugin. -->","yoast_head_json":{"title":"Braga Brasile\u00f1a Selene 3121 - Rosana CL","robots":{"index":"index","follow":"follow","max-snippet":"max-snippet:-1","max-image-preview":"max-image-preview:large","max-video-preview":"max-video-preview:-1"},"canonical":"https:\/\/rosanacl.com\/da\/vare\/braga-selene-brasilena-3121\/","og_locale":"da_DK","og_type":"article","og_title":"Braga Brasile\u00f1a Selene 3121 - Rosana CL","og_description":"La Braga Selene Brasile\u00f1a 3121 es una braga mini de estilo brasile\u00f1a pensada para realzar la figura con un acabado femenino, elegante y muy favorecedor. Su combinaci\u00f3n de encaje delicado y tul suave crea un look sofisticado, ideal para sentirte c\u00f3moda y guapa durante todo el d\u00eda. Su corte brasile\u00f1o aporta un efecto visual m\u00e1s [&hellip;]","og_url":"https:\/\/rosanacl.com\/da\/vare\/braga-selene-brasilena-3121\/","og_site_name":"Rosana CL","article_modified_time":"2026-01-08T02:08:43+00:00","og_image":[{"width":492,"height":698,"url":"https:\/\/rosanacl.com\/wp-content\/uploads\/2025\/08\/1-8.png","type":"image\/png"}],"twitter_card":"summary_large_image","twitter_misc":{"Estimeret l\u00e6setid":"2 minutter"},"schema":{"@context":"https:\/\/schema.org","@graph":[{"@type":"WebPage","@id":"https:\/\/rosanacl.com\/producto\/braga-selene-brasilena-3121\/","url":"https:\/\/rosanacl.com\/producto\/braga-selene-brasilena-3121\/","name":"Braga Brasile\u00f1a Selene 3121 - Rosana CL","isPartOf":{"@id":"https:\/\/rosanacl.com\/ca\/#website"},"primaryImageOfPage":{"@id":"https:\/\/rosanacl.com\/producto\/braga-selene-brasilena-3121\/#primaryimage"},"image":{"@id":"https:\/\/rosanacl.com\/producto\/braga-selene-brasilena-3121\/#primaryimage"},"thumbnailUrl":"https:\/\/rosanacl.com\/wp-content\/uploads\/2025\/08\/1-8.png","datePublished":"2025-08-19T07:29:50+00:00","dateModified":"2026-01-08T02:08:43+00:00","breadcrumb":{"@id":"https:\/\/rosanacl.com\/producto\/braga-selene-brasilena-3121\/#breadcrumb"},"inLanguage":"da-DK","potentialAction":[{"@type":"ReadAction","target":["https:\/\/rosanacl.com\/producto\/braga-selene-brasilena-3121\/"]}]},{"@type":"ImageObject","inLanguage":"da-DK","@id":"https:\/\/rosanacl.com\/producto\/braga-selene-brasilena-3121\/#primaryimage","url":"https:\/\/rosanacl.com\/wp-content\/uploads\/2025\/08\/1-8.png","contentUrl":"https:\/\/rosanacl.com\/wp-content\/uploads\/2025\/08\/1-8.png","width":492,"height":698},{"@type":"BreadcrumbList","@id":"https:\/\/rosanacl.com\/producto\/braga-selene-brasilena-3121\/#breadcrumb","itemListElement":[{"@type":"ListItem","position":1,"name":"Portada","item":"https:\/\/rosanacl.com\/ca\/"},{"@type":"ListItem","position":2,"name":"Tienda","item":"https:\/\/rosanacl.com\/ca\/tienda\/"},{"@type":"ListItem","position":3,"name":"Braga Brasile\u00f1a Selene 3121"}]},{"@type":"WebSite","@id":"https:\/\/rosanacl.com\/ca\/#website","url":"https:\/\/rosanacl.com\/ca\/","name":"Rosana CL","description":"Vi er dit interi\u00f8r","potentialAction":[{"@type":"SearchAction","target":{"@type":"EntryPoint","urlTemplate":"https:\/\/rosanacl.com\/ca\/?s={search_term_string}"},"query-input":{"@type":"PropertyValueSpecification","valueRequired":true,"valueName":"search_term_string"}}],"inLanguage":"da-DK"}]}},"_links":{"self":[{"href":"https:\/\/rosanacl.com\/da\/wp-json\/wp\/v2\/product\/3476","targetHints":{"allow":["GET"]}}],"collection":[{"href":"https:\/\/rosanacl.com\/da\/wp-json\/wp\/v2\/product"}],"about":[{"href":"https:\/\/rosanacl.com\/da\/wp-json\/wp\/v2\/types\/product"}],"replies":[{"embeddable":true,"href":"https:\/\/rosanacl.com\/da\/wp-json\/wp\/v2\/comments?post=3476"}],"version-history":[{"count":5,"href":"https:\/\/rosanacl.com\/da\/wp-json\/wp\/v2\/product\/3476\/revisions"}],"predecessor-version":[{"id":4635,"href":"https:\/\/rosanacl.com\/da\/wp-json\/wp\/v2\/product\/3476\/revisions\/4635"}],"wp:featuredmedia":[{"embeddable":true,"href":"https:\/\/rosanacl.com\/da\/wp-json\/wp\/v2\/media\/3493"}],"wp:attachment":[{"href":"https:\/\/rosanacl.com\/da\/wp-json\/wp\/v2\/media?parent=3476"}],"wp:term":[{"taxonomy":"product_brand","embeddable":true,"href":"https:\/\/rosanacl.com\/da\/wp-json\/wp\/v2\/product_brand?post=3476"},{"taxonomy":"product_cat","embeddable":true,"href":"https:\/\/rosanacl.com\/da\/wp-json\/wp\/v2\/product_cat?post=3476"},{"taxonomy":"product_tag","embeddable":true,"href":"https:\/\/rosanacl.com\/da\/wp-json\/wp\/v2\/product_tag?post=3476"}],"curies":[{"name":"wp","href":"https:\/\/api.w.org\/{rel}","templated":true}]}}