{"id":353,"date":"2025-04-29T14:25:52","date_gmt":"2025-04-29T12:25:52","guid":{"rendered":"https:\/\/rosanacl.com\/?post_type=product&#038;p=353"},"modified":"2026-01-07T22:01:53","modified_gmt":"2026-01-07T21:01:53","slug":"sujetador-modelo-zafiro","status":"publish","type":"product","link":"https:\/\/rosanacl.com\/da\/vare\/sujetador-modelo-zafiro\/","title":{"rendered":"Selene Safir Bh"},"content":{"rendered":"<p>Der findes bekl\u00e6dningsgenstande, der ikke siger en lyd ... men som forandrer din dag. Zafiro er designet til, n\u00e5r du vil se up\u00e5klagelig ud uden anstrengelse: st\u00f8ttende b\u00f8jler, bl\u00f8d mikrofiber og en ren finish, der smelter problemfrit sammen under t\u00f8jet, som var det en del af dig.<\/p>\n<p>Dens s\u00e6rlige pr\u00e6g ligger i balancen: fasthed og lethed, med et ydre lag af tyl, der tilf\u00f8jer et elegant, subtilt og feminint pr\u00e6g. Ideel, hvis du leder efter en hverdags-bh ... med et boutique-look.<\/p>\n<p>Detaljer der skiller sig ud<\/p>\n<ul>\n<li>B\u00f8jler, der samler og fremh\u00e6ver uden at overdrive.<\/li>\n<li>Bl\u00f8d og elastisk mikrofiber, der f\u00f8les som en &quot;anden hud&quot;\u00ab<\/li>\n<li>Delikat yderstof i tyl for en finere og mere elegant effekt.<\/li>\n<li>Stabil og stabil st\u00f8tte hele dagen lang.<\/li>\n<li>Diskret finish under t-shirts og t\u00e6tsiddende bekl\u00e6dningsgenstande.<\/li>\n<\/ul>\n<p>\ud83d\udde3\ufe0f Tip: Hvis du leder efter den der &quot;alt ser renere ud&quot;-effekt uden at f\u00f8les klodset, er Zafiro ideel: den holder og st\u00f8tter, efterlader silhuetten mere poleret, og tyllen giver den det delikate touch, som du kun bem\u00e6rker, n\u00e5r du kigger i spejlet.<\/p>\n<p>\ud83d\udccf Bem\u00e6rk: For at f\u00e5 det rigtigt f\u00f8rste gang, skal du v\u00e6lge din st\u00f8rrelse baseret p\u00e5 din foretrukne f\u00f8lelse: Hvis du foretr\u00e6kker en t\u00e6tsiddende, st\u00f8ttende pasform, skal du prioritere b\u00e5ndst\u00f8rrelsen; hvis du foretr\u00e6kker en bl\u00f8dere pasform, skal du prioritere brystst\u00f8rrelsen. Og hvis du er mellem st\u00f8rrelser, skal du v\u00e6lge den, der giver dig mulighed for at tr\u00e6kke vejret behageligt uden at b\u00e5ndet flytter sig.<\/p>\n<p>Sammens\u00e6tning: 82% polyamid, 18% elastan.<\/p>\n<p>\ud83e\udd8b Til n\u00e5r du vil se godt ud uden at t\u00e6nke over det.<\/p>","protected":false},"excerpt":{"rendered":"<p>Hay prendas que no hacen ruido&#8230; pero cambian el d\u00eda. Zafiro est\u00e1 pensado para cuando quieres verte impecable sin esforzarte: aros que sujetan, microfibra suave y un acabado limpio que se integra bajo la ropa como si fuera parte de ti. Su toque especial est\u00e1 en el equilibrio: firmeza y ligereza, con una capa exterior [&hellip;]<\/p>\n","protected":false},"featured_media":1474,"comment_status":"open","ping_status":"closed","template":"","meta":{"content-type":""},"product_brand":[55],"product_cat":[80,24,20],"product_tag":[57,56],"class_list":{"0":"post-353","1":"product","2":"type-product","3":"status-publish","4":"has-post-thumbnail","6":"product_brand-selene","7":"product_cat-con-aros-sin-relleno","8":"product_cat-sin-relleno","9":"product_cat-sujetador","10":"product_tag-sin-relleno","11":"product_tag-sujetador","13":"first","14":"instock","15":"taxable","16":"shipping-taxable","17":"purchasable","18":"product-type-variable"},"supplier_id":null,"supplier_sku":"","barcode":null,"atum_controlled":true,"out_stock_date":null,"out_stock_threshold":null,"inheritable":true,"inbound_stock":0,"stock_on_hold":0,"sold_today":0,"sales_last_days":0,"reserved_stock":0,"customer_returns":0,"warehouse_damage":0,"lost_in_post":0,"other_logs":0,"out_stock_days":0,"lost_sales":0,"has_location":false,"update_date":"2026-01-07T21:01:54","atum_locations":[],"atum_stock_status":"instock","restock_status":false,"low_stock_amount":"","sales_update_date":"2025-10-03T04:57:16","calc_backorders":null,"yoast_head":"<!-- This site is optimized with the Yoast SEO plugin v27.4 - https:\/\/yoast.com\/product\/yoast-seo-wordpress\/ -->\n<title>Sujetador Selene Zafiro - Rosana CL<\/title>\n<meta name=\"robots\" content=\"index, follow, max-snippet:-1, max-image-preview:large, max-video-preview:-1\" \/>\n<link rel=\"canonical\" href=\"https:\/\/rosanacl.com\/da\/vare\/sujetador-modelo-zafiro\/\" \/>\n<meta property=\"og:locale\" content=\"da_DK\" \/>\n<meta property=\"og:type\" content=\"article\" \/>\n<meta property=\"og:title\" content=\"Sujetador Selene Zafiro - Rosana CL\" \/>\n<meta property=\"og:description\" content=\"Hay prendas que no hacen ruido&#8230; pero cambian el d\u00eda. Zafiro est\u00e1 pensado para cuando quieres verte impecable sin esforzarte: aros que sujetan, microfibra suave y un acabado limpio que se integra bajo la ropa como si fuera parte de ti. Su toque especial est\u00e1 en el equilibrio: firmeza y ligereza, con una capa exterior [&hellip;]\" \/>\n<meta property=\"og:url\" content=\"https:\/\/rosanacl.com\/da\/vare\/sujetador-modelo-zafiro\/\" \/>\n<meta property=\"og:site_name\" content=\"Rosana CL\" \/>\n<meta property=\"article:modified_time\" content=\"2026-01-07T21:01:53+00:00\" \/>\n<meta property=\"og:image\" content=\"https:\/\/rosanacl.com\/wp-content\/uploads\/2025\/04\/Sujetador-modelo-Zafiro-000001.webp\" \/>\n\t<meta property=\"og:image:width\" content=\"1000\" \/>\n\t<meta property=\"og:image:height\" content=\"1000\" \/>\n\t<meta property=\"og:image:type\" content=\"image\/webp\" \/>\n<meta name=\"twitter:card\" content=\"summary_large_image\" \/>\n<meta name=\"twitter:label1\" content=\"Estimeret l\u00e6setid\" \/>\n\t<meta name=\"twitter:data1\" content=\"2 minutter\" \/>\n<script type=\"application\/ld+json\" class=\"yoast-schema-graph\">{\"@context\":\"https:\\\/\\\/schema.org\",\"@graph\":[{\"@type\":\"WebPage\",\"@id\":\"https:\\\/\\\/rosanacl.com\\\/producto\\\/sujetador-modelo-zafiro\\\/\",\"url\":\"https:\\\/\\\/rosanacl.com\\\/producto\\\/sujetador-modelo-zafiro\\\/\",\"name\":\"Sujetador Selene Zafiro - Rosana CL\",\"isPartOf\":{\"@id\":\"https:\\\/\\\/rosanacl.com\\\/ca\\\/#website\"},\"primaryImageOfPage\":{\"@id\":\"https:\\\/\\\/rosanacl.com\\\/producto\\\/sujetador-modelo-zafiro\\\/#primaryimage\"},\"image\":{\"@id\":\"https:\\\/\\\/rosanacl.com\\\/producto\\\/sujetador-modelo-zafiro\\\/#primaryimage\"},\"thumbnailUrl\":\"https:\\\/\\\/rosanacl.com\\\/wp-content\\\/uploads\\\/2025\\\/04\\\/Sujetador-modelo-Zafiro-000001.webp\",\"datePublished\":\"2025-04-29T12:25:52+00:00\",\"dateModified\":\"2026-01-07T21:01:53+00:00\",\"breadcrumb\":{\"@id\":\"https:\\\/\\\/rosanacl.com\\\/producto\\\/sujetador-modelo-zafiro\\\/#breadcrumb\"},\"inLanguage\":\"da-DK\",\"potentialAction\":[{\"@type\":\"ReadAction\",\"target\":[\"https:\\\/\\\/rosanacl.com\\\/producto\\\/sujetador-modelo-zafiro\\\/\"]}]},{\"@type\":\"ImageObject\",\"inLanguage\":\"da-DK\",\"@id\":\"https:\\\/\\\/rosanacl.com\\\/producto\\\/sujetador-modelo-zafiro\\\/#primaryimage\",\"url\":\"https:\\\/\\\/rosanacl.com\\\/wp-content\\\/uploads\\\/2025\\\/04\\\/Sujetador-modelo-Zafiro-000001.webp\",\"contentUrl\":\"https:\\\/\\\/rosanacl.com\\\/wp-content\\\/uploads\\\/2025\\\/04\\\/Sujetador-modelo-Zafiro-000001.webp\",\"width\":1000,\"height\":1000},{\"@type\":\"BreadcrumbList\",\"@id\":\"https:\\\/\\\/rosanacl.com\\\/producto\\\/sujetador-modelo-zafiro\\\/#breadcrumb\",\"itemListElement\":[{\"@type\":\"ListItem\",\"position\":1,\"name\":\"Portada\",\"item\":\"https:\\\/\\\/rosanacl.com\\\/ca\\\/\"},{\"@type\":\"ListItem\",\"position\":2,\"name\":\"Tienda\",\"item\":\"https:\\\/\\\/rosanacl.com\\\/ca\\\/tienda\\\/\"},{\"@type\":\"ListItem\",\"position\":3,\"name\":\"Sujetador Selene Zafiro\"}]},{\"@type\":\"WebSite\",\"@id\":\"https:\\\/\\\/rosanacl.com\\\/ca\\\/#website\",\"url\":\"https:\\\/\\\/rosanacl.com\\\/ca\\\/\",\"name\":\"Rosana CL\",\"description\":\"Somos tu interior\",\"potentialAction\":[{\"@type\":\"SearchAction\",\"target\":{\"@type\":\"EntryPoint\",\"urlTemplate\":\"https:\\\/\\\/rosanacl.com\\\/ca\\\/?s={search_term_string}\"},\"query-input\":{\"@type\":\"PropertyValueSpecification\",\"valueRequired\":true,\"valueName\":\"search_term_string\"}}],\"inLanguage\":\"da-DK\"}]}<\/script>\n<!-- \/ Yoast SEO plugin. -->","yoast_head_json":{"title":"Sujetador Selene Zafiro - Rosana CL","robots":{"index":"index","follow":"follow","max-snippet":"max-snippet:-1","max-image-preview":"max-image-preview:large","max-video-preview":"max-video-preview:-1"},"canonical":"https:\/\/rosanacl.com\/da\/vare\/sujetador-modelo-zafiro\/","og_locale":"da_DK","og_type":"article","og_title":"Sujetador Selene Zafiro - Rosana CL","og_description":"Hay prendas que no hacen ruido&#8230; pero cambian el d\u00eda. Zafiro est\u00e1 pensado para cuando quieres verte impecable sin esforzarte: aros que sujetan, microfibra suave y un acabado limpio que se integra bajo la ropa como si fuera parte de ti. Su toque especial est\u00e1 en el equilibrio: firmeza y ligereza, con una capa exterior [&hellip;]","og_url":"https:\/\/rosanacl.com\/da\/vare\/sujetador-modelo-zafiro\/","og_site_name":"Rosana CL","article_modified_time":"2026-01-07T21:01:53+00:00","og_image":[{"width":1000,"height":1000,"url":"https:\/\/rosanacl.com\/wp-content\/uploads\/2025\/04\/Sujetador-modelo-Zafiro-000001.webp","type":"image\/webp"}],"twitter_card":"summary_large_image","twitter_misc":{"Estimeret l\u00e6setid":"2 minutter"},"schema":{"@context":"https:\/\/schema.org","@graph":[{"@type":"WebPage","@id":"https:\/\/rosanacl.com\/producto\/sujetador-modelo-zafiro\/","url":"https:\/\/rosanacl.com\/producto\/sujetador-modelo-zafiro\/","name":"Sujetador Selene Zafiro - Rosana CL","isPartOf":{"@id":"https:\/\/rosanacl.com\/ca\/#website"},"primaryImageOfPage":{"@id":"https:\/\/rosanacl.com\/producto\/sujetador-modelo-zafiro\/#primaryimage"},"image":{"@id":"https:\/\/rosanacl.com\/producto\/sujetador-modelo-zafiro\/#primaryimage"},"thumbnailUrl":"https:\/\/rosanacl.com\/wp-content\/uploads\/2025\/04\/Sujetador-modelo-Zafiro-000001.webp","datePublished":"2025-04-29T12:25:52+00:00","dateModified":"2026-01-07T21:01:53+00:00","breadcrumb":{"@id":"https:\/\/rosanacl.com\/producto\/sujetador-modelo-zafiro\/#breadcrumb"},"inLanguage":"da-DK","potentialAction":[{"@type":"ReadAction","target":["https:\/\/rosanacl.com\/producto\/sujetador-modelo-zafiro\/"]}]},{"@type":"ImageObject","inLanguage":"da-DK","@id":"https:\/\/rosanacl.com\/producto\/sujetador-modelo-zafiro\/#primaryimage","url":"https:\/\/rosanacl.com\/wp-content\/uploads\/2025\/04\/Sujetador-modelo-Zafiro-000001.webp","contentUrl":"https:\/\/rosanacl.com\/wp-content\/uploads\/2025\/04\/Sujetador-modelo-Zafiro-000001.webp","width":1000,"height":1000},{"@type":"BreadcrumbList","@id":"https:\/\/rosanacl.com\/producto\/sujetador-modelo-zafiro\/#breadcrumb","itemListElement":[{"@type":"ListItem","position":1,"name":"Portada","item":"https:\/\/rosanacl.com\/ca\/"},{"@type":"ListItem","position":2,"name":"Tienda","item":"https:\/\/rosanacl.com\/ca\/tienda\/"},{"@type":"ListItem","position":3,"name":"Sujetador Selene Zafiro"}]},{"@type":"WebSite","@id":"https:\/\/rosanacl.com\/ca\/#website","url":"https:\/\/rosanacl.com\/ca\/","name":"Rosana CL","description":"Vi er dit interi\u00f8r","potentialAction":[{"@type":"SearchAction","target":{"@type":"EntryPoint","urlTemplate":"https:\/\/rosanacl.com\/ca\/?s={search_term_string}"},"query-input":{"@type":"PropertyValueSpecification","valueRequired":true,"valueName":"search_term_string"}}],"inLanguage":"da-DK"}]}},"_links":{"self":[{"href":"https:\/\/rosanacl.com\/da\/wp-json\/wp\/v2\/product\/353","targetHints":{"allow":["GET"]}}],"collection":[{"href":"https:\/\/rosanacl.com\/da\/wp-json\/wp\/v2\/product"}],"about":[{"href":"https:\/\/rosanacl.com\/da\/wp-json\/wp\/v2\/types\/product"}],"replies":[{"embeddable":true,"href":"https:\/\/rosanacl.com\/da\/wp-json\/wp\/v2\/comments?post=353"}],"version-history":[{"count":5,"href":"https:\/\/rosanacl.com\/da\/wp-json\/wp\/v2\/product\/353\/revisions"}],"predecessor-version":[{"id":4623,"href":"https:\/\/rosanacl.com\/da\/wp-json\/wp\/v2\/product\/353\/revisions\/4623"}],"wp:featuredmedia":[{"embeddable":true,"href":"https:\/\/rosanacl.com\/da\/wp-json\/wp\/v2\/media\/1474"}],"wp:attachment":[{"href":"https:\/\/rosanacl.com\/da\/wp-json\/wp\/v2\/media?parent=353"}],"wp:term":[{"taxonomy":"product_brand","embeddable":true,"href":"https:\/\/rosanacl.com\/da\/wp-json\/wp\/v2\/product_brand?post=353"},{"taxonomy":"product_cat","embeddable":true,"href":"https:\/\/rosanacl.com\/da\/wp-json\/wp\/v2\/product_cat?post=353"},{"taxonomy":"product_tag","embeddable":true,"href":"https:\/\/rosanacl.com\/da\/wp-json\/wp\/v2\/product_tag?post=353"}],"curies":[{"name":"wp","href":"https:\/\/api.w.org\/{rel}","templated":true}]}}