{"id":18,"date":"2025-03-28T16:03:06","date_gmt":"2025-03-28T19:03:06","guid":{"rendered":"https:\/\/innovacon.simplificandotuweb.com\/?page_id=18"},"modified":"2025-08-01T14:33:36","modified_gmt":"2025-08-01T12:33:36","slug":"aviso-legal","status":"publish","type":"page","link":"https:\/\/rosanacl.com\/de\/aviso-legal\/","title":{"rendered":"Rechtliche Hinweise"},"content":{"rendered":"<div data-elementor-type=\"wp-page\" data-elementor-id=\"18\" class=\"elementor elementor-18\" data-elementor-post-type=\"page\">\n\t\t\t\t<div class=\"elementor-element elementor-element-1f18319 e-flex e-con-boxed e-con e-parent\" data-id=\"1f18319\" data-element_type=\"container\" data-e-type=\"container\" data-settings=\"{&quot;background_background&quot;:&quot;classic&quot;}\">\n\t\t\t\t\t<div class=\"e-con-inner\">\n\t\t<div class=\"elementor-element elementor-element-c2acaab e-con-full e-flex e-con e-child\" data-id=\"c2acaab\" data-element_type=\"container\" data-e-type=\"container\">\n\t\t\t\t<div class=\"elementor-element elementor-element-6f29856 elementor-widget elementor-widget-heading\" data-id=\"6f29856\" data-element_type=\"widget\" data-e-type=\"widget\" data-widget_type=\"heading.default\">\n\t\t\t\t<div class=\"elementor-widget-container\">\n\t\t\t\t\t<h2 class=\"elementor-heading-title elementor-size-default\">Rechtliche Hinweise<\/h2>\t\t\t\t<\/div>\n\t\t\t\t<\/div>\n\t\t\t\t<\/div>\n\t\t\t\t\t<\/div>\n\t\t\t\t<\/div>\n\t\t<div class=\"elementor-element elementor-element-7b2ac5e6 e-flex e-con-boxed e-con e-parent\" data-id=\"7b2ac5e6\" data-element_type=\"container\" data-e-type=\"container\">\n\t\t\t\t\t<div class=\"e-con-inner\">\n\t\t\t\t<div class=\"elementor-element elementor-element-2e23d7df elementor-widget elementor-widget-text-editor\" data-id=\"2e23d7df\" data-element_type=\"widget\" data-e-type=\"widget\" data-widget_type=\"text-editor.default\">\n\t\t\t\t<div class=\"elementor-widget-container\">\n\t\t\t\t\t\t\t\t\t\n<p><strong>Verantwortlicher<\/strong><\/p>\n\n<p>In Erf\u00fcllung der Informationspflicht gem\u00e4\u00df Gesetz 34\/2002 vom 11. Juli \u00fcber Dienste der Informationsgesellschaft und elektronischen Handel informieren wir Sie, dass diese Website Eigentum von:<\/p>\n\n<ul class=\"wp-block-list\">\n<li>Unternehmen: Pablo Angulo Maspons<\/li>\n<li>Steuernummer: 73394866A<\/li>\n<li>Bev\u00f6lkerung: Vinaroz, Spanien<\/li>\n<li>Telefon: 613395013<\/li>\n<li>Mail: <a href=\"mailto:info@rosanacl.com\">info@rosanacl.com<\/a><a href=\"mailto:info@rosanacl.com\">\u00a0<\/a><\/li>\n<\/ul>\n\n<p><strong>Objekt<\/strong><\/p>\n\n<p>Der Verantwortliche stellt den Nutzern dieses Dokument zur Verf\u00fcgung, um die geltenden Datenschutzbestimmungen und den neuen Rechtsrahmen gem\u00e4\u00df der Verordnung (EU) 2016\/679 des Europ\u00e4ischen Parlaments und des Rates vom 27. April 2016 zum Schutz nat\u00fcrlicher Personen bei der Verarbeitung personenbezogener Daten, zum freien Datenverkehr (nachfolgend \u201eDSGVO\u201c) und den nationalen Datenschutzbestimmungen einzuhalten und alle Nutzer der Website \u00fcber deren Nutzungsbedingungen zu informieren. Jede Person, die diese Website nutzt, wird zum Nutzer und verpflichtet sich zur Einhaltung und strikten Befolgung der hierin enthaltenen Bestimmungen sowie aller anderen geltenden gesetzlichen Bestimmungen. Der Verantwortliche beh\u00e4lt sich das Recht vor, Informationen auf der Website zu \u00e4ndern, ohne die Nutzer hier\u00fcber zu informieren. Die Ver\u00f6ffentlichung auf der Website des Verantwortlichen gilt als ausreichend.<\/p>\n\n<p><strong>Verantwortung<\/strong><\/p>\n\n<p>Der Verantwortliche lehnt jegliche Haftung ab, die sich aus den auf seiner Website ver\u00f6ffentlichten Informationen ergibt, sofern diese Informationen von einem anderen Dritten als dem Verantwortlichen manipuliert oder eingegeben wurden.<\/p>\n\n<p><strong>IP-Adressen<\/strong><\/p>\n\n<p>Die Server der Website erkennen automatisch die vom Nutzer verwendete IP-Adresse und den Dom\u00e4nennamen. Eine IP-Adresse ist eine Nummer, die einem Computer automatisch zugewiesen wird, wenn er sich mit dem Internet verbindet. Alle diese Informationen werden in einem ordnungsgem\u00e4\u00df registrierten Serveraktivit\u00e4tsprotokoll aufgezeichnet. Dies erm\u00f6glicht eine sp\u00e4tere Verarbeitung der Daten zu rein statistischen Messungen wie der Anzahl der Seitenaufrufe, der Anzahl der Besuche auf den Webservern, der Reihenfolge der Besuche, dem Zugriffspunkt usw.<\/p>\n\n<p><strong>Link-Richtlinie<\/strong><\/p>\n\n<p>Von dieser Website aus k\u00f6nnen Sie auf Inhalte von Websites Dritter weitergeleitet werden. Da der Verantwortliche die von Dritten auf deren Websites ver\u00f6ffentlichten Inhalte nicht immer kontrollieren kann, \u00fcbernimmt er keine Verantwortung f\u00fcr diese Inhalte. Der Verantwortliche erkl\u00e4rt in jedem Fall, dass er alle Inhalte, die gegen nationale oder internationale Gesetze, die guten Sitten oder die \u00f6ffentliche Ordnung versto\u00dfen, unverz\u00fcglich entfernen und die Weiterleitung auf diese Website unverz\u00fcglich aufheben und die zust\u00e4ndigen Beh\u00f6rden \u00fcber die betreffenden Inhalte informieren wird. Der Verantwortliche ist nicht verantwortlich f\u00fcr die gespeicherten Informationen und Inhalte, insbesondere in Foren, Chats, Blog-Generatoren, Kommentaren, sozialen Netzwerken oder anderen Mitteln, die es Dritten erm\u00f6glichen, Inhalte unabh\u00e4ngig auf der Website des Verantwortlichen zu ver\u00f6ffentlichen. Gem\u00e4\u00df den Bestimmungen des Art. 11 und 16 des spanischen Gesetzes \u00fcber Dienste der Informationsgesellschaft (LSSICE) steht der Verantwortliche jedoch allen Nutzern, Beh\u00f6rden und Sicherheitskr\u00e4ften zur Verf\u00fcgung und wirkt aktiv an der Entfernung oder gegebenenfalls Sperrung aller Inhalte mit, die nationale oder internationale Gesetze, Rechte Dritter oder die guten Sitten und die \u00f6ffentliche Ordnung beeintr\u00e4chtigen oder verletzen k\u00f6nnten. Sollte der Nutzer der Meinung sein, dass die Website Inhalte enth\u00e4lt, die als solche eingestuft werden k\u00f6nnten, benachrichtigen Sie bitte umgehend den Website-Administrator. Diese Website wurde \u00fcberpr\u00fcft und getestet, um einen ordnungsgem\u00e4\u00dfen Betrieb zu gew\u00e4hrleisten. Ein ordnungsgem\u00e4\u00dfer Betrieb kann grunds\u00e4tzlich 365 Tage im Jahr, 24 Stunden am Tag gew\u00e4hrleistet werden. Der Verantwortliche schlie\u00dft jedoch nicht aus, dass Programmierfehler auftreten oder dass diese durch h\u00f6here Gewalt, Naturkatastrophen, Streiks oder \u00e4hnliche Umst\u00e4nde verursacht werden, die den Zugriff auf die Website unm\u00f6glich machen.<\/p>\n\n<p><strong>Datenschutz<\/strong><\/p>\n\n<p>Der Verantwortliche verpflichtet sich ausdr\u00fccklich zur Einhaltung der geltenden Datenschutzbestimmungen und des neuen Rechtsrahmens, der durch die Bestimmungen der Verordnung (EU) 2016\/679 des Europ\u00e4ischen Parlaments und des Rates vom 27. April 2016 zum Schutz nat\u00fcrlicher Personen bei der Verarbeitung personenbezogener Daten, zum freien Datenverkehr (im Folgenden \u201eDSGVO\u201c) und die nationalen Datenschutzbestimmungen geschaffen wurde. Der Verantwortliche informiert Sie au\u00dferdem \u00fcber die Einhaltung des Gesetzes 34\/2002 vom 11. Juli \u00fcber Dienste der Informationsgesellschaft und elektronischen Handel und wird Sie jederzeit um Ihre Zustimmung zur Verarbeitung Ihrer Daten f\u00fcr kommerzielle Zwecke bitten.<\/p>\n\n<p><strong>Geistiges und gewerbliches Eigentum<\/strong><\/p>\n\n<p>Die Website, einschlie\u00dflich, aber nicht beschr\u00e4nkt auf ihre Programmierung, Bearbeitung, Zusammenstellung und andere f\u00fcr ihren Betrieb erforderliche Elemente, Designs, Logos, Texte und\/oder Grafiken, ist Eigentum des Verantwortlichen oder verf\u00fcgt gegebenenfalls \u00fcber eine Lizenz oder ausdr\u00fcckliche Genehmigung der Urheber. Alle Inhalte der Website sind durch die Bestimmungen zum geistigen und gewerblichen Eigentum gesch\u00fctzt. Unabh\u00e4ngig vom Verwendungszweck bedarf die vollst\u00e4ndige oder teilweise Vervielf\u00e4ltigung, Nutzung, Verwertung, Verbreitung und Vermarktung stets der vorherigen schriftlichen Genehmigung des Verantwortlichen. Jede nicht zuvor vom Verantwortlichen genehmigte Nutzung stellt einen schwerwiegenden Versto\u00df gegen die geistigen oder gewerblichen Eigentumsrechte des Urhebers dar. Designs, Logos, Texte und\/oder Grafiken, die nicht dem Verantwortlichen geh\u00f6ren und auf der Website erscheinen k\u00f6nnen, geh\u00f6ren ihren jeweiligen Eigent\u00fcmern, die f\u00fcr etwaige Streitigkeiten in Bezug auf diese verantwortlich sind. Der Verantwortliche verf\u00fcgt in jedem Fall \u00fcber dessen ausdr\u00fcckliche vorherige Genehmigung. Der Verantwortliche erm\u00e4chtigt Dritte ausdr\u00fccklich, direkt auf bestimmte Inhalte der Website umzuleiten. In jedem Fall m\u00fcssen diese auf die Homepage des Verantwortlichen umleiten. Der Verantwortliche erkennt die entsprechenden geistigen und gewerblichen Eigentumsrechte zugunsten ihrer Inhaber an. Ihre blo\u00dfe Erw\u00e4hnung oder ihr Erscheinen auf der Website impliziert weder das Bestehen von Rechten oder die Verantwortung des Verantwortlichen f\u00fcr diese Rechte noch deren Unterst\u00fctzung, F\u00f6rderung oder Empfehlung. Bei allen Bildern, sofern die Designsoftware dies zul\u00e4sst, sind die entsprechenden Hinweise auf die Urheberschaft und die entsprechende Lizenz enthalten. Hinweise zu m\u00f6glichen Verletzungen geistiger oder gewerblicher Eigentumsrechte sowie zu den Inhalten der Website k\u00f6nnen Sie uns per E-Mail an folgende Adresse senden: <a href=\"mailto:info@rosanacl.com\">info@rosanacl.com<\/a><\/p>\n\n<p>\u00a0<\/p>\n\t\t\t\t\t\t\t\t<\/div>\n\t\t\t\t<\/div>\n\t\t\t\t\t<\/div>\n\t\t\t\t<\/div>\n\t\t\t\t<\/div>","protected":false},"excerpt":{"rendered":"<p>Responsable del tratamiento de los datos En cumplimiento del deber de informaci\u00f3n que establece la Ley La 34\/2002, de 11 de julio, de Servicios de la Sociedad de la Informaci\u00f3n y del Comercio Electr\u00f3nico, le comunicamos que esta web es titularidad de: Objeto El Responsable pone a disposici\u00f3n de los usuarios este documento con el [&hellip;]<\/p>\n","protected":false},"author":1,"featured_media":0,"parent":0,"menu_order":0,"comment_status":"closed","ping_status":"closed","template":"","meta":{"content-type":"","footnotes":""},"class_list":["post-18","page","type-page","status-publish","hentry"],"yoast_head":"<!-- This site is optimized with the Yoast SEO plugin v27.4 - https:\/\/yoast.com\/product\/yoast-seo-wordpress\/ -->\n<title>Aviso Legal - Rosana CL<\/title>\n<meta name=\"robots\" content=\"index, follow, max-snippet:-1, max-image-preview:large, max-video-preview:-1\" \/>\n<link rel=\"canonical\" href=\"https:\/\/rosanacl.com\/de\/aviso-legal\/\" \/>\n<meta property=\"og:locale\" content=\"de_DE\" \/>\n<meta property=\"og:type\" content=\"article\" \/>\n<meta property=\"og:title\" content=\"Aviso Legal - Rosana CL\" \/>\n<meta property=\"og:description\" content=\"Responsable del tratamiento de los datos En cumplimiento del deber de informaci\u00f3n que establece la Ley La 34\/2002, de 11 de julio, de Servicios de la Sociedad de la Informaci\u00f3n y del Comercio Electr\u00f3nico, le comunicamos que esta web es titularidad de: Objeto El Responsable pone a disposici\u00f3n de los usuarios este documento con el [&hellip;]\" \/>\n<meta property=\"og:url\" content=\"https:\/\/rosanacl.com\/de\/aviso-legal\/\" \/>\n<meta property=\"og:site_name\" content=\"Rosana CL\" \/>\n<meta property=\"article:modified_time\" content=\"2025-08-01T12:33:36+00:00\" \/>\n<meta name=\"twitter:card\" content=\"summary_large_image\" \/>\n<meta name=\"twitter:label1\" content=\"Gesch\u00e4tzte Lesezeit\" \/>\n\t<meta name=\"twitter:data1\" content=\"6\u00a0Minuten\" \/>\n<script type=\"application\/ld+json\" class=\"yoast-schema-graph\">{\"@context\":\"https:\\\/\\\/schema.org\",\"@graph\":[{\"@type\":\"WebPage\",\"@id\":\"https:\\\/\\\/rosanacl.com\\\/aviso-legal\\\/\",\"url\":\"https:\\\/\\\/rosanacl.com\\\/aviso-legal\\\/\",\"name\":\"Aviso Legal - Rosana CL\",\"isPartOf\":{\"@id\":\"https:\\\/\\\/rosanacl.com\\\/ca\\\/#website\"},\"datePublished\":\"2025-03-28T19:03:06+00:00\",\"dateModified\":\"2025-08-01T12:33:36+00:00\",\"breadcrumb\":{\"@id\":\"https:\\\/\\\/rosanacl.com\\\/aviso-legal\\\/#breadcrumb\"},\"inLanguage\":\"de\",\"potentialAction\":[{\"@type\":\"ReadAction\",\"target\":[\"https:\\\/\\\/rosanacl.com\\\/aviso-legal\\\/\"]}]},{\"@type\":\"BreadcrumbList\",\"@id\":\"https:\\\/\\\/rosanacl.com\\\/aviso-legal\\\/#breadcrumb\",\"itemListElement\":[{\"@type\":\"ListItem\",\"position\":1,\"name\":\"Portada\",\"item\":\"https:\\\/\\\/rosanacl.com\\\/ca\\\/\"},{\"@type\":\"ListItem\",\"position\":2,\"name\":\"Aviso Legal\"}]},{\"@type\":\"WebSite\",\"@id\":\"https:\\\/\\\/rosanacl.com\\\/ca\\\/#website\",\"url\":\"https:\\\/\\\/rosanacl.com\\\/ca\\\/\",\"name\":\"Rosana CL\",\"description\":\"Somos tu interior\",\"potentialAction\":[{\"@type\":\"SearchAction\",\"target\":{\"@type\":\"EntryPoint\",\"urlTemplate\":\"https:\\\/\\\/rosanacl.com\\\/ca\\\/?s={search_term_string}\"},\"query-input\":{\"@type\":\"PropertyValueSpecification\",\"valueRequired\":true,\"valueName\":\"search_term_string\"}}],\"inLanguage\":\"de\"}]}<\/script>\n<!-- \/ Yoast SEO plugin. -->","yoast_head_json":{"title":"Aviso Legal - Rosana CL","robots":{"index":"index","follow":"follow","max-snippet":"max-snippet:-1","max-image-preview":"max-image-preview:large","max-video-preview":"max-video-preview:-1"},"canonical":"https:\/\/rosanacl.com\/de\/aviso-legal\/","og_locale":"de_DE","og_type":"article","og_title":"Aviso Legal - Rosana CL","og_description":"Responsable del tratamiento de los datos En cumplimiento del deber de informaci\u00f3n que establece la Ley La 34\/2002, de 11 de julio, de Servicios de la Sociedad de la Informaci\u00f3n y del Comercio Electr\u00f3nico, le comunicamos que esta web es titularidad de: Objeto El Responsable pone a disposici\u00f3n de los usuarios este documento con el [&hellip;]","og_url":"https:\/\/rosanacl.com\/de\/aviso-legal\/","og_site_name":"Rosana CL","article_modified_time":"2025-08-01T12:33:36+00:00","twitter_card":"summary_large_image","twitter_misc":{"Gesch\u00e4tzte Lesezeit":"6\u00a0Minuten"},"schema":{"@context":"https:\/\/schema.org","@graph":[{"@type":"WebPage","@id":"https:\/\/rosanacl.com\/aviso-legal\/","url":"https:\/\/rosanacl.com\/aviso-legal\/","name":"Aviso Legal - Rosana CL","isPartOf":{"@id":"https:\/\/rosanacl.com\/ca\/#website"},"datePublished":"2025-03-28T19:03:06+00:00","dateModified":"2025-08-01T12:33:36+00:00","breadcrumb":{"@id":"https:\/\/rosanacl.com\/aviso-legal\/#breadcrumb"},"inLanguage":"de","potentialAction":[{"@type":"ReadAction","target":["https:\/\/rosanacl.com\/aviso-legal\/"]}]},{"@type":"BreadcrumbList","@id":"https:\/\/rosanacl.com\/aviso-legal\/#breadcrumb","itemListElement":[{"@type":"ListItem","position":1,"name":"Portada","item":"https:\/\/rosanacl.com\/ca\/"},{"@type":"ListItem","position":2,"name":"Aviso Legal"}]},{"@type":"WebSite","@id":"https:\/\/rosanacl.com\/ca\/#website","url":"https:\/\/rosanacl.com\/ca\/","name":"Rosana CL","description":"Wir sind Ihr Interieur","potentialAction":[{"@type":"SearchAction","target":{"@type":"EntryPoint","urlTemplate":"https:\/\/rosanacl.com\/ca\/?s={search_term_string}"},"query-input":{"@type":"PropertyValueSpecification","valueRequired":true,"valueName":"search_term_string"}}],"inLanguage":"de"}]}},"_links":{"self":[{"href":"https:\/\/rosanacl.com\/de\/wp-json\/wp\/v2\/pages\/18","targetHints":{"allow":["GET"]}}],"collection":[{"href":"https:\/\/rosanacl.com\/de\/wp-json\/wp\/v2\/pages"}],"about":[{"href":"https:\/\/rosanacl.com\/de\/wp-json\/wp\/v2\/types\/page"}],"author":[{"embeddable":true,"href":"https:\/\/rosanacl.com\/de\/wp-json\/wp\/v2\/users\/1"}],"replies":[{"embeddable":true,"href":"https:\/\/rosanacl.com\/de\/wp-json\/wp\/v2\/comments?post=18"}],"version-history":[{"count":0,"href":"https:\/\/rosanacl.com\/de\/wp-json\/wp\/v2\/pages\/18\/revisions"}],"wp:attachment":[{"href":"https:\/\/rosanacl.com\/de\/wp-json\/wp\/v2\/media?parent=18"}],"curies":[{"name":"wp","href":"https:\/\/api.w.org\/{rel}","templated":true}]}}