{"id":2566,"date":"2025-07-01T12:13:48","date_gmt":"2025-07-01T10:13:48","guid":{"rendered":"https:\/\/rosanacl.com\/?page_id=2566"},"modified":"2025-12-14T20:43:04","modified_gmt":"2025-12-14T19:43:04","slug":"politica-de-envio","status":"publish","type":"page","link":"https:\/\/rosanacl.com\/de\/politica-de-envio\/","title":{"rendered":"Versandbedingungen"},"content":{"rendered":"<div data-elementor-type=\"wp-page\" data-elementor-id=\"2566\" class=\"elementor elementor-2566\" data-elementor-post-type=\"page\">\n\t\t\t\t<div class=\"elementor-element elementor-element-7a0b207 e-flex e-con-boxed e-con e-parent\" data-id=\"7a0b207\" data-element_type=\"container\" data-e-type=\"container\" data-settings=\"{&quot;background_background&quot;:&quot;classic&quot;}\">\n\t\t\t\t\t<div class=\"e-con-inner\">\n\t\t<div class=\"elementor-element elementor-element-2fcf4bc e-con-full e-flex e-con e-child\" data-id=\"2fcf4bc\" data-element_type=\"container\" data-e-type=\"container\">\n\t\t\t\t<div class=\"elementor-element elementor-element-d10b990 elementor-widget elementor-widget-heading\" data-id=\"d10b990\" data-element_type=\"widget\" data-e-type=\"widget\" data-widget_type=\"heading.default\">\n\t\t\t\t<div class=\"elementor-widget-container\">\n\t\t\t\t\t<h2 class=\"elementor-heading-title elementor-size-default\">Versandbedingungen<\/h2>\t\t\t\t<\/div>\n\t\t\t\t<\/div>\n\t\t\t\t<\/div>\n\t\t\t\t\t<\/div>\n\t\t\t\t<\/div>\n\t\t<div class=\"elementor-element elementor-element-eca30f2 e-flex e-con-boxed e-con e-parent\" data-id=\"eca30f2\" data-element_type=\"container\" data-e-type=\"container\">\n\t\t\t\t\t<div class=\"e-con-inner\">\n\t\t\t\t<div class=\"elementor-element elementor-element-8328658 elementor-widget elementor-widget-text-editor\" data-id=\"8328658\" data-element_type=\"widget\" data-e-type=\"widget\" data-widget_type=\"text-editor.default\">\n\t\t\t\t<div class=\"elementor-widget-container\">\n\t\t\t\t\t\t\t\t\t<p>Diese Versandrichtlinie wurde zuletzt am 01.07.2025 aktualisiert und gilt f\u00fcr alle K\u00e4ufe, die \u00fcber unsere Website get\u00e4tigt werden: <a href=\"https:\/\/rosanacl.com\/de\/\">https:\/\/rosanacl.com\/<\/a><\/p>\n<p><!-- \/wp:paragraph --><!-- wp:paragraph --><\/p>\n<p data-start=\"261\" data-end=\"494\">In <strong data-start=\"264\" data-end=\"277\">Rosana CL<\/strong> Wir m\u00f6chten, dass Ihr Einkaufserlebnis vom ersten Moment an sicher, unkompliziert und zufriedenstellend ist. Im Folgenden erkl\u00e4ren wir Ihnen alles Wissenswerte \u00fcber unseren Versand:<\/p>\n<p data-start=\"105\" data-end=\"384\"><strong data-start=\"105\" data-end=\"131\">1. Weltweiter Versand<\/strong><br data-start=\"131\" data-end=\"134\">Wir versenden international in nahezu jedes Land. Egal, wo Sie sich befinden, Sie k\u00f6nnen Ihre Bestellung beruhigt aufgeben. Wir arbeiten mit zuverl\u00e4ssigen Logistikdienstleistern zusammen, um sicherzustellen, dass Ihre Produkte p\u00fcnktlich ankommen.<\/p>\n<p>Bei Rosana Cl bearbeiten wir jede Bestellung mit Sorgfalt und Professionalit\u00e4t. Deshalb arbeiten wir mit MBE (Mail Boxes Etc.) zusammen, einem Logistikunternehmen mit 2.800 Niederlassungen in 52 L\u00e4ndern. So k\u00f6nnen wir Ihnen einen sicheren und effizienten Versand im In- und Ausland anbieten. Ihre Bestellung wird von renommierten Versanddienstleistern zugestellt, darunter:<\/p>\n<ul>\n<li>USV<\/li>\n<li>SEUR<\/li>\n<li>TNT<\/li>\n<li>FEDEX<\/li>\n<li>CORREOS EXPRESS<\/li>\n<li>Usw\u2026<\/li>\n<\/ul>\n<p>Alle unsere Produkte werden sicher und schnell geliefert. Dies gew\u00e4hrleistet einen sorgf\u00e4ltigen und effizienten Versandprozess, der unseren Kunden ein optimales Einkaufserlebnis bietet.<\/p>\n<p data-start=\"105\" data-end=\"384\"><strong data-start=\"389\" data-end=\"417\">2. Bestellabwicklung<\/strong><\/p>\n<p>Alle Bestellungen werden bearbeitet, sobald die Zahlung best\u00e4tigt wurde.<br data-start=\"520\" data-end=\"523\"><strong data-start=\"523\" data-end=\"643\">Bei einer Bestellung am Vormittag erfolgt der Versand am Nachmittag, bei einer Bestellung am Nachmittag erfolgt der Versand am n\u00e4chsten Tag.<\/strong><br data-start=\"643\" data-end=\"646\">W\u00e4hrend Werbeaktionen, Schlussverk\u00e4ufen oder anderen besonderen Ereignissen kann die Bearbeitungszeit etwas l\u00e4nger sein, wir halten Sie jedoch immer auf dem Laufenden.<\/p>\n<p data-start=\"809\" data-end=\"1090\"><strong data-start=\"809\" data-end=\"845\">3. Sendungsnummer<\/strong><br data-start=\"845\" data-end=\"848\">Sobald Ihre Bestellung versandt wurde, senden wir Ihnen eine Sendungsverfolgungsnummer per E-Mail oder \u00fcber den Kommunikationskanal, den Sie beim Kauf verwendet haben.<br data-start=\"1014\" data-end=\"1017\">Bis zum Erhalt Ihrer Sendung k\u00f6nnen Sie den Status jederzeit verfolgen.<\/p>\n<p data-start=\"809\" data-end=\"1090\"><strong data-start=\"1095\" data-end=\"1127\">4. Voraussichtliche Lieferzeiten<\/strong><\/p>\n<p data-start=\"1095\" data-end=\"1291\">Die Lieferzeiten k\u00f6nnen je nach Zielland, gew\u00e4hlter Versandart und anderen externen Faktoren (Wetter, Zoll usw.) variieren. Zur Orientierung:<\/p>\n<ul data-start=\"1293\" data-end=\"1530\">\n<li data-start=\"1293\" data-end=\"1342\">\n<p data-start=\"1295\" data-end=\"1342\">Inlandsversand: <strong data-start=\"1314\" data-end=\"1340\">24 bis 48 Gesch\u00e4ftsstunden.<\/strong><\/p>\n<\/li>\n<li data-start=\"1343\" data-end=\"1434\">\n<p data-start=\"1345\" data-end=\"1434\">Internationaler Versand innerhalb Europas: <strong data-start=\"1386\" data-end=\"1408\">4 bis 6 Werktage<\/strong>, auf dem Land- oder Luftweg.<\/p>\n<\/li>\n<li data-start=\"1435\" data-end=\"1530\">\n<p data-start=\"1437\" data-end=\"1530\">Internationaler Versand au\u00dferhalb Europas (Rest der Welt): <strong data-start=\"1495\" data-end=\"1518\">8 bis 10 Werktage<\/strong>, Atemweg.<\/p>\n<\/li>\n<\/ul>\n<p>Der Versandservice beinhaltet zwei Zustellversuche am Tag oder am Folgetag. Sollte die Zustellung aufgrund fehlender oder falscher Angaben oder aufgrund der Abwesenheit des Empf\u00e4ngers nicht m\u00f6glich sein, erfolgt eine dritte Zustellung an eine nahegelegene Abholstelle.<\/p>\n<p>Wenn der Kunde das Produkt nicht innerhalb von 10 Tagen abholt, wird das Paket an das mit uns zusammenarbeitende Lager bei Rosana CL zur\u00fcckgeschickt, wobei die anfallenden Versand- und R\u00fccksendekosten abgezogen werden.&nbsp;<\/p>\n<p data-start=\"1437\" data-end=\"1530\"><strong>5. Versandkosten<\/strong><\/p>\n<p data-start=\"1535\" data-end=\"1779\">Die Versandkosten werden an der Kasse anhand der Lieferadresse und des Paketgewichts berechnet. Zu besonderen Anl\u00e4ssen bieten wir in bestimmte L\u00e4nder oder ab einem bestimmten Bestellwert kostenlosen Versand an.<\/p>\n<p data-start=\"1535\" data-end=\"1779\">Bei Bestellungen \u00fcber 59 \u20ac ist der Versand nur innerhalb des Festlands kostenlos.<\/p>\n<p data-start=\"1535\" data-end=\"1779\">Wenn die Bestellung verzollt werden muss, gehen etwaige zus\u00e4tzliche Steuern, Z\u00f6lle oder Geb\u00fchren zu Lasten des Kunden.&nbsp;<\/p>\n<p><strong data-start=\"1784\" data-end=\"1815\">6. Z\u00f6lle und lokale Steuern<\/strong><br data-start=\"1815\" data-end=\"1818\">Bei internationalen Sendungen k\u00f6nnen in einigen L\u00e4ndern Steuern oder Z\u00f6lle anfallen. Diese Geb\u00fchren gehen zu Lasten des Kunden und sind nicht im Produktpreis oder den Versandkosten enthalten.<\/p>\n<p data-start=\"1784\" data-end=\"2026\"><strong data-start=\"2031\" data-end=\"2059\">7. Probleme mit der Lieferung<\/strong><\/p>\n<p>Wenn sich Ihr Paket versp\u00e4tet oder Probleme aufweist, k\u00f6nnen Sie sich direkt an uns wenden und wir helfen Ihnen, das Problem so schnell wie m\u00f6glich zu l\u00f6sen.<\/p>\n<p>Wenn Sie Fragen haben oder Unterst\u00fctzung bei Ihrer Sendung ben\u00f6tigen, k\u00f6nnen Sie uns gerne \u00fcber unser Kontaktformular oder per E-Mail kontaktieren: &nbsp;<a href=\"mailto:info@rosanacl.com\">info@rosanacl.com<\/a><br data-start=\"2620\" data-end=\"2623\">Vielen Dank f\u00fcr Ihr Vertrauen <strong data-start=\"2646\" data-end=\"2659\">Rosana CL<\/strong>.<\/p>\n<h4><b>HINWEIS: Wir informieren unsere Kunden, dass es aufgrund der Urlaubszeit unseres Zulieferunternehmens im August zu Verz\u00f6gerungen bei Lieferungen und Lagerverf\u00fcgbarkeit kommen kann.<\/b><\/h4>\t\t\t\t\t\t\t\t<\/div>\n\t\t\t\t<\/div>\n\t\t\t\t\t<\/div>\n\t\t\t\t<\/div>\n\t\t\t\t<\/div>","protected":false},"excerpt":{"rendered":"<p>Esta pol\u00edtica de env\u00edos fue actualizada por \u00faltima vez el 01\/07\/2025 y se aplica a todas las compras realizadas a trav\u00e9s de nuestra web: https:\/\/rosanacl.com\/ En Rosana CL nos comprometemos a que tu experiencia de compra sea segura, clara y satisfactoria desde el primer momento hasta que recibas tu pedido. A continuaci\u00f3n, te explicamos todo [&hellip;]<\/p>\n","protected":false},"author":1,"featured_media":0,"parent":0,"menu_order":0,"comment_status":"closed","ping_status":"closed","template":"","meta":{"content-type":"","footnotes":""},"class_list":["post-2566","page","type-page","status-publish","hentry"],"yoast_head":"<!-- This site is optimized with the Yoast SEO plugin v27.4 - https:\/\/yoast.com\/product\/yoast-seo-wordpress\/ -->\n<title>Pol\u00edtica de Env\u00edo - Rosana CL<\/title>\n<meta name=\"robots\" content=\"index, follow, max-snippet:-1, max-image-preview:large, max-video-preview:-1\" \/>\n<link rel=\"canonical\" href=\"https:\/\/rosanacl.com\/de\/politica-de-envio\/\" \/>\n<meta property=\"og:locale\" content=\"de_DE\" \/>\n<meta property=\"og:type\" content=\"article\" \/>\n<meta property=\"og:title\" content=\"Pol\u00edtica de Env\u00edo - Rosana CL\" \/>\n<meta property=\"og:description\" content=\"Esta pol\u00edtica de env\u00edos fue actualizada por \u00faltima vez el 01\/07\/2025 y se aplica a todas las compras realizadas a trav\u00e9s de nuestra web: https:\/\/rosanacl.com\/ En Rosana CL nos comprometemos a que tu experiencia de compra sea segura, clara y satisfactoria desde el primer momento hasta que recibas tu pedido. A continuaci\u00f3n, te explicamos todo [&hellip;]\" \/>\n<meta property=\"og:url\" content=\"https:\/\/rosanacl.com\/de\/politica-de-envio\/\" \/>\n<meta property=\"og:site_name\" content=\"Rosana CL\" \/>\n<meta property=\"article:modified_time\" content=\"2025-12-14T19:43:04+00:00\" \/>\n<meta name=\"twitter:card\" content=\"summary_large_image\" \/>\n<meta name=\"twitter:label1\" content=\"Gesch\u00e4tzte Lesezeit\" \/>\n\t<meta name=\"twitter:data1\" content=\"4\u00a0Minuten\" \/>\n<script type=\"application\/ld+json\" class=\"yoast-schema-graph\">{\"@context\":\"https:\\\/\\\/schema.org\",\"@graph\":[{\"@type\":\"WebPage\",\"@id\":\"https:\\\/\\\/rosanacl.com\\\/uk\\\/politica-de-envio\\\/\",\"url\":\"https:\\\/\\\/rosanacl.com\\\/uk\\\/politica-de-envio\\\/\",\"name\":\"Pol\u00edtica de Env\u00edo - Rosana CL\",\"isPartOf\":{\"@id\":\"https:\\\/\\\/rosanacl.com\\\/ca\\\/#website\"},\"datePublished\":\"2025-07-01T10:13:48+00:00\",\"dateModified\":\"2025-12-14T19:43:04+00:00\",\"breadcrumb\":{\"@id\":\"https:\\\/\\\/rosanacl.com\\\/uk\\\/politica-de-envio\\\/#breadcrumb\"},\"inLanguage\":\"de\",\"potentialAction\":[{\"@type\":\"ReadAction\",\"target\":[\"https:\\\/\\\/rosanacl.com\\\/uk\\\/politica-de-envio\\\/\"]}]},{\"@type\":\"BreadcrumbList\",\"@id\":\"https:\\\/\\\/rosanacl.com\\\/uk\\\/politica-de-envio\\\/#breadcrumb\",\"itemListElement\":[{\"@type\":\"ListItem\",\"position\":1,\"name\":\"Portada\",\"item\":\"https:\\\/\\\/rosanacl.com\\\/ca\\\/\"},{\"@type\":\"ListItem\",\"position\":2,\"name\":\"Pol\u00edtica de Env\u00edo\"}]},{\"@type\":\"WebSite\",\"@id\":\"https:\\\/\\\/rosanacl.com\\\/ca\\\/#website\",\"url\":\"https:\\\/\\\/rosanacl.com\\\/ca\\\/\",\"name\":\"Rosana CL\",\"description\":\"Somos tu interior\",\"potentialAction\":[{\"@type\":\"SearchAction\",\"target\":{\"@type\":\"EntryPoint\",\"urlTemplate\":\"https:\\\/\\\/rosanacl.com\\\/ca\\\/?s={search_term_string}\"},\"query-input\":{\"@type\":\"PropertyValueSpecification\",\"valueRequired\":true,\"valueName\":\"search_term_string\"}}],\"inLanguage\":\"de\"}]}<\/script>\n<!-- \/ Yoast SEO plugin. -->","yoast_head_json":{"title":"Pol\u00edtica de Env\u00edo - Rosana CL","robots":{"index":"index","follow":"follow","max-snippet":"max-snippet:-1","max-image-preview":"max-image-preview:large","max-video-preview":"max-video-preview:-1"},"canonical":"https:\/\/rosanacl.com\/de\/politica-de-envio\/","og_locale":"de_DE","og_type":"article","og_title":"Pol\u00edtica de Env\u00edo - Rosana CL","og_description":"Esta pol\u00edtica de env\u00edos fue actualizada por \u00faltima vez el 01\/07\/2025 y se aplica a todas las compras realizadas a trav\u00e9s de nuestra web: https:\/\/rosanacl.com\/ En Rosana CL nos comprometemos a que tu experiencia de compra sea segura, clara y satisfactoria desde el primer momento hasta que recibas tu pedido. A continuaci\u00f3n, te explicamos todo [&hellip;]","og_url":"https:\/\/rosanacl.com\/de\/politica-de-envio\/","og_site_name":"Rosana CL","article_modified_time":"2025-12-14T19:43:04+00:00","twitter_card":"summary_large_image","twitter_misc":{"Gesch\u00e4tzte Lesezeit":"4\u00a0Minuten"},"schema":{"@context":"https:\/\/schema.org","@graph":[{"@type":"WebPage","@id":"https:\/\/rosanacl.com\/uk\/politica-de-envio\/","url":"https:\/\/rosanacl.com\/uk\/politica-de-envio\/","name":"Pol\u00edtica de Env\u00edo - Rosana CL","isPartOf":{"@id":"https:\/\/rosanacl.com\/ca\/#website"},"datePublished":"2025-07-01T10:13:48+00:00","dateModified":"2025-12-14T19:43:04+00:00","breadcrumb":{"@id":"https:\/\/rosanacl.com\/uk\/politica-de-envio\/#breadcrumb"},"inLanguage":"de","potentialAction":[{"@type":"ReadAction","target":["https:\/\/rosanacl.com\/uk\/politica-de-envio\/"]}]},{"@type":"BreadcrumbList","@id":"https:\/\/rosanacl.com\/uk\/politica-de-envio\/#breadcrumb","itemListElement":[{"@type":"ListItem","position":1,"name":"Portada","item":"https:\/\/rosanacl.com\/ca\/"},{"@type":"ListItem","position":2,"name":"Pol\u00edtica de Env\u00edo"}]},{"@type":"WebSite","@id":"https:\/\/rosanacl.com\/ca\/#website","url":"https:\/\/rosanacl.com\/ca\/","name":"Rosana CL","description":"Wir sind Ihr Interieur","potentialAction":[{"@type":"SearchAction","target":{"@type":"EntryPoint","urlTemplate":"https:\/\/rosanacl.com\/ca\/?s={search_term_string}"},"query-input":{"@type":"PropertyValueSpecification","valueRequired":true,"valueName":"search_term_string"}}],"inLanguage":"de"}]}},"_links":{"self":[{"href":"https:\/\/rosanacl.com\/de\/wp-json\/wp\/v2\/pages\/2566","targetHints":{"allow":["GET"]}}],"collection":[{"href":"https:\/\/rosanacl.com\/de\/wp-json\/wp\/v2\/pages"}],"about":[{"href":"https:\/\/rosanacl.com\/de\/wp-json\/wp\/v2\/types\/page"}],"author":[{"embeddable":true,"href":"https:\/\/rosanacl.com\/de\/wp-json\/wp\/v2\/users\/1"}],"replies":[{"embeddable":true,"href":"https:\/\/rosanacl.com\/de\/wp-json\/wp\/v2\/comments?post=2566"}],"version-history":[{"count":6,"href":"https:\/\/rosanacl.com\/de\/wp-json\/wp\/v2\/pages\/2566\/revisions"}],"predecessor-version":[{"id":4647,"href":"https:\/\/rosanacl.com\/de\/wp-json\/wp\/v2\/pages\/2566\/revisions\/4647"}],"wp:attachment":[{"href":"https:\/\/rosanacl.com\/de\/wp-json\/wp\/v2\/media?parent=2566"}],"curies":[{"name":"wp","href":"https:\/\/api.w.org\/{rel}","templated":true}]}}