{"id":483,"date":"2025-04-29T19:07:26","date_gmt":"2025-04-29T17:07:26","guid":{"rendered":"https:\/\/rosanacl.com\/?post_type=product&#038;p=483"},"modified":"2026-01-07T21:35:44","modified_gmt":"2026-01-07T20:35:44","slug":"sujetador-modelo-estela","status":"publish","type":"product","link":"https:\/\/rosanacl.com\/de\/produkt\/sujetador-modelo-estela\/","title":{"rendered":"Selene Estela Bra"},"content":{"rendered":"<p>Der BH Estela de Selene bietet h\u00f6chsten Tragekomfort: Er ist b\u00fcgellos und ungepolstert und formt die Brust sanft und gleichzeitig stabil. Die doppelte Lage aus Satin-Mikrofaser sorgt f\u00fcr ein makelloses Finish, f\u00fchlt sich wunderbar weich an und sieht elegant aus. Die T\u00fclldetails verleihen dem BH Leichtigkeit und feminine Eleganz, ohne aufdringlich zu wirken.<\/p>\n<p>Wenn Sie einen BH suchen, der Ihnen keine Probleme bereitet, an Ort und Stelle bleibt und Ihnen ein Gef\u00fchl von Halt gibt, ohne zu eng zu sein, ist Estela eines dieser Modelle, mit denen Sie auf Nummer sicher gehen k\u00f6nnen: Die Qualit\u00e4t ist sichtbar, er passt sich an und sorgt f\u00fcr eine nat\u00fcrliche und schmeichelhafte Silhouette.<\/p>\n<p>Was Ihnen an Estela gefallen wird<\/p>\n<ul>\n<li>Kabellos \/ ungepolstert: nat\u00fcrlich, komfortabel und sehr angenehm zu tragen.<\/li>\n<li>Doppeltes Satin-Mikrofaser: stabiler Halt mit feinem Tragegef\u00fchl.<\/li>\n<li>T\u00fclldetails: elegant und leicht, ohne dabei aufdringlich zu wirken.<\/li>\n<li>Eine Passform, die formt und st\u00fctzt, ohne einzuengen.<\/li>\n<li>Ideal f\u00fcr alle, die bequemen Halt und eine elegante Verarbeitung suchen.<\/li>\n<\/ul>\n<p>\ud83d\udde3\ufe0f Tipp: Wenn du einen BH suchst, der sich beim Anziehen angenehm anf\u00fchlt (weich, stabil und ohne Druckgef\u00fchl), dann ist der Estela genau das Richtige: Komfort und ein sicheres Gef\u00fchl. Probier ihn mit deinem d\u00fcnnsten T-Shirt aus und sp\u00fcre den Unterschied: Deine Br\u00fcste f\u00fchlen sich gest\u00fctzt an, deine Haltung ist sicherer und du wirst ihn gar nicht mehr zurechtr\u00fccken wollen.<\/p>\n<p>\ud83d\udccf Tipp: So finden Sie die richtige Gr\u00f6\u00dfe: Messen Sie Ihren Unterbrustumfang und achten Sie bei der Auswahl auf bequemen Halt (ohne einzuschneiden). Liegen Sie zwischen zwei Gr\u00f6\u00dfen, w\u00e4hlen Sie die, die gut sitzt, aber nicht zu eng ist. So bleibt die sch\u00f6ne Silhouette erhalten und unn\u00f6tige Umtausche werden vermieden.<\/p>\n<p>Zusammensetzung: 83% Polyamid, 17% Elastan.<\/p>\n<p>\ud83d\udddd\ufe0f Ihr Geheimnis f\u00fcr Wohlbefinden durch Achtsamkeit.<\/p>\n<div id=\"v1ms-outlook-mobile-body-separator-line\" dir=\"auto\"><\/div>\n<div id=\"v1ms-outlook-mobile-body-separator-line\" dir=\"auto\"><\/div>","protected":false},"excerpt":{"rendered":"<p>El Estela de Selene es una pieza de comodidad seria: sin aros y sin relleno, con una construcci\u00f3n pensada para recoger, sujetar y acompa\u00f1ar el pecho con una sensaci\u00f3n suave pero estable. La doble capa de microfibra satinada aporta ese acabado limpio que queda bonito al tacto y tambi\u00e9n a la vista, mientras el detalle [&hellip;]<\/p>\n","protected":false},"featured_media":1431,"comment_status":"open","ping_status":"closed","template":"","meta":{"content-type":""},"product_brand":[55],"product_cat":[25,20],"product_tag":[56,60],"class_list":{"0":"post-483","1":"product","2":"type-product","3":"status-publish","4":"has-post-thumbnail","6":"product_brand-selene","7":"product_cat-sin-aros","8":"product_cat-sujetador","9":"product_tag-sujetador","10":"product_tag-sujetador-sin-aros","12":"first","13":"instock","14":"taxable","15":"shipping-taxable","16":"purchasable","17":"product-type-variable"},"supplier_id":null,"supplier_sku":"","barcode":null,"atum_controlled":true,"out_stock_date":null,"out_stock_threshold":null,"inheritable":true,"inbound_stock":0,"stock_on_hold":0,"sold_today":0,"sales_last_days":0,"reserved_stock":0,"customer_returns":0,"warehouse_damage":0,"lost_in_post":0,"other_logs":0,"out_stock_days":0,"lost_sales":0,"has_location":false,"update_date":"2026-01-07T20:35:45","atum_locations":[],"atum_stock_status":"instock","restock_status":false,"low_stock_amount":"","sales_update_date":"2025-08-19T02:35:53","calc_backorders":null,"yoast_head":"<!-- This site is optimized with the Yoast SEO plugin v27.4 - https:\/\/yoast.com\/product\/yoast-seo-wordpress\/ -->\n<title>Sujetador Selene Estela - Rosana CL<\/title>\n<meta name=\"robots\" content=\"index, follow, max-snippet:-1, max-image-preview:large, max-video-preview:-1\" \/>\n<link rel=\"canonical\" href=\"https:\/\/rosanacl.com\/de\/produkt\/sujetador-modelo-estela\/\" \/>\n<meta property=\"og:locale\" content=\"de_DE\" \/>\n<meta property=\"og:type\" content=\"article\" \/>\n<meta property=\"og:title\" content=\"Sujetador Selene Estela - Rosana CL\" \/>\n<meta property=\"og:description\" content=\"El Estela de Selene es una pieza de comodidad seria: sin aros y sin relleno, con una construcci\u00f3n pensada para recoger, sujetar y acompa\u00f1ar el pecho con una sensaci\u00f3n suave pero estable. La doble capa de microfibra satinada aporta ese acabado limpio que queda bonito al tacto y tambi\u00e9n a la vista, mientras el detalle [&hellip;]\" \/>\n<meta property=\"og:url\" content=\"https:\/\/rosanacl.com\/de\/produkt\/sujetador-modelo-estela\/\" \/>\n<meta property=\"og:site_name\" content=\"Rosana CL\" \/>\n<meta property=\"article:modified_time\" content=\"2026-01-07T20:35:44+00:00\" \/>\n<meta property=\"og:image\" content=\"https:\/\/rosanacl.com\/wp-content\/uploads\/2025\/04\/Sujetador-Selene-modelo-Estela_000001.webp\" \/>\n\t<meta property=\"og:image:width\" content=\"1000\" \/>\n\t<meta property=\"og:image:height\" content=\"1000\" \/>\n\t<meta property=\"og:image:type\" content=\"image\/webp\" \/>\n<meta name=\"twitter:card\" content=\"summary_large_image\" \/>\n<meta name=\"twitter:label1\" content=\"Gesch\u00e4tzte Lesezeit\" \/>\n\t<meta name=\"twitter:data1\" content=\"2\u00a0Minuten\" \/>\n<script type=\"application\/ld+json\" class=\"yoast-schema-graph\">{\"@context\":\"https:\\\/\\\/schema.org\",\"@graph\":[{\"@type\":\"WebPage\",\"@id\":\"https:\\\/\\\/rosanacl.com\\\/producto\\\/sujetador-modelo-estela\\\/\",\"url\":\"https:\\\/\\\/rosanacl.com\\\/producto\\\/sujetador-modelo-estela\\\/\",\"name\":\"Sujetador Selene Estela - Rosana CL\",\"isPartOf\":{\"@id\":\"https:\\\/\\\/rosanacl.com\\\/ca\\\/#website\"},\"primaryImageOfPage\":{\"@id\":\"https:\\\/\\\/rosanacl.com\\\/producto\\\/sujetador-modelo-estela\\\/#primaryimage\"},\"image\":{\"@id\":\"https:\\\/\\\/rosanacl.com\\\/producto\\\/sujetador-modelo-estela\\\/#primaryimage\"},\"thumbnailUrl\":\"https:\\\/\\\/rosanacl.com\\\/wp-content\\\/uploads\\\/2025\\\/04\\\/Sujetador-Selene-modelo-Estela_000001.webp\",\"datePublished\":\"2025-04-29T17:07:26+00:00\",\"dateModified\":\"2026-01-07T20:35:44+00:00\",\"breadcrumb\":{\"@id\":\"https:\\\/\\\/rosanacl.com\\\/producto\\\/sujetador-modelo-estela\\\/#breadcrumb\"},\"inLanguage\":\"de\",\"potentialAction\":[{\"@type\":\"ReadAction\",\"target\":[\"https:\\\/\\\/rosanacl.com\\\/producto\\\/sujetador-modelo-estela\\\/\"]}]},{\"@type\":\"ImageObject\",\"inLanguage\":\"de\",\"@id\":\"https:\\\/\\\/rosanacl.com\\\/producto\\\/sujetador-modelo-estela\\\/#primaryimage\",\"url\":\"https:\\\/\\\/rosanacl.com\\\/wp-content\\\/uploads\\\/2025\\\/04\\\/Sujetador-Selene-modelo-Estela_000001.webp\",\"contentUrl\":\"https:\\\/\\\/rosanacl.com\\\/wp-content\\\/uploads\\\/2025\\\/04\\\/Sujetador-Selene-modelo-Estela_000001.webp\",\"width\":1000,\"height\":1000},{\"@type\":\"BreadcrumbList\",\"@id\":\"https:\\\/\\\/rosanacl.com\\\/producto\\\/sujetador-modelo-estela\\\/#breadcrumb\",\"itemListElement\":[{\"@type\":\"ListItem\",\"position\":1,\"name\":\"Portada\",\"item\":\"https:\\\/\\\/rosanacl.com\\\/ca\\\/\"},{\"@type\":\"ListItem\",\"position\":2,\"name\":\"Tienda\",\"item\":\"https:\\\/\\\/rosanacl.com\\\/ca\\\/tienda\\\/\"},{\"@type\":\"ListItem\",\"position\":3,\"name\":\"Sujetador Selene Estela\"}]},{\"@type\":\"WebSite\",\"@id\":\"https:\\\/\\\/rosanacl.com\\\/ca\\\/#website\",\"url\":\"https:\\\/\\\/rosanacl.com\\\/ca\\\/\",\"name\":\"Rosana CL\",\"description\":\"Somos tu interior\",\"potentialAction\":[{\"@type\":\"SearchAction\",\"target\":{\"@type\":\"EntryPoint\",\"urlTemplate\":\"https:\\\/\\\/rosanacl.com\\\/ca\\\/?s={search_term_string}\"},\"query-input\":{\"@type\":\"PropertyValueSpecification\",\"valueRequired\":true,\"valueName\":\"search_term_string\"}}],\"inLanguage\":\"de\"}]}<\/script>\n<!-- \/ Yoast SEO plugin. -->","yoast_head_json":{"title":"Sujetador Selene Estela - Rosana CL","robots":{"index":"index","follow":"follow","max-snippet":"max-snippet:-1","max-image-preview":"max-image-preview:large","max-video-preview":"max-video-preview:-1"},"canonical":"https:\/\/rosanacl.com\/de\/produkt\/sujetador-modelo-estela\/","og_locale":"de_DE","og_type":"article","og_title":"Sujetador Selene Estela - Rosana CL","og_description":"El Estela de Selene es una pieza de comodidad seria: sin aros y sin relleno, con una construcci\u00f3n pensada para recoger, sujetar y acompa\u00f1ar el pecho con una sensaci\u00f3n suave pero estable. La doble capa de microfibra satinada aporta ese acabado limpio que queda bonito al tacto y tambi\u00e9n a la vista, mientras el detalle [&hellip;]","og_url":"https:\/\/rosanacl.com\/de\/produkt\/sujetador-modelo-estela\/","og_site_name":"Rosana CL","article_modified_time":"2026-01-07T20:35:44+00:00","og_image":[{"width":1000,"height":1000,"url":"https:\/\/rosanacl.com\/wp-content\/uploads\/2025\/04\/Sujetador-Selene-modelo-Estela_000001.webp","type":"image\/webp"}],"twitter_card":"summary_large_image","twitter_misc":{"Gesch\u00e4tzte Lesezeit":"2\u00a0Minuten"},"schema":{"@context":"https:\/\/schema.org","@graph":[{"@type":"WebPage","@id":"https:\/\/rosanacl.com\/producto\/sujetador-modelo-estela\/","url":"https:\/\/rosanacl.com\/producto\/sujetador-modelo-estela\/","name":"Sujetador Selene Estela - Rosana CL","isPartOf":{"@id":"https:\/\/rosanacl.com\/ca\/#website"},"primaryImageOfPage":{"@id":"https:\/\/rosanacl.com\/producto\/sujetador-modelo-estela\/#primaryimage"},"image":{"@id":"https:\/\/rosanacl.com\/producto\/sujetador-modelo-estela\/#primaryimage"},"thumbnailUrl":"https:\/\/rosanacl.com\/wp-content\/uploads\/2025\/04\/Sujetador-Selene-modelo-Estela_000001.webp","datePublished":"2025-04-29T17:07:26+00:00","dateModified":"2026-01-07T20:35:44+00:00","breadcrumb":{"@id":"https:\/\/rosanacl.com\/producto\/sujetador-modelo-estela\/#breadcrumb"},"inLanguage":"de","potentialAction":[{"@type":"ReadAction","target":["https:\/\/rosanacl.com\/producto\/sujetador-modelo-estela\/"]}]},{"@type":"ImageObject","inLanguage":"de","@id":"https:\/\/rosanacl.com\/producto\/sujetador-modelo-estela\/#primaryimage","url":"https:\/\/rosanacl.com\/wp-content\/uploads\/2025\/04\/Sujetador-Selene-modelo-Estela_000001.webp","contentUrl":"https:\/\/rosanacl.com\/wp-content\/uploads\/2025\/04\/Sujetador-Selene-modelo-Estela_000001.webp","width":1000,"height":1000},{"@type":"BreadcrumbList","@id":"https:\/\/rosanacl.com\/producto\/sujetador-modelo-estela\/#breadcrumb","itemListElement":[{"@type":"ListItem","position":1,"name":"Portada","item":"https:\/\/rosanacl.com\/ca\/"},{"@type":"ListItem","position":2,"name":"Tienda","item":"https:\/\/rosanacl.com\/ca\/tienda\/"},{"@type":"ListItem","position":3,"name":"Sujetador Selene Estela"}]},{"@type":"WebSite","@id":"https:\/\/rosanacl.com\/ca\/#website","url":"https:\/\/rosanacl.com\/ca\/","name":"Rosana CL","description":"Wir sind Ihr Interieur","potentialAction":[{"@type":"SearchAction","target":{"@type":"EntryPoint","urlTemplate":"https:\/\/rosanacl.com\/ca\/?s={search_term_string}"},"query-input":{"@type":"PropertyValueSpecification","valueRequired":true,"valueName":"search_term_string"}}],"inLanguage":"de"}]}},"_links":{"self":[{"href":"https:\/\/rosanacl.com\/de\/wp-json\/wp\/v2\/product\/483","targetHints":{"allow":["GET"]}}],"collection":[{"href":"https:\/\/rosanacl.com\/de\/wp-json\/wp\/v2\/product"}],"about":[{"href":"https:\/\/rosanacl.com\/de\/wp-json\/wp\/v2\/types\/product"}],"replies":[{"embeddable":true,"href":"https:\/\/rosanacl.com\/de\/wp-json\/wp\/v2\/comments?post=483"}],"version-history":[{"count":5,"href":"https:\/\/rosanacl.com\/de\/wp-json\/wp\/v2\/product\/483\/revisions"}],"predecessor-version":[{"id":4620,"href":"https:\/\/rosanacl.com\/de\/wp-json\/wp\/v2\/product\/483\/revisions\/4620"}],"wp:featuredmedia":[{"embeddable":true,"href":"https:\/\/rosanacl.com\/de\/wp-json\/wp\/v2\/media\/1431"}],"wp:attachment":[{"href":"https:\/\/rosanacl.com\/de\/wp-json\/wp\/v2\/media?parent=483"}],"wp:term":[{"taxonomy":"product_brand","embeddable":true,"href":"https:\/\/rosanacl.com\/de\/wp-json\/wp\/v2\/product_brand?post=483"},{"taxonomy":"product_cat","embeddable":true,"href":"https:\/\/rosanacl.com\/de\/wp-json\/wp\/v2\/product_cat?post=483"},{"taxonomy":"product_tag","embeddable":true,"href":"https:\/\/rosanacl.com\/de\/wp-json\/wp\/v2\/product_tag?post=483"}],"curies":[{"name":"wp","href":"https:\/\/api.w.org\/{rel}","templated":true}]}}