{"id":21,"date":"2025-03-28T16:06:23","date_gmt":"2025-03-28T19:06:23","guid":{"rendered":"https:\/\/innovacon.simplificandotuweb.com\/?page_id=21"},"modified":"2025-05-10T02:25:08","modified_gmt":"2025-05-10T00:25:08","slug":"declaracion-de-accesibilidad","status":"publish","type":"page","link":"https:\/\/rosanacl.com\/el\/declaracion-de-accesibilidad\/","title":{"rendered":"\u0394\u03ae\u03bb\u03c9\u03c3\u03b7 \u03a0\u03c1\u03bf\u03c3\u03b2\u03b1\u03c3\u03b9\u03bc\u03cc\u03c4\u03b7\u03c4\u03b1\u03c2"},"content":{"rendered":"<div data-elementor-type=\"wp-page\" data-elementor-id=\"21\" class=\"elementor elementor-21\" data-elementor-post-type=\"page\">\n\t\t\t\t<div class=\"elementor-element elementor-element-eb41712 e-flex e-con-boxed e-con e-parent\" data-id=\"eb41712\" data-element_type=\"container\" data-e-type=\"container\" data-settings=\"{&quot;background_background&quot;:&quot;classic&quot;}\">\n\t\t\t\t\t<div class=\"e-con-inner\">\n\t\t<div class=\"elementor-element elementor-element-394e804 e-con-full e-flex e-con e-child\" data-id=\"394e804\" data-element_type=\"container\" data-e-type=\"container\">\n\t\t\t\t<div class=\"elementor-element elementor-element-4858173 elementor-widget elementor-widget-heading\" data-id=\"4858173\" data-element_type=\"widget\" data-e-type=\"widget\" data-widget_type=\"heading.default\">\n\t\t\t\t<div class=\"elementor-widget-container\">\n\t\t\t\t\t<h2 class=\"elementor-heading-title elementor-size-default\">\u0394\u03ae\u03bb\u03c9\u03c3\u03b7 \u03a0\u03c1\u03bf\u03c3\u03b2\u03b1\u03c3\u03b9\u03bc\u03cc\u03c4\u03b7\u03c4\u03b1\u03c2<\/h2>\t\t\t\t<\/div>\n\t\t\t\t<\/div>\n\t\t\t\t<\/div>\n\t\t\t\t\t<\/div>\n\t\t\t\t<\/div>\n\t\t<div class=\"elementor-element elementor-element-3c3c9a51 e-flex e-con-boxed e-con e-parent\" data-id=\"3c3c9a51\" data-element_type=\"container\" data-e-type=\"container\">\n\t\t\t\t\t<div class=\"e-con-inner\">\n\t\t\t\t<div class=\"elementor-element elementor-element-d37677a elementor-widget elementor-widget-text-editor\" data-id=\"d37677a\" data-element_type=\"widget\" data-e-type=\"widget\" data-widget_type=\"text-editor.default\">\n\t\t\t\t<div class=\"elementor-widget-container\">\n\t\t\t\t\t\t\t\t\t\n<p>\u0397 PABLO ANGULO MASPONS \u03b4\u03b5\u03c3\u03bc\u03b5\u03cd\u03b5\u03c4\u03b1\u03b9 \u03bd\u03b1 \u03ba\u03b1\u03c4\u03b1\u03c3\u03c4\u03ae\u03c3\u03b5\u03b9 \u03c4\u03bf\u03bd \u03b9\u03c3\u03c4\u03cc\u03c4\u03bf\u03c0\u03cc \u03c4\u03b7\u03c2 \u03c0\u03c1\u03bf\u03c3\u03b2\u03ac\u03c3\u03b9\u03bc\u03bf, \u03c3\u03cd\u03bc\u03c6\u03c9\u03bd\u03b1 \u03bc\u03b5 \u03c4\u03bf \u0392\u03b1\u03c3\u03b9\u03bb\u03b9\u03ba\u03cc \u0394\u03b9\u03ac\u03c4\u03b1\u03b3\u03bc\u03b1 1112\/2018, \u03c4\u03b7\u03c2 7\u03b7\u03c2 \u03a3\u03b5\u03c0\u03c4\u03b5\u03bc\u03b2\u03c1\u03af\u03bf\u03c5, \u03c3\u03c7\u03b5\u03c4\u03b9\u03ba\u03ac \u03bc\u03b5 \u03c4\u03b7\u03bd \u03c0\u03c1\u03bf\u03c3\u03b2\u03b1\u03c3\u03b9\u03bc\u03cc\u03c4\u03b7\u03c4\u03b1 \u03b9\u03c3\u03c4\u03cc\u03c4\u03bf\u03c0\u03c9\u03bd \u03ba\u03b1\u03b9 \u03b5\u03c6\u03b1\u03c1\u03bc\u03bf\u03b3\u03ce\u03bd \u03b3\u03b9\u03b1 \u03ba\u03b9\u03bd\u03b7\u03c4\u03ac \u03c3\u03c4\u03bf\u03bd \u03b4\u03b7\u03bc\u03cc\u03c3\u03b9\u03bf \u03c4\u03bf\u03bc\u03ad\u03b1. \u0397 \u03c0\u03b1\u03c1\u03bf\u03cd\u03c3\u03b1 \u03b4\u03ae\u03bb\u03c9\u03c3\u03b7 \u03c0\u03c1\u03bf\u03c3\u03b2\u03b1\u03c3\u03b9\u03bc\u03cc\u03c4\u03b7\u03c4\u03b1\u03c2 \u03b9\u03c3\u03c7\u03cd\u03b5\u03b9 \u03b3\u03b9\u03b1 \u03b1\u03c5\u03c4\u03cc\u03bd \u03c4\u03bf\u03bd \u03b9\u03c3\u03c4\u03cc\u03c4\u03bf\u03c0\u03bf.<\/p>\n\n<p><strong>\u039a\u03b1\u03c4\u03ac\u03c3\u03c4\u03b1\u03c3\u03b7 \u03c3\u03c5\u03bc\u03bc\u03cc\u03c1\u03c6\u03c9\u03c3\u03b7\u03c2<\/strong><\/p>\n\n<p>\u0391\u03c5\u03c4\u03cc\u03c2 \u03bf \u03b9\u03c3\u03c4\u03cc\u03c4\u03bf\u03c0\u03bf\u03c2 \u03ad\u03c7\u03b5\u03b9 \u03b1\u03bd\u03b1\u03c0\u03c4\u03c5\u03c7\u03b8\u03b5\u03af \u03c3\u03cd\u03bc\u03c6\u03c9\u03bd\u03b1 \u03bc\u03b5 \u03c4\u03bf\u03bd \u039a\u03b1\u03bd\u03bf\u03bd\u03b9\u03c3\u03bc\u03cc RD 1112\/2018<\/p>\n\n<p><strong>\u03a0\u03c1\u03bf\u03b5\u03c4\u03bf\u03b9\u03bc\u03b1\u03c3\u03af\u03b1 \u03b3\u03b9\u03b1 \u03c4\u03b7\u03bd \u03b5\u03c0\u03cc\u03bc\u03b5\u03bd\u03b7 \u03b4\u03ae\u03bb\u03c9\u03c3\u03b7 \u03c0\u03c1\u03bf\u03c3\u03b2\u03b1\u03c3\u03b9\u03bc\u03cc\u03c4\u03b7\u03c4\u03b1\u03c2<\/strong><\/p>\n\n<p>\u0397 \u03c0\u03b1\u03c1\u03bf\u03cd\u03c3\u03b1 \u03b4\u03ae\u03bb\u03c9\u03c3\u03b7 \u03c3\u03c5\u03bd\u03c4\u03ac\u03c7\u03b8\u03b7\u03ba\u03b5 \u03c3\u03c4\u03b9\u03c2 20 \u0391\u03c0\u03c1\u03b9\u03bb\u03af\u03bf\u03c5 2023. \u0397 \u03bc\u03ad\u03b8\u03bf\u03b4\u03bf\u03c2 \u03c0\u03bf\u03c5 \u03c7\u03c1\u03b7\u03c3\u03b9\u03bc\u03bf\u03c0\u03bf\u03b9\u03ae\u03b8\u03b7\u03ba\u03b5 \u03b3\u03b9\u03b1 \u03c4\u03b7 \u03c3\u03cd\u03bd\u03c4\u03b1\u03be\u03b7 \u03c4\u03b7\u03c2 \u03b4\u03ae\u03bb\u03c9\u03c3\u03b7\u03c2 \u03ae\u03c4\u03b1\u03bd \u03b7 \u03b1\u03c5\u03c4\u03bf\u03b1\u03be\u03b9\u03bf\u03bb\u03cc\u03b3\u03b7\u03c3\u03b7.<\/p>\n\n<p><strong>\u03a3\u03c7\u03cc\u03bb\u03b9\u03b1 \u03ba\u03b1\u03b9 \u03c3\u03c4\u03bf\u03b9\u03c7\u03b5\u03af\u03b1 \u03b5\u03c0\u03b9\u03ba\u03bf\u03b9\u03bd\u03c9\u03bd\u03af\u03b1\u03c2<\/strong><\/p>\n\n<p>\u039c\u03c0\u03bf\u03c1\u03b5\u03af\u03c4\u03b5 \u03bd\u03b1 \u03ba\u03ac\u03bd\u03b5\u03c4\u03b5 \u03b1\u03bd\u03b1\u03ba\u03bf\u03b9\u03bd\u03ce\u03c3\u03b5\u03b9\u03c2 \u03c3\u03c7\u03b5\u03c4\u03b9\u03ba\u03ac \u03bc\u03b5 \u03c4\u03b9\u03c2 \u03b1\u03c0\u03b1\u03b9\u03c4\u03ae\u03c3\u03b5\u03b9\u03c2 \u03c0\u03c1\u03bf\u03c3\u03b2\u03b1\u03c3\u03b9\u03bc\u03cc\u03c4\u03b7\u03c4\u03b1\u03c2 (\u03ac\u03c1\u03b8\u03c1\u03bf 10.2.\u03b1 \u03c4\u03bf\u03c5 \u039a\u03b1\u03bd\u03bf\u03bd\u03b9\u03c3\u03bc\u03bf\u03cd 1112\/2018), \u03cc\u03c0\u03c9\u03c2:<\/p>\n\n<ul class=\"wp-block-list\">\n<li>\u0391\u03bd\u03b1\u03c6\u03ad\u03c1\u03b5\u03c4\u03b5 \u03bf\u03c0\u03bf\u03b9\u03b1\u03b4\u03ae\u03c0\u03bf\u03c4\u03b5 \u03c0\u03b9\u03b8\u03b1\u03bd\u03ae \u03c0\u03b1\u03c1\u03b1\u03b2\u03af\u03b1\u03c3\u03b7 \u03b1\u03c0\u03cc \u03b1\u03c5\u03c4\u03cc\u03bd \u03c4\u03bf\u03bd \u03b9\u03c3\u03c4\u03cc\u03c4\u03bf\u03c0\u03bf<\/li>\n\n<li>\u039c\u03b5\u03c4\u03b1\u03b4\u03ce\u03c3\u03c4\u03b5 \u03ac\u03bb\u03bb\u03b5\u03c2 \u03b4\u03c5\u03c3\u03ba\u03bf\u03bb\u03af\u03b5\u03c2 \u03c3\u03c4\u03b7\u03bd \u03c0\u03c1\u03cc\u03c3\u03b2\u03b1\u03c3\u03b7 \u03c3\u03c4\u03bf \u03c0\u03b5\u03c1\u03b9\u03b5\u03c7\u03cc\u03bc\u03b5\u03bd\u03bf<\/li>\n\n<li>\u03a5\u03c0\u03bf\u03b2\u03ac\u03bb\u03b5\u03c4\u03b5 \u03bf\u03c0\u03bf\u03b9\u03bf\u03b4\u03ae\u03c0\u03bf\u03c4\u03b5 \u03ac\u03bb\u03bb\u03bf \u03b5\u03c1\u03ce\u03c4\u03b7\u03bc\u03b1 \u03ae \u03c0\u03c1\u03cc\u03c4\u03b1\u03c3\u03b7 \u03b3\u03b9\u03b1 \u03b2\u03b5\u03bb\u03c4\u03af\u03c9\u03c3\u03b7 \u03c3\u03c7\u03b5\u03c4\u03b9\u03ba\u03ac \u03bc\u03b5 \u03c4\u03b7\u03bd \u03c0\u03c1\u03bf\u03c3\u03b2\u03b1\u03c3\u03b9\u03bc\u03cc\u03c4\u03b7\u03c4\u03b1 \u03c4\u03bf\u03c5 \u03b9\u03c3\u03c4\u03cc\u03c4\u03bf\u03c0\u03bf\u03c5 \u03bc\u03ad\u03c3\u03c9 \u03c4\u03b7\u03c2 \u03c6\u03cc\u03c1\u03bc\u03b1\u03c2 \u03b5\u03c0\u03b9\u03ba\u03bf\u03b9\u03bd\u03c9\u03bd\u03af\u03b1\u03c2 \u03c3\u03b5 \u03b1\u03c5\u03c4\u03cc\u03bd \u03c4\u03bf\u03bd \u03b9\u03c3\u03c4\u03cc\u03c4\u03bf\u03c0\u03bf \u03ae \u03bc\u03ad\u03c3\u03c9 \u03c4\u03bf\u03c5 \u03b1\u03c1\u03b9\u03b8\u03bc\u03bf\u03cd \u03c4\u03b7\u03bb\u03b5\u03c6\u03ce\u03bd\u03bf\u03c5\u00a0<\/li>\n<\/ul>\n\n<p>\u039c\u03c0\u03bf\u03c1\u03b5\u03af\u03c4\u03b5 \u03bd\u03b1 \u03c0\u03b1\u03c1\u03bf\u03c5\u03c3\u03b9\u03ac\u03c3\u03b5\u03c4\u03b5:<\/p>\n\n<ul class=\"wp-block-list\">\n<li>\u03a0\u03b1\u03c1\u03ac\u03c0\u03bf\u03bd\u03bf \u03c3\u03c7\u03b5\u03c4\u03b9\u03ba\u03ac \u03bc\u03b5 \u03c4\u03b7 \u03c3\u03c5\u03bc\u03bc\u03cc\u03c1\u03c6\u03c9\u03c3\u03b7 \u03bc\u03b5 \u03c4\u03b9\u03c2 \u03b1\u03c0\u03b1\u03b9\u03c4\u03ae\u03c3\u03b5\u03b9\u03c2 \u03c4\u03bf\u03c5 RD 1112\/2018<\/li>\n\n<li>\u0391\u03af\u03c4\u03b7\u03bc\u03b1 \u03b3\u03b9\u03b1 \u03c0\u03c1\u03bf\u03c3\u03b2\u03ac\u03c3\u03b9\u03bc\u03b5\u03c2 \u03c0\u03bb\u03b7\u03c1\u03bf\u03c6\u03bf\u03c1\u03af\u03b5\u03c2 \u03c3\u03c7\u03b5\u03c4\u03b9\u03ba\u03ac \u03bc\u03b5:\n<ul class=\"wp-block-list\">\n<li>\u03a0\u03b5\u03c1\u03b9\u03b5\u03c7\u03cc\u03bc\u03b5\u03bd\u03b1 \u03c0\u03bf\u03c5 \u03b5\u03be\u03b1\u03b9\u03c1\u03bf\u03cd\u03bd\u03c4\u03b1\u03b9 \u03b1\u03c0\u03cc \u03c4\u03bf \u03c0\u03b5\u03b4\u03af\u03bf \u03b5\u03c6\u03b1\u03c1\u03bc\u03bf\u03b3\u03ae\u03c2 \u03c4\u03bf\u03c5 RD 1112\/2018 \u03c3\u03cd\u03bc\u03c6\u03c9\u03bd\u03b1 \u03bc\u03b5 \u03c4\u03b1 \u03bf\u03c1\u03b9\u03b6\u03cc\u03bc\u03b5\u03bd\u03b1 \u03c3\u03c4\u03bf \u03ac\u03c1\u03b8\u03c1\u03bf 3, \u03c0\u03b1\u03c1\u03ac\u03b3\u03c1\u03b1\u03c6\u03bf\u03c2 4<\/li>\n\n<li>\u03a0\u03b5\u03c1\u03b9\u03b5\u03c7\u03cc\u03bc\u03b5\u03bd\u03bf \u03c0\u03bf\u03c5 \u03b5\u03be\u03b1\u03b9\u03c1\u03b5\u03af\u03c4\u03b1\u03b9 \u03b1\u03c0\u03cc \u03c4\u03b7 \u03c3\u03c5\u03bc\u03bc\u03cc\u03c1\u03c6\u03c9\u03c3\u03b7 \u03bc\u03b5 \u03c4\u03b9\u03c2 \u03b1\u03c0\u03b1\u03b9\u03c4\u03ae\u03c3\u03b5\u03b9\u03c2 \u03c0\u03c1\u03bf\u03c3\u03b2\u03b1\u03c3\u03b9\u03bc\u03cc\u03c4\u03b7\u03c4\u03b1\u03c2 \u03bb\u03cc\u03b3\u03c9 \u03b5\u03c0\u03b9\u03b2\u03bf\u03bb\u03ae\u03c2 \u03b4\u03c5\u03c3\u03b1\u03bd\u03ac\u03bb\u03bf\u03b3\u03bf\u03c5 \u03b2\u03ac\u03c1\u03bf\u03c5\u03c2<\/li>\n\n<li>\u03a4\u03bf \u0391\u03af\u03c4\u03b7\u03bc\u03b1 \u03b3\u03b9\u03b1 \u03a0\u03c1\u03bf\u03c3\u03b2\u03ac\u03c3\u03b9\u03bc\u03b5\u03c2 \u03a0\u03bb\u03b7\u03c1\u03bf\u03c6\u03bf\u03c1\u03af\u03b5\u03c2 \u03c0\u03c1\u03ad\u03c0\u03b5\u03b9 \u03bd\u03b1 \u03b1\u03bd\u03b1\u03c6\u03ad\u03c1\u03b5\u03b9 \u03bc\u03b5 \u03c3\u03b1\u03c6\u03ae\u03bd\u03b5\u03b9\u03b1 \u03c4\u03b1 \u03b3\u03b5\u03b3\u03bf\u03bd\u03cc\u03c4\u03b1, \u03c4\u03bf\u03c5\u03c2 \u03bb\u03cc\u03b3\u03bf\u03c5\u03c2 \u03ba\u03b1\u03b9 \u03c4\u03bf \u03b1\u03af\u03c4\u03b7\u03bc\u03b1, \u03ce\u03c3\u03c4\u03b5 \u03bd\u03b1 \u03b1\u03c0\u03bf\u03b4\u03b5\u03b9\u03c7\u03b8\u03b5\u03af \u03cc\u03c4\u03b9 \u03c0\u03c1\u03cc\u03ba\u03b5\u03b9\u03c4\u03b1\u03b9 \u03b3\u03b9\u03b1 \u03b5\u03cd\u03bb\u03bf\u03b3\u03bf \u03ba\u03b1\u03b9 \u03bd\u03cc\u03bc\u03b9\u03bc\u03bf \u03b1\u03af\u03c4\u03b7\u03bc\u03b1.<\/li>\n<\/ul>\n<\/li>\n<\/ul>\n\n<p>\u039f\u03b9 \u03ba\u03b1\u03c4\u03b1\u03b3\u03b3\u03b5\u03bb\u03af\u03b5\u03c2 \u03ba\u03b1\u03b9 \u03bf\u03b9 \u03b1\u03be\u03b9\u03ce\u03c3\u03b5\u03b9\u03c2 \u03c3\u03c7\u03b5\u03c4\u03b9\u03ba\u03ac \u03bc\u03b5 \u03c4\u03b9\u03c2 \u03c0\u03c1\u03bf\u03c3\u03b2\u03ac\u03c3\u03b9\u03bc\u03b5\u03c2 \u03c0\u03bb\u03b7\u03c1\u03bf\u03c6\u03bf\u03c1\u03af\u03b5\u03c2 \u03b8\u03b1 \u03c5\u03c0\u03bf\u03b2\u03ac\u03bb\u03bb\u03bf\u03bd\u03c4\u03b1\u03b9 \u03bc\u03ad\u03c3\u03c9 \u03c4\u03bf\u03c5 \u03b7\u03bb\u03b5\u03ba\u03c4\u03c1\u03bf\u03bd\u03b9\u03ba\u03bf\u03cd \u03b9\u03c3\u03c4\u03cc\u03c4\u03bf\u03c0\u03bf\u03c5 (https:\/\/sede.red.gob.es\/procedimientos\/quejas-y-sugerencias) \u03ba\u03b1\u03b9 \u03b8\u03b1 \u03c0\u03b1\u03c1\u03b1\u03bb\u03b1\u03bc\u03b2\u03ac\u03bd\u03bf\u03bd\u03c4\u03b1\u03b9 \u03ba\u03b1\u03b9 \u03b8\u03b1 \u03b4\u03b9\u03b5\u03ba\u03c0\u03b5\u03c1\u03b1\u03b9\u03ce\u03bd\u03bf\u03bd\u03c4\u03b1\u03b9 \u03b1\u03c0\u03cc \u03c4\u03bf \u03c4\u03bc\u03ae\u03bc\u03b1 \u03a0\u03bb\u03b7\u03c1\u03bf\u03c6\u03bf\u03c1\u03b9\u03b1\u03ba\u03ce\u03bd \u03a3\u03c5\u03c3\u03c4\u03b7\u03bc\u03ac\u03c4\u03c9\u03bd \u03c4\u03b7\u03c2 Red.es.<\/p>\n\n<p><strong>\u03a0\u03c1\u03bf\u03b1\u03b9\u03c1\u03b5\u03c4\u03b9\u03ba\u03cc \u03c0\u03b5\u03c1\u03b9\u03b5\u03c7\u03cc\u03bc\u03b5\u03bd\u03bf<\/strong><\/p>\n\n<ul class=\"wp-block-list\">\n<li>\u0393\u03b9\u03b1 \u03bd\u03b1 \u03b1\u03bb\u03bb\u03ac\u03be\u03b5\u03c4\u03b5 \u03c4\u03bf \u03bc\u03ad\u03b3\u03b5\u03b8\u03bf\u03c2 \u03c4\u03b7\u03c2 \u03b3\u03c1\u03b1\u03bc\u03bc\u03b1\u03c4\u03bf\u03c3\u03b5\u03b9\u03c1\u03ac\u03c2 \u03c3\u03c4\u03b1 \u03ba\u03cd\u03c1\u03b9\u03b1 \u03b3\u03c1\u03b1\u03c6\u03b9\u03ba\u03ac \u03c0\u03c1\u03bf\u03b3\u03c1\u03ac\u03bc\u03bc\u03b1\u03c4\u03b1 \u03c0\u03b5\u03c1\u03b9\u03ae\u03b3\u03b7\u03c3\u03b7\u03c2, \u03c7\u03c1\u03b7\u03c3\u03b9\u03bc\u03bf\u03c0\u03bf\u03b9\u03ae\u03c3\u03c4\u03b5 \u03c4\u03b1 \u03b1\u03ba\u03cc\u03bb\u03bf\u03c5\u03b8\u03b1 \u03bc\u03b5\u03bd\u03bf\u03cd:<\/li>\n\n<li>Safari: \u03a0\u03c1\u03bf\u03b2\u03bf\u03bb\u03ae &gt; \u039c\u03b5\u03b3\u03ad\u03b8\u03c5\u03bd\u03c3\u03b7 \u03ba\u03b5\u03b9\u03bc\u03ad\u03bd\u03bf\u03c5<\/li>\n\n<li>Chrome: \u0388\u03bb\u03b5\u03b3\u03c7\u03bf\u03c2 \u03c4\u03b7\u03c2 \u03c4\u03c1\u03ad\u03c7\u03bf\u03c5\u03c3\u03b1\u03c2 \u03c3\u03b5\u03bb\u03af\u03b4\u03b1\u03c2 &gt; \u039c\u03ad\u03b3\u03b5\u03b8\u03bf\u03c2 \u03ba\u03b5\u03b9\u03bc\u03ad\u03bd\u03bf\u03c5<\/li>\n<\/ul>\n\n<p>\u0393\u03b9\u03b1 \u03bd\u03b1 \u03b1\u03bb\u03bb\u03ac\u03be\u03b5\u03c4\u03b5 \u03c4\u03bf \u03bc\u03ad\u03b3\u03b5\u03b8\u03bf\u03c2 \u03cc\u03bb\u03c9\u03bd \u03c4\u03c9\u03bd \u03c3\u03c4\u03bf\u03b9\u03c7\u03b5\u03af\u03c9\u03bd \u03c3\u03c4\u03b7 \u03c3\u03b5\u03bb\u03af\u03b4\u03b1:<\/p>\n\n<ul class=\"wp-block-list\">\n<li>Ctrl++ \u03b3\u03b9\u03b1 \u03bd\u03b1 \u03c4\u03bf \u03b1\u03c5\u03be\u03ae\u03c3\u03b5\u03c4\u03b5<\/li>\n\n<li>Ctrl + \u2013 \u03b3\u03b9\u03b1 \u03bd\u03b1 \u03c4\u03bf \u03bc\u03b5\u03b9\u03ce\u03c3\u03b5\u03c4\u03b5<\/li>\n\n<li>Ctrl + 0 \u03b5\u03c0\u03b1\u03bd\u03b1\u03c6\u03ad\u03c1\u03b5\u03b9 \u03c4\u03bf \u03b1\u03c1\u03c7\u03b9\u03ba\u03cc \u03bc\u03ad\u03b3\u03b5\u03b8\u03bf\u03c2 \u03ba\u03b5\u03b9\u03bc\u03ad\u03bd\u03bf\u03c5<\/li>\n\n<li>\u0391\u03bd \u03b8\u03ad\u03bb\u03b5\u03c4\u03b5 \u03bd\u03b1 \u03c0\u03b1\u03c1\u03b1\u03ba\u03ac\u03bc\u03c8\u03b5\u03c4\u03b5 \u03c4\u03bf \u03c6\u03cd\u03bb\u03bb\u03bf \u03c3\u03c4\u03c5\u03bb \u03ae \u03bd\u03b1 \u03b1\u03bb\u03bb\u03ac\u03be\u03b5\u03c4\u03b5 \u03c4\u03bf \u03c7\u03c1\u03ce\u03bc\u03b1 \u03c4\u03bf\u03c5 \u03ba\u03b5\u03b9\u03bc\u03ad\u03bd\u03bf\u03c5, \u03bc\u03c0\u03bf\u03c1\u03b5\u03af\u03c4\u03b5 \u03bd\u03b1 \u03c3\u03c5\u03bc\u03b2\u03bf\u03c5\u03bb\u03b5\u03c5\u03c4\u03b5\u03af\u03c4\u03b5 \u03c4\u03b7 \u03c3\u03b5\u03bb\u03af\u03b4\u03b1 \u03a0\u03ce\u03c2 \u03bd\u03b1 \u03b1\u03bb\u03bb\u03ac\u03be\u03b5\u03c4\u03b5 \u03c4\u03bf \u03bc\u03ad\u03b3\u03b5\u03b8\u03bf\u03c2 \u03ae \u03c4\u03b1 \u03c7\u03c1\u03ce\u03bc\u03b1\u03c4\u03b1 \u03ba\u03b5\u03b9\u03bc\u03ad\u03bd\u03bf\u03c5 \u03c4\u03bf\u03c5 WAI, \u03b7 \u03bf\u03c0\u03bf\u03af\u03b1 \u03bc\u03c0\u03bf\u03c1\u03b5\u03af \u03bd\u03b1 \u03b4\u03b9\u03b1\u03b2\u03b1\u03c3\u03c4\u03b5\u03af \u03bc\u03b5\u03c4\u03b1\u03c6\u03c1\u03b1\u03c3\u03bc\u03ad\u03bd\u03b7 \u03c3\u03c4\u03b1 \u03b9\u03c3\u03c0\u03b1\u03bd\u03b9\u03ba\u03ac \u03c9\u03c2 \u03a0\u03ce\u03c2 \u03bd\u03b1 \u03b1\u03bb\u03bb\u03ac\u03be\u03b5\u03c4\u03b5 \u03c4\u03bf \u03bc\u03ad\u03b3\u03b5\u03b8\u03bf\u03c2 \u03ae \u03c4\u03b1 \u03c7\u03c1\u03ce\u03bc\u03b1\u03c4\u03b1 \u03ba\u03b5\u03b9\u03bc\u03ad\u03bd\u03bf\u03c5;<\/li>\n<\/ul>\n\t\t\t\t\t\t\t\t<\/div>\n\t\t\t\t<\/div>\n\t\t\t\t\t<\/div>\n\t\t\t\t<\/div>\n\t\t\t\t<\/div>","protected":false},"excerpt":{"rendered":"<p>PABLO ANGULO MASPONS se ha comprometido a hacer accesible su sitio web, conforme al Real Decreto 1112\/2018, de 7 de septiembre, sobre accesibilidad de los sitios web y aplicaciones para dispositivos m\u00f3viles del sector p\u00fablico. Esta declaraci\u00f3n de accesibilidad se aplica a esta web. Situaci\u00f3n de cumplimiento Este sitio web est\u00e1 desarrollado seg\u00fan el RD [&hellip;]<\/p>\n","protected":false},"author":1,"featured_media":0,"parent":0,"menu_order":0,"comment_status":"closed","ping_status":"closed","template":"","meta":{"content-type":"","footnotes":""},"class_list":["post-21","page","type-page","status-publish","hentry"],"yoast_head":"<!-- This site is optimized with the Yoast SEO plugin v27.4 - https:\/\/yoast.com\/product\/yoast-seo-wordpress\/ -->\n<title>Declaraci\u00f3n de Accesibilidad - Rosana CL<\/title>\n<meta name=\"robots\" content=\"index, follow, max-snippet:-1, max-image-preview:large, max-video-preview:-1\" \/>\n<link rel=\"canonical\" href=\"https:\/\/rosanacl.com\/el\/declaracion-de-accesibilidad\/\" \/>\n<meta property=\"og:locale\" content=\"el_GR\" \/>\n<meta property=\"og:type\" content=\"article\" \/>\n<meta property=\"og:title\" content=\"Declaraci\u00f3n de Accesibilidad - Rosana CL\" \/>\n<meta property=\"og:description\" content=\"PABLO ANGULO MASPONS se ha comprometido a hacer accesible su sitio web, conforme al Real Decreto 1112\/2018, de 7 de septiembre, sobre accesibilidad de los sitios web y aplicaciones para dispositivos m\u00f3viles del sector p\u00fablico. Esta declaraci\u00f3n de accesibilidad se aplica a esta web. Situaci\u00f3n de cumplimiento Este sitio web est\u00e1 desarrollado seg\u00fan el RD [&hellip;]\" \/>\n<meta property=\"og:url\" content=\"https:\/\/rosanacl.com\/el\/declaracion-de-accesibilidad\/\" \/>\n<meta property=\"og:site_name\" content=\"Rosana CL\" \/>\n<meta property=\"article:modified_time\" content=\"2025-05-10T00:25:08+00:00\" \/>\n<meta name=\"twitter:card\" content=\"summary_large_image\" \/>\n<meta name=\"twitter:label1\" content=\"\u0395\u03ba\u03c4\u03b9\u03bc\u03ce\u03bc\u03b5\u03bd\u03bf\u03c2 \u03c7\u03c1\u03cc\u03bd\u03bf\u03c2 \u03b1\u03bd\u03ac\u03b3\u03bd\u03c9\u03c3\u03b7\u03c2\" \/>\n\t<meta name=\"twitter:data1\" content=\"2 \u03bb\u03b5\u03c0\u03c4\u03ac\" \/>\n<script type=\"application\/ld+json\" class=\"yoast-schema-graph\">{\"@context\":\"https:\\\/\\\/schema.org\",\"@graph\":[{\"@type\":\"WebPage\",\"@id\":\"https:\\\/\\\/rosanacl.com\\\/declaracion-de-accesibilidad\\\/\",\"url\":\"https:\\\/\\\/rosanacl.com\\\/declaracion-de-accesibilidad\\\/\",\"name\":\"Declaraci\u00f3n de Accesibilidad - Rosana CL\",\"isPartOf\":{\"@id\":\"https:\\\/\\\/rosanacl.com\\\/ca\\\/#website\"},\"datePublished\":\"2025-03-28T19:06:23+00:00\",\"dateModified\":\"2025-05-10T00:25:08+00:00\",\"breadcrumb\":{\"@id\":\"https:\\\/\\\/rosanacl.com\\\/declaracion-de-accesibilidad\\\/#breadcrumb\"},\"inLanguage\":\"el\",\"potentialAction\":[{\"@type\":\"ReadAction\",\"target\":[\"https:\\\/\\\/rosanacl.com\\\/declaracion-de-accesibilidad\\\/\"]}]},{\"@type\":\"BreadcrumbList\",\"@id\":\"https:\\\/\\\/rosanacl.com\\\/declaracion-de-accesibilidad\\\/#breadcrumb\",\"itemListElement\":[{\"@type\":\"ListItem\",\"position\":1,\"name\":\"Portada\",\"item\":\"https:\\\/\\\/rosanacl.com\\\/ca\\\/\"},{\"@type\":\"ListItem\",\"position\":2,\"name\":\"Declaraci\u00f3n de Accesibilidad\"}]},{\"@type\":\"WebSite\",\"@id\":\"https:\\\/\\\/rosanacl.com\\\/ca\\\/#website\",\"url\":\"https:\\\/\\\/rosanacl.com\\\/ca\\\/\",\"name\":\"Rosana CL\",\"description\":\"Somos tu interior\",\"potentialAction\":[{\"@type\":\"SearchAction\",\"target\":{\"@type\":\"EntryPoint\",\"urlTemplate\":\"https:\\\/\\\/rosanacl.com\\\/ca\\\/?s={search_term_string}\"},\"query-input\":{\"@type\":\"PropertyValueSpecification\",\"valueRequired\":true,\"valueName\":\"search_term_string\"}}],\"inLanguage\":\"el\"}]}<\/script>\n<!-- \/ Yoast SEO plugin. -->","yoast_head_json":{"title":"Declaraci\u00f3n de Accesibilidad - Rosana CL","robots":{"index":"index","follow":"follow","max-snippet":"max-snippet:-1","max-image-preview":"max-image-preview:large","max-video-preview":"max-video-preview:-1"},"canonical":"https:\/\/rosanacl.com\/el\/declaracion-de-accesibilidad\/","og_locale":"el_GR","og_type":"article","og_title":"Declaraci\u00f3n de Accesibilidad - Rosana CL","og_description":"PABLO ANGULO MASPONS se ha comprometido a hacer accesible su sitio web, conforme al Real Decreto 1112\/2018, de 7 de septiembre, sobre accesibilidad de los sitios web y aplicaciones para dispositivos m\u00f3viles del sector p\u00fablico. Esta declaraci\u00f3n de accesibilidad se aplica a esta web. Situaci\u00f3n de cumplimiento Este sitio web est\u00e1 desarrollado seg\u00fan el RD [&hellip;]","og_url":"https:\/\/rosanacl.com\/el\/declaracion-de-accesibilidad\/","og_site_name":"Rosana CL","article_modified_time":"2025-05-10T00:25:08+00:00","twitter_card":"summary_large_image","twitter_misc":{"\u0395\u03ba\u03c4\u03b9\u03bc\u03ce\u03bc\u03b5\u03bd\u03bf\u03c2 \u03c7\u03c1\u03cc\u03bd\u03bf\u03c2 \u03b1\u03bd\u03ac\u03b3\u03bd\u03c9\u03c3\u03b7\u03c2":"2 \u03bb\u03b5\u03c0\u03c4\u03ac"},"schema":{"@context":"https:\/\/schema.org","@graph":[{"@type":"WebPage","@id":"https:\/\/rosanacl.com\/declaracion-de-accesibilidad\/","url":"https:\/\/rosanacl.com\/declaracion-de-accesibilidad\/","name":"Declaraci\u00f3n de Accesibilidad - Rosana CL","isPartOf":{"@id":"https:\/\/rosanacl.com\/ca\/#website"},"datePublished":"2025-03-28T19:06:23+00:00","dateModified":"2025-05-10T00:25:08+00:00","breadcrumb":{"@id":"https:\/\/rosanacl.com\/declaracion-de-accesibilidad\/#breadcrumb"},"inLanguage":"el","potentialAction":[{"@type":"ReadAction","target":["https:\/\/rosanacl.com\/declaracion-de-accesibilidad\/"]}]},{"@type":"BreadcrumbList","@id":"https:\/\/rosanacl.com\/declaracion-de-accesibilidad\/#breadcrumb","itemListElement":[{"@type":"ListItem","position":1,"name":"Portada","item":"https:\/\/rosanacl.com\/ca\/"},{"@type":"ListItem","position":2,"name":"Declaraci\u00f3n de Accesibilidad"}]},{"@type":"WebSite","@id":"https:\/\/rosanacl.com\/ca\/#website","url":"https:\/\/rosanacl.com\/ca\/","name":"\u03a1\u03bf\u03b6\u03ac\u03bd\u03b1 \u039a\u039b","description":"\u0395\u03af\u03bc\u03b1\u03c3\u03c4\u03b5 \u03bf \u03b5\u03c3\u03c9\u03c4\u03b5\u03c1\u03b9\u03ba\u03cc\u03c2 \u03c3\u03b1\u03c2 \u03c7\u03ce\u03c1\u03bf\u03c2","potentialAction":[{"@type":"SearchAction","target":{"@type":"EntryPoint","urlTemplate":"https:\/\/rosanacl.com\/ca\/?s={search_term_string}"},"query-input":{"@type":"PropertyValueSpecification","valueRequired":true,"valueName":"search_term_string"}}],"inLanguage":"el"}]}},"_links":{"self":[{"href":"https:\/\/rosanacl.com\/el\/wp-json\/wp\/v2\/pages\/21","targetHints":{"allow":["GET"]}}],"collection":[{"href":"https:\/\/rosanacl.com\/el\/wp-json\/wp\/v2\/pages"}],"about":[{"href":"https:\/\/rosanacl.com\/el\/wp-json\/wp\/v2\/types\/page"}],"author":[{"embeddable":true,"href":"https:\/\/rosanacl.com\/el\/wp-json\/wp\/v2\/users\/1"}],"replies":[{"embeddable":true,"href":"https:\/\/rosanacl.com\/el\/wp-json\/wp\/v2\/comments?post=21"}],"version-history":[{"count":0,"href":"https:\/\/rosanacl.com\/el\/wp-json\/wp\/v2\/pages\/21\/revisions"}],"wp:attachment":[{"href":"https:\/\/rosanacl.com\/el\/wp-json\/wp\/v2\/media?parent=21"}],"curies":[{"name":"wp","href":"https:\/\/api.w.org\/{rel}","templated":true}]}}