{"id":1158,"date":"2025-04-30T00:57:25","date_gmt":"2025-04-29T22:57:25","guid":{"rendered":"https:\/\/rosanacl.com\/?post_type=product&#038;p=1158"},"modified":"2026-01-07T20:41:03","modified_gmt":"2026-01-07T19:41:03","slug":"sujetador-modelo-manuela","status":"publish","type":"product","link":"https:\/\/rosanacl.com\/el\/product\/sujetador-modelo-manuela\/","title":{"rendered":"\u03a3\u03b5\u03bb\u03ad\u03bd\u03b5 \u039c\u03b1\u03bd\u03bf\u03c5\u03ad\u03bb\u03b1 \u039c\u03c0\u03c1\u03b1"},"content":{"rendered":"<p>\u03a4\u03bf \u03c3\u03bf\u03c5\u03c4\u03b9\u03ad\u03bd Selene Manuela \u03ad\u03c7\u03b5\u03b9 \u03c3\u03c7\u03b5\u03b4\u03b9\u03b1\u03c3\u03c4\u03b5\u03af \u03b3\u03b9\u03b1 \u03cc\u03c4\u03b1\u03bd \u03b8\u03ad\u03bb\u03b5\u03c4\u03b5 \u03c0\u03c1\u03b1\u03b3\u03bc\u03b1\u03c4\u03b9\u03ba\u03ae \u03ac\u03bd\u03b5\u03c3\u03b7 \u03c7\u03c9\u03c1\u03af\u03c2 \u03bd\u03b1 \u03b8\u03c5\u03c3\u03b9\u03ac\u03b6\u03b5\u03c4\u03b5 \u03bc\u03b9\u03b1 \u03cc\u03bc\u03bf\u03c1\u03c6\u03b7 \u03c3\u03b9\u03bb\u03bf\u03c5\u03ad\u03c4\u03b1. \u039f \u03c3\u03c7\u03b5\u03b4\u03b9\u03b1\u03c3\u03bc\u03cc\u03c2 \u03c4\u03bf\u03c5 \u03c7\u03c9\u03c1\u03af\u03c2 \u03bc\u03c0\u03b1\u03bd\u03ad\u03bb\u03b5\u03c2 \u03ba\u03b1\u03b9 \u03c4\u03b1 \u03b4\u03b9\u03b1\u03c7\u03c9\u03c1\u03b9\u03c3\u03c4\u03b9\u03ba\u03ac \u03c4\u03bf \u03ba\u03b1\u03b8\u03b9\u03c3\u03c4\u03bf\u03cd\u03bd \u03bc\u03b9\u03b1 \u03b5\u03be\u03b1\u03b9\u03c1\u03b5\u03c4\u03b9\u03ba\u03ac \u03ac\u03bd\u03b5\u03c4\u03b7 \u03b5\u03c0\u03b9\u03bb\u03bf\u03b3\u03ae \u03b3\u03b9\u03b1 \u03ba\u03b1\u03b8\u03b7\u03bc\u03b5\u03c1\u03b9\u03bd\u03ae \u03c7\u03c1\u03ae\u03c3\u03b7: \u03c0\u03c1\u03bf\u03c3\u03b1\u03c1\u03bc\u03cc\u03b6\u03b5\u03c4\u03b1\u03b9 \u03b1\u03c0\u03b1\u03bb\u03ac \u03c3\u03c4\u03bf \u03c3\u03c4\u03ae\u03b8\u03bf\u03c2, \u03ba\u03b9\u03bd\u03b5\u03af\u03c4\u03b1\u03b9 \u03bc\u03b1\u03b6\u03af \u03c3\u03b1\u03c2 \u03ba\u03b1\u03b9 \u03b5\u03af\u03bd\u03b1\u03b9 \u03b1\u03bd\u03ac\u03bb\u03b1\u03c6\u03c1\u03bf \u03b1\u03c0\u03cc \u03c4\u03b7\u03bd \u03c0\u03c1\u03ce\u03c4\u03b7 \u03c3\u03c4\u03b9\u03b3\u03bc\u03ae.<\/p>\n<p>\u03a4\u03bf \u03b4\u03b9\u03b1\u03c7\u03c9\u03c1\u03b9\u03c3\u03c4\u03b9\u03ba\u03cc \u03ba\u03cd\u03c0\u03b5\u03bb\u03bb\u03bf \u03be\u03b5\u03c7\u03c9\u03c1\u03af\u03b6\u03b5\u03b9 \u03b3\u03b9\u03b1 \u03c4\u03b7\u03bd \u03b1\u03bd\u03b1\u03c0\u03bd\u03bf\u03ae \u03c4\u03bf\u03c5 \u03ba\u03b1\u03b9 \u03c4\u03b7\u03bd \u03b1\u03af\u03c3\u03b8\u03b7\u03c3\u03b7 &quot;\u03b4\u03b5\u03cd\u03c4\u03b5\u03c1\u03bf\u03c5 \u03b4\u03ad\u03c1\u03bc\u03b1\u03c4\u03bf\u03c2&quot; \u03c0\u03bf\u03c5 \u03b4\u03b5\u03af\u03c7\u03bd\u03b5\u03b9 \u03c5\u03c0\u03ad\u03c1\u03bf\u03c7\u03bf \u03ba\u03ac\u03c4\u03c9 \u03b1\u03c0\u03cc \u03bc\u03c0\u03bb\u03bf\u03c5\u03b6\u03ac\u03ba\u03b9\u03b1, \u03bc\u03c0\u03bb\u03bf\u03cd\u03b6\u03b5\u03c2 \u03ae \u03c0\u03b9\u03bf \u03b5\u03c6\u03b1\u03c1\u03bc\u03bf\u03c3\u03c4\u03ac \u03c1\u03bf\u03cd\u03c7\u03b1. \u0391\u03c5\u03c4\u03cc \u03c4\u03bf \u03c3\u03c4\u03c5\u03bb \u03c0\u03c1\u03bf\u03c3\u03c6\u03ad\u03c1\u03b5\u03b9 \u03c6\u03c5\u03c3\u03b9\u03ba\u03cc \u03c3\u03c7\u03ae\u03bc\u03b1, \u03ac\u03bd\u03b5\u03c4\u03b7 \u03c3\u03c4\u03ae\u03c1\u03b9\u03be\u03b7 \u03ba\u03b1\u03b9 \u03ba\u03b1\u03b8\u03b1\u03c1\u03cc \u03c6\u03b9\u03bd\u03af\u03c1\u03b9\u03c3\u03bc\u03b1\u2014\u03b9\u03b4\u03b1\u03bd\u03b9\u03ba\u03cc \u03b1\u03bd \u03c8\u03ac\u03c7\u03bd\u03b5\u03c4\u03b5 \u03b3\u03b9\u03b1 \u03c0\u03c1\u03b1\u03ba\u03c4\u03b9\u03ba\u03ac \u03b1\u03bb\u03bb\u03ac \u03ba\u03bf\u03bc\u03c8\u03ac \u03b5\u03c3\u03ce\u03c1\u03bf\u03c5\u03c7\u03b1.<\/p>\n<p>\u03a0\u03c1\u03ac\u03b3\u03bc\u03b1\u03c4\u03b1 \u03c0\u03bf\u03c5 \u03b8\u03b1 \u03bb\u03b1\u03c4\u03c1\u03ad\u03c8\u03b5\u03c4\u03b5 \u03c3\u03c4\u03b7 \u039c\u03b1\u03bd\u03bf\u03c5\u03ad\u03bb\u03b1<\/p>\n<ul>\n<li>\u03a7\u03c9\u03c1\u03af\u03c2 \u03ba\u03b1\u03bb\u03ce\u03b4\u03b9\u03b1: \u03c3\u03c5\u03bd\u03b5\u03c7\u03ae\u03c2 \u03ac\u03bd\u03b5\u03c3\u03b7, \u03c7\u03c9\u03c1\u03af\u03c2 \u03c0\u03af\u03b5\u03c3\u03b7.<\/li>\n<li>\u0391\u03c0\u03bf\u03c3\u03c4\u03ac\u03c4\u03b7\u03c2: \u03bc\u03ad\u03b3\u03b9\u03c3\u03c4\u03b7 \u03b1\u03bd\u03b1\u03c0\u03bd\u03bf\u03ae \u03ba\u03b1\u03b9 \u03c0\u03c1\u03bf\u03c3\u03b1\u03c1\u03bc\u03bf\u03c3\u03c4\u03b9\u03ba\u03cc\u03c4\u03b7\u03c4\u03b1 \u03c3\u03c4\u03bf \u03c3\u03c4\u03ae\u03b8\u03bf\u03c2.<\/li>\n<li>\u0386\u03bd\u03b5\u03c4\u03b7 \u03ba\u03b1\u03b9 \u03c3\u03c4\u03b1\u03b8\u03b5\u03c1\u03ae \u03c3\u03c4\u03ae\u03c1\u03b9\u03be\u03b7 \u03b3\u03b9\u03b1 \u03ba\u03b1\u03b8\u03b7\u03bc\u03b5\u03c1\u03b9\u03bd\u03ae \u03c7\u03c1\u03ae\u03c3\u03b7.<\/li>\n<li>\u039b\u03b5\u03af\u03bf \u03ba\u03b1\u03b9 \u03b4\u03b9\u03b1\u03ba\u03c1\u03b9\u03c4\u03b9\u03ba\u03cc \u03c6\u03b9\u03bd\u03af\u03c1\u03b9\u03c3\u03bc\u03b1 \u03ba\u03ac\u03c4\u03c9 \u03b1\u03c0\u03cc \u03c4\u03b1 \u03c1\u03bf\u03cd\u03c7\u03b1.<\/li>\n<li>\u0399\u03b4\u03b1\u03bd\u03b9\u03ba\u03cc \u03b3\u03b9\u03b1 \u03b5\u03c6\u03b1\u03c1\u03bc\u03bf\u03c3\u03c4\u03ac looks: \u03b4\u03b5\u03af\u03c7\u03bd\u03b5\u03b9 \u03cc\u03bc\u03bf\u03c1\u03c6\u03bf \u03ba\u03b1\u03b9 \u03c6\u03c5\u03c3\u03b9\u03ba\u03cc.<\/li>\n<\/ul>\n<p>\ud83d\udde3\ufe0f \u03a3\u03c5\u03bc\u03b2\u03bf\u03c5\u03bb\u03ae: \u03a4\u03bf Manuela \u03b5\u03af\u03bd\u03b1\u03b9 \u03b3\u03b9\u03b1 \u03cc\u03c4\u03b1\u03bd \u03b8\u03ad\u03bb\u03b5\u03c4\u03b5 \u03bd\u03b1 \u03bd\u03b9\u03ce\u03b8\u03b5\u03c4\u03b5 \u03b1\u03c0\u03cc\u03bb\u03c5\u03c4\u03b1 \u03ac\u03bd\u03b5\u03c4\u03b1 \u03cc\u03bb\u03b7 \u03bc\u03ad\u03c1\u03b1: \u03b1\u03bd\u03ac\u03bb\u03b1\u03c6\u03c1\u03b7 \u03b1\u03af\u03c3\u03b8\u03b7\u03c3\u03b7, \u03c7\u03c9\u03c1\u03af\u03c2 \u03c0\u03af\u03b5\u03c3\u03b7 \u03ba\u03b1\u03b9 \u03b5\u03c6\u03b1\u03c1\u03bc\u03bf\u03b3\u03ae \u03c0\u03bf\u03c5 \u03ba\u03b9\u03bd\u03b5\u03af\u03c4\u03b1\u03b9 \u03bc\u03b1\u03b6\u03af \u03c3\u03b1\u03c2 \u03c7\u03c9\u03c1\u03af\u03c2 \u03bd\u03b1 \u03c3\u03b1\u03c2 \u03b2\u03b1\u03c1\u03b1\u03af\u03bd\u03b5\u03b9. \u03a4\u03bf \u03b4\u03b9\u03b1\u03c7\u03c9\u03c1\u03b9\u03c3\u03c4\u03b9\u03ba\u03cc \u03ba\u03cd\u03c0\u03b5\u03bb\u03bb\u03bf \u03b5\u03af\u03bd\u03b1\u03b9 \u03b4\u03c1\u03bf\u03c3\u03b5\u03c1\u03cc \u03ba\u03b1\u03b9 \u03b1\u03c0\u03b1\u03bb\u03cc \u03ba\u03b1\u03b9 \u03c0\u03b1\u03c1\u03ad\u03c7\u03b5\u03b9 \u03b1\u03c5\u03c4\u03ae \u03c4\u03b7\u03bd \u03ac\u03bd\u03b5\u03c3\u03b7 \u03c3\u03b1\u03bd &quot;\u03b4\u03b5\u03cd\u03c4\u03b5\u03c1\u03bf \u03b4\u03ad\u03c1\u03bc\u03b1&quot; \u03c0\u03bf\u03c5 \u03c3\u03b1\u03c2 \u03ba\u03ac\u03bd\u03b5\u03b9 \u03bd\u03b1 \u03be\u03b5\u03c7\u03bd\u03ac\u03c4\u03b5 \u03cc\u03c4\u03b9 \u03c4\u03bf \u03c6\u03bf\u03c1\u03ac\u03c4\u03b5 \u03ba\u03b1\u03bd, \u03b1\u03ba\u03cc\u03bc\u03b1 \u03ba\u03b1\u03b9 \u03bc\u03b5 \u03c0\u03b9\u03bf \u03c3\u03c4\u03b5\u03bd\u03ac \u03bc\u03c0\u03bb\u03bf\u03c5\u03b6\u03ac\u03ba\u03b9\u03b1 \u03ba\u03b1\u03b9 \u03bc\u03c0\u03bb\u03bf\u03cd\u03b6\u03b5\u03c2.<\/p>\n<p>\ud83d\udccf \u03a3\u03b7\u03bc\u03b5\u03af\u03c9\u03c3\u03b7: \u0391\u03bd \u03b5\u03af\u03c3\u03c4\u03b5 \u03b1\u03bd\u03ac\u03bc\u03b5\u03c3\u03b1 \u03c3\u03b5 \u03b4\u03cd\u03bf \u03bc\u03b5\u03b3\u03ad\u03b8\u03b7, \u03b5\u03c0\u03b9\u03bb\u03ad\u03be\u03c4\u03b5 \u03c4\u03bf \u03bc\u03b5\u03b3\u03b1\u03bb\u03cd\u03c4\u03b5\u03c1\u03bf \u03bc\u03ad\u03b3\u03b5\u03b8\u03bf\u03c2 \u03b3\u03b9\u03b1 \u03c0\u03b9\u03bf \u03ac\u03bd\u03b5\u03c4\u03b7 \u03ba\u03b1\u03b9 \u03c7\u03b1\u03bb\u03b1\u03c1\u03ae \u03b5\u03c6\u03b1\u03c1\u03bc\u03bf\u03b3\u03ae. \u0395\u03c0\u03b9\u03bb\u03ad\u03be\u03c4\u03b5 \u03c4\u03bf \u03bc\u03b9\u03ba\u03c1\u03cc\u03c4\u03b5\u03c1\u03bf \u03bc\u03ad\u03b3\u03b5\u03b8\u03bf\u03c2 \u03b3\u03b9\u03b1 \u03c0\u03b9\u03bf \u03c3\u03c6\u03b9\u03c7\u03c4\u03ae \u03ba\u03b1\u03b9 \u03c5\u03c0\u03bf\u03c3\u03c4\u03b7\u03c1\u03b9\u03ba\u03c4\u03b9\u03ba\u03ae \u03b1\u03af\u03c3\u03b8\u03b7\u03c3\u03b7. \u039a\u03b1\u03b9, \u03b1\u03bd \u03b5\u03af\u03bd\u03b1\u03b9 \u03b4\u03c5\u03bd\u03b1\u03c4\u03cc\u03bd, \u03b5\u03bb\u03ad\u03b3\u03be\u03c4\u03b5 \u03c4\u03b7 \u03bc\u03ad\u03c4\u03c1\u03b7\u03c3\u03b7 \u03ba\u03ac\u03c4\u03c9 \u03b1\u03c0\u03cc \u03c4\u03bf \u03c3\u03c4\u03ae\u03b8\u03bf\u03c2 \u03c3\u03b1\u03c2 \u03b3\u03b9\u03b1 \u03bd\u03b1 \u03b2\u03b5\u03b2\u03b1\u03b9\u03c9\u03b8\u03b5\u03af\u03c4\u03b5 \u03cc\u03c4\u03b9 \u03c4\u03bf \u03ba\u03ac\u03bd\u03b5\u03c4\u03b5 \u03c3\u03c9\u03c3\u03c4\u03ac \u03bc\u03b5 \u03c4\u03b7\u03bd \u03c0\u03c1\u03ce\u03c4\u03b7 \u03c6\u03bf\u03c1\u03ac \u03ba\u03b1\u03b9 \u03cc\u03c4\u03b9 \u03b5\u03c6\u03b1\u03c1\u03bc\u03cc\u03b6\u03b5\u03b9 \u03c4\u03ad\u03bb\u03b5\u03b9\u03b1 \u03b1\u03c0\u03cc \u03c4\u03b7\u03bd \u03c0\u03c1\u03ce\u03c4\u03b7 \u03ba\u03b9\u03cc\u03bb\u03b1\u03c2 \u03c7\u03c1\u03ae\u03c3\u03b7.<\/p>\n<p>\u03a3\u03cd\u03bd\u03b8\u03b5\u03c3\u03b7: 70% \u03a0\u03bf\u03bb\u03c5\u03b5\u03c3\u03c4\u03ad\u03c1\u03b1\u03c2 \/ 18% \u03a0\u03bf\u03bb\u03c5\u03b1\u03bc\u03af\u03b4\u03b9\u03bf \/ 12% \u0395\u03bb\u03b1\u03c3\u03c4\u03ac\u03bd\u03b7.<\/p>\n<p>\u2601\ufe0f \u0391\u03af\u03c3\u03b8\u03b7\u03c3\u03b7 &quot;\u03b4\u03b5\u03cd\u03c4\u03b5\u03c1\u03bf\u03c5 \u03b4\u03ad\u03c1\u03bc\u03b1\u03c4\u03bf\u03c2&quot; \u03cc\u03bb\u03b7 \u03bc\u03ad\u03c1\u03b1.<\/p>","protected":false},"excerpt":{"rendered":"<p>El sujetador Selene modelo Manuela est\u00e1 pensado para cuando quieres comodidad real sin renunciar a una silueta bonita. Su dise\u00f1o sin aros y su copa spacer lo convierten en una opci\u00f3n s\u00faper agradable para el d\u00eda a d\u00eda: se adapta al pecho con suavidad, acompa\u00f1a el movimiento y se siente ligero desde el primer momento. [&hellip;]<\/p>\n","protected":false},"featured_media":1445,"comment_status":"open","ping_status":"closed","template":"","meta":{"content-type":""},"product_brand":[55],"product_cat":[101,27,20],"product_tag":[56,63],"class_list":{"0":"post-1158","1":"product","2":"type-product","3":"status-publish","4":"has-post-thumbnail","6":"product_brand-selene","7":"product_cat-manuela","8":"product_cat-sin-aros-con-relleno","9":"product_cat-sujetador","10":"product_tag-sujetador","11":"product_tag-sujetador-sin-aros-con-relleno","13":"first","14":"instock","15":"taxable","16":"shipping-taxable","17":"purchasable","18":"product-type-variable"},"supplier_id":null,"supplier_sku":"","barcode":null,"atum_controlled":true,"out_stock_date":null,"out_stock_threshold":null,"inheritable":true,"inbound_stock":0,"stock_on_hold":0,"sold_today":0,"sales_last_days":0,"reserved_stock":0,"customer_returns":0,"warehouse_damage":0,"lost_in_post":0,"other_logs":0,"out_stock_days":0,"lost_sales":0,"has_location":false,"update_date":"2026-01-07T19:41:04","atum_locations":[],"atum_stock_status":"instock","restock_status":false,"low_stock_amount":"","sales_update_date":"2025-10-03T04:56:44","calc_backorders":null,"yoast_head":"<!-- This site is optimized with the Yoast SEO plugin v27.4 - https:\/\/yoast.com\/product\/yoast-seo-wordpress\/ -->\n<title>Sujetador Selene Manuela - Rosana CL<\/title>\n<meta name=\"robots\" content=\"index, follow, max-snippet:-1, max-image-preview:large, max-video-preview:-1\" \/>\n<link rel=\"canonical\" href=\"https:\/\/rosanacl.com\/el\/product\/sujetador-modelo-manuela\/\" \/>\n<meta property=\"og:locale\" content=\"el_GR\" \/>\n<meta property=\"og:type\" content=\"article\" \/>\n<meta property=\"og:title\" content=\"Sujetador Selene Manuela - Rosana CL\" \/>\n<meta property=\"og:description\" content=\"El sujetador Selene modelo Manuela est\u00e1 pensado para cuando quieres comodidad real sin renunciar a una silueta bonita. Su dise\u00f1o sin aros y su copa spacer lo convierten en una opci\u00f3n s\u00faper agradable para el d\u00eda a d\u00eda: se adapta al pecho con suavidad, acompa\u00f1a el movimiento y se siente ligero desde el primer momento. [&hellip;]\" \/>\n<meta property=\"og:url\" content=\"https:\/\/rosanacl.com\/el\/product\/sujetador-modelo-manuela\/\" \/>\n<meta property=\"og:site_name\" content=\"Rosana CL\" \/>\n<meta property=\"article:modified_time\" content=\"2026-01-07T19:41:03+00:00\" \/>\n<meta property=\"og:image\" content=\"https:\/\/rosanacl.com\/wp-content\/uploads\/2025\/04\/Sujetador-modelo-Manuela-000001.webp\" \/>\n\t<meta property=\"og:image:width\" content=\"1000\" \/>\n\t<meta property=\"og:image:height\" content=\"1000\" \/>\n\t<meta property=\"og:image:type\" content=\"image\/webp\" \/>\n<meta name=\"twitter:card\" content=\"summary_large_image\" \/>\n<meta name=\"twitter:label1\" content=\"\u0395\u03ba\u03c4\u03b9\u03bc\u03ce\u03bc\u03b5\u03bd\u03bf\u03c2 \u03c7\u03c1\u03cc\u03bd\u03bf\u03c2 \u03b1\u03bd\u03ac\u03b3\u03bd\u03c9\u03c3\u03b7\u03c2\" \/>\n\t<meta name=\"twitter:data1\" content=\"2 \u03bb\u03b5\u03c0\u03c4\u03ac\" \/>\n<script type=\"application\/ld+json\" class=\"yoast-schema-graph\">{\"@context\":\"https:\\\/\\\/schema.org\",\"@graph\":[{\"@type\":\"WebPage\",\"@id\":\"https:\\\/\\\/rosanacl.com\\\/producto\\\/sujetador-modelo-manuela\\\/\",\"url\":\"https:\\\/\\\/rosanacl.com\\\/producto\\\/sujetador-modelo-manuela\\\/\",\"name\":\"Sujetador Selene Manuela - Rosana CL\",\"isPartOf\":{\"@id\":\"https:\\\/\\\/rosanacl.com\\\/ca\\\/#website\"},\"primaryImageOfPage\":{\"@id\":\"https:\\\/\\\/rosanacl.com\\\/producto\\\/sujetador-modelo-manuela\\\/#primaryimage\"},\"image\":{\"@id\":\"https:\\\/\\\/rosanacl.com\\\/producto\\\/sujetador-modelo-manuela\\\/#primaryimage\"},\"thumbnailUrl\":\"https:\\\/\\\/rosanacl.com\\\/wp-content\\\/uploads\\\/2025\\\/04\\\/Sujetador-modelo-Manuela-000001.webp\",\"datePublished\":\"2025-04-29T22:57:25+00:00\",\"dateModified\":\"2026-01-07T19:41:03+00:00\",\"breadcrumb\":{\"@id\":\"https:\\\/\\\/rosanacl.com\\\/producto\\\/sujetador-modelo-manuela\\\/#breadcrumb\"},\"inLanguage\":\"el\",\"potentialAction\":[{\"@type\":\"ReadAction\",\"target\":[\"https:\\\/\\\/rosanacl.com\\\/producto\\\/sujetador-modelo-manuela\\\/\"]}]},{\"@type\":\"ImageObject\",\"inLanguage\":\"el\",\"@id\":\"https:\\\/\\\/rosanacl.com\\\/producto\\\/sujetador-modelo-manuela\\\/#primaryimage\",\"url\":\"https:\\\/\\\/rosanacl.com\\\/wp-content\\\/uploads\\\/2025\\\/04\\\/Sujetador-modelo-Manuela-000001.webp\",\"contentUrl\":\"https:\\\/\\\/rosanacl.com\\\/wp-content\\\/uploads\\\/2025\\\/04\\\/Sujetador-modelo-Manuela-000001.webp\",\"width\":1000,\"height\":1000},{\"@type\":\"BreadcrumbList\",\"@id\":\"https:\\\/\\\/rosanacl.com\\\/producto\\\/sujetador-modelo-manuela\\\/#breadcrumb\",\"itemListElement\":[{\"@type\":\"ListItem\",\"position\":1,\"name\":\"Portada\",\"item\":\"https:\\\/\\\/rosanacl.com\\\/ca\\\/\"},{\"@type\":\"ListItem\",\"position\":2,\"name\":\"Tienda\",\"item\":\"https:\\\/\\\/rosanacl.com\\\/ca\\\/tienda\\\/\"},{\"@type\":\"ListItem\",\"position\":3,\"name\":\"Sujetador Selene Manuela\"}]},{\"@type\":\"WebSite\",\"@id\":\"https:\\\/\\\/rosanacl.com\\\/ca\\\/#website\",\"url\":\"https:\\\/\\\/rosanacl.com\\\/ca\\\/\",\"name\":\"Rosana CL\",\"description\":\"Somos tu interior\",\"potentialAction\":[{\"@type\":\"SearchAction\",\"target\":{\"@type\":\"EntryPoint\",\"urlTemplate\":\"https:\\\/\\\/rosanacl.com\\\/ca\\\/?s={search_term_string}\"},\"query-input\":{\"@type\":\"PropertyValueSpecification\",\"valueRequired\":true,\"valueName\":\"search_term_string\"}}],\"inLanguage\":\"el\"}]}<\/script>\n<!-- \/ Yoast SEO plugin. -->","yoast_head_json":{"title":"Sujetador Selene Manuela - Rosana CL","robots":{"index":"index","follow":"follow","max-snippet":"max-snippet:-1","max-image-preview":"max-image-preview:large","max-video-preview":"max-video-preview:-1"},"canonical":"https:\/\/rosanacl.com\/el\/product\/sujetador-modelo-manuela\/","og_locale":"el_GR","og_type":"article","og_title":"Sujetador Selene Manuela - Rosana CL","og_description":"El sujetador Selene modelo Manuela est\u00e1 pensado para cuando quieres comodidad real sin renunciar a una silueta bonita. Su dise\u00f1o sin aros y su copa spacer lo convierten en una opci\u00f3n s\u00faper agradable para el d\u00eda a d\u00eda: se adapta al pecho con suavidad, acompa\u00f1a el movimiento y se siente ligero desde el primer momento. [&hellip;]","og_url":"https:\/\/rosanacl.com\/el\/product\/sujetador-modelo-manuela\/","og_site_name":"Rosana CL","article_modified_time":"2026-01-07T19:41:03+00:00","og_image":[{"width":1000,"height":1000,"url":"https:\/\/rosanacl.com\/wp-content\/uploads\/2025\/04\/Sujetador-modelo-Manuela-000001.webp","type":"image\/webp"}],"twitter_card":"summary_large_image","twitter_misc":{"\u0395\u03ba\u03c4\u03b9\u03bc\u03ce\u03bc\u03b5\u03bd\u03bf\u03c2 \u03c7\u03c1\u03cc\u03bd\u03bf\u03c2 \u03b1\u03bd\u03ac\u03b3\u03bd\u03c9\u03c3\u03b7\u03c2":"2 \u03bb\u03b5\u03c0\u03c4\u03ac"},"schema":{"@context":"https:\/\/schema.org","@graph":[{"@type":"WebPage","@id":"https:\/\/rosanacl.com\/producto\/sujetador-modelo-manuela\/","url":"https:\/\/rosanacl.com\/producto\/sujetador-modelo-manuela\/","name":"Sujetador Selene Manuela - Rosana CL","isPartOf":{"@id":"https:\/\/rosanacl.com\/ca\/#website"},"primaryImageOfPage":{"@id":"https:\/\/rosanacl.com\/producto\/sujetador-modelo-manuela\/#primaryimage"},"image":{"@id":"https:\/\/rosanacl.com\/producto\/sujetador-modelo-manuela\/#primaryimage"},"thumbnailUrl":"https:\/\/rosanacl.com\/wp-content\/uploads\/2025\/04\/Sujetador-modelo-Manuela-000001.webp","datePublished":"2025-04-29T22:57:25+00:00","dateModified":"2026-01-07T19:41:03+00:00","breadcrumb":{"@id":"https:\/\/rosanacl.com\/producto\/sujetador-modelo-manuela\/#breadcrumb"},"inLanguage":"el","potentialAction":[{"@type":"ReadAction","target":["https:\/\/rosanacl.com\/producto\/sujetador-modelo-manuela\/"]}]},{"@type":"ImageObject","inLanguage":"el","@id":"https:\/\/rosanacl.com\/producto\/sujetador-modelo-manuela\/#primaryimage","url":"https:\/\/rosanacl.com\/wp-content\/uploads\/2025\/04\/Sujetador-modelo-Manuela-000001.webp","contentUrl":"https:\/\/rosanacl.com\/wp-content\/uploads\/2025\/04\/Sujetador-modelo-Manuela-000001.webp","width":1000,"height":1000},{"@type":"BreadcrumbList","@id":"https:\/\/rosanacl.com\/producto\/sujetador-modelo-manuela\/#breadcrumb","itemListElement":[{"@type":"ListItem","position":1,"name":"Portada","item":"https:\/\/rosanacl.com\/ca\/"},{"@type":"ListItem","position":2,"name":"Tienda","item":"https:\/\/rosanacl.com\/ca\/tienda\/"},{"@type":"ListItem","position":3,"name":"Sujetador Selene Manuela"}]},{"@type":"WebSite","@id":"https:\/\/rosanacl.com\/ca\/#website","url":"https:\/\/rosanacl.com\/ca\/","name":"\u03a1\u03bf\u03b6\u03ac\u03bd\u03b1 \u039a\u039b","description":"\u0395\u03af\u03bc\u03b1\u03c3\u03c4\u03b5 \u03bf \u03b5\u03c3\u03c9\u03c4\u03b5\u03c1\u03b9\u03ba\u03cc\u03c2 \u03c3\u03b1\u03c2 \u03c7\u03ce\u03c1\u03bf\u03c2","potentialAction":[{"@type":"SearchAction","target":{"@type":"EntryPoint","urlTemplate":"https:\/\/rosanacl.com\/ca\/?s={search_term_string}"},"query-input":{"@type":"PropertyValueSpecification","valueRequired":true,"valueName":"search_term_string"}}],"inLanguage":"el"}]}},"_links":{"self":[{"href":"https:\/\/rosanacl.com\/el\/wp-json\/wp\/v2\/product\/1158","targetHints":{"allow":["GET"]}}],"collection":[{"href":"https:\/\/rosanacl.com\/el\/wp-json\/wp\/v2\/product"}],"about":[{"href":"https:\/\/rosanacl.com\/el\/wp-json\/wp\/v2\/types\/product"}],"replies":[{"embeddable":true,"href":"https:\/\/rosanacl.com\/el\/wp-json\/wp\/v2\/comments?post=1158"}],"version-history":[{"count":5,"href":"https:\/\/rosanacl.com\/el\/wp-json\/wp\/v2\/product\/1158\/revisions"}],"predecessor-version":[{"id":4609,"href":"https:\/\/rosanacl.com\/el\/wp-json\/wp\/v2\/product\/1158\/revisions\/4609"}],"wp:featuredmedia":[{"embeddable":true,"href":"https:\/\/rosanacl.com\/el\/wp-json\/wp\/v2\/media\/1445"}],"wp:attachment":[{"href":"https:\/\/rosanacl.com\/el\/wp-json\/wp\/v2\/media?parent=1158"}],"wp:term":[{"taxonomy":"product_brand","embeddable":true,"href":"https:\/\/rosanacl.com\/el\/wp-json\/wp\/v2\/product_brand?post=1158"},{"taxonomy":"product_cat","embeddable":true,"href":"https:\/\/rosanacl.com\/el\/wp-json\/wp\/v2\/product_cat?post=1158"},{"taxonomy":"product_tag","embeddable":true,"href":"https:\/\/rosanacl.com\/el\/wp-json\/wp\/v2\/product_tag?post=1158"}],"curies":[{"name":"wp","href":"https:\/\/api.w.org\/{rel}","templated":true}]}}