{"id":3446,"date":"2025-08-19T09:18:31","date_gmt":"2025-08-19T07:18:31","guid":{"rendered":"https:\/\/rosanacl.com\/?post_type=product&#038;p=3446"},"modified":"2026-01-08T03:07:48","modified_gmt":"2026-01-08T02:07:48","slug":"braga-selene-roxana","status":"publish","type":"product","link":"https:\/\/rosanacl.com\/el\/product\/braga-selene-roxana\/","title":{"rendered":"\u039c\u03c0\u03c1\u03ac\u03b3\u03ba\u03b1 \u03a3\u03b5\u03bb\u03ad\u03bd\u03b5 \u03a1\u03bf\u03be\u03ac\u03bd\u03b1"},"content":{"rendered":"<p>\u03a4\u03b1 \u03c3\u03bb\u03b9\u03c0 Selene Roxana \u03b5\u03af\u03bd\u03b1\u03b9 \u03c8\u03b7\u03bb\u03cc\u03bc\u03b5\u03c3\u03b1, \u03c3\u03c7\u03b5\u03b4\u03b9\u03b1\u03c3\u03bc\u03ad\u03bd\u03b1 \u03b3\u03b9\u03b1 \u03bd\u03b1 \u03bb\u03b5\u03b9\u03b1\u03af\u03bd\u03bf\u03c5\u03bd \u03ac\u03bd\u03b5\u03c4\u03b1 \u03ba\u03b1\u03b9 \u03ba\u03bf\u03bc\u03c8\u03ac \u03c4\u03b7\u03bd \u03c0\u03b5\u03c1\u03b9\u03bf\u03c7\u03ae \u03c4\u03b7\u03c2 \u03ba\u03bf\u03b9\u03bb\u03b9\u03ac\u03c2. \u039f \u03c3\u03c5\u03bd\u03b4\u03c5\u03b1\u03c3\u03bc\u03cc\u03c2 \u03c4\u03bf\u03cd\u03bb\u03b9 \u03ba\u03b1\u03b9 \u03b4\u03b9\u03b1\u03ba\u03bf\u03c3\u03bc\u03b7\u03c4\u03b9\u03ba\u03ae\u03c2 \u03bb\u03b5\u03c0\u03c4\u03bf\u03bc\u03ad\u03c1\u03b5\u03b9\u03b1\u03c2 \u03c3\u03c4\u03bf \u03bc\u03c0\u03c1\u03bf\u03c3\u03c4\u03b9\u03bd\u03cc \u03bc\u03ad\u03c1\u03bf\u03c2 \u03c0\u03c1\u03bf\u03c3\u03b8\u03ad\u03c4\u03b5\u03b9 \u03bc\u03b9\u03b1 \u03bb\u03b5\u03c0\u03c4\u03ae \u03ba\u03b1\u03b9 \u03b8\u03b7\u03bb\u03c5\u03ba\u03ae \u03c0\u03b9\u03bd\u03b5\u03bb\u03b9\u03ac, \u03b9\u03b4\u03b1\u03bd\u03b9\u03ba\u03ae \u03b3\u03b9\u03b1 \u03b1\u03af\u03c3\u03b8\u03b7\u03c3\u03b7 \u03c3\u03c4\u03ae\u03c1\u03b9\u03be\u03b7\u03c2 \u03c7\u03c9\u03c1\u03af\u03c2 \u03bd\u03b1 \u03b8\u03c5\u03c3\u03b9\u03ac\u03b6\u03b5\u03c4\u03b1\u03b9 \u03b7 \u03b1\u03c0\u03b1\u03bb\u03cc\u03c4\u03b7\u03c4\u03b1.<\/p>\n<p>\u0395\u03af\u03bd\u03b1\u03b9 \u03b9\u03b4\u03b1\u03bd\u03b9\u03ba\u03cc \u03b1\u03bd \u03c8\u03ac\u03c7\u03bd\u03b5\u03c4\u03b5 \u03b3\u03b9\u03b1 \u03b5\u03c3\u03ce\u03c1\u03bf\u03c5\u03c7\u03b1 \u03c0\u03bf\u03c5 \u03c3\u03b1\u03c2 \u03c3\u03c5\u03c3\u03c6\u03af\u03b3\u03b3\u03bf\u03c5\u03bd, \u03c3\u03b1\u03c2 \u03bb\u03b5\u03b9\u03b1\u03af\u03bd\u03bf\u03c5\u03bd \u03ba\u03b1\u03b9 \u03c3\u03b1\u03c2 \u03c3\u03c5\u03bd\u03bf\u03b4\u03b5\u03cd\u03bf\u03c5\u03bd \u03ba\u03ac\u03b8\u03b5 \u03bc\u03ad\u03c1\u03b1, \u03bc\u03b5 \u03ad\u03bd\u03b1 \u03cc\u03bc\u03bf\u03c1\u03c6\u03bf \u03c3\u03c7\u03ad\u03b4\u03b9\u03bf \u03c0\u03bf\u03c5 \u03b8\u03b1 \u03c0\u03c1\u03bf\u03c3\u03ad\u03be\u03b5\u03c4\u03b5 \u03cc\u03c4\u03b1\u03bd \u03c4\u03bf \u03c6\u03bf\u03c1\u03ad\u03c3\u03b5\u03c4\u03b5.<\/p>\n<p>\u03a4\u03b9 \u03b8\u03b1 \u03c3\u03bf\u03c5 \u03b1\u03c1\u03ad\u03c3\u03b5\u03b9<\/p>\n<ul>\n<li>\u0388\u03bb\u03b5\u03b3\u03c7\u03bf\u03c2 \u03bc\u03b5 \u03c8\u03b7\u03bb\u03ae \u03bc\u03ad\u03c3\u03b7: \u03b2\u03bf\u03b7\u03b8\u03ac \u03c3\u03c4\u03b7\u03bd \u03bf\u03c0\u03c4\u03b9\u03ba\u03ae \u03bb\u03b5\u03af\u03b1\u03bd\u03c3\u03b7 \u03ba\u03b1\u03b9 \u03b4\u03b9\u03b1\u03c4\u03b7\u03c1\u03b5\u03af \u03c4\u03b7\u03bd \u03b5\u03c6\u03b1\u03c1\u03bc\u03bf\u03b3\u03ae \u03c4\u03bf\u03c5 \u03b5\u03bd\u03b4\u03cd\u03bc\u03b1\u03c4\u03bf\u03c2.<\/li>\n<li>\u03a0\u03b9\u03bf \u03bb\u03b5\u03af\u03b1 \u03b1\u03af\u03c3\u03b8\u03b7\u03c3\u03b7 \u03c3\u03c4\u03b7\u03bd \u03ba\u03bf\u03b9\u03bb\u03b9\u03ac: \u03ba\u03c1\u03b1\u03c4\u03ac\u03b5\u03b9 \u03ac\u03bd\u03b5\u03c4\u03b1, \u03c7\u03c9\u03c1\u03af\u03c2 \u03b1\u03af\u03c3\u03b8\u03b7\u03c3\u03b7 \u00ab\u03c3\u03ba\u03bb\u03b7\u03c1\u03cc\u03c4\u03b7\u03c4\u03b1\u03c2\u00bb.<\/li>\n<li>\u03a6\u03b1\u03bd\u03c4\u03b1\u03c3\u03af\u03b1 \u03b1\u03c0\u03cc \u03c4\u03bf\u03cd\u03bb\u03b9 + \u03bc\u03c0\u03c1\u03bf\u03c3\u03c4\u03b9\u03bd\u03cc \u03bc\u03ad\u03c1\u03bf\u03c2: \u03bc\u03b9\u03b1 \u03ba\u03bf\u03bc\u03c8\u03ae \u03bb\u03b5\u03c0\u03c4\u03bf\u03bc\u03ad\u03c1\u03b5\u03b9\u03b1 \u03c0\u03bf\u03c5 \u03b1\u03bd\u03b1\u03b2\u03b1\u03b8\u03bc\u03af\u03b6\u03b5\u03b9 \u03c4\u03b7\u03bd \u03b5\u03bc\u03c6\u03ac\u03bd\u03b9\u03c3\u03b7 \u03c7\u03c9\u03c1\u03af\u03c2 \u03bd\u03b1 \u03b5\u03af\u03bd\u03b1\u03b9 \u03c5\u03c0\u03b5\u03c1\u03b2\u03bf\u03bb\u03b9\u03ba\u03ae.<\/li>\n<li>\u0386\u03bd\u03b5\u03c4\u03bf \u03cd\u03c6\u03b1\u03c3\u03bc\u03b1 \u03b3\u03b9\u03b1 \u03ba\u03b1\u03b8\u03b7\u03bc\u03b5\u03c1\u03b9\u03bd\u03ae \u03c7\u03c1\u03ae\u03c3\u03b7: \u03c0\u03c1\u03bf\u03c3\u03b1\u03c1\u03bc\u03cc\u03b6\u03b5\u03c4\u03b1\u03b9 \u03c3\u03c4\u03bf \u03c3\u03ce\u03bc\u03b1 \u03ba\u03b1\u03b9 \u03ba\u03b9\u03bd\u03b5\u03af\u03c4\u03b1\u03b9 \u03bc\u03b1\u03b6\u03af \u03c3\u03b1\u03c2.<\/li>\n<li>\u03a0\u03c1\u03bf\u03c4\u03b5\u03b9\u03bd\u03cc\u03bc\u03b5\u03bd\u03bf \u03c3\u03b5\u03c4: \u03c3\u03c5\u03bd\u03b4\u03c5\u03ac\u03c3\u03c4\u03b5 \u03c4\u03bf \u03bc\u03b5 \u03c4\u03bf \u03c3\u03bf\u03c5\u03c4\u03b9\u03ad\u03bd Selene Roxana \u03ba\u03b1\u03b9 \u03c4\u03bf \u03c3\u03bf\u03c5\u03c4\u03b9\u03ad\u03bd Selene Katia \u03b3\u03b9\u03b1 \u03ad\u03bd\u03b1 \u03c4\u03ad\u03bb\u03b5\u03b9\u03bf \u03c3\u03b5\u03c4.<\/li>\n<\/ul>\n<p>\ud83d\udde3\ufe0f \u03a3\u03c5\u03bc\u03b2\u03bf\u03c5\u03bb\u03ae: \u03a4\u03bf Roxana \u03ad\u03c7\u03b5\u03b9 \u03c3\u03c7\u03b5\u03b4\u03b9\u03b1\u03c3\u03c4\u03b5\u03af \u03b3\u03b9\u03b1 \u03bd\u03b1 \u03c3\u03b1\u03c2 \u03c0\u03c1\u03bf\u03c3\u03c6\u03ad\u03c1\u03b5\u03b9 \u00ab\u03ba\u03b1\u03bb\u03cc \u03ad\u03bb\u03b5\u03b3\u03c7\u03bf\u00bb: \u03cc\u03c4\u03b1\u03bd \u03c4\u03bf \u03c6\u03bf\u03c1\u03ac\u03c4\u03b5, \u03b8\u03b1 \u03c0\u03c1\u03ad\u03c0\u03b5\u03b9 \u03bd\u03b1 \u03b5\u03af\u03bd\u03b1\u03b9 \u03c3\u03c6\u03b9\u03c7\u03c4\u03cc \u03b1\u03bb\u03bb\u03ac \u03ba\u03b1\u03b9 \u03ac\u03bd\u03b5\u03c4\u03bf, \u03c3\u03b1\u03bd \u03b5\u03c3\u03ce\u03c1\u03bf\u03c5\u03c7\u03bf \u03c0\u03bf\u03c5 \u03b1\u03bd\u03b1\u03c3\u03b7\u03ba\u03ce\u03bd\u03b5\u03b9 \u03ba\u03b1\u03b9 \u03bb\u03b5\u03b9\u03b1\u03af\u03bd\u03b5\u03b9 \u03c4\u03b7\u03bd \u03ba\u03bf\u03b9\u03bb\u03b9\u03ac \u03c3\u03b1\u03c2 \u03c7\u03c9\u03c1\u03af\u03c2 \u03bd\u03b1 \u03c3\u03b1\u03c2 \u03c3\u03c6\u03af\u03b3\u03b3\u03b5\u03b9 \u03ae \u03bd\u03b1 \u03c3\u03b1\u03c2 \u03ba\u03ac\u03bd\u03b5\u03b9 \u03bd\u03b1 \u03bd\u03b9\u03ce\u03b8\u03b5\u03c4\u03b5 \u03c3\u03b1\u03bd \u03bd\u03b1 \u03c6\u03bf\u03c1\u03ac\u03c4\u03b5 \u03c0\u03b1\u03bd\u03bf\u03c0\u03bb\u03af\u03b1. \u0391\u03bd \u03c0\u03b1\u03c1\u03b1\u03c4\u03b7\u03c1\u03ae\u03c3\u03b5\u03c4\u03b5 \u03cc\u03c4\u03b9 \u03ba\u03b9\u03bd\u03b5\u03af\u03c4\u03b1\u03b9 \u03bc\u03b1\u03b6\u03af \u03c3\u03b1\u03c2 (\u03ba\u03b1\u03b9 \u03b4\u03b5\u03bd \u03c3\u03c6\u03af\u03b3\u03b3\u03b5\u03b9) \u03cc\u03c4\u03b1\u03bd \u03c0\u03b5\u03c1\u03c0\u03b1\u03c4\u03ac\u03c4\u03b5 \u03ba\u03b1\u03b9 \u03ba\u03ac\u03b8\u03b5\u03c3\u03c4\u03b5, \u03c4\u03cc\u03c4\u03b5 \u03b1\u03c5\u03c4\u03ae \u03b5\u03af\u03bd\u03b1\u03b9 \u03b7 \u03c3\u03c9\u03c3\u03c4\u03ae \u03b1\u03af\u03c3\u03b8\u03b7\u03c3\u03b7 \u03b3\u03b9\u03b1 \u03b1\u03c5\u03c4\u03cc \u03c4\u03bf \u03c3\u03c4\u03c5\u03bb.<\/p>\n<p>\ud83d\udccf \u03a3\u03b7\u03bc\u03b5\u03af\u03c9\u03c3\u03b7: \u03a0\u03c1\u03b9\u03bd \u03b1\u03c0\u03cc \u03c4\u03b7\u03bd \u03b1\u03b3\u03bf\u03c1\u03ac, \u03bb\u03ac\u03b2\u03b5\u03c4\u03b5 \u03c5\u03c0\u03cc\u03c8\u03b7 \u03c4\u03bf \u03b5\u03be\u03ae\u03c2: \u03ba\u03b1\u03b8\u03ce\u03c2 \u03c0\u03c1\u03cc\u03ba\u03b5\u03b9\u03c4\u03b1\u03b9 \u03b3\u03b9\u03b1 \u03c8\u03b7\u03bb\u03cc\u03bc\u03b5\u03c3\u03b1 \u03c3\u03bb\u03b9\u03c0 \u03bc\u03b5 \u03ba\u03bf\u03bd\u03c4\u03cc \u03c4\u03b5\u03bb\u03b5\u03af\u03c9\u03bc\u03b1, \u03b1\u03bd \u03b5\u03af\u03c3\u03c4\u03b5 \u03b1\u03bd\u03ac\u03bc\u03b5\u03c3\u03b1 \u03c3\u03b5 \u03b4\u03b9\u03b1\u03c6\u03bf\u03c1\u03b5\u03c4\u03b9\u03ba\u03ac \u03bc\u03b5\u03b3\u03ad\u03b8\u03b7 \u03ae \u03c0\u03c1\u03bf\u03c4\u03b9\u03bc\u03ac\u03c4\u03b5 \u03bc\u03b9\u03b1 \u03c0\u03b9\u03bf \u00ab\u03b1\u03c0\u03b1\u03bb\u03ae\u00bb \u03b5\u03c6\u03b1\u03c1\u03bc\u03bf\u03b3\u03ae, \u03b5\u03af\u03bd\u03b1\u03b9 \u03c3\u03c5\u03bd\u03ae\u03b8\u03c9\u03c2 \u03ba\u03b1\u03bb\u03cd\u03c4\u03b5\u03c1\u03bf \u03bd\u03b1 \u03b5\u03c0\u03b9\u03bb\u03ad\u03be\u03b5\u03c4\u03b5 \u03c4\u03bf \u03bc\u03b5\u03b3\u03b1\u03bb\u03cd\u03c4\u03b5\u03c1\u03bf \u03bc\u03ad\u03b3\u03b5\u03b8\u03bf\u03c2, \u03ce\u03c3\u03c4\u03b5 \u03b7 \u03b6\u03ce\u03bd\u03b7 \u03bd\u03b1 \u03b5\u03af\u03bd\u03b1\u03b9 \u03b5\u03c0\u03af\u03c0\u03b5\u03b4\u03b7 \u03ba\u03b1\u03b9 \u03bb\u03b5\u03af\u03b1 (\u03c7\u03c9\u03c1\u03af\u03c2 \u03bd\u03b1 \u03b1\u03c6\u03ae\u03bd\u03b5\u03b9 \u03c3\u03b7\u03bc\u03ac\u03b4\u03b9\u03b1) \u03ba\u03b1\u03b9 \u03bd\u03b1 \u03b4\u03b9\u03b1\u03c4\u03b7\u03c1\u03b5\u03af\u03c4\u03b5 \u03bc\u03b9\u03b1 \u03ac\u03bd\u03b5\u03c4\u03b7 \u03b1\u03af\u03c3\u03b8\u03b7\u03c3\u03b7 \u03cc\u03bb\u03b7 \u03bc\u03ad\u03c1\u03b1.<\/p>\n<p>Composici\u00f3n: 83% poliamida, 17% elastano.<br \/>\n(Refuerzo interior en la zona \u00edntima: algod\u00f3n, en la mayor\u00eda de modelos.)<\/p>\n<p>\ud83d\udc57 \u0397 \u03bb\u03b5\u03c0\u03c4\u03bf\u03bc\u03ad\u03c1\u03b5\u03b9\u03b1 \u03c0\u03bf\u03c5 \u03ba\u03ac\u03bd\u03b5\u03b9 \u03c4\u03b7 \u03b4\u03b9\u03b1\u03c6\u03bf\u03c1\u03ac: \u03cc\u03bc\u03bf\u03c1\u03c6\u03bf\u03c2, \u03ba\u03bf\u03bc\u03c8\u03cc\u03c2 \u03ba\u03b1\u03b9 \u03ac\u03bd\u03b5\u03c4\u03bf\u03c2 \u03ad\u03bb\u03b5\u03b3\u03c7\u03bf\u03c2\u2026 \u03cc\u03bb\u03b7 \u03bc\u03ad\u03c1\u03b1.<\/p>\n<div id=\"v1ms-outlook-mobile-body-separator-line\" dir=\"auto\"><\/div>","protected":false},"excerpt":{"rendered":"<p>La Braga Selene Roxana es una braga alta de control pensada para estilizar la zona del vientre con comodidad y un acabado elegante. Su combinaci\u00f3n de tul y detalle de fantas\u00eda en la parte delantera aporta un toque fino y femenino, ideal para sentirte sujeta sin renunciar a la suavidad. Es perfecta si buscas una [&hellip;]<\/p>\n","protected":false},"featured_media":3471,"comment_status":"closed","ping_status":"closed","template":"","meta":{"content-type":""},"product_brand":[55],"product_cat":[19],"product_tag":[69],"class_list":{"0":"post-3446","1":"product","2":"type-product","3":"status-publish","4":"has-post-thumbnail","6":"product_brand-selene","7":"product_cat-braga","8":"product_tag-braga","10":"first","11":"instock","12":"taxable","13":"shipping-taxable","14":"purchasable","15":"product-type-variable"},"supplier_id":null,"supplier_sku":"","barcode":null,"atum_controlled":true,"out_stock_date":null,"out_stock_threshold":null,"inheritable":true,"inbound_stock":0,"stock_on_hold":0,"sold_today":null,"sales_last_days":null,"reserved_stock":0,"customer_returns":0,"warehouse_damage":0,"lost_in_post":0,"other_logs":0,"out_stock_days":null,"lost_sales":null,"has_location":false,"update_date":"2026-01-08T02:07:49","atum_locations":[],"atum_stock_status":"instock","restock_status":false,"low_stock_amount":"","sales_update_date":"2025-10-03T04:55:32","calc_backorders":null,"yoast_head":"<!-- This site is optimized with the Yoast SEO plugin v27.4 - https:\/\/yoast.com\/product\/yoast-seo-wordpress\/ -->\n<title>Braga Selene Roxana - Rosana CL<\/title>\n<meta name=\"robots\" content=\"index, follow, max-snippet:-1, max-image-preview:large, max-video-preview:-1\" \/>\n<link rel=\"canonical\" href=\"https:\/\/rosanacl.com\/el\/product\/braga-selene-roxana\/\" \/>\n<meta property=\"og:locale\" content=\"el_GR\" \/>\n<meta property=\"og:type\" content=\"article\" \/>\n<meta property=\"og:title\" content=\"Braga Selene Roxana - Rosana CL\" \/>\n<meta property=\"og:description\" content=\"La Braga Selene Roxana es una braga alta de control pensada para estilizar la zona del vientre con comodidad y un acabado elegante. Su combinaci\u00f3n de tul y detalle de fantas\u00eda en la parte delantera aporta un toque fino y femenino, ideal para sentirte sujeta sin renunciar a la suavidad. Es perfecta si buscas una [&hellip;]\" \/>\n<meta property=\"og:url\" content=\"https:\/\/rosanacl.com\/el\/product\/braga-selene-roxana\/\" \/>\n<meta property=\"og:site_name\" content=\"Rosana CL\" \/>\n<meta property=\"article:modified_time\" content=\"2026-01-08T02:07:48+00:00\" \/>\n<meta property=\"og:image\" content=\"https:\/\/rosanacl.com\/wp-content\/uploads\/2025\/08\/1-7-1024x1024.png\" \/>\n\t<meta property=\"og:image:width\" content=\"1024\" \/>\n\t<meta property=\"og:image:height\" content=\"1024\" \/>\n\t<meta property=\"og:image:type\" content=\"image\/png\" \/>\n<meta name=\"twitter:card\" content=\"summary_large_image\" \/>\n<meta name=\"twitter:label1\" content=\"\u0395\u03ba\u03c4\u03b9\u03bc\u03ce\u03bc\u03b5\u03bd\u03bf\u03c2 \u03c7\u03c1\u03cc\u03bd\u03bf\u03c2 \u03b1\u03bd\u03ac\u03b3\u03bd\u03c9\u03c3\u03b7\u03c2\" \/>\n\t<meta name=\"twitter:data1\" content=\"2 \u03bb\u03b5\u03c0\u03c4\u03ac\" \/>\n<script type=\"application\/ld+json\" class=\"yoast-schema-graph\">{\"@context\":\"https:\\\/\\\/schema.org\",\"@graph\":[{\"@type\":\"WebPage\",\"@id\":\"https:\\\/\\\/rosanacl.com\\\/producto\\\/braga-selene-roxana\\\/\",\"url\":\"https:\\\/\\\/rosanacl.com\\\/producto\\\/braga-selene-roxana\\\/\",\"name\":\"Braga Selene Roxana - Rosana CL\",\"isPartOf\":{\"@id\":\"https:\\\/\\\/rosanacl.com\\\/ca\\\/#website\"},\"primaryImageOfPage\":{\"@id\":\"https:\\\/\\\/rosanacl.com\\\/producto\\\/braga-selene-roxana\\\/#primaryimage\"},\"image\":{\"@id\":\"https:\\\/\\\/rosanacl.com\\\/producto\\\/braga-selene-roxana\\\/#primaryimage\"},\"thumbnailUrl\":\"https:\\\/\\\/rosanacl.com\\\/wp-content\\\/uploads\\\/2025\\\/08\\\/1-7.png\",\"datePublished\":\"2025-08-19T07:18:31+00:00\",\"dateModified\":\"2026-01-08T02:07:48+00:00\",\"breadcrumb\":{\"@id\":\"https:\\\/\\\/rosanacl.com\\\/producto\\\/braga-selene-roxana\\\/#breadcrumb\"},\"inLanguage\":\"el\",\"potentialAction\":[{\"@type\":\"ReadAction\",\"target\":[\"https:\\\/\\\/rosanacl.com\\\/producto\\\/braga-selene-roxana\\\/\"]}]},{\"@type\":\"ImageObject\",\"inLanguage\":\"el\",\"@id\":\"https:\\\/\\\/rosanacl.com\\\/producto\\\/braga-selene-roxana\\\/#primaryimage\",\"url\":\"https:\\\/\\\/rosanacl.com\\\/wp-content\\\/uploads\\\/2025\\\/08\\\/1-7.png\",\"contentUrl\":\"https:\\\/\\\/rosanacl.com\\\/wp-content\\\/uploads\\\/2025\\\/08\\\/1-7.png\",\"width\":1333,\"height\":1333},{\"@type\":\"BreadcrumbList\",\"@id\":\"https:\\\/\\\/rosanacl.com\\\/producto\\\/braga-selene-roxana\\\/#breadcrumb\",\"itemListElement\":[{\"@type\":\"ListItem\",\"position\":1,\"name\":\"Portada\",\"item\":\"https:\\\/\\\/rosanacl.com\\\/ca\\\/\"},{\"@type\":\"ListItem\",\"position\":2,\"name\":\"Tienda\",\"item\":\"https:\\\/\\\/rosanacl.com\\\/ca\\\/tienda\\\/\"},{\"@type\":\"ListItem\",\"position\":3,\"name\":\"Braga Selene Roxana\"}]},{\"@type\":\"WebSite\",\"@id\":\"https:\\\/\\\/rosanacl.com\\\/ca\\\/#website\",\"url\":\"https:\\\/\\\/rosanacl.com\\\/ca\\\/\",\"name\":\"Rosana CL\",\"description\":\"Somos tu interior\",\"potentialAction\":[{\"@type\":\"SearchAction\",\"target\":{\"@type\":\"EntryPoint\",\"urlTemplate\":\"https:\\\/\\\/rosanacl.com\\\/ca\\\/?s={search_term_string}\"},\"query-input\":{\"@type\":\"PropertyValueSpecification\",\"valueRequired\":true,\"valueName\":\"search_term_string\"}}],\"inLanguage\":\"el\"}]}<\/script>\n<!-- \/ Yoast SEO plugin. -->","yoast_head_json":{"title":"Braga Selene Roxana - Rosana CL","robots":{"index":"index","follow":"follow","max-snippet":"max-snippet:-1","max-image-preview":"max-image-preview:large","max-video-preview":"max-video-preview:-1"},"canonical":"https:\/\/rosanacl.com\/el\/product\/braga-selene-roxana\/","og_locale":"el_GR","og_type":"article","og_title":"Braga Selene Roxana - Rosana CL","og_description":"La Braga Selene Roxana es una braga alta de control pensada para estilizar la zona del vientre con comodidad y un acabado elegante. Su combinaci\u00f3n de tul y detalle de fantas\u00eda en la parte delantera aporta un toque fino y femenino, ideal para sentirte sujeta sin renunciar a la suavidad. Es perfecta si buscas una [&hellip;]","og_url":"https:\/\/rosanacl.com\/el\/product\/braga-selene-roxana\/","og_site_name":"Rosana CL","article_modified_time":"2026-01-08T02:07:48+00:00","og_image":[{"width":1024,"height":1024,"url":"https:\/\/rosanacl.com\/wp-content\/uploads\/2025\/08\/1-7-1024x1024.png","type":"image\/png"}],"twitter_card":"summary_large_image","twitter_misc":{"\u0395\u03ba\u03c4\u03b9\u03bc\u03ce\u03bc\u03b5\u03bd\u03bf\u03c2 \u03c7\u03c1\u03cc\u03bd\u03bf\u03c2 \u03b1\u03bd\u03ac\u03b3\u03bd\u03c9\u03c3\u03b7\u03c2":"2 \u03bb\u03b5\u03c0\u03c4\u03ac"},"schema":{"@context":"https:\/\/schema.org","@graph":[{"@type":"WebPage","@id":"https:\/\/rosanacl.com\/producto\/braga-selene-roxana\/","url":"https:\/\/rosanacl.com\/producto\/braga-selene-roxana\/","name":"Braga Selene Roxana - Rosana CL","isPartOf":{"@id":"https:\/\/rosanacl.com\/ca\/#website"},"primaryImageOfPage":{"@id":"https:\/\/rosanacl.com\/producto\/braga-selene-roxana\/#primaryimage"},"image":{"@id":"https:\/\/rosanacl.com\/producto\/braga-selene-roxana\/#primaryimage"},"thumbnailUrl":"https:\/\/rosanacl.com\/wp-content\/uploads\/2025\/08\/1-7.png","datePublished":"2025-08-19T07:18:31+00:00","dateModified":"2026-01-08T02:07:48+00:00","breadcrumb":{"@id":"https:\/\/rosanacl.com\/producto\/braga-selene-roxana\/#breadcrumb"},"inLanguage":"el","potentialAction":[{"@type":"ReadAction","target":["https:\/\/rosanacl.com\/producto\/braga-selene-roxana\/"]}]},{"@type":"ImageObject","inLanguage":"el","@id":"https:\/\/rosanacl.com\/producto\/braga-selene-roxana\/#primaryimage","url":"https:\/\/rosanacl.com\/wp-content\/uploads\/2025\/08\/1-7.png","contentUrl":"https:\/\/rosanacl.com\/wp-content\/uploads\/2025\/08\/1-7.png","width":1333,"height":1333},{"@type":"BreadcrumbList","@id":"https:\/\/rosanacl.com\/producto\/braga-selene-roxana\/#breadcrumb","itemListElement":[{"@type":"ListItem","position":1,"name":"Portada","item":"https:\/\/rosanacl.com\/ca\/"},{"@type":"ListItem","position":2,"name":"Tienda","item":"https:\/\/rosanacl.com\/ca\/tienda\/"},{"@type":"ListItem","position":3,"name":"Braga Selene Roxana"}]},{"@type":"WebSite","@id":"https:\/\/rosanacl.com\/ca\/#website","url":"https:\/\/rosanacl.com\/ca\/","name":"\u03a1\u03bf\u03b6\u03ac\u03bd\u03b1 \u039a\u039b","description":"\u0395\u03af\u03bc\u03b1\u03c3\u03c4\u03b5 \u03bf \u03b5\u03c3\u03c9\u03c4\u03b5\u03c1\u03b9\u03ba\u03cc\u03c2 \u03c3\u03b1\u03c2 \u03c7\u03ce\u03c1\u03bf\u03c2","potentialAction":[{"@type":"SearchAction","target":{"@type":"EntryPoint","urlTemplate":"https:\/\/rosanacl.com\/ca\/?s={search_term_string}"},"query-input":{"@type":"PropertyValueSpecification","valueRequired":true,"valueName":"search_term_string"}}],"inLanguage":"el"}]}},"_links":{"self":[{"href":"https:\/\/rosanacl.com\/el\/wp-json\/wp\/v2\/product\/3446","targetHints":{"allow":["GET"]}}],"collection":[{"href":"https:\/\/rosanacl.com\/el\/wp-json\/wp\/v2\/product"}],"about":[{"href":"https:\/\/rosanacl.com\/el\/wp-json\/wp\/v2\/types\/product"}],"replies":[{"embeddable":true,"href":"https:\/\/rosanacl.com\/el\/wp-json\/wp\/v2\/comments?post=3446"}],"version-history":[{"count":5,"href":"https:\/\/rosanacl.com\/el\/wp-json\/wp\/v2\/product\/3446\/revisions"}],"predecessor-version":[{"id":4634,"href":"https:\/\/rosanacl.com\/el\/wp-json\/wp\/v2\/product\/3446\/revisions\/4634"}],"wp:featuredmedia":[{"embeddable":true,"href":"https:\/\/rosanacl.com\/el\/wp-json\/wp\/v2\/media\/3471"}],"wp:attachment":[{"href":"https:\/\/rosanacl.com\/el\/wp-json\/wp\/v2\/media?parent=3446"}],"wp:term":[{"taxonomy":"product_brand","embeddable":true,"href":"https:\/\/rosanacl.com\/el\/wp-json\/wp\/v2\/product_brand?post=3446"},{"taxonomy":"product_cat","embeddable":true,"href":"https:\/\/rosanacl.com\/el\/wp-json\/wp\/v2\/product_cat?post=3446"},{"taxonomy":"product_tag","embeddable":true,"href":"https:\/\/rosanacl.com\/el\/wp-json\/wp\/v2\/product_tag?post=3446"}],"curies":[{"name":"wp","href":"https:\/\/api.w.org\/{rel}","templated":true}]}}