{"id":3552,"date":"2025-08-19T09:56:34","date_gmt":"2025-08-19T07:56:34","guid":{"rendered":"https:\/\/rosanacl.com\/?post_type=product&#038;p=3552"},"modified":"2026-01-07T23:53:05","modified_gmt":"2026-01-07T22:53:05","slug":"body-selene-cristina","status":"publish","type":"product","link":"https:\/\/rosanacl.com\/el\/product\/body-selene-cristina\/","title":{"rendered":"\u03a3\u03ce\u03bc\u03b1 Selene Cristina"},"content":{"rendered":"<p>Body Selene Cristina: el body moldeador de microfibra que estiliza la silueta con un acabado limpio, elegante y muy c\u00f3modo.<br \/>\nDise\u00f1ado para aportar sujeci\u00f3n real en el pecho (con aros y sin relleno) y, a la vez, una sensaci\u00f3n de control suave en la zona del abdomen.<\/p>\n<p>\u0397 Cristina \u03b5\u03af\u03bd\u03b1\u03b9 \u03b9\u03b4\u03b1\u03bd\u03b9\u03ba\u03ae \u03b1\u03bd \u03c8\u03ac\u03c7\u03bd\u03b5\u03c4\u03b5 \u03b3\u03b9\u03b1 \u03ad\u03bd\u03b1 \u03ba\u03bf\u03c1\u03bc\u03ac\u03ba\u03b9 \u03c0\u03bf\u03c5 \u00ab\u03c4\u03b1 \u03ba\u03ac\u03bd\u03b5\u03b9 \u03cc\u03bb\u03b1\u00bb: \u03b1\u03bd\u03b1\u03b4\u03b5\u03b9\u03ba\u03bd\u03cd\u03b5\u03b9 \u03c4\u03bf \u03c3\u03c4\u03ae\u03b8\u03bf\u03c2 \u03bc\u03b5 \u03ad\u03bd\u03b1 \u03cc\u03bc\u03bf\u03c1\u03c6\u03bf, \u03c6\u03c5\u03c3\u03b9\u03ba\u03cc \u03c3\u03c7\u03ae\u03bc\u03b1, \u03bf\u03c1\u03af\u03b6\u03b5\u03b9 \u03c4\u03b7 \u03bc\u03ad\u03c3\u03b7 \u03c7\u03c9\u03c1\u03af\u03c2 \u03bd\u03b1 \u03c4\u03b7\u03bd \u03c4\u03b5\u03bd\u03c4\u03ce\u03bd\u03b5\u03b9 \u03ba\u03b1\u03b9 \u03b4\u03b7\u03bc\u03b9\u03bf\u03c5\u03c1\u03b3\u03b5\u03af \u03bc\u03b9\u03b1 \u03c0\u03b9\u03bf \u03ba\u03b1\u03b8\u03bf\u03c1\u03b9\u03c3\u03bc\u03ad\u03bd\u03b7 \u03c3\u03b9\u03bb\u03bf\u03c5\u03ad\u03c4\u03b1 \u03ba\u03ac\u03c4\u03c9 \u03b1\u03c0\u03cc \u03c4\u03b1 \u03c1\u03bf\u03cd\u03c7\u03b1. \u03a4\u03bf \u03cd\u03c6\u03b1\u03c3\u03bc\u03b1 \u03b1\u03c0\u03cc \u03bc\u03b9\u03ba\u03c1\u03bf\u0390\u03bd\u03b5\u03c2 \u03c0\u03c1\u03bf\u03c3\u03b1\u03c1\u03bc\u03cc\u03b6\u03b5\u03c4\u03b1\u03b9 \u03c3\u03c4\u03bf \u03c3\u03ce\u03bc\u03b1 \u03c3\u03b1\u03bd \u03b4\u03b5\u03cd\u03c4\u03b5\u03c1\u03bf \u03b4\u03ad\u03c1\u03bc\u03b1, \u03bc\u03b5 \u03b1\u03c0\u03b1\u03bb\u03ae \u03b1\u03af\u03c3\u03b8\u03b7\u03c3\u03b7 \u03ba\u03b1\u03b9 \u03ba\u03bf\u03bb\u03b1\u03ba\u03b5\u03c5\u03c4\u03b9\u03ba\u03cc \u03c4\u03b5\u03bb\u03b5\u03af\u03c9\u03bc\u03b1.<\/p>\n<p>\u0395\u03c0\u03b9\u03c0\u03bb\u03ad\u03bf\u03bd, \u03b5\u03bd\u03c3\u03c9\u03bc\u03b1\u03c4\u03ce\u03bd\u03b5\u03b9 \u03b5\u03bd\u03af\u03c3\u03c7\u03c5\u03c3\u03b7 \u03c3\u03c4\u03b7\u03bd \u03c0\u03b5\u03c1\u03b9\u03bf\u03c7\u03ae \u03c4\u03b7\u03c2 \u03ba\u03bf\u03b9\u03bb\u03b9\u03ac\u03c2, \u03c3\u03c7\u03b5\u03b4\u03b9\u03b1\u03c3\u03bc\u03ad\u03bd\u03b7 \u03b3\u03b9\u03b1 \u03bd\u03b1 \u03bb\u03b5\u03b9\u03b1\u03af\u03bd\u03b5\u03b9 \u03bf\u03c0\u03c4\u03b9\u03ba\u03ac \u03ba\u03b1\u03b9 \u03bd\u03b1 \u03b5\u03c0\u03b9\u03c4\u03c5\u03b3\u03c7\u03ac\u03bd\u03b5\u03b9 \u03ad\u03bd\u03b1 \u03c0\u03b9\u03bf \u03c3\u03c4\u03b9\u03bb\u03b2\u03c9\u03bc\u03ad\u03bd\u03bf \u03b1\u03c0\u03bf\u03c4\u03ad\u03bb\u03b5\u03c3\u03bc\u03b1 \u03c3\u03b5 \u03c6\u03bf\u03c1\u03ad\u03bc\u03b1\u03c4\u03b1, \u03b5\u03c6\u03b1\u03c1\u03bc\u03bf\u03c3\u03c4\u03ac \u03c1\u03bf\u03cd\u03c7\u03b1 \u03ba\u03b1\u03b9 \u03ba\u03b1\u03b8\u03b7\u03bc\u03b5\u03c1\u03b9\u03bd\u03ad\u03c2 \u03b5\u03bc\u03c6\u03b1\u03bd\u03af\u03c3\u03b5\u03b9\u03c2.<\/p>\n<p>\u039b\u03b5\u03c0\u03c4\u03bf\u03bc\u03ad\u03c1\u03b5\u03b9\u03b5\u03c2 \u03c0\u03bf\u03c5 \u03b8\u03b1 \u03c0\u03b1\u03c1\u03b1\u03c4\u03b7\u03c1\u03ae\u03c3\u03b5\u03c4\u03b5 \u03cc\u03c4\u03b1\u03bd \u03c4\u03bf \u03c6\u03bf\u03c1\u03ad\u03c3\u03b5\u03c4\u03b5<\/p>\n<ul>\n<li>\u039a\u03bf\u03c1\u03bc\u03ac\u03ba\u03b9 Control \u03b1\u03c0\u03cc \u03b1\u03c0\u03b1\u03bb\u03ae \u03ba\u03b1\u03b9 \u03ac\u03bd\u03b5\u03c4\u03b7 \u03bc\u03b9\u03ba\u03c1\u03bf\u0390\u03bd\u03b1.<\/li>\n<li>\u039c\u03c0\u03b1\u03bd\u03ad\u03bb\u03b1 \u03b3\u03b9\u03b1 \u03c3\u03c4\u03b1\u03b8\u03b5\u03c1\u03ae \u03c3\u03c4\u03ae\u03c1\u03b9\u03be\u03b7 \u03ba\u03b1\u03b9 \u03cc\u03bc\u03bf\u03c1\u03c6\u03b1 \u03b4\u03b9\u03b1\u03bc\u03bf\u03c1\u03c6\u03c9\u03bc\u03ad\u03bd\u03bf \u03c3\u03c4\u03ae\u03b8\u03bf\u03c2.<\/li>\n<li>\u03a7\u03c9\u03c1\u03af\u03c2 \u03b3\u03ad\u03bc\u03b9\u03c3\u03b7, \u03b3\u03b9\u03b1 \u03c6\u03c5\u03c3\u03b9\u03ba\u03cc \u03ba\u03b1\u03b9 \u03b5\u03bb\u03b1\u03c6\u03c1\u03cd \u03c6\u03b9\u03bd\u03af\u03c1\u03b9\u03c3\u03bc\u03b1.<\/li>\n<li>\u0395\u03bd\u03af\u03c3\u03c7\u03c5\u03c3\u03b7 \u03ba\u03bf\u03b9\u03bb\u03b9\u03b1\u03ba\u03ce\u03bd \u03c0\u03bf\u03c5 \u03b2\u03bf\u03b7\u03b8\u03ac \u03c3\u03c4\u03b7\u03bd \u03b5\u03be\u03bf\u03bc\u03ac\u03bb\u03c5\u03bd\u03c3\u03b7 \u03ba\u03b1\u03b9 \u03c4\u03bf \u03c3\u03c4\u03c5\u03bb\u03b9\u03b6\u03ac\u03c1\u03b9\u03c3\u03bc\u03b1 \u03c4\u03b7\u03c2 \u03c3\u03b9\u03bb\u03bf\u03c5\u03ad\u03c4\u03b1\u03c2.<\/li>\n<li>\u0399\u03b4\u03b1\u03bd\u03b9\u03ba\u03cc \u03b3\u03b9\u03b1 \u03bd\u03b1 \u03c6\u03bf\u03c1\u03b5\u03b8\u03b5\u03af \u03c9\u03c2 \u03b5\u03c3\u03ce\u03c1\u03bf\u03c5\u03c7\u03bf \u03ae \u03c9\u03c2 \u03c0\u03b1\u03bd\u03c9\u03c6\u03cc\u03c1\u03b9 \u03bc\u03b5 \u03c3\u03b1\u03ba\u03ac\u03ba\u03b9\/\u03c3\u03b1\u03ba\u03ac\u03ba\u03b9.<\/li>\n<\/ul>\n<p>\ud83d\udde3\ufe0f \u03a3\u03c5\u03bc\u03b2\u03bf\u03c5\u03bb\u03ae: \u0397 Cristina \u03ad\u03c7\u03b5\u03b9 \u03c3\u03c7\u03b5\u03b4\u03b9\u03b1\u03c3\u03c4\u03b5\u03af \u03b3\u03b9\u03b1 \u03bd\u03b1 \u03c3\u03b1\u03c2 \u03c0\u03c1\u03bf\u03c3\u03c6\u03ad\u03c1\u03b5\u03b9 \u03b1\u03c0\u03b1\u03bb\u03cc \u03ad\u03bb\u03b5\u03b3\u03c7\u03bf \u03c3\u03c4\u03b7\u03bd \u03ba\u03bf\u03b9\u03bb\u03b9\u03ac \u03ba\u03b1\u03b9 \u03c0\u03c1\u03b1\u03b3\u03bc\u03b1\u03c4\u03b9\u03ba\u03ae \u03c3\u03c4\u03ae\u03c1\u03b9\u03be\u03b7 \u03c3\u03c4\u03bf \u03c3\u03c4\u03ae\u03b8\u03bf\u03c2 \u03bc\u03b5 \u03b1\u03af\u03c3\u03b8\u03b7\u03c3\u03b7 \u03bc\u03b9\u03ba\u03c1\u03bf\u03ca\u03bd\u03ce\u03bd &quot;\u03b4\u03b5\u03cd\u03c4\u03b5\u03c1\u03bf\u03c5 \u03b4\u03ad\u03c1\u03bc\u03b1\u03c4\u03bf\u03c2&quot;: \u03c3\u03b1\u03c2 \u03bf\u03c1\u03af\u03b6\u03b5\u03b9 \u03ba\u03b1\u03b9 \u03c3\u03b1\u03c2 \u03b1\u03c6\u03ae\u03bd\u03b5\u03b9 \u03bd\u03b1 \u03b4\u03b5\u03af\u03c7\u03bd\u03b5\u03c4\u03b5 \u03c3\u03c4\u03b9\u03bb\u03c0\u03bd\u03ae \u03ba\u03ac\u03c4\u03c9 \u03b1\u03c0\u03cc \u03c4\u03b1 \u03c1\u03bf\u03cd\u03c7\u03b1 \u03c7\u03c9\u03c1\u03af\u03c2 \u03bd\u03b1 \u03c4\u03b7\u03bd \u03bd\u03b9\u03ce\u03b8\u03b5\u03c4\u03b5 \u03ac\u03ba\u03b1\u03bc\u03c0\u03c4\u03b7.<\/p>\n<p>\ud83d\udccf \u03a3\u03b7\u03bc\u03b5\u03af\u03c9\u03c3\u03b7: \u03a0\u03c1\u03b9\u03bd \u03b1\u03c0\u03cc \u03c4\u03b7\u03bd \u03b1\u03b3\u03bf\u03c1\u03ac, \u03c7\u03c1\u03b7\u03c3\u03b9\u03bc\u03bf\u03c0\u03bf\u03b9\u03ae\u03c3\u03c4\u03b5 \u03b1\u03c5\u03c4\u03cc\u03bd \u03c4\u03bf\u03bd \u03c3\u03cd\u03bd\u03c4\u03bf\u03bc\u03bf \u03bf\u03b4\u03b7\u03b3\u03cc \u03bc\u03b5\u03b3\u03b5\u03b8\u03ce\u03bd: \u03b5\u03c0\u03b9\u03bb\u03ad\u03be\u03c4\u03b5 \u03c4\u03bf \u03bc\u03ad\u03b3\u03b5\u03b8\u03cc\u03c2 \u03c3\u03b1\u03c2 \u03b5\u03ac\u03bd \u03c4\u03bf \u03c7\u03b5\u03b9\u03c1\u03b9\u03c3\u03c4\u03ae\u03c1\u03b9\u03bf \u03b3\u03b9\u03b1 \u03c4\u03b7\u03bd \u03ba\u03bf\u03b9\u03bb\u03b9\u03ac \u03b5\u03af\u03bd\u03b1\u03b9 \u03b5\u03c0\u03af\u03c0\u03b5\u03b4\u03bf \u03ba\u03b1\u03b9 \u03c3\u03c4\u03b1\u03b8\u03b5\u03c1\u03cc (\u03c7\u03c9\u03c1\u03af\u03c2 \u03bd\u03b1 \u03c4\u03c5\u03bb\u03af\u03b3\u03b5\u03c4\u03b1\u03b9 \u03c0\u03c1\u03bf\u03c2 \u03c4\u03b1 \u03c0\u03ac\u03bd\u03c9) \u03ba\u03b1\u03b9 \u03c4\u03bf \u03c3\u03c4\u03ae\u03b8\u03bf\u03c2 \u03c3\u03b1\u03c2 \u03b5\u03af\u03bd\u03b1\u03b9 \u03c3\u03c4\u03bf \u03ba\u03ad\u03bd\u03c4\u03c1\u03bf \u03c7\u03c9\u03c1\u03af\u03c2 \u03ba\u03b5\u03bd\u03ac. \u0395\u03ac\u03bd \u03c3\u03c5\u03bd\u03ae\u03b8\u03c9\u03c2 \u03c0\u03b1\u03c1\u03b1\u03c4\u03b7\u03c1\u03b5\u03af\u03c4\u03b5 \u03cc\u03c4\u03b9 \u03c3\u03c6\u03af\u03b3\u03b3\u03b5\u03c4\u03b1\u03b9 \u03cc\u03c4\u03b1\u03bd \u03ba\u03ac\u03b8\u03b5\u03c3\u03c4\u03b5 \u03ae \u03c4\u03bf \u03b1\u03b9\u03c3\u03b8\u03ac\u03bd\u03b5\u03c3\u03c4\u03b5 \u03c3\u03c6\u03b9\u03c7\u03c4\u03cc, \u03c0\u03b1\u03c1\u03b1\u03b3\u03b3\u03b5\u03af\u03bb\u03c4\u03b5 \u03ad\u03bd\u03b1 \u03bc\u03ad\u03b3\u03b5\u03b8\u03bf\u03c2 \u03bc\u03b5\u03b3\u03b1\u03bb\u03cd\u03c4\u03b5\u03c1\u03bf. \u0395\u03ac\u03bd \u03b5\u03af\u03bd\u03b1\u03b9 \u03c3\u03c5\u03bd\u03ae\u03b8\u03c9\u03c2 \u03c7\u03b1\u03bb\u03b1\u03c1\u03cc \u03b3\u03cd\u03c1\u03c9 \u03b1\u03c0\u03cc \u03c4\u03b7 \u03bc\u03ad\u03c3\u03b7\/\u03ba\u03bf\u03b9\u03bb\u03b9\u03ac \u03ae \u03c4\u03bf \u03c3\u03c4\u03ae\u03b8\u03bf\u03c2 \u03c3\u03b1\u03c2 \u03b4\u03b5\u03bd \u03c5\u03c0\u03bf\u03c3\u03c4\u03b7\u03c1\u03af\u03b6\u03b5\u03c4\u03b1\u03b9, \u03c0\u03b1\u03c1\u03b1\u03b3\u03b3\u03b5\u03af\u03bb\u03c4\u03b5 \u03ad\u03bd\u03b1 \u03bc\u03ad\u03b3\u03b5\u03b8\u03bf\u03c2 \u03bc\u03b9\u03ba\u03c1\u03cc\u03c4\u03b5\u03c1\u03bf.<\/p>\n<p>\u03a3\u03cd\u03bd\u03b8\u03b5\u03c3\u03b7: \u03c0\u03bf\u03bb\u03c5\u03b1\u03bc\u03af\u03b4\u03b9\u03bf 84%, \u03c0\u03bf\u03bb\u03c5\u03b5\u03c3\u03c4\u03ad\u03c1\u03b1\u03c2 16%.<\/p>\n<p>\u2728 Body Cristina: \u03c3\u03c4\u03ae\u03c1\u03b9\u03be\u03b7, \u03ad\u03bb\u03b5\u03b3\u03c7\u03bf\u03c2 \u03ba\u03b1\u03b9 \u03b5\u03bd\u03c4\u03c5\u03c0\u03c9\u03c3\u03b9\u03b1\u03ba\u03ae \u03c3\u03b9\u03bb\u03bf\u03c5\u03ad\u03c4\u03b1\u2026 \u03bc\u03cc\u03bb\u03b9\u03c2 \u03c4\u03bf \u03c6\u03bf\u03c1\u03ad\u03c3\u03b5\u03c4\u03b5.<\/p>","protected":false},"excerpt":{"rendered":"<p>Body Selene Cristina: el body moldeador de microfibra que estiliza la silueta con un acabado limpio, elegante y muy c\u00f3modo. Dise\u00f1ado para aportar sujeci\u00f3n real en el pecho (con aros y sin relleno) y, a la vez, una sensaci\u00f3n de control suave en la zona del abdomen. El Cristina es ideal si buscas un body [&hellip;]<\/p>\n","protected":false},"featured_media":3563,"comment_status":"closed","ping_status":"closed","template":"","meta":{"content-type":""},"product_brand":[55],"product_cat":[18],"product_tag":[66],"class_list":{"0":"post-3552","1":"product","2":"type-product","3":"status-publish","4":"has-post-thumbnail","6":"product_brand-selene","7":"product_cat-body","8":"product_tag-body","10":"first","11":"instock","12":"taxable","13":"shipping-taxable","14":"purchasable","15":"product-type-variable"},"supplier_id":null,"supplier_sku":"","barcode":null,"atum_controlled":true,"out_stock_date":null,"out_stock_threshold":null,"inheritable":true,"inbound_stock":0,"stock_on_hold":0,"sold_today":null,"sales_last_days":null,"reserved_stock":0,"customer_returns":0,"warehouse_damage":0,"lost_in_post":0,"other_logs":0,"out_stock_days":null,"lost_sales":null,"has_location":false,"update_date":"2026-01-07T22:53:06","atum_locations":[],"atum_stock_status":"instock","restock_status":false,"low_stock_amount":"","sales_update_date":"2025-10-03T04:55:30","calc_backorders":null,"yoast_head":"<!-- This site is optimized with the Yoast SEO plugin v27.4 - https:\/\/yoast.com\/product\/yoast-seo-wordpress\/ -->\n<title>Body Selene Cristina - Rosana CL<\/title>\n<meta name=\"robots\" content=\"index, follow, max-snippet:-1, max-image-preview:large, max-video-preview:-1\" \/>\n<link rel=\"canonical\" href=\"https:\/\/rosanacl.com\/el\/product\/body-selene-cristina\/\" \/>\n<meta property=\"og:locale\" content=\"el_GR\" \/>\n<meta property=\"og:type\" content=\"article\" \/>\n<meta property=\"og:title\" content=\"Body Selene Cristina - Rosana CL\" \/>\n<meta property=\"og:description\" content=\"Body Selene Cristina: el body moldeador de microfibra que estiliza la silueta con un acabado limpio, elegante y muy c\u00f3modo. Dise\u00f1ado para aportar sujeci\u00f3n real en el pecho (con aros y sin relleno) y, a la vez, una sensaci\u00f3n de control suave en la zona del abdomen. El Cristina es ideal si buscas un body [&hellip;]\" \/>\n<meta property=\"og:url\" content=\"https:\/\/rosanacl.com\/el\/product\/body-selene-cristina\/\" \/>\n<meta property=\"og:site_name\" content=\"Rosana CL\" \/>\n<meta property=\"article:modified_time\" content=\"2026-01-07T22:53:05+00:00\" \/>\n<meta property=\"og:image\" content=\"https:\/\/rosanacl.com\/wp-content\/uploads\/2025\/08\/1-11.png\" \/>\n\t<meta property=\"og:image:width\" content=\"800\" \/>\n\t<meta property=\"og:image:height\" content=\"800\" \/>\n\t<meta property=\"og:image:type\" content=\"image\/png\" \/>\n<meta name=\"twitter:card\" content=\"summary_large_image\" \/>\n<meta name=\"twitter:label1\" content=\"\u0395\u03ba\u03c4\u03b9\u03bc\u03ce\u03bc\u03b5\u03bd\u03bf\u03c2 \u03c7\u03c1\u03cc\u03bd\u03bf\u03c2 \u03b1\u03bd\u03ac\u03b3\u03bd\u03c9\u03c3\u03b7\u03c2\" \/>\n\t<meta name=\"twitter:data1\" content=\"2 \u03bb\u03b5\u03c0\u03c4\u03ac\" \/>\n<script type=\"application\/ld+json\" class=\"yoast-schema-graph\">{\"@context\":\"https:\\\/\\\/schema.org\",\"@graph\":[{\"@type\":\"WebPage\",\"@id\":\"https:\\\/\\\/rosanacl.com\\\/producto\\\/body-selene-cristina\\\/\",\"url\":\"https:\\\/\\\/rosanacl.com\\\/producto\\\/body-selene-cristina\\\/\",\"name\":\"Body Selene Cristina - Rosana CL\",\"isPartOf\":{\"@id\":\"https:\\\/\\\/rosanacl.com\\\/ca\\\/#website\"},\"primaryImageOfPage\":{\"@id\":\"https:\\\/\\\/rosanacl.com\\\/producto\\\/body-selene-cristina\\\/#primaryimage\"},\"image\":{\"@id\":\"https:\\\/\\\/rosanacl.com\\\/producto\\\/body-selene-cristina\\\/#primaryimage\"},\"thumbnailUrl\":\"https:\\\/\\\/rosanacl.com\\\/wp-content\\\/uploads\\\/2025\\\/08\\\/1-11.png\",\"datePublished\":\"2025-08-19T07:56:34+00:00\",\"dateModified\":\"2026-01-07T22:53:05+00:00\",\"breadcrumb\":{\"@id\":\"https:\\\/\\\/rosanacl.com\\\/producto\\\/body-selene-cristina\\\/#breadcrumb\"},\"inLanguage\":\"el\",\"potentialAction\":[{\"@type\":\"ReadAction\",\"target\":[\"https:\\\/\\\/rosanacl.com\\\/producto\\\/body-selene-cristina\\\/\"]}]},{\"@type\":\"ImageObject\",\"inLanguage\":\"el\",\"@id\":\"https:\\\/\\\/rosanacl.com\\\/producto\\\/body-selene-cristina\\\/#primaryimage\",\"url\":\"https:\\\/\\\/rosanacl.com\\\/wp-content\\\/uploads\\\/2025\\\/08\\\/1-11.png\",\"contentUrl\":\"https:\\\/\\\/rosanacl.com\\\/wp-content\\\/uploads\\\/2025\\\/08\\\/1-11.png\",\"width\":800,\"height\":800},{\"@type\":\"BreadcrumbList\",\"@id\":\"https:\\\/\\\/rosanacl.com\\\/producto\\\/body-selene-cristina\\\/#breadcrumb\",\"itemListElement\":[{\"@type\":\"ListItem\",\"position\":1,\"name\":\"Portada\",\"item\":\"https:\\\/\\\/rosanacl.com\\\/ca\\\/\"},{\"@type\":\"ListItem\",\"position\":2,\"name\":\"Tienda\",\"item\":\"https:\\\/\\\/rosanacl.com\\\/ca\\\/tienda\\\/\"},{\"@type\":\"ListItem\",\"position\":3,\"name\":\"Body Selene Cristina\"}]},{\"@type\":\"WebSite\",\"@id\":\"https:\\\/\\\/rosanacl.com\\\/ca\\\/#website\",\"url\":\"https:\\\/\\\/rosanacl.com\\\/ca\\\/\",\"name\":\"Rosana CL\",\"description\":\"Somos tu interior\",\"potentialAction\":[{\"@type\":\"SearchAction\",\"target\":{\"@type\":\"EntryPoint\",\"urlTemplate\":\"https:\\\/\\\/rosanacl.com\\\/ca\\\/?s={search_term_string}\"},\"query-input\":{\"@type\":\"PropertyValueSpecification\",\"valueRequired\":true,\"valueName\":\"search_term_string\"}}],\"inLanguage\":\"el\"}]}<\/script>\n<!-- \/ Yoast SEO plugin. -->","yoast_head_json":{"title":"Body Selene Cristina - Rosana CL","robots":{"index":"index","follow":"follow","max-snippet":"max-snippet:-1","max-image-preview":"max-image-preview:large","max-video-preview":"max-video-preview:-1"},"canonical":"https:\/\/rosanacl.com\/el\/product\/body-selene-cristina\/","og_locale":"el_GR","og_type":"article","og_title":"Body Selene Cristina - Rosana CL","og_description":"Body Selene Cristina: el body moldeador de microfibra que estiliza la silueta con un acabado limpio, elegante y muy c\u00f3modo. Dise\u00f1ado para aportar sujeci\u00f3n real en el pecho (con aros y sin relleno) y, a la vez, una sensaci\u00f3n de control suave en la zona del abdomen. El Cristina es ideal si buscas un body [&hellip;]","og_url":"https:\/\/rosanacl.com\/el\/product\/body-selene-cristina\/","og_site_name":"Rosana CL","article_modified_time":"2026-01-07T22:53:05+00:00","og_image":[{"width":800,"height":800,"url":"https:\/\/rosanacl.com\/wp-content\/uploads\/2025\/08\/1-11.png","type":"image\/png"}],"twitter_card":"summary_large_image","twitter_misc":{"\u0395\u03ba\u03c4\u03b9\u03bc\u03ce\u03bc\u03b5\u03bd\u03bf\u03c2 \u03c7\u03c1\u03cc\u03bd\u03bf\u03c2 \u03b1\u03bd\u03ac\u03b3\u03bd\u03c9\u03c3\u03b7\u03c2":"2 \u03bb\u03b5\u03c0\u03c4\u03ac"},"schema":{"@context":"https:\/\/schema.org","@graph":[{"@type":"WebPage","@id":"https:\/\/rosanacl.com\/producto\/body-selene-cristina\/","url":"https:\/\/rosanacl.com\/producto\/body-selene-cristina\/","name":"Body Selene Cristina - Rosana CL","isPartOf":{"@id":"https:\/\/rosanacl.com\/ca\/#website"},"primaryImageOfPage":{"@id":"https:\/\/rosanacl.com\/producto\/body-selene-cristina\/#primaryimage"},"image":{"@id":"https:\/\/rosanacl.com\/producto\/body-selene-cristina\/#primaryimage"},"thumbnailUrl":"https:\/\/rosanacl.com\/wp-content\/uploads\/2025\/08\/1-11.png","datePublished":"2025-08-19T07:56:34+00:00","dateModified":"2026-01-07T22:53:05+00:00","breadcrumb":{"@id":"https:\/\/rosanacl.com\/producto\/body-selene-cristina\/#breadcrumb"},"inLanguage":"el","potentialAction":[{"@type":"ReadAction","target":["https:\/\/rosanacl.com\/producto\/body-selene-cristina\/"]}]},{"@type":"ImageObject","inLanguage":"el","@id":"https:\/\/rosanacl.com\/producto\/body-selene-cristina\/#primaryimage","url":"https:\/\/rosanacl.com\/wp-content\/uploads\/2025\/08\/1-11.png","contentUrl":"https:\/\/rosanacl.com\/wp-content\/uploads\/2025\/08\/1-11.png","width":800,"height":800},{"@type":"BreadcrumbList","@id":"https:\/\/rosanacl.com\/producto\/body-selene-cristina\/#breadcrumb","itemListElement":[{"@type":"ListItem","position":1,"name":"Portada","item":"https:\/\/rosanacl.com\/ca\/"},{"@type":"ListItem","position":2,"name":"Tienda","item":"https:\/\/rosanacl.com\/ca\/tienda\/"},{"@type":"ListItem","position":3,"name":"Body Selene Cristina"}]},{"@type":"WebSite","@id":"https:\/\/rosanacl.com\/ca\/#website","url":"https:\/\/rosanacl.com\/ca\/","name":"\u03a1\u03bf\u03b6\u03ac\u03bd\u03b1 \u039a\u039b","description":"\u0395\u03af\u03bc\u03b1\u03c3\u03c4\u03b5 \u03bf \u03b5\u03c3\u03c9\u03c4\u03b5\u03c1\u03b9\u03ba\u03cc\u03c2 \u03c3\u03b1\u03c2 \u03c7\u03ce\u03c1\u03bf\u03c2","potentialAction":[{"@type":"SearchAction","target":{"@type":"EntryPoint","urlTemplate":"https:\/\/rosanacl.com\/ca\/?s={search_term_string}"},"query-input":{"@type":"PropertyValueSpecification","valueRequired":true,"valueName":"search_term_string"}}],"inLanguage":"el"}]}},"_links":{"self":[{"href":"https:\/\/rosanacl.com\/el\/wp-json\/wp\/v2\/product\/3552","targetHints":{"allow":["GET"]}}],"collection":[{"href":"https:\/\/rosanacl.com\/el\/wp-json\/wp\/v2\/product"}],"about":[{"href":"https:\/\/rosanacl.com\/el\/wp-json\/wp\/v2\/types\/product"}],"replies":[{"embeddable":true,"href":"https:\/\/rosanacl.com\/el\/wp-json\/wp\/v2\/comments?post=3552"}],"version-history":[{"count":5,"href":"https:\/\/rosanacl.com\/el\/wp-json\/wp\/v2\/product\/3552\/revisions"}],"predecessor-version":[{"id":4632,"href":"https:\/\/rosanacl.com\/el\/wp-json\/wp\/v2\/product\/3552\/revisions\/4632"}],"wp:featuredmedia":[{"embeddable":true,"href":"https:\/\/rosanacl.com\/el\/wp-json\/wp\/v2\/media\/3563"}],"wp:attachment":[{"href":"https:\/\/rosanacl.com\/el\/wp-json\/wp\/v2\/media?parent=3552"}],"wp:term":[{"taxonomy":"product_brand","embeddable":true,"href":"https:\/\/rosanacl.com\/el\/wp-json\/wp\/v2\/product_brand?post=3552"},{"taxonomy":"product_cat","embeddable":true,"href":"https:\/\/rosanacl.com\/el\/wp-json\/wp\/v2\/product_cat?post=3552"},{"taxonomy":"product_tag","embeddable":true,"href":"https:\/\/rosanacl.com\/el\/wp-json\/wp\/v2\/product_tag?post=3552"}],"curies":[{"name":"wp","href":"https:\/\/api.w.org\/{rel}","templated":true}]}}