{"id":3925,"date":"2025-10-10T11:59:02","date_gmt":"2025-10-10T09:59:02","guid":{"rendered":"https:\/\/rosanacl.com\/?page_id=3925"},"modified":"2025-10-10T12:00:45","modified_gmt":"2025-10-10T10:00:45","slug":"sujetador-selene-sin-aros","status":"publish","type":"page","link":"https:\/\/rosanacl.com\/en\/sujetador-selene-sin-aros\/","title":{"rendered":"Selene non-wired bra"},"content":{"rendered":"<div data-elementor-type=\"wp-page\" data-elementor-id=\"3925\" class=\"elementor elementor-3925\" data-elementor-post-type=\"page\">\n\t\t\t\t<div class=\"elementor-element elementor-element-171998c7 e-flex e-con-boxed e-con e-parent\" data-id=\"171998c7\" data-element_type=\"container\" data-e-type=\"container\">\n\t\t\t\t\t<div class=\"e-con-inner\">\n\t\t\t\t<div class=\"elementor-element elementor-element-6575351f elementor-widget elementor-widget-text-editor\" data-id=\"6575351f\" data-element_type=\"widget\" data-e-type=\"widget\" data-widget_type=\"text-editor.default\">\n\t\t\t\t<div class=\"elementor-widget-container\">\n\t\t\t\t\t\t\t\t\t\n<p><\/p>\n\n\n\n<p><\/p>\n\t\t\t\t\t\t\t\t<\/div>\n\t\t\t\t<\/div>\n\t\t\t\t\t<\/div>\n\t\t\t\t<\/div>\n\t\t<div class=\"elementor-element elementor-element-cf7d341 e-flex e-con-boxed e-con e-parent\" data-id=\"cf7d341\" data-element_type=\"container\" data-e-type=\"container\">\n\t\t\t\t\t<div class=\"e-con-inner\">\n\t\t\t\t<div class=\"elementor-element elementor-element-1f1d080 elementor-widget elementor-widget-heading\" data-id=\"1f1d080\" data-element_type=\"widget\" data-e-type=\"widget\" data-widget_type=\"heading.default\">\n\t\t\t\t<div class=\"elementor-widget-container\">\n\t\t\t\t\t<h2 class=\"elementor-heading-title elementor-size-default\">Selene non-wired bra<\/h2>\t\t\t\t<\/div>\n\t\t\t\t<\/div>\n\t\t\t\t\t<\/div>\n\t\t\t\t<\/div>\n\t\t<div class=\"elementor-element elementor-element-dc1921d e-flex e-con-boxed e-con e-parent\" data-id=\"dc1921d\" data-element_type=\"container\" data-e-type=\"container\">\n\t\t\t\t\t<div class=\"e-con-inner\">\n\t\t<div class=\"elementor-element elementor-element-d19616f e-con-full e-flex e-con e-child\" data-id=\"d19616f\" data-element_type=\"container\" data-e-type=\"container\">\n\t\t\t\t<div class=\"elementor-element elementor-element-9d430a9 elementor-widget elementor-widget-text-editor\" data-id=\"9d430a9\" data-element_type=\"widget\" data-e-type=\"widget\" data-widget_type=\"text-editor.default\">\n\t\t\t\t<div class=\"elementor-widget-container\">\n\t\t\t\t\t\t\t\t\t<h3 data-start=\"357\" data-end=\"432\"><strong data-start=\"361\" data-end=\"432\">Selene wireless bra: the comfort that transforms your everyday life<\/strong><\/h3>\n<p data-start=\"434\" data-end=\"811\">Finding a bra that combines comfort, support, and design isn&#039;t always easy. That&#039;s why the <strong data-start=\"531\" data-end=\"560\">Selene non-wired bra<\/strong> It has become one of the favorite options for women looking for freedom of movement without sacrificing style. <strong data-start=\"688\" data-end=\"701\">Rosana CL<\/strong>We select the best models in this category to offer you an unparalleled comfort experience.<\/p>\n<p data-start=\"813\" data-end=\"1240\">He <strong data-start=\"816\" data-end=\"845\">Selene non-wired bra<\/strong> It is designed to adapt naturally to the body, providing firm but pressure-free support. Thanks to the quality of its materials, its elastic structure, and its flat seams, these garments fit perfectly to the bust without causing chafing or marks. Its softness and lightness make it ideal for everyday use, both during long days and during rest periods.<\/p>\n<p data-start=\"1242\" data-end=\"1568\">In <strong data-start=\"1245\" data-end=\"1258\">Rosana CL<\/strong>We know that every woman has different needs. That&#039;s why we offer a wide and up-to-date catalog of <strong data-start=\"1371\" data-end=\"1402\">Selene non-wired bras<\/strong>, with models that combine breathable technical fabrics, elegant designs, and delicate finishes. Because feeling good starts with what you wear underneath your clothes.<\/p>\t\t\t\t\t\t\t\t<\/div>\n\t\t\t\t<\/div>\n\t\t\t\t<\/div>\n\t\t<div class=\"elementor-element elementor-element-5568f8b e-con-full e-flex e-con e-child\" data-id=\"5568f8b\" data-element_type=\"container\" data-e-type=\"container\">\n\t\t\t\t<div class=\"elementor-element elementor-element-980debe elementor-widget elementor-widget-image\" data-id=\"980debe\" data-element_type=\"widget\" data-e-type=\"widget\" data-widget_type=\"image.default\">\n\t\t\t\t<div class=\"elementor-widget-container\">\n\t\t\t\t\t\t\t\t\t\t\t\t\t\t\t<img fetchpriority=\"high\" decoding=\"async\" width=\"800\" height=\"566\" src=\"https:\/\/rosanacl.com\/wp-content\/uploads\/2025\/09\/comprar-lenceria-selene-1-1024x724.jpg\" class=\"attachment-large size-large wp-image-3951\" alt=\"\" srcset=\"https:\/\/rosanacl.com\/wp-content\/uploads\/2025\/09\/comprar-lenceria-selene-1-1024x724.jpg 1024w, https:\/\/rosanacl.com\/wp-content\/uploads\/2025\/09\/comprar-lenceria-selene-1-300x212.jpg 300w, https:\/\/rosanacl.com\/wp-content\/uploads\/2025\/09\/comprar-lenceria-selene-1-768x543.jpg 768w, https:\/\/rosanacl.com\/wp-content\/uploads\/2025\/09\/comprar-lenceria-selene-1-1536x1086.jpg 1536w, https:\/\/rosanacl.com\/wp-content\/uploads\/2025\/09\/comprar-lenceria-selene-1-18x12.jpg 18w, https:\/\/rosanacl.com\/wp-content\/uploads\/2025\/09\/comprar-lenceria-selene-1-600x424.jpg 600w, https:\/\/rosanacl.com\/wp-content\/uploads\/2025\/09\/comprar-lenceria-selene-1.jpg 2000w\" sizes=\"(max-width: 800px) 100vw, 800px\" \/>\t\t\t\t\t\t\t\t\t\t\t\t\t\t\t<\/div>\n\t\t\t\t<\/div>\n\t\t\t\t<\/div>\n\t\t\t\t\t<\/div>\n\t\t\t\t<\/div>\n\t\t<div class=\"elementor-element elementor-element-5e380fb e-flex e-con-boxed e-con e-parent\" data-id=\"5e380fb\" data-element_type=\"container\" data-e-type=\"container\">\n\t\t\t\t\t<div class=\"e-con-inner\">\n\t\t<div class=\"elementor-element elementor-element-a763375 e-con-full e-flex e-con e-child\" data-id=\"a763375\" data-element_type=\"container\" data-e-type=\"container\">\n\t\t\t\t<div class=\"elementor-element elementor-element-a8aecc4 elementor-widget elementor-widget-image\" data-id=\"a8aecc4\" data-element_type=\"widget\" data-e-type=\"widget\" data-widget_type=\"image.default\">\n\t\t\t\t<div class=\"elementor-widget-container\">\n\t\t\t\t\t\t\t\t\t\t\t\t\t\t\t<img decoding=\"async\" width=\"800\" height=\"566\" src=\"https:\/\/rosanacl.com\/wp-content\/uploads\/2025\/10\/sujetadores-selene-1-1024x724.jpg\" class=\"attachment-large size-large wp-image-3978\" alt=\"\" srcset=\"https:\/\/rosanacl.com\/wp-content\/uploads\/2025\/10\/sujetadores-selene-1-1024x724.jpg 1024w, https:\/\/rosanacl.com\/wp-content\/uploads\/2025\/10\/sujetadores-selene-1-300x212.jpg 300w, https:\/\/rosanacl.com\/wp-content\/uploads\/2025\/10\/sujetadores-selene-1-768x543.jpg 768w, https:\/\/rosanacl.com\/wp-content\/uploads\/2025\/10\/sujetadores-selene-1-1536x1086.jpg 1536w, https:\/\/rosanacl.com\/wp-content\/uploads\/2025\/10\/sujetadores-selene-1-18x12.jpg 18w, https:\/\/rosanacl.com\/wp-content\/uploads\/2025\/10\/sujetadores-selene-1-600x424.jpg 600w, https:\/\/rosanacl.com\/wp-content\/uploads\/2025\/10\/sujetadores-selene-1.jpg 2000w\" sizes=\"(max-width: 800px) 100vw, 800px\" \/>\t\t\t\t\t\t\t\t\t\t\t\t\t\t\t<\/div>\n\t\t\t\t<\/div>\n\t\t\t\t<\/div>\n\t\t<div class=\"elementor-element elementor-element-b02b1e9 e-con-full e-flex e-con e-child\" data-id=\"b02b1e9\" data-element_type=\"container\" data-e-type=\"container\">\n\t\t\t\t<div class=\"elementor-element elementor-element-9143d92 elementor-widget elementor-widget-text-editor\" data-id=\"9143d92\" data-element_type=\"widget\" data-e-type=\"widget\" data-widget_type=\"text-editor.default\">\n\t\t\t\t<div class=\"elementor-widget-container\">\n\t\t\t\t\t\t\t\t\t<h3 data-start=\"1575\" data-end=\"1643\"><strong data-start=\"1579\" data-end=\"1643\">Selene wireless bra: textile technology that takes care of you<\/strong><\/h3>\n<p data-start=\"1645\" data-end=\"1983\">The success of the <strong data-start=\"1658\" data-end=\"1687\">Selene non-wired bra<\/strong> It&#039;s no coincidence. Selene has developed a line that combines innovation and well-being, using high-quality materials that offer support without the need for metal underwires. These bras feature preformed cups that gently shape the bust, achieving a natural and harmonious shape.<\/p>\n<p data-start=\"1985\" data-end=\"2451\">Among the most prominent models of <strong data-start=\"2021\" data-end=\"2050\">Selene non-wired bra<\/strong> You&#039;ll find options made from stretch microfiber, high-density cotton, or second-skin fabrics. These materials adapt to your body&#039;s movements and allow your skin to breathe, preventing feelings of tightness or heat. Additionally, many designs feature wide, adjustable straps that distribute the weight of your bust, ensuring all-day comfort.<\/p>\n<p data-start=\"2453\" data-end=\"2789\">Another of the strong points of the <strong data-start=\"2484\" data-end=\"2513\">Selene non-wired bra<\/strong> is its durability. Despite its lightness, the garments maintain their shape and elasticity even after multiple washes. <strong data-start=\"2643\" data-end=\"2656\">Rosana CL<\/strong>We guarantee that each model retains the brand&#039;s original properties: perfect fit, durability, and timeless elegance.<\/p>\n<p data-start=\"2791\" data-end=\"3072\">The designs also reflect the balance between functionality and aesthetics. From plain models for everyday use to versions with lace, sheer or decorative details, each <strong data-start=\"2985\" data-end=\"3014\">Selene non-wired bra<\/strong> provides that touch of femininity that distinguishes the brand.<\/p>\t\t\t\t\t\t\t\t<\/div>\n\t\t\t\t<\/div>\n\t\t\t\t<\/div>\n\t\t\t\t\t<\/div>\n\t\t\t\t<\/div>\n\t\t<div class=\"elementor-element elementor-element-495e863 e-flex e-con-boxed e-con e-parent\" data-id=\"495e863\" data-element_type=\"container\" data-e-type=\"container\">\n\t\t\t\t\t<div class=\"e-con-inner\">\n\t\t\t\t<div class=\"elementor-element elementor-element-fe47ba3 elementor-widget elementor-widget-text-editor\" data-id=\"fe47ba3\" data-element_type=\"widget\" data-e-type=\"widget\" data-widget_type=\"text-editor.default\">\n\t\t\t\t<div class=\"elementor-widget-container\">\n\t\t\t\t\t\t\t\t\t<h3 data-start=\"3079\" data-end=\"3144\"><strong data-start=\"3083\" data-end=\"3144\">Selene non-wired bra: find yours at Rosana CL<\/strong><\/h3>\n<p data-start=\"3146\" data-end=\"3437\">Choosing the right place to buy your <strong data-start=\"3187\" data-end=\"3216\">Selene non-wired bra<\/strong> is as important as choosing the size or model. In <strong data-start=\"3272\" data-end=\"3285\">Rosana CL<\/strong>We are specialists in women&#039;s lingerie and work directly with Selene to offer 100% original products, with a guarantee of authenticity.<\/p>\n<p data-start=\"3439\" data-end=\"3730\">Our online store is designed to make your experience easier: detailed product information, an accurate sizing guide, real-life photographs, and customer service that supports you every step of the way. We also offer fast, secure shipping throughout Spain, with complete discretion.<\/p>\n<p data-start=\"3732\" data-end=\"4026\">Buy your <strong data-start=\"3743\" data-end=\"3772\">Selene non-wired bra<\/strong> At Rosana CL, we aim for the comfort, confidence, and elegance that only a brand with decades of experience can offer. Each garment is designed to enhance your figure and accompany you in any situation: work, leisure, or relaxation.<\/p>\n<p data-start=\"4028\" data-end=\"4267\">Because true beauty begins with feeling comfortable, <strong data-start=\"4088\" data-end=\"4117\">Selene non-wired bra<\/strong> becomes an essential ally for everyday life. In <strong data-start=\"4181\" data-end=\"4194\">Rosana CL<\/strong>, you&#039;ll find that perfect balance between support, softness and style.<\/p>\t\t\t\t\t\t\t\t<\/div>\n\t\t\t\t<\/div>\n\t\t\t\t\t<\/div>\n\t\t\t\t<\/div>\n\t\t<div class=\"elementor-element elementor-element-d05ed3a e-flex e-con-boxed e-con e-parent\" data-id=\"d05ed3a\" data-element_type=\"container\" data-e-type=\"container\">\n\t\t\t\t\t<div class=\"e-con-inner\">\n\t\t\t\t<div class=\"elementor-element elementor-element-b883e86 elementor-widget elementor-widget-heading\" data-id=\"b883e86\" data-element_type=\"widget\" data-e-type=\"widget\" data-widget_type=\"heading.default\">\n\t\t\t\t<div class=\"elementor-widget-container\">\n\t\t\t\t\t<h2 class=\"elementor-heading-title elementor-size-default\">Contact us <\/h2>\t\t\t\t<\/div>\n\t\t\t\t<\/div>\n\t\t\t\t\t<\/div>\n\t\t\t\t<\/div>\n\t\t<div class=\"elementor-element elementor-element-00e20e2 e-flex e-con-boxed e-con e-parent\" data-id=\"00e20e2\" data-element_type=\"container\" data-e-type=\"container\">\n\t\t\t\t\t<div class=\"e-con-inner\">\n\t\t<div class=\"elementor-element elementor-element-8ad8f7b e-con-full e-flex e-con e-child\" data-id=\"8ad8f7b\" data-element_type=\"container\" data-e-type=\"container\">\n\t\t\t\t<div class=\"elementor-element elementor-element-888944a elementor-widget__width-initial elementor-widget elementor-widget-elementskit-contact-form7\" data-id=\"888944a\" data-element_type=\"widget\" data-e-type=\"widget\" data-widget_type=\"elementskit-contact-form7.default\">\n\t\t\t\t<div class=\"elementor-widget-container\">\n\t\t\t\t\t<div class=\"ekit-wid-con\" ><div class=\"ekit-form\">\n<div class=\"wpcf7 no-js\" id=\"wpcf7-f48-o1\" lang=\"es-ES\" dir=\"ltr\" data-wpcf7-id=\"48\">\n<div class=\"screen-reader-response\"><p role=\"status\" aria-live=\"polite\" aria-atomic=\"true\"><\/p> <ul><\/ul><\/div>\n<form action=\"\/de\/wp-json\/wp\/v2\/pages\/3925#wpcf7-f48-o1\" method=\"post\" class=\"wpcf7-form init\" aria-label=\"Contact form\" novalidate=\"novalidate\" data-status=\"init\" data-trp-original-action=\"\/de\/wp-json\/wp\/v2\/pages\/3925#wpcf7-f48-o1\">\n<fieldset class=\"hidden-fields-container\"><input type=\"hidden\" name=\"_wpcf7\" value=\"48\" \/><input type=\"hidden\" name=\"_wpcf7_version\" value=\"6.1.5\" \/><input type=\"hidden\" name=\"_wpcf7_locale\" value=\"es_ES\" \/><input type=\"hidden\" name=\"_wpcf7_unit_tag\" value=\"wpcf7-f48-o1\" \/><input type=\"hidden\" name=\"_wpcf7_container_post\" value=\"0\" \/><input type=\"hidden\" name=\"_wpcf7_posted_data_hash\" value=\"\" \/><input type=\"hidden\" name=\"_wpcf7_recaptcha_response\" value=\"\" \/>\n<\/fieldset>\n<div class=\"form-row\">\n\t<div class=\"form-column\">\n\t\t<p><span class=\"wpcf7-form-control-wrap\" data-name=\"nombre\"><input size=\"40\" maxlength=\"400\" class=\"wpcf7-form-control wpcf7-text wpcf7-validates-as-required\" aria-required=\"true\" aria-invalid=\"false\" placeholder=\"Name\" value=\"\" type=\"text\" name=\"nombre\" \/><\/span>\n\t\t<\/p>\n\t<\/div>\n\t<div class=\"form-column\">\n\t\t<p><span class=\"wpcf7-form-control-wrap\" data-name=\"telefono\"><input size=\"40\" maxlength=\"400\" class=\"wpcf7-form-control wpcf7-tel wpcf7-validates-as-required wpcf7-text wpcf7-validates-as-tel\" aria-required=\"true\" aria-invalid=\"false\" placeholder=\"Phone *\" value=\"\" type=\"tel\" name=\"telefono\" \/><\/span>\n\t\t<\/p>\n\t<\/div>\n<\/div>\n<div class=\"form-row\">\n\t<div class=\"form-column\">\n\t\t<p><span class=\"wpcf7-form-control-wrap\" data-name=\"email\"><input size=\"40\" maxlength=\"400\" class=\"wpcf7-form-control wpcf7-email wpcf7-validates-as-required wpcf7-text wpcf7-validates-as-email\" aria-required=\"true\" aria-invalid=\"false\" placeholder=\"Email *\" value=\"\" type=\"email\" name=\"email\" \/><\/span>\n\t\t<\/p>\n\t<\/div>\n\t<div class=\"form-column\">\n\t\t<p><span class=\"wpcf7-form-control-wrap\" data-name=\"asunto\"><input size=\"40\" maxlength=\"400\" class=\"wpcf7-form-control wpcf7-text wpcf7-validates-as-required\" aria-required=\"true\" aria-invalid=\"false\" placeholder=\"Affair *\" value=\"\" type=\"text\" name=\"asunto\" \/><\/span>\n\t\t<\/p>\n\t<\/div>\n<\/div>\n<p><span class=\"wpcf7-form-control-wrap\" data-name=\"mensaje\"><textarea cols=\"40\" rows=\"10\" maxlength=\"2000\" class=\"wpcf7-form-control wpcf7-textarea wpcf7-validates-as-required\" aria-required=\"true\" aria-invalid=\"false\" placeholder=\"Message\" name=\"mensaje\"><\/textarea><\/span>\n<\/p>\n<p class=\"legal-priv\"><span class=\"wpcf7-form-control-wrap\" data-name=\"acceptance-787\"><span class=\"wpcf7-form-control wpcf7-acceptance\"><span class=\"wpcf7-list-item\"><label><input type=\"checkbox\" name=\"acceptance-787\" value=\"1\" aria-invalid=\"false\" \/><span class=\"wpcf7-list-item-label\">I have read and agree to the <a href=\"https:\/\/rosanacl.com\/en\/politica-de-privacidad\/\">Privacy Policy<\/a><\/span><\/label><\/span><\/span><\/span>\n<\/p>\n<p><input class=\"wpcf7-form-control wpcf7-submit has-spinner\" type=\"submit\" value=\"SEND MESSAGE\" \/>\n<\/p><div class=\"wpcf7-response-output\" aria-hidden=\"true\"><\/div>\n<input type=\"hidden\" name=\"trp-form-language\" value=\"en\"\/><\/form>\n<\/div>\n<\/div><\/div>\t\t\t\t<\/div>\n\t\t\t\t<\/div>\n\t\t\t\t<\/div>\n\t\t\t\t\t<\/div>\n\t\t\t\t<\/div>\n\t\t\t\t<\/div>","protected":false},"excerpt":{"rendered":"<p>Sujetador Selene sin aros Sujetador Selene sin aros: la comodidad que transforma tu d\u00eda a d\u00eda Encontrar un sujetador que combine comodidad, sujeci\u00f3n y dise\u00f1o no siempre es f\u00e1cil. Por eso, el sujetador Selene sin aros se ha convertido en una de las opciones favoritas de las mujeres que buscan libertad de movimiento sin renunciar [&hellip;]<\/p>\n","protected":false},"author":1,"featured_media":0,"parent":0,"menu_order":0,"comment_status":"closed","ping_status":"closed","template":"","meta":{"content-type":"","footnotes":""},"class_list":["post-3925","page","type-page","status-publish","hentry"],"yoast_head":"<!-- This site is optimized with the Yoast SEO plugin v27.4 - https:\/\/yoast.com\/product\/yoast-seo-wordpress\/ -->\n<title>Sujetador Selene sin aros - Rosana CL<\/title>\n<meta name=\"robots\" content=\"index, follow, max-snippet:-1, max-image-preview:large, max-video-preview:-1\" \/>\n<link rel=\"canonical\" href=\"https:\/\/rosanacl.com\/en\/sujetador-selene-sin-aros\/\" \/>\n<meta property=\"og:locale\" content=\"en_US\" \/>\n<meta property=\"og:type\" content=\"article\" \/>\n<meta property=\"og:title\" content=\"Sujetador Selene sin aros - Rosana CL\" \/>\n<meta property=\"og:description\" content=\"Sujetador Selene sin aros Sujetador Selene sin aros: la comodidad que transforma tu d\u00eda a d\u00eda Encontrar un sujetador que combine comodidad, sujeci\u00f3n y dise\u00f1o no siempre es f\u00e1cil. Por eso, el sujetador Selene sin aros se ha convertido en una de las opciones favoritas de las mujeres que buscan libertad de movimiento sin renunciar [&hellip;]\" \/>\n<meta property=\"og:url\" content=\"https:\/\/rosanacl.com\/en\/sujetador-selene-sin-aros\/\" \/>\n<meta property=\"og:site_name\" content=\"Rosana CL\" \/>\n<meta property=\"article:modified_time\" content=\"2025-10-10T10:00:45+00:00\" \/>\n<meta property=\"og:image\" content=\"https:\/\/rosanacl.com\/wp-content\/uploads\/2025\/09\/comprar-lenceria-selene-1.jpg\" \/>\n\t<meta property=\"og:image:width\" content=\"2000\" \/>\n\t<meta property=\"og:image:height\" content=\"1414\" \/>\n\t<meta property=\"og:image:type\" content=\"image\/jpeg\" \/>\n<meta name=\"twitter:card\" content=\"summary_large_image\" \/>\n<meta name=\"twitter:label1\" content=\"Est. reading time\" \/>\n\t<meta name=\"twitter:data1\" content=\"3 minutes\" \/>\n<script type=\"application\/ld+json\" class=\"yoast-schema-graph\">{\"@context\":\"https:\\\/\\\/schema.org\",\"@graph\":[{\"@type\":\"WebPage\",\"@id\":\"https:\\\/\\\/rosanacl.com\\\/sujetador-selene-sin-aros\\\/\",\"url\":\"https:\\\/\\\/rosanacl.com\\\/sujetador-selene-sin-aros\\\/\",\"name\":\"Sujetador Selene sin aros - Rosana CL\",\"isPartOf\":{\"@id\":\"https:\\\/\\\/rosanacl.com\\\/ca\\\/#website\"},\"primaryImageOfPage\":{\"@id\":\"https:\\\/\\\/rosanacl.com\\\/sujetador-selene-sin-aros\\\/#primaryimage\"},\"image\":{\"@id\":\"https:\\\/\\\/rosanacl.com\\\/sujetador-selene-sin-aros\\\/#primaryimage\"},\"thumbnailUrl\":\"https:\\\/\\\/rosanacl.com\\\/wp-content\\\/uploads\\\/2025\\\/09\\\/comprar-lenceria-selene-1-1024x724.jpg\",\"datePublished\":\"2025-10-10T09:59:02+00:00\",\"dateModified\":\"2025-10-10T10:00:45+00:00\",\"breadcrumb\":{\"@id\":\"https:\\\/\\\/rosanacl.com\\\/sujetador-selene-sin-aros\\\/#breadcrumb\"},\"inLanguage\":\"en-US\",\"potentialAction\":[{\"@type\":\"ReadAction\",\"target\":[\"https:\\\/\\\/rosanacl.com\\\/sujetador-selene-sin-aros\\\/\"]}]},{\"@type\":\"ImageObject\",\"inLanguage\":\"en-US\",\"@id\":\"https:\\\/\\\/rosanacl.com\\\/sujetador-selene-sin-aros\\\/#primaryimage\",\"url\":\"https:\\\/\\\/rosanacl.com\\\/wp-content\\\/uploads\\\/2025\\\/09\\\/comprar-lenceria-selene-1-1024x724.jpg\",\"contentUrl\":\"https:\\\/\\\/rosanacl.com\\\/wp-content\\\/uploads\\\/2025\\\/09\\\/comprar-lenceria-selene-1-1024x724.jpg\"},{\"@type\":\"BreadcrumbList\",\"@id\":\"https:\\\/\\\/rosanacl.com\\\/sujetador-selene-sin-aros\\\/#breadcrumb\",\"itemListElement\":[{\"@type\":\"ListItem\",\"position\":1,\"name\":\"Portada\",\"item\":\"https:\\\/\\\/rosanacl.com\\\/ca\\\/\"},{\"@type\":\"ListItem\",\"position\":2,\"name\":\"Sujetador Selene sin aros\"}]},{\"@type\":\"WebSite\",\"@id\":\"https:\\\/\\\/rosanacl.com\\\/ca\\\/#website\",\"url\":\"https:\\\/\\\/rosanacl.com\\\/ca\\\/\",\"name\":\"Rosana CL\",\"description\":\"Somos tu interior\",\"potentialAction\":[{\"@type\":\"SearchAction\",\"target\":{\"@type\":\"EntryPoint\",\"urlTemplate\":\"https:\\\/\\\/rosanacl.com\\\/ca\\\/?s={search_term_string}\"},\"query-input\":{\"@type\":\"PropertyValueSpecification\",\"valueRequired\":true,\"valueName\":\"search_term_string\"}}],\"inLanguage\":\"en-US\"}]}<\/script>\n<!-- \/ Yoast SEO plugin. -->","yoast_head_json":{"title":"Sujetador Selene sin aros - Rosana CL","robots":{"index":"index","follow":"follow","max-snippet":"max-snippet:-1","max-image-preview":"max-image-preview:large","max-video-preview":"max-video-preview:-1"},"canonical":"https:\/\/rosanacl.com\/en\/sujetador-selene-sin-aros\/","og_locale":"en_US","og_type":"article","og_title":"Sujetador Selene sin aros - Rosana CL","og_description":"Sujetador Selene sin aros Sujetador Selene sin aros: la comodidad que transforma tu d\u00eda a d\u00eda Encontrar un sujetador que combine comodidad, sujeci\u00f3n y dise\u00f1o no siempre es f\u00e1cil. Por eso, el sujetador Selene sin aros se ha convertido en una de las opciones favoritas de las mujeres que buscan libertad de movimiento sin renunciar [&hellip;]","og_url":"https:\/\/rosanacl.com\/en\/sujetador-selene-sin-aros\/","og_site_name":"Rosana CL","article_modified_time":"2025-10-10T10:00:45+00:00","og_image":[{"width":2000,"height":1414,"url":"https:\/\/rosanacl.com\/wp-content\/uploads\/2025\/09\/comprar-lenceria-selene-1.jpg","type":"image\/jpeg"}],"twitter_card":"summary_large_image","twitter_misc":{"Est. reading time":"3 minutes"},"schema":{"@context":"https:\/\/schema.org","@graph":[{"@type":"WebPage","@id":"https:\/\/rosanacl.com\/sujetador-selene-sin-aros\/","url":"https:\/\/rosanacl.com\/sujetador-selene-sin-aros\/","name":"Sujetador Selene sin aros - Rosana CL","isPartOf":{"@id":"https:\/\/rosanacl.com\/ca\/#website"},"primaryImageOfPage":{"@id":"https:\/\/rosanacl.com\/sujetador-selene-sin-aros\/#primaryimage"},"image":{"@id":"https:\/\/rosanacl.com\/sujetador-selene-sin-aros\/#primaryimage"},"thumbnailUrl":"https:\/\/rosanacl.com\/wp-content\/uploads\/2025\/09\/comprar-lenceria-selene-1-1024x724.jpg","datePublished":"2025-10-10T09:59:02+00:00","dateModified":"2025-10-10T10:00:45+00:00","breadcrumb":{"@id":"https:\/\/rosanacl.com\/sujetador-selene-sin-aros\/#breadcrumb"},"inLanguage":"en-US","potentialAction":[{"@type":"ReadAction","target":["https:\/\/rosanacl.com\/sujetador-selene-sin-aros\/"]}]},{"@type":"ImageObject","inLanguage":"en-US","@id":"https:\/\/rosanacl.com\/sujetador-selene-sin-aros\/#primaryimage","url":"https:\/\/rosanacl.com\/wp-content\/uploads\/2025\/09\/comprar-lenceria-selene-1-1024x724.jpg","contentUrl":"https:\/\/rosanacl.com\/wp-content\/uploads\/2025\/09\/comprar-lenceria-selene-1-1024x724.jpg"},{"@type":"BreadcrumbList","@id":"https:\/\/rosanacl.com\/sujetador-selene-sin-aros\/#breadcrumb","itemListElement":[{"@type":"ListItem","position":1,"name":"Portada","item":"https:\/\/rosanacl.com\/ca\/"},{"@type":"ListItem","position":2,"name":"Sujetador Selene sin aros"}]},{"@type":"WebSite","@id":"https:\/\/rosanacl.com\/ca\/#website","url":"https:\/\/rosanacl.com\/ca\/","name":"Rosana CL","description":"We are your interior","potentialAction":[{"@type":"SearchAction","target":{"@type":"EntryPoint","urlTemplate":"https:\/\/rosanacl.com\/ca\/?s={search_term_string}"},"query-input":{"@type":"PropertyValueSpecification","valueRequired":true,"valueName":"search_term_string"}}],"inLanguage":"en-US"}]}},"_links":{"self":[{"href":"https:\/\/rosanacl.com\/en\/wp-json\/wp\/v2\/pages\/3925","targetHints":{"allow":["GET"]}}],"collection":[{"href":"https:\/\/rosanacl.com\/en\/wp-json\/wp\/v2\/pages"}],"about":[{"href":"https:\/\/rosanacl.com\/en\/wp-json\/wp\/v2\/types\/page"}],"author":[{"embeddable":true,"href":"https:\/\/rosanacl.com\/en\/wp-json\/wp\/v2\/users\/1"}],"replies":[{"embeddable":true,"href":"https:\/\/rosanacl.com\/en\/wp-json\/wp\/v2\/comments?post=3925"}],"version-history":[{"count":0,"href":"https:\/\/rosanacl.com\/en\/wp-json\/wp\/v2\/pages\/3925\/revisions"}],"wp:attachment":[{"href":"https:\/\/rosanacl.com\/en\/wp-json\/wp\/v2\/media?parent=3925"}],"curies":[{"name":"wp","href":"https:\/\/api.w.org\/{rel}","templated":true}]}}