{"id":2067,"date":"2025-05-23T10:07:45","date_gmt":"2025-05-23T08:07:45","guid":{"rendered":"https:\/\/rosanacl.com\/?post_type=product&#038;p=2067"},"modified":"2026-01-07T19:09:32","modified_gmt":"2026-01-07T18:09:32","slug":"body-selene-modelo-graziella","status":"publish","type":"product","link":"https:\/\/rosanacl.com\/en\/product\/body-selene-modelo-graziella\/","title":{"rendered":"Body Selene Graziella"},"content":{"rendered":"<p>The Selene Graziella bodysuit is the kind of garment that, as soon as you put it on, you understand: eye-catching lace, flattering lines, and an elegant finish that transforms any moment (and any look) into something more special. It&#039;s sensual, yes\u2026 but above all, beautiful, flattering, and striking\u2014the kind that looks effortlessly good.<\/p>\n<p>With underwire and a C cup, the Graziella bra provides firm, feminine support, while the lace drapes delicately along the silhouette. Perfect for wearing as lingerie\u2026 or as that secret weapon that transforms your look when you want to feel spectacular.<\/p>\n<p>Details you&#039;ll love<\/p>\n<ul>\n<li>Underwire + C cup: real support and a beautiful neckline, without sacrificing comfort.<\/li>\n<li>Full lace: elegant and ultra-feminine finish on the front and sides.<\/li>\n<li>Silhouette effect: the design follows the body and visually stylizes it.<\/li>\n<li>Comfortable straps and a secure fit: designed to be worn comfortably for hours.<\/li>\n<li>Perfect for special occasions (and for you): when you want to look &quot;wow&quot; without overdoing it.<\/li>\n<\/ul>\n<p>\ud83d\udde3\ufe0f Tip: The Graziella isn&#039;t &quot;just&quot; a bodysuit: it&#039;s that garment that, when you put it on, changes your posture without you even noticing. The lace caresses (it doesn&#039;t itch) and the whole thing feels firm yet light, like a jewel against your skin: it makes you feel confident, stylish, and very put-together without having to do anything else.<\/p>\n<p>\ud83d\udccf Note: When choosing a size for a C-cup underwire bodysuit, the key is that your bust sits comfortably and the bodysuit doesn&#039;t pull on the straps. If you&#039;re between sizes, choose based on how it feels: a more fitted size if you like a more streamlined fit; a size up if you have a long torso or prefer a softer fit around the hips and abdomen.<\/p>\n<p>Composition: 86% Polyamide + 14% Elastane<\/p>\n<p>\ud83d\udda4 Mysterious, minimal, seductive and sophisticated \u2014 made for lingering glances.<\/p>","protected":false},"excerpt":{"rendered":"<p>Body Selene modelo Graziella es ese tipo de prenda que, en cuanto te la pones, lo entiendes: encaje protagonista, l\u00edneas que estilizan y un acabado elegante que transforma cualquier momento (y cualquier look) en algo m\u00e1s especial. Es sensual, s\u00ed&#8230; pero sobre todo bonito, favorecedor y con presencia, de los que sientan \u00abbien\u00bb sin esfuerzo. [&hellip;]<\/p>\n","protected":false},"featured_media":2345,"comment_status":"open","ping_status":"closed","template":"","meta":{"content-type":""},"product_brand":[55],"product_cat":[18,98],"product_tag":[66],"class_list":{"0":"post-2067","1":"product","2":"type-product","3":"status-publish","4":"has-post-thumbnail","6":"product_brand-selene","7":"product_cat-body","8":"product_cat-graziella","9":"product_tag-body","11":"first","12":"instock","13":"taxable","14":"shipping-taxable","15":"purchasable","16":"product-type-variable"},"supplier_id":null,"supplier_sku":"","barcode":null,"atum_controlled":true,"out_stock_date":null,"out_stock_threshold":null,"inheritable":true,"inbound_stock":0,"stock_on_hold":0,"sold_today":0,"sales_last_days":0,"reserved_stock":0,"customer_returns":0,"warehouse_damage":0,"lost_in_post":0,"other_logs":0,"out_stock_days":0,"lost_sales":0,"has_location":false,"update_date":"2026-01-07T18:09:33","atum_locations":[],"atum_stock_status":"instock","restock_status":false,"low_stock_amount":"","sales_update_date":"2025-10-03T04:55:37","calc_backorders":null,"yoast_head":"<!-- This site is optimized with the Yoast SEO plugin v27.4 - https:\/\/yoast.com\/product\/yoast-seo-wordpress\/ -->\n<title>Body Selene Graziella - Rosana CL<\/title>\n<meta name=\"robots\" content=\"index, follow, max-snippet:-1, max-image-preview:large, max-video-preview:-1\" \/>\n<link rel=\"canonical\" href=\"https:\/\/rosanacl.com\/en\/product\/body-selene-modelo-graziella\/\" \/>\n<meta property=\"og:locale\" content=\"en_US\" \/>\n<meta property=\"og:type\" content=\"article\" \/>\n<meta property=\"og:title\" content=\"Body Selene Graziella - Rosana CL\" \/>\n<meta property=\"og:description\" content=\"Body Selene modelo Graziella es ese tipo de prenda que, en cuanto te la pones, lo entiendes: encaje protagonista, l\u00edneas que estilizan y un acabado elegante que transforma cualquier momento (y cualquier look) en algo m\u00e1s especial. Es sensual, s\u00ed&#8230; pero sobre todo bonito, favorecedor y con presencia, de los que sientan \u00abbien\u00bb sin esfuerzo. [&hellip;]\" \/>\n<meta property=\"og:url\" content=\"https:\/\/rosanacl.com\/en\/product\/body-selene-modelo-graziella\/\" \/>\n<meta property=\"og:site_name\" content=\"Rosana CL\" \/>\n<meta property=\"article:modified_time\" content=\"2026-01-07T18:09:32+00:00\" \/>\n<meta property=\"og:image\" content=\"https:\/\/rosanacl.com\/wp-content\/uploads\/2025\/05\/1-1-e1756816402730.jpg\" \/>\n\t<meta property=\"og:image:width\" content=\"518\" \/>\n\t<meta property=\"og:image:height\" content=\"649\" \/>\n\t<meta property=\"og:image:type\" content=\"image\/jpeg\" \/>\n<meta name=\"twitter:card\" content=\"summary_large_image\" \/>\n<meta name=\"twitter:label1\" content=\"Est. reading time\" \/>\n\t<meta name=\"twitter:data1\" content=\"2 minutes\" \/>\n<script type=\"application\/ld+json\" class=\"yoast-schema-graph\">{\"@context\":\"https:\\\/\\\/schema.org\",\"@graph\":[{\"@type\":\"WebPage\",\"@id\":\"https:\\\/\\\/rosanacl.com\\\/producto\\\/body-selene-modelo-graziella\\\/\",\"url\":\"https:\\\/\\\/rosanacl.com\\\/producto\\\/body-selene-modelo-graziella\\\/\",\"name\":\"Body Selene Graziella - Rosana CL\",\"isPartOf\":{\"@id\":\"https:\\\/\\\/rosanacl.com\\\/ca\\\/#website\"},\"primaryImageOfPage\":{\"@id\":\"https:\\\/\\\/rosanacl.com\\\/producto\\\/body-selene-modelo-graziella\\\/#primaryimage\"},\"image\":{\"@id\":\"https:\\\/\\\/rosanacl.com\\\/producto\\\/body-selene-modelo-graziella\\\/#primaryimage\"},\"thumbnailUrl\":\"https:\\\/\\\/rosanacl.com\\\/wp-content\\\/uploads\\\/2025\\\/05\\\/1-1-e1756816402730.jpg\",\"datePublished\":\"2025-05-23T08:07:45+00:00\",\"dateModified\":\"2026-01-07T18:09:32+00:00\",\"breadcrumb\":{\"@id\":\"https:\\\/\\\/rosanacl.com\\\/producto\\\/body-selene-modelo-graziella\\\/#breadcrumb\"},\"inLanguage\":\"en-US\",\"potentialAction\":[{\"@type\":\"ReadAction\",\"target\":[\"https:\\\/\\\/rosanacl.com\\\/producto\\\/body-selene-modelo-graziella\\\/\"]}]},{\"@type\":\"ImageObject\",\"inLanguage\":\"en-US\",\"@id\":\"https:\\\/\\\/rosanacl.com\\\/producto\\\/body-selene-modelo-graziella\\\/#primaryimage\",\"url\":\"https:\\\/\\\/rosanacl.com\\\/wp-content\\\/uploads\\\/2025\\\/05\\\/1-1-e1756816402730.jpg\",\"contentUrl\":\"https:\\\/\\\/rosanacl.com\\\/wp-content\\\/uploads\\\/2025\\\/05\\\/1-1-e1756816402730.jpg\",\"width\":518,\"height\":649},{\"@type\":\"BreadcrumbList\",\"@id\":\"https:\\\/\\\/rosanacl.com\\\/producto\\\/body-selene-modelo-graziella\\\/#breadcrumb\",\"itemListElement\":[{\"@type\":\"ListItem\",\"position\":1,\"name\":\"Portada\",\"item\":\"https:\\\/\\\/rosanacl.com\\\/ca\\\/\"},{\"@type\":\"ListItem\",\"position\":2,\"name\":\"Tienda\",\"item\":\"https:\\\/\\\/rosanacl.com\\\/ca\\\/tienda\\\/\"},{\"@type\":\"ListItem\",\"position\":3,\"name\":\"Body Selene Graziella\"}]},{\"@type\":\"WebSite\",\"@id\":\"https:\\\/\\\/rosanacl.com\\\/ca\\\/#website\",\"url\":\"https:\\\/\\\/rosanacl.com\\\/ca\\\/\",\"name\":\"Rosana CL\",\"description\":\"Somos tu interior\",\"potentialAction\":[{\"@type\":\"SearchAction\",\"target\":{\"@type\":\"EntryPoint\",\"urlTemplate\":\"https:\\\/\\\/rosanacl.com\\\/ca\\\/?s={search_term_string}\"},\"query-input\":{\"@type\":\"PropertyValueSpecification\",\"valueRequired\":true,\"valueName\":\"search_term_string\"}}],\"inLanguage\":\"en-US\"}]}<\/script>\n<!-- \/ Yoast SEO plugin. -->","yoast_head_json":{"title":"Body Selene Graziella - Rosana CL","robots":{"index":"index","follow":"follow","max-snippet":"max-snippet:-1","max-image-preview":"max-image-preview:large","max-video-preview":"max-video-preview:-1"},"canonical":"https:\/\/rosanacl.com\/en\/product\/body-selene-modelo-graziella\/","og_locale":"en_US","og_type":"article","og_title":"Body Selene Graziella - Rosana CL","og_description":"Body Selene modelo Graziella es ese tipo de prenda que, en cuanto te la pones, lo entiendes: encaje protagonista, l\u00edneas que estilizan y un acabado elegante que transforma cualquier momento (y cualquier look) en algo m\u00e1s especial. Es sensual, s\u00ed&#8230; pero sobre todo bonito, favorecedor y con presencia, de los que sientan \u00abbien\u00bb sin esfuerzo. [&hellip;]","og_url":"https:\/\/rosanacl.com\/en\/product\/body-selene-modelo-graziella\/","og_site_name":"Rosana CL","article_modified_time":"2026-01-07T18:09:32+00:00","og_image":[{"width":518,"height":649,"url":"https:\/\/rosanacl.com\/wp-content\/uploads\/2025\/05\/1-1-e1756816402730.jpg","type":"image\/jpeg"}],"twitter_card":"summary_large_image","twitter_misc":{"Est. reading time":"2 minutes"},"schema":{"@context":"https:\/\/schema.org","@graph":[{"@type":"WebPage","@id":"https:\/\/rosanacl.com\/producto\/body-selene-modelo-graziella\/","url":"https:\/\/rosanacl.com\/producto\/body-selene-modelo-graziella\/","name":"Body Selene Graziella - Rosana CL","isPartOf":{"@id":"https:\/\/rosanacl.com\/ca\/#website"},"primaryImageOfPage":{"@id":"https:\/\/rosanacl.com\/producto\/body-selene-modelo-graziella\/#primaryimage"},"image":{"@id":"https:\/\/rosanacl.com\/producto\/body-selene-modelo-graziella\/#primaryimage"},"thumbnailUrl":"https:\/\/rosanacl.com\/wp-content\/uploads\/2025\/05\/1-1-e1756816402730.jpg","datePublished":"2025-05-23T08:07:45+00:00","dateModified":"2026-01-07T18:09:32+00:00","breadcrumb":{"@id":"https:\/\/rosanacl.com\/producto\/body-selene-modelo-graziella\/#breadcrumb"},"inLanguage":"en-US","potentialAction":[{"@type":"ReadAction","target":["https:\/\/rosanacl.com\/producto\/body-selene-modelo-graziella\/"]}]},{"@type":"ImageObject","inLanguage":"en-US","@id":"https:\/\/rosanacl.com\/producto\/body-selene-modelo-graziella\/#primaryimage","url":"https:\/\/rosanacl.com\/wp-content\/uploads\/2025\/05\/1-1-e1756816402730.jpg","contentUrl":"https:\/\/rosanacl.com\/wp-content\/uploads\/2025\/05\/1-1-e1756816402730.jpg","width":518,"height":649},{"@type":"BreadcrumbList","@id":"https:\/\/rosanacl.com\/producto\/body-selene-modelo-graziella\/#breadcrumb","itemListElement":[{"@type":"ListItem","position":1,"name":"Portada","item":"https:\/\/rosanacl.com\/ca\/"},{"@type":"ListItem","position":2,"name":"Tienda","item":"https:\/\/rosanacl.com\/ca\/tienda\/"},{"@type":"ListItem","position":3,"name":"Body Selene Graziella"}]},{"@type":"WebSite","@id":"https:\/\/rosanacl.com\/ca\/#website","url":"https:\/\/rosanacl.com\/ca\/","name":"Rosana CL","description":"We are your interior","potentialAction":[{"@type":"SearchAction","target":{"@type":"EntryPoint","urlTemplate":"https:\/\/rosanacl.com\/ca\/?s={search_term_string}"},"query-input":{"@type":"PropertyValueSpecification","valueRequired":true,"valueName":"search_term_string"}}],"inLanguage":"en-US"}]}},"_links":{"self":[{"href":"https:\/\/rosanacl.com\/en\/wp-json\/wp\/v2\/product\/2067","targetHints":{"allow":["GET"]}}],"collection":[{"href":"https:\/\/rosanacl.com\/en\/wp-json\/wp\/v2\/product"}],"about":[{"href":"https:\/\/rosanacl.com\/en\/wp-json\/wp\/v2\/types\/product"}],"replies":[{"embeddable":true,"href":"https:\/\/rosanacl.com\/en\/wp-json\/wp\/v2\/comments?post=2067"}],"version-history":[{"count":5,"href":"https:\/\/rosanacl.com\/en\/wp-json\/wp\/v2\/product\/2067\/revisions"}],"predecessor-version":[{"id":4600,"href":"https:\/\/rosanacl.com\/en\/wp-json\/wp\/v2\/product\/2067\/revisions\/4600"}],"wp:featuredmedia":[{"embeddable":true,"href":"https:\/\/rosanacl.com\/en\/wp-json\/wp\/v2\/media\/2345"}],"wp:attachment":[{"href":"https:\/\/rosanacl.com\/en\/wp-json\/wp\/v2\/media?parent=2067"}],"wp:term":[{"taxonomy":"product_brand","embeddable":true,"href":"https:\/\/rosanacl.com\/en\/wp-json\/wp\/v2\/product_brand?post=2067"},{"taxonomy":"product_cat","embeddable":true,"href":"https:\/\/rosanacl.com\/en\/wp-json\/wp\/v2\/product_cat?post=2067"},{"taxonomy":"product_tag","embeddable":true,"href":"https:\/\/rosanacl.com\/en\/wp-json\/wp\/v2\/product_tag?post=2067"}],"curies":[{"name":"wp","href":"https:\/\/api.w.org\/{rel}","templated":true}]}}