{"id":16,"date":"2025-03-28T15:59:16","date_gmt":"2025-03-28T18:59:16","guid":{"rendered":"https:\/\/innovacon.simplificandotuweb.com\/?page_id=16"},"modified":"2025-07-09T08:54:15","modified_gmt":"2025-07-09T06:54:15","slug":"politica-de-cookies","status":"publish","type":"page","link":"https:\/\/rosanacl.com\/et\/politica-de-cookies\/","title":{"rendered":"K\u00fcpsiste poliitika"},"content":{"rendered":"<div data-elementor-type=\"wp-page\" data-elementor-id=\"16\" class=\"elementor elementor-16\" data-elementor-post-type=\"page\">\n\t\t\t\t<div class=\"elementor-element elementor-element-3406fa7 e-flex e-con-boxed e-con e-parent\" data-id=\"3406fa7\" data-element_type=\"container\" data-e-type=\"container\" data-settings=\"{&quot;background_background&quot;:&quot;classic&quot;}\">\n\t\t\t\t\t<div class=\"e-con-inner\">\n\t\t<div class=\"elementor-element elementor-element-d212998 e-con-full e-flex e-con e-child\" data-id=\"d212998\" data-element_type=\"container\" data-e-type=\"container\">\n\t\t\t\t<div class=\"elementor-element elementor-element-973e9ce elementor-widget elementor-widget-heading\" data-id=\"973e9ce\" data-element_type=\"widget\" data-e-type=\"widget\" data-widget_type=\"heading.default\">\n\t\t\t\t<div class=\"elementor-widget-container\">\n\t\t\t\t\t<h2 class=\"elementor-heading-title elementor-size-default\">K\u00fcpsiste poliitika<\/h2>\t\t\t\t<\/div>\n\t\t\t\t<\/div>\n\t\t\t\t<\/div>\n\t\t\t\t\t<\/div>\n\t\t\t\t<\/div>\n\t\t<div class=\"elementor-element elementor-element-504b4f4d e-flex e-con-boxed e-con e-parent\" data-id=\"504b4f4d\" data-element_type=\"container\" data-e-type=\"container\">\n\t\t\t\t\t<div class=\"e-con-inner\">\n\t\t\t\t<div class=\"elementor-element elementor-element-36706845 elementor-widget elementor-widget-text-editor\" data-id=\"36706845\" data-element_type=\"widget\" data-e-type=\"widget\" data-widget_type=\"text-editor.default\">\n\t\t\t\t<div class=\"elementor-widget-container\">\n\t\t\t\t\t\t\t\t\t\n<p>K\u00e4esolevat k\u00fcpsiste kasutamise eeskirja v\u00e4rskendati viimati 8. jaanuaril 2024 ja see kehtib Euroopa Majanduspiirkonna ja \u0160veitsi kodanikele ja seaduslikele alalistele elanikele.<\/p>\n\n<p><strong>1. Sissejuhatus<\/strong><\/p>\n\n<p>Meie veebisait, <a href=\"https:\/\/rosanacl.com\/et\/\">https:\/\/rosanacl.com\/<\/a> (edaspidi \u201eveebisait\u201c) kasutab k\u00fcpsiseid ja muid seotud tehnoloogiaid (mugavuse huvides nimetatakse k\u00f5iki tehnoloogiaid \u201ek\u00fcpsisteks\u201c). K\u00fcpsiseid paigutavad ka meiega lepingu alusel t\u00f6\u00f6tavad kolmandad osapooled. J\u00e4rgnev dokument teavitab teid k\u00fcpsiste kasutamisest meie veebisaidil.<\/p>\n\n<p><strong>2. Mis on k\u00fcpsised?<\/strong><\/p>\n\n<p>K\u00fcpsis on v\u00e4ike fail, mis saadetakse koos selle veebisaidi lehtedega ja mille teie brauser salvestab teie arvuti v\u00f5i muu seadme k\u00f5vakettale. Salvestatud teave v\u00f5idakse j\u00e4rgmise k\u00fclastuse ajal tagastada meie serveritesse v\u00f5i vastavatesse kolmandate osapoolte serveritesse.<\/p>\n\n<p><strong>3. Mis on skriptid?<\/strong><\/p>\n\n<p>Skript on programmikoodi osa, mida kasutatakse meie veebisaidi korrektseks ja interaktiivseks toimimiseks. See kood t\u00f6\u00f6tab meie serveris v\u00f5i teie seadmes.<\/p>\n\n<p><strong>4. Mis on veebimajakas?<\/strong><\/p>\n\n<p>Veebimajakas (v\u00f5i pikslisilt) on v\u00e4ike, n\u00e4htamatu teksti- v\u00f5i pildiosa veebisaidil, mida kasutatakse veebisaidi liikluse j\u00e4lgimiseks. Selleks salvestatakse nende veebimajakate abil teie kohta mitmesuguseid andmeid.<\/p>\n\n<p><strong>5. K\u00fcpsised<\/strong><\/p>\n\n<p><strong>5.1 Tehnilised v\u00f5i funktsionaalsed k\u00fcpsised<\/strong><\/p>\n\n<p>M\u00f5ned k\u00fcpsised tagavad veebisaidi teatud osade n\u00f5uetekohase toimimise ja teie kasutajaeelistuste teadaj\u00e4\u00e4mise. Funktsionaalsete k\u00fcpsiste paigutamisega muudame teie veebisaidi k\u00fclastuse lihtsamaks. Nii ei pea te meie veebisaiti k\u00fclastades korduvalt sama teavet sisestama ja n\u00e4iteks j\u00e4\u00e4vad tooted teie ostukorvi kuni tasumiseni. Me v\u00f5ime need k\u00fcpsised paigutada ilma teie n\u00f5usolekuta.<\/p>\n\n<p><strong>5.2 Turundus-\/j\u00e4lgimisk\u00fcpsised<\/strong><\/p>\n\n<p>Turundus-\/j\u00e4lgimisk\u00fcpsised on k\u00fcpsised v\u00f5i muud kohaliku salvestuse vormid, mida kasutatakse kasutajaprofiilide loomiseks reklaamide kuvamise v\u00f5i kasutajate j\u00e4lgimise eesm\u00e4rgil sellel veebisaidil v\u00f5i mitmel veebisaidil sarnastel turunduslikel eesm\u00e4rkidel.<\/p>\n\n<p><strong>6. Kasutatavad k\u00fcpsised<\/strong><\/p>\n\n<ul class=\"wp-block-list\">\n<li>Elementor \u2013 Statistika (anon\u00fc\u00fcmne)<\/li>\n<li>N\u00f5usolek teenuse osutamiseks<\/li>\n<li>WordPress \u2013 funktsionaalne<\/li>\n<li>N\u00f5usolek WordPressi teenuse kasutamiseks<\/li>\n<li>Erinevad \u2013 eesm\u00e4rk on uurimise all<\/li>\n<li>N\u00f5usolek mitmesuguste teenuste osutamiseks<\/li>\n<\/ul>\n\n<p><strong>7. N\u00f5usolek<\/strong><\/p>\n\n<p>Kui k\u00fclastate meie veebisaiti esimest korda, kuvame teile h\u00fcpikakna k\u00fcpsiste kohta selgitusega. Niipea kui kl\u00f5psate nupul \u201eSalvesta eelistused\u201c, n\u00f5ustute meiega h\u00fcpikaknas valitud k\u00fcpsiste ja pistikprogrammide kategooriate kasutamisega, nagu on kirjeldatud selles k\u00fcpsiste poliitikas. Saate k\u00fcpsiste kasutamise oma brauseri kaudu keelata, kuid pidage meeles, et meie veebisait ei pruugi enam korralikult t\u00f6\u00f6tada.<\/p>\n\n<p><strong>7.1 N\u00f5usoleku s\u00e4tete haldamine<\/strong><\/p>\n\n<ul class=\"wp-block-list\">\n<li>Funktsionaalne \u2013 alati aktiivne<\/li>\n<li>Turundus \u2013 turundus<\/li>\n<\/ul>\n\n<p><strong>8. K\u00fcpsiste aktiveerimine\/deaktiveerimine ja kustutamine<\/strong><\/p>\n\n<p>Saate oma internetibrauserit kasutada k\u00fcpsiste automaatseks v\u00f5i k\u00e4sitsi kustutamiseks. Samuti saate m\u00e4\u00e4rata, et teatud k\u00fcpsiseid ei tohi paigutada. Teine v\u00f5imalus on muuta oma internetibrauseri seadeid nii, et saaksite iga kord k\u00fcpsise paigutamisel teate. Lisateavet nende valikute kohta leiate oma brauseri jaotisest \u201eAbi\u201d.<\/p>\n\n<p>Palun arvestage, et meie veebisait ei pruugi korralikult t\u00f6\u00f6tada, kui k\u00f5ik k\u00fcpsised on keelatud. Kui kustutate k\u00fcpsised oma brauserist, paigutatakse need p\u00e4rast teie n\u00f5usolekut uuesti, kui k\u00fclastate meie veebisaite uuesti.<\/p>\n\n<p><strong>9. Teie \u00f5igused seoses isikuandmetega<\/strong><\/p>\n\n<ul class=\"wp-block-list\">\n<li>Teil on \u00f5igus teada, miks teie isikuandmeid vajatakse, mis nendega juhtub ja kui kaua neid s\u00e4ilitatakse.<\/li>\n<li>Juurdep\u00e4\u00e4su\u00f5igus: Teil on \u00f5igus tutvuda oma isikuandmetega, mis on meile teada.<\/li>\n<li>\u00d5igus parandamisele: Teil on \u00f5igus oma isikuandmeid igal ajal t\u00e4iendada, parandada, kustutada v\u00f5i blokeerida.<\/li>\n<li>Kui annate meile oma andmete t\u00f6\u00f6tlemiseks n\u00f5usoleku, on teil \u00f5igus see n\u00f5usolek tagasi v\u00f5tta ja lasta oma isikuandmed kustutada.<\/li>\n<li>\u00d5igus oma andmete \u00fclekandmisele: Teil on \u00f5igus n\u00f5uda andmet\u00f6\u00f6tlejalt k\u00f5iki oma isikuandmeid ja edastada need tervikuna teisele andmet\u00f6\u00f6tlejale.<\/li>\n<li>\u00d5igus vastuv\u00e4idete esitamiseks: Teil on \u00f5igus oma andmete t\u00f6\u00f6tlemisele vastuv\u00e4iteid esitada. Me j\u00e4rgime seda taotlust, v\u00e4lja arvatud juhul, kui t\u00f6\u00f6tlemiseks on \u00f5igustatud alus.<\/li>\n<\/ul>\n\n<p>Nende \u00f5iguste teostamiseks v\u00f5tke meiega \u00fchendust. Kontaktandmed leiate selle k\u00fcpsiste kasutamise p\u00f5him\u00f5tte allosas. Kui teil on kaebusi selle kohta, kuidas me teie andmeid t\u00f6\u00f6tleme, tahaksime teid kuulda, kuid teil on ka \u00f5igus esitada kaebus j\u00e4relevalveasutusele (andmekaitseasutusele).<\/p>\n\n<p><strong>10. Kontaktandmed<\/strong><\/p>\n\n<p>K\u00fcsimuste ja\/v\u00f5i kommentaaride korral meie k\u00fcpsiste kasutamise p\u00f5him\u00f5tte ja selle avalduse kohta v\u00f5tke meiega \u00fchendust, kasutades j\u00e4rgmist kontaktteavet:<\/p>\n\n<ul class=\"wp-block-list\">\n<li>Ettev\u00f5te: Pablo Angulo Maspons<\/li>\n<li>Rahvaarv: Vinaroz, Hispaania<\/li>\n<li>Telefon: 613395013<\/li>\n<li>Post:<a href=\"mailto:info@rosanacl.com\"> info@rosanacl.com<\/a>\u00a0<\/li>\n<\/ul>\n\n<p>See k\u00fcpsiste kasutamise p\u00f5him\u00f5tted on s\u00fcnkroonitud j\u00e4rgmisega: <a href=\"https:\/\/cookiedatabase.org\">k\u00fcpsistedatabase.org<\/a> 01.08.2024.<\/p>\n\n<p>\u00a0<\/p>\t\t\t\t\t\t\t\t<\/div>\n\t\t\t\t<\/div>\n\t\t\t\t\t<\/div>\n\t\t\t\t<\/div>\n\t\t\t\t<\/div>","protected":false},"excerpt":{"rendered":"<p>Esta pol\u00edtica de cookies fue actualizada por \u00faltima vez el 08\/01\/2024 y se aplica a los ciudadanos y residentes legales permanentes del Espacio Econ\u00f3mico Europeo y Suiza. 1. Introducci\u00f3n Nuestra web, https:\/\/rosanacl.com\/ (en adelante: \u00abla web\u00bb) utiliza cookies y otras tecnolog\u00edas relacionadas (para mayor comodidad, todas las tecnolog\u00edas se denominan \u00abcookies\u00bb). Las cookies tambi\u00e9n son [&hellip;]<\/p>\n","protected":false},"author":1,"featured_media":0,"parent":0,"menu_order":0,"comment_status":"closed","ping_status":"closed","template":"","meta":{"content-type":"","footnotes":""},"class_list":["post-16","page","type-page","status-publish","hentry"],"yoast_head":"<!-- This site is optimized with the Yoast SEO plugin v27.4 - https:\/\/yoast.com\/product\/yoast-seo-wordpress\/ -->\n<title>Pol\u00edtica de Cookies - Rosana CL<\/title>\n<meta name=\"robots\" content=\"index, follow, max-snippet:-1, max-image-preview:large, max-video-preview:-1\" \/>\n<link rel=\"canonical\" href=\"https:\/\/rosanacl.com\/et\/politica-de-cookies\/\" \/>\n<meta property=\"og:locale\" content=\"et_EE\" \/>\n<meta property=\"og:type\" content=\"article\" \/>\n<meta property=\"og:title\" content=\"Pol\u00edtica de Cookies - Rosana CL\" \/>\n<meta property=\"og:description\" content=\"Esta pol\u00edtica de cookies fue actualizada por \u00faltima vez el 08\/01\/2024 y se aplica a los ciudadanos y residentes legales permanentes del Espacio Econ\u00f3mico Europeo y Suiza. 1. Introducci\u00f3n Nuestra web, https:\/\/rosanacl.com\/ (en adelante: \u00abla web\u00bb) utiliza cookies y otras tecnolog\u00edas relacionadas (para mayor comodidad, todas las tecnolog\u00edas se denominan \u00abcookies\u00bb). Las cookies tambi\u00e9n son [&hellip;]\" \/>\n<meta property=\"og:url\" content=\"https:\/\/rosanacl.com\/et\/politica-de-cookies\/\" \/>\n<meta property=\"og:site_name\" content=\"Rosana CL\" \/>\n<meta property=\"article:modified_time\" content=\"2025-07-09T06:54:15+00:00\" \/>\n<meta name=\"twitter:card\" content=\"summary_large_image\" \/>\n<meta name=\"twitter:label1\" content=\"Est. reading time\" \/>\n\t<meta name=\"twitter:data1\" content=\"4 minutit\" \/>\n<script type=\"application\/ld+json\" class=\"yoast-schema-graph\">{\"@context\":\"https:\\\/\\\/schema.org\",\"@graph\":[{\"@type\":\"WebPage\",\"@id\":\"https:\\\/\\\/rosanacl.com\\\/eu\\\/politica-de-cookies\\\/\",\"url\":\"https:\\\/\\\/rosanacl.com\\\/eu\\\/politica-de-cookies\\\/\",\"name\":\"Pol\u00edtica de Cookies - Rosana CL\",\"isPartOf\":{\"@id\":\"https:\\\/\\\/rosanacl.com\\\/ca\\\/#website\"},\"datePublished\":\"2025-03-28T18:59:16+00:00\",\"dateModified\":\"2025-07-09T06:54:15+00:00\",\"breadcrumb\":{\"@id\":\"https:\\\/\\\/rosanacl.com\\\/eu\\\/politica-de-cookies\\\/#breadcrumb\"},\"inLanguage\":\"et\",\"potentialAction\":[{\"@type\":\"ReadAction\",\"target\":[\"https:\\\/\\\/rosanacl.com\\\/eu\\\/politica-de-cookies\\\/\"]}]},{\"@type\":\"BreadcrumbList\",\"@id\":\"https:\\\/\\\/rosanacl.com\\\/eu\\\/politica-de-cookies\\\/#breadcrumb\",\"itemListElement\":[{\"@type\":\"ListItem\",\"position\":1,\"name\":\"Portada\",\"item\":\"https:\\\/\\\/rosanacl.com\\\/ca\\\/\"},{\"@type\":\"ListItem\",\"position\":2,\"name\":\"Pol\u00edtica de Cookies\"}]},{\"@type\":\"WebSite\",\"@id\":\"https:\\\/\\\/rosanacl.com\\\/ca\\\/#website\",\"url\":\"https:\\\/\\\/rosanacl.com\\\/ca\\\/\",\"name\":\"Rosana CL\",\"description\":\"Somos tu interior\",\"potentialAction\":[{\"@type\":\"SearchAction\",\"target\":{\"@type\":\"EntryPoint\",\"urlTemplate\":\"https:\\\/\\\/rosanacl.com\\\/ca\\\/?s={search_term_string}\"},\"query-input\":{\"@type\":\"PropertyValueSpecification\",\"valueRequired\":true,\"valueName\":\"search_term_string\"}}],\"inLanguage\":\"et\"}]}<\/script>\n<!-- \/ Yoast SEO plugin. -->","yoast_head_json":{"title":"Pol\u00edtica de Cookies - Rosana CL","robots":{"index":"index","follow":"follow","max-snippet":"max-snippet:-1","max-image-preview":"max-image-preview:large","max-video-preview":"max-video-preview:-1"},"canonical":"https:\/\/rosanacl.com\/et\/politica-de-cookies\/","og_locale":"et_EE","og_type":"article","og_title":"Pol\u00edtica de Cookies - Rosana CL","og_description":"Esta pol\u00edtica de cookies fue actualizada por \u00faltima vez el 08\/01\/2024 y se aplica a los ciudadanos y residentes legales permanentes del Espacio Econ\u00f3mico Europeo y Suiza. 1. Introducci\u00f3n Nuestra web, https:\/\/rosanacl.com\/ (en adelante: \u00abla web\u00bb) utiliza cookies y otras tecnolog\u00edas relacionadas (para mayor comodidad, todas las tecnolog\u00edas se denominan \u00abcookies\u00bb). Las cookies tambi\u00e9n son [&hellip;]","og_url":"https:\/\/rosanacl.com\/et\/politica-de-cookies\/","og_site_name":"Rosana CL","article_modified_time":"2025-07-09T06:54:15+00:00","twitter_card":"summary_large_image","twitter_misc":{"Est. reading time":"4 minutit"},"schema":{"@context":"https:\/\/schema.org","@graph":[{"@type":"WebPage","@id":"https:\/\/rosanacl.com\/eu\/politica-de-cookies\/","url":"https:\/\/rosanacl.com\/eu\/politica-de-cookies\/","name":"Pol\u00edtica de Cookies - Rosana CL","isPartOf":{"@id":"https:\/\/rosanacl.com\/ca\/#website"},"datePublished":"2025-03-28T18:59:16+00:00","dateModified":"2025-07-09T06:54:15+00:00","breadcrumb":{"@id":"https:\/\/rosanacl.com\/eu\/politica-de-cookies\/#breadcrumb"},"inLanguage":"et","potentialAction":[{"@type":"ReadAction","target":["https:\/\/rosanacl.com\/eu\/politica-de-cookies\/"]}]},{"@type":"BreadcrumbList","@id":"https:\/\/rosanacl.com\/eu\/politica-de-cookies\/#breadcrumb","itemListElement":[{"@type":"ListItem","position":1,"name":"Portada","item":"https:\/\/rosanacl.com\/ca\/"},{"@type":"ListItem","position":2,"name":"Pol\u00edtica de Cookies"}]},{"@type":"WebSite","@id":"https:\/\/rosanacl.com\/ca\/#website","url":"https:\/\/rosanacl.com\/ca\/","name":"Rosana CL","description":"Me oleme teie interj\u00f6\u00f6r","potentialAction":[{"@type":"SearchAction","target":{"@type":"EntryPoint","urlTemplate":"https:\/\/rosanacl.com\/ca\/?s={search_term_string}"},"query-input":{"@type":"PropertyValueSpecification","valueRequired":true,"valueName":"search_term_string"}}],"inLanguage":"et"}]}},"_links":{"self":[{"href":"https:\/\/rosanacl.com\/et\/wp-json\/wp\/v2\/pages\/16","targetHints":{"allow":["GET"]}}],"collection":[{"href":"https:\/\/rosanacl.com\/et\/wp-json\/wp\/v2\/pages"}],"about":[{"href":"https:\/\/rosanacl.com\/et\/wp-json\/wp\/v2\/types\/page"}],"author":[{"embeddable":true,"href":"https:\/\/rosanacl.com\/et\/wp-json\/wp\/v2\/users\/1"}],"replies":[{"embeddable":true,"href":"https:\/\/rosanacl.com\/et\/wp-json\/wp\/v2\/comments?post=16"}],"version-history":[{"count":0,"href":"https:\/\/rosanacl.com\/et\/wp-json\/wp\/v2\/pages\/16\/revisions"}],"wp:attachment":[{"href":"https:\/\/rosanacl.com\/et\/wp-json\/wp\/v2\/media?parent=16"}],"curies":[{"name":"wp","href":"https:\/\/api.w.org\/{rel}","templated":true}]}}