{"id":18,"date":"2025-03-28T16:03:06","date_gmt":"2025-03-28T19:03:06","guid":{"rendered":"https:\/\/innovacon.simplificandotuweb.com\/?page_id=18"},"modified":"2025-08-01T14:33:36","modified_gmt":"2025-08-01T12:33:36","slug":"aviso-legal","status":"publish","type":"page","link":"https:\/\/rosanacl.com\/et\/aviso-legal\/","title":{"rendered":"\u00d5iguslik teade"},"content":{"rendered":"<div data-elementor-type=\"wp-page\" data-elementor-id=\"18\" class=\"elementor elementor-18\" data-elementor-post-type=\"page\">\n\t\t\t\t<div class=\"elementor-element elementor-element-1f18319 e-flex e-con-boxed e-con e-parent\" data-id=\"1f18319\" data-element_type=\"container\" data-e-type=\"container\" data-settings=\"{&quot;background_background&quot;:&quot;classic&quot;}\">\n\t\t\t\t\t<div class=\"e-con-inner\">\n\t\t<div class=\"elementor-element elementor-element-c2acaab e-con-full e-flex e-con e-child\" data-id=\"c2acaab\" data-element_type=\"container\" data-e-type=\"container\">\n\t\t\t\t<div class=\"elementor-element elementor-element-6f29856 elementor-widget elementor-widget-heading\" data-id=\"6f29856\" data-element_type=\"widget\" data-e-type=\"widget\" data-widget_type=\"heading.default\">\n\t\t\t\t<div class=\"elementor-widget-container\">\n\t\t\t\t\t<h2 class=\"elementor-heading-title elementor-size-default\">\u00d5iguslik teade<\/h2>\t\t\t\t<\/div>\n\t\t\t\t<\/div>\n\t\t\t\t<\/div>\n\t\t\t\t\t<\/div>\n\t\t\t\t<\/div>\n\t\t<div class=\"elementor-element elementor-element-7b2ac5e6 e-flex e-con-boxed e-con e-parent\" data-id=\"7b2ac5e6\" data-element_type=\"container\" data-e-type=\"container\">\n\t\t\t\t\t<div class=\"e-con-inner\">\n\t\t\t\t<div class=\"elementor-element elementor-element-2e23d7df elementor-widget elementor-widget-text-editor\" data-id=\"2e23d7df\" data-element_type=\"widget\" data-e-type=\"widget\" data-widget_type=\"text-editor.default\">\n\t\t\t\t<div class=\"elementor-widget-container\">\n\t\t\t\t\t\t\t\t\t\n<p><strong>Andmet\u00f6\u00f6tleja<\/strong><\/p>\n\n<p>Koosk\u00f5las 11. juuli 2002. aasta info\u00fchiskonna teenuste ja elektroonilise kaubanduse seadusega nr 34\/2002 kehtestatud teabekohustusega teavitame teid, et selle veebisaidi omanik on:<\/p>\n\n<ul class=\"wp-block-list\">\n<li>Ettev\u00f5te: Pablo Angulo Maspons<\/li>\n<li>NIF-kood: 73394866A<\/li>\n<li>Rahvaarv: Vinaroz, Hispaania<\/li>\n<li>Telefon: 613395013<\/li>\n<li>Post: <a href=\"mailto:info@rosanacl.com\">info@rosanacl.com<\/a><a href=\"mailto:info@rosanacl.com\">\u00a0<\/a><\/li>\n<\/ul>\n\n<p><strong>Objekt<\/strong><\/p>\n\n<p>Vastutav t\u00f6\u00f6tleja teeb k\u00e4esoleva dokumendi kasutajatele k\u00e4ttesaadavaks eesm\u00e4rgiga j\u00e4rgida kehtivate andmekaitse-eeskirjade s\u00e4tteid ning Euroopa Parlamendi ja n\u00f5ukogu 27. aprilli 2016. aasta m\u00e4\u00e4ruse (EL) 2016\/679 (f\u00fc\u00fcsiliste isikute kaitse kohta isikuandmete t\u00f6\u00f6tlemisel ja selliste andmete vaba liikumise kohta) (edaspidi \u201eGDPR\u201c) ja siseriiklike isikuandmete kaitse eeskirjade alusel kehtestatud uue regulatiivse raamistiku kontekstis, samuti teavitada k\u00f5iki veebisaidi kasutajaid selle kasutustingimustest. Iga isik, kes sellele veebisaidile juurde p\u00e4\u00e4seb, v\u00f5tab endale kasutaja rolli, kohustudes j\u00e4rgima ja rangelt j\u00e4rgima siin s\u00e4testatud s\u00e4tteid ja k\u00f5iki muid kohaldatavaid \u00f5igusnorme. Vastutav t\u00f6\u00f6tleja j\u00e4tab endale \u00f5iguse muuta mis tahes teavet, mis v\u00f5ib veebisaidil ilmuda, ilma et tal oleks kohustust kasutajaid nendest kohustustest teavitada v\u00f5i neid teavitada, kusjuures piisavaks loetakse avaldamist vastutava t\u00f6\u00f6tleja veebisaidil.<\/p>\n\n<p><strong>Vastutus<\/strong><\/p>\n\n<p>Vastutav t\u00f6\u00f6tleja ei vastuta oma veebisaidil avaldatud teabest tulenevate tagaj\u00e4rgede eest, tingimusel et teavet on manipuleerinud v\u00f5i sisestanud kolmas isik peale Vastutava t\u00f6\u00f6tleja.<\/p>\n\n<p><strong>IP-aadressid<\/strong><\/p>\n\n<p>Veebisaidi serverid tuvastavad automaatselt kasutaja IP-aadressi ja domeeninime. IP-aadress on number, mis m\u00e4\u00e4ratakse arvutile automaatselt, kui see loob \u00fchenduse internetiga. Kogu see teave salvestatakse n\u00f5uetekohaselt registreeritud serveritegevuse logisse, mis v\u00f5imaldab andmeid hiljem t\u00f6\u00f6delda, et saada puhtstatistilisi m\u00f5\u00f5tmisi, n\u00e4iteks lehevaatamiste arv, veebiserverite k\u00fclastuste arv, k\u00fclastuste j\u00e4rjekord, p\u00e4\u00e4supunkt jne.<\/p>\n\n<p><strong>Linkide poliitika<\/strong><\/p>\n\n<p>Sellelt veebisaidilt v\u00f5idakse teid suunata kolmandate osapoolte veebisaitidel olevale sisule. Kuna vastutav t\u00f6\u00f6tleja ei saa alati kontrollida kolmandate osapoolte poolt oma veebisaitidele postitatud sisu, ei vastuta ta sellise sisu eest. Igal juhul kinnitab vastutav t\u00f6\u00f6tleja, et eemaldab viivitamatult igasuguse sisu, mis v\u00f5ib rikkuda riiklikke v\u00f5i rahvusvahelisi \u00f5igusakte, moraali v\u00f5i avalikku korda, ning eemaldab viivitamatult \u00fcmbersuunamise sellele veebisaidile ja teavitab p\u00e4devaid asutusi k\u00f5nealusest sisust. Vastutav t\u00f6\u00f6tleja ei vastuta salvestatud teabe ja sisu eest, sealhulgas, kuid mitte ainult, foorumite, vestluste, ajaveebigeneraatorite, kommentaaride, sotsiaalv\u00f5rgustike v\u00f5i muude vahendite eest, mis v\u00f5imaldavad kolmandatel isikutel iseseisvalt sisu vastutava t\u00f6\u00f6tleja veebisaidil avaldada. Siiski ja koosk\u00f5las artikli 11 s\u00e4tetega. Vastavalt Hispaania info\u00fchiskonna teenuste seadusele (LSSICE) teeb vastutav t\u00f6\u00f6tleja end k\u00e4ttesaadavaks k\u00f5igile kasutajatele, ametiasutustele ja julgeolekuj\u00f5ududele, tehes aktiivselt koost\u00f6\u00f6d kogu sisu eemaldamisel v\u00f5i vajaduse korral blokeerimisel, mis v\u00f5ib m\u00f5jutada v\u00f5i rikkuda riiklikke v\u00f5i rahvusvahelisi \u00f5igusakte, kolmandate isikute \u00f5igusi v\u00f5i moraali ja avalikku korda. Kui kasutaja usub, et veebisaidil on sisu, mida v\u00f5iks selliseks liigitada, palume sellest viivitamatult veebisaidi administraatorile teatada. See veebisait on \u00fcle vaadatud ja testitud, et tagada n\u00f5uetekohane toimimine. P\u00f5him\u00f5tteliselt on n\u00f5uetekohane toimimine tagatud 365 p\u00e4eva aastas, 24 tundi \u00f6\u00f6p\u00e4evas. Vastutav t\u00f6\u00f6tleja ei v\u00e4lista aga programmeerimisvigade v\u00f5imalust ega seda, et need v\u00f5ivad p\u00f5hjustada v\u00e4\u00e4ramatut j\u00f5udu, loodus\u00f5nnetusi, streike v\u00f5i muid sarnaseid asjaolusid, mis muudavad veebisaidile juurdep\u00e4\u00e4su v\u00f5imatuks.<\/p>\n\n<p><strong>Andmekaitse<\/strong><\/p>\n\n<p>Vastutav t\u00f6\u00f6tleja on s\u00fcgavalt p\u00fchendunud kehtivate andmekaitsealaste eeskirjade s\u00e4tete j\u00e4rgimisele ning Euroopa Parlamendi ja n\u00f5ukogu 27. aprilli 2016. aasta m\u00e4\u00e4ruse (EL) 2016\/679 (f\u00fc\u00fcsiliste isikute kaitse kohta isikuandmete t\u00f6\u00f6tlemisel ja selliste andmete vaba liikumise kohta, edaspidi \u201eGDPR\u201c) ja isikuandmete kaitset k\u00e4sitlevate siseriiklike eeskirjade alusel kehtestatud uue regulatiivse raamistiku kontekstis. Samuti teavitab vastutav t\u00f6\u00f6tleja, et ta j\u00e4rgib 11. juuli 2002. aasta seadust info\u00fchiskonna teenuste ja e-kaubanduse kohta ning k\u00fcsib igal ajal teie n\u00f5usolekut teie andmete t\u00f6\u00f6tlemiseks \u00e4rilistel eesm\u00e4rkidel.<\/p>\n\n<p><strong>Intellektuaalomand ja t\u00f6\u00f6stusomand<\/strong><\/p>\n\n<p>Veebisait, sealhulgas, kuid mitte ainult, selle programmeerimine, redigeerimine, koostamine ja muud selle toimimiseks vajalikud elemendid, kujundused, logod, tekst ja\/v\u00f5i graafika, on andmet\u00f6\u00f6tleja omand v\u00f5i on nende kasutamiseks vajaduse korral autorite litsents v\u00f5i selges\u00f5naline luba. Kogu veebisaidi sisu on n\u00f5uetekohaselt kaitstud intellektuaal- ja t\u00f6\u00f6stusomandi eeskirjadega. Olenemata kavandatud otstarbest n\u00f5uab t\u00e4ielik v\u00f5i osaline reprodutseerimine, kasutamine, \u00e4rakasutamine, levitamine ja turustamine alati andmet\u00f6\u00f6tleja eelnevat kirjalikku luba. Igasugust kasutamist, milleks andmet\u00f6\u00f6tleja pole eelnevalt luba andnud, loetakse autori intellektuaal- v\u00f5i t\u00f6\u00f6stusomandi \u00f5iguste t\u00f5siseks rikkumiseks. Veebisaidil ilmuvad kujundused, logod, tekst ja\/v\u00f5i graafika, mis ei kuulu laenuandjale, kuuluvad nende vastavatele omanikele, kes vastutavad k\u00f5igi nendega seoses tekkida v\u00f5ivate vaidluste eest. Igal juhul on andmet\u00f6\u00f6tlejal nende eelnev selges\u00f5naline luba. Andmet\u00f6\u00f6tleja annab kolmandatele isikutele selges\u00f5nalise loa suunata otse veebisaidi konkreetsele sisule ja igal juhul peavad nad suunama kasutaja andmet\u00f6\u00f6tleja kodulehele. Vastutav t\u00f6\u00f6tleja tunnustab nende omanike vastavaid intellektuaal- ja t\u00f6\u00f6stusomandi \u00f5igusi ning nende pelk mainimine v\u00f5i ilmumine veebisaidil ei t\u00e4henda Vastutava t\u00f6\u00f6tleja \u00f5iguste v\u00f5i vastutuse olemasolu nende \u00f5iguste \u00fcle ega t\u00e4henda ka nendepoolset toetust, sponsorlust ega soovitust. K\u00f5ikide piltide puhul, mille puhul kujundustarkvara seda lubab, on lisatud vastavad viited autori\u00f5igusele ja vastavale litsentsile. Intellektuaal- v\u00f5i t\u00f6\u00f6stusomandi \u00f5iguste, samuti veebisaidi sisu v\u00f5imalike rikkumiste kohta m\u00e4rkuste esitamiseks saate seda teha j\u00e4rgmisel e-posti aadressil: <a href=\"mailto:info@rosanacl.com\">info@rosanacl.com<\/a><\/p>\n\n<p>\u00a0<\/p>\n\t\t\t\t\t\t\t\t<\/div>\n\t\t\t\t<\/div>\n\t\t\t\t\t<\/div>\n\t\t\t\t<\/div>\n\t\t\t\t<\/div>","protected":false},"excerpt":{"rendered":"<p>Responsable del tratamiento de los datos En cumplimiento del deber de informaci\u00f3n que establece la Ley La 34\/2002, de 11 de julio, de Servicios de la Sociedad de la Informaci\u00f3n y del Comercio Electr\u00f3nico, le comunicamos que esta web es titularidad de: Objeto El Responsable pone a disposici\u00f3n de los usuarios este documento con el [&hellip;]<\/p>\n","protected":false},"author":1,"featured_media":0,"parent":0,"menu_order":0,"comment_status":"closed","ping_status":"closed","template":"","meta":{"content-type":"","footnotes":""},"class_list":["post-18","page","type-page","status-publish","hentry"],"yoast_head":"<!-- This site is optimized with the Yoast SEO plugin v27.4 - https:\/\/yoast.com\/product\/yoast-seo-wordpress\/ -->\n<title>Aviso Legal - Rosana CL<\/title>\n<meta name=\"robots\" content=\"index, follow, max-snippet:-1, max-image-preview:large, max-video-preview:-1\" \/>\n<link rel=\"canonical\" href=\"https:\/\/rosanacl.com\/et\/aviso-legal\/\" \/>\n<meta property=\"og:locale\" content=\"et_EE\" \/>\n<meta property=\"og:type\" content=\"article\" \/>\n<meta property=\"og:title\" content=\"Aviso Legal - Rosana CL\" \/>\n<meta property=\"og:description\" content=\"Responsable del tratamiento de los datos En cumplimiento del deber de informaci\u00f3n que establece la Ley La 34\/2002, de 11 de julio, de Servicios de la Sociedad de la Informaci\u00f3n y del Comercio Electr\u00f3nico, le comunicamos que esta web es titularidad de: Objeto El Responsable pone a disposici\u00f3n de los usuarios este documento con el [&hellip;]\" \/>\n<meta property=\"og:url\" content=\"https:\/\/rosanacl.com\/et\/aviso-legal\/\" \/>\n<meta property=\"og:site_name\" content=\"Rosana CL\" \/>\n<meta property=\"article:modified_time\" content=\"2025-08-01T12:33:36+00:00\" \/>\n<meta name=\"twitter:card\" content=\"summary_large_image\" \/>\n<meta name=\"twitter:label1\" content=\"Est. reading time\" \/>\n\t<meta name=\"twitter:data1\" content=\"6 minutit\" \/>\n<script type=\"application\/ld+json\" class=\"yoast-schema-graph\">{\"@context\":\"https:\\\/\\\/schema.org\",\"@graph\":[{\"@type\":\"WebPage\",\"@id\":\"https:\\\/\\\/rosanacl.com\\\/aviso-legal\\\/\",\"url\":\"https:\\\/\\\/rosanacl.com\\\/aviso-legal\\\/\",\"name\":\"Aviso Legal - Rosana CL\",\"isPartOf\":{\"@id\":\"https:\\\/\\\/rosanacl.com\\\/ca\\\/#website\"},\"datePublished\":\"2025-03-28T19:03:06+00:00\",\"dateModified\":\"2025-08-01T12:33:36+00:00\",\"breadcrumb\":{\"@id\":\"https:\\\/\\\/rosanacl.com\\\/aviso-legal\\\/#breadcrumb\"},\"inLanguage\":\"et\",\"potentialAction\":[{\"@type\":\"ReadAction\",\"target\":[\"https:\\\/\\\/rosanacl.com\\\/aviso-legal\\\/\"]}]},{\"@type\":\"BreadcrumbList\",\"@id\":\"https:\\\/\\\/rosanacl.com\\\/aviso-legal\\\/#breadcrumb\",\"itemListElement\":[{\"@type\":\"ListItem\",\"position\":1,\"name\":\"Portada\",\"item\":\"https:\\\/\\\/rosanacl.com\\\/ca\\\/\"},{\"@type\":\"ListItem\",\"position\":2,\"name\":\"Aviso Legal\"}]},{\"@type\":\"WebSite\",\"@id\":\"https:\\\/\\\/rosanacl.com\\\/ca\\\/#website\",\"url\":\"https:\\\/\\\/rosanacl.com\\\/ca\\\/\",\"name\":\"Rosana CL\",\"description\":\"Somos tu interior\",\"potentialAction\":[{\"@type\":\"SearchAction\",\"target\":{\"@type\":\"EntryPoint\",\"urlTemplate\":\"https:\\\/\\\/rosanacl.com\\\/ca\\\/?s={search_term_string}\"},\"query-input\":{\"@type\":\"PropertyValueSpecification\",\"valueRequired\":true,\"valueName\":\"search_term_string\"}}],\"inLanguage\":\"et\"}]}<\/script>\n<!-- \/ Yoast SEO plugin. -->","yoast_head_json":{"title":"Aviso Legal - Rosana CL","robots":{"index":"index","follow":"follow","max-snippet":"max-snippet:-1","max-image-preview":"max-image-preview:large","max-video-preview":"max-video-preview:-1"},"canonical":"https:\/\/rosanacl.com\/et\/aviso-legal\/","og_locale":"et_EE","og_type":"article","og_title":"Aviso Legal - Rosana CL","og_description":"Responsable del tratamiento de los datos En cumplimiento del deber de informaci\u00f3n que establece la Ley La 34\/2002, de 11 de julio, de Servicios de la Sociedad de la Informaci\u00f3n y del Comercio Electr\u00f3nico, le comunicamos que esta web es titularidad de: Objeto El Responsable pone a disposici\u00f3n de los usuarios este documento con el [&hellip;]","og_url":"https:\/\/rosanacl.com\/et\/aviso-legal\/","og_site_name":"Rosana CL","article_modified_time":"2025-08-01T12:33:36+00:00","twitter_card":"summary_large_image","twitter_misc":{"Est. reading time":"6 minutit"},"schema":{"@context":"https:\/\/schema.org","@graph":[{"@type":"WebPage","@id":"https:\/\/rosanacl.com\/aviso-legal\/","url":"https:\/\/rosanacl.com\/aviso-legal\/","name":"Aviso Legal - Rosana CL","isPartOf":{"@id":"https:\/\/rosanacl.com\/ca\/#website"},"datePublished":"2025-03-28T19:03:06+00:00","dateModified":"2025-08-01T12:33:36+00:00","breadcrumb":{"@id":"https:\/\/rosanacl.com\/aviso-legal\/#breadcrumb"},"inLanguage":"et","potentialAction":[{"@type":"ReadAction","target":["https:\/\/rosanacl.com\/aviso-legal\/"]}]},{"@type":"BreadcrumbList","@id":"https:\/\/rosanacl.com\/aviso-legal\/#breadcrumb","itemListElement":[{"@type":"ListItem","position":1,"name":"Portada","item":"https:\/\/rosanacl.com\/ca\/"},{"@type":"ListItem","position":2,"name":"Aviso Legal"}]},{"@type":"WebSite","@id":"https:\/\/rosanacl.com\/ca\/#website","url":"https:\/\/rosanacl.com\/ca\/","name":"Rosana CL","description":"Me oleme teie interj\u00f6\u00f6r","potentialAction":[{"@type":"SearchAction","target":{"@type":"EntryPoint","urlTemplate":"https:\/\/rosanacl.com\/ca\/?s={search_term_string}"},"query-input":{"@type":"PropertyValueSpecification","valueRequired":true,"valueName":"search_term_string"}}],"inLanguage":"et"}]}},"_links":{"self":[{"href":"https:\/\/rosanacl.com\/et\/wp-json\/wp\/v2\/pages\/18","targetHints":{"allow":["GET"]}}],"collection":[{"href":"https:\/\/rosanacl.com\/et\/wp-json\/wp\/v2\/pages"}],"about":[{"href":"https:\/\/rosanacl.com\/et\/wp-json\/wp\/v2\/types\/page"}],"author":[{"embeddable":true,"href":"https:\/\/rosanacl.com\/et\/wp-json\/wp\/v2\/users\/1"}],"replies":[{"embeddable":true,"href":"https:\/\/rosanacl.com\/et\/wp-json\/wp\/v2\/comments?post=18"}],"version-history":[{"count":0,"href":"https:\/\/rosanacl.com\/et\/wp-json\/wp\/v2\/pages\/18\/revisions"}],"wp:attachment":[{"href":"https:\/\/rosanacl.com\/et\/wp-json\/wp\/v2\/media?parent=18"}],"curies":[{"name":"wp","href":"https:\/\/api.w.org\/{rel}","templated":true}]}}