{"id":2566,"date":"2025-07-01T12:13:48","date_gmt":"2025-07-01T10:13:48","guid":{"rendered":"https:\/\/rosanacl.com\/?page_id=2566"},"modified":"2025-12-14T20:43:04","modified_gmt":"2025-12-14T19:43:04","slug":"politica-de-envio","status":"publish","type":"page","link":"https:\/\/rosanacl.com\/et\/politica-de-envio\/","title":{"rendered":"Saatmispoliitika"},"content":{"rendered":"<div data-elementor-type=\"wp-page\" data-elementor-id=\"2566\" class=\"elementor elementor-2566\" data-elementor-post-type=\"page\">\n\t\t\t\t<div class=\"elementor-element elementor-element-7a0b207 e-flex e-con-boxed e-con e-parent\" data-id=\"7a0b207\" data-element_type=\"container\" data-e-type=\"container\" data-settings=\"{&quot;background_background&quot;:&quot;classic&quot;}\">\n\t\t\t\t\t<div class=\"e-con-inner\">\n\t\t<div class=\"elementor-element elementor-element-2fcf4bc e-con-full e-flex e-con e-child\" data-id=\"2fcf4bc\" data-element_type=\"container\" data-e-type=\"container\">\n\t\t\t\t<div class=\"elementor-element elementor-element-d10b990 elementor-widget elementor-widget-heading\" data-id=\"d10b990\" data-element_type=\"widget\" data-e-type=\"widget\" data-widget_type=\"heading.default\">\n\t\t\t\t<div class=\"elementor-widget-container\">\n\t\t\t\t\t<h2 class=\"elementor-heading-title elementor-size-default\">Saatmispoliitika<\/h2>\t\t\t\t<\/div>\n\t\t\t\t<\/div>\n\t\t\t\t<\/div>\n\t\t\t\t\t<\/div>\n\t\t\t\t<\/div>\n\t\t<div class=\"elementor-element elementor-element-eca30f2 e-flex e-con-boxed e-con e-parent\" data-id=\"eca30f2\" data-element_type=\"container\" data-e-type=\"container\">\n\t\t\t\t\t<div class=\"e-con-inner\">\n\t\t\t\t<div class=\"elementor-element elementor-element-8328658 elementor-widget elementor-widget-text-editor\" data-id=\"8328658\" data-element_type=\"widget\" data-e-type=\"widget\" data-widget_type=\"text-editor.default\">\n\t\t\t\t<div class=\"elementor-widget-container\">\n\t\t\t\t\t\t\t\t\t<p>Seda saatmispoliitikat v\u00e4rskendati viimati 01.07.2025 ja see kehtib k\u00f5igile meie veebisaidi kaudu sooritatud ostudele: <a href=\"https:\/\/rosanacl.com\/et\/\">https:\/\/rosanacl.com\/<\/a><\/p>\n<p><!-- \/wp:paragraph --><!-- wp:paragraph --><\/p>\n<p data-start=\"261\" data-end=\"494\">Sisse <strong data-start=\"264\" data-end=\"277\">Rosana CL<\/strong> Oleme p\u00fchendunud tagama, et teie ostukogemus oleks turvaline, selge ja rahuldav alates hetkest, kui olete oma tellimuse k\u00e4tte saanud. Allpool selgitame k\u00f5ike, mida peate teadma meie saatmisv\u00f5imaluste kohta:<\/p>\n<p data-start=\"105\" data-end=\"384\"><strong data-start=\"105\" data-end=\"131\">1. Saatmine \u00fcle maailma<\/strong><br data-start=\"131\" data-end=\"134\">Saadame rahvusvaheliselt praktiliselt igasse riiki. Pole t\u00e4htis, kus te asute, v\u00f5ite oma tellimuse esitada t\u00e4ieliku kindlustundega. Teeme koost\u00f6\u00f6d usaldusv\u00e4\u00e4rsete logistikateenuse pakkujatega, et tagada teie toodete \u00f5igeaegne kohalej\u00f5udmine.<\/p>\n<p>Rosana Clis k\u00e4sitleme iga tellimust hoolikalt ja professionaalselt. Seet\u00f5ttu teeme koost\u00f6\u00f6d MBE-ga (Mail Boxes Etc.), logistikaettev\u00f5ttega, millel on 2800 keskust 52 riigis, mis v\u00f5imaldab meil pakkuda turvalist ja t\u00f5husat saatmist nii riigisiseselt kui ka rahvusvaheliselt. Tellimusi toimetavad kohale mainekad vedajad, n\u00e4iteks:<\/p>\n<ul>\n<li>UPS<\/li>\n<li>SEUR<\/li>\n<li>TNT<\/li>\n<li>FEDEX<\/li>\n<li>CORREOS EXPRESS<\/li>\n<li>Jne\u2026<\/li>\n<\/ul>\n<p>K\u00f5ik meie tooted j\u00f5uavad kohale turvaliselt ja kiiresti. See tagab hoolika ja t\u00f5husa saatmisprotsessi, mis on loodud pakkuma meie klientidele parimat v\u00f5imalikku kogemust.<\/p>\n<p data-start=\"105\" data-end=\"384\"><strong data-start=\"389\" data-end=\"417\">2. Tellimuse t\u00f6\u00f6tlemine<\/strong><\/p>\n<p>K\u00f5ik tellimused t\u00f6\u00f6deldakse p\u00e4rast makse kinnitamist.<br data-start=\"520\" data-end=\"523\"><strong data-start=\"523\" data-end=\"643\">Kui tellimus esitatakse hommikul, saadetakse see teele p\u00e4rastl\u00f5unal. Kui tellimus esitatakse p\u00e4rastl\u00f5unal, saadetakse see teele j\u00e4rgmisel p\u00e4eval.<\/strong><br data-start=\"643\" data-end=\"646\">Kampaaniate, allahindluste v\u00f5i muude eriliste s\u00fcndmuste ajal v\u00f5ib t\u00f6\u00f6tlemisaeg olla veidi pikem, kuid hoiame teid alati kursis.<\/p>\n<p data-start=\"809\" data-end=\"1090\"><strong data-start=\"809\" data-end=\"845\">3. J\u00e4lgimisnumber<\/strong><br data-start=\"845\" data-end=\"848\">Kui teie tellimus on teele pandud, saadame teile j\u00e4lgimisnumbri e-posti teel v\u00f5i ostu sooritamisel kasutatud suhtluskanali kaudu.<br data-start=\"1014\" data-end=\"1017\">Saate oma saadetise staatust igal ajal j\u00e4lgida kuni selle k\u00e4ttesaamiseni.<\/p>\n<p data-start=\"809\" data-end=\"1090\"><strong data-start=\"1095\" data-end=\"1127\">4. Eeldatav tarneaeg<\/strong><\/p>\n<p data-start=\"1095\" data-end=\"1291\">Tarneajad v\u00f5ivad erineda s\u00f5ltuvalt sihtriigist, valitud saatmisviisist ja muudest v\u00e4listest teguritest (ilm, toll jne). Viiteks:<\/p>\n<ul data-start=\"1293\" data-end=\"1530\">\n<li data-start=\"1293\" data-end=\"1342\">\n<p data-start=\"1295\" data-end=\"1342\">Siseriiklik saatmine: <strong data-start=\"1314\" data-end=\"1340\">24\u201348 t\u00f6\u00f6tundi.<\/strong><\/p>\n<\/li>\n<li data-start=\"1343\" data-end=\"1434\">\n<p data-start=\"1345\" data-end=\"1434\">Rahvusvaheline saatmine Euroopas: <strong data-start=\"1386\" data-end=\"1408\">4\u20136 t\u00f6\u00f6p\u00e4eva<\/strong>, maa v\u00f5i \u00f5hu kaudu.<\/p>\n<\/li>\n<li data-start=\"1435\" data-end=\"1530\">\n<p data-start=\"1437\" data-end=\"1530\">Rahvusvaheline saatmine v\u00e4ljaspool Euroopat (muu maailm): <strong data-start=\"1495\" data-end=\"1518\">8\u201310 t\u00f6\u00f6p\u00e4eva<\/strong>, hingamisteed.<\/p>\n<\/li>\n<\/ul>\n<p>Saatmisteenus sisaldab kahte k\u00e4ttetoimetamiskatset p\u00e4eva jooksul v\u00f5i j\u00e4rgmisel p\u00e4eval. Kui k\u00e4ttetoimetamine ei ole v\u00f5imalik puuduva v\u00f5i eba\u00f5ige teabe v\u00f5i saaja puudumise t\u00f5ttu, tehakse kolmas k\u00e4ttetoimetamine l\u00e4hedalasuvasse k\u00e4ttesaamispunkti.<\/p>\n<p>Kui klient ei tule toodet 10 p\u00e4eva jooksul k\u00e4tte, tagastatakse pakk meiega koost\u00f6\u00f6d tegevasse Rosana CL lattu, kus arvatakse maha tekkinud saatmis- ja tagastamiskulud.&nbsp;<\/p>\n<p data-start=\"1437\" data-end=\"1530\"><strong>5. Saatmiskulud<\/strong><\/p>\n<p data-start=\"1535\" data-end=\"1779\">Saatmiskulud arvutatakse kassas vastavalt saatmisaadressile ja paki kaalule. Erijuhtudel pakume teatud riikidesse v\u00f5i teatud summa \u00fcletavate tellimuste puhul tasuta saatmist.<\/p>\n<p data-start=\"1535\" data-end=\"1779\">\u00dcle 59 \u20ac suuruste tellimuste puhul on saatmine tasuta, ainult mandriosas.<\/p>\n<p data-start=\"1535\" data-end=\"1779\">Kui tellimus vajab tollivormistust, vastutab klient k\u00f5igi t\u00e4iendavate maksude, tollimaksude v\u00f5i l\u00f5ivude eest.&nbsp;<\/p>\n<p><strong data-start=\"1784\" data-end=\"1815\">6. Toll ja kohalikud maksud<\/strong><br data-start=\"1815\" data-end=\"1818\">Rahvusvaheliste saadetiste puhul v\u00f5ivad m\u00f5ned riigid kohaldada makse v\u00f5i tollimakse. Need tasud on kliendi vastutusel ja ei sisaldu toote hinnas ega saatmiskuludes.<\/p>\n<p data-start=\"1784\" data-end=\"2026\"><strong data-start=\"2031\" data-end=\"2059\">7. Probleemid kohaletoimetamisega<\/strong><\/p>\n<p>Kui teie pakk hilineb v\u00f5i sellega on probleeme, v\u00f5ite meiega otse \u00fchendust v\u00f5tta ja me aitame teil selle v\u00f5imalikult kiiresti lahendada.<\/p>\n<p>Kui teil on k\u00fcsimusi v\u00f5i vajate abi oma saadetisega, v\u00f5tke meiega \u00fchendust meie kontaktvormi v\u00f5i e-posti teel: &nbsp;<a href=\"mailto:info@rosanacl.com\">info@rosanacl.com<\/a><br data-start=\"2620\" data-end=\"2623\">T\u00e4name teid usalduse eest <strong data-start=\"2646\" data-end=\"2659\">Rosana CL<\/strong>.<\/p>\n<h4><b>M\u00c4RKUS: Teavitame oma kliente, et meie tarnijaettev\u00f5tte p\u00fchade t\u00f5ttu v\u00f5ib augustis esineda tarnete ja laoseisu viivitusi.<\/b><\/h4>\t\t\t\t\t\t\t\t<\/div>\n\t\t\t\t<\/div>\n\t\t\t\t\t<\/div>\n\t\t\t\t<\/div>\n\t\t\t\t<\/div>","protected":false},"excerpt":{"rendered":"<p>Esta pol\u00edtica de env\u00edos fue actualizada por \u00faltima vez el 01\/07\/2025 y se aplica a todas las compras realizadas a trav\u00e9s de nuestra web: https:\/\/rosanacl.com\/ En Rosana CL nos comprometemos a que tu experiencia de compra sea segura, clara y satisfactoria desde el primer momento hasta que recibas tu pedido. A continuaci\u00f3n, te explicamos todo [&hellip;]<\/p>\n","protected":false},"author":1,"featured_media":0,"parent":0,"menu_order":0,"comment_status":"closed","ping_status":"closed","template":"","meta":{"content-type":"","footnotes":""},"class_list":["post-2566","page","type-page","status-publish","hentry"],"yoast_head":"<!-- This site is optimized with the Yoast SEO plugin v27.4 - https:\/\/yoast.com\/product\/yoast-seo-wordpress\/ -->\n<title>Pol\u00edtica de Env\u00edo - Rosana CL<\/title>\n<meta name=\"robots\" content=\"index, follow, max-snippet:-1, max-image-preview:large, max-video-preview:-1\" \/>\n<link rel=\"canonical\" href=\"https:\/\/rosanacl.com\/et\/politica-de-envio\/\" \/>\n<meta property=\"og:locale\" content=\"et_EE\" \/>\n<meta property=\"og:type\" content=\"article\" \/>\n<meta property=\"og:title\" content=\"Pol\u00edtica de Env\u00edo - Rosana CL\" \/>\n<meta property=\"og:description\" content=\"Esta pol\u00edtica de env\u00edos fue actualizada por \u00faltima vez el 01\/07\/2025 y se aplica a todas las compras realizadas a trav\u00e9s de nuestra web: https:\/\/rosanacl.com\/ En Rosana CL nos comprometemos a que tu experiencia de compra sea segura, clara y satisfactoria desde el primer momento hasta que recibas tu pedido. A continuaci\u00f3n, te explicamos todo [&hellip;]\" \/>\n<meta property=\"og:url\" content=\"https:\/\/rosanacl.com\/et\/politica-de-envio\/\" \/>\n<meta property=\"og:site_name\" content=\"Rosana CL\" \/>\n<meta property=\"article:modified_time\" content=\"2025-12-14T19:43:04+00:00\" \/>\n<meta name=\"twitter:card\" content=\"summary_large_image\" \/>\n<meta name=\"twitter:label1\" content=\"Est. reading time\" \/>\n\t<meta name=\"twitter:data1\" content=\"4 minutit\" \/>\n<script type=\"application\/ld+json\" class=\"yoast-schema-graph\">{\"@context\":\"https:\\\/\\\/schema.org\",\"@graph\":[{\"@type\":\"WebPage\",\"@id\":\"https:\\\/\\\/rosanacl.com\\\/uk\\\/politica-de-envio\\\/\",\"url\":\"https:\\\/\\\/rosanacl.com\\\/uk\\\/politica-de-envio\\\/\",\"name\":\"Pol\u00edtica de Env\u00edo - Rosana CL\",\"isPartOf\":{\"@id\":\"https:\\\/\\\/rosanacl.com\\\/ca\\\/#website\"},\"datePublished\":\"2025-07-01T10:13:48+00:00\",\"dateModified\":\"2025-12-14T19:43:04+00:00\",\"breadcrumb\":{\"@id\":\"https:\\\/\\\/rosanacl.com\\\/uk\\\/politica-de-envio\\\/#breadcrumb\"},\"inLanguage\":\"et\",\"potentialAction\":[{\"@type\":\"ReadAction\",\"target\":[\"https:\\\/\\\/rosanacl.com\\\/uk\\\/politica-de-envio\\\/\"]}]},{\"@type\":\"BreadcrumbList\",\"@id\":\"https:\\\/\\\/rosanacl.com\\\/uk\\\/politica-de-envio\\\/#breadcrumb\",\"itemListElement\":[{\"@type\":\"ListItem\",\"position\":1,\"name\":\"Portada\",\"item\":\"https:\\\/\\\/rosanacl.com\\\/ca\\\/\"},{\"@type\":\"ListItem\",\"position\":2,\"name\":\"Pol\u00edtica de Env\u00edo\"}]},{\"@type\":\"WebSite\",\"@id\":\"https:\\\/\\\/rosanacl.com\\\/ca\\\/#website\",\"url\":\"https:\\\/\\\/rosanacl.com\\\/ca\\\/\",\"name\":\"Rosana CL\",\"description\":\"Somos tu interior\",\"potentialAction\":[{\"@type\":\"SearchAction\",\"target\":{\"@type\":\"EntryPoint\",\"urlTemplate\":\"https:\\\/\\\/rosanacl.com\\\/ca\\\/?s={search_term_string}\"},\"query-input\":{\"@type\":\"PropertyValueSpecification\",\"valueRequired\":true,\"valueName\":\"search_term_string\"}}],\"inLanguage\":\"et\"}]}<\/script>\n<!-- \/ Yoast SEO plugin. -->","yoast_head_json":{"title":"Pol\u00edtica de Env\u00edo - Rosana CL","robots":{"index":"index","follow":"follow","max-snippet":"max-snippet:-1","max-image-preview":"max-image-preview:large","max-video-preview":"max-video-preview:-1"},"canonical":"https:\/\/rosanacl.com\/et\/politica-de-envio\/","og_locale":"et_EE","og_type":"article","og_title":"Pol\u00edtica de Env\u00edo - Rosana CL","og_description":"Esta pol\u00edtica de env\u00edos fue actualizada por \u00faltima vez el 01\/07\/2025 y se aplica a todas las compras realizadas a trav\u00e9s de nuestra web: https:\/\/rosanacl.com\/ En Rosana CL nos comprometemos a que tu experiencia de compra sea segura, clara y satisfactoria desde el primer momento hasta que recibas tu pedido. A continuaci\u00f3n, te explicamos todo [&hellip;]","og_url":"https:\/\/rosanacl.com\/et\/politica-de-envio\/","og_site_name":"Rosana CL","article_modified_time":"2025-12-14T19:43:04+00:00","twitter_card":"summary_large_image","twitter_misc":{"Est. reading time":"4 minutit"},"schema":{"@context":"https:\/\/schema.org","@graph":[{"@type":"WebPage","@id":"https:\/\/rosanacl.com\/uk\/politica-de-envio\/","url":"https:\/\/rosanacl.com\/uk\/politica-de-envio\/","name":"Pol\u00edtica de Env\u00edo - Rosana CL","isPartOf":{"@id":"https:\/\/rosanacl.com\/ca\/#website"},"datePublished":"2025-07-01T10:13:48+00:00","dateModified":"2025-12-14T19:43:04+00:00","breadcrumb":{"@id":"https:\/\/rosanacl.com\/uk\/politica-de-envio\/#breadcrumb"},"inLanguage":"et","potentialAction":[{"@type":"ReadAction","target":["https:\/\/rosanacl.com\/uk\/politica-de-envio\/"]}]},{"@type":"BreadcrumbList","@id":"https:\/\/rosanacl.com\/uk\/politica-de-envio\/#breadcrumb","itemListElement":[{"@type":"ListItem","position":1,"name":"Portada","item":"https:\/\/rosanacl.com\/ca\/"},{"@type":"ListItem","position":2,"name":"Pol\u00edtica de Env\u00edo"}]},{"@type":"WebSite","@id":"https:\/\/rosanacl.com\/ca\/#website","url":"https:\/\/rosanacl.com\/ca\/","name":"Rosana CL","description":"Me oleme teie interj\u00f6\u00f6r","potentialAction":[{"@type":"SearchAction","target":{"@type":"EntryPoint","urlTemplate":"https:\/\/rosanacl.com\/ca\/?s={search_term_string}"},"query-input":{"@type":"PropertyValueSpecification","valueRequired":true,"valueName":"search_term_string"}}],"inLanguage":"et"}]}},"_links":{"self":[{"href":"https:\/\/rosanacl.com\/et\/wp-json\/wp\/v2\/pages\/2566","targetHints":{"allow":["GET"]}}],"collection":[{"href":"https:\/\/rosanacl.com\/et\/wp-json\/wp\/v2\/pages"}],"about":[{"href":"https:\/\/rosanacl.com\/et\/wp-json\/wp\/v2\/types\/page"}],"author":[{"embeddable":true,"href":"https:\/\/rosanacl.com\/et\/wp-json\/wp\/v2\/users\/1"}],"replies":[{"embeddable":true,"href":"https:\/\/rosanacl.com\/et\/wp-json\/wp\/v2\/comments?post=2566"}],"version-history":[{"count":6,"href":"https:\/\/rosanacl.com\/et\/wp-json\/wp\/v2\/pages\/2566\/revisions"}],"predecessor-version":[{"id":4647,"href":"https:\/\/rosanacl.com\/et\/wp-json\/wp\/v2\/pages\/2566\/revisions\/4647"}],"wp:attachment":[{"href":"https:\/\/rosanacl.com\/et\/wp-json\/wp\/v2\/media?parent=2566"}],"curies":[{"name":"wp","href":"https:\/\/api.w.org\/{rel}","templated":true}]}}