{"id":2897,"date":"2025-07-18T11:17:45","date_gmt":"2025-07-18T09:17:45","guid":{"rendered":"https:\/\/rosanacl.com\/?page_id=2897"},"modified":"2025-07-25T08:13:14","modified_gmt":"2025-07-25T06:13:14","slug":"lenceria-selene","status":"publish","type":"page","link":"https:\/\/rosanacl.com\/et\/lenceria-selene\/","title":{"rendered":"Selene pesu"},"content":{"rendered":"<div data-elementor-type=\"wp-page\" data-elementor-id=\"2897\" class=\"elementor elementor-2897\" data-elementor-post-type=\"page\">\n\t\t\t\t<div class=\"elementor-element elementor-element-171998c7 e-flex e-con-boxed e-con e-parent\" data-id=\"171998c7\" data-element_type=\"container\" data-e-type=\"container\">\n\t\t\t\t\t<div class=\"e-con-inner\">\n\t\t\t\t<div class=\"elementor-element elementor-element-6575351f elementor-widget elementor-widget-text-editor\" data-id=\"6575351f\" data-element_type=\"widget\" data-e-type=\"widget\" data-widget_type=\"text-editor.default\">\n\t\t\t\t<div class=\"elementor-widget-container\">\n\t\t\t\t\t\t\t\t\t\n<p><\/p>\n\n\n\n<p><\/p>\n\t\t\t\t\t\t\t\t<\/div>\n\t\t\t\t<\/div>\n\t\t\t\t\t<\/div>\n\t\t\t\t<\/div>\n\t\t<div class=\"elementor-element elementor-element-cf7d341 e-flex e-con-boxed e-con e-parent\" data-id=\"cf7d341\" data-element_type=\"container\" data-e-type=\"container\">\n\t\t\t\t\t<div class=\"e-con-inner\">\n\t\t\t\t<div class=\"elementor-element elementor-element-1f1d080 elementor-widget elementor-widget-heading\" data-id=\"1f1d080\" data-element_type=\"widget\" data-e-type=\"widget\" data-widget_type=\"heading.default\">\n\t\t\t\t<div class=\"elementor-widget-container\">\n\t\t\t\t\t<h2 class=\"elementor-heading-title elementor-size-default\">Selene pesu<\/h2>\t\t\t\t<\/div>\n\t\t\t\t<\/div>\n\t\t\t\t\t<\/div>\n\t\t\t\t<\/div>\n\t\t<div class=\"elementor-element elementor-element-dc1921d e-flex e-con-boxed e-con e-parent\" data-id=\"dc1921d\" data-element_type=\"container\" data-e-type=\"container\">\n\t\t\t\t\t<div class=\"e-con-inner\">\n\t\t<div class=\"elementor-element elementor-element-d19616f e-con-full e-flex e-con e-child\" data-id=\"d19616f\" data-element_type=\"container\" data-e-type=\"container\">\n\t\t\t\t<div class=\"elementor-element elementor-element-8ba1404 elementor-widget elementor-widget-text-editor\" data-id=\"8ba1404\" data-element_type=\"widget\" data-e-type=\"widget\" data-widget_type=\"text-editor.default\">\n\t\t\t\t<div class=\"elementor-widget-container\">\n\t\t\t\t\t\t\t\t\t<h3 data-start=\"328\" data-end=\"397\">Selene pesu: mugavus ja elegants\u00a0<\/h3>\n<p data-start=\"399\" data-end=\"848\">See <strong data-start=\"402\" data-end=\"421\">Selene pesu<\/strong> Selene on ennast t\u00f5estanud kui \u00fcks tuntumaid Hispaania naistepesu kaubam\u00e4rke. Aastak\u00fcmnete pikkuse kogemuse ja p\u00fchendumusega kodumaisele tootmisele disainib Selene r\u00f5ivaid, mis \u00fchendavad endas esteetika, funktsionaalsuse ja laitmatu sobivuse. Iga stiil on loodud tegelikku naisekeha silmas pidades, kasutades nutikaid mustreid, kvaliteetseid kangaid ja detaile, mis teevad k\u00f5ik vahet.<\/p>\n<p data-start=\"850\" data-end=\"1244\">Rosana CL-is, \u00fcle 40-aastase kogemusega spetsialiseeritud kaupluses, on neil p\u00f5hjalikud teadmised kataloogist <strong data-start=\"958\" data-end=\"977\">Selene pesu<\/strong> Nad pakuvad hoolikalt kureeritud rinnahoidjate, alusp\u00fckste ja bodyde valikut, et rahuldada iga naise vajadusi. Selene&#039;iga eksklusiivne koost\u00f6\u00f6 pole juhus: m\u00f5lemad br\u00e4ndid jagavad samu v\u00e4\u00e4rtusi nagu p\u00fchendumus, elegants ja austus naisekeha vastu.<\/p>\n<p data-start=\"1246\" data-end=\"1475\">Kui valid <strong data-start=\"1260\" data-end=\"1279\">Selene pesu<\/strong> Rosana CL-is ei osta sa lihtsalt j\u00e4rjekordset r\u00f5ivaeset: investeerid kestvasse mugavusse, just sulle loodud disaini ja personaalsesse t\u00e4helepanu, mis on m\u00e4rgatav ostuprotsessi igal sammul.<\/p>\t\t\t\t\t\t\t\t<\/div>\n\t\t\t\t<\/div>\n\t\t\t\t<\/div>\n\t\t<div class=\"elementor-element elementor-element-5568f8b e-con-full e-flex e-con e-child\" data-id=\"5568f8b\" data-element_type=\"container\" data-e-type=\"container\">\n\t\t\t\t<div class=\"elementor-element elementor-element-980debe elementor-widget elementor-widget-image\" data-id=\"980debe\" data-element_type=\"widget\" data-e-type=\"widget\" data-widget_type=\"image.default\">\n\t\t\t\t<div class=\"elementor-widget-container\">\n\t\t\t\t\t\t\t\t\t\t\t\t\t\t\t<img fetchpriority=\"high\" decoding=\"async\" width=\"800\" height=\"566\" src=\"https:\/\/rosanacl.com\/wp-content\/uploads\/2025\/07\/sujetador-reductor-sin-tirantes-1024x724.jpg\" class=\"attachment-large size-large wp-image-2864\" alt=\"\" srcset=\"https:\/\/rosanacl.com\/wp-content\/uploads\/2025\/07\/sujetador-reductor-sin-tirantes-1024x724.jpg 1024w, https:\/\/rosanacl.com\/wp-content\/uploads\/2025\/07\/sujetador-reductor-sin-tirantes-300x212.jpg 300w, https:\/\/rosanacl.com\/wp-content\/uploads\/2025\/07\/sujetador-reductor-sin-tirantes-768x543.jpg 768w, https:\/\/rosanacl.com\/wp-content\/uploads\/2025\/07\/sujetador-reductor-sin-tirantes-1536x1086.jpg 1536w, https:\/\/rosanacl.com\/wp-content\/uploads\/2025\/07\/sujetador-reductor-sin-tirantes-18x12.jpg 18w, https:\/\/rosanacl.com\/wp-content\/uploads\/2025\/07\/sujetador-reductor-sin-tirantes-600x424.jpg 600w, https:\/\/rosanacl.com\/wp-content\/uploads\/2025\/07\/sujetador-reductor-sin-tirantes.jpg 2000w\" sizes=\"(max-width: 800px) 100vw, 800px\" \/>\t\t\t\t\t\t\t\t\t\t\t\t\t\t\t<\/div>\n\t\t\t\t<\/div>\n\t\t\t\t<\/div>\n\t\t\t\t\t<\/div>\n\t\t\t\t<\/div>\n\t\t<div class=\"elementor-element elementor-element-5e380fb e-flex e-con-boxed e-con e-parent\" data-id=\"5e380fb\" data-element_type=\"container\" data-e-type=\"container\">\n\t\t\t\t\t<div class=\"e-con-inner\">\n\t\t<div class=\"elementor-element elementor-element-a763375 e-con-full e-flex e-con e-child\" data-id=\"a763375\" data-element_type=\"container\" data-e-type=\"container\">\n\t\t\t\t<div class=\"elementor-element elementor-element-a8aecc4 elementor-widget elementor-widget-image\" data-id=\"a8aecc4\" data-element_type=\"widget\" data-e-type=\"widget\" data-widget_type=\"image.default\">\n\t\t\t\t<div class=\"elementor-widget-container\">\n\t\t\t\t\t\t\t\t\t\t\t\t\t\t\t<img decoding=\"async\" width=\"700\" height=\"750\" src=\"https:\/\/rosanacl.com\/wp-content\/uploads\/2025\/04\/5-956x1024.jpg\" class=\"attachment-large size-large wp-image-2357\" alt=\"\" srcset=\"https:\/\/rosanacl.com\/wp-content\/uploads\/2025\/04\/5-956x1024.jpg 956w, https:\/\/rosanacl.com\/wp-content\/uploads\/2025\/04\/5-11x12.jpg 11w, https:\/\/rosanacl.com\/wp-content\/uploads\/2025\/04\/5-280x300.jpg 280w, https:\/\/rosanacl.com\/wp-content\/uploads\/2025\/04\/5-768x823.jpg 768w, https:\/\/rosanacl.com\/wp-content\/uploads\/2025\/04\/5-600x643.jpg 600w, https:\/\/rosanacl.com\/wp-content\/uploads\/2025\/04\/5.jpg 1244w\" sizes=\"(max-width: 700px) 100vw, 700px\" \/>\t\t\t\t\t\t\t\t\t\t\t\t\t\t\t<\/div>\n\t\t\t\t<\/div>\n\t\t\t\t<\/div>\n\t\t<div class=\"elementor-element elementor-element-b02b1e9 e-con-full e-flex e-con e-child\" data-id=\"b02b1e9\" data-element_type=\"container\" data-e-type=\"container\">\n\t\t\t\t<div class=\"elementor-element elementor-element-e25a6f0 elementor-widget elementor-widget-text-editor\" data-id=\"e25a6f0\" data-element_type=\"widget\" data-e-type=\"widget\" data-widget_type=\"text-editor.default\">\n\t\t\t\t<div class=\"elementor-widget-container\">\n\t\t\t\t\t\t\t\t\t<h3 data-start=\"1477\" data-end=\"1545\">Miks on Rosana CL ideaalne koht Selene pesu ostmiseks<\/h3>\n<p data-start=\"1547\" data-end=\"1924\">Mitte k\u00f5ik kauplused ei paku m\u00fc\u00fcmisel samav\u00e4\u00e4rset teadmiste ja p\u00fchendumuse taset. <strong data-start=\"1634\" data-end=\"1653\">Selene pesu<\/strong>Rosana CL-is on iga toode testitud, anal\u00fc\u00fcsitud ja valitud ekspertide meeskonna poolt, kes teab, mis toimib ja mis mitte. Nende kogemused korsettide valmistamises v\u00f5imaldavad neil soovitada \u00f5iget stiili vastavalt suurusele, kehakujule ja kavandatud kasutusotstarbele.<\/p>\n<p data-start=\"1926\" data-end=\"2268\">Lisaks hoolitseb Rosana CL iga detaili eest: alates selgetest tootekirjeldustest ja t\u00e4psetest suuruste juhenditest kuni s\u00f5braliku klienditeeninduse ja iga tellimuse hoolika ettevalmistamiseni. Ostle kohe! <strong data-start=\"2141\" data-end=\"2160\">Selene pesu<\/strong> Selles poes on tegemist tervikliku kogemusega, kus klient tunneb end kuulduna, m\u00f5istetuna ja toetatuna.<\/p>\n<p data-start=\"2270\" data-end=\"2642\">Kataloog sisaldab laia valikut traadiga ja traadita rinnahoidjaid, minimizer-rinnahoidjaid, \u00f5lapaelteta rinnahoidjaid, erineva stiiliga alusp\u00fckse ning elegantseid ja funktsionaalseid bodysid. K\u00f5ik tooted on valmistatud Hispaanias vastupidavatest, pehmetest ja kohanduvatest materjalidest. Iga r\u00f5ivaese peegeldab br\u00e4ndi asjatundlikkust, mis austab naisi ja m\u00f5istab nende vajadusi igas elufaasis.<\/p>\t\t\t\t\t\t\t\t<\/div>\n\t\t\t\t<\/div>\n\t\t\t\t<\/div>\n\t\t\t\t\t<\/div>\n\t\t\t\t<\/div>\n\t\t<div class=\"elementor-element elementor-element-495e863 e-flex e-con-boxed e-con e-parent\" data-id=\"495e863\" data-element_type=\"container\" data-e-type=\"container\">\n\t\t\t\t\t<div class=\"e-con-inner\">\n\t\t\t\t<div class=\"elementor-element elementor-element-fe47ba3 elementor-widget elementor-widget-text-editor\" data-id=\"fe47ba3\" data-element_type=\"widget\" data-e-type=\"widget\" data-widget_type=\"text-editor.default\">\n\t\t\t\t<div class=\"elementor-widget-container\">\n\t\t\t\t\t\t\t\t\t<h3 data-start=\"2644\" data-end=\"2729\">Selene pesu veebis Rosana CL-iga: usaldus, kiirus ja personaalne t\u00e4helepanu<\/h3>\n<p data-start=\"2731\" data-end=\"3082\">T\u00e4nu oma digitaalsele platvormile h\u00f5lbustab Rosana CL juurdep\u00e4\u00e4su <strong data-start=\"2798\" data-end=\"2817\">Selene pesu<\/strong> K\u00f5ikjal Hispaanias. Nende veebipood on loodud pakkuma lihtsat, turvalist ja selget kogemust. Vaid m\u00f5ne kl\u00f5psuga leiate otsitava mudeli, saate kontrollida selle omadusi, v\u00f5rrelda suurusi ja esitada tellimuse t\u00e4ieliku meelerahuga.<\/p>\n<p data-start=\"3084\" data-end=\"3364\">Lisaks on meeskond valmis vastama k\u00f5ikidele k\u00fcsimustele kas e-posti v\u00f5i telefoni teel, pakkudes inimlikku l\u00e4henemist, millest veebiostudel sageli puudu j\u00e4\u00e4b. Kohaletoimetamine on kiire ja diskreetne ning toote kvaliteet on garanteeritud juba esimesest kasutuskorrast alates.<\/p>\n<p data-start=\"3366\" data-end=\"3711\">L\u00fchidalt, kui sa otsid <strong data-start=\"3399\" data-end=\"3418\">Selene pesu<\/strong> Kui otsid midagi, mis vastab t\u00f5eliselt sinu ootustele nii disaini kui ka funktsionaalsuse poolest, on Rosana CL sinu parim liitlane. Nende kogemused, keskendumine t\u00f5elistele naistele ja p\u00fchendumus kvaliteedile teevad sellest poest ideaalse sihtkoha neile, kes soovivad end nii seest kui v\u00e4ljast h\u00e4sti tunda.<\/p>\t\t\t\t\t\t\t\t<\/div>\n\t\t\t\t<\/div>\n\t\t\t\t\t<\/div>\n\t\t\t\t<\/div>\n\t\t<div class=\"elementor-element elementor-element-d05ed3a e-flex e-con-boxed e-con e-parent\" data-id=\"d05ed3a\" data-element_type=\"container\" data-e-type=\"container\">\n\t\t\t\t\t<div class=\"e-con-inner\">\n\t\t\t\t<div class=\"elementor-element elementor-element-b883e86 elementor-widget elementor-widget-heading\" data-id=\"b883e86\" data-element_type=\"widget\" data-e-type=\"widget\" data-widget_type=\"heading.default\">\n\t\t\t\t<div class=\"elementor-widget-container\">\n\t\t\t\t\t<h2 class=\"elementor-heading-title elementor-size-default\">V\u00f5tke meiega \u00fchendust <\/h2>\t\t\t\t<\/div>\n\t\t\t\t<\/div>\n\t\t\t\t\t<\/div>\n\t\t\t\t<\/div>\n\t\t<div class=\"elementor-element elementor-element-00e20e2 e-flex e-con-boxed e-con e-parent\" data-id=\"00e20e2\" data-element_type=\"container\" data-e-type=\"container\">\n\t\t\t\t\t<div class=\"e-con-inner\">\n\t\t<div class=\"elementor-element elementor-element-8ad8f7b e-con-full e-flex e-con e-child\" data-id=\"8ad8f7b\" data-element_type=\"container\" data-e-type=\"container\">\n\t\t\t\t<div class=\"elementor-element elementor-element-888944a elementor-widget__width-initial elementor-widget elementor-widget-elementskit-contact-form7\" data-id=\"888944a\" data-element_type=\"widget\" data-e-type=\"widget\" data-widget_type=\"elementskit-contact-form7.default\">\n\t\t\t\t<div class=\"elementor-widget-container\">\n\t\t\t\t\t<div class=\"ekit-wid-con\" ><div class=\"ekit-form\">\n<div class=\"wpcf7 no-js\" id=\"wpcf7-f48-o1\" lang=\"es-ES\" dir=\"ltr\" data-wpcf7-id=\"48\">\n<div class=\"screen-reader-response\"><p role=\"status\" aria-live=\"polite\" aria-atomic=\"true\"><\/p> <ul><\/ul><\/div>\n<form action=\"\/de\/wp-json\/wp\/v2\/pages\/2897#wpcf7-f48-o1\" method=\"post\" class=\"wpcf7-form init\" aria-label=\"Kontaktvorm\" novalidate=\"novalidate\" data-status=\"init\" data-trp-original-action=\"\/de\/wp-json\/wp\/v2\/pages\/2897#wpcf7-f48-o1\">\n<fieldset class=\"hidden-fields-container\"><input type=\"hidden\" name=\"_wpcf7\" value=\"48\" \/><input type=\"hidden\" name=\"_wpcf7_version\" value=\"6.1.5\" \/><input type=\"hidden\" name=\"_wpcf7_locale\" value=\"es_ES\" \/><input type=\"hidden\" name=\"_wpcf7_unit_tag\" value=\"wpcf7-f48-o1\" \/><input type=\"hidden\" name=\"_wpcf7_container_post\" value=\"0\" \/><input type=\"hidden\" name=\"_wpcf7_posted_data_hash\" value=\"\" \/><input type=\"hidden\" name=\"_wpcf7_recaptcha_response\" value=\"\" \/>\n<\/fieldset>\n<div class=\"form-row\">\n\t<div class=\"form-column\">\n\t\t<p><span class=\"wpcf7-form-control-wrap\" data-name=\"nombre\"><input size=\"40\" maxlength=\"400\" class=\"wpcf7-form-control wpcf7-text wpcf7-validates-as-required\" aria-required=\"true\" aria-invalid=\"false\" placeholder=\"Nimi\" value=\"\" type=\"text\" name=\"nombre\" \/><\/span>\n\t\t<\/p>\n\t<\/div>\n\t<div class=\"form-column\">\n\t\t<p><span class=\"wpcf7-form-control-wrap\" data-name=\"telefono\"><input size=\"40\" maxlength=\"400\" class=\"wpcf7-form-control wpcf7-tel wpcf7-validates-as-required wpcf7-text wpcf7-validates-as-tel\" aria-required=\"true\" aria-invalid=\"false\" placeholder=\"Telefon *\" value=\"\" type=\"tel\" name=\"telefono\" \/><\/span>\n\t\t<\/p>\n\t<\/div>\n<\/div>\n<div class=\"form-row\">\n\t<div class=\"form-column\">\n\t\t<p><span class=\"wpcf7-form-control-wrap\" data-name=\"email\"><input size=\"40\" maxlength=\"400\" class=\"wpcf7-form-control wpcf7-email wpcf7-validates-as-required wpcf7-text wpcf7-validates-as-email\" aria-required=\"true\" aria-invalid=\"false\" placeholder=\"E-post *\" value=\"\" type=\"email\" name=\"email\" \/><\/span>\n\t\t<\/p>\n\t<\/div>\n\t<div class=\"form-column\">\n\t\t<p><span class=\"wpcf7-form-control-wrap\" data-name=\"asunto\"><input size=\"40\" maxlength=\"400\" class=\"wpcf7-form-control wpcf7-text wpcf7-validates-as-required\" aria-required=\"true\" aria-invalid=\"false\" placeholder=\"Af\u00e4\u00e4r *\" value=\"\" type=\"text\" name=\"asunto\" \/><\/span>\n\t\t<\/p>\n\t<\/div>\n<\/div>\n<p><span class=\"wpcf7-form-control-wrap\" data-name=\"mensaje\"><textarea cols=\"40\" rows=\"10\" maxlength=\"2000\" class=\"wpcf7-form-control wpcf7-textarea wpcf7-validates-as-required\" aria-required=\"true\" aria-invalid=\"false\" placeholder=\"S\u00f5num\" name=\"mensaje\"><\/textarea><\/span>\n<\/p>\n<p class=\"legal-priv\"><span class=\"wpcf7-form-control-wrap\" data-name=\"acceptance-787\"><span class=\"wpcf7-form-control wpcf7-acceptance\"><span class=\"wpcf7-list-item\"><label><input type=\"checkbox\" name=\"acceptance-787\" value=\"1\" aria-invalid=\"false\" \/><span class=\"wpcf7-list-item-label\">Olen lugenud ja n\u00f5ustun tingimustega <a href=\"https:\/\/rosanacl.com\/et\/politica-de-privacidad\/\">Privaatsuspoliitika<\/a><\/span><\/label><\/span><\/span><\/span>\n<\/p>\n<p><input class=\"wpcf7-form-control wpcf7-submit has-spinner\" type=\"submit\" value=\"SAADA S\u00d5NUM\" \/>\n<\/p><div class=\"wpcf7-response-output\" aria-hidden=\"true\"><\/div>\n<input type=\"hidden\" name=\"trp-form-language\" value=\"et\"\/><\/form>\n<\/div>\n<\/div><\/div>\t\t\t\t<\/div>\n\t\t\t\t<\/div>\n\t\t\t\t<\/div>\n\t\t\t\t\t<\/div>\n\t\t\t\t<\/div>\n\t\t\t\t<\/div>","protected":false},"excerpt":{"rendered":"<p>Lencer\u00eda Selene Lencer\u00eda Selene: comodidad y elegancia\u00a0 La lencer\u00eda Selene ha logrado posicionarse como una de las marcas espa\u00f1olas m\u00e1s reconocidas en el \u00e1mbito de la ropa \u00edntima femenina. Con d\u00e9cadas de experiencia y una clara apuesta por la fabricaci\u00f3n nacional, Selene dise\u00f1a prendas que combinan est\u00e9tica, funcionalidad y un ajuste impecable. Cada modelo est\u00e1 [&hellip;]<\/p>\n","protected":false},"author":1,"featured_media":0,"parent":0,"menu_order":0,"comment_status":"closed","ping_status":"closed","template":"","meta":{"content-type":"","footnotes":""},"class_list":["post-2897","page","type-page","status-publish","hentry"],"yoast_head":"<!-- This site is optimized with the Yoast SEO plugin v27.4 - https:\/\/yoast.com\/product\/yoast-seo-wordpress\/ -->\n<title>Lencer\u00eda Selene - Rosana CL<\/title>\n<meta name=\"robots\" content=\"index, follow, max-snippet:-1, max-image-preview:large, max-video-preview:-1\" \/>\n<link rel=\"canonical\" href=\"https:\/\/rosanacl.com\/et\/lenceria-selene\/\" \/>\n<meta property=\"og:locale\" content=\"et_EE\" \/>\n<meta property=\"og:type\" content=\"article\" \/>\n<meta property=\"og:title\" content=\"Lencer\u00eda Selene - Rosana CL\" \/>\n<meta property=\"og:description\" content=\"Lencer\u00eda Selene Lencer\u00eda Selene: comodidad y elegancia\u00a0 La lencer\u00eda Selene ha logrado posicionarse como una de las marcas espa\u00f1olas m\u00e1s reconocidas en el \u00e1mbito de la ropa \u00edntima femenina. Con d\u00e9cadas de experiencia y una clara apuesta por la fabricaci\u00f3n nacional, Selene dise\u00f1a prendas que combinan est\u00e9tica, funcionalidad y un ajuste impecable. Cada modelo est\u00e1 [&hellip;]\" \/>\n<meta property=\"og:url\" content=\"https:\/\/rosanacl.com\/et\/lenceria-selene\/\" \/>\n<meta property=\"og:site_name\" content=\"Rosana CL\" \/>\n<meta property=\"article:modified_time\" content=\"2025-07-25T06:13:14+00:00\" \/>\n<meta property=\"og:image\" content=\"https:\/\/rosanacl.com\/wp-content\/uploads\/2025\/07\/sujetador-reductor-sin-tirantes.jpg\" \/>\n\t<meta property=\"og:image:width\" content=\"2000\" \/>\n\t<meta property=\"og:image:height\" content=\"1414\" \/>\n\t<meta property=\"og:image:type\" content=\"image\/jpeg\" \/>\n<meta name=\"twitter:card\" content=\"summary_large_image\" \/>\n<meta name=\"twitter:label1\" content=\"Est. reading time\" \/>\n\t<meta name=\"twitter:data1\" content=\"3 minutit\" \/>\n<script type=\"application\/ld+json\" class=\"yoast-schema-graph\">{\"@context\":\"https:\\\/\\\/schema.org\",\"@graph\":[{\"@type\":\"WebPage\",\"@id\":\"https:\\\/\\\/rosanacl.com\\\/eu\\\/lenceria-selene\\\/\",\"url\":\"https:\\\/\\\/rosanacl.com\\\/eu\\\/lenceria-selene\\\/\",\"name\":\"Lencer\u00eda Selene - Rosana CL\",\"isPartOf\":{\"@id\":\"https:\\\/\\\/rosanacl.com\\\/ca\\\/#website\"},\"primaryImageOfPage\":{\"@id\":\"https:\\\/\\\/rosanacl.com\\\/eu\\\/lenceria-selene\\\/#primaryimage\"},\"image\":{\"@id\":\"https:\\\/\\\/rosanacl.com\\\/eu\\\/lenceria-selene\\\/#primaryimage\"},\"thumbnailUrl\":\"https:\\\/\\\/rosanacl.com\\\/wp-content\\\/uploads\\\/2025\\\/07\\\/sujetador-reductor-sin-tirantes-1024x724.jpg\",\"datePublished\":\"2025-07-18T09:17:45+00:00\",\"dateModified\":\"2025-07-25T06:13:14+00:00\",\"breadcrumb\":{\"@id\":\"https:\\\/\\\/rosanacl.com\\\/eu\\\/lenceria-selene\\\/#breadcrumb\"},\"inLanguage\":\"et\",\"potentialAction\":[{\"@type\":\"ReadAction\",\"target\":[\"https:\\\/\\\/rosanacl.com\\\/eu\\\/lenceria-selene\\\/\"]}]},{\"@type\":\"ImageObject\",\"inLanguage\":\"et\",\"@id\":\"https:\\\/\\\/rosanacl.com\\\/eu\\\/lenceria-selene\\\/#primaryimage\",\"url\":\"https:\\\/\\\/rosanacl.com\\\/wp-content\\\/uploads\\\/2025\\\/07\\\/sujetador-reductor-sin-tirantes-1024x724.jpg\",\"contentUrl\":\"https:\\\/\\\/rosanacl.com\\\/wp-content\\\/uploads\\\/2025\\\/07\\\/sujetador-reductor-sin-tirantes-1024x724.jpg\"},{\"@type\":\"BreadcrumbList\",\"@id\":\"https:\\\/\\\/rosanacl.com\\\/eu\\\/lenceria-selene\\\/#breadcrumb\",\"itemListElement\":[{\"@type\":\"ListItem\",\"position\":1,\"name\":\"Portada\",\"item\":\"https:\\\/\\\/rosanacl.com\\\/ca\\\/\"},{\"@type\":\"ListItem\",\"position\":2,\"name\":\"Lencer\u00eda Selene\"}]},{\"@type\":\"WebSite\",\"@id\":\"https:\\\/\\\/rosanacl.com\\\/ca\\\/#website\",\"url\":\"https:\\\/\\\/rosanacl.com\\\/ca\\\/\",\"name\":\"Rosana CL\",\"description\":\"Somos tu interior\",\"potentialAction\":[{\"@type\":\"SearchAction\",\"target\":{\"@type\":\"EntryPoint\",\"urlTemplate\":\"https:\\\/\\\/rosanacl.com\\\/ca\\\/?s={search_term_string}\"},\"query-input\":{\"@type\":\"PropertyValueSpecification\",\"valueRequired\":true,\"valueName\":\"search_term_string\"}}],\"inLanguage\":\"et\"}]}<\/script>\n<!-- \/ Yoast SEO plugin. -->","yoast_head_json":{"title":"Lencer\u00eda Selene - Rosana CL","robots":{"index":"index","follow":"follow","max-snippet":"max-snippet:-1","max-image-preview":"max-image-preview:large","max-video-preview":"max-video-preview:-1"},"canonical":"https:\/\/rosanacl.com\/et\/lenceria-selene\/","og_locale":"et_EE","og_type":"article","og_title":"Lencer\u00eda Selene - Rosana CL","og_description":"Lencer\u00eda Selene Lencer\u00eda Selene: comodidad y elegancia\u00a0 La lencer\u00eda Selene ha logrado posicionarse como una de las marcas espa\u00f1olas m\u00e1s reconocidas en el \u00e1mbito de la ropa \u00edntima femenina. Con d\u00e9cadas de experiencia y una clara apuesta por la fabricaci\u00f3n nacional, Selene dise\u00f1a prendas que combinan est\u00e9tica, funcionalidad y un ajuste impecable. Cada modelo est\u00e1 [&hellip;]","og_url":"https:\/\/rosanacl.com\/et\/lenceria-selene\/","og_site_name":"Rosana CL","article_modified_time":"2025-07-25T06:13:14+00:00","og_image":[{"width":2000,"height":1414,"url":"https:\/\/rosanacl.com\/wp-content\/uploads\/2025\/07\/sujetador-reductor-sin-tirantes.jpg","type":"image\/jpeg"}],"twitter_card":"summary_large_image","twitter_misc":{"Est. reading time":"3 minutit"},"schema":{"@context":"https:\/\/schema.org","@graph":[{"@type":"WebPage","@id":"https:\/\/rosanacl.com\/eu\/lenceria-selene\/","url":"https:\/\/rosanacl.com\/eu\/lenceria-selene\/","name":"Lencer\u00eda Selene - Rosana CL","isPartOf":{"@id":"https:\/\/rosanacl.com\/ca\/#website"},"primaryImageOfPage":{"@id":"https:\/\/rosanacl.com\/eu\/lenceria-selene\/#primaryimage"},"image":{"@id":"https:\/\/rosanacl.com\/eu\/lenceria-selene\/#primaryimage"},"thumbnailUrl":"https:\/\/rosanacl.com\/wp-content\/uploads\/2025\/07\/sujetador-reductor-sin-tirantes-1024x724.jpg","datePublished":"2025-07-18T09:17:45+00:00","dateModified":"2025-07-25T06:13:14+00:00","breadcrumb":{"@id":"https:\/\/rosanacl.com\/eu\/lenceria-selene\/#breadcrumb"},"inLanguage":"et","potentialAction":[{"@type":"ReadAction","target":["https:\/\/rosanacl.com\/eu\/lenceria-selene\/"]}]},{"@type":"ImageObject","inLanguage":"et","@id":"https:\/\/rosanacl.com\/eu\/lenceria-selene\/#primaryimage","url":"https:\/\/rosanacl.com\/wp-content\/uploads\/2025\/07\/sujetador-reductor-sin-tirantes-1024x724.jpg","contentUrl":"https:\/\/rosanacl.com\/wp-content\/uploads\/2025\/07\/sujetador-reductor-sin-tirantes-1024x724.jpg"},{"@type":"BreadcrumbList","@id":"https:\/\/rosanacl.com\/eu\/lenceria-selene\/#breadcrumb","itemListElement":[{"@type":"ListItem","position":1,"name":"Portada","item":"https:\/\/rosanacl.com\/ca\/"},{"@type":"ListItem","position":2,"name":"Lencer\u00eda Selene"}]},{"@type":"WebSite","@id":"https:\/\/rosanacl.com\/ca\/#website","url":"https:\/\/rosanacl.com\/ca\/","name":"Rosana CL","description":"Me oleme teie interj\u00f6\u00f6r","potentialAction":[{"@type":"SearchAction","target":{"@type":"EntryPoint","urlTemplate":"https:\/\/rosanacl.com\/ca\/?s={search_term_string}"},"query-input":{"@type":"PropertyValueSpecification","valueRequired":true,"valueName":"search_term_string"}}],"inLanguage":"et"}]}},"_links":{"self":[{"href":"https:\/\/rosanacl.com\/et\/wp-json\/wp\/v2\/pages\/2897","targetHints":{"allow":["GET"]}}],"collection":[{"href":"https:\/\/rosanacl.com\/et\/wp-json\/wp\/v2\/pages"}],"about":[{"href":"https:\/\/rosanacl.com\/et\/wp-json\/wp\/v2\/types\/page"}],"author":[{"embeddable":true,"href":"https:\/\/rosanacl.com\/et\/wp-json\/wp\/v2\/users\/1"}],"replies":[{"embeddable":true,"href":"https:\/\/rosanacl.com\/et\/wp-json\/wp\/v2\/comments?post=2897"}],"version-history":[{"count":0,"href":"https:\/\/rosanacl.com\/et\/wp-json\/wp\/v2\/pages\/2897\/revisions"}],"wp:attachment":[{"href":"https:\/\/rosanacl.com\/et\/wp-json\/wp\/v2\/media?parent=2897"}],"curies":[{"name":"wp","href":"https:\/\/api.w.org\/{rel}","templated":true}]}}