{"id":31,"date":"2025-03-28T16:10:30","date_gmt":"2025-03-28T19:10:30","guid":{"rendered":"https:\/\/innovacon.simplificandotuweb.com\/?page_id=31"},"modified":"2025-07-09T08:56:36","modified_gmt":"2025-07-09T06:56:36","slug":"politica-de-privacidad","status":"publish","type":"page","link":"https:\/\/rosanacl.com\/et\/politica-de-privacidad\/","title":{"rendered":"Privaatsuspoliitika"},"content":{"rendered":"<div data-elementor-type=\"wp-page\" data-elementor-id=\"31\" class=\"elementor elementor-31\" data-elementor-post-type=\"page\">\n\t\t\t\t<div class=\"elementor-element elementor-element-1ca8157 e-flex e-con-boxed e-con e-parent\" data-id=\"1ca8157\" data-element_type=\"container\" data-e-type=\"container\" data-settings=\"{&quot;background_background&quot;:&quot;classic&quot;}\">\n\t\t\t\t\t<div class=\"e-con-inner\">\n\t\t<div class=\"elementor-element elementor-element-ee95924 e-con-full e-flex e-con e-child\" data-id=\"ee95924\" data-element_type=\"container\" data-e-type=\"container\">\n\t\t\t\t<div class=\"elementor-element elementor-element-fbdd061 elementor-widget elementor-widget-heading\" data-id=\"fbdd061\" data-element_type=\"widget\" data-e-type=\"widget\" data-widget_type=\"heading.default\">\n\t\t\t\t<div class=\"elementor-widget-container\">\n\t\t\t\t\t<h2 class=\"elementor-heading-title elementor-size-default\">Privaatsuspoliitika<\/h2>\t\t\t\t<\/div>\n\t\t\t\t<\/div>\n\t\t\t\t<\/div>\n\t\t\t\t\t<\/div>\n\t\t\t\t<\/div>\n\t\t<div class=\"elementor-element elementor-element-5a8dd38e e-flex e-con-boxed e-con e-parent\" data-id=\"5a8dd38e\" data-element_type=\"container\" data-e-type=\"container\">\n\t\t\t\t\t<div class=\"e-con-inner\">\n\t\t\t\t<div class=\"elementor-element elementor-element-6ea5a565 elementor-widget elementor-widget-text-editor\" data-id=\"6ea5a565\" data-element_type=\"widget\" data-e-type=\"widget\" data-widget_type=\"text-editor.default\">\n\t\t\t\t<div class=\"elementor-widget-container\">\n\t\t\t\t\t\t\t\t\t\n<p><strong>1. KASUTAJAINFO<\/strong><\/p>\n\n<p>Veebisait teavitab veebisaidi kasutajaid oma poliitikast, mis k\u00e4sitleb kasutajate ja klientide isikuandmete t\u00f6\u00f6tlemist ja kaitset, mida v\u00f5idakse veebisaidi sirvimisel k\u00fcsida.<\/p>\n\n<p>Veebisait vastutab kasutaja isikuandmete t\u00f6\u00f6tlemise eest ja pakub seet\u00f5ttu j\u00e4rgmist teavet nende andmete t\u00f6\u00f6tlemise kohta:<\/p>\n\n<p><strong>Andmete s\u00e4ilitamise kriteeriumid:<\/strong>\u00a0Esitatud isikuandmeid s\u00e4ilitatakse seni, kuni huvitatud isik taotleb nende peatamist, teostades oma \u00f5igusi andmete \u00fcle ja igal juhul koosk\u00f5las kehtivate seaduses s\u00e4testatud aegumist\u00e4htaegadega.<\/p>\n\n<p><strong>Huvitatud isikute \u00f5igused:<\/strong><\/p>\n\n<p>\u00d5igus oma n\u00f5usolek igal ajal tagasi v\u00f5tta.<br \/>\u00d5igus oma andmetega tutvuda, neid parandada, kustutada, \u00fclekantavuse n\u00f5uda ning nende t\u00f6\u00f6tlemist piirata v\u00f5i sellele vastu vaielda, samuti \u00f5igus mitte olla automatiseeritud \u00fcksikotsuste objektiks.<\/p>\n\n<p><strong>Kontaktandmed oma \u00f5iguste teostamiseks:<\/strong><\/p>\n\n<p>Te peate end n\u00f5uetekohaselt identifitseerima ja selgelt taotlema \u00f5igust oma volitusi kasutada.<\/p>\n\n<ul class=\"wp-block-list\">\n<li>Ettev\u00f5te: Pablo Angulo Maspons<\/li>\n<li>Rahvaarv: Vinaroz, Hispaania<\/li>\n<li>Telefon: 613395013<\/li>\n<li>Post: <a class=\"css-1rn59kg\" title=\"info@rosanacl.com\" href=\"mailto:info@rosanacl.com\" data-testid=\"link-with-safety\" data-renderer-mark=\"true\">info@rosanacl.com\u00a0<\/a><\/li>\n<\/ul>\n\n<p><strong>2. KASUTAJA ESITATUD TEAVE<\/strong><\/p>\n\n<p>Kui olete alla 18-aastane, ei ole teil lubatud meie veebisaidil olevaid vorme kasutada.<\/p>\n\n<p>Kasutajad, sisestades oma andmed kontaktvormidesse v\u00f5i esitades need allalaadimisvormides, n\u00f5ustuvad selges\u00f5naliselt, vabatahtlikult ja \u00fchem\u00f5tteliselt sellega, et vastutav t\u00f6\u00f6tleja on nende andmete esitamisel nende taotluse t\u00e4itmiseks vajalik, \u00fclej\u00e4\u00e4nud v\u00e4ljadele andmete lisamine on vabatahtlik.<\/p>\n\n<p>Kasutaja kinnitab esitatud isikuandmete \u00f5igsust ja vastutab muudatustest teavitamise eest.<\/p>\n\n<p>K\u00f5ik veebisaidi kaudu k\u00fcsitud andmed on vajalikud Kasutajale optimaalse teenuse osutamiseks. Kui k\u00f5iki andmeid ei esitata, ei saa Andmet\u00f6\u00f6tleja pakutava teabe ja teenuste t\u00e4ielikku vastavust Kasutaja vajadustele garanteerida.<\/p>\n\n<p><strong>3. TURVAMEETMED<\/strong><\/p>\n\n<p>Et koosk\u00f5las kehtivate isikuandmete kaitse eeskirjade s\u00e4tetega j\u00e4rgib vastutav t\u00f6\u00f6tleja oma vastutusalasse kuuluvate isikuandmete t\u00f6\u00f6tlemisel k\u00f5iki isikuandmete kaitse \u00fcldm\u00e4\u00e4ruse (GDPR) ja isikuandmete kaitse \u00fcldm\u00e4\u00e4ruse (LOPD) s\u00e4tteid ning et isikuandmeid t\u00f6\u00f6deldakse seaduslikult, \u00f5iglaselt ja asjaomase isiku jaoks l\u00e4bipaistvalt ning piisaval, asjakohasel ja piiratud sellega, mis on vajalik nende t\u00f6\u00f6tlemise eesm\u00e4rkide saavutamiseks.<\/p>\n\n<p>Andmet\u00f6\u00f6tleja garanteerib, et on rakendanud asjakohaseid tehnilisi ja korralduslikke p\u00f5him\u00f5tteid, et kohaldada GDPR-i ja LOPD-ga kehtestatud turvameetmeid Kasutajate \u00f5iguste ja vabaduste kaitsmiseks, ning on edastanud neile asjakohase teabe, et nad saaksid neid meetmeid rakendada.<\/p>\n\n<p><strong>4. TURVAL\u00dcNGAD<\/strong><\/p>\n\n<p>Andmet\u00f6\u00f6tleja teatab k\u00f5ikidest selle veebisaidi v\u00f5i meie kolmandate osapoolte teenuste kasutatavat andmebaasi m\u00f5jutavatest turvarikkumistest k\u00f5igile isikutele, andmetele, mida see v\u00f5is m\u00f5jutada, ja ametiv\u00f5imudele 72 tunni jooksul alates rikkumise avastamisest.<\/p>\n\n<p><strong>KOHALDATAV \u00d5IGUS JA JURISDIKTSIOON<\/strong><\/p>\n\n<p>K\u00f5ikide selle veebisaidi v\u00f5i selle tegevustega seotud vaidluste v\u00f5i k\u00fcsimuste lahendamisele kohaldatakse Hispaania \u00f5igusakte, millele pooled s\u00f5naselgelt alluvad, ning Barcelona kohtud ja tribunalid on p\u00e4devad lahendama k\u00f5iki selle veebisaidi kasutamisest tulenevaid v\u00f5i sellega seotud konflikte.<\/p>\n\n<p>\u00a0<\/p>\n\t\t\t\t\t\t\t\t<\/div>\n\t\t\t\t<\/div>\n\t\t\t\t\t<\/div>\n\t\t\t\t<\/div>\n\t\t\t\t<\/div>","protected":false},"excerpt":{"rendered":"<p>1.- INFORMACI\u00d3N AL USUARIO El sitio web informa a los usuarios del sitio web sobre su pol\u00edtica respecto al tratamiento y protecci\u00f3n de los datos de car\u00e1cter personal de los usuarios y clientes que puedan ser solicitados por la navegaci\u00f3n a trav\u00e9s de su sitio web. El sitio web es el Responsable del tratamiento de [&hellip;]<\/p>\n","protected":false},"author":1,"featured_media":0,"parent":0,"menu_order":0,"comment_status":"closed","ping_status":"closed","template":"","meta":{"content-type":"","footnotes":""},"class_list":["post-31","page","type-page","status-publish","hentry"],"yoast_head":"<!-- This site is optimized with the Yoast SEO plugin v27.4 - https:\/\/yoast.com\/product\/yoast-seo-wordpress\/ -->\n<title>Pol\u00edtica de Privacidad - Rosana CL<\/title>\n<meta name=\"robots\" content=\"index, follow, max-snippet:-1, max-image-preview:large, max-video-preview:-1\" \/>\n<link rel=\"canonical\" href=\"https:\/\/rosanacl.com\/et\/politica-de-privacidad\/\" \/>\n<meta property=\"og:locale\" content=\"et_EE\" \/>\n<meta property=\"og:type\" content=\"article\" \/>\n<meta property=\"og:title\" content=\"Pol\u00edtica de Privacidad - Rosana CL\" \/>\n<meta property=\"og:description\" content=\"1.- INFORMACI\u00d3N AL USUARIO El sitio web informa a los usuarios del sitio web sobre su pol\u00edtica respecto al tratamiento y protecci\u00f3n de los datos de car\u00e1cter personal de los usuarios y clientes que puedan ser solicitados por la navegaci\u00f3n a trav\u00e9s de su sitio web. El sitio web es el Responsable del tratamiento de [&hellip;]\" \/>\n<meta property=\"og:url\" content=\"https:\/\/rosanacl.com\/et\/politica-de-privacidad\/\" \/>\n<meta property=\"og:site_name\" content=\"Rosana CL\" \/>\n<meta property=\"article:modified_time\" content=\"2025-07-09T06:56:36+00:00\" \/>\n<meta name=\"twitter:card\" content=\"summary_large_image\" \/>\n<meta name=\"twitter:label1\" content=\"Est. reading time\" \/>\n\t<meta name=\"twitter:data1\" content=\"3 minutit\" \/>\n<script type=\"application\/ld+json\" class=\"yoast-schema-graph\">{\"@context\":\"https:\\\/\\\/schema.org\",\"@graph\":[{\"@type\":\"WebPage\",\"@id\":\"https:\\\/\\\/rosanacl.com\\\/politica-de-privacidad\\\/\",\"url\":\"https:\\\/\\\/rosanacl.com\\\/politica-de-privacidad\\\/\",\"name\":\"Pol\u00edtica de Privacidad - Rosana CL\",\"isPartOf\":{\"@id\":\"https:\\\/\\\/rosanacl.com\\\/ca\\\/#website\"},\"datePublished\":\"2025-03-28T19:10:30+00:00\",\"dateModified\":\"2025-07-09T06:56:36+00:00\",\"breadcrumb\":{\"@id\":\"https:\\\/\\\/rosanacl.com\\\/politica-de-privacidad\\\/#breadcrumb\"},\"inLanguage\":\"et\",\"potentialAction\":[{\"@type\":\"ReadAction\",\"target\":[\"https:\\\/\\\/rosanacl.com\\\/politica-de-privacidad\\\/\"]}]},{\"@type\":\"BreadcrumbList\",\"@id\":\"https:\\\/\\\/rosanacl.com\\\/politica-de-privacidad\\\/#breadcrumb\",\"itemListElement\":[{\"@type\":\"ListItem\",\"position\":1,\"name\":\"Portada\",\"item\":\"https:\\\/\\\/rosanacl.com\\\/ca\\\/\"},{\"@type\":\"ListItem\",\"position\":2,\"name\":\"Pol\u00edtica de Privacidad\"}]},{\"@type\":\"WebSite\",\"@id\":\"https:\\\/\\\/rosanacl.com\\\/ca\\\/#website\",\"url\":\"https:\\\/\\\/rosanacl.com\\\/ca\\\/\",\"name\":\"Rosana CL\",\"description\":\"Somos tu interior\",\"potentialAction\":[{\"@type\":\"SearchAction\",\"target\":{\"@type\":\"EntryPoint\",\"urlTemplate\":\"https:\\\/\\\/rosanacl.com\\\/ca\\\/?s={search_term_string}\"},\"query-input\":{\"@type\":\"PropertyValueSpecification\",\"valueRequired\":true,\"valueName\":\"search_term_string\"}}],\"inLanguage\":\"et\"}]}<\/script>\n<!-- \/ Yoast SEO plugin. -->","yoast_head_json":{"title":"Pol\u00edtica de Privacidad - Rosana CL","robots":{"index":"index","follow":"follow","max-snippet":"max-snippet:-1","max-image-preview":"max-image-preview:large","max-video-preview":"max-video-preview:-1"},"canonical":"https:\/\/rosanacl.com\/et\/politica-de-privacidad\/","og_locale":"et_EE","og_type":"article","og_title":"Pol\u00edtica de Privacidad - Rosana CL","og_description":"1.- INFORMACI\u00d3N AL USUARIO El sitio web informa a los usuarios del sitio web sobre su pol\u00edtica respecto al tratamiento y protecci\u00f3n de los datos de car\u00e1cter personal de los usuarios y clientes que puedan ser solicitados por la navegaci\u00f3n a trav\u00e9s de su sitio web. El sitio web es el Responsable del tratamiento de [&hellip;]","og_url":"https:\/\/rosanacl.com\/et\/politica-de-privacidad\/","og_site_name":"Rosana CL","article_modified_time":"2025-07-09T06:56:36+00:00","twitter_card":"summary_large_image","twitter_misc":{"Est. reading time":"3 minutit"},"schema":{"@context":"https:\/\/schema.org","@graph":[{"@type":"WebPage","@id":"https:\/\/rosanacl.com\/politica-de-privacidad\/","url":"https:\/\/rosanacl.com\/politica-de-privacidad\/","name":"Pol\u00edtica de Privacidad - Rosana CL","isPartOf":{"@id":"https:\/\/rosanacl.com\/ca\/#website"},"datePublished":"2025-03-28T19:10:30+00:00","dateModified":"2025-07-09T06:56:36+00:00","breadcrumb":{"@id":"https:\/\/rosanacl.com\/politica-de-privacidad\/#breadcrumb"},"inLanguage":"et","potentialAction":[{"@type":"ReadAction","target":["https:\/\/rosanacl.com\/politica-de-privacidad\/"]}]},{"@type":"BreadcrumbList","@id":"https:\/\/rosanacl.com\/politica-de-privacidad\/#breadcrumb","itemListElement":[{"@type":"ListItem","position":1,"name":"Portada","item":"https:\/\/rosanacl.com\/ca\/"},{"@type":"ListItem","position":2,"name":"Pol\u00edtica de Privacidad"}]},{"@type":"WebSite","@id":"https:\/\/rosanacl.com\/ca\/#website","url":"https:\/\/rosanacl.com\/ca\/","name":"Rosana CL","description":"Me oleme teie interj\u00f6\u00f6r","potentialAction":[{"@type":"SearchAction","target":{"@type":"EntryPoint","urlTemplate":"https:\/\/rosanacl.com\/ca\/?s={search_term_string}"},"query-input":{"@type":"PropertyValueSpecification","valueRequired":true,"valueName":"search_term_string"}}],"inLanguage":"et"}]}},"_links":{"self":[{"href":"https:\/\/rosanacl.com\/et\/wp-json\/wp\/v2\/pages\/31","targetHints":{"allow":["GET"]}}],"collection":[{"href":"https:\/\/rosanacl.com\/et\/wp-json\/wp\/v2\/pages"}],"about":[{"href":"https:\/\/rosanacl.com\/et\/wp-json\/wp\/v2\/types\/page"}],"author":[{"embeddable":true,"href":"https:\/\/rosanacl.com\/et\/wp-json\/wp\/v2\/users\/1"}],"replies":[{"embeddable":true,"href":"https:\/\/rosanacl.com\/et\/wp-json\/wp\/v2\/comments?post=31"}],"version-history":[{"count":0,"href":"https:\/\/rosanacl.com\/et\/wp-json\/wp\/v2\/pages\/31\/revisions"}],"wp:attachment":[{"href":"https:\/\/rosanacl.com\/et\/wp-json\/wp\/v2\/media?parent=31"}],"curies":[{"name":"wp","href":"https:\/\/api.w.org\/{rel}","templated":true}]}}