{"id":3926,"date":"2025-09-29T23:37:44","date_gmt":"2025-09-29T21:37:44","guid":{"rendered":"https:\/\/rosanacl.com\/?page_id=3926"},"modified":"2025-09-29T23:40:24","modified_gmt":"2025-09-29T21:40:24","slug":"sujetador-sin-tirantes","status":"publish","type":"page","link":"https:\/\/rosanacl.com\/et\/sujetador-sin-tirantes\/","title":{"rendered":"Rihmadeta rinnahoidja"},"content":{"rendered":"<div data-elementor-type=\"wp-page\" data-elementor-id=\"3926\" class=\"elementor elementor-3926\" data-elementor-post-type=\"page\">\n\t\t\t\t<div class=\"elementor-element elementor-element-171998c7 e-flex e-con-boxed e-con e-parent\" data-id=\"171998c7\" data-element_type=\"container\" data-e-type=\"container\">\n\t\t\t\t\t<div class=\"e-con-inner\">\n\t\t\t\t<div class=\"elementor-element elementor-element-6575351f elementor-widget elementor-widget-text-editor\" data-id=\"6575351f\" data-element_type=\"widget\" data-e-type=\"widget\" data-widget_type=\"text-editor.default\">\n\t\t\t\t<div class=\"elementor-widget-container\">\n\t\t\t\t\t\t\t\t\t\n<p><\/p>\n\n\n\n<p><\/p>\n\t\t\t\t\t\t\t\t<\/div>\n\t\t\t\t<\/div>\n\t\t\t\t\t<\/div>\n\t\t\t\t<\/div>\n\t\t<div class=\"elementor-element elementor-element-cf7d341 e-flex e-con-boxed e-con e-parent\" data-id=\"cf7d341\" data-element_type=\"container\" data-e-type=\"container\">\n\t\t\t\t\t<div class=\"e-con-inner\">\n\t\t\t\t<div class=\"elementor-element elementor-element-1f1d080 elementor-widget elementor-widget-heading\" data-id=\"1f1d080\" data-element_type=\"widget\" data-e-type=\"widget\" data-widget_type=\"heading.default\">\n\t\t\t\t<div class=\"elementor-widget-container\">\n\t\t\t\t\t<h2 class=\"elementor-heading-title elementor-size-default\">Rihmadeta rinnahoidja<\/h2>\t\t\t\t<\/div>\n\t\t\t\t<\/div>\n\t\t\t\t\t<\/div>\n\t\t\t\t<\/div>\n\t\t<div class=\"elementor-element elementor-element-dc1921d e-flex e-con-boxed e-con e-parent\" data-id=\"dc1921d\" data-element_type=\"container\" data-e-type=\"container\">\n\t\t\t\t\t<div class=\"e-con-inner\">\n\t\t<div class=\"elementor-element elementor-element-d19616f e-con-full e-flex e-con e-child\" data-id=\"d19616f\" data-element_type=\"container\" data-e-type=\"container\">\n\t\t\t\t<div class=\"elementor-element elementor-element-6201e92 elementor-widget elementor-widget-text-editor\" data-id=\"6201e92\" data-element_type=\"widget\" data-e-type=\"widget\" data-widget_type=\"text-editor.default\">\n\t\t\t\t<div class=\"elementor-widget-container\">\n\t\t\t\t\t\t\t\t\t<h3 data-start=\"3222\" data-end=\"3305\"><strong data-start=\"3226\" data-end=\"3303\">Rihmadeta rinnahoidja: ideaalne lahendus k\u00f5ige keerukama v\u00e4limuse saavutamiseks<\/strong><\/h3>\n<p data-start=\"3306\" data-end=\"3598\">Ta <strong data-start=\"3309\" data-end=\"3335\">rihmadeta rinnahoidja<\/strong> See on oluline r\u00f5ivaese neile, kes soovivad kanda kleite ja toppe, muretsemata \u00f5lapaelte n\u00e4htavuse p\u00e4rast. Rosana CL-is on meil lai valik Selene kaubam\u00e4rgi \u00f5lapaelteta rinnahoidjaid, mis on tuntud oma disaini, mugavuse ja vastupidavuse poolest.<\/p>\n<p data-start=\"3600\" data-end=\"3982\">Valida <strong data-start=\"3613\" data-end=\"3639\">rihmadeta rinnahoidja<\/strong> Kvaliteet garanteerib ideaalse sobivuse, piisava toe ja t\u00e4ieliku liikumisvabaduse. See v\u00f5imaldab teil aluspesu kombineerida mis tahes r\u00f5ivaesemega, ilma et see kahjustaks teie riietuse esteetikat. Iga Selene disain on loodud kohanduma naise kehaga ja pidama sammu tema elustiiliga, alates t\u00f6\u00f6st kuni vaba ajani.<\/p>\t\t\t\t\t\t\t\t<\/div>\n\t\t\t\t<\/div>\n\t\t\t\t<\/div>\n\t\t<div class=\"elementor-element elementor-element-5568f8b e-con-full e-flex e-con e-child\" data-id=\"5568f8b\" data-element_type=\"container\" data-e-type=\"container\">\n\t\t\t\t<div class=\"elementor-element elementor-element-980debe elementor-widget elementor-widget-image\" data-id=\"980debe\" data-element_type=\"widget\" data-e-type=\"widget\" data-widget_type=\"image.default\">\n\t\t\t\t<div class=\"elementor-widget-container\">\n\t\t\t\t\t\t\t\t\t\t\t\t\t\t\t<img fetchpriority=\"high\" decoding=\"async\" width=\"700\" height=\"750\" src=\"https:\/\/rosanacl.com\/wp-content\/uploads\/2025\/08\/4-9.png\" class=\"attachment-large size-large wp-image-3600\" alt=\"\" srcset=\"https:\/\/rosanacl.com\/wp-content\/uploads\/2025\/08\/4-9.png 745w, https:\/\/rosanacl.com\/wp-content\/uploads\/2025\/08\/4-9-280x300.png 280w, https:\/\/rosanacl.com\/wp-content\/uploads\/2025\/08\/4-9-11x12.png 11w, https:\/\/rosanacl.com\/wp-content\/uploads\/2025\/08\/4-9-600x643.png 600w\" sizes=\"(max-width: 700px) 100vw, 700px\" \/>\t\t\t\t\t\t\t\t\t\t\t\t\t\t\t<\/div>\n\t\t\t\t<\/div>\n\t\t\t\t<\/div>\n\t\t\t\t\t<\/div>\n\t\t\t\t<\/div>\n\t\t<div class=\"elementor-element elementor-element-5e380fb e-flex e-con-boxed e-con e-parent\" data-id=\"5e380fb\" data-element_type=\"container\" data-e-type=\"container\">\n\t\t\t\t\t<div class=\"e-con-inner\">\n\t\t<div class=\"elementor-element elementor-element-a763375 e-con-full e-flex e-con e-child\" data-id=\"a763375\" data-element_type=\"container\" data-e-type=\"container\">\n\t\t\t\t<div class=\"elementor-element elementor-element-a8aecc4 elementor-widget elementor-widget-image\" data-id=\"a8aecc4\" data-element_type=\"widget\" data-e-type=\"widget\" data-widget_type=\"image.default\">\n\t\t\t\t<div class=\"elementor-widget-container\">\n\t\t\t\t\t\t\t\t\t\t\t\t\t\t\t<img decoding=\"async\" width=\"625\" height=\"750\" src=\"https:\/\/rosanacl.com\/wp-content\/uploads\/2025\/08\/3-12-854x1024.png\" class=\"attachment-large size-large wp-image-3599\" alt=\"\" srcset=\"https:\/\/rosanacl.com\/wp-content\/uploads\/2025\/08\/3-12-854x1024.png 854w, https:\/\/rosanacl.com\/wp-content\/uploads\/2025\/08\/3-12-250x300.png 250w, https:\/\/rosanacl.com\/wp-content\/uploads\/2025\/08\/3-12-768x921.png 768w, https:\/\/rosanacl.com\/wp-content\/uploads\/2025\/08\/3-12-10x12.png 10w, https:\/\/rosanacl.com\/wp-content\/uploads\/2025\/08\/3-12-600x719.png 600w, https:\/\/rosanacl.com\/wp-content\/uploads\/2025\/08\/3-12.png 1112w\" sizes=\"(max-width: 625px) 100vw, 625px\" \/>\t\t\t\t\t\t\t\t\t\t\t\t\t\t\t<\/div>\n\t\t\t\t<\/div>\n\t\t\t\t<\/div>\n\t\t<div class=\"elementor-element elementor-element-b02b1e9 e-con-full e-flex e-con e-child\" data-id=\"b02b1e9\" data-element_type=\"container\" data-e-type=\"container\">\n\t\t\t\t<div class=\"elementor-element elementor-element-cbb880e elementor-widget elementor-widget-text-editor\" data-id=\"cbb880e\" data-element_type=\"widget\" data-e-type=\"widget\" data-widget_type=\"text-editor.default\">\n\t\t\t\t<div class=\"elementor-widget-container\">\n\t\t\t\t\t\t\t\t\t<h3 data-start=\"3984\" data-end=\"4056\"><strong data-start=\"3988\" data-end=\"4054\">Rihmadeta rinnahoidja: disain ja mugavus \u00fches tootes<\/strong><\/h3>\n<p data-start=\"4057\" data-end=\"4460\">Rosana CL-is iga\u00fcks <strong data-start=\"4076\" data-end=\"4102\">rihmadeta rinnahoidja<\/strong> See on hoolikalt valitud, et pakkuda parimat mugavust ja stiili. Kangad on pehmed, venivad ja hingavad, tagades mugavuse terveks p\u00e4evaks. Lisaks v\u00f5imaldab stiilide mitmekesisus teil valida diskreetsete ja funktsionaalsete rinnahoidjate ning keerukate ja elegantsete detailidega variantide vahel, mis sobivad ideaalselt erilisteks s\u00fcndmusteks.<\/p>\n<p data-start=\"4462\" data-end=\"4734\">Iga rinnahoidja detaili detailidele p\u00f6\u00f6ratud t\u00e4helepanu tagab, et see s\u00e4ilitab oma kuju ja elastsuse ka p\u00e4rast mitut pesukorda. Osta <strong data-start=\"4597\" data-end=\"4623\">rihmadeta rinnahoidja<\/strong> Rosana CL-is t\u00e4hendab see investeerimist vastupidavatesse ja mugavatesse r\u00f5ivastesse, mis t\u00e4iustavad teie figuuri stiili ohverdamata.<\/p>\t\t\t\t\t\t\t\t<\/div>\n\t\t\t\t<\/div>\n\t\t\t\t<\/div>\n\t\t\t\t\t<\/div>\n\t\t\t\t<\/div>\n\t\t<div class=\"elementor-element elementor-element-495e863 e-flex e-con-boxed e-con e-parent\" data-id=\"495e863\" data-element_type=\"container\" data-e-type=\"container\">\n\t\t\t\t\t<div class=\"e-con-inner\">\n\t\t\t\t<div class=\"elementor-element elementor-element-fe47ba3 elementor-widget elementor-widget-text-editor\" data-id=\"fe47ba3\" data-element_type=\"widget\" data-e-type=\"widget\" data-widget_type=\"text-editor.default\">\n\t\t\t\t<div class=\"elementor-widget-container\">\n\t\t\t\t\t\t\t\t\t<h3 data-start=\"4736\" data-end=\"4803\"><strong data-start=\"4740\" data-end=\"4801\">Rihmadeta rinnahoidja: usaldus ja garantii Rosana CL-is<\/strong><\/h3>\n<p data-start=\"4804\" data-end=\"5149\">Osta <strong data-start=\"4815\" data-end=\"4841\">rihmadeta rinnahoidja<\/strong> Rosana CL-is t\u00e4hendab see meelerahu ja kindlustunnet. Iga toode on originaalne 100% ja vastab Selene kvaliteedistandarditele. Lisaks on meie personaalne klienditeenindusmeeskond valmis n\u00f5ustama iga klienti rinnahoidja valimisel, mis sobib k\u00f5ige paremini tema kehat\u00fc\u00fcbile ja vajadustele.<\/p>\n<p data-start=\"5151\" data-end=\"5428\">Mugavuse, disaini ja asjatundliku teeninduse kombinatsioon teeb valiku lihtsaks. <strong data-start=\"5225\" data-end=\"5251\">rihmadeta rinnahoidja<\/strong> Rosana CL-is on see usaldusv\u00e4\u00e4rne valik. Klient saab kvaliteetse r\u00f5ivaeseme, mis sobib tema elustiiliga, s\u00e4ilitades samal ajal elegantsi ja mugavuse, mida iga naine v\u00e4\u00e4rib.<\/p>\t\t\t\t\t\t\t\t<\/div>\n\t\t\t\t<\/div>\n\t\t\t\t\t<\/div>\n\t\t\t\t<\/div>\n\t\t<div class=\"elementor-element elementor-element-d05ed3a e-flex e-con-boxed e-con e-parent\" data-id=\"d05ed3a\" data-element_type=\"container\" data-e-type=\"container\">\n\t\t\t\t\t<div class=\"e-con-inner\">\n\t\t\t\t<div class=\"elementor-element elementor-element-b883e86 elementor-widget elementor-widget-heading\" data-id=\"b883e86\" data-element_type=\"widget\" data-e-type=\"widget\" data-widget_type=\"heading.default\">\n\t\t\t\t<div class=\"elementor-widget-container\">\n\t\t\t\t\t<h2 class=\"elementor-heading-title elementor-size-default\">V\u00f5tke meiega \u00fchendust <\/h2>\t\t\t\t<\/div>\n\t\t\t\t<\/div>\n\t\t\t\t\t<\/div>\n\t\t\t\t<\/div>\n\t\t<div class=\"elementor-element elementor-element-00e20e2 e-flex e-con-boxed e-con e-parent\" data-id=\"00e20e2\" data-element_type=\"container\" data-e-type=\"container\">\n\t\t\t\t\t<div class=\"e-con-inner\">\n\t\t<div class=\"elementor-element elementor-element-8ad8f7b e-con-full e-flex e-con e-child\" data-id=\"8ad8f7b\" data-element_type=\"container\" data-e-type=\"container\">\n\t\t\t\t<div class=\"elementor-element elementor-element-888944a elementor-widget__width-initial elementor-widget elementor-widget-elementskit-contact-form7\" data-id=\"888944a\" data-element_type=\"widget\" data-e-type=\"widget\" data-widget_type=\"elementskit-contact-form7.default\">\n\t\t\t\t<div class=\"elementor-widget-container\">\n\t\t\t\t\t<div class=\"ekit-wid-con\" ><div class=\"ekit-form\">\n<div class=\"wpcf7 no-js\" id=\"wpcf7-f48-o1\" lang=\"es-ES\" dir=\"ltr\" data-wpcf7-id=\"48\">\n<div class=\"screen-reader-response\"><p role=\"status\" aria-live=\"polite\" aria-atomic=\"true\"><\/p> <ul><\/ul><\/div>\n<form action=\"\/de\/wp-json\/wp\/v2\/pages\/3926#wpcf7-f48-o1\" method=\"post\" class=\"wpcf7-form init\" aria-label=\"Kontaktvorm\" novalidate=\"novalidate\" data-status=\"init\" data-trp-original-action=\"\/de\/wp-json\/wp\/v2\/pages\/3926#wpcf7-f48-o1\">\n<fieldset class=\"hidden-fields-container\"><input type=\"hidden\" name=\"_wpcf7\" value=\"48\" \/><input type=\"hidden\" name=\"_wpcf7_version\" value=\"6.1.5\" \/><input type=\"hidden\" name=\"_wpcf7_locale\" value=\"es_ES\" \/><input type=\"hidden\" name=\"_wpcf7_unit_tag\" value=\"wpcf7-f48-o1\" \/><input type=\"hidden\" name=\"_wpcf7_container_post\" value=\"0\" \/><input type=\"hidden\" name=\"_wpcf7_posted_data_hash\" value=\"\" \/><input type=\"hidden\" name=\"_wpcf7_recaptcha_response\" value=\"\" \/>\n<\/fieldset>\n<div class=\"form-row\">\n\t<div class=\"form-column\">\n\t\t<p><span class=\"wpcf7-form-control-wrap\" data-name=\"nombre\"><input size=\"40\" maxlength=\"400\" class=\"wpcf7-form-control wpcf7-text wpcf7-validates-as-required\" aria-required=\"true\" aria-invalid=\"false\" placeholder=\"Nimi\" value=\"\" type=\"text\" name=\"nombre\" \/><\/span>\n\t\t<\/p>\n\t<\/div>\n\t<div class=\"form-column\">\n\t\t<p><span class=\"wpcf7-form-control-wrap\" data-name=\"telefono\"><input size=\"40\" maxlength=\"400\" class=\"wpcf7-form-control wpcf7-tel wpcf7-validates-as-required wpcf7-text wpcf7-validates-as-tel\" aria-required=\"true\" aria-invalid=\"false\" placeholder=\"Telefon *\" value=\"\" type=\"tel\" name=\"telefono\" \/><\/span>\n\t\t<\/p>\n\t<\/div>\n<\/div>\n<div class=\"form-row\">\n\t<div class=\"form-column\">\n\t\t<p><span class=\"wpcf7-form-control-wrap\" data-name=\"email\"><input size=\"40\" maxlength=\"400\" class=\"wpcf7-form-control wpcf7-email wpcf7-validates-as-required wpcf7-text wpcf7-validates-as-email\" aria-required=\"true\" aria-invalid=\"false\" placeholder=\"E-post *\" value=\"\" type=\"email\" name=\"email\" \/><\/span>\n\t\t<\/p>\n\t<\/div>\n\t<div class=\"form-column\">\n\t\t<p><span class=\"wpcf7-form-control-wrap\" data-name=\"asunto\"><input size=\"40\" maxlength=\"400\" class=\"wpcf7-form-control wpcf7-text wpcf7-validates-as-required\" aria-required=\"true\" aria-invalid=\"false\" placeholder=\"Af\u00e4\u00e4r *\" value=\"\" type=\"text\" name=\"asunto\" \/><\/span>\n\t\t<\/p>\n\t<\/div>\n<\/div>\n<p><span class=\"wpcf7-form-control-wrap\" data-name=\"mensaje\"><textarea cols=\"40\" rows=\"10\" maxlength=\"2000\" class=\"wpcf7-form-control wpcf7-textarea wpcf7-validates-as-required\" aria-required=\"true\" aria-invalid=\"false\" placeholder=\"S\u00f5num\" name=\"mensaje\"><\/textarea><\/span>\n<\/p>\n<p class=\"legal-priv\"><span class=\"wpcf7-form-control-wrap\" data-name=\"acceptance-787\"><span class=\"wpcf7-form-control wpcf7-acceptance\"><span class=\"wpcf7-list-item\"><label><input type=\"checkbox\" name=\"acceptance-787\" value=\"1\" aria-invalid=\"false\" \/><span class=\"wpcf7-list-item-label\">Olen lugenud ja n\u00f5ustun tingimustega <a href=\"https:\/\/rosanacl.com\/et\/politica-de-privacidad\/\">Privaatsuspoliitika<\/a><\/span><\/label><\/span><\/span><\/span>\n<\/p>\n<p><input class=\"wpcf7-form-control wpcf7-submit has-spinner\" type=\"submit\" value=\"SAADA S\u00d5NUM\" \/>\n<\/p><div class=\"wpcf7-response-output\" aria-hidden=\"true\"><\/div>\n<input type=\"hidden\" name=\"trp-form-language\" value=\"et\"\/><\/form>\n<\/div>\n<\/div><\/div>\t\t\t\t<\/div>\n\t\t\t\t<\/div>\n\t\t\t\t<\/div>\n\t\t\t\t\t<\/div>\n\t\t\t\t<\/div>\n\t\t\t\t<\/div>","protected":false},"excerpt":{"rendered":"<p>Sujetador sin tirantes Sujetador sin tirantes: la soluci\u00f3n ideal para tus looks m\u00e1s sofisticados El sujetador sin tirantes es una pieza esencial para quienes buscan lucir vestidos y tops sin preocuparse por la visibilidad de los tirantes. En Rosana CL, contamos con una amplia selecci\u00f3n de sujetadores sin tirantes de la marca Selene, reconocida por [&hellip;]<\/p>\n","protected":false},"author":1,"featured_media":0,"parent":0,"menu_order":0,"comment_status":"closed","ping_status":"closed","template":"","meta":{"content-type":"","footnotes":""},"class_list":["post-3926","page","type-page","status-publish","hentry"],"yoast_head":"<!-- This site is optimized with the Yoast SEO plugin v27.4 - https:\/\/yoast.com\/product\/yoast-seo-wordpress\/ -->\n<title>Sujetador sin tirantes - Rosana CL<\/title>\n<meta name=\"robots\" content=\"index, follow, max-snippet:-1, max-image-preview:large, max-video-preview:-1\" \/>\n<link rel=\"canonical\" href=\"https:\/\/rosanacl.com\/et\/sujetador-sin-tirantes\/\" \/>\n<meta property=\"og:locale\" content=\"et_EE\" \/>\n<meta property=\"og:type\" content=\"article\" \/>\n<meta property=\"og:title\" content=\"Sujetador sin tirantes - Rosana CL\" \/>\n<meta property=\"og:description\" content=\"Sujetador sin tirantes Sujetador sin tirantes: la soluci\u00f3n ideal para tus looks m\u00e1s sofisticados El sujetador sin tirantes es una pieza esencial para quienes buscan lucir vestidos y tops sin preocuparse por la visibilidad de los tirantes. En Rosana CL, contamos con una amplia selecci\u00f3n de sujetadores sin tirantes de la marca Selene, reconocida por [&hellip;]\" \/>\n<meta property=\"og:url\" content=\"https:\/\/rosanacl.com\/et\/sujetador-sin-tirantes\/\" \/>\n<meta property=\"og:site_name\" content=\"Rosana CL\" \/>\n<meta property=\"article:modified_time\" content=\"2025-09-29T21:40:24+00:00\" \/>\n<meta property=\"og:image\" content=\"https:\/\/rosanacl.com\/wp-content\/uploads\/2025\/08\/4-9.png\" \/>\n\t<meta property=\"og:image:width\" content=\"745\" \/>\n\t<meta property=\"og:image:height\" content=\"798\" \/>\n\t<meta property=\"og:image:type\" content=\"image\/png\" \/>\n<meta name=\"twitter:card\" content=\"summary_large_image\" \/>\n<meta name=\"twitter:label1\" content=\"Est. reading time\" \/>\n\t<meta name=\"twitter:data1\" content=\"2 minutit\" \/>\n<script type=\"application\/ld+json\" class=\"yoast-schema-graph\">{\"@context\":\"https:\\\/\\\/schema.org\",\"@graph\":[{\"@type\":\"WebPage\",\"@id\":\"https:\\\/\\\/rosanacl.com\\\/sujetador-sin-tirantes\\\/\",\"url\":\"https:\\\/\\\/rosanacl.com\\\/sujetador-sin-tirantes\\\/\",\"name\":\"Sujetador sin tirantes - Rosana CL\",\"isPartOf\":{\"@id\":\"https:\\\/\\\/rosanacl.com\\\/ca\\\/#website\"},\"primaryImageOfPage\":{\"@id\":\"https:\\\/\\\/rosanacl.com\\\/sujetador-sin-tirantes\\\/#primaryimage\"},\"image\":{\"@id\":\"https:\\\/\\\/rosanacl.com\\\/sujetador-sin-tirantes\\\/#primaryimage\"},\"thumbnailUrl\":\"https:\\\/\\\/rosanacl.com\\\/wp-content\\\/uploads\\\/2025\\\/08\\\/4-9.png\",\"datePublished\":\"2025-09-29T21:37:44+00:00\",\"dateModified\":\"2025-09-29T21:40:24+00:00\",\"breadcrumb\":{\"@id\":\"https:\\\/\\\/rosanacl.com\\\/sujetador-sin-tirantes\\\/#breadcrumb\"},\"inLanguage\":\"et\",\"potentialAction\":[{\"@type\":\"ReadAction\",\"target\":[\"https:\\\/\\\/rosanacl.com\\\/sujetador-sin-tirantes\\\/\"]}]},{\"@type\":\"ImageObject\",\"inLanguage\":\"et\",\"@id\":\"https:\\\/\\\/rosanacl.com\\\/sujetador-sin-tirantes\\\/#primaryimage\",\"url\":\"https:\\\/\\\/rosanacl.com\\\/wp-content\\\/uploads\\\/2025\\\/08\\\/4-9.png\",\"contentUrl\":\"https:\\\/\\\/rosanacl.com\\\/wp-content\\\/uploads\\\/2025\\\/08\\\/4-9.png\"},{\"@type\":\"BreadcrumbList\",\"@id\":\"https:\\\/\\\/rosanacl.com\\\/sujetador-sin-tirantes\\\/#breadcrumb\",\"itemListElement\":[{\"@type\":\"ListItem\",\"position\":1,\"name\":\"Portada\",\"item\":\"https:\\\/\\\/rosanacl.com\\\/ca\\\/\"},{\"@type\":\"ListItem\",\"position\":2,\"name\":\"Sujetador sin tirantes\"}]},{\"@type\":\"WebSite\",\"@id\":\"https:\\\/\\\/rosanacl.com\\\/ca\\\/#website\",\"url\":\"https:\\\/\\\/rosanacl.com\\\/ca\\\/\",\"name\":\"Rosana CL\",\"description\":\"Somos tu interior\",\"potentialAction\":[{\"@type\":\"SearchAction\",\"target\":{\"@type\":\"EntryPoint\",\"urlTemplate\":\"https:\\\/\\\/rosanacl.com\\\/ca\\\/?s={search_term_string}\"},\"query-input\":{\"@type\":\"PropertyValueSpecification\",\"valueRequired\":true,\"valueName\":\"search_term_string\"}}],\"inLanguage\":\"et\"}]}<\/script>\n<!-- \/ Yoast SEO plugin. -->","yoast_head_json":{"title":"Sujetador sin tirantes - Rosana CL","robots":{"index":"index","follow":"follow","max-snippet":"max-snippet:-1","max-image-preview":"max-image-preview:large","max-video-preview":"max-video-preview:-1"},"canonical":"https:\/\/rosanacl.com\/et\/sujetador-sin-tirantes\/","og_locale":"et_EE","og_type":"article","og_title":"Sujetador sin tirantes - Rosana CL","og_description":"Sujetador sin tirantes Sujetador sin tirantes: la soluci\u00f3n ideal para tus looks m\u00e1s sofisticados El sujetador sin tirantes es una pieza esencial para quienes buscan lucir vestidos y tops sin preocuparse por la visibilidad de los tirantes. En Rosana CL, contamos con una amplia selecci\u00f3n de sujetadores sin tirantes de la marca Selene, reconocida por [&hellip;]","og_url":"https:\/\/rosanacl.com\/et\/sujetador-sin-tirantes\/","og_site_name":"Rosana CL","article_modified_time":"2025-09-29T21:40:24+00:00","og_image":[{"width":745,"height":798,"url":"https:\/\/rosanacl.com\/wp-content\/uploads\/2025\/08\/4-9.png","type":"image\/png"}],"twitter_card":"summary_large_image","twitter_misc":{"Est. reading time":"2 minutit"},"schema":{"@context":"https:\/\/schema.org","@graph":[{"@type":"WebPage","@id":"https:\/\/rosanacl.com\/sujetador-sin-tirantes\/","url":"https:\/\/rosanacl.com\/sujetador-sin-tirantes\/","name":"Sujetador sin tirantes - Rosana CL","isPartOf":{"@id":"https:\/\/rosanacl.com\/ca\/#website"},"primaryImageOfPage":{"@id":"https:\/\/rosanacl.com\/sujetador-sin-tirantes\/#primaryimage"},"image":{"@id":"https:\/\/rosanacl.com\/sujetador-sin-tirantes\/#primaryimage"},"thumbnailUrl":"https:\/\/rosanacl.com\/wp-content\/uploads\/2025\/08\/4-9.png","datePublished":"2025-09-29T21:37:44+00:00","dateModified":"2025-09-29T21:40:24+00:00","breadcrumb":{"@id":"https:\/\/rosanacl.com\/sujetador-sin-tirantes\/#breadcrumb"},"inLanguage":"et","potentialAction":[{"@type":"ReadAction","target":["https:\/\/rosanacl.com\/sujetador-sin-tirantes\/"]}]},{"@type":"ImageObject","inLanguage":"et","@id":"https:\/\/rosanacl.com\/sujetador-sin-tirantes\/#primaryimage","url":"https:\/\/rosanacl.com\/wp-content\/uploads\/2025\/08\/4-9.png","contentUrl":"https:\/\/rosanacl.com\/wp-content\/uploads\/2025\/08\/4-9.png"},{"@type":"BreadcrumbList","@id":"https:\/\/rosanacl.com\/sujetador-sin-tirantes\/#breadcrumb","itemListElement":[{"@type":"ListItem","position":1,"name":"Portada","item":"https:\/\/rosanacl.com\/ca\/"},{"@type":"ListItem","position":2,"name":"Sujetador sin tirantes"}]},{"@type":"WebSite","@id":"https:\/\/rosanacl.com\/ca\/#website","url":"https:\/\/rosanacl.com\/ca\/","name":"Rosana CL","description":"Me oleme teie interj\u00f6\u00f6r","potentialAction":[{"@type":"SearchAction","target":{"@type":"EntryPoint","urlTemplate":"https:\/\/rosanacl.com\/ca\/?s={search_term_string}"},"query-input":{"@type":"PropertyValueSpecification","valueRequired":true,"valueName":"search_term_string"}}],"inLanguage":"et"}]}},"_links":{"self":[{"href":"https:\/\/rosanacl.com\/et\/wp-json\/wp\/v2\/pages\/3926","targetHints":{"allow":["GET"]}}],"collection":[{"href":"https:\/\/rosanacl.com\/et\/wp-json\/wp\/v2\/pages"}],"about":[{"href":"https:\/\/rosanacl.com\/et\/wp-json\/wp\/v2\/types\/page"}],"author":[{"embeddable":true,"href":"https:\/\/rosanacl.com\/et\/wp-json\/wp\/v2\/users\/1"}],"replies":[{"embeddable":true,"href":"https:\/\/rosanacl.com\/et\/wp-json\/wp\/v2\/comments?post=3926"}],"version-history":[{"count":0,"href":"https:\/\/rosanacl.com\/et\/wp-json\/wp\/v2\/pages\/3926\/revisions"}],"wp:attachment":[{"href":"https:\/\/rosanacl.com\/et\/wp-json\/wp\/v2\/media?parent=3926"}],"curies":[{"name":"wp","href":"https:\/\/api.w.org\/{rel}","templated":true}]}}