{"id":1368,"date":"2025-04-30T01:15:16","date_gmt":"2025-04-29T23:15:16","guid":{"rendered":"https:\/\/rosanacl.com\/?post_type=product&#038;p=1368"},"modified":"2026-01-07T19:22:38","modified_gmt":"2026-01-07T18:22:38","slug":"braga-faja-selene-901-soft","status":"publish","type":"product","link":"https:\/\/rosanacl.com\/et\/toode\/braga-faja-selene-901-soft\/","title":{"rendered":"Selene 901 pehmed vormivad alusp\u00fcksid"},"content":{"rendered":"<p>Selene 901 pehmed vormivad alusp\u00fcksid on t\u00f5eline \u00abelup\u00e4\u00e4stja\u00bb r\u00f5ivas, mis muudab koheselt teie figuuri: need siluvad, t\u00f5stavad ja defineerivad \u00f5rnalt ning mugavalt. Nende k\u00f5rge v\u00f6\u00f6koht aitab siluda k\u00f5hupiirkonda ja luua puhtama silueti, mis sobib ideaalselt igap\u00e4evaseks kandmiseks v\u00f5i siis, kui soovite v\u00e4lja n\u00e4ha parim liibuvamates r\u00f5ivastes.<\/p>\n<p>Lisaks on see disainitud diskreetseks: \u00f5mblusteta ja laserl\u00f5igatud tagak\u00fcljega saavutab see v\u00e4ga puhta viimistluse, nii et see ei paista kleitide, seelikute ega p\u00fckste alt v\u00e4lja. See on mugavus, kuju ja diskreetsus \u2013 k\u00f5ik \u00fches r\u00f5ivaesemes.<\/p>\n<p>Selene 901 pehmete vormivate alusp\u00fckste parim omadus<\/p>\n<ul>\n<li>&quot;Pehme&quot; vormiv efekt: \u00f5rn kontroll, mis stiliseerib juukseid ilma liigse pingutamiseta.<\/li>\n<li>K\u00f5rge v\u00f6\u00f6koht: voldib ja vormib \u00fchtlasema silueti saavutamiseks.<\/li>\n<li>\u00d5mblusteta: sile ja mugav tunne, ideaalne tundidepikkuseks kandmiseks.<\/li>\n<li>Laserl\u00f5igatud tagak\u00fclg: v\u00e4hem j\u00e4lgi, n\u00e4htamatum viimistlus.<\/li>\n<li>Ideaalne liibuvate r\u00f5ivaste jaoks: n\u00e4eb hea v\u00e4lja kitsaste r\u00f5ivaste all.<\/li>\n<\/ul>\n<p>\ud83d\udde3\ufe0f Nipp: 901 Soft on ideaalne vormiv aluspesu, kui soovid siledamat ja \u00fchtlasemat siluetti ilma kitsendusteta. Kanna seda eriti kleitide, seelikute v\u00f5i liibuvate p\u00fckstega: k\u00f5rge v\u00f6\u00f6koht toetab k\u00f5htu ja \u00f5mblusteta viimistlus aitab luua puhtama ilme.<\/p>\n<p>\ud83d\udccf M\u00e4rkus: Enne ostmist m\u00f5tle, kui hea juhitavus sulle meeldib: kui soovid mugavamat ja kergemat riietust tundidepikkuseks kandmiseks, vali oma tavap\u00e4rane suurus; kui oled kahe suuruse vahel ja otsid veidi kitsamat tulemust, sobib sulle tavaliselt paremini v\u00e4iksem suurus (alati ilma, et see j\u00e4taks j\u00e4lgi v\u00f5i h\u00e4iriks sind).<\/p>\n<p>Koostis: 63% pol\u00fcamiid 37% elastaan<\/p>\n<p>\ud83c\udf3a Sinu plaan B, et tunda end 10\/10 h\u00e4sti ilma kaks korda m\u00f5tlemata.<\/p>\n<div id=\"v1ms-outlook-mobile-body-separator-line\" dir=\"auto\"><\/div>","protected":false},"excerpt":{"rendered":"<p>La Braga faja Selene 901 soft es la t\u00edpica prenda \u00absalvavidas\u00bb que te pones y de repente todo queda m\u00e1s bonito: alisa, recoge y define con un efecto control suave que no agobia. Su dise\u00f1o de cintura alta ayuda a asentar la zona del abdomen y a dejar una silueta m\u00e1s limpia, perfecta para el [&hellip;]<\/p>\n","protected":false},"featured_media":1405,"comment_status":"open","ping_status":"closed","template":"","meta":{"content-type":""},"product_brand":[55],"product_cat":[19,31],"product_tag":[69,68,70],"class_list":{"0":"post-1368","1":"product","2":"type-product","3":"status-publish","4":"has-post-thumbnail","6":"product_brand-selene","7":"product_cat-braga","8":"product_cat-faja","9":"product_tag-braga","10":"product_tag-braga-faja","11":"product_tag-faja","13":"first","14":"instock","15":"taxable","16":"shipping-taxable","17":"purchasable","18":"product-type-variable"},"supplier_id":null,"supplier_sku":"","barcode":null,"atum_controlled":true,"out_stock_date":null,"out_stock_threshold":null,"inheritable":true,"inbound_stock":0,"stock_on_hold":0,"sold_today":0,"sales_last_days":0,"reserved_stock":0,"customer_returns":0,"warehouse_damage":0,"lost_in_post":0,"other_logs":0,"out_stock_days":0,"lost_sales":0,"has_location":false,"update_date":"2026-01-07T18:22:39","atum_locations":[],"atum_stock_status":"instock","restock_status":false,"low_stock_amount":"","sales_update_date":"2025-10-03T04:56:27","calc_backorders":null,"yoast_head":"<!-- This site is optimized with the Yoast SEO plugin v27.4 - https:\/\/yoast.com\/product\/yoast-seo-wordpress\/ -->\n<title>Braga faja Selene 901 soft - Rosana CL<\/title>\n<meta name=\"robots\" content=\"index, follow, max-snippet:-1, max-image-preview:large, max-video-preview:-1\" \/>\n<link rel=\"canonical\" href=\"https:\/\/rosanacl.com\/et\/toode\/braga-faja-selene-901-soft\/\" \/>\n<meta property=\"og:locale\" content=\"et_EE\" \/>\n<meta property=\"og:type\" content=\"article\" \/>\n<meta property=\"og:title\" content=\"Braga faja Selene 901 soft - Rosana CL\" \/>\n<meta property=\"og:description\" content=\"La Braga faja Selene 901 soft es la t\u00edpica prenda \u00absalvavidas\u00bb que te pones y de repente todo queda m\u00e1s bonito: alisa, recoge y define con un efecto control suave que no agobia. Su dise\u00f1o de cintura alta ayuda a asentar la zona del abdomen y a dejar una silueta m\u00e1s limpia, perfecta para el [&hellip;]\" \/>\n<meta property=\"og:url\" content=\"https:\/\/rosanacl.com\/et\/toode\/braga-faja-selene-901-soft\/\" \/>\n<meta property=\"og:site_name\" content=\"Rosana CL\" \/>\n<meta property=\"article:modified_time\" content=\"2026-01-07T18:22:38+00:00\" \/>\n<meta property=\"og:image\" content=\"https:\/\/rosanacl.com\/wp-content\/uploads\/2025\/04\/Braga-faja-Selene-modelo-901-soft_00001.webp\" \/>\n\t<meta property=\"og:image:width\" content=\"1000\" \/>\n\t<meta property=\"og:image:height\" content=\"1000\" \/>\n\t<meta property=\"og:image:type\" content=\"image\/webp\" \/>\n<meta name=\"twitter:card\" content=\"summary_large_image\" \/>\n<meta name=\"twitter:label1\" content=\"Est. reading time\" \/>\n\t<meta name=\"twitter:data1\" content=\"2 minutit\" \/>\n<script type=\"application\/ld+json\" class=\"yoast-schema-graph\">{\"@context\":\"https:\\\/\\\/schema.org\",\"@graph\":[{\"@type\":\"WebPage\",\"@id\":\"https:\\\/\\\/rosanacl.com\\\/producto\\\/braga-faja-selene-901-soft\\\/\",\"url\":\"https:\\\/\\\/rosanacl.com\\\/producto\\\/braga-faja-selene-901-soft\\\/\",\"name\":\"Braga faja Selene 901 soft - Rosana CL\",\"isPartOf\":{\"@id\":\"https:\\\/\\\/rosanacl.com\\\/ca\\\/#website\"},\"primaryImageOfPage\":{\"@id\":\"https:\\\/\\\/rosanacl.com\\\/producto\\\/braga-faja-selene-901-soft\\\/#primaryimage\"},\"image\":{\"@id\":\"https:\\\/\\\/rosanacl.com\\\/producto\\\/braga-faja-selene-901-soft\\\/#primaryimage\"},\"thumbnailUrl\":\"https:\\\/\\\/rosanacl.com\\\/wp-content\\\/uploads\\\/2025\\\/04\\\/Braga-faja-Selene-modelo-901-soft_00001.webp\",\"datePublished\":\"2025-04-29T23:15:16+00:00\",\"dateModified\":\"2026-01-07T18:22:38+00:00\",\"breadcrumb\":{\"@id\":\"https:\\\/\\\/rosanacl.com\\\/producto\\\/braga-faja-selene-901-soft\\\/#breadcrumb\"},\"inLanguage\":\"et\",\"potentialAction\":[{\"@type\":\"ReadAction\",\"target\":[\"https:\\\/\\\/rosanacl.com\\\/producto\\\/braga-faja-selene-901-soft\\\/\"]}]},{\"@type\":\"ImageObject\",\"inLanguage\":\"et\",\"@id\":\"https:\\\/\\\/rosanacl.com\\\/producto\\\/braga-faja-selene-901-soft\\\/#primaryimage\",\"url\":\"https:\\\/\\\/rosanacl.com\\\/wp-content\\\/uploads\\\/2025\\\/04\\\/Braga-faja-Selene-modelo-901-soft_00001.webp\",\"contentUrl\":\"https:\\\/\\\/rosanacl.com\\\/wp-content\\\/uploads\\\/2025\\\/04\\\/Braga-faja-Selene-modelo-901-soft_00001.webp\",\"width\":1000,\"height\":1000},{\"@type\":\"BreadcrumbList\",\"@id\":\"https:\\\/\\\/rosanacl.com\\\/producto\\\/braga-faja-selene-901-soft\\\/#breadcrumb\",\"itemListElement\":[{\"@type\":\"ListItem\",\"position\":1,\"name\":\"Portada\",\"item\":\"https:\\\/\\\/rosanacl.com\\\/ca\\\/\"},{\"@type\":\"ListItem\",\"position\":2,\"name\":\"Tienda\",\"item\":\"https:\\\/\\\/rosanacl.com\\\/ca\\\/tienda\\\/\"},{\"@type\":\"ListItem\",\"position\":3,\"name\":\"Braga faja Selene 901 soft\"}]},{\"@type\":\"WebSite\",\"@id\":\"https:\\\/\\\/rosanacl.com\\\/ca\\\/#website\",\"url\":\"https:\\\/\\\/rosanacl.com\\\/ca\\\/\",\"name\":\"Rosana CL\",\"description\":\"Somos tu interior\",\"potentialAction\":[{\"@type\":\"SearchAction\",\"target\":{\"@type\":\"EntryPoint\",\"urlTemplate\":\"https:\\\/\\\/rosanacl.com\\\/ca\\\/?s={search_term_string}\"},\"query-input\":{\"@type\":\"PropertyValueSpecification\",\"valueRequired\":true,\"valueName\":\"search_term_string\"}}],\"inLanguage\":\"et\"}]}<\/script>\n<!-- \/ Yoast SEO plugin. -->","yoast_head_json":{"title":"Braga faja Selene 901 soft - Rosana CL","robots":{"index":"index","follow":"follow","max-snippet":"max-snippet:-1","max-image-preview":"max-image-preview:large","max-video-preview":"max-video-preview:-1"},"canonical":"https:\/\/rosanacl.com\/et\/toode\/braga-faja-selene-901-soft\/","og_locale":"et_EE","og_type":"article","og_title":"Braga faja Selene 901 soft - Rosana CL","og_description":"La Braga faja Selene 901 soft es la t\u00edpica prenda \u00absalvavidas\u00bb que te pones y de repente todo queda m\u00e1s bonito: alisa, recoge y define con un efecto control suave que no agobia. Su dise\u00f1o de cintura alta ayuda a asentar la zona del abdomen y a dejar una silueta m\u00e1s limpia, perfecta para el [&hellip;]","og_url":"https:\/\/rosanacl.com\/et\/toode\/braga-faja-selene-901-soft\/","og_site_name":"Rosana CL","article_modified_time":"2026-01-07T18:22:38+00:00","og_image":[{"width":1000,"height":1000,"url":"https:\/\/rosanacl.com\/wp-content\/uploads\/2025\/04\/Braga-faja-Selene-modelo-901-soft_00001.webp","type":"image\/webp"}],"twitter_card":"summary_large_image","twitter_misc":{"Est. reading time":"2 minutit"},"schema":{"@context":"https:\/\/schema.org","@graph":[{"@type":"WebPage","@id":"https:\/\/rosanacl.com\/producto\/braga-faja-selene-901-soft\/","url":"https:\/\/rosanacl.com\/producto\/braga-faja-selene-901-soft\/","name":"Braga faja Selene 901 soft - Rosana CL","isPartOf":{"@id":"https:\/\/rosanacl.com\/ca\/#website"},"primaryImageOfPage":{"@id":"https:\/\/rosanacl.com\/producto\/braga-faja-selene-901-soft\/#primaryimage"},"image":{"@id":"https:\/\/rosanacl.com\/producto\/braga-faja-selene-901-soft\/#primaryimage"},"thumbnailUrl":"https:\/\/rosanacl.com\/wp-content\/uploads\/2025\/04\/Braga-faja-Selene-modelo-901-soft_00001.webp","datePublished":"2025-04-29T23:15:16+00:00","dateModified":"2026-01-07T18:22:38+00:00","breadcrumb":{"@id":"https:\/\/rosanacl.com\/producto\/braga-faja-selene-901-soft\/#breadcrumb"},"inLanguage":"et","potentialAction":[{"@type":"ReadAction","target":["https:\/\/rosanacl.com\/producto\/braga-faja-selene-901-soft\/"]}]},{"@type":"ImageObject","inLanguage":"et","@id":"https:\/\/rosanacl.com\/producto\/braga-faja-selene-901-soft\/#primaryimage","url":"https:\/\/rosanacl.com\/wp-content\/uploads\/2025\/04\/Braga-faja-Selene-modelo-901-soft_00001.webp","contentUrl":"https:\/\/rosanacl.com\/wp-content\/uploads\/2025\/04\/Braga-faja-Selene-modelo-901-soft_00001.webp","width":1000,"height":1000},{"@type":"BreadcrumbList","@id":"https:\/\/rosanacl.com\/producto\/braga-faja-selene-901-soft\/#breadcrumb","itemListElement":[{"@type":"ListItem","position":1,"name":"Portada","item":"https:\/\/rosanacl.com\/ca\/"},{"@type":"ListItem","position":2,"name":"Tienda","item":"https:\/\/rosanacl.com\/ca\/tienda\/"},{"@type":"ListItem","position":3,"name":"Braga faja Selene 901 soft"}]},{"@type":"WebSite","@id":"https:\/\/rosanacl.com\/ca\/#website","url":"https:\/\/rosanacl.com\/ca\/","name":"Rosana CL","description":"Me oleme teie interj\u00f6\u00f6r","potentialAction":[{"@type":"SearchAction","target":{"@type":"EntryPoint","urlTemplate":"https:\/\/rosanacl.com\/ca\/?s={search_term_string}"},"query-input":{"@type":"PropertyValueSpecification","valueRequired":true,"valueName":"search_term_string"}}],"inLanguage":"et"}]}},"_links":{"self":[{"href":"https:\/\/rosanacl.com\/et\/wp-json\/wp\/v2\/product\/1368","targetHints":{"allow":["GET"]}}],"collection":[{"href":"https:\/\/rosanacl.com\/et\/wp-json\/wp\/v2\/product"}],"about":[{"href":"https:\/\/rosanacl.com\/et\/wp-json\/wp\/v2\/types\/product"}],"replies":[{"embeddable":true,"href":"https:\/\/rosanacl.com\/et\/wp-json\/wp\/v2\/comments?post=1368"}],"version-history":[{"count":5,"href":"https:\/\/rosanacl.com\/et\/wp-json\/wp\/v2\/product\/1368\/revisions"}],"predecessor-version":[{"id":4603,"href":"https:\/\/rosanacl.com\/et\/wp-json\/wp\/v2\/product\/1368\/revisions\/4603"}],"wp:featuredmedia":[{"embeddable":true,"href":"https:\/\/rosanacl.com\/et\/wp-json\/wp\/v2\/media\/1405"}],"wp:attachment":[{"href":"https:\/\/rosanacl.com\/et\/wp-json\/wp\/v2\/media?parent=1368"}],"wp:term":[{"taxonomy":"product_brand","embeddable":true,"href":"https:\/\/rosanacl.com\/et\/wp-json\/wp\/v2\/product_brand?post=1368"},{"taxonomy":"product_cat","embeddable":true,"href":"https:\/\/rosanacl.com\/et\/wp-json\/wp\/v2\/product_cat?post=1368"},{"taxonomy":"product_tag","embeddable":true,"href":"https:\/\/rosanacl.com\/et\/wp-json\/wp\/v2\/product_tag?post=1368"}],"curies":[{"name":"wp","href":"https:\/\/api.w.org\/{rel}","templated":true}]}}