{"id":3186,"date":"2025-08-14T13:22:07","date_gmt":"2025-08-14T11:22:07","guid":{"rendered":"https:\/\/rosanacl.com\/?post_type=product&#038;p=3186"},"modified":"2026-01-07T18:43:36","modified_gmt":"2026-01-07T17:43:36","slug":"sujetador-modelo-roxana","status":"publish","type":"product","link":"https:\/\/rosanacl.com\/et\/toode\/sujetador-modelo-roxana\/","title":{"rendered":"Selene Roxana rinnahoidja"},"content":{"rendered":"<p>Selene Roxana rinnahoidja on selline r\u00f5ivaese, mille selgapanemisel on selge, et see on t\u00f5eliselt meelitav: sellel on kaunis ja kindel tugi traadiga, kuid polsterdamata osa, seega on tulemus loomulik, elegantne ja v\u00e4ga naiselik. Kaelus on \u00f5rn ja peen, ideaalne nii igap\u00e4evaseks kandmiseks kui ka siis, kui soovid v\u00e4lja n\u00e4ha piesmetum, ilma et see oleks liiast.<\/p>\n<p>T\u00fcllist pealiskiht tagaosas lisab rinnahoidjale erilise n\u00fcansi: see loob visuaalselt kerge tunde, varjates samal ajal \u00f5rnalt k\u00fclgedel olevaid v\u00e4iksemaid ebat\u00e4iusi, mille tulemuseks on viimistletum ja mugavam v\u00e4limus. Kokkuv\u00f5ttes on Roxana \u00fcks neist rinnahoidjatest, mis n\u00e4eb v\u00e4lja lihtne... aga tundub esmakordsel kandmisel luksuslik.<\/p>\n<p>Peamised detailid<\/p>\n<ul>\n<li>Traadiga ja polsterdamata: loomulik tugi, kaunis kuju ja elegantne dekoltee.<\/li>\n<li>Tul superpuesto en la espalda: toque sofisticado y efecto visual m\u00e1s limpio en el costado.<\/li\n\n\n<li>Mugav ja peen disain: ideaalne igap\u00e4evaseks kandmiseks, kuid &quot;erilise&quot; viimistlusega.<\/li>\n<li>Koos kandmiseks: see sobib ideaalselt Braga Selene Roxana ja Braga Selene Katia toodetega.<\/li>\n<\/ul>\n<p>\ud83d\udde3\ufe0f Nipp: Roxana on see &quot;diskreetne premium&quot;: polsterdamata traadialused osad loomuliku kuju ja peene dekoltee jaoks ning seljal t\u00fcll, mis tundub kerge ja muudab kogu eseme viimistletumaks (mugavus + elegantne v\u00e4limus ilma liialduseta).<\/p>\n<p>\ud83d\udccf M\u00e4rkus: Et esimesest tellimusest alates k\u00f5ik \u00f5igesti teha, seadke prioriteediks kummipaela suurus: see peaks tihedalt istuma viimasel\/eelviimasel konksul, ilma et see k\u00e4te t\u00f5stmisel \u00fcles libiseks. Kui olete kahe kummipaela suuruse vahel, valige see, mis istub mugavalt, aga ei tundu liiga pingul (ilma k\u00f5vade j\u00e4lgedeta), sest polsterdamata mudeli puhul on ideaalne sobivus selline, mis tundub kogu p\u00e4eva stabiilne ja &quot;puhas&quot;.<\/p>\n<p>Koostis: 49% pol\u00fcester + 36% pol\u00fcamiid + 15% elastaan<\/p>\n<p>\ud83d\udc57 Kaelus, mis muudab su p\u00e4eva... ja \u00f6\u00f6 eriliseks.<\/p>\n<div id=\"v1ms-outlook-mobile-body-separator-line\" dir=\"auto\"><\/div>","protected":false},"excerpt":{"rendered":"<div style=\"position: relative; padding-bottom: 56.25%; height: 0; overflow: hidden; max-width: 100%;\"><iframe style=\"position: absolute; top: 0; left: 0; width: 100%; height: 100%;\" src=\"https:\/\/www.youtube.com\/embed\/XfAvWw4IVj8?autoplay=1&amp;mute=1&amp;playsinline=1&amp;rel=0&amp;controls=1&amp;loop=1&amp;playlist=XfAvWw4IVj8\" frameborder=\"0\" allowfullscreen=\"allowfullscreen\"><br \/>\n<\/iframe><\/div>","protected":false},"featured_media":3243,"comment_status":"open","ping_status":"closed","template":"","meta":{"content-type":""},"product_brand":[55],"product_cat":[26,20],"product_tag":[56,62],"class_list":{"0":"post-3186","1":"product","2":"type-product","3":"status-publish","4":"has-post-thumbnail","6":"product_brand-selene","7":"product_cat-con-aros-y-relleno","8":"product_cat-sujetador","9":"product_tag-sujetador","10":"product_tag-sujetador-con-aros-y-rellenos","12":"first","13":"instock","14":"taxable","15":"shipping-taxable","16":"purchasable","17":"product-type-variable"},"supplier_id":null,"supplier_sku":"","barcode":null,"atum_controlled":true,"out_stock_date":null,"out_stock_threshold":null,"inheritable":true,"inbound_stock":0,"stock_on_hold":0,"sold_today":0,"sales_last_days":0,"reserved_stock":0,"customer_returns":0,"warehouse_damage":0,"lost_in_post":0,"other_logs":0,"out_stock_days":0,"lost_sales":0,"has_location":false,"update_date":"2026-01-07T17:43:37","atum_locations":[],"atum_stock_status":"instock","restock_status":false,"low_stock_amount":"","sales_update_date":"2025-10-03T04:55:36","calc_backorders":null,"yoast_head":"<!-- This site is optimized with the Yoast SEO plugin v27.4 - https:\/\/yoast.com\/product\/yoast-seo-wordpress\/ -->\n<title>Sujetador Selene Roxana - Rosana CL<\/title>\n<meta name=\"robots\" content=\"index, follow, max-snippet:-1, max-image-preview:large, max-video-preview:-1\" \/>\n<link rel=\"canonical\" href=\"https:\/\/rosanacl.com\/et\/toode\/sujetador-modelo-roxana\/\" \/>\n<meta property=\"og:locale\" content=\"et_EE\" \/>\n<meta property=\"og:type\" content=\"article\" \/>\n<meta property=\"og:title\" content=\"Sujetador Selene Roxana - Rosana CL\" \/>\n<meta property=\"og:url\" content=\"https:\/\/rosanacl.com\/et\/toode\/sujetador-modelo-roxana\/\" \/>\n<meta property=\"og:site_name\" content=\"Rosana CL\" \/>\n<meta property=\"article:modified_time\" content=\"2026-01-07T17:43:36+00:00\" \/>\n<meta property=\"og:image\" content=\"https:\/\/rosanacl.com\/wp-content\/uploads\/2025\/08\/1-1024x1024.png\" \/>\n\t<meta property=\"og:image:width\" content=\"1024\" \/>\n\t<meta property=\"og:image:height\" content=\"1024\" \/>\n\t<meta property=\"og:image:type\" content=\"image\/png\" \/>\n<meta name=\"twitter:card\" content=\"summary_large_image\" \/>\n<meta name=\"twitter:label1\" content=\"Est. reading time\" \/>\n\t<meta name=\"twitter:data1\" content=\"2 minutit\" \/>\n<script type=\"application\/ld+json\" class=\"yoast-schema-graph\">{\"@context\":\"https:\\\/\\\/schema.org\",\"@graph\":[{\"@type\":\"WebPage\",\"@id\":\"https:\\\/\\\/rosanacl.com\\\/producto\\\/sujetador-modelo-roxana\\\/\",\"url\":\"https:\\\/\\\/rosanacl.com\\\/producto\\\/sujetador-modelo-roxana\\\/\",\"name\":\"Sujetador Selene Roxana - Rosana CL\",\"isPartOf\":{\"@id\":\"https:\\\/\\\/rosanacl.com\\\/ca\\\/#website\"},\"primaryImageOfPage\":{\"@id\":\"https:\\\/\\\/rosanacl.com\\\/producto\\\/sujetador-modelo-roxana\\\/#primaryimage\"},\"image\":{\"@id\":\"https:\\\/\\\/rosanacl.com\\\/producto\\\/sujetador-modelo-roxana\\\/#primaryimage\"},\"thumbnailUrl\":\"https:\\\/\\\/rosanacl.com\\\/wp-content\\\/uploads\\\/2025\\\/08\\\/1.png\",\"datePublished\":\"2025-08-14T11:22:07+00:00\",\"dateModified\":\"2026-01-07T17:43:36+00:00\",\"breadcrumb\":{\"@id\":\"https:\\\/\\\/rosanacl.com\\\/producto\\\/sujetador-modelo-roxana\\\/#breadcrumb\"},\"inLanguage\":\"et\",\"potentialAction\":[{\"@type\":\"ReadAction\",\"target\":[\"https:\\\/\\\/rosanacl.com\\\/producto\\\/sujetador-modelo-roxana\\\/\"]}]},{\"@type\":\"ImageObject\",\"inLanguage\":\"et\",\"@id\":\"https:\\\/\\\/rosanacl.com\\\/producto\\\/sujetador-modelo-roxana\\\/#primaryimage\",\"url\":\"https:\\\/\\\/rosanacl.com\\\/wp-content\\\/uploads\\\/2025\\\/08\\\/1.png\",\"contentUrl\":\"https:\\\/\\\/rosanacl.com\\\/wp-content\\\/uploads\\\/2025\\\/08\\\/1.png\",\"width\":1333,\"height\":1333},{\"@type\":\"BreadcrumbList\",\"@id\":\"https:\\\/\\\/rosanacl.com\\\/producto\\\/sujetador-modelo-roxana\\\/#breadcrumb\",\"itemListElement\":[{\"@type\":\"ListItem\",\"position\":1,\"name\":\"Portada\",\"item\":\"https:\\\/\\\/rosanacl.com\\\/ca\\\/\"},{\"@type\":\"ListItem\",\"position\":2,\"name\":\"Tienda\",\"item\":\"https:\\\/\\\/rosanacl.com\\\/ca\\\/tienda\\\/\"},{\"@type\":\"ListItem\",\"position\":3,\"name\":\"Sujetador Selene Roxana\"}]},{\"@type\":\"WebSite\",\"@id\":\"https:\\\/\\\/rosanacl.com\\\/ca\\\/#website\",\"url\":\"https:\\\/\\\/rosanacl.com\\\/ca\\\/\",\"name\":\"Rosana CL\",\"description\":\"Somos tu interior\",\"potentialAction\":[{\"@type\":\"SearchAction\",\"target\":{\"@type\":\"EntryPoint\",\"urlTemplate\":\"https:\\\/\\\/rosanacl.com\\\/ca\\\/?s={search_term_string}\"},\"query-input\":{\"@type\":\"PropertyValueSpecification\",\"valueRequired\":true,\"valueName\":\"search_term_string\"}}],\"inLanguage\":\"et\"}]}<\/script>\n<!-- \/ Yoast SEO plugin. -->","yoast_head_json":{"title":"Sujetador Selene Roxana - Rosana CL","robots":{"index":"index","follow":"follow","max-snippet":"max-snippet:-1","max-image-preview":"max-image-preview:large","max-video-preview":"max-video-preview:-1"},"canonical":"https:\/\/rosanacl.com\/et\/toode\/sujetador-modelo-roxana\/","og_locale":"et_EE","og_type":"article","og_title":"Sujetador Selene Roxana - Rosana CL","og_url":"https:\/\/rosanacl.com\/et\/toode\/sujetador-modelo-roxana\/","og_site_name":"Rosana CL","article_modified_time":"2026-01-07T17:43:36+00:00","og_image":[{"width":1024,"height":1024,"url":"https:\/\/rosanacl.com\/wp-content\/uploads\/2025\/08\/1-1024x1024.png","type":"image\/png"}],"twitter_card":"summary_large_image","twitter_misc":{"Est. reading time":"2 minutit"},"schema":{"@context":"https:\/\/schema.org","@graph":[{"@type":"WebPage","@id":"https:\/\/rosanacl.com\/producto\/sujetador-modelo-roxana\/","url":"https:\/\/rosanacl.com\/producto\/sujetador-modelo-roxana\/","name":"Sujetador Selene Roxana - Rosana CL","isPartOf":{"@id":"https:\/\/rosanacl.com\/ca\/#website"},"primaryImageOfPage":{"@id":"https:\/\/rosanacl.com\/producto\/sujetador-modelo-roxana\/#primaryimage"},"image":{"@id":"https:\/\/rosanacl.com\/producto\/sujetador-modelo-roxana\/#primaryimage"},"thumbnailUrl":"https:\/\/rosanacl.com\/wp-content\/uploads\/2025\/08\/1.png","datePublished":"2025-08-14T11:22:07+00:00","dateModified":"2026-01-07T17:43:36+00:00","breadcrumb":{"@id":"https:\/\/rosanacl.com\/producto\/sujetador-modelo-roxana\/#breadcrumb"},"inLanguage":"et","potentialAction":[{"@type":"ReadAction","target":["https:\/\/rosanacl.com\/producto\/sujetador-modelo-roxana\/"]}]},{"@type":"ImageObject","inLanguage":"et","@id":"https:\/\/rosanacl.com\/producto\/sujetador-modelo-roxana\/#primaryimage","url":"https:\/\/rosanacl.com\/wp-content\/uploads\/2025\/08\/1.png","contentUrl":"https:\/\/rosanacl.com\/wp-content\/uploads\/2025\/08\/1.png","width":1333,"height":1333},{"@type":"BreadcrumbList","@id":"https:\/\/rosanacl.com\/producto\/sujetador-modelo-roxana\/#breadcrumb","itemListElement":[{"@type":"ListItem","position":1,"name":"Portada","item":"https:\/\/rosanacl.com\/ca\/"},{"@type":"ListItem","position":2,"name":"Tienda","item":"https:\/\/rosanacl.com\/ca\/tienda\/"},{"@type":"ListItem","position":3,"name":"Sujetador Selene Roxana"}]},{"@type":"WebSite","@id":"https:\/\/rosanacl.com\/ca\/#website","url":"https:\/\/rosanacl.com\/ca\/","name":"Rosana CL","description":"Me oleme teie interj\u00f6\u00f6r","potentialAction":[{"@type":"SearchAction","target":{"@type":"EntryPoint","urlTemplate":"https:\/\/rosanacl.com\/ca\/?s={search_term_string}"},"query-input":{"@type":"PropertyValueSpecification","valueRequired":true,"valueName":"search_term_string"}}],"inLanguage":"et"}]}},"_links":{"self":[{"href":"https:\/\/rosanacl.com\/et\/wp-json\/wp\/v2\/product\/3186","targetHints":{"allow":["GET"]}}],"collection":[{"href":"https:\/\/rosanacl.com\/et\/wp-json\/wp\/v2\/product"}],"about":[{"href":"https:\/\/rosanacl.com\/et\/wp-json\/wp\/v2\/types\/product"}],"replies":[{"embeddable":true,"href":"https:\/\/rosanacl.com\/et\/wp-json\/wp\/v2\/comments?post=3186"}],"version-history":[{"count":5,"href":"https:\/\/rosanacl.com\/et\/wp-json\/wp\/v2\/product\/3186\/revisions"}],"predecessor-version":[{"id":4596,"href":"https:\/\/rosanacl.com\/et\/wp-json\/wp\/v2\/product\/3186\/revisions\/4596"}],"wp:featuredmedia":[{"embeddable":true,"href":"https:\/\/rosanacl.com\/et\/wp-json\/wp\/v2\/media\/3243"}],"wp:attachment":[{"href":"https:\/\/rosanacl.com\/et\/wp-json\/wp\/v2\/media?parent=3186"}],"wp:term":[{"taxonomy":"product_brand","embeddable":true,"href":"https:\/\/rosanacl.com\/et\/wp-json\/wp\/v2\/product_brand?post=3186"},{"taxonomy":"product_cat","embeddable":true,"href":"https:\/\/rosanacl.com\/et\/wp-json\/wp\/v2\/product_cat?post=3186"},{"taxonomy":"product_tag","embeddable":true,"href":"https:\/\/rosanacl.com\/et\/wp-json\/wp\/v2\/product_tag?post=3186"}],"curies":[{"name":"wp","href":"https:\/\/api.w.org\/{rel}","templated":true}]}}