{"id":3307,"date":"2025-08-19T08:32:04","date_gmt":"2025-08-19T06:32:04","guid":{"rendered":"https:\/\/rosanacl.com\/?post_type=product&#038;p=3307"},"modified":"2026-01-07T18:35:26","modified_gmt":"2026-01-07T17:35:26","slug":"sujetador-modelo-cris","status":"publish","type":"product","link":"https:\/\/rosanacl.com\/et\/toode\/sujetador-modelo-cris\/","title":{"rendered":"Selene Cris Bra"},"content":{"rendered":"<p>Selene Cris rinnahoidja on elegantne mikrokiust baasrinnahoidja traadialuse ja polsterdatud korvidega, mis on loodud r\u00f5hutama rinda kauni ja \u00fcmara kujuga. Selle satiinist detailid dekolteel ja \u00f5rnad \u00e4\u00e4rised korvidel annavad sellele peene viimistluse, mis on m\u00e4rgatav kohe selgapanemise hetkel: mugav, pehme ja esmaklassilisema tundega kui tavaline baasrinnahoidja.<\/p>\n<p>Lisaks meelitavale v\u00e4limusele on Cris loodud igap\u00e4evaseks kandmiseks: see istub h\u00e4sti, tsentreerib rinda ja pakub stabiilset tuge ilma j\u00e4ikust tundmata. See on ideaalne valik, kui sulle meeldib ka lihtsates riietes ilus v\u00e4lja n\u00e4ha, sest see \u00fchendab puhta esteetika ja rafineeritud viimistluse, mis n\u00e4eb T-s\u00e4rkide ja liibuvamate r\u00f5ivaste all imeilus v\u00e4lja.<\/p>\n<p>Peamised detailid<\/p>\n<ul>\n<li>Traadiga ja polsterdatud korviga: r\u00f5hutab ja \u00fcmardab loomulikult rinda.<\/li>\n<li>Satiinist detail dekolteel: elegantne ja naiselik viimistlus.<\/li>\n<li>Pehme mikrokiud: meeldiv puudutusele ja mugav istuvus.<\/li>\n<li>Meelitav efekt: visuaalselt saledab ja aitab rinda tsentreerida.<\/li>\n<\/ul>\n<p>\ud83d\udde3\ufe0f Nipp: Cris on \u00fcks neist rinnahoidjatest, mis tundub &quot;poleeritud&quot;: mikrokiud on pehme ja kaeluse satiin annab sellele peene puudutuse, samas kui korv j\u00e4tab rinna \u00fcmaraks ja tsentreerituks, nii et see n\u00e4eb T-s\u00e4rkide all v\u00e4ga kena v\u00e4lja.<\/p>\n<p>\ud83d\udccf M\u00e4rkus: Esimesest tellimusest alates \u00f5igesti valimiseks pea meeles, et sellel on polsterdatud korv: kui k\u00f5hkled kahe variandi vahel v\u00f5i eelistad loomulikumat efekti, vali mugavam korv; ja v\u00f6\u00f6koha puhul otsi sellist, mis on j\u00e4ik, kuid mitte liiga pingul (mis liikumisel \u00fcles ei t\u00f5mbu), sest see on see koht, kus on t\u00f5eline tugi.<\/p>\n<p>Koostis: Elastne mikrokiud: u. 80% pol\u00fcamiid, 12% elastaan, 8% pol\u00fcester.<\/p>\n<p>\ud83e\udebd Tugi, kuju ja peen viimistlus: just nii Selene end tunneb.<\/p>\n<div id=\"v1ms-outlook-mobile-body-separator-line\" dir=\"auto\"><\/div>","protected":false},"excerpt":{"rendered":"<p>Sujetador Selene Cris es un b\u00e1sico elegante de microfibra con aro y copa con relleno, pensado para realzar el pecho con una forma redondeada y bonita. Su detalle de raso en el escote y el borde delicado en las copas le dan ese acabado fino que se nota al pon\u00e9rtelo: c\u00f3modo, suave y con un [&hellip;]<\/p>\n","protected":false},"featured_media":3323,"comment_status":"closed","ping_status":"closed","template":"","meta":{"content-type":""},"product_brand":[55],"product_cat":[26,20],"product_tag":[56,62],"class_list":{"0":"post-3307","1":"product","2":"type-product","3":"status-publish","4":"has-post-thumbnail","6":"product_brand-selene","7":"product_cat-con-aros-y-relleno","8":"product_cat-sujetador","9":"product_tag-sujetador","10":"product_tag-sujetador-con-aros-y-rellenos","12":"first","13":"instock","14":"taxable","15":"shipping-taxable","16":"purchasable","17":"product-type-variable"},"supplier_id":null,"supplier_sku":"","barcode":null,"atum_controlled":true,"out_stock_date":null,"out_stock_threshold":null,"inheritable":true,"inbound_stock":0,"stock_on_hold":0,"sold_today":0,"sales_last_days":0,"reserved_stock":0,"customer_returns":0,"warehouse_damage":0,"lost_in_post":0,"other_logs":0,"out_stock_days":null,"lost_sales":0,"has_location":false,"update_date":"2026-02-18T15:16:29","atum_locations":[],"atum_stock_status":"instock","restock_status":false,"low_stock_amount":"","sales_update_date":"2025-10-03T04:55:35","calc_backorders":null,"yoast_head":"<!-- This site is optimized with the Yoast SEO plugin v27.4 - https:\/\/yoast.com\/product\/yoast-seo-wordpress\/ -->\n<title>Sujetador Selene Cris - Rosana CL<\/title>\n<meta name=\"robots\" content=\"index, follow, max-snippet:-1, max-image-preview:large, max-video-preview:-1\" \/>\n<link rel=\"canonical\" href=\"https:\/\/rosanacl.com\/et\/toode\/sujetador-modelo-cris\/\" \/>\n<meta property=\"og:locale\" content=\"et_EE\" \/>\n<meta property=\"og:type\" content=\"article\" \/>\n<meta property=\"og:title\" content=\"Sujetador Selene Cris - Rosana CL\" \/>\n<meta property=\"og:description\" content=\"Sujetador Selene Cris es un b\u00e1sico elegante de microfibra con aro y copa con relleno, pensado para realzar el pecho con una forma redondeada y bonita. Su detalle de raso en el escote y el borde delicado en las copas le dan ese acabado fino que se nota al pon\u00e9rtelo: c\u00f3modo, suave y con un [&hellip;]\" \/>\n<meta property=\"og:url\" content=\"https:\/\/rosanacl.com\/et\/toode\/sujetador-modelo-cris\/\" \/>\n<meta property=\"og:site_name\" content=\"Rosana CL\" \/>\n<meta property=\"article:modified_time\" content=\"2026-01-07T17:35:26+00:00\" \/>\n<meta property=\"og:image\" content=\"https:\/\/rosanacl.com\/wp-content\/uploads\/2025\/08\/1-1.png\" \/>\n\t<meta property=\"og:image:width\" content=\"616\" \/>\n\t<meta property=\"og:image:height\" content=\"813\" \/>\n\t<meta property=\"og:image:type\" content=\"image\/png\" \/>\n<meta name=\"twitter:card\" content=\"summary_large_image\" \/>\n<meta name=\"twitter:label1\" content=\"Est. reading time\" \/>\n\t<meta name=\"twitter:data1\" content=\"2 minutit\" \/>\n<script type=\"application\/ld+json\" class=\"yoast-schema-graph\">{\"@context\":\"https:\\\/\\\/schema.org\",\"@graph\":[{\"@type\":\"WebPage\",\"@id\":\"https:\\\/\\\/rosanacl.com\\\/producto\\\/sujetador-modelo-cris\\\/\",\"url\":\"https:\\\/\\\/rosanacl.com\\\/producto\\\/sujetador-modelo-cris\\\/\",\"name\":\"Sujetador Selene Cris - Rosana CL\",\"isPartOf\":{\"@id\":\"https:\\\/\\\/rosanacl.com\\\/ca\\\/#website\"},\"primaryImageOfPage\":{\"@id\":\"https:\\\/\\\/rosanacl.com\\\/producto\\\/sujetador-modelo-cris\\\/#primaryimage\"},\"image\":{\"@id\":\"https:\\\/\\\/rosanacl.com\\\/producto\\\/sujetador-modelo-cris\\\/#primaryimage\"},\"thumbnailUrl\":\"https:\\\/\\\/rosanacl.com\\\/wp-content\\\/uploads\\\/2025\\\/08\\\/1-1.png\",\"datePublished\":\"2025-08-19T06:32:04+00:00\",\"dateModified\":\"2026-01-07T17:35:26+00:00\",\"breadcrumb\":{\"@id\":\"https:\\\/\\\/rosanacl.com\\\/producto\\\/sujetador-modelo-cris\\\/#breadcrumb\"},\"inLanguage\":\"et\",\"potentialAction\":[{\"@type\":\"ReadAction\",\"target\":[\"https:\\\/\\\/rosanacl.com\\\/producto\\\/sujetador-modelo-cris\\\/\"]}]},{\"@type\":\"ImageObject\",\"inLanguage\":\"et\",\"@id\":\"https:\\\/\\\/rosanacl.com\\\/producto\\\/sujetador-modelo-cris\\\/#primaryimage\",\"url\":\"https:\\\/\\\/rosanacl.com\\\/wp-content\\\/uploads\\\/2025\\\/08\\\/1-1.png\",\"contentUrl\":\"https:\\\/\\\/rosanacl.com\\\/wp-content\\\/uploads\\\/2025\\\/08\\\/1-1.png\",\"width\":616,\"height\":813},{\"@type\":\"BreadcrumbList\",\"@id\":\"https:\\\/\\\/rosanacl.com\\\/producto\\\/sujetador-modelo-cris\\\/#breadcrumb\",\"itemListElement\":[{\"@type\":\"ListItem\",\"position\":1,\"name\":\"Portada\",\"item\":\"https:\\\/\\\/rosanacl.com\\\/ca\\\/\"},{\"@type\":\"ListItem\",\"position\":2,\"name\":\"Tienda\",\"item\":\"https:\\\/\\\/rosanacl.com\\\/ca\\\/tienda\\\/\"},{\"@type\":\"ListItem\",\"position\":3,\"name\":\"Sujetador Selene Cris\"}]},{\"@type\":\"WebSite\",\"@id\":\"https:\\\/\\\/rosanacl.com\\\/ca\\\/#website\",\"url\":\"https:\\\/\\\/rosanacl.com\\\/ca\\\/\",\"name\":\"Rosana CL\",\"description\":\"Somos tu interior\",\"potentialAction\":[{\"@type\":\"SearchAction\",\"target\":{\"@type\":\"EntryPoint\",\"urlTemplate\":\"https:\\\/\\\/rosanacl.com\\\/ca\\\/?s={search_term_string}\"},\"query-input\":{\"@type\":\"PropertyValueSpecification\",\"valueRequired\":true,\"valueName\":\"search_term_string\"}}],\"inLanguage\":\"et\"}]}<\/script>\n<!-- \/ Yoast SEO plugin. -->","yoast_head_json":{"title":"Sujetador Selene Cris - Rosana CL","robots":{"index":"index","follow":"follow","max-snippet":"max-snippet:-1","max-image-preview":"max-image-preview:large","max-video-preview":"max-video-preview:-1"},"canonical":"https:\/\/rosanacl.com\/et\/toode\/sujetador-modelo-cris\/","og_locale":"et_EE","og_type":"article","og_title":"Sujetador Selene Cris - Rosana CL","og_description":"Sujetador Selene Cris es un b\u00e1sico elegante de microfibra con aro y copa con relleno, pensado para realzar el pecho con una forma redondeada y bonita. Su detalle de raso en el escote y el borde delicado en las copas le dan ese acabado fino que se nota al pon\u00e9rtelo: c\u00f3modo, suave y con un [&hellip;]","og_url":"https:\/\/rosanacl.com\/et\/toode\/sujetador-modelo-cris\/","og_site_name":"Rosana CL","article_modified_time":"2026-01-07T17:35:26+00:00","og_image":[{"width":616,"height":813,"url":"https:\/\/rosanacl.com\/wp-content\/uploads\/2025\/08\/1-1.png","type":"image\/png"}],"twitter_card":"summary_large_image","twitter_misc":{"Est. reading time":"2 minutit"},"schema":{"@context":"https:\/\/schema.org","@graph":[{"@type":"WebPage","@id":"https:\/\/rosanacl.com\/producto\/sujetador-modelo-cris\/","url":"https:\/\/rosanacl.com\/producto\/sujetador-modelo-cris\/","name":"Sujetador Selene Cris - Rosana CL","isPartOf":{"@id":"https:\/\/rosanacl.com\/ca\/#website"},"primaryImageOfPage":{"@id":"https:\/\/rosanacl.com\/producto\/sujetador-modelo-cris\/#primaryimage"},"image":{"@id":"https:\/\/rosanacl.com\/producto\/sujetador-modelo-cris\/#primaryimage"},"thumbnailUrl":"https:\/\/rosanacl.com\/wp-content\/uploads\/2025\/08\/1-1.png","datePublished":"2025-08-19T06:32:04+00:00","dateModified":"2026-01-07T17:35:26+00:00","breadcrumb":{"@id":"https:\/\/rosanacl.com\/producto\/sujetador-modelo-cris\/#breadcrumb"},"inLanguage":"et","potentialAction":[{"@type":"ReadAction","target":["https:\/\/rosanacl.com\/producto\/sujetador-modelo-cris\/"]}]},{"@type":"ImageObject","inLanguage":"et","@id":"https:\/\/rosanacl.com\/producto\/sujetador-modelo-cris\/#primaryimage","url":"https:\/\/rosanacl.com\/wp-content\/uploads\/2025\/08\/1-1.png","contentUrl":"https:\/\/rosanacl.com\/wp-content\/uploads\/2025\/08\/1-1.png","width":616,"height":813},{"@type":"BreadcrumbList","@id":"https:\/\/rosanacl.com\/producto\/sujetador-modelo-cris\/#breadcrumb","itemListElement":[{"@type":"ListItem","position":1,"name":"Portada","item":"https:\/\/rosanacl.com\/ca\/"},{"@type":"ListItem","position":2,"name":"Tienda","item":"https:\/\/rosanacl.com\/ca\/tienda\/"},{"@type":"ListItem","position":3,"name":"Sujetador Selene Cris"}]},{"@type":"WebSite","@id":"https:\/\/rosanacl.com\/ca\/#website","url":"https:\/\/rosanacl.com\/ca\/","name":"Rosana CL","description":"Me oleme teie interj\u00f6\u00f6r","potentialAction":[{"@type":"SearchAction","target":{"@type":"EntryPoint","urlTemplate":"https:\/\/rosanacl.com\/ca\/?s={search_term_string}"},"query-input":{"@type":"PropertyValueSpecification","valueRequired":true,"valueName":"search_term_string"}}],"inLanguage":"et"}]}},"_links":{"self":[{"href":"https:\/\/rosanacl.com\/et\/wp-json\/wp\/v2\/product\/3307","targetHints":{"allow":["GET"]}}],"collection":[{"href":"https:\/\/rosanacl.com\/et\/wp-json\/wp\/v2\/product"}],"about":[{"href":"https:\/\/rosanacl.com\/et\/wp-json\/wp\/v2\/types\/product"}],"replies":[{"embeddable":true,"href":"https:\/\/rosanacl.com\/et\/wp-json\/wp\/v2\/comments?post=3307"}],"version-history":[{"count":5,"href":"https:\/\/rosanacl.com\/et\/wp-json\/wp\/v2\/product\/3307\/revisions"}],"predecessor-version":[{"id":4595,"href":"https:\/\/rosanacl.com\/et\/wp-json\/wp\/v2\/product\/3307\/revisions\/4595"}],"wp:featuredmedia":[{"embeddable":true,"href":"https:\/\/rosanacl.com\/et\/wp-json\/wp\/v2\/media\/3323"}],"wp:attachment":[{"href":"https:\/\/rosanacl.com\/et\/wp-json\/wp\/v2\/media?parent=3307"}],"wp:term":[{"taxonomy":"product_brand","embeddable":true,"href":"https:\/\/rosanacl.com\/et\/wp-json\/wp\/v2\/product_brand?post=3307"},{"taxonomy":"product_cat","embeddable":true,"href":"https:\/\/rosanacl.com\/et\/wp-json\/wp\/v2\/product_cat?post=3307"},{"taxonomy":"product_tag","embeddable":true,"href":"https:\/\/rosanacl.com\/et\/wp-json\/wp\/v2\/product_tag?post=3307"}],"curies":[{"name":"wp","href":"https:\/\/api.w.org\/{rel}","templated":true}]}}