{"id":3378,"date":"2025-08-19T08:56:35","date_gmt":"2025-08-19T06:56:35","guid":{"rendered":"https:\/\/rosanacl.com\/?post_type=product&#038;p=3378"},"modified":"2026-01-08T03:13:46","modified_gmt":"2026-01-08T02:13:46","slug":"sujetador-modelo-natalia","status":"publish","type":"product","link":"https:\/\/rosanacl.com\/et\/toode\/sujetador-modelo-natalia\/","title":{"rendered":"Selene Natalia Bra"},"content":{"rendered":"<p>Selene Natalia rinnahoidja on oluline p\u00f5hir\u00f5ivas, mis on valmistatud pehmest mikrokiust, traadialuse ja push-up korvidega. See on loodud selleks, et loomulikult r\u00f5hutada teie rinda ja luua kaunis, \u00fcmar dekoltee, ohverdamata mugavust. See on rinnahoidja, mida kannate iga p\u00e4ev, mis paneb teid tundma end esimesest hetkest toetatumana, voolujoonelisemana ja enesekindlamana.<\/p>\n<p>Selle mikrokiudkangas on pehme ja kohandub ideaalselt kehaga, samas kui alustraadid pakuvad stabiilset tuge. Push-up korv aitab t\u00f5sta ja tsentreerida, mis on ideaalne, kui otsid meelitavamat efekti T-s\u00e4rkide, pluuside v\u00f5i kleitidega.<\/p>\n<p>Lisaks, kuna tegemist on mitmepositsioonilise rinnahoidjaga, saab rihmasid vastavalt riietuse t\u00fc\u00fcbile ja dekolteele reguleerida. Komplektis on riidest rihmad, mis sobivad ideaalselt stiili ja toe kohandamiseks igap\u00e4evaste vajadustega.<\/p>\n<p>Peamised detailid<\/p>\n<ul>\n<li>Pehme ja mugav mikrokiud igap\u00e4evaseks kasutamiseks.<\/li>\n<li>R\u00f5ngastega: kindel ja stabiilne tugi.<\/li>\n<li>Push-up korv: suurendav osa ja \u00fcmar dekoltee.<\/li>\n<li>Mitmeasendiline: kohandub erinevate r\u00f5ivaste ja kaelustega.<\/li>\n<li>Sisaldab tekstiilist trakse.<\/li>\n<\/ul>\n<p>\ud83d\udde3\ufe0f Nipp: Natalia juures peitub v\u00f5lu &quot;ilusas push-up&#039;is&quot; + mitmikpositsioonis: mikrokiud kohandub pehmelt, traadid hoiavad suurep\u00e4raselt ning rihmasid vastavalt dekolteele vahetades saavutad tsentreerituma ja \u00fcmarama efekti, kaotamata mugavust.<\/p>\n<p>\ud83d\udccf M\u00e4rkus: Enne ostmist m\u00f5tle soovitud tulemusele: kui soovid, et see oleks defineeritum ja paremini toestatud, vali oma tavap\u00e4rane suurus; kui oled kahe suuruse vahel v\u00f5i eelistad pehmemat korviserva (ilma et see pigistaks v\u00f5i tekitaks &quot;topeltrindu&quot;), vali \u00fcks suurus suurem korvinumber (v\u00f5i j\u00e4rgmine suurus suurem, kui v\u00f6\u00f6koht on juba kitsas).<\/p>\n<p>Koostis: 55% pol\u00fcamiid \u00b7 38% pol\u00fcester \u00b7 7% elastaan<\/p>\n<p>\ud83c\udf80 See ilus dekoltee pole juhuslik: see on Natalia.<\/p>\n<div id=\"v1ms-outlook-mobile-body-separator-line\" dir=\"auto\"><\/div>","protected":false},"excerpt":{"rendered":"<p>El Sujetador Selene Natalia es un b\u00e1sico imprescindible de microfibra suave con aros y copa push-up, pensado para realzar el pecho de forma natural y conseguir un escote bonito y redondeado sin perder comodidad. Es ese sujetador que te pones a diario y te deja la sensaci\u00f3n de ir m\u00e1s recogida, m\u00e1s estilizada y m\u00e1s [&hellip;]<\/p>\n","protected":false},"featured_media":3394,"comment_status":"closed","ping_status":"closed","template":"","meta":{"content-type":""},"product_brand":[55],"product_cat":[29,20],"product_tag":[56,65],"class_list":{"0":"post-3378","1":"product","2":"type-product","3":"status-publish","4":"has-post-thumbnail","6":"product_brand-selene","7":"product_cat-push-up","8":"product_cat-sujetador","9":"product_tag-sujetador","10":"product_tag-sujetador-push-up","12":"first","13":"instock","14":"taxable","15":"shipping-taxable","16":"purchasable","17":"product-type-variable"},"supplier_id":null,"supplier_sku":"","barcode":null,"atum_controlled":true,"out_stock_date":null,"out_stock_threshold":null,"inheritable":true,"inbound_stock":0,"stock_on_hold":0,"sold_today":null,"sales_last_days":null,"reserved_stock":0,"customer_returns":0,"warehouse_damage":0,"lost_in_post":0,"other_logs":0,"out_stock_days":null,"lost_sales":null,"has_location":false,"update_date":"2026-01-08T02:13:47","atum_locations":[],"atum_stock_status":"instock","restock_status":false,"low_stock_amount":"","sales_update_date":"2025-10-03T04:55:34","calc_backorders":null,"yoast_head":"<!-- This site is optimized with the Yoast SEO plugin v27.4 - https:\/\/yoast.com\/product\/yoast-seo-wordpress\/ -->\n<title>Sujetador Selene Natalia - Rosana CL<\/title>\n<meta name=\"robots\" content=\"index, follow, max-snippet:-1, max-image-preview:large, max-video-preview:-1\" \/>\n<link rel=\"canonical\" href=\"https:\/\/rosanacl.com\/et\/toode\/sujetador-modelo-natalia\/\" \/>\n<meta property=\"og:locale\" content=\"et_EE\" \/>\n<meta property=\"og:type\" content=\"article\" \/>\n<meta property=\"og:title\" content=\"Sujetador Selene Natalia - Rosana CL\" \/>\n<meta property=\"og:description\" content=\"El Sujetador Selene Natalia es un b\u00e1sico imprescindible de microfibra suave con aros y copa push-up, pensado para realzar el pecho de forma natural y conseguir un escote bonito y redondeado sin perder comodidad. Es ese sujetador que te pones a diario y te deja la sensaci\u00f3n de ir m\u00e1s recogida, m\u00e1s estilizada y m\u00e1s [&hellip;]\" \/>\n<meta property=\"og:url\" content=\"https:\/\/rosanacl.com\/et\/toode\/sujetador-modelo-natalia\/\" \/>\n<meta property=\"og:site_name\" content=\"Rosana CL\" \/>\n<meta property=\"article:modified_time\" content=\"2026-01-08T02:13:46+00:00\" \/>\n<meta property=\"og:image\" content=\"https:\/\/rosanacl.com\/wp-content\/uploads\/2025\/08\/1-4-671x1024.png\" \/>\n\t<meta property=\"og:image:width\" content=\"671\" \/>\n\t<meta property=\"og:image:height\" content=\"1024\" \/>\n\t<meta property=\"og:image:type\" content=\"image\/png\" \/>\n<meta name=\"twitter:card\" content=\"summary_large_image\" \/>\n<meta name=\"twitter:label1\" content=\"Est. reading time\" \/>\n\t<meta name=\"twitter:data1\" content=\"2 minutit\" \/>\n<script type=\"application\/ld+json\" class=\"yoast-schema-graph\">{\"@context\":\"https:\\\/\\\/schema.org\",\"@graph\":[{\"@type\":\"WebPage\",\"@id\":\"https:\\\/\\\/rosanacl.com\\\/producto\\\/sujetador-modelo-natalia\\\/\",\"url\":\"https:\\\/\\\/rosanacl.com\\\/producto\\\/sujetador-modelo-natalia\\\/\",\"name\":\"Sujetador Selene Natalia - Rosana CL\",\"isPartOf\":{\"@id\":\"https:\\\/\\\/rosanacl.com\\\/ca\\\/#website\"},\"primaryImageOfPage\":{\"@id\":\"https:\\\/\\\/rosanacl.com\\\/producto\\\/sujetador-modelo-natalia\\\/#primaryimage\"},\"image\":{\"@id\":\"https:\\\/\\\/rosanacl.com\\\/producto\\\/sujetador-modelo-natalia\\\/#primaryimage\"},\"thumbnailUrl\":\"https:\\\/\\\/rosanacl.com\\\/wp-content\\\/uploads\\\/2025\\\/08\\\/1-4.png\",\"datePublished\":\"2025-08-19T06:56:35+00:00\",\"dateModified\":\"2026-01-08T02:13:46+00:00\",\"breadcrumb\":{\"@id\":\"https:\\\/\\\/rosanacl.com\\\/producto\\\/sujetador-modelo-natalia\\\/#breadcrumb\"},\"inLanguage\":\"et\",\"potentialAction\":[{\"@type\":\"ReadAction\",\"target\":[\"https:\\\/\\\/rosanacl.com\\\/producto\\\/sujetador-modelo-natalia\\\/\"]}]},{\"@type\":\"ImageObject\",\"inLanguage\":\"et\",\"@id\":\"https:\\\/\\\/rosanacl.com\\\/producto\\\/sujetador-modelo-natalia\\\/#primaryimage\",\"url\":\"https:\\\/\\\/rosanacl.com\\\/wp-content\\\/uploads\\\/2025\\\/08\\\/1-4.png\",\"contentUrl\":\"https:\\\/\\\/rosanacl.com\\\/wp-content\\\/uploads\\\/2025\\\/08\\\/1-4.png\",\"width\":873,\"height\":1333},{\"@type\":\"BreadcrumbList\",\"@id\":\"https:\\\/\\\/rosanacl.com\\\/producto\\\/sujetador-modelo-natalia\\\/#breadcrumb\",\"itemListElement\":[{\"@type\":\"ListItem\",\"position\":1,\"name\":\"Portada\",\"item\":\"https:\\\/\\\/rosanacl.com\\\/ca\\\/\"},{\"@type\":\"ListItem\",\"position\":2,\"name\":\"Tienda\",\"item\":\"https:\\\/\\\/rosanacl.com\\\/ca\\\/tienda\\\/\"},{\"@type\":\"ListItem\",\"position\":3,\"name\":\"Sujetador Selene Natalia\"}]},{\"@type\":\"WebSite\",\"@id\":\"https:\\\/\\\/rosanacl.com\\\/ca\\\/#website\",\"url\":\"https:\\\/\\\/rosanacl.com\\\/ca\\\/\",\"name\":\"Rosana CL\",\"description\":\"Somos tu interior\",\"potentialAction\":[{\"@type\":\"SearchAction\",\"target\":{\"@type\":\"EntryPoint\",\"urlTemplate\":\"https:\\\/\\\/rosanacl.com\\\/ca\\\/?s={search_term_string}\"},\"query-input\":{\"@type\":\"PropertyValueSpecification\",\"valueRequired\":true,\"valueName\":\"search_term_string\"}}],\"inLanguage\":\"et\"}]}<\/script>\n<!-- \/ Yoast SEO plugin. -->","yoast_head_json":{"title":"Sujetador Selene Natalia - Rosana CL","robots":{"index":"index","follow":"follow","max-snippet":"max-snippet:-1","max-image-preview":"max-image-preview:large","max-video-preview":"max-video-preview:-1"},"canonical":"https:\/\/rosanacl.com\/et\/toode\/sujetador-modelo-natalia\/","og_locale":"et_EE","og_type":"article","og_title":"Sujetador Selene Natalia - Rosana CL","og_description":"El Sujetador Selene Natalia es un b\u00e1sico imprescindible de microfibra suave con aros y copa push-up, pensado para realzar el pecho de forma natural y conseguir un escote bonito y redondeado sin perder comodidad. Es ese sujetador que te pones a diario y te deja la sensaci\u00f3n de ir m\u00e1s recogida, m\u00e1s estilizada y m\u00e1s [&hellip;]","og_url":"https:\/\/rosanacl.com\/et\/toode\/sujetador-modelo-natalia\/","og_site_name":"Rosana CL","article_modified_time":"2026-01-08T02:13:46+00:00","og_image":[{"width":671,"height":1024,"url":"https:\/\/rosanacl.com\/wp-content\/uploads\/2025\/08\/1-4-671x1024.png","type":"image\/png"}],"twitter_card":"summary_large_image","twitter_misc":{"Est. reading time":"2 minutit"},"schema":{"@context":"https:\/\/schema.org","@graph":[{"@type":"WebPage","@id":"https:\/\/rosanacl.com\/producto\/sujetador-modelo-natalia\/","url":"https:\/\/rosanacl.com\/producto\/sujetador-modelo-natalia\/","name":"Sujetador Selene Natalia - Rosana CL","isPartOf":{"@id":"https:\/\/rosanacl.com\/ca\/#website"},"primaryImageOfPage":{"@id":"https:\/\/rosanacl.com\/producto\/sujetador-modelo-natalia\/#primaryimage"},"image":{"@id":"https:\/\/rosanacl.com\/producto\/sujetador-modelo-natalia\/#primaryimage"},"thumbnailUrl":"https:\/\/rosanacl.com\/wp-content\/uploads\/2025\/08\/1-4.png","datePublished":"2025-08-19T06:56:35+00:00","dateModified":"2026-01-08T02:13:46+00:00","breadcrumb":{"@id":"https:\/\/rosanacl.com\/producto\/sujetador-modelo-natalia\/#breadcrumb"},"inLanguage":"et","potentialAction":[{"@type":"ReadAction","target":["https:\/\/rosanacl.com\/producto\/sujetador-modelo-natalia\/"]}]},{"@type":"ImageObject","inLanguage":"et","@id":"https:\/\/rosanacl.com\/producto\/sujetador-modelo-natalia\/#primaryimage","url":"https:\/\/rosanacl.com\/wp-content\/uploads\/2025\/08\/1-4.png","contentUrl":"https:\/\/rosanacl.com\/wp-content\/uploads\/2025\/08\/1-4.png","width":873,"height":1333},{"@type":"BreadcrumbList","@id":"https:\/\/rosanacl.com\/producto\/sujetador-modelo-natalia\/#breadcrumb","itemListElement":[{"@type":"ListItem","position":1,"name":"Portada","item":"https:\/\/rosanacl.com\/ca\/"},{"@type":"ListItem","position":2,"name":"Tienda","item":"https:\/\/rosanacl.com\/ca\/tienda\/"},{"@type":"ListItem","position":3,"name":"Sujetador Selene Natalia"}]},{"@type":"WebSite","@id":"https:\/\/rosanacl.com\/ca\/#website","url":"https:\/\/rosanacl.com\/ca\/","name":"Rosana CL","description":"Me oleme teie interj\u00f6\u00f6r","potentialAction":[{"@type":"SearchAction","target":{"@type":"EntryPoint","urlTemplate":"https:\/\/rosanacl.com\/ca\/?s={search_term_string}"},"query-input":{"@type":"PropertyValueSpecification","valueRequired":true,"valueName":"search_term_string"}}],"inLanguage":"et"}]}},"_links":{"self":[{"href":"https:\/\/rosanacl.com\/et\/wp-json\/wp\/v2\/product\/3378","targetHints":{"allow":["GET"]}}],"collection":[{"href":"https:\/\/rosanacl.com\/et\/wp-json\/wp\/v2\/product"}],"about":[{"href":"https:\/\/rosanacl.com\/et\/wp-json\/wp\/v2\/types\/product"}],"replies":[{"embeddable":true,"href":"https:\/\/rosanacl.com\/et\/wp-json\/wp\/v2\/comments?post=3378"}],"version-history":[{"count":5,"href":"https:\/\/rosanacl.com\/et\/wp-json\/wp\/v2\/product\/3378\/revisions"}],"predecessor-version":[{"id":4639,"href":"https:\/\/rosanacl.com\/et\/wp-json\/wp\/v2\/product\/3378\/revisions\/4639"}],"wp:featuredmedia":[{"embeddable":true,"href":"https:\/\/rosanacl.com\/et\/wp-json\/wp\/v2\/media\/3394"}],"wp:attachment":[{"href":"https:\/\/rosanacl.com\/et\/wp-json\/wp\/v2\/media?parent=3378"}],"wp:term":[{"taxonomy":"product_brand","embeddable":true,"href":"https:\/\/rosanacl.com\/et\/wp-json\/wp\/v2\/product_brand?post=3378"},{"taxonomy":"product_cat","embeddable":true,"href":"https:\/\/rosanacl.com\/et\/wp-json\/wp\/v2\/product_cat?post=3378"},{"taxonomy":"product_tag","embeddable":true,"href":"https:\/\/rosanacl.com\/et\/wp-json\/wp\/v2\/product_tag?post=3378"}],"curies":[{"name":"wp","href":"https:\/\/api.w.org\/{rel}","templated":true}]}}