{"id":3498,"date":"2025-08-19T09:36:13","date_gmt":"2025-08-19T07:36:13","guid":{"rendered":"https:\/\/rosanacl.com\/?post_type=product&#038;p=3498"},"modified":"2026-04-15T15:03:39","modified_gmt":"2026-04-15T13:03:39","slug":"braga-selene-3123","status":"publish","type":"product","link":"https:\/\/rosanacl.com\/et\/toode\/braga-selene-3123\/","title":{"rendered":"Braga Selene 3123"},"content":{"rendered":"<p>Creaciones Selene 3123 alusp\u00fcksid: k\u00f5rge v\u00f6\u00f6kohaga alusp\u00fcksid, mis on loodud figuuri esiplaanile tooma, pakkudes mugavat istuvust ja elegantset viimistlust. Eesmine osa on valmistatud peenelt reljeefse mustriga kangast, samas kui tagaosa on sileda ja pehme tundega, et tagada sujuv istuvus.<\/p>\n<p>Loodud teie igap\u00e4evaseks kaaslaseks, ohverdamata &quot;head&quot; enesetunnet: nende k\u00f5rge l\u00f5ikega disain t\u00f5stab \u00f5rnalt \u00fcles, pakub turvatunnet ja loob riiete all meelitava silueti. Need on ideaalsed alusp\u00fcksid, kui otsite t\u00f5elist mugavust, head tuge ja viimistletud v\u00e4limust, olgu siis igap\u00e4evaseks kandmiseks v\u00f5i erilistel puhkudel.<\/p>\n<p>Detailid, mis sulle meeldivad<\/p>\n<ul>\n<li>Meelitavad k\u00f5rge v\u00f6\u00f6kohaga alusp\u00fcksid: aitavad visuaalselt saledamaks muutuda ja suurep\u00e4rased v\u00e4lja n\u00e4ha.<\/li>\n<li>Tr\u00fckitud kangaga esiosa: lisab elegantsi ja erilisuse.<\/li>\n<li>Sile ja mugav seljaosa: pehme puudutusega ja mugav istuvus tundideks.<\/li>\n<li>Puhas viimistlus riiete all: loodud selleks, et n\u00e4ha v\u00e4lja ilus ja tunda end mugavalt.<\/li>\n<li>Ideaalne igap\u00e4evaseks kasutamiseks: mugav tugi.<\/li>\n<\/ul>\n<p>\ud83d\udde3\ufe0f Nipp: Need Selene 3123 k\u00f5rge v\u00f6\u00f6kohaga alusp\u00fcksid on loodud selleks, et tunneksid end toestatuna ja &quot;kena&quot;, ilma et oleksid liiga kitsad: reljeefne esiosa lisab elegantsi ja sile tagak\u00fclg tagab pehme istuvuse ja puhtama v\u00e4limuse riiete all.<\/p>\n<p>\ud83d\udccf M\u00e4rkus: Kui eelistad mugavat ja liibuvat p\u00fckstet (ilma n\u00e4htavate joonteta), vali suurus, milles tunned end k\u00f5rge v\u00f6\u00f6kohaga p\u00fckstes tavaliselt k\u00f5ige mugavamalt. Kui oled kahe suuruse vahel, siis m\u00f5tle, kuidas sulle meeldib neid kanda: kas rohkem tuge (v\u00e4iksem suurus) v\u00f5i kergema tundega (suurem suurus).<\/p>\n<p>Komplekt: sobib Selene Teresa ja Mariv\u00ed rinnahoidjaga.<\/p>\n<p>Koostis: 85% pol\u00fcamiid, 15% elastaan.<\/p>\n<div id=\"v1ms-outlook-mobile-body-separator-line\" dir=\"auto\"><p>\ud83c\udf38 Sest erinevus peitub detailides\u2026 ja need detailid on m\u00e4rgatavad.<\/p>\n<\/div>","protected":false},"excerpt":{"rendered":"<p>Braga Selene 3123 de Creaciones Selene: braga alta pensada para estilizar la figura con un ajuste c\u00f3modo y un acabado elegante. La parte delantera destaca por su tejido estampado con relieve sutil, y la trasera mantiene un tacto liso y suave para que se adapte sin marcar. Dise\u00f1ada para acompa\u00f1arte en el d\u00eda a d\u00eda [&hellip;]<\/p>\n","protected":false},"featured_media":3524,"comment_status":"closed","ping_status":"closed","template":"","meta":{"content-type":""},"product_brand":[55],"product_cat":[19],"product_tag":[69],"class_list":{"0":"post-3498","1":"product","2":"type-product","3":"status-publish","4":"has-post-thumbnail","6":"product_brand-selene","7":"product_cat-braga","8":"product_tag-braga","10":"first","11":"instock","12":"taxable","13":"shipping-taxable","14":"purchasable","15":"product-type-variable"},"supplier_id":null,"supplier_sku":"","barcode":null,"atum_controlled":true,"out_stock_date":null,"out_stock_threshold":null,"inheritable":true,"inbound_stock":0,"stock_on_hold":1,"sold_today":1,"sales_last_days":1,"reserved_stock":0,"customer_returns":0,"warehouse_damage":0,"lost_in_post":0,"other_logs":0,"out_stock_days":null,"lost_sales":0,"has_location":false,"update_date":"2026-04-15T13:03:42","atum_locations":[],"atum_stock_status":"instock","restock_status":false,"low_stock_amount":"","sales_update_date":"2025-10-03T04:55:31","calc_backorders":null,"yoast_head":"<!-- This site is optimized with the Yoast SEO plugin v27.4 - https:\/\/yoast.com\/product\/yoast-seo-wordpress\/ -->\n<title>Braga Selene 3123 - Rosana CL<\/title>\n<meta name=\"robots\" content=\"index, follow, max-snippet:-1, max-image-preview:large, max-video-preview:-1\" \/>\n<link rel=\"canonical\" href=\"https:\/\/rosanacl.com\/et\/toode\/braga-selene-3123\/\" \/>\n<meta property=\"og:locale\" content=\"et_EE\" \/>\n<meta property=\"og:type\" content=\"article\" \/>\n<meta property=\"og:title\" content=\"Braga Selene 3123 - Rosana CL\" \/>\n<meta property=\"og:description\" content=\"Braga Selene 3123 de Creaciones Selene: braga alta pensada para estilizar la figura con un ajuste c\u00f3modo y un acabado elegante. La parte delantera destaca por su tejido estampado con relieve sutil, y la trasera mantiene un tacto liso y suave para que se adapte sin marcar. Dise\u00f1ada para acompa\u00f1arte en el d\u00eda a d\u00eda [&hellip;]\" \/>\n<meta property=\"og:url\" content=\"https:\/\/rosanacl.com\/et\/toode\/braga-selene-3123\/\" \/>\n<meta property=\"og:site_name\" content=\"Rosana CL\" \/>\n<meta property=\"article:modified_time\" content=\"2026-04-15T13:03:39+00:00\" \/>\n<meta property=\"og:image\" content=\"https:\/\/rosanacl.com\/wp-content\/uploads\/2025\/08\/1-9.png\" \/>\n\t<meta property=\"og:image:width\" content=\"1333\" \/>\n\t<meta property=\"og:image:height\" content=\"1333\" \/>\n\t<meta property=\"og:image:type\" content=\"image\/png\" \/>\n<meta name=\"twitter:card\" content=\"summary_large_image\" \/>\n<meta name=\"twitter:label1\" content=\"Est. reading time\" \/>\n\t<meta name=\"twitter:data1\" content=\"2 minutit\" \/>\n<script type=\"application\/ld+json\" class=\"yoast-schema-graph\">{\"@context\":\"https:\\\/\\\/schema.org\",\"@graph\":[{\"@type\":\"WebPage\",\"@id\":\"https:\\\/\\\/rosanacl.com\\\/producto\\\/braga-selene-3123\\\/\",\"url\":\"https:\\\/\\\/rosanacl.com\\\/producto\\\/braga-selene-3123\\\/\",\"name\":\"Braga Selene 3123 - Rosana CL\",\"isPartOf\":{\"@id\":\"https:\\\/\\\/rosanacl.com\\\/ca\\\/#website\"},\"primaryImageOfPage\":{\"@id\":\"https:\\\/\\\/rosanacl.com\\\/producto\\\/braga-selene-3123\\\/#primaryimage\"},\"image\":{\"@id\":\"https:\\\/\\\/rosanacl.com\\\/producto\\\/braga-selene-3123\\\/#primaryimage\"},\"thumbnailUrl\":\"https:\\\/\\\/rosanacl.com\\\/wp-content\\\/uploads\\\/2025\\\/08\\\/1-9.png\",\"datePublished\":\"2025-08-19T07:36:13+00:00\",\"dateModified\":\"2026-04-15T13:03:39+00:00\",\"breadcrumb\":{\"@id\":\"https:\\\/\\\/rosanacl.com\\\/producto\\\/braga-selene-3123\\\/#breadcrumb\"},\"inLanguage\":\"et\",\"potentialAction\":[{\"@type\":\"ReadAction\",\"target\":[\"https:\\\/\\\/rosanacl.com\\\/producto\\\/braga-selene-3123\\\/\"]}]},{\"@type\":\"ImageObject\",\"inLanguage\":\"et\",\"@id\":\"https:\\\/\\\/rosanacl.com\\\/producto\\\/braga-selene-3123\\\/#primaryimage\",\"url\":\"https:\\\/\\\/rosanacl.com\\\/wp-content\\\/uploads\\\/2025\\\/08\\\/1-9.png\",\"contentUrl\":\"https:\\\/\\\/rosanacl.com\\\/wp-content\\\/uploads\\\/2025\\\/08\\\/1-9.png\",\"width\":1333,\"height\":1333},{\"@type\":\"BreadcrumbList\",\"@id\":\"https:\\\/\\\/rosanacl.com\\\/producto\\\/braga-selene-3123\\\/#breadcrumb\",\"itemListElement\":[{\"@type\":\"ListItem\",\"position\":1,\"name\":\"Portada\",\"item\":\"https:\\\/\\\/rosanacl.com\\\/ca\\\/\"},{\"@type\":\"ListItem\",\"position\":2,\"name\":\"Tienda\",\"item\":\"https:\\\/\\\/rosanacl.com\\\/ca\\\/tienda\\\/\"},{\"@type\":\"ListItem\",\"position\":3,\"name\":\"Braga Selene 3123\"}]},{\"@type\":\"WebSite\",\"@id\":\"https:\\\/\\\/rosanacl.com\\\/ca\\\/#website\",\"url\":\"https:\\\/\\\/rosanacl.com\\\/ca\\\/\",\"name\":\"Rosana CL\",\"description\":\"Somos tu interior\",\"potentialAction\":[{\"@type\":\"SearchAction\",\"target\":{\"@type\":\"EntryPoint\",\"urlTemplate\":\"https:\\\/\\\/rosanacl.com\\\/ca\\\/?s={search_term_string}\"},\"query-input\":{\"@type\":\"PropertyValueSpecification\",\"valueRequired\":true,\"valueName\":\"search_term_string\"}}],\"inLanguage\":\"et\"}]}<\/script>\n<!-- \/ Yoast SEO plugin. -->","yoast_head_json":{"title":"Braga Selene 3123 - Rosana CL","robots":{"index":"index","follow":"follow","max-snippet":"max-snippet:-1","max-image-preview":"max-image-preview:large","max-video-preview":"max-video-preview:-1"},"canonical":"https:\/\/rosanacl.com\/et\/toode\/braga-selene-3123\/","og_locale":"et_EE","og_type":"article","og_title":"Braga Selene 3123 - Rosana CL","og_description":"Braga Selene 3123 de Creaciones Selene: braga alta pensada para estilizar la figura con un ajuste c\u00f3modo y un acabado elegante. La parte delantera destaca por su tejido estampado con relieve sutil, y la trasera mantiene un tacto liso y suave para que se adapte sin marcar. Dise\u00f1ada para acompa\u00f1arte en el d\u00eda a d\u00eda [&hellip;]","og_url":"https:\/\/rosanacl.com\/et\/toode\/braga-selene-3123\/","og_site_name":"Rosana CL","article_modified_time":"2026-04-15T13:03:39+00:00","og_image":[{"width":1333,"height":1333,"url":"https:\/\/rosanacl.com\/wp-content\/uploads\/2025\/08\/1-9.png","type":"image\/png"}],"twitter_card":"summary_large_image","twitter_misc":{"Est. reading time":"2 minutit"},"schema":{"@context":"https:\/\/schema.org","@graph":[{"@type":"WebPage","@id":"https:\/\/rosanacl.com\/producto\/braga-selene-3123\/","url":"https:\/\/rosanacl.com\/producto\/braga-selene-3123\/","name":"Braga Selene 3123 - Rosana CL","isPartOf":{"@id":"https:\/\/rosanacl.com\/ca\/#website"},"primaryImageOfPage":{"@id":"https:\/\/rosanacl.com\/producto\/braga-selene-3123\/#primaryimage"},"image":{"@id":"https:\/\/rosanacl.com\/producto\/braga-selene-3123\/#primaryimage"},"thumbnailUrl":"https:\/\/rosanacl.com\/wp-content\/uploads\/2025\/08\/1-9.png","datePublished":"2025-08-19T07:36:13+00:00","dateModified":"2026-04-15T13:03:39+00:00","breadcrumb":{"@id":"https:\/\/rosanacl.com\/producto\/braga-selene-3123\/#breadcrumb"},"inLanguage":"et","potentialAction":[{"@type":"ReadAction","target":["https:\/\/rosanacl.com\/producto\/braga-selene-3123\/"]}]},{"@type":"ImageObject","inLanguage":"et","@id":"https:\/\/rosanacl.com\/producto\/braga-selene-3123\/#primaryimage","url":"https:\/\/rosanacl.com\/wp-content\/uploads\/2025\/08\/1-9.png","contentUrl":"https:\/\/rosanacl.com\/wp-content\/uploads\/2025\/08\/1-9.png","width":1333,"height":1333},{"@type":"BreadcrumbList","@id":"https:\/\/rosanacl.com\/producto\/braga-selene-3123\/#breadcrumb","itemListElement":[{"@type":"ListItem","position":1,"name":"Portada","item":"https:\/\/rosanacl.com\/ca\/"},{"@type":"ListItem","position":2,"name":"Tienda","item":"https:\/\/rosanacl.com\/ca\/tienda\/"},{"@type":"ListItem","position":3,"name":"Braga Selene 3123"}]},{"@type":"WebSite","@id":"https:\/\/rosanacl.com\/ca\/#website","url":"https:\/\/rosanacl.com\/ca\/","name":"Rosana CL","description":"Me oleme teie interj\u00f6\u00f6r","potentialAction":[{"@type":"SearchAction","target":{"@type":"EntryPoint","urlTemplate":"https:\/\/rosanacl.com\/ca\/?s={search_term_string}"},"query-input":{"@type":"PropertyValueSpecification","valueRequired":true,"valueName":"search_term_string"}}],"inLanguage":"et"}]}},"_links":{"self":[{"href":"https:\/\/rosanacl.com\/et\/wp-json\/wp\/v2\/product\/3498","targetHints":{"allow":["GET"]}}],"collection":[{"href":"https:\/\/rosanacl.com\/et\/wp-json\/wp\/v2\/product"}],"about":[{"href":"https:\/\/rosanacl.com\/et\/wp-json\/wp\/v2\/types\/product"}],"replies":[{"embeddable":true,"href":"https:\/\/rosanacl.com\/et\/wp-json\/wp\/v2\/comments?post=3498"}],"version-history":[{"count":5,"href":"https:\/\/rosanacl.com\/et\/wp-json\/wp\/v2\/product\/3498\/revisions"}],"predecessor-version":[{"id":4636,"href":"https:\/\/rosanacl.com\/et\/wp-json\/wp\/v2\/product\/3498\/revisions\/4636"}],"wp:featuredmedia":[{"embeddable":true,"href":"https:\/\/rosanacl.com\/et\/wp-json\/wp\/v2\/media\/3524"}],"wp:attachment":[{"href":"https:\/\/rosanacl.com\/et\/wp-json\/wp\/v2\/media?parent=3498"}],"wp:term":[{"taxonomy":"product_brand","embeddable":true,"href":"https:\/\/rosanacl.com\/et\/wp-json\/wp\/v2\/product_brand?post=3498"},{"taxonomy":"product_cat","embeddable":true,"href":"https:\/\/rosanacl.com\/et\/wp-json\/wp\/v2\/product_cat?post=3498"},{"taxonomy":"product_tag","embeddable":true,"href":"https:\/\/rosanacl.com\/et\/wp-json\/wp\/v2\/product_tag?post=3498"}],"curies":[{"name":"wp","href":"https:\/\/api.w.org\/{rel}","templated":true}]}}