{"id":3565,"date":"2025-08-19T09:59:09","date_gmt":"2025-08-19T07:59:09","guid":{"rendered":"https:\/\/rosanacl.com\/?post_type=product&#038;p=3565"},"modified":"2026-01-07T23:46:23","modified_gmt":"2026-01-07T22:46:23","slug":"body-selene-violeta","status":"publish","type":"product","link":"https:\/\/rosanacl.com\/et\/toode\/body-selene-violeta\/","title":{"rendered":"Keha Selene Violet"},"content":{"rendered":"<p>Selene violetne body on s\u00fcgava dekolteega, vormiv body, mis on loodud r\u00f5hutama rinda ja tooma figuuri naiseliku, elegantse ja v\u00e4ga meelitava viimistlusega. See on ideaalne r\u00f5ivas, kui otsid kindlat tuge ja &quot;kauni rinna&quot; efekti, ohverdamata mugavust.<\/p>\n<p>Sellel on traadiga alus ja polsterdatud korvid, mis aitavad rinda kogu p\u00e4eva v\u00e4ltel toestada ja kaunilt vormida. Lisaks on selle disain m\u00f5eldud mugava istuvuse tagamiseks ja kaenlaaluste piirkonna v\u00e4iksemate ebatasasuste minimeerimiseks, mille tulemuseks on riiete all puhtam v\u00e4limus.<\/p>\n<p>Selle kangas kohandub \u00f5rnalt kehaga, \u00fcmbritseb siluetti ja pakub turvatunnet ning annab vormi, ilma et see tekitaks survet. See on mitmek\u00fclgne body: saate seda kanda pesuna v\u00f5i panna selle bleiseri v\u00f5i jaki alla, andes igale v\u00e4limusele vaid \u00fche libistamisega uue ilme.<\/p>\n<p>Detailid, mis teevad vahet<\/p>\n<ul>\n<li>Salendava efekti ja elegantse viimistlusega kehavormija.<\/li>\n<li>Traadita alus + polsterdatud korv: stabiilne tugi ja kaunis rinnaefekt.<\/li>\n<li>Mugav l\u00f5ige, mis on loodud selgema silueti saavutamiseks.<\/li>\n<li>Ideaalne igap\u00e4evaseks kandmiseks ja erilisteks s\u00fcndmusteks.<\/li>\n<\/ul>\n<p>\ud83d\udde3\ufe0f Nipp: Body Violetal on see &quot;elegantne vormiv&quot; omadus: see peaks siluma sinu siluetti ja tekitama enesekindluse tunde, kuid samas justkui teise naha tunde (ilma &quot;soomusr\u00fc\u00fcta&quot;). Kui see tundub pring, aga mugav, on sul vedanud.<\/p>\n<p>\ud83d\udccf M\u00e4rkus: Suurus on \u00f5ige, kui body istub tihedalt ja sujuvalt \u00fcmber v\u00f6\u00f6koha\/k\u00f5hu ilma sissel\u00f5iketa ning dekoltee p\u00fcsib liikumisel stabiilne. Kui k\u00f5hule tekivad kortsud v\u00f5i rinnaosa liigub ringi, on see liiga suur; kui see on liiga kitsas v\u00f5i piirab istudes liikumist, on see liiga v\u00e4ike.<\/p>\n<p>Koostis: 68% pol\u00fcamiid, 17% pol\u00fcester, 15% elastaan.<\/p>\n<p>\ud83d\udc57 Ideaalne kandmiseks pesuna\u2026 v\u00f5i \u00fcler\u00f5ivana iga riietuse t\u00e4iustamiseks.<\/p>\n<p>&nbsp;<\/p>\n<div id=\"v1ms-outlook-mobile-body-separator-line\" dir=\"auto\"><\/div>\n<p>&nbsp;<\/p>\n<p>&nbsp;<\/p>\n<p>&nbsp;<\/p>\n<p>&nbsp;<\/p>\n<p>&nbsp;<\/p>\n<p>&nbsp;<\/p>","protected":false},"excerpt":{"rendered":"<p>Body Violeta de Selene es un body escotado y moldeador dise\u00f1ado para realzar el pecho y estilizar la figura con un acabado femenino, elegante y muy favorecedor. Es la prenda perfecta si buscas sujeci\u00f3n firme y un efecto \u00abpecho bonito\u00bb, sin renunciar a la comodidad. Incorpora aros y copa con relleno, lo que ayuda a [&hellip;]<\/p>\n","protected":false},"featured_media":3576,"comment_status":"closed","ping_status":"closed","template":"","meta":{"content-type":""},"product_brand":[55],"product_cat":[18],"product_tag":[66],"class_list":{"0":"post-3565","1":"product","2":"type-product","3":"status-publish","4":"has-post-thumbnail","6":"product_brand-selene","7":"product_cat-body","8":"product_tag-body","10":"first","11":"instock","12":"taxable","13":"shipping-taxable","14":"purchasable","15":"product-type-variable"},"supplier_id":null,"supplier_sku":"","barcode":null,"atum_controlled":true,"out_stock_date":null,"out_stock_threshold":null,"inheritable":true,"inbound_stock":0,"stock_on_hold":0,"sold_today":0,"sales_last_days":0,"reserved_stock":0,"customer_returns":0,"warehouse_damage":0,"lost_in_post":0,"other_logs":0,"out_stock_days":null,"lost_sales":0,"has_location":false,"update_date":"2026-01-07T22:46:24","atum_locations":[],"atum_stock_status":"instock","restock_status":false,"low_stock_amount":"","sales_update_date":"2025-10-03T04:55:30","calc_backorders":null,"yoast_head":"<!-- This site is optimized with the Yoast SEO plugin v27.4 - https:\/\/yoast.com\/product\/yoast-seo-wordpress\/ -->\n<title>Body Selene Violeta - Rosana CL<\/title>\n<meta name=\"robots\" content=\"index, follow, max-snippet:-1, max-image-preview:large, max-video-preview:-1\" \/>\n<link rel=\"canonical\" href=\"https:\/\/rosanacl.com\/et\/toode\/body-selene-violeta\/\" \/>\n<meta property=\"og:locale\" content=\"et_EE\" \/>\n<meta property=\"og:type\" content=\"article\" \/>\n<meta property=\"og:title\" content=\"Body Selene Violeta - Rosana CL\" \/>\n<meta property=\"og:description\" content=\"Body Violeta de Selene es un body escotado y moldeador dise\u00f1ado para realzar el pecho y estilizar la figura con un acabado femenino, elegante y muy favorecedor. Es la prenda perfecta si buscas sujeci\u00f3n firme y un efecto \u00abpecho bonito\u00bb, sin renunciar a la comodidad. Incorpora aros y copa con relleno, lo que ayuda a [&hellip;]\" \/>\n<meta property=\"og:url\" content=\"https:\/\/rosanacl.com\/et\/toode\/body-selene-violeta\/\" \/>\n<meta property=\"og:site_name\" content=\"Rosana CL\" \/>\n<meta property=\"article:modified_time\" content=\"2026-01-07T22:46:23+00:00\" \/>\n<meta property=\"og:image\" content=\"https:\/\/rosanacl.com\/wp-content\/uploads\/2025\/08\/1-12-e1756816156168.png\" \/>\n\t<meta property=\"og:image:width\" content=\"877\" \/>\n\t<meta property=\"og:image:height\" content=\"998\" \/>\n\t<meta property=\"og:image:type\" content=\"image\/png\" \/>\n<meta name=\"twitter:card\" content=\"summary_large_image\" \/>\n<meta name=\"twitter:label1\" content=\"Est. reading time\" \/>\n\t<meta name=\"twitter:data1\" content=\"2 minutit\" \/>\n<script type=\"application\/ld+json\" class=\"yoast-schema-graph\">{\"@context\":\"https:\\\/\\\/schema.org\",\"@graph\":[{\"@type\":\"WebPage\",\"@id\":\"https:\\\/\\\/rosanacl.com\\\/producto\\\/body-selene-violeta\\\/\",\"url\":\"https:\\\/\\\/rosanacl.com\\\/producto\\\/body-selene-violeta\\\/\",\"name\":\"Body Selene Violeta - Rosana CL\",\"isPartOf\":{\"@id\":\"https:\\\/\\\/rosanacl.com\\\/ca\\\/#website\"},\"primaryImageOfPage\":{\"@id\":\"https:\\\/\\\/rosanacl.com\\\/producto\\\/body-selene-violeta\\\/#primaryimage\"},\"image\":{\"@id\":\"https:\\\/\\\/rosanacl.com\\\/producto\\\/body-selene-violeta\\\/#primaryimage\"},\"thumbnailUrl\":\"https:\\\/\\\/rosanacl.com\\\/wp-content\\\/uploads\\\/2025\\\/08\\\/1-12-e1756816156168.png\",\"datePublished\":\"2025-08-19T07:59:09+00:00\",\"dateModified\":\"2026-01-07T22:46:23+00:00\",\"breadcrumb\":{\"@id\":\"https:\\\/\\\/rosanacl.com\\\/producto\\\/body-selene-violeta\\\/#breadcrumb\"},\"inLanguage\":\"et\",\"potentialAction\":[{\"@type\":\"ReadAction\",\"target\":[\"https:\\\/\\\/rosanacl.com\\\/producto\\\/body-selene-violeta\\\/\"]}]},{\"@type\":\"ImageObject\",\"inLanguage\":\"et\",\"@id\":\"https:\\\/\\\/rosanacl.com\\\/producto\\\/body-selene-violeta\\\/#primaryimage\",\"url\":\"https:\\\/\\\/rosanacl.com\\\/wp-content\\\/uploads\\\/2025\\\/08\\\/1-12-e1756816156168.png\",\"contentUrl\":\"https:\\\/\\\/rosanacl.com\\\/wp-content\\\/uploads\\\/2025\\\/08\\\/1-12-e1756816156168.png\",\"width\":877,\"height\":998},{\"@type\":\"BreadcrumbList\",\"@id\":\"https:\\\/\\\/rosanacl.com\\\/producto\\\/body-selene-violeta\\\/#breadcrumb\",\"itemListElement\":[{\"@type\":\"ListItem\",\"position\":1,\"name\":\"Portada\",\"item\":\"https:\\\/\\\/rosanacl.com\\\/ca\\\/\"},{\"@type\":\"ListItem\",\"position\":2,\"name\":\"Tienda\",\"item\":\"https:\\\/\\\/rosanacl.com\\\/ca\\\/tienda\\\/\"},{\"@type\":\"ListItem\",\"position\":3,\"name\":\"Body Selene Violeta\"}]},{\"@type\":\"WebSite\",\"@id\":\"https:\\\/\\\/rosanacl.com\\\/ca\\\/#website\",\"url\":\"https:\\\/\\\/rosanacl.com\\\/ca\\\/\",\"name\":\"Rosana CL\",\"description\":\"Somos tu interior\",\"potentialAction\":[{\"@type\":\"SearchAction\",\"target\":{\"@type\":\"EntryPoint\",\"urlTemplate\":\"https:\\\/\\\/rosanacl.com\\\/ca\\\/?s={search_term_string}\"},\"query-input\":{\"@type\":\"PropertyValueSpecification\",\"valueRequired\":true,\"valueName\":\"search_term_string\"}}],\"inLanguage\":\"et\"}]}<\/script>\n<!-- \/ Yoast SEO plugin. -->","yoast_head_json":{"title":"Body Selene Violeta - Rosana CL","robots":{"index":"index","follow":"follow","max-snippet":"max-snippet:-1","max-image-preview":"max-image-preview:large","max-video-preview":"max-video-preview:-1"},"canonical":"https:\/\/rosanacl.com\/et\/toode\/body-selene-violeta\/","og_locale":"et_EE","og_type":"article","og_title":"Body Selene Violeta - Rosana CL","og_description":"Body Violeta de Selene es un body escotado y moldeador dise\u00f1ado para realzar el pecho y estilizar la figura con un acabado femenino, elegante y muy favorecedor. Es la prenda perfecta si buscas sujeci\u00f3n firme y un efecto \u00abpecho bonito\u00bb, sin renunciar a la comodidad. Incorpora aros y copa con relleno, lo que ayuda a [&hellip;]","og_url":"https:\/\/rosanacl.com\/et\/toode\/body-selene-violeta\/","og_site_name":"Rosana CL","article_modified_time":"2026-01-07T22:46:23+00:00","og_image":[{"width":877,"height":998,"url":"https:\/\/rosanacl.com\/wp-content\/uploads\/2025\/08\/1-12-e1756816156168.png","type":"image\/png"}],"twitter_card":"summary_large_image","twitter_misc":{"Est. reading time":"2 minutit"},"schema":{"@context":"https:\/\/schema.org","@graph":[{"@type":"WebPage","@id":"https:\/\/rosanacl.com\/producto\/body-selene-violeta\/","url":"https:\/\/rosanacl.com\/producto\/body-selene-violeta\/","name":"Body Selene Violeta - Rosana CL","isPartOf":{"@id":"https:\/\/rosanacl.com\/ca\/#website"},"primaryImageOfPage":{"@id":"https:\/\/rosanacl.com\/producto\/body-selene-violeta\/#primaryimage"},"image":{"@id":"https:\/\/rosanacl.com\/producto\/body-selene-violeta\/#primaryimage"},"thumbnailUrl":"https:\/\/rosanacl.com\/wp-content\/uploads\/2025\/08\/1-12-e1756816156168.png","datePublished":"2025-08-19T07:59:09+00:00","dateModified":"2026-01-07T22:46:23+00:00","breadcrumb":{"@id":"https:\/\/rosanacl.com\/producto\/body-selene-violeta\/#breadcrumb"},"inLanguage":"et","potentialAction":[{"@type":"ReadAction","target":["https:\/\/rosanacl.com\/producto\/body-selene-violeta\/"]}]},{"@type":"ImageObject","inLanguage":"et","@id":"https:\/\/rosanacl.com\/producto\/body-selene-violeta\/#primaryimage","url":"https:\/\/rosanacl.com\/wp-content\/uploads\/2025\/08\/1-12-e1756816156168.png","contentUrl":"https:\/\/rosanacl.com\/wp-content\/uploads\/2025\/08\/1-12-e1756816156168.png","width":877,"height":998},{"@type":"BreadcrumbList","@id":"https:\/\/rosanacl.com\/producto\/body-selene-violeta\/#breadcrumb","itemListElement":[{"@type":"ListItem","position":1,"name":"Portada","item":"https:\/\/rosanacl.com\/ca\/"},{"@type":"ListItem","position":2,"name":"Tienda","item":"https:\/\/rosanacl.com\/ca\/tienda\/"},{"@type":"ListItem","position":3,"name":"Body Selene Violeta"}]},{"@type":"WebSite","@id":"https:\/\/rosanacl.com\/ca\/#website","url":"https:\/\/rosanacl.com\/ca\/","name":"Rosana CL","description":"Me oleme teie interj\u00f6\u00f6r","potentialAction":[{"@type":"SearchAction","target":{"@type":"EntryPoint","urlTemplate":"https:\/\/rosanacl.com\/ca\/?s={search_term_string}"},"query-input":{"@type":"PropertyValueSpecification","valueRequired":true,"valueName":"search_term_string"}}],"inLanguage":"et"}]}},"_links":{"self":[{"href":"https:\/\/rosanacl.com\/et\/wp-json\/wp\/v2\/product\/3565","targetHints":{"allow":["GET"]}}],"collection":[{"href":"https:\/\/rosanacl.com\/et\/wp-json\/wp\/v2\/product"}],"about":[{"href":"https:\/\/rosanacl.com\/et\/wp-json\/wp\/v2\/types\/product"}],"replies":[{"embeddable":true,"href":"https:\/\/rosanacl.com\/et\/wp-json\/wp\/v2\/comments?post=3565"}],"version-history":[{"count":5,"href":"https:\/\/rosanacl.com\/et\/wp-json\/wp\/v2\/product\/3565\/revisions"}],"predecessor-version":[{"id":4630,"href":"https:\/\/rosanacl.com\/et\/wp-json\/wp\/v2\/product\/3565\/revisions\/4630"}],"wp:featuredmedia":[{"embeddable":true,"href":"https:\/\/rosanacl.com\/et\/wp-json\/wp\/v2\/media\/3576"}],"wp:attachment":[{"href":"https:\/\/rosanacl.com\/et\/wp-json\/wp\/v2\/media?parent=3565"}],"wp:term":[{"taxonomy":"product_brand","embeddable":true,"href":"https:\/\/rosanacl.com\/et\/wp-json\/wp\/v2\/product_brand?post=3565"},{"taxonomy":"product_cat","embeddable":true,"href":"https:\/\/rosanacl.com\/et\/wp-json\/wp\/v2\/product_cat?post=3565"},{"taxonomy":"product_tag","embeddable":true,"href":"https:\/\/rosanacl.com\/et\/wp-json\/wp\/v2\/product_tag?post=3565"}],"curies":[{"name":"wp","href":"https:\/\/api.w.org\/{rel}","templated":true}]}}