{"id":618,"date":"2025-04-29T19:20:58","date_gmt":"2025-04-29T17:20:58","guid":{"rendered":"https:\/\/rosanacl.com\/?post_type=product&#038;p=618"},"modified":"2026-01-07T21:23:54","modified_gmt":"2026-01-07T20:23:54","slug":"sujetador-modelo-maite","status":"publish","type":"product","link":"https:\/\/rosanacl.com\/et\/toode\/sujetador-modelo-maite\/","title":{"rendered":"Selene Maite Bra"},"content":{"rendered":"<p>Selene Maite rinnahoidja on \u00fcks neist mudelitest, mis teeb teie p\u00e4eva lihtsamaks: klassikaline stiil, traatvaba ja polsterdamata, disainiga, mis pakub t\u00f5elist tuge ilma pigistamata v\u00f5i sisse surumata. Selle Simplex kangas pakub tugevust ja stabiilsust, mis on ideaalne, kui otsite mugavat igap\u00e4evast rinnahoidjat, mis hoiab teie rinnad heas asendis ja loomuliku kujuga.<\/p>\n<p>Maite&#039;i juures on parim see, et see \u00fchendab mugavuse ja toe puhtas ja tagasihoidlikus disainis: see istub suurep\u00e4raselt \u00fcmber keha, n\u00e4eb suurep\u00e4rane v\u00e4lja T-s\u00e4rkide ja pluuside all ning annab tunde, et oled tundideks h\u00e4sti istuv. Garderoobi p\u00f5hielement neile, kelle jaoks on mugavus, sobivus ja turvalisus esikohal.<\/p>\n<p>Mis mulle Maite&#039;i juures k\u00f5ige rohkem meeldib<\/p>\n<ul>\n<li>Juhtmevaba: t\u00e4ielik mugavus, ei avalda kontuurile survet.<\/li>\n<li>Polsterdamata: loomulik ja kerge kuju, ilma lisamahuta.<\/li>\n<li>Simplex kangas: kindel ja stabiilne haare, hea toestusega.<\/li>\n<li>Klassikaline disain: diskreetne ja sobib iga riietusega.<\/li>\n<li>Ideaalne igap\u00e4evaseks kandmiseks: mugav istuvus ja kindel tunne.<\/li>\n<\/ul>\n<p>\ud83d\udde3\ufe0f Nipp: Maite&#039;iga tunnevad teie rinnad end &quot;toestatud&quot; ja paigal, kuid mugava tundega: seestpoolt pringid, v\u00e4ljastpoolt pehmed. Ideaalne p\u00e4evadeks, mil soovite tunda end kindlalt ilma rinnahoidja peale m\u00f5tlemata.<\/p>\n<p>\ud83d\udccf M\u00e4rkus: Kui sulle meeldib kindel ja stabiilne istuvus, vali oma tavap\u00e4rane suurus; kui oled kahe suuruse vahel v\u00f5i eelistad mugavamat istuvust pikemaks kandmiseks, vali \u00fcks suurus suurem. Kui sa pole kindel, aitab kiire rinnaalune m\u00f5\u00f5t sul enne valimist otsustada.<\/p>\n<p>Koostis: 45% pol\u00fcamiid, 10% elastaan, 45% pol\u00fcester.<\/p>\n<p>\ud83d\udd4a\ufe0f Klassikaline mugavus\u2026 t\u00f5elise toestusega.<\/p>","protected":false},"excerpt":{"rendered":"<p>El sujetador Selene modelo Maite es de esos modelos que te solucionan el d\u00eda: l\u00ednea cl\u00e1sica, sin aros y sin relleno, con un patr\u00f3n pensado para dar sujeci\u00f3n de verdad sin apretar ni marcar. Su tejido Simplex aporta firmeza y estabilidad, ideal si buscas un sujetador c\u00f3modo para diario que mantenga el pecho bien colocado [&hellip;]<\/p>\n","protected":false},"featured_media":1444,"comment_status":"open","ping_status":"closed","template":"","meta":{"content-type":""},"product_brand":[55],"product_cat":[25,20],"product_tag":[56,60],"class_list":{"0":"post-618","1":"product","2":"type-product","3":"status-publish","4":"has-post-thumbnail","6":"product_brand-selene","7":"product_cat-sin-aros","8":"product_cat-sujetador","9":"product_tag-sujetador","10":"product_tag-sujetador-sin-aros","12":"first","13":"instock","14":"taxable","15":"shipping-taxable","16":"purchasable","17":"product-type-variable"},"supplier_id":null,"supplier_sku":"","barcode":null,"atum_controlled":true,"out_stock_date":null,"out_stock_threshold":null,"inheritable":true,"inbound_stock":null,"stock_on_hold":0,"sold_today":0,"sales_last_days":0,"reserved_stock":null,"customer_returns":null,"warehouse_damage":null,"lost_in_post":null,"other_logs":null,"out_stock_days":0,"lost_sales":0,"has_location":false,"update_date":"2026-01-07T20:23:55","atum_locations":[],"atum_stock_status":"instock","restock_status":false,"low_stock_amount":"","sales_update_date":"2025-08-19T02:35:53","calc_backorders":null,"yoast_head":"<!-- This site is optimized with the Yoast SEO plugin v27.4 - https:\/\/yoast.com\/product\/yoast-seo-wordpress\/ -->\n<title>Sujetador Selene Maite - Rosana CL<\/title>\n<meta name=\"robots\" content=\"index, follow, max-snippet:-1, max-image-preview:large, max-video-preview:-1\" \/>\n<link rel=\"canonical\" href=\"https:\/\/rosanacl.com\/et\/toode\/sujetador-modelo-maite\/\" \/>\n<meta property=\"og:locale\" content=\"et_EE\" \/>\n<meta property=\"og:type\" content=\"article\" \/>\n<meta property=\"og:title\" content=\"Sujetador Selene Maite - Rosana CL\" \/>\n<meta property=\"og:description\" content=\"El sujetador Selene modelo Maite es de esos modelos que te solucionan el d\u00eda: l\u00ednea cl\u00e1sica, sin aros y sin relleno, con un patr\u00f3n pensado para dar sujeci\u00f3n de verdad sin apretar ni marcar. Su tejido Simplex aporta firmeza y estabilidad, ideal si buscas un sujetador c\u00f3modo para diario que mantenga el pecho bien colocado [&hellip;]\" \/>\n<meta property=\"og:url\" content=\"https:\/\/rosanacl.com\/et\/toode\/sujetador-modelo-maite\/\" \/>\n<meta property=\"og:site_name\" content=\"Rosana CL\" \/>\n<meta property=\"article:modified_time\" content=\"2026-01-07T20:23:54+00:00\" \/>\n<meta property=\"og:image\" content=\"https:\/\/rosanacl.com\/wp-content\/uploads\/2025\/04\/Sujetador-modelo-Maite-000001.webp\" \/>\n\t<meta property=\"og:image:width\" content=\"1000\" \/>\n\t<meta property=\"og:image:height\" content=\"1000\" \/>\n\t<meta property=\"og:image:type\" content=\"image\/webp\" \/>\n<meta name=\"twitter:card\" content=\"summary_large_image\" \/>\n<meta name=\"twitter:label1\" content=\"Est. reading time\" \/>\n\t<meta name=\"twitter:data1\" content=\"2 minutit\" \/>\n<script type=\"application\/ld+json\" class=\"yoast-schema-graph\">{\"@context\":\"https:\\\/\\\/schema.org\",\"@graph\":[{\"@type\":\"WebPage\",\"@id\":\"https:\\\/\\\/rosanacl.com\\\/producto\\\/sujetador-modelo-maite\\\/\",\"url\":\"https:\\\/\\\/rosanacl.com\\\/producto\\\/sujetador-modelo-maite\\\/\",\"name\":\"Sujetador Selene Maite - Rosana CL\",\"isPartOf\":{\"@id\":\"https:\\\/\\\/rosanacl.com\\\/ca\\\/#website\"},\"primaryImageOfPage\":{\"@id\":\"https:\\\/\\\/rosanacl.com\\\/producto\\\/sujetador-modelo-maite\\\/#primaryimage\"},\"image\":{\"@id\":\"https:\\\/\\\/rosanacl.com\\\/producto\\\/sujetador-modelo-maite\\\/#primaryimage\"},\"thumbnailUrl\":\"https:\\\/\\\/rosanacl.com\\\/wp-content\\\/uploads\\\/2025\\\/04\\\/Sujetador-modelo-Maite-000001.webp\",\"datePublished\":\"2025-04-29T17:20:58+00:00\",\"dateModified\":\"2026-01-07T20:23:54+00:00\",\"breadcrumb\":{\"@id\":\"https:\\\/\\\/rosanacl.com\\\/producto\\\/sujetador-modelo-maite\\\/#breadcrumb\"},\"inLanguage\":\"et\",\"potentialAction\":[{\"@type\":\"ReadAction\",\"target\":[\"https:\\\/\\\/rosanacl.com\\\/producto\\\/sujetador-modelo-maite\\\/\"]}]},{\"@type\":\"ImageObject\",\"inLanguage\":\"et\",\"@id\":\"https:\\\/\\\/rosanacl.com\\\/producto\\\/sujetador-modelo-maite\\\/#primaryimage\",\"url\":\"https:\\\/\\\/rosanacl.com\\\/wp-content\\\/uploads\\\/2025\\\/04\\\/Sujetador-modelo-Maite-000001.webp\",\"contentUrl\":\"https:\\\/\\\/rosanacl.com\\\/wp-content\\\/uploads\\\/2025\\\/04\\\/Sujetador-modelo-Maite-000001.webp\",\"width\":1000,\"height\":1000},{\"@type\":\"BreadcrumbList\",\"@id\":\"https:\\\/\\\/rosanacl.com\\\/producto\\\/sujetador-modelo-maite\\\/#breadcrumb\",\"itemListElement\":[{\"@type\":\"ListItem\",\"position\":1,\"name\":\"Portada\",\"item\":\"https:\\\/\\\/rosanacl.com\\\/ca\\\/\"},{\"@type\":\"ListItem\",\"position\":2,\"name\":\"Tienda\",\"item\":\"https:\\\/\\\/rosanacl.com\\\/ca\\\/tienda\\\/\"},{\"@type\":\"ListItem\",\"position\":3,\"name\":\"Sujetador Selene Maite\"}]},{\"@type\":\"WebSite\",\"@id\":\"https:\\\/\\\/rosanacl.com\\\/ca\\\/#website\",\"url\":\"https:\\\/\\\/rosanacl.com\\\/ca\\\/\",\"name\":\"Rosana CL\",\"description\":\"Somos tu interior\",\"potentialAction\":[{\"@type\":\"SearchAction\",\"target\":{\"@type\":\"EntryPoint\",\"urlTemplate\":\"https:\\\/\\\/rosanacl.com\\\/ca\\\/?s={search_term_string}\"},\"query-input\":{\"@type\":\"PropertyValueSpecification\",\"valueRequired\":true,\"valueName\":\"search_term_string\"}}],\"inLanguage\":\"et\"}]}<\/script>\n<!-- \/ Yoast SEO plugin. -->","yoast_head_json":{"title":"Sujetador Selene Maite - Rosana CL","robots":{"index":"index","follow":"follow","max-snippet":"max-snippet:-1","max-image-preview":"max-image-preview:large","max-video-preview":"max-video-preview:-1"},"canonical":"https:\/\/rosanacl.com\/et\/toode\/sujetador-modelo-maite\/","og_locale":"et_EE","og_type":"article","og_title":"Sujetador Selene Maite - Rosana CL","og_description":"El sujetador Selene modelo Maite es de esos modelos que te solucionan el d\u00eda: l\u00ednea cl\u00e1sica, sin aros y sin relleno, con un patr\u00f3n pensado para dar sujeci\u00f3n de verdad sin apretar ni marcar. Su tejido Simplex aporta firmeza y estabilidad, ideal si buscas un sujetador c\u00f3modo para diario que mantenga el pecho bien colocado [&hellip;]","og_url":"https:\/\/rosanacl.com\/et\/toode\/sujetador-modelo-maite\/","og_site_name":"Rosana CL","article_modified_time":"2026-01-07T20:23:54+00:00","og_image":[{"width":1000,"height":1000,"url":"https:\/\/rosanacl.com\/wp-content\/uploads\/2025\/04\/Sujetador-modelo-Maite-000001.webp","type":"image\/webp"}],"twitter_card":"summary_large_image","twitter_misc":{"Est. reading time":"2 minutit"},"schema":{"@context":"https:\/\/schema.org","@graph":[{"@type":"WebPage","@id":"https:\/\/rosanacl.com\/producto\/sujetador-modelo-maite\/","url":"https:\/\/rosanacl.com\/producto\/sujetador-modelo-maite\/","name":"Sujetador Selene Maite - Rosana CL","isPartOf":{"@id":"https:\/\/rosanacl.com\/ca\/#website"},"primaryImageOfPage":{"@id":"https:\/\/rosanacl.com\/producto\/sujetador-modelo-maite\/#primaryimage"},"image":{"@id":"https:\/\/rosanacl.com\/producto\/sujetador-modelo-maite\/#primaryimage"},"thumbnailUrl":"https:\/\/rosanacl.com\/wp-content\/uploads\/2025\/04\/Sujetador-modelo-Maite-000001.webp","datePublished":"2025-04-29T17:20:58+00:00","dateModified":"2026-01-07T20:23:54+00:00","breadcrumb":{"@id":"https:\/\/rosanacl.com\/producto\/sujetador-modelo-maite\/#breadcrumb"},"inLanguage":"et","potentialAction":[{"@type":"ReadAction","target":["https:\/\/rosanacl.com\/producto\/sujetador-modelo-maite\/"]}]},{"@type":"ImageObject","inLanguage":"et","@id":"https:\/\/rosanacl.com\/producto\/sujetador-modelo-maite\/#primaryimage","url":"https:\/\/rosanacl.com\/wp-content\/uploads\/2025\/04\/Sujetador-modelo-Maite-000001.webp","contentUrl":"https:\/\/rosanacl.com\/wp-content\/uploads\/2025\/04\/Sujetador-modelo-Maite-000001.webp","width":1000,"height":1000},{"@type":"BreadcrumbList","@id":"https:\/\/rosanacl.com\/producto\/sujetador-modelo-maite\/#breadcrumb","itemListElement":[{"@type":"ListItem","position":1,"name":"Portada","item":"https:\/\/rosanacl.com\/ca\/"},{"@type":"ListItem","position":2,"name":"Tienda","item":"https:\/\/rosanacl.com\/ca\/tienda\/"},{"@type":"ListItem","position":3,"name":"Sujetador Selene Maite"}]},{"@type":"WebSite","@id":"https:\/\/rosanacl.com\/ca\/#website","url":"https:\/\/rosanacl.com\/ca\/","name":"Rosana CL","description":"Me oleme teie interj\u00f6\u00f6r","potentialAction":[{"@type":"SearchAction","target":{"@type":"EntryPoint","urlTemplate":"https:\/\/rosanacl.com\/ca\/?s={search_term_string}"},"query-input":{"@type":"PropertyValueSpecification","valueRequired":true,"valueName":"search_term_string"}}],"inLanguage":"et"}]}},"_links":{"self":[{"href":"https:\/\/rosanacl.com\/et\/wp-json\/wp\/v2\/product\/618","targetHints":{"allow":["GET"]}}],"collection":[{"href":"https:\/\/rosanacl.com\/et\/wp-json\/wp\/v2\/product"}],"about":[{"href":"https:\/\/rosanacl.com\/et\/wp-json\/wp\/v2\/types\/product"}],"replies":[{"embeddable":true,"href":"https:\/\/rosanacl.com\/et\/wp-json\/wp\/v2\/comments?post=618"}],"version-history":[{"count":5,"href":"https:\/\/rosanacl.com\/et\/wp-json\/wp\/v2\/product\/618\/revisions"}],"predecessor-version":[{"id":4618,"href":"https:\/\/rosanacl.com\/et\/wp-json\/wp\/v2\/product\/618\/revisions\/4618"}],"wp:featuredmedia":[{"embeddable":true,"href":"https:\/\/rosanacl.com\/et\/wp-json\/wp\/v2\/media\/1444"}],"wp:attachment":[{"href":"https:\/\/rosanacl.com\/et\/wp-json\/wp\/v2\/media?parent=618"}],"wp:term":[{"taxonomy":"product_brand","embeddable":true,"href":"https:\/\/rosanacl.com\/et\/wp-json\/wp\/v2\/product_brand?post=618"},{"taxonomy":"product_cat","embeddable":true,"href":"https:\/\/rosanacl.com\/et\/wp-json\/wp\/v2\/product_cat?post=618"},{"taxonomy":"product_tag","embeddable":true,"href":"https:\/\/rosanacl.com\/et\/wp-json\/wp\/v2\/product_tag?post=618"}],"curies":[{"name":"wp","href":"https:\/\/api.w.org\/{rel}","templated":true}]}}