{"id":702,"date":"2025-04-29T19:44:59","date_gmt":"2025-04-29T17:44:59","guid":{"rendered":"https:\/\/rosanacl.com\/?post_type=product&#038;p=702"},"modified":"2026-01-07T21:19:50","modified_gmt":"2026-01-07T20:19:50","slug":"sujetador-modelo-betty","status":"publish","type":"product","link":"https:\/\/rosanacl.com\/et\/toode\/sujetador-modelo-betty\/","title":{"rendered":"Selene Betty rinnahoidja"},"content":{"rendered":"<p>Selene Betty rinnahoidja on loodud p\u00e4evadeks, mil soovid liibuvates r\u00f5ivastes laitmatu v\u00e4lja n\u00e4ha, ohverdamata mugavust. See on traadivaba ja polsterdamata, disainiga, mis visuaalselt silub ja pakub loomulikku tuge, mis tundub esimesest hetkest stabiilne, v\u00f5imaldades sul vabalt liikuda.<\/p>\n<p>Betty eriliseks teeb selle konstruktsioon: t\u00fclli ja laserl\u00f5ikuse p\u00f5imunud kihid varjavad ja minimeerivad ebatasasusi k\u00fclgedel ja kaenlaalustel, mille tulemuseks on puhtam viimistlus T-s\u00e4rkide, kleitide v\u00f5i muude \u00f5rnade r\u00f5ivaste all. Tulemuseks on viimistletum siluett, sujuvam istuvus ja meelitavam v\u00e4limus... ilma et keegi &quot;trikki&quot; m\u00e4rkaks.<\/p>\n<p>Detailid, mis sulle Betty kohta meeldivad<\/p>\n<ul>\n<li>Traadita: t\u00f5eline mugavus, surve puudumine.<\/li>\n<li>T\u00e4idiseta: loomulik ja kerge kuju.<\/li>\n<li>Ristt\u00fcll: kindel l\u00f5ige ja kroogitud efekt.<\/li>\n<li>Laserl\u00f5ikus: puhtam ja diskreetsem viimistlus riiete all.<\/li>\n<li>K\u00fclgede ja kaenlaaluste katmine: silub visuaalselt ja stiliseerib figuuri.<\/li>\n<\/ul>\n<p>\ud83d\udde3\ufe0f Nipp: Betty on \u00fcks neist r\u00f5ivastest, mis pingutuseta &quot;vormib&quot; sinu siluetti: paned selle selga ja tunned voolujoonelisemat v\u00f6\u00f6kohta, siledamaid k\u00fclgi ja l\u00f5\u00f5gastavat, survevaba mugavust. Ideaalne p\u00e4evadeks, mil kannad liibuvaid riideid ja soovid laitmatu v\u00e4lja n\u00e4ha... aga samas liikuda t\u00e4ieliku liikumisvabadusega.<\/p>\n<p>\ud83d\udccf M\u00e4rkus: Ideaalse sobivuse tagamiseks on siin l\u00fchike juhend: kui sulle meeldib kitsas ja voolujoonelisem l\u00f5ige, vali oma tavap\u00e4rane suurus; kui oled kahe suuruse vahel v\u00f5i eelistad rinna\/kaenlaaluste \u00fcmber pehmemat l\u00f5iget, vali \u00fcks suurus suurem. Ja kui sa pole kindel, m\u00f5\u00f5da enne otsuse langetamist oma rinna alt \u00fcmberm\u00f5\u00f5tu ja v\u00f5rdle seda suurustabeliga.<\/p>\n<p>Koostis: 85% pol\u00fcamiid \/ 15% elastaan.<\/p>\n<p>\ud83e\udde9 Sobib ideaalselt sinna, kus teised eba\u00f5nnestuvad: k\u00fclgedele ja kaenlaalustesse, kontrolli all hoidmiseks.<\/p>","protected":false},"excerpt":{"rendered":"<p>El sujetador Selene modelo Betty est\u00e1 pensado para esos d\u00edas en los que quieres verte impecable con ropa ajustada, pero sin renunciar a ir c\u00f3moda. Es sin aros y sin relleno, con un dise\u00f1o que alisa visualmente y aporta una sujeci\u00f3n natural, de las que se sienten estables desde el primer momento y te permiten [&hellip;]<\/p>\n","protected":false},"featured_media":2539,"comment_status":"open","ping_status":"closed","template":"","meta":{"content-type":""},"product_brand":[55],"product_cat":[105,25,20],"product_tag":[56,60],"class_list":{"0":"post-702","1":"product","2":"type-product","3":"status-publish","4":"has-post-thumbnail","6":"product_brand-selene","7":"product_cat-betty","8":"product_cat-sin-aros","9":"product_cat-sujetador","10":"product_tag-sujetador","11":"product_tag-sujetador-sin-aros","13":"first","14":"instock","15":"taxable","16":"shipping-taxable","17":"purchasable","18":"product-type-variable"},"supplier_id":null,"supplier_sku":"","barcode":null,"atum_controlled":true,"out_stock_date":null,"out_stock_threshold":null,"inheritable":true,"inbound_stock":null,"stock_on_hold":0,"sold_today":0,"sales_last_days":0,"reserved_stock":null,"customer_returns":null,"warehouse_damage":null,"lost_in_post":null,"other_logs":null,"out_stock_days":0,"lost_sales":0,"has_location":false,"update_date":"2026-01-07T20:19:51","atum_locations":[],"atum_stock_status":"instock","restock_status":false,"low_stock_amount":"","sales_update_date":"2025-08-19T02:35:53","calc_backorders":null,"yoast_head":"<!-- This site is optimized with the Yoast SEO plugin v27.4 - https:\/\/yoast.com\/product\/yoast-seo-wordpress\/ -->\n<title>Sujetador Selene Betty - Rosana CL<\/title>\n<meta name=\"robots\" content=\"index, follow, max-snippet:-1, max-image-preview:large, max-video-preview:-1\" \/>\n<link rel=\"canonical\" href=\"https:\/\/rosanacl.com\/et\/toode\/sujetador-modelo-betty\/\" \/>\n<meta property=\"og:locale\" content=\"et_EE\" \/>\n<meta property=\"og:type\" content=\"article\" \/>\n<meta property=\"og:title\" content=\"Sujetador Selene Betty - Rosana CL\" \/>\n<meta property=\"og:description\" content=\"El sujetador Selene modelo Betty est\u00e1 pensado para esos d\u00edas en los que quieres verte impecable con ropa ajustada, pero sin renunciar a ir c\u00f3moda. Es sin aros y sin relleno, con un dise\u00f1o que alisa visualmente y aporta una sujeci\u00f3n natural, de las que se sienten estables desde el primer momento y te permiten [&hellip;]\" \/>\n<meta property=\"og:url\" content=\"https:\/\/rosanacl.com\/et\/toode\/sujetador-modelo-betty\/\" \/>\n<meta property=\"og:site_name\" content=\"Rosana CL\" \/>\n<meta property=\"article:modified_time\" content=\"2026-01-07T20:19:50+00:00\" \/>\n<meta property=\"og:image\" content=\"https:\/\/rosanacl.com\/wp-content\/uploads\/2025\/04\/sujetadorbetty-e1756816663162.jpg\" \/>\n\t<meta property=\"og:image:width\" content=\"833\" \/>\n\t<meta property=\"og:image:height\" content=\"1086\" \/>\n\t<meta property=\"og:image:type\" content=\"image\/jpeg\" \/>\n<meta name=\"twitter:card\" content=\"summary_large_image\" \/>\n<meta name=\"twitter:label1\" content=\"Est. reading time\" \/>\n\t<meta name=\"twitter:data1\" content=\"2 minutit\" \/>\n<script type=\"application\/ld+json\" class=\"yoast-schema-graph\">{\"@context\":\"https:\\\/\\\/schema.org\",\"@graph\":[{\"@type\":\"WebPage\",\"@id\":\"https:\\\/\\\/rosanacl.com\\\/producto\\\/sujetador-modelo-betty\\\/\",\"url\":\"https:\\\/\\\/rosanacl.com\\\/producto\\\/sujetador-modelo-betty\\\/\",\"name\":\"Sujetador Selene Betty - Rosana CL\",\"isPartOf\":{\"@id\":\"https:\\\/\\\/rosanacl.com\\\/ca\\\/#website\"},\"primaryImageOfPage\":{\"@id\":\"https:\\\/\\\/rosanacl.com\\\/producto\\\/sujetador-modelo-betty\\\/#primaryimage\"},\"image\":{\"@id\":\"https:\\\/\\\/rosanacl.com\\\/producto\\\/sujetador-modelo-betty\\\/#primaryimage\"},\"thumbnailUrl\":\"https:\\\/\\\/rosanacl.com\\\/wp-content\\\/uploads\\\/2025\\\/04\\\/sujetadorbetty-e1756816663162.jpg\",\"datePublished\":\"2025-04-29T17:44:59+00:00\",\"dateModified\":\"2026-01-07T20:19:50+00:00\",\"breadcrumb\":{\"@id\":\"https:\\\/\\\/rosanacl.com\\\/producto\\\/sujetador-modelo-betty\\\/#breadcrumb\"},\"inLanguage\":\"et\",\"potentialAction\":[{\"@type\":\"ReadAction\",\"target\":[\"https:\\\/\\\/rosanacl.com\\\/producto\\\/sujetador-modelo-betty\\\/\"]}]},{\"@type\":\"ImageObject\",\"inLanguage\":\"et\",\"@id\":\"https:\\\/\\\/rosanacl.com\\\/producto\\\/sujetador-modelo-betty\\\/#primaryimage\",\"url\":\"https:\\\/\\\/rosanacl.com\\\/wp-content\\\/uploads\\\/2025\\\/04\\\/sujetadorbetty-e1756816663162.jpg\",\"contentUrl\":\"https:\\\/\\\/rosanacl.com\\\/wp-content\\\/uploads\\\/2025\\\/04\\\/sujetadorbetty-e1756816663162.jpg\",\"width\":833,\"height\":1086},{\"@type\":\"BreadcrumbList\",\"@id\":\"https:\\\/\\\/rosanacl.com\\\/producto\\\/sujetador-modelo-betty\\\/#breadcrumb\",\"itemListElement\":[{\"@type\":\"ListItem\",\"position\":1,\"name\":\"Portada\",\"item\":\"https:\\\/\\\/rosanacl.com\\\/ca\\\/\"},{\"@type\":\"ListItem\",\"position\":2,\"name\":\"Tienda\",\"item\":\"https:\\\/\\\/rosanacl.com\\\/ca\\\/tienda\\\/\"},{\"@type\":\"ListItem\",\"position\":3,\"name\":\"Sujetador Selene Betty\"}]},{\"@type\":\"WebSite\",\"@id\":\"https:\\\/\\\/rosanacl.com\\\/ca\\\/#website\",\"url\":\"https:\\\/\\\/rosanacl.com\\\/ca\\\/\",\"name\":\"Rosana CL\",\"description\":\"Somos tu interior\",\"potentialAction\":[{\"@type\":\"SearchAction\",\"target\":{\"@type\":\"EntryPoint\",\"urlTemplate\":\"https:\\\/\\\/rosanacl.com\\\/ca\\\/?s={search_term_string}\"},\"query-input\":{\"@type\":\"PropertyValueSpecification\",\"valueRequired\":true,\"valueName\":\"search_term_string\"}}],\"inLanguage\":\"et\"}]}<\/script>\n<!-- \/ Yoast SEO plugin. -->","yoast_head_json":{"title":"Sujetador Selene Betty - Rosana CL","robots":{"index":"index","follow":"follow","max-snippet":"max-snippet:-1","max-image-preview":"max-image-preview:large","max-video-preview":"max-video-preview:-1"},"canonical":"https:\/\/rosanacl.com\/et\/toode\/sujetador-modelo-betty\/","og_locale":"et_EE","og_type":"article","og_title":"Sujetador Selene Betty - Rosana CL","og_description":"El sujetador Selene modelo Betty est\u00e1 pensado para esos d\u00edas en los que quieres verte impecable con ropa ajustada, pero sin renunciar a ir c\u00f3moda. Es sin aros y sin relleno, con un dise\u00f1o que alisa visualmente y aporta una sujeci\u00f3n natural, de las que se sienten estables desde el primer momento y te permiten [&hellip;]","og_url":"https:\/\/rosanacl.com\/et\/toode\/sujetador-modelo-betty\/","og_site_name":"Rosana CL","article_modified_time":"2026-01-07T20:19:50+00:00","og_image":[{"width":833,"height":1086,"url":"https:\/\/rosanacl.com\/wp-content\/uploads\/2025\/04\/sujetadorbetty-e1756816663162.jpg","type":"image\/jpeg"}],"twitter_card":"summary_large_image","twitter_misc":{"Est. reading time":"2 minutit"},"schema":{"@context":"https:\/\/schema.org","@graph":[{"@type":"WebPage","@id":"https:\/\/rosanacl.com\/producto\/sujetador-modelo-betty\/","url":"https:\/\/rosanacl.com\/producto\/sujetador-modelo-betty\/","name":"Sujetador Selene Betty - Rosana CL","isPartOf":{"@id":"https:\/\/rosanacl.com\/ca\/#website"},"primaryImageOfPage":{"@id":"https:\/\/rosanacl.com\/producto\/sujetador-modelo-betty\/#primaryimage"},"image":{"@id":"https:\/\/rosanacl.com\/producto\/sujetador-modelo-betty\/#primaryimage"},"thumbnailUrl":"https:\/\/rosanacl.com\/wp-content\/uploads\/2025\/04\/sujetadorbetty-e1756816663162.jpg","datePublished":"2025-04-29T17:44:59+00:00","dateModified":"2026-01-07T20:19:50+00:00","breadcrumb":{"@id":"https:\/\/rosanacl.com\/producto\/sujetador-modelo-betty\/#breadcrumb"},"inLanguage":"et","potentialAction":[{"@type":"ReadAction","target":["https:\/\/rosanacl.com\/producto\/sujetador-modelo-betty\/"]}]},{"@type":"ImageObject","inLanguage":"et","@id":"https:\/\/rosanacl.com\/producto\/sujetador-modelo-betty\/#primaryimage","url":"https:\/\/rosanacl.com\/wp-content\/uploads\/2025\/04\/sujetadorbetty-e1756816663162.jpg","contentUrl":"https:\/\/rosanacl.com\/wp-content\/uploads\/2025\/04\/sujetadorbetty-e1756816663162.jpg","width":833,"height":1086},{"@type":"BreadcrumbList","@id":"https:\/\/rosanacl.com\/producto\/sujetador-modelo-betty\/#breadcrumb","itemListElement":[{"@type":"ListItem","position":1,"name":"Portada","item":"https:\/\/rosanacl.com\/ca\/"},{"@type":"ListItem","position":2,"name":"Tienda","item":"https:\/\/rosanacl.com\/ca\/tienda\/"},{"@type":"ListItem","position":3,"name":"Sujetador Selene Betty"}]},{"@type":"WebSite","@id":"https:\/\/rosanacl.com\/ca\/#website","url":"https:\/\/rosanacl.com\/ca\/","name":"Rosana CL","description":"Me oleme teie interj\u00f6\u00f6r","potentialAction":[{"@type":"SearchAction","target":{"@type":"EntryPoint","urlTemplate":"https:\/\/rosanacl.com\/ca\/?s={search_term_string}"},"query-input":{"@type":"PropertyValueSpecification","valueRequired":true,"valueName":"search_term_string"}}],"inLanguage":"et"}]}},"_links":{"self":[{"href":"https:\/\/rosanacl.com\/et\/wp-json\/wp\/v2\/product\/702","targetHints":{"allow":["GET"]}}],"collection":[{"href":"https:\/\/rosanacl.com\/et\/wp-json\/wp\/v2\/product"}],"about":[{"href":"https:\/\/rosanacl.com\/et\/wp-json\/wp\/v2\/types\/product"}],"replies":[{"embeddable":true,"href":"https:\/\/rosanacl.com\/et\/wp-json\/wp\/v2\/comments?post=702"}],"version-history":[{"count":5,"href":"https:\/\/rosanacl.com\/et\/wp-json\/wp\/v2\/product\/702\/revisions"}],"predecessor-version":[{"id":4617,"href":"https:\/\/rosanacl.com\/et\/wp-json\/wp\/v2\/product\/702\/revisions\/4617"}],"wp:featuredmedia":[{"embeddable":true,"href":"https:\/\/rosanacl.com\/et\/wp-json\/wp\/v2\/media\/2539"}],"wp:attachment":[{"href":"https:\/\/rosanacl.com\/et\/wp-json\/wp\/v2\/media?parent=702"}],"wp:term":[{"taxonomy":"product_brand","embeddable":true,"href":"https:\/\/rosanacl.com\/et\/wp-json\/wp\/v2\/product_brand?post=702"},{"taxonomy":"product_cat","embeddable":true,"href":"https:\/\/rosanacl.com\/et\/wp-json\/wp\/v2\/product_cat?post=702"},{"taxonomy":"product_tag","embeddable":true,"href":"https:\/\/rosanacl.com\/et\/wp-json\/wp\/v2\/product_tag?post=702"}],"curies":[{"name":"wp","href":"https:\/\/api.w.org\/{rel}","templated":true}]}}