{"id":931,"date":"2025-04-29T20:22:55","date_gmt":"2025-04-29T18:22:55","guid":{"rendered":"https:\/\/rosanacl.com\/?post_type=product&#038;p=931"},"modified":"2026-01-07T21:01:25","modified_gmt":"2026-01-07T20:01:25","slug":"sujetador-modelo-fabiola","status":"publish","type":"product","link":"https:\/\/rosanacl.com\/et\/toode\/sujetador-modelo-fabiola\/","title":{"rendered":"Selene Fabiola rinnahoidja"},"content":{"rendered":"<p>Selene Fabiola rinnahoidja on loodud olukordadeks, kus soovid t\u00f5elist mugavust, ohverdamata kaunist siluetti. Sellel on traadialused ja vahekorvid ning tehniline kangas, mis kohandub rinna\u00fcmberm\u00f5\u00f5duga, pakkudes kerget ja v\u00e4ga meeldivat tunnet, ideaalne igap\u00e4evaseks kandmiseks pesupoes, kus klient otsib midagi, mis &quot;lihtsalt paneb selga ja unustab&quot;.<\/p>\n<p>Fabiola rinnahoidja eriliseks teeb see, kuidas see \u00fchendab toe ja hingavuse: vahekorvil on ventileeritud sisemine struktuur, mis aitab reguleerida soojust ja s\u00e4ilitab mugavuse tundide kaupa. Lisaks on see valmistatud deformeerumatust kangast, nii et korv taastab oma kuju ja rinnahoidja n\u00e4eb kauem laitmatu v\u00e4lja.<\/p>\n<p>Mis sulle Fabiola juures k\u00f5ige rohkem meeldib<\/p>\n<ul>\n<li>Traadiga vahekorv: stabiilne tugi v\u00e4ga kerge tundega.<\/li>\n<li>Hea hingavus: ventileeritud struktuur suurema v\u00e4rskuse tagamiseks.<\/li>\n<li>Rindkere kohanemisv\u00f5ime: see sobib h\u00e4sti ilma j\u00e4ikust v\u00f5i raskust tundmata.<\/li>\n<li>Mittedeformeeruv kangas: hoiab tassi kena ja heas korras.<\/li>\n<\/ul>\n<p>\ud83d\udde3\ufe0f Nipp: Fabiola on \u00fcks neist rinnahoidjatest, mis annab sulle v\u00e4rskustunde ja samal ajal ka tunde, et &quot;k\u00f5ik on paigas&quot;: see toetab ilma liigse surveta, tundub kerge ja j\u00e4tab igap\u00e4evaeluks rahuliku tunde (\u00fcks neist rinnahoidjatest, mille paned selga ja unustad).<\/p>\n<p>\ud83d\udccf M\u00e4rkus: Esimese korra \u00f5igeks valimiseks kontrolli oma rinna\u00fcmberm\u00f5\u00f5tu ja seda, kuidas sulle meeldib sobivus: kui eelistad kindlat ja stabiilset sobivust, siis j\u00e4\u00e4 oma tavap\u00e4rase suuruse juurde; kui oled kahe suuruse vahel v\u00f5i soovid rinna\u00fcmberm\u00f5\u00f5tu suurendada, vali \u00fcks suurus suurem. Kui sa pole kindel, m\u00f5\u00f5da ja v\u00f5rdle enne valimist.<\/p>\n<p>Koostis: 70% pol\u00fcester \/ 21% pol\u00fcamiid \/ 9% elastaan.<\/p>\n<p>\ud83c\udf2c\ufe0f V\u00e4rskus ja tugi, mida saad tunda (ja nautida)<\/p>\n<p>&nbsp;<\/p>\n<div id=\"v1ms-outlook-mobile-body-separator-line\" dir=\"auto\"><\/div>","protected":false},"excerpt":{"rendered":"<p>El sujetador Selene modelo Fabiola est\u00e1 pensado para cuando quieres comodidad de verdad sin renunciar a una silueta bonita. Lleva aros y copa spacer, un tejido t\u00e9cnico que se adapta al pecho con una sensaci\u00f3n ligera y muy agradable, ideal para el d\u00eda a d\u00eda en una tienda de lencer\u00eda donde la clienta busca \u00abme [&hellip;]<\/p>\n","protected":false},"featured_media":982,"comment_status":"open","ping_status":"closed","template":"","meta":{"content-type":""},"product_brand":[55],"product_cat":[26,20],"product_tag":[56,62],"class_list":{"0":"post-931","1":"product","2":"type-product","3":"status-publish","4":"has-post-thumbnail","6":"product_brand-selene","7":"product_cat-con-aros-y-relleno","8":"product_cat-sujetador","9":"product_tag-sujetador","10":"product_tag-sujetador-con-aros-y-rellenos","12":"first","13":"instock","14":"taxable","15":"shipping-taxable","16":"purchasable","17":"product-type-variable"},"supplier_id":null,"supplier_sku":"","barcode":null,"atum_controlled":true,"out_stock_date":null,"out_stock_threshold":null,"inheritable":true,"inbound_stock":null,"stock_on_hold":0,"sold_today":0,"sales_last_days":0,"reserved_stock":null,"customer_returns":null,"warehouse_damage":null,"lost_in_post":null,"other_logs":null,"out_stock_days":0,"lost_sales":0,"has_location":false,"update_date":"2026-01-07T20:01:25","atum_locations":[],"atum_stock_status":"instock","restock_status":false,"low_stock_amount":"","sales_update_date":"2025-08-19T02:35:53","calc_backorders":null,"yoast_head":"<!-- This site is optimized with the Yoast SEO plugin v27.4 - https:\/\/yoast.com\/product\/yoast-seo-wordpress\/ -->\n<title>Sujetador Selene Fabiola - Rosana CL<\/title>\n<meta name=\"robots\" content=\"index, follow, max-snippet:-1, max-image-preview:large, max-video-preview:-1\" \/>\n<link rel=\"canonical\" href=\"https:\/\/rosanacl.com\/et\/toode\/sujetador-modelo-fabiola\/\" \/>\n<meta property=\"og:locale\" content=\"et_EE\" \/>\n<meta property=\"og:type\" content=\"article\" \/>\n<meta property=\"og:title\" content=\"Sujetador Selene Fabiola - Rosana CL\" \/>\n<meta property=\"og:description\" content=\"El sujetador Selene modelo Fabiola est\u00e1 pensado para cuando quieres comodidad de verdad sin renunciar a una silueta bonita. Lleva aros y copa spacer, un tejido t\u00e9cnico que se adapta al pecho con una sensaci\u00f3n ligera y muy agradable, ideal para el d\u00eda a d\u00eda en una tienda de lencer\u00eda donde la clienta busca \u00abme [&hellip;]\" \/>\n<meta property=\"og:url\" content=\"https:\/\/rosanacl.com\/et\/toode\/sujetador-modelo-fabiola\/\" \/>\n<meta property=\"og:site_name\" content=\"Rosana CL\" \/>\n<meta property=\"article:modified_time\" content=\"2026-01-07T20:01:25+00:00\" \/>\n<meta property=\"og:image\" content=\"https:\/\/rosanacl.com\/wp-content\/uploads\/2025\/04\/Sujetador-Selene-modelo-Fabiola_00001.webp\" \/>\n\t<meta property=\"og:image:width\" content=\"1000\" \/>\n\t<meta property=\"og:image:height\" content=\"1000\" \/>\n\t<meta property=\"og:image:type\" content=\"image\/webp\" \/>\n<meta name=\"twitter:card\" content=\"summary_large_image\" \/>\n<meta name=\"twitter:label1\" content=\"Est. reading time\" \/>\n\t<meta name=\"twitter:data1\" content=\"2 minutit\" \/>\n<script type=\"application\/ld+json\" class=\"yoast-schema-graph\">{\"@context\":\"https:\\\/\\\/schema.org\",\"@graph\":[{\"@type\":\"WebPage\",\"@id\":\"https:\\\/\\\/rosanacl.com\\\/producto\\\/sujetador-modelo-fabiola\\\/\",\"url\":\"https:\\\/\\\/rosanacl.com\\\/producto\\\/sujetador-modelo-fabiola\\\/\",\"name\":\"Sujetador Selene Fabiola - Rosana CL\",\"isPartOf\":{\"@id\":\"https:\\\/\\\/rosanacl.com\\\/ca\\\/#website\"},\"primaryImageOfPage\":{\"@id\":\"https:\\\/\\\/rosanacl.com\\\/producto\\\/sujetador-modelo-fabiola\\\/#primaryimage\"},\"image\":{\"@id\":\"https:\\\/\\\/rosanacl.com\\\/producto\\\/sujetador-modelo-fabiola\\\/#primaryimage\"},\"thumbnailUrl\":\"https:\\\/\\\/rosanacl.com\\\/wp-content\\\/uploads\\\/2025\\\/04\\\/Sujetador-Selene-modelo-Fabiola_00001.webp\",\"datePublished\":\"2025-04-29T18:22:55+00:00\",\"dateModified\":\"2026-01-07T20:01:25+00:00\",\"breadcrumb\":{\"@id\":\"https:\\\/\\\/rosanacl.com\\\/producto\\\/sujetador-modelo-fabiola\\\/#breadcrumb\"},\"inLanguage\":\"et\",\"potentialAction\":[{\"@type\":\"ReadAction\",\"target\":[\"https:\\\/\\\/rosanacl.com\\\/producto\\\/sujetador-modelo-fabiola\\\/\"]}]},{\"@type\":\"ImageObject\",\"inLanguage\":\"et\",\"@id\":\"https:\\\/\\\/rosanacl.com\\\/producto\\\/sujetador-modelo-fabiola\\\/#primaryimage\",\"url\":\"https:\\\/\\\/rosanacl.com\\\/wp-content\\\/uploads\\\/2025\\\/04\\\/Sujetador-Selene-modelo-Fabiola_00001.webp\",\"contentUrl\":\"https:\\\/\\\/rosanacl.com\\\/wp-content\\\/uploads\\\/2025\\\/04\\\/Sujetador-Selene-modelo-Fabiola_00001.webp\",\"width\":1000,\"height\":1000},{\"@type\":\"BreadcrumbList\",\"@id\":\"https:\\\/\\\/rosanacl.com\\\/producto\\\/sujetador-modelo-fabiola\\\/#breadcrumb\",\"itemListElement\":[{\"@type\":\"ListItem\",\"position\":1,\"name\":\"Portada\",\"item\":\"https:\\\/\\\/rosanacl.com\\\/ca\\\/\"},{\"@type\":\"ListItem\",\"position\":2,\"name\":\"Tienda\",\"item\":\"https:\\\/\\\/rosanacl.com\\\/ca\\\/tienda\\\/\"},{\"@type\":\"ListItem\",\"position\":3,\"name\":\"Sujetador Selene Fabiola\"}]},{\"@type\":\"WebSite\",\"@id\":\"https:\\\/\\\/rosanacl.com\\\/ca\\\/#website\",\"url\":\"https:\\\/\\\/rosanacl.com\\\/ca\\\/\",\"name\":\"Rosana CL\",\"description\":\"Somos tu interior\",\"potentialAction\":[{\"@type\":\"SearchAction\",\"target\":{\"@type\":\"EntryPoint\",\"urlTemplate\":\"https:\\\/\\\/rosanacl.com\\\/ca\\\/?s={search_term_string}\"},\"query-input\":{\"@type\":\"PropertyValueSpecification\",\"valueRequired\":true,\"valueName\":\"search_term_string\"}}],\"inLanguage\":\"et\"}]}<\/script>\n<!-- \/ Yoast SEO plugin. -->","yoast_head_json":{"title":"Sujetador Selene Fabiola - Rosana CL","robots":{"index":"index","follow":"follow","max-snippet":"max-snippet:-1","max-image-preview":"max-image-preview:large","max-video-preview":"max-video-preview:-1"},"canonical":"https:\/\/rosanacl.com\/et\/toode\/sujetador-modelo-fabiola\/","og_locale":"et_EE","og_type":"article","og_title":"Sujetador Selene Fabiola - Rosana CL","og_description":"El sujetador Selene modelo Fabiola est\u00e1 pensado para cuando quieres comodidad de verdad sin renunciar a una silueta bonita. Lleva aros y copa spacer, un tejido t\u00e9cnico que se adapta al pecho con una sensaci\u00f3n ligera y muy agradable, ideal para el d\u00eda a d\u00eda en una tienda de lencer\u00eda donde la clienta busca \u00abme [&hellip;]","og_url":"https:\/\/rosanacl.com\/et\/toode\/sujetador-modelo-fabiola\/","og_site_name":"Rosana CL","article_modified_time":"2026-01-07T20:01:25+00:00","og_image":[{"width":1000,"height":1000,"url":"https:\/\/rosanacl.com\/wp-content\/uploads\/2025\/04\/Sujetador-Selene-modelo-Fabiola_00001.webp","type":"image\/webp"}],"twitter_card":"summary_large_image","twitter_misc":{"Est. reading time":"2 minutit"},"schema":{"@context":"https:\/\/schema.org","@graph":[{"@type":"WebPage","@id":"https:\/\/rosanacl.com\/producto\/sujetador-modelo-fabiola\/","url":"https:\/\/rosanacl.com\/producto\/sujetador-modelo-fabiola\/","name":"Sujetador Selene Fabiola - Rosana CL","isPartOf":{"@id":"https:\/\/rosanacl.com\/ca\/#website"},"primaryImageOfPage":{"@id":"https:\/\/rosanacl.com\/producto\/sujetador-modelo-fabiola\/#primaryimage"},"image":{"@id":"https:\/\/rosanacl.com\/producto\/sujetador-modelo-fabiola\/#primaryimage"},"thumbnailUrl":"https:\/\/rosanacl.com\/wp-content\/uploads\/2025\/04\/Sujetador-Selene-modelo-Fabiola_00001.webp","datePublished":"2025-04-29T18:22:55+00:00","dateModified":"2026-01-07T20:01:25+00:00","breadcrumb":{"@id":"https:\/\/rosanacl.com\/producto\/sujetador-modelo-fabiola\/#breadcrumb"},"inLanguage":"et","potentialAction":[{"@type":"ReadAction","target":["https:\/\/rosanacl.com\/producto\/sujetador-modelo-fabiola\/"]}]},{"@type":"ImageObject","inLanguage":"et","@id":"https:\/\/rosanacl.com\/producto\/sujetador-modelo-fabiola\/#primaryimage","url":"https:\/\/rosanacl.com\/wp-content\/uploads\/2025\/04\/Sujetador-Selene-modelo-Fabiola_00001.webp","contentUrl":"https:\/\/rosanacl.com\/wp-content\/uploads\/2025\/04\/Sujetador-Selene-modelo-Fabiola_00001.webp","width":1000,"height":1000},{"@type":"BreadcrumbList","@id":"https:\/\/rosanacl.com\/producto\/sujetador-modelo-fabiola\/#breadcrumb","itemListElement":[{"@type":"ListItem","position":1,"name":"Portada","item":"https:\/\/rosanacl.com\/ca\/"},{"@type":"ListItem","position":2,"name":"Tienda","item":"https:\/\/rosanacl.com\/ca\/tienda\/"},{"@type":"ListItem","position":3,"name":"Sujetador Selene Fabiola"}]},{"@type":"WebSite","@id":"https:\/\/rosanacl.com\/ca\/#website","url":"https:\/\/rosanacl.com\/ca\/","name":"Rosana CL","description":"Me oleme teie interj\u00f6\u00f6r","potentialAction":[{"@type":"SearchAction","target":{"@type":"EntryPoint","urlTemplate":"https:\/\/rosanacl.com\/ca\/?s={search_term_string}"},"query-input":{"@type":"PropertyValueSpecification","valueRequired":true,"valueName":"search_term_string"}}],"inLanguage":"et"}]}},"_links":{"self":[{"href":"https:\/\/rosanacl.com\/et\/wp-json\/wp\/v2\/product\/931","targetHints":{"allow":["GET"]}}],"collection":[{"href":"https:\/\/rosanacl.com\/et\/wp-json\/wp\/v2\/product"}],"about":[{"href":"https:\/\/rosanacl.com\/et\/wp-json\/wp\/v2\/types\/product"}],"replies":[{"embeddable":true,"href":"https:\/\/rosanacl.com\/et\/wp-json\/wp\/v2\/comments?post=931"}],"version-history":[{"count":5,"href":"https:\/\/rosanacl.com\/et\/wp-json\/wp\/v2\/product\/931\/revisions"}],"predecessor-version":[{"id":4613,"href":"https:\/\/rosanacl.com\/et\/wp-json\/wp\/v2\/product\/931\/revisions\/4613"}],"wp:featuredmedia":[{"embeddable":true,"href":"https:\/\/rosanacl.com\/et\/wp-json\/wp\/v2\/media\/982"}],"wp:attachment":[{"href":"https:\/\/rosanacl.com\/et\/wp-json\/wp\/v2\/media?parent=931"}],"wp:term":[{"taxonomy":"product_brand","embeddable":true,"href":"https:\/\/rosanacl.com\/et\/wp-json\/wp\/v2\/product_brand?post=931"},{"taxonomy":"product_cat","embeddable":true,"href":"https:\/\/rosanacl.com\/et\/wp-json\/wp\/v2\/product_cat?post=931"},{"taxonomy":"product_tag","embeddable":true,"href":"https:\/\/rosanacl.com\/et\/wp-json\/wp\/v2\/product_tag?post=931"}],"curies":[{"name":"wp","href":"https:\/\/api.w.org\/{rel}","templated":true}]}}