{"id":16,"date":"2025-03-28T15:59:16","date_gmt":"2025-03-28T18:59:16","guid":{"rendered":"https:\/\/innovacon.simplificandotuweb.com\/?page_id=16"},"modified":"2025-07-09T08:54:15","modified_gmt":"2025-07-09T06:54:15","slug":"politica-de-cookies","status":"publish","type":"page","link":"https:\/\/rosanacl.com\/eu\/politica-de-cookies\/","title":{"rendered":"Cookien politika"},"content":{"rendered":"<div data-elementor-type=\"wp-page\" data-elementor-id=\"16\" class=\"elementor elementor-16\" data-elementor-post-type=\"page\">\n\t\t\t\t<div class=\"elementor-element elementor-element-3406fa7 e-flex e-con-boxed e-con e-parent\" data-id=\"3406fa7\" data-element_type=\"container\" data-e-type=\"container\" data-settings=\"{&quot;background_background&quot;:&quot;classic&quot;}\">\n\t\t\t\t\t<div class=\"e-con-inner\">\n\t\t<div class=\"elementor-element elementor-element-d212998 e-con-full e-flex e-con e-child\" data-id=\"d212998\" data-element_type=\"container\" data-e-type=\"container\">\n\t\t\t\t<div class=\"elementor-element elementor-element-973e9ce elementor-widget elementor-widget-heading\" data-id=\"973e9ce\" data-element_type=\"widget\" data-e-type=\"widget\" data-widget_type=\"heading.default\">\n\t\t\t\t<div class=\"elementor-widget-container\">\n\t\t\t\t\t<h2 class=\"elementor-heading-title elementor-size-default\">Cookien politika<\/h2>\t\t\t\t<\/div>\n\t\t\t\t<\/div>\n\t\t\t\t<\/div>\n\t\t\t\t\t<\/div>\n\t\t\t\t<\/div>\n\t\t<div class=\"elementor-element elementor-element-504b4f4d e-flex e-con-boxed e-con e-parent\" data-id=\"504b4f4d\" data-element_type=\"container\" data-e-type=\"container\">\n\t\t\t\t\t<div class=\"e-con-inner\">\n\t\t\t\t<div class=\"elementor-element elementor-element-36706845 elementor-widget elementor-widget-text-editor\" data-id=\"36706845\" data-element_type=\"widget\" data-e-type=\"widget\" data-widget_type=\"text-editor.default\">\n\t\t\t\t<div class=\"elementor-widget-container\">\n\t\t\t\t\t\t\t\t\t\n<p>Cookie Politika hau azken aldiz 2024ko urtarrilaren 8an eguneratu zen eta Europako Esparru Ekonomikoko eta Suitzako herritarrei eta legezko egoiliar iraunkorrei aplikatzen zaie.<\/p>\n\n<p><strong>1. Sarrera<\/strong><\/p>\n\n<p>Gure webgunea, <a href=\"https:\/\/rosanacl.com\/eu\/\">https:\/\/rosanacl.com\/<\/a> (aurrerantzean: &quot;webgunea&quot;) cookieak eta erlazionatutako beste teknologia batzuk erabiltzen ditu (erosotasunerako, teknologia guztiei &quot;cookie&quot; deituko zaie). Cookieak kontratatutako hirugarrenek ere jartzen dituzte. Hurrengo dokumentuak gure webgunean cookien erabilerari buruzko informazioa ematen dizu.<\/p>\n\n<p><strong>2. Zer dira cookieak?<\/strong><\/p>\n\n<p>Cookie bat webgune honetako orrialdeekin batera bidaltzen den eta zure arakatzaileak zure ordenagailuaren edo beste gailu baten disko gogorrean gordetzen duen fitxategi txiki bat da. Gordetako informazioa gure zerbitzarietara edo hirugarrenen zerbitzari egokietara itzul daiteke hurrengo bisita batean.<\/p>\n\n<p><strong>3. Zer dira gidoiak?<\/strong><\/p>\n\n<p>Script bat gure webgunea behar bezala eta modu interaktibo batean funtziona dezan erabiltzen den programa-kode zati bat da. Kode hau gure zerbitzarian edo zure gailuan exekutatzen da.<\/p>\n\n<p><strong>4. Zer da web beacon bat?<\/strong><\/p>\n\n<p>Web beacon bat (edo pixel etiketa) webgune bateko testu edo irudi zati txiki eta ikusezin bat da, webguneko trafikoa kontrolatzeko erabiltzen dena. Horretarako, zure inguruko hainbat datu gordetzen dira web beacon hauek erabiliz.<\/p>\n\n<p><strong>5. Cookieak<\/strong><\/p>\n\n<p><strong>5.1 Cookie teknikoak edo funtzionalak<\/strong><\/p>\n\n<p>Cookie batzuek webgunearen zenbait atal behar bezala funtzionatzea eta zure erabiltzaile-lehentasunak ezagutzen jarraitzea bermatzen dute. Funtzio-cookieak jarriz, gure webgunerako bisita errazten dugu. Horrela, ez duzu informazio bera behin eta berriz sartu behar gure webgunea bisitatzean eta, adibidez, artikuluak zure erosketa-saskian geratzen dira ordaindu arte. Cookie hauek zure baimenik gabe jar ditzakegu.<\/p>\n\n<p><strong>5.2 Marketin\/Jarraipen Cookieak<\/strong><\/p>\n\n<p>Marketin\/jarraipen cookieak cookieak edo bestelako biltegiratze lokalak dira, erabiltzaile-profilak sortzeko erabiltzen direnak, webgune honetan edo hainbat webgunetan publizitatea erakusteko edo erabiltzaileak jarraitzeko, antzeko marketin-helburuetarako.<\/p>\n\n<p><strong>6. Erabilitako cookieak<\/strong><\/p>\n\n<ul class=\"wp-block-list\">\n<li>Elementor \u2013 Estatistika (anonimoa)<\/li>\n<li>Zerbitzu elementuari baimena ematea<\/li>\n<li>WordPress \u2013 Funtzionala<\/li>\n<li>WordPress zerbitzurako baimena<\/li>\n<li>Hainbat \u2013 Helburua ikerketaren zain<\/li>\n<li>Hainbat zerbitzutarako baimena<\/li>\n<\/ul>\n\n<p><strong>7. Baimena<\/strong><\/p>\n\n<p>Gure webgunea lehen aldiz bisitatzen duzunean, cookiei buruzko azalpena duen leiho bat erakutsiko dizugu. &quot;Gorde lehentasunak&quot; sakatzen duzun bezain laster, leihoan hautatu dituzun cookie eta plugin kategoriak erabiltzea onartzen duzu, cookie politika honetan azaltzen den bezala. Cookien erabilera desgaitu dezakezu zure arakatzailearen bidez, baina kontuan izan gure webguneak behar bezala ez funtzionatzea posible dela.<\/p>\n\n<p><strong>7.1 Kudeatu zure baimen-ezarpenak<\/strong><\/p>\n\n<ul class=\"wp-block-list\">\n<li>Funtzionala \u2013 Beti aktibo<\/li>\n<li>Marketina \u2013 Marketina<\/li>\n<\/ul>\n\n<p><strong>8. Cookien aktibazioa\/desaktibazioa eta ezabatzea<\/strong><\/p>\n\n<p>Zure interneteko arakatzailea erabil dezakezu cookieak automatikoki edo eskuz ezabatzeko. Cookie batzuk ezin direla jarri ere zehaztu dezakezu. Beste aukera bat zure interneteko arakatzailearen ezarpenak aldatzea da, cookie bat jartzen den bakoitzean mezu bat jasotzeko. Aukera hauei buruzko informazio gehiago lortzeko, jo ezazu zure arakatzailearen &quot;Laguntza&quot; ataleko argibideetara.<\/p>\n\n<p>Kontuan izan gure webguneak balitekeela behar bezala ez funtzionatzea cookie guztiak desgaituta badaude. Zure arakatzailetik cookieak ezabatzen badituzu, berriro jarriko dira zure baimena eman ondoren gure webguneak berriro bisitatzen dituzunean.<\/p>\n\n<p><strong>9. Datu pertsonalei buruzko zure eskubideak<\/strong><\/p>\n\n<ul class=\"wp-block-list\">\n<li>Zure datu pertsonalak zergatik behar diren, zer gertatuko den haiekin eta zenbat denbora gordeko diren jakiteko eskubidea duzu.<\/li>\n<li>Sarbide eskubidea: Dakigun zure datu pertsonaletara sartzeko eskubidea duzu.<\/li>\n<li>Zuzenketa eskubidea: Zure datu pertsonalak nahi duzunean osatzeko, zuzentzeko, ezabatzeko edo blokeatzeko eskubidea duzu.<\/li>\n<li>Zure datuak prozesatzeko baimena ematen badiguzu, baimen hori ezeztatzeko eta zure datu pertsonalak ezabatzeko eskubidea duzu.<\/li>\n<li>Zure datuak transferitzeko eskubidea: Eskubidea duzu zure datu pertsonal guztiak datuen arduradunari eskatzeko eta osorik beste datuen arduradun bati transferitzeko.<\/li>\n<li>Aurka egiteko eskubidea: Zure datuen tratamenduaren aurka egin dezakezu. Datuen tratamendurako arrazoi justifikatuak ez badaude behintzat, baldintza hauek beteko ditugu.<\/li>\n<\/ul>\n\n<p>Eskubide hauek erabiltzeko, jarri gurekin harremanetan. Ikusi cookie politika honen behealdean dauden harremanetarako datuak. Zure datuak nola kudeatzen ditugun buruzko kexarik baduzu, zure berri izan nahiko genuke, baina gainbegirale agintaritzari (Datuak Babesteko Agintaritza) kexa aurkezteko eskubidea ere baduzu.<\/p>\n\n<p><strong>10. Harremanetarako informazioa<\/strong><\/p>\n\n<p>Gure cookie politikari eta adierazpen honi buruzko galderarik edo iruzkinik baduzu, jar zaitez gurekin harremanetan ondorengo harremanetarako informazioa erabiliz:<\/p>\n\n<ul class=\"wp-block-list\">\n<li>Enpresa: Pablo Angulo Maspons<\/li>\n<li>Biztanleria: Vinaroz, Espainia<\/li>\n<li>Telefonoa: 613395013<\/li>\n<li>Posta:<a href=\"mailto:info@rosanacl.com\"> info@rosanacl.com<\/a>\u00a0<\/li>\n<\/ul>\n\n<p>Cookie politika hau sinkronizatu da honekin: <a href=\"https:\/\/cookiedatabase.org\">cookiedatabase.org<\/a> 2024ko abuztuaren 1ean.<\/p>\n\n<p>\u00a0<\/p>\t\t\t\t\t\t\t\t<\/div>\n\t\t\t\t<\/div>\n\t\t\t\t\t<\/div>\n\t\t\t\t<\/div>\n\t\t\t\t<\/div>","protected":false},"excerpt":{"rendered":"<p>Esta pol\u00edtica de cookies fue actualizada por \u00faltima vez el 08\/01\/2024 y se aplica a los ciudadanos y residentes legales permanentes del Espacio Econ\u00f3mico Europeo y Suiza. 1. Introducci\u00f3n Nuestra web, https:\/\/rosanacl.com\/ (en adelante: \u00abla web\u00bb) utiliza cookies y otras tecnolog\u00edas relacionadas (para mayor comodidad, todas las tecnolog\u00edas se denominan \u00abcookies\u00bb). Las cookies tambi\u00e9n son [&hellip;]<\/p>\n","protected":false},"author":1,"featured_media":0,"parent":0,"menu_order":0,"comment_status":"closed","ping_status":"closed","template":"","meta":{"content-type":"","footnotes":""},"class_list":["post-16","page","type-page","status-publish","hentry"],"yoast_head":"<!-- This site is optimized with the Yoast SEO plugin v27.4 - https:\/\/yoast.com\/product\/yoast-seo-wordpress\/ -->\n<title>Pol\u00edtica de Cookies - Rosana CL<\/title>\n<meta name=\"robots\" content=\"index, follow, max-snippet:-1, max-image-preview:large, max-video-preview:-1\" \/>\n<link rel=\"canonical\" href=\"https:\/\/rosanacl.com\/eu\/politica-de-cookies\/\" \/>\n<meta property=\"og:locale\" content=\"en_US\" \/>\n<meta property=\"og:type\" content=\"article\" \/>\n<meta property=\"og:title\" content=\"Pol\u00edtica de Cookies - Rosana CL\" \/>\n<meta property=\"og:description\" content=\"Esta pol\u00edtica de cookies fue actualizada por \u00faltima vez el 08\/01\/2024 y se aplica a los ciudadanos y residentes legales permanentes del Espacio Econ\u00f3mico Europeo y Suiza. 1. Introducci\u00f3n Nuestra web, https:\/\/rosanacl.com\/ (en adelante: \u00abla web\u00bb) utiliza cookies y otras tecnolog\u00edas relacionadas (para mayor comodidad, todas las tecnolog\u00edas se denominan \u00abcookies\u00bb). Las cookies tambi\u00e9n son [&hellip;]\" \/>\n<meta property=\"og:url\" content=\"https:\/\/rosanacl.com\/eu\/politica-de-cookies\/\" \/>\n<meta property=\"og:site_name\" content=\"Rosana CL\" \/>\n<meta property=\"article:modified_time\" content=\"2025-07-09T06:54:15+00:00\" \/>\n<meta name=\"twitter:card\" content=\"summary_large_image\" \/>\n<meta name=\"twitter:label1\" content=\"Est. reading time\" \/>\n\t<meta name=\"twitter:data1\" content=\"4 minutua\" \/>\n<script type=\"application\/ld+json\" class=\"yoast-schema-graph\">{\"@context\":\"https:\\\/\\\/schema.org\",\"@graph\":[{\"@type\":\"WebPage\",\"@id\":\"https:\\\/\\\/rosanacl.com\\\/eu\\\/politica-de-cookies\\\/\",\"url\":\"https:\\\/\\\/rosanacl.com\\\/eu\\\/politica-de-cookies\\\/\",\"name\":\"Pol\u00edtica de Cookies - Rosana CL\",\"isPartOf\":{\"@id\":\"https:\\\/\\\/rosanacl.com\\\/ca\\\/#website\"},\"datePublished\":\"2025-03-28T18:59:16+00:00\",\"dateModified\":\"2025-07-09T06:54:15+00:00\",\"breadcrumb\":{\"@id\":\"https:\\\/\\\/rosanacl.com\\\/eu\\\/politica-de-cookies\\\/#breadcrumb\"},\"inLanguage\":\"eu\",\"potentialAction\":[{\"@type\":\"ReadAction\",\"target\":[\"https:\\\/\\\/rosanacl.com\\\/eu\\\/politica-de-cookies\\\/\"]}]},{\"@type\":\"BreadcrumbList\",\"@id\":\"https:\\\/\\\/rosanacl.com\\\/eu\\\/politica-de-cookies\\\/#breadcrumb\",\"itemListElement\":[{\"@type\":\"ListItem\",\"position\":1,\"name\":\"Portada\",\"item\":\"https:\\\/\\\/rosanacl.com\\\/ca\\\/\"},{\"@type\":\"ListItem\",\"position\":2,\"name\":\"Pol\u00edtica de Cookies\"}]},{\"@type\":\"WebSite\",\"@id\":\"https:\\\/\\\/rosanacl.com\\\/ca\\\/#website\",\"url\":\"https:\\\/\\\/rosanacl.com\\\/ca\\\/\",\"name\":\"Rosana CL\",\"description\":\"Somos tu interior\",\"potentialAction\":[{\"@type\":\"SearchAction\",\"target\":{\"@type\":\"EntryPoint\",\"urlTemplate\":\"https:\\\/\\\/rosanacl.com\\\/ca\\\/?s={search_term_string}\"},\"query-input\":{\"@type\":\"PropertyValueSpecification\",\"valueRequired\":true,\"valueName\":\"search_term_string\"}}],\"inLanguage\":\"eu\"}]}<\/script>\n<!-- \/ Yoast SEO plugin. -->","yoast_head_json":{"title":"Pol\u00edtica de Cookies - Rosana CL","robots":{"index":"index","follow":"follow","max-snippet":"max-snippet:-1","max-image-preview":"max-image-preview:large","max-video-preview":"max-video-preview:-1"},"canonical":"https:\/\/rosanacl.com\/eu\/politica-de-cookies\/","og_locale":"en_US","og_type":"article","og_title":"Pol\u00edtica de Cookies - Rosana CL","og_description":"Esta pol\u00edtica de cookies fue actualizada por \u00faltima vez el 08\/01\/2024 y se aplica a los ciudadanos y residentes legales permanentes del Espacio Econ\u00f3mico Europeo y Suiza. 1. Introducci\u00f3n Nuestra web, https:\/\/rosanacl.com\/ (en adelante: \u00abla web\u00bb) utiliza cookies y otras tecnolog\u00edas relacionadas (para mayor comodidad, todas las tecnolog\u00edas se denominan \u00abcookies\u00bb). Las cookies tambi\u00e9n son [&hellip;]","og_url":"https:\/\/rosanacl.com\/eu\/politica-de-cookies\/","og_site_name":"Rosana CL","article_modified_time":"2025-07-09T06:54:15+00:00","twitter_card":"summary_large_image","twitter_misc":{"Est. reading time":"4 minutua"},"schema":{"@context":"https:\/\/schema.org","@graph":[{"@type":"WebPage","@id":"https:\/\/rosanacl.com\/eu\/politica-de-cookies\/","url":"https:\/\/rosanacl.com\/eu\/politica-de-cookies\/","name":"Pol\u00edtica de Cookies - Rosana CL","isPartOf":{"@id":"https:\/\/rosanacl.com\/ca\/#website"},"datePublished":"2025-03-28T18:59:16+00:00","dateModified":"2025-07-09T06:54:15+00:00","breadcrumb":{"@id":"https:\/\/rosanacl.com\/eu\/politica-de-cookies\/#breadcrumb"},"inLanguage":"eu","potentialAction":[{"@type":"ReadAction","target":["https:\/\/rosanacl.com\/eu\/politica-de-cookies\/"]}]},{"@type":"BreadcrumbList","@id":"https:\/\/rosanacl.com\/eu\/politica-de-cookies\/#breadcrumb","itemListElement":[{"@type":"ListItem","position":1,"name":"Portada","item":"https:\/\/rosanacl.com\/ca\/"},{"@type":"ListItem","position":2,"name":"Pol\u00edtica de Cookies"}]},{"@type":"WebSite","@id":"https:\/\/rosanacl.com\/ca\/#website","url":"https:\/\/rosanacl.com\/ca\/","name":"Rosana CL","description":"Zure barnealdea gara.","potentialAction":[{"@type":"SearchAction","target":{"@type":"EntryPoint","urlTemplate":"https:\/\/rosanacl.com\/ca\/?s={search_term_string}"},"query-input":{"@type":"PropertyValueSpecification","valueRequired":true,"valueName":"search_term_string"}}],"inLanguage":"eu"}]}},"_links":{"self":[{"href":"https:\/\/rosanacl.com\/eu\/wp-json\/wp\/v2\/pages\/16","targetHints":{"allow":["GET"]}}],"collection":[{"href":"https:\/\/rosanacl.com\/eu\/wp-json\/wp\/v2\/pages"}],"about":[{"href":"https:\/\/rosanacl.com\/eu\/wp-json\/wp\/v2\/types\/page"}],"author":[{"embeddable":true,"href":"https:\/\/rosanacl.com\/eu\/wp-json\/wp\/v2\/users\/1"}],"replies":[{"embeddable":true,"href":"https:\/\/rosanacl.com\/eu\/wp-json\/wp\/v2\/comments?post=16"}],"version-history":[{"count":0,"href":"https:\/\/rosanacl.com\/eu\/wp-json\/wp\/v2\/pages\/16\/revisions"}],"wp:attachment":[{"href":"https:\/\/rosanacl.com\/eu\/wp-json\/wp\/v2\/media?parent=16"}],"curies":[{"name":"wp","href":"https:\/\/api.w.org\/{rel}","templated":true}]}}