{"id":2566,"date":"2025-07-01T12:13:48","date_gmt":"2025-07-01T10:13:48","guid":{"rendered":"https:\/\/rosanacl.com\/?page_id=2566"},"modified":"2025-12-14T20:43:04","modified_gmt":"2025-12-14T19:43:04","slug":"politica-de-envio","status":"publish","type":"page","link":"https:\/\/rosanacl.com\/eu\/politica-de-envio\/","title":{"rendered":"Bidalketa-politika"},"content":{"rendered":"<div data-elementor-type=\"wp-page\" data-elementor-id=\"2566\" class=\"elementor elementor-2566\" data-elementor-post-type=\"page\">\n\t\t\t\t<div class=\"elementor-element elementor-element-7a0b207 e-flex e-con-boxed e-con e-parent\" data-id=\"7a0b207\" data-element_type=\"container\" data-e-type=\"container\" data-settings=\"{&quot;background_background&quot;:&quot;classic&quot;}\">\n\t\t\t\t\t<div class=\"e-con-inner\">\n\t\t<div class=\"elementor-element elementor-element-2fcf4bc e-con-full e-flex e-con e-child\" data-id=\"2fcf4bc\" data-element_type=\"container\" data-e-type=\"container\">\n\t\t\t\t<div class=\"elementor-element elementor-element-d10b990 elementor-widget elementor-widget-heading\" data-id=\"d10b990\" data-element_type=\"widget\" data-e-type=\"widget\" data-widget_type=\"heading.default\">\n\t\t\t\t<div class=\"elementor-widget-container\">\n\t\t\t\t\t<h2 class=\"elementor-heading-title elementor-size-default\">Bidalketa-politika<\/h2>\t\t\t\t<\/div>\n\t\t\t\t<\/div>\n\t\t\t\t<\/div>\n\t\t\t\t\t<\/div>\n\t\t\t\t<\/div>\n\t\t<div class=\"elementor-element elementor-element-eca30f2 e-flex e-con-boxed e-con e-parent\" data-id=\"eca30f2\" data-element_type=\"container\" data-e-type=\"container\">\n\t\t\t\t\t<div class=\"e-con-inner\">\n\t\t\t\t<div class=\"elementor-element elementor-element-8328658 elementor-widget elementor-widget-text-editor\" data-id=\"8328658\" data-element_type=\"widget\" data-e-type=\"widget\" data-widget_type=\"text-editor.default\">\n\t\t\t\t<div class=\"elementor-widget-container\">\n\t\t\t\t\t\t\t\t\t<p>Bidalketa-politika hau azkenekoz 2025eko uztailaren 1ean eguneratu zen eta gure webgunearen bidez egindako erosketa guztiei aplikatzen zaie: <a href=\"https:\/\/rosanacl.com\/eu\/\">https:\/\/rosanacl.com\/<\/a><\/p>\n<p><!-- \/wp:paragraph --><!-- wp:paragraph --><\/p>\n<p data-start=\"261\" data-end=\"494\">Barruan <strong data-start=\"264\" data-end=\"277\">Rosana CL<\/strong> Zure eskaera jasotzen duzun unetik bertatik zure erosketa esperientzia segurua, garbia eta asegarria izan dadin bermatzeko konpromisoa dugu. Jarraian, gure bidalketari buruz jakin behar duzun guztia azaltzen dugu:<\/p>\n<p data-start=\"105\" data-end=\"384\"><strong data-start=\"105\" data-end=\"131\">1. Mundu osoko bidalketa<\/strong><br data-start=\"131\" data-end=\"134\">Nazioartean ia edozein herrialdetara bidaltzen dugu. Non zauden ere, zure eskaera konfiantza osoz egin dezakezu. Logistika hornitzaile fidagarriekin lan egiten dugu zure produktuak garaiz iristen direla ziurtatzeko.<\/p>\n<p>Rosana Cl-n, eskaera guztiak arretaz eta profesionaltasunez kudeatzen ditugu. Horregatik, MBE-rekin (Mail Boxes Etc.) lankidetzan aritzen gara, 52 herrialdetan 2.800 zentro dituen logistika enpresa batekin, eta horrek bidalketa seguru eta eraginkorra eskaintzeko aukera ematen digu, bai estatu mailan bai nazioartean. Eskaerak garraiolari entzutetsuek entregatzen dituzte, hala nola:<\/p>\n<ul>\n<li>UPS<\/li>\n<li>SEUR<\/li>\n<li>TNT<\/li>\n<li>FEDEX<\/li>\n<li>CORREOS EXPRESS<\/li>\n<li>Etab\u2026<\/li>\n<\/ul>\n<p>Gure produktu guztiak segurtasunez eta azkar iritsiko dira. Horrek bidalketa-prozesu zaindu eta eraginkorra bermatzen du, gure bezeroei ahalik eta esperientzia onena eskaintzeko diseinatua.<\/p>\n<p data-start=\"105\" data-end=\"384\"><strong data-start=\"389\" data-end=\"417\">2. Eskaeren prozesamendua<\/strong><\/p>\n<p>Ordainketa baieztatu ondoren prozesatzen dira eskaera guztiak.<br data-start=\"520\" data-end=\"523\"><strong data-start=\"523\" data-end=\"643\">Eskaera goizez egiten bada, arratsaldean bidaliko da. Arratsaldean egiten bada, hurrengo egunean bidaliko da.<\/strong><br data-start=\"643\" data-end=\"646\">Promozioetan, salmentetan edo bestelako ekitaldi berezietan, prozesatzeko denborak zertxobait luzeagoak izan daitezke, baina beti informatuta mantenduko zaitugu.<\/p>\n<p data-start=\"809\" data-end=\"1090\"><strong data-start=\"809\" data-end=\"845\">3. Jarraipen zenbakia<\/strong><br data-start=\"845\" data-end=\"848\">Eskaera bidali ondoren, jarraipen-zenbaki bat bidaliko dizugu posta elektronikoz edo erosketa egiterakoan erabili zenuen komunikazio-kanalaren bidez.<br data-start=\"1014\" data-end=\"1017\">Zure bidalketaren egoera uneoro jarrai dezakezu, jaso arte.<\/p>\n<p data-start=\"809\" data-end=\"1090\"><strong data-start=\"1095\" data-end=\"1127\">4. Aurreikusitako entrega-epeak<\/strong><\/p>\n<p data-start=\"1095\" data-end=\"1291\">Bidalketa-epeak alda daitezke helmugako herrialdearen, hautatutako bidalketa-metodoaren eta beste kanpoko faktore batzuen arabera (eguraldia, ohiturak, etab.). Erreferentzia gisa:<\/p>\n<ul data-start=\"1293\" data-end=\"1530\">\n<li data-start=\"1293\" data-end=\"1342\">\n<p data-start=\"1295\" data-end=\"1342\">Barne bidalketa: <strong data-start=\"1314\" data-end=\"1340\">24 eta 48 lanordu artean.<\/strong><\/p>\n<\/li>\n<li data-start=\"1343\" data-end=\"1434\">\n<p data-start=\"1345\" data-end=\"1434\">Nazioarteko bidalketa Europan: <strong data-start=\"1386\" data-end=\"1408\">4 eta 6 lanegun artean<\/strong>, lurrezko edo airezko bideetatik.<\/p>\n<\/li>\n<li data-start=\"1435\" data-end=\"1530\">\n<p data-start=\"1437\" data-end=\"1530\">Nazioarteko bidalketa Europatik kanpo (munduko gainerako herrialdeetara): <strong data-start=\"1495\" data-end=\"1518\">8 eta 10 lanegun artean<\/strong>, arnasbidea.<\/p>\n<\/li>\n<\/ul>\n<p>Bidalketa zerbitzuak bi entrega saiakera barne hartzen ditu egunean zehar edo hurrengo egunean. Bidalketa ezin bada egin informazio falta edo okerra dagoelako, edo hartzailea ez dagoelako, hirugarren entrega bat egingo da gertuko bilketa puntu batera.<\/p>\n<p>Bezeroak 10 eguneko epean produktua jasotzen ez badu, paketea Rosana CL-n lan egiten dugun biltegira itzuliko da, eta bertan deskontatuko dira sortutako bidalketa eta itzulketa gastuak.&nbsp;<\/p>\n<p data-start=\"1437\" data-end=\"1530\"><strong>5. Bidalketa gastuak<\/strong><\/p>\n<p data-start=\"1535\" data-end=\"1779\">Bidalketa-gastuak ordainketa-unean kalkulatzen dira, bidalketa-helbidearen eta paketearen pisuaren arabera. Kasu berezietan, doako bidalketa eskaintzen dugu herrialde batzuetara edo zenbateko jakin bat baino gehiagoko eskaeretan.<\/p>\n<p data-start=\"1535\" data-end=\"1779\">59 \u20ac-tik gorako eskaeretan, bidalketa doakoa da, Espainia penintsularrean bakarrik.<\/p>\n<p data-start=\"1535\" data-end=\"1779\">Eskaera aduanatik igaro behar bada, edozein zerga, tasa edo tasa gehigarri bezeroaren ardura izango da.&nbsp;<\/p>\n<p><strong data-start=\"1784\" data-end=\"1815\">6. Aduanak eta tokiko zergak<\/strong><br data-start=\"1815\" data-end=\"1818\">Nazioarteko bidalketetarako, herrialde batzuek zergak edo aduana-tasak aplika ditzakete. Gastu hauek bezeroaren ardura dira eta ez daude produktuaren prezioan edo bidalketa-gastuetan sartuta.<\/p>\n<p data-start=\"1784\" data-end=\"2026\"><strong data-start=\"2031\" data-end=\"2059\">7. Bidalketa arazoak<\/strong><\/p>\n<p>Zure paketea atzeratzen bada edo arazorik badu, zuzenean jar zaitezke gurekin harremanetan eta ahalik eta azkarren konpontzen lagunduko dizugu.<\/p>\n<p>Galderarik baduzu edo bidalketarekin laguntza behar baduzu, jar zaitez gurekin harremanetan gure harremanetarako formularioa erabiliz edo posta elektronikoz: &nbsp;<a href=\"mailto:info@rosanacl.com\">info@rosanacl.com<\/a><br data-start=\"2620\" data-end=\"2623\">Eskerrik asko gugan konfiantza izateagatik <strong data-start=\"2646\" data-end=\"2659\">Rosana CL<\/strong>.<\/p>\n<h4><b>OHARRA: Gure bezeroei jakinarazten diegu, gure hornitzaile-enpresaren oporraldiaren ondorioz, abuztuan zehar entregak eta stockaren erabilgarritasuna atzerapenak egon daitezkeela.<\/b><\/h4>\t\t\t\t\t\t\t\t<\/div>\n\t\t\t\t<\/div>\n\t\t\t\t\t<\/div>\n\t\t\t\t<\/div>\n\t\t\t\t<\/div>","protected":false},"excerpt":{"rendered":"<p>Esta pol\u00edtica de env\u00edos fue actualizada por \u00faltima vez el 01\/07\/2025 y se aplica a todas las compras realizadas a trav\u00e9s de nuestra web: https:\/\/rosanacl.com\/ En Rosana CL nos comprometemos a que tu experiencia de compra sea segura, clara y satisfactoria desde el primer momento hasta que recibas tu pedido. A continuaci\u00f3n, te explicamos todo [&hellip;]<\/p>\n","protected":false},"author":1,"featured_media":0,"parent":0,"menu_order":0,"comment_status":"closed","ping_status":"closed","template":"","meta":{"content-type":"","footnotes":""},"class_list":["post-2566","page","type-page","status-publish","hentry"],"yoast_head":"<!-- This site is optimized with the Yoast SEO plugin v27.4 - https:\/\/yoast.com\/product\/yoast-seo-wordpress\/ -->\n<title>Pol\u00edtica de Env\u00edo - Rosana CL<\/title>\n<meta name=\"robots\" content=\"index, follow, max-snippet:-1, max-image-preview:large, max-video-preview:-1\" \/>\n<link rel=\"canonical\" href=\"https:\/\/rosanacl.com\/eu\/politica-de-envio\/\" \/>\n<meta property=\"og:locale\" content=\"en_US\" \/>\n<meta property=\"og:type\" content=\"article\" \/>\n<meta property=\"og:title\" content=\"Pol\u00edtica de Env\u00edo - Rosana CL\" \/>\n<meta property=\"og:description\" content=\"Esta pol\u00edtica de env\u00edos fue actualizada por \u00faltima vez el 01\/07\/2025 y se aplica a todas las compras realizadas a trav\u00e9s de nuestra web: https:\/\/rosanacl.com\/ En Rosana CL nos comprometemos a que tu experiencia de compra sea segura, clara y satisfactoria desde el primer momento hasta que recibas tu pedido. A continuaci\u00f3n, te explicamos todo [&hellip;]\" \/>\n<meta property=\"og:url\" content=\"https:\/\/rosanacl.com\/eu\/politica-de-envio\/\" \/>\n<meta property=\"og:site_name\" content=\"Rosana CL\" \/>\n<meta property=\"article:modified_time\" content=\"2025-12-14T19:43:04+00:00\" \/>\n<meta name=\"twitter:card\" content=\"summary_large_image\" \/>\n<meta name=\"twitter:label1\" content=\"Est. reading time\" \/>\n\t<meta name=\"twitter:data1\" content=\"4 minutua\" \/>\n<script type=\"application\/ld+json\" class=\"yoast-schema-graph\">{\"@context\":\"https:\\\/\\\/schema.org\",\"@graph\":[{\"@type\":\"WebPage\",\"@id\":\"https:\\\/\\\/rosanacl.com\\\/uk\\\/politica-de-envio\\\/\",\"url\":\"https:\\\/\\\/rosanacl.com\\\/uk\\\/politica-de-envio\\\/\",\"name\":\"Pol\u00edtica de Env\u00edo - Rosana CL\",\"isPartOf\":{\"@id\":\"https:\\\/\\\/rosanacl.com\\\/ca\\\/#website\"},\"datePublished\":\"2025-07-01T10:13:48+00:00\",\"dateModified\":\"2025-12-14T19:43:04+00:00\",\"breadcrumb\":{\"@id\":\"https:\\\/\\\/rosanacl.com\\\/uk\\\/politica-de-envio\\\/#breadcrumb\"},\"inLanguage\":\"eu\",\"potentialAction\":[{\"@type\":\"ReadAction\",\"target\":[\"https:\\\/\\\/rosanacl.com\\\/uk\\\/politica-de-envio\\\/\"]}]},{\"@type\":\"BreadcrumbList\",\"@id\":\"https:\\\/\\\/rosanacl.com\\\/uk\\\/politica-de-envio\\\/#breadcrumb\",\"itemListElement\":[{\"@type\":\"ListItem\",\"position\":1,\"name\":\"Portada\",\"item\":\"https:\\\/\\\/rosanacl.com\\\/ca\\\/\"},{\"@type\":\"ListItem\",\"position\":2,\"name\":\"Pol\u00edtica de Env\u00edo\"}]},{\"@type\":\"WebSite\",\"@id\":\"https:\\\/\\\/rosanacl.com\\\/ca\\\/#website\",\"url\":\"https:\\\/\\\/rosanacl.com\\\/ca\\\/\",\"name\":\"Rosana CL\",\"description\":\"Somos tu interior\",\"potentialAction\":[{\"@type\":\"SearchAction\",\"target\":{\"@type\":\"EntryPoint\",\"urlTemplate\":\"https:\\\/\\\/rosanacl.com\\\/ca\\\/?s={search_term_string}\"},\"query-input\":{\"@type\":\"PropertyValueSpecification\",\"valueRequired\":true,\"valueName\":\"search_term_string\"}}],\"inLanguage\":\"eu\"}]}<\/script>\n<!-- \/ Yoast SEO plugin. -->","yoast_head_json":{"title":"Pol\u00edtica de Env\u00edo - Rosana CL","robots":{"index":"index","follow":"follow","max-snippet":"max-snippet:-1","max-image-preview":"max-image-preview:large","max-video-preview":"max-video-preview:-1"},"canonical":"https:\/\/rosanacl.com\/eu\/politica-de-envio\/","og_locale":"en_US","og_type":"article","og_title":"Pol\u00edtica de Env\u00edo - Rosana CL","og_description":"Esta pol\u00edtica de env\u00edos fue actualizada por \u00faltima vez el 01\/07\/2025 y se aplica a todas las compras realizadas a trav\u00e9s de nuestra web: https:\/\/rosanacl.com\/ En Rosana CL nos comprometemos a que tu experiencia de compra sea segura, clara y satisfactoria desde el primer momento hasta que recibas tu pedido. A continuaci\u00f3n, te explicamos todo [&hellip;]","og_url":"https:\/\/rosanacl.com\/eu\/politica-de-envio\/","og_site_name":"Rosana CL","article_modified_time":"2025-12-14T19:43:04+00:00","twitter_card":"summary_large_image","twitter_misc":{"Est. reading time":"4 minutua"},"schema":{"@context":"https:\/\/schema.org","@graph":[{"@type":"WebPage","@id":"https:\/\/rosanacl.com\/uk\/politica-de-envio\/","url":"https:\/\/rosanacl.com\/uk\/politica-de-envio\/","name":"Pol\u00edtica de Env\u00edo - Rosana CL","isPartOf":{"@id":"https:\/\/rosanacl.com\/ca\/#website"},"datePublished":"2025-07-01T10:13:48+00:00","dateModified":"2025-12-14T19:43:04+00:00","breadcrumb":{"@id":"https:\/\/rosanacl.com\/uk\/politica-de-envio\/#breadcrumb"},"inLanguage":"eu","potentialAction":[{"@type":"ReadAction","target":["https:\/\/rosanacl.com\/uk\/politica-de-envio\/"]}]},{"@type":"BreadcrumbList","@id":"https:\/\/rosanacl.com\/uk\/politica-de-envio\/#breadcrumb","itemListElement":[{"@type":"ListItem","position":1,"name":"Portada","item":"https:\/\/rosanacl.com\/ca\/"},{"@type":"ListItem","position":2,"name":"Pol\u00edtica de Env\u00edo"}]},{"@type":"WebSite","@id":"https:\/\/rosanacl.com\/ca\/#website","url":"https:\/\/rosanacl.com\/ca\/","name":"Rosana CL","description":"Zure barnealdea gara.","potentialAction":[{"@type":"SearchAction","target":{"@type":"EntryPoint","urlTemplate":"https:\/\/rosanacl.com\/ca\/?s={search_term_string}"},"query-input":{"@type":"PropertyValueSpecification","valueRequired":true,"valueName":"search_term_string"}}],"inLanguage":"eu"}]}},"_links":{"self":[{"href":"https:\/\/rosanacl.com\/eu\/wp-json\/wp\/v2\/pages\/2566","targetHints":{"allow":["GET"]}}],"collection":[{"href":"https:\/\/rosanacl.com\/eu\/wp-json\/wp\/v2\/pages"}],"about":[{"href":"https:\/\/rosanacl.com\/eu\/wp-json\/wp\/v2\/types\/page"}],"author":[{"embeddable":true,"href":"https:\/\/rosanacl.com\/eu\/wp-json\/wp\/v2\/users\/1"}],"replies":[{"embeddable":true,"href":"https:\/\/rosanacl.com\/eu\/wp-json\/wp\/v2\/comments?post=2566"}],"version-history":[{"count":6,"href":"https:\/\/rosanacl.com\/eu\/wp-json\/wp\/v2\/pages\/2566\/revisions"}],"predecessor-version":[{"id":4647,"href":"https:\/\/rosanacl.com\/eu\/wp-json\/wp\/v2\/pages\/2566\/revisions\/4647"}],"wp:attachment":[{"href":"https:\/\/rosanacl.com\/eu\/wp-json\/wp\/v2\/media?parent=2566"}],"curies":[{"name":"wp","href":"https:\/\/api.w.org\/{rel}","templated":true}]}}