{"id":3931,"date":"2025-09-29T23:44:18","date_gmt":"2025-09-29T21:44:18","guid":{"rendered":"https:\/\/rosanacl.com\/?page_id=3931"},"modified":"2025-09-29T23:45:53","modified_gmt":"2025-09-29T21:45:53","slug":"tanga-de-selene","status":"publish","type":"page","link":"https:\/\/rosanacl.com\/eu\/tanga-de-selene\/","title":{"rendered":"Seleneren tanga"},"content":{"rendered":"<div data-elementor-type=\"wp-page\" data-elementor-id=\"3931\" class=\"elementor elementor-3931\" data-elementor-post-type=\"page\">\n\t\t\t\t<div class=\"elementor-element elementor-element-171998c7 e-flex e-con-boxed e-con e-parent\" data-id=\"171998c7\" data-element_type=\"container\" data-e-type=\"container\">\n\t\t\t\t\t<div class=\"e-con-inner\">\n\t\t\t\t<div class=\"elementor-element elementor-element-6575351f elementor-widget elementor-widget-text-editor\" data-id=\"6575351f\" data-element_type=\"widget\" data-e-type=\"widget\" data-widget_type=\"text-editor.default\">\n\t\t\t\t<div class=\"elementor-widget-container\">\n\t\t\t\t\t\t\t\t\t\n<p><\/p>\n\n\n\n<p><\/p>\n\t\t\t\t\t\t\t\t<\/div>\n\t\t\t\t<\/div>\n\t\t\t\t\t<\/div>\n\t\t\t\t<\/div>\n\t\t<div class=\"elementor-element elementor-element-cf7d341 e-flex e-con-boxed e-con e-parent\" data-id=\"cf7d341\" data-element_type=\"container\" data-e-type=\"container\">\n\t\t\t\t\t<div class=\"e-con-inner\">\n\t\t\t\t<div class=\"elementor-element elementor-element-1f1d080 elementor-widget elementor-widget-heading\" data-id=\"1f1d080\" data-element_type=\"widget\" data-e-type=\"widget\" data-widget_type=\"heading.default\">\n\t\t\t\t<div class=\"elementor-widget-container\">\n\t\t\t\t\t<h2 class=\"elementor-heading-title elementor-size-default\">Seleneren tanga<\/h2>\t\t\t\t<\/div>\n\t\t\t\t<\/div>\n\t\t\t\t\t<\/div>\n\t\t\t\t<\/div>\n\t\t<div class=\"elementor-element elementor-element-dc1921d e-flex e-con-boxed e-con e-parent\" data-id=\"dc1921d\" data-element_type=\"container\" data-e-type=\"container\">\n\t\t\t\t\t<div class=\"e-con-inner\">\n\t\t<div class=\"elementor-element elementor-element-d19616f e-con-full e-flex e-con e-child\" data-id=\"d19616f\" data-element_type=\"container\" data-e-type=\"container\">\n\t\t\t\t<div class=\"elementor-element elementor-element-d2092be elementor-widget elementor-widget-text-editor\" data-id=\"d2092be\" data-element_type=\"widget\" data-e-type=\"widget\" data-widget_type=\"text-editor.default\">\n\t\t\t\t<div class=\"elementor-widget-container\">\n\t\t\t\t\t\t\t\t\t<h3 data-start=\"257\" data-end=\"345\"><strong data-start=\"261\" data-end=\"343\">Selene tanga: Eguneroko erabilerarako eta ekitaldi berezietarako aukera ezin hobea<\/strong><\/h3>\n<p data-start=\"346\" data-end=\"747\">Bera <strong data-start=\"349\" data-end=\"368\">Seleneren tanga.<\/strong> Estiloa eta erosotasuna konbinatu nahi dituzten emakumeen jantzi gogokoena bihurtu da. Rosana CL-n, Selene tanga aukera zabala eskaintzen dugu, erosotasuna galdu gabe feminitatea hobetzeko diseinatua. Tanga bakoitza gorputzera egokitzen diren eta egun osoan zehar mugimendu askatasuna ahalbidetzen duten material leun eta iraunkorrekin diseinatuta dago.<\/p>\n<p data-start=\"749\" data-end=\"1174\">Aukeratu bat <strong data-start=\"759\" data-end=\"778\">Seleneren tanga.<\/strong> Ez bakarrik helburu praktikoa duten jantzietan zentratzea da, baita konfiantza eta segurtasuna ere eskaintzen dutenetan. Markak ezin hobeto egokitzen diren diseinuak sortzean jartzen du arreta, arropetan marka ikusgaiak saihestuz eta bigarren larruazaleko sentsazioa eskainiz. Diseinu eta erosotasun konbinazio honek bihurtu du <strong data-start=\"1093\" data-end=\"1112\">Seleneren tanga.<\/strong> edozein emakumeren armairuan oinarrizko elementu ezinbestekoa izan daiteke.<\/p>\t\t\t\t\t\t\t\t<\/div>\n\t\t\t\t<\/div>\n\t\t\t\t<\/div>\n\t\t<div class=\"elementor-element elementor-element-5568f8b e-con-full e-flex e-con e-child\" data-id=\"5568f8b\" data-element_type=\"container\" data-e-type=\"container\">\n\t\t\t\t<div class=\"elementor-element elementor-element-980debe elementor-widget elementor-widget-image\" data-id=\"980debe\" data-element_type=\"widget\" data-e-type=\"widget\" data-widget_type=\"image.default\">\n\t\t\t\t<div class=\"elementor-widget-container\">\n\t\t\t\t\t\t\t\t\t\t\t\t\t\t\t<img fetchpriority=\"high\" decoding=\"async\" width=\"750\" height=\"750\" src=\"https:\/\/rosanacl.com\/wp-content\/uploads\/2025\/08\/1-9-1024x1024.png\" class=\"attachment-large size-large wp-image-3524\" alt=\"\" srcset=\"https:\/\/rosanacl.com\/wp-content\/uploads\/2025\/08\/1-9-1024x1024.png 1024w, https:\/\/rosanacl.com\/wp-content\/uploads\/2025\/08\/1-9-300x300.png 300w, https:\/\/rosanacl.com\/wp-content\/uploads\/2025\/08\/1-9-150x150.png 150w, https:\/\/rosanacl.com\/wp-content\/uploads\/2025\/08\/1-9-768x768.png 768w, https:\/\/rosanacl.com\/wp-content\/uploads\/2025\/08\/1-9-12x12.png 12w, https:\/\/rosanacl.com\/wp-content\/uploads\/2025\/08\/1-9-600x600.png 600w, https:\/\/rosanacl.com\/wp-content\/uploads\/2025\/08\/1-9-100x100.png 100w, https:\/\/rosanacl.com\/wp-content\/uploads\/2025\/08\/1-9-50x50.png 50w, https:\/\/rosanacl.com\/wp-content\/uploads\/2025\/08\/1-9.png 1333w\" sizes=\"(max-width: 750px) 100vw, 750px\" \/>\t\t\t\t\t\t\t\t\t\t\t\t\t\t\t<\/div>\n\t\t\t\t<\/div>\n\t\t\t\t<\/div>\n\t\t\t\t\t<\/div>\n\t\t\t\t<\/div>\n\t\t<div class=\"elementor-element elementor-element-5e380fb e-flex e-con-boxed e-con e-parent\" data-id=\"5e380fb\" data-element_type=\"container\" data-e-type=\"container\">\n\t\t\t\t\t<div class=\"e-con-inner\">\n\t\t<div class=\"elementor-element elementor-element-a763375 e-con-full e-flex e-con e-child\" data-id=\"a763375\" data-element_type=\"container\" data-e-type=\"container\">\n\t\t\t\t<div class=\"elementor-element elementor-element-a8aecc4 elementor-widget elementor-widget-image\" data-id=\"a8aecc4\" data-element_type=\"widget\" data-e-type=\"widget\" data-widget_type=\"image.default\">\n\t\t\t\t<div class=\"elementor-widget-container\">\n\t\t\t\t\t\t\t\t\t\t\t\t\t\t\t<img decoding=\"async\" width=\"656\" height=\"750\" src=\"https:\/\/rosanacl.com\/wp-content\/uploads\/2025\/08\/1-10-896x1024.png\" class=\"attachment-large size-large wp-image-3547\" alt=\"\" srcset=\"https:\/\/rosanacl.com\/wp-content\/uploads\/2025\/08\/1-10-896x1024.png 896w, https:\/\/rosanacl.com\/wp-content\/uploads\/2025\/08\/1-10-262x300.png 262w, https:\/\/rosanacl.com\/wp-content\/uploads\/2025\/08\/1-10-768x878.png 768w, https:\/\/rosanacl.com\/wp-content\/uploads\/2025\/08\/1-10-10x12.png 10w, https:\/\/rosanacl.com\/wp-content\/uploads\/2025\/08\/1-10-600x686.png 600w, https:\/\/rosanacl.com\/wp-content\/uploads\/2025\/08\/1-10.png 1166w\" sizes=\"(max-width: 656px) 100vw, 656px\" \/>\t\t\t\t\t\t\t\t\t\t\t\t\t\t\t<\/div>\n\t\t\t\t<\/div>\n\t\t\t\t<\/div>\n\t\t<div class=\"elementor-element elementor-element-b02b1e9 e-con-full e-flex e-con e-child\" data-id=\"b02b1e9\" data-element_type=\"container\" data-e-type=\"container\">\n\t\t\t\t<div class=\"elementor-element elementor-element-bc41bfc elementor-widget elementor-widget-text-editor\" data-id=\"bc41bfc\" data-element_type=\"widget\" data-e-type=\"widget\" data-widget_type=\"text-editor.default\">\n\t\t\t\t<div class=\"elementor-widget-container\">\n\t\t\t\t\t\t\t\t\t<h3 data-start=\"1176\" data-end=\"1235\"><strong data-start=\"1180\" data-end=\"1233\">Seleneren tanga: estilo eta materialen aniztasuna<\/strong><\/h3>\n<p data-start=\"1236\" data-end=\"1681\">Seleneren indargune handienetako bat estilo eta behar guztietara egokitutako tanga eskaintzeko duen gaitasuna da. Rosana CLn, bakoitza <strong data-start=\"1366\" data-end=\"1385\">Seleneren tanga.<\/strong> Arreta handiz hautatzen da estilo oinarrizko eta diskretuetatik hasi eta parpailazko diseinuetaraino, xehetasun gardenak eta xehetasun dotoreak eskaintzeko. Aniztasun honek emakume orori aukera ematen dio une bakoitzerako tanga aproposa aurkitzeko, egunerokoa edo ekitaldi berezietarako izan.<\/p>\n<p data-start=\"1683\" data-end=\"2037\">Selene tanga-etan erabiltzen diren ehunak leunak, transpiragarriak eta elastikoak dira, iraunkortasuna eta erosotasuna bermatuz. Gainera, garbitzeko erraztasunari esker, jatorrizko forma eta kolorea denbora luzez mantentzen dituzte. Erosi bat <strong data-start=\"1916\" data-end=\"1935\">Seleneren tanga.<\/strong> Rosana CL-n, kalitatean eta estiloan egindako inbertsioa da, emakumeei laguntzen diena beren jarduera guztietan.<\/p>\t\t\t\t\t\t\t\t<\/div>\n\t\t\t\t<\/div>\n\t\t\t\t<\/div>\n\t\t\t\t\t<\/div>\n\t\t\t\t<\/div>\n\t\t<div class=\"elementor-element elementor-element-495e863 e-flex e-con-boxed e-con e-parent\" data-id=\"495e863\" data-element_type=\"container\" data-e-type=\"container\">\n\t\t\t\t\t<div class=\"e-con-inner\">\n\t\t\t\t<div class=\"elementor-element elementor-element-fe47ba3 elementor-widget elementor-widget-text-editor\" data-id=\"fe47ba3\" data-element_type=\"widget\" data-e-type=\"widget\" data-widget_type=\"text-editor.default\">\n\t\t\t\t<div class=\"elementor-widget-container\">\n\t\t\t\t\t\t\t\t\t<h3 data-start=\"2039\" data-end=\"2100\"><strong data-start=\"2043\" data-end=\"2098\">Seleneren tanga: Konfiantza eta segurtasuna Rosana CL-n<\/strong><\/h3>\n<p data-start=\"2101\" data-end=\"2466\">Aukeratzerakoan. <strong data-start=\"2114\" data-end=\"2133\">Seleneren tanga.<\/strong> Rosana CL-n, bezeroek jatorrizko 100% produktu kalitate handikoak eskura ditzakete. Gure konpromisoa erosketa esperientzia segurua, erraza eta pertsonalizatua eskaintzea da. Jantzi bakoitzak deskribapen zehatzak eta bereizmen handiko argazkiak ditu hautaketa prozesua errazteko, erosketa asegarria eta fidagarria bermatuz.<\/p>\n<p data-start=\"2468\" data-end=\"2834\">Gainera, Rosana CL taldea prest dago neurri, materialen eta estiloen inguruan aholkuak emateko, ziurtatuz bakoitza <strong data-start=\"2587\" data-end=\"2606\">Seleneren tanga.<\/strong> Hautatutako produktuak bezeroaren gorputzera eta bizimodura ezin hobeto egokitzen da. Kalitatearen, diseinuaren eta zerbitzu adituaren konbinazioak Rosana CL-n Selene tanga bat aukeratzea erabaki adimentsu eta asegarria bihurtzen du.<\/p>\n<p data-start=\"2836\" data-end=\"3069\">Laburbilduz, <strong data-start=\"2851\" data-end=\"2870\">Seleneren tanga.<\/strong> Barruko arropa baino askoz gehiago da: erosotasunean, estiloan eta segurtasunean egindako inbertsioa da. Erostea <strong data-start=\"2969\" data-end=\"2988\">Seleneren tanga.<\/strong> Rosana CL-n kalitatea, iraunkortasuna eta erosketa esperientzia paregabea bermatzen ditugu.<\/p>\t\t\t\t\t\t\t\t<\/div>\n\t\t\t\t<\/div>\n\t\t\t\t\t<\/div>\n\t\t\t\t<\/div>\n\t\t<div class=\"elementor-element elementor-element-d05ed3a e-flex e-con-boxed e-con e-parent\" data-id=\"d05ed3a\" data-element_type=\"container\" data-e-type=\"container\">\n\t\t\t\t\t<div class=\"e-con-inner\">\n\t\t\t\t<div class=\"elementor-element elementor-element-b883e86 elementor-widget elementor-widget-heading\" data-id=\"b883e86\" data-element_type=\"widget\" data-e-type=\"widget\" data-widget_type=\"heading.default\">\n\t\t\t\t<div class=\"elementor-widget-container\">\n\t\t\t\t\t<h2 class=\"elementor-heading-title elementor-size-default\">Jarri gurekin harremanetan <\/h2>\t\t\t\t<\/div>\n\t\t\t\t<\/div>\n\t\t\t\t\t<\/div>\n\t\t\t\t<\/div>\n\t\t<div class=\"elementor-element elementor-element-00e20e2 e-flex e-con-boxed e-con e-parent\" data-id=\"00e20e2\" data-element_type=\"container\" data-e-type=\"container\">\n\t\t\t\t\t<div class=\"e-con-inner\">\n\t\t<div class=\"elementor-element elementor-element-8ad8f7b e-con-full e-flex e-con e-child\" data-id=\"8ad8f7b\" data-element_type=\"container\" data-e-type=\"container\">\n\t\t\t\t<div class=\"elementor-element elementor-element-888944a elementor-widget__width-initial elementor-widget elementor-widget-elementskit-contact-form7\" data-id=\"888944a\" data-element_type=\"widget\" data-e-type=\"widget\" data-widget_type=\"elementskit-contact-form7.default\">\n\t\t\t\t<div class=\"elementor-widget-container\">\n\t\t\t\t\t<div class=\"ekit-wid-con\" ><div class=\"ekit-form\">\n<div class=\"wpcf7 no-js\" id=\"wpcf7-f48-o1\" lang=\"es-ES\" dir=\"ltr\" data-wpcf7-id=\"48\">\n<div class=\"screen-reader-response\"><p role=\"status\" aria-live=\"polite\" aria-atomic=\"true\"><\/p> <ul><\/ul><\/div>\n<form action=\"\/de\/wp-json\/wp\/v2\/pages\/3931#wpcf7-f48-o1\" method=\"post\" class=\"wpcf7-form init\" aria-label=\"Harremanetarako formularioa\" novalidate=\"novalidate\" data-status=\"init\" data-trp-original-action=\"\/de\/wp-json\/wp\/v2\/pages\/3931#wpcf7-f48-o1\">\n<fieldset class=\"hidden-fields-container\"><input type=\"hidden\" name=\"_wpcf7\" value=\"48\" \/><input type=\"hidden\" name=\"_wpcf7_version\" value=\"6.1.5\" \/><input type=\"hidden\" name=\"_wpcf7_locale\" value=\"es_ES\" \/><input type=\"hidden\" name=\"_wpcf7_unit_tag\" value=\"wpcf7-f48-o1\" \/><input type=\"hidden\" name=\"_wpcf7_container_post\" value=\"0\" \/><input type=\"hidden\" name=\"_wpcf7_posted_data_hash\" value=\"\" \/><input type=\"hidden\" name=\"_wpcf7_recaptcha_response\" value=\"\" \/>\n<\/fieldset>\n<div class=\"form-row\">\n\t<div class=\"form-column\">\n\t\t<p><span class=\"wpcf7-form-control-wrap\" data-name=\"nombre\"><input size=\"40\" maxlength=\"400\" class=\"wpcf7-form-control wpcf7-text wpcf7-validates-as-required\" aria-required=\"true\" aria-invalid=\"false\" placeholder=\"Izena\" value=\"\" type=\"text\" name=\"nombre\" \/><\/span>\n\t\t<\/p>\n\t<\/div>\n\t<div class=\"form-column\">\n\t\t<p><span class=\"wpcf7-form-control-wrap\" data-name=\"telefono\"><input size=\"40\" maxlength=\"400\" class=\"wpcf7-form-control wpcf7-tel wpcf7-validates-as-required wpcf7-text wpcf7-validates-as-tel\" aria-required=\"true\" aria-invalid=\"false\" placeholder=\"Telefonoa *\" value=\"\" type=\"tel\" name=\"telefono\" \/><\/span>\n\t\t<\/p>\n\t<\/div>\n<\/div>\n<div class=\"form-row\">\n\t<div class=\"form-column\">\n\t\t<p><span class=\"wpcf7-form-control-wrap\" data-name=\"email\"><input size=\"40\" maxlength=\"400\" class=\"wpcf7-form-control wpcf7-email wpcf7-validates-as-required wpcf7-text wpcf7-validates-as-email\" aria-required=\"true\" aria-invalid=\"false\" placeholder=\"Helbide elektronikoa *\" value=\"\" type=\"email\" name=\"email\" \/><\/span>\n\t\t<\/p>\n\t<\/div>\n\t<div class=\"form-column\">\n\t\t<p><span class=\"wpcf7-form-control-wrap\" data-name=\"asunto\"><input size=\"40\" maxlength=\"400\" class=\"wpcf7-form-control wpcf7-text wpcf7-validates-as-required\" aria-required=\"true\" aria-invalid=\"false\" placeholder=\"Afera *\" value=\"\" type=\"text\" name=\"asunto\" \/><\/span>\n\t\t<\/p>\n\t<\/div>\n<\/div>\n<p><span class=\"wpcf7-form-control-wrap\" data-name=\"mensaje\"><textarea cols=\"40\" rows=\"10\" maxlength=\"2000\" class=\"wpcf7-form-control wpcf7-textarea wpcf7-validates-as-required\" aria-required=\"true\" aria-invalid=\"false\" placeholder=\"Mezua\" name=\"mensaje\"><\/textarea><\/span>\n<\/p>\n<p class=\"legal-priv\"><span class=\"wpcf7-form-control-wrap\" data-name=\"acceptance-787\"><span class=\"wpcf7-form-control wpcf7-acceptance\"><span class=\"wpcf7-list-item\"><label><input type=\"checkbox\" name=\"acceptance-787\" value=\"1\" aria-invalid=\"false\" \/><span class=\"wpcf7-list-item-label\">Irakurri eta onartzen dut <a href=\"https:\/\/rosanacl.com\/eu\/politica-de-privacidad\/\">Pribatutasun Politika<\/a><\/span><\/label><\/span><\/span><\/span>\n<\/p>\n<p><input class=\"wpcf7-form-control wpcf7-submit has-spinner\" type=\"submit\" value=\"BIDALI MEZUA\" \/>\n<\/p><div class=\"wpcf7-response-output\" aria-hidden=\"true\"><\/div>\n<input type=\"hidden\" name=\"trp-form-language\" value=\"eu\"\/><\/form>\n<\/div>\n<\/div><\/div>\t\t\t\t<\/div>\n\t\t\t\t<\/div>\n\t\t\t\t<\/div>\n\t\t\t\t\t<\/div>\n\t\t\t\t<\/div>\n\t\t\t\t<\/div>","protected":false},"excerpt":{"rendered":"<p>Tanga de Selene Tanga de Selene: la elecci\u00f3n perfecta para el d\u00eda a d\u00eda y ocasiones especiales El tanga de Selene se ha consolidado como una de las prendas favoritas de las mujeres que buscan combinar estilo y comodidad. En Rosana CL, ofrecemos una amplia selecci\u00f3n de tangas de Selene, pensadas para realzar la feminidad [&hellip;]<\/p>\n","protected":false},"author":1,"featured_media":0,"parent":0,"menu_order":0,"comment_status":"closed","ping_status":"closed","template":"","meta":{"content-type":"","footnotes":""},"class_list":["post-3931","page","type-page","status-publish","hentry"],"yoast_head":"<!-- This site is optimized with the Yoast SEO plugin v27.4 - https:\/\/yoast.com\/product\/yoast-seo-wordpress\/ -->\n<title>Tanga de Selene - Rosana CL<\/title>\n<meta name=\"robots\" content=\"index, follow, max-snippet:-1, max-image-preview:large, max-video-preview:-1\" \/>\n<link rel=\"canonical\" href=\"https:\/\/rosanacl.com\/eu\/tanga-de-selene\/\" \/>\n<meta property=\"og:locale\" content=\"en_US\" \/>\n<meta property=\"og:type\" content=\"article\" \/>\n<meta property=\"og:title\" content=\"Tanga de Selene - Rosana CL\" \/>\n<meta property=\"og:description\" content=\"Tanga de Selene Tanga de Selene: la elecci\u00f3n perfecta para el d\u00eda a d\u00eda y ocasiones especiales El tanga de Selene se ha consolidado como una de las prendas favoritas de las mujeres que buscan combinar estilo y comodidad. En Rosana CL, ofrecemos una amplia selecci\u00f3n de tangas de Selene, pensadas para realzar la feminidad [&hellip;]\" \/>\n<meta property=\"og:url\" content=\"https:\/\/rosanacl.com\/eu\/tanga-de-selene\/\" \/>\n<meta property=\"og:site_name\" content=\"Rosana CL\" \/>\n<meta property=\"article:modified_time\" content=\"2025-09-29T21:45:53+00:00\" \/>\n<meta property=\"og:image\" content=\"https:\/\/rosanacl.com\/wp-content\/uploads\/2025\/08\/1-9.png\" \/>\n\t<meta property=\"og:image:width\" content=\"1333\" \/>\n\t<meta property=\"og:image:height\" content=\"1333\" \/>\n\t<meta property=\"og:image:type\" content=\"image\/png\" \/>\n<meta name=\"twitter:card\" content=\"summary_large_image\" \/>\n<meta name=\"twitter:label1\" content=\"Est. reading time\" \/>\n\t<meta name=\"twitter:data1\" content=\"2 minutua\" \/>\n<script type=\"application\/ld+json\" class=\"yoast-schema-graph\">{\"@context\":\"https:\\\/\\\/schema.org\",\"@graph\":[{\"@type\":\"WebPage\",\"@id\":\"https:\\\/\\\/rosanacl.com\\\/tanga-de-selene\\\/\",\"url\":\"https:\\\/\\\/rosanacl.com\\\/tanga-de-selene\\\/\",\"name\":\"Tanga de Selene - Rosana CL\",\"isPartOf\":{\"@id\":\"https:\\\/\\\/rosanacl.com\\\/ca\\\/#website\"},\"primaryImageOfPage\":{\"@id\":\"https:\\\/\\\/rosanacl.com\\\/tanga-de-selene\\\/#primaryimage\"},\"image\":{\"@id\":\"https:\\\/\\\/rosanacl.com\\\/tanga-de-selene\\\/#primaryimage\"},\"thumbnailUrl\":\"https:\\\/\\\/rosanacl.com\\\/wp-content\\\/uploads\\\/2025\\\/08\\\/1-9-1024x1024.png\",\"datePublished\":\"2025-09-29T21:44:18+00:00\",\"dateModified\":\"2025-09-29T21:45:53+00:00\",\"breadcrumb\":{\"@id\":\"https:\\\/\\\/rosanacl.com\\\/tanga-de-selene\\\/#breadcrumb\"},\"inLanguage\":\"eu\",\"potentialAction\":[{\"@type\":\"ReadAction\",\"target\":[\"https:\\\/\\\/rosanacl.com\\\/tanga-de-selene\\\/\"]}]},{\"@type\":\"ImageObject\",\"inLanguage\":\"eu\",\"@id\":\"https:\\\/\\\/rosanacl.com\\\/tanga-de-selene\\\/#primaryimage\",\"url\":\"https:\\\/\\\/rosanacl.com\\\/wp-content\\\/uploads\\\/2025\\\/08\\\/1-9-1024x1024.png\",\"contentUrl\":\"https:\\\/\\\/rosanacl.com\\\/wp-content\\\/uploads\\\/2025\\\/08\\\/1-9-1024x1024.png\"},{\"@type\":\"BreadcrumbList\",\"@id\":\"https:\\\/\\\/rosanacl.com\\\/tanga-de-selene\\\/#breadcrumb\",\"itemListElement\":[{\"@type\":\"ListItem\",\"position\":1,\"name\":\"Portada\",\"item\":\"https:\\\/\\\/rosanacl.com\\\/ca\\\/\"},{\"@type\":\"ListItem\",\"position\":2,\"name\":\"Tanga de Selene\"}]},{\"@type\":\"WebSite\",\"@id\":\"https:\\\/\\\/rosanacl.com\\\/ca\\\/#website\",\"url\":\"https:\\\/\\\/rosanacl.com\\\/ca\\\/\",\"name\":\"Rosana CL\",\"description\":\"Somos tu interior\",\"potentialAction\":[{\"@type\":\"SearchAction\",\"target\":{\"@type\":\"EntryPoint\",\"urlTemplate\":\"https:\\\/\\\/rosanacl.com\\\/ca\\\/?s={search_term_string}\"},\"query-input\":{\"@type\":\"PropertyValueSpecification\",\"valueRequired\":true,\"valueName\":\"search_term_string\"}}],\"inLanguage\":\"eu\"}]}<\/script>\n<!-- \/ Yoast SEO plugin. -->","yoast_head_json":{"title":"Tanga de Selene - Rosana CL","robots":{"index":"index","follow":"follow","max-snippet":"max-snippet:-1","max-image-preview":"max-image-preview:large","max-video-preview":"max-video-preview:-1"},"canonical":"https:\/\/rosanacl.com\/eu\/tanga-de-selene\/","og_locale":"en_US","og_type":"article","og_title":"Tanga de Selene - Rosana CL","og_description":"Tanga de Selene Tanga de Selene: la elecci\u00f3n perfecta para el d\u00eda a d\u00eda y ocasiones especiales El tanga de Selene se ha consolidado como una de las prendas favoritas de las mujeres que buscan combinar estilo y comodidad. En Rosana CL, ofrecemos una amplia selecci\u00f3n de tangas de Selene, pensadas para realzar la feminidad [&hellip;]","og_url":"https:\/\/rosanacl.com\/eu\/tanga-de-selene\/","og_site_name":"Rosana CL","article_modified_time":"2025-09-29T21:45:53+00:00","og_image":[{"width":1333,"height":1333,"url":"https:\/\/rosanacl.com\/wp-content\/uploads\/2025\/08\/1-9.png","type":"image\/png"}],"twitter_card":"summary_large_image","twitter_misc":{"Est. reading time":"2 minutua"},"schema":{"@context":"https:\/\/schema.org","@graph":[{"@type":"WebPage","@id":"https:\/\/rosanacl.com\/tanga-de-selene\/","url":"https:\/\/rosanacl.com\/tanga-de-selene\/","name":"Tanga de Selene - Rosana CL","isPartOf":{"@id":"https:\/\/rosanacl.com\/ca\/#website"},"primaryImageOfPage":{"@id":"https:\/\/rosanacl.com\/tanga-de-selene\/#primaryimage"},"image":{"@id":"https:\/\/rosanacl.com\/tanga-de-selene\/#primaryimage"},"thumbnailUrl":"https:\/\/rosanacl.com\/wp-content\/uploads\/2025\/08\/1-9-1024x1024.png","datePublished":"2025-09-29T21:44:18+00:00","dateModified":"2025-09-29T21:45:53+00:00","breadcrumb":{"@id":"https:\/\/rosanacl.com\/tanga-de-selene\/#breadcrumb"},"inLanguage":"eu","potentialAction":[{"@type":"ReadAction","target":["https:\/\/rosanacl.com\/tanga-de-selene\/"]}]},{"@type":"ImageObject","inLanguage":"eu","@id":"https:\/\/rosanacl.com\/tanga-de-selene\/#primaryimage","url":"https:\/\/rosanacl.com\/wp-content\/uploads\/2025\/08\/1-9-1024x1024.png","contentUrl":"https:\/\/rosanacl.com\/wp-content\/uploads\/2025\/08\/1-9-1024x1024.png"},{"@type":"BreadcrumbList","@id":"https:\/\/rosanacl.com\/tanga-de-selene\/#breadcrumb","itemListElement":[{"@type":"ListItem","position":1,"name":"Portada","item":"https:\/\/rosanacl.com\/ca\/"},{"@type":"ListItem","position":2,"name":"Tanga de Selene"}]},{"@type":"WebSite","@id":"https:\/\/rosanacl.com\/ca\/#website","url":"https:\/\/rosanacl.com\/ca\/","name":"Rosana CL","description":"Zure barnealdea gara.","potentialAction":[{"@type":"SearchAction","target":{"@type":"EntryPoint","urlTemplate":"https:\/\/rosanacl.com\/ca\/?s={search_term_string}"},"query-input":{"@type":"PropertyValueSpecification","valueRequired":true,"valueName":"search_term_string"}}],"inLanguage":"eu"}]}},"_links":{"self":[{"href":"https:\/\/rosanacl.com\/eu\/wp-json\/wp\/v2\/pages\/3931","targetHints":{"allow":["GET"]}}],"collection":[{"href":"https:\/\/rosanacl.com\/eu\/wp-json\/wp\/v2\/pages"}],"about":[{"href":"https:\/\/rosanacl.com\/eu\/wp-json\/wp\/v2\/types\/page"}],"author":[{"embeddable":true,"href":"https:\/\/rosanacl.com\/eu\/wp-json\/wp\/v2\/users\/1"}],"replies":[{"embeddable":true,"href":"https:\/\/rosanacl.com\/eu\/wp-json\/wp\/v2\/comments?post=3931"}],"version-history":[{"count":0,"href":"https:\/\/rosanacl.com\/eu\/wp-json\/wp\/v2\/pages\/3931\/revisions"}],"wp:attachment":[{"href":"https:\/\/rosanacl.com\/eu\/wp-json\/wp\/v2\/media?parent=3931"}],"curies":[{"name":"wp","href":"https:\/\/api.w.org\/{rel}","templated":true}]}}