{"id":1017,"date":"2025-04-30T00:35:59","date_gmt":"2025-04-29T22:35:59","guid":{"rendered":"https:\/\/rosanacl.com\/?post_type=product&#038;p=1017"},"modified":"2026-01-07T20:56:28","modified_gmt":"2026-01-07T19:56:28","slug":"sujetador-modelo-laia","status":"publish","type":"product","link":"https:\/\/rosanacl.com\/eu\/produktua\/sujetador-modelo-laia\/","title":{"rendered":"Selene Laia Bra"},"content":{"rendered":"<p>Selene Laia bularretakoa itxura onena izan nahi duzun egunetarako diseinatuta dago, inolako arazorik gabe: alanbrea eta betegarri arina ditu gorputz-altuera naturala lortzeko, eta tul eta parpaila uztartzen dituen diseinua, akabera dotore eta oso femeninoa lortzeko. Bere kabuz nabarmentzen den bularretako bat da: ederra da begiratzeko, erosoa da janzteko eta eguneroko erabilerarako aproposa.<\/p>\n<p>Gainera, bere aparrezko kopa arinek bularrari forma biribilagoa eta estetikoki atseginagoa ematen diote, lodi sentitu gabe. Laia aukera aproposa da ondo egokitzen den, erosoa den eta jantzi egokituekin zein itxura formalagoekin bat datorren alanbrerik gabeko eta betegarridun bularretako baten bila bazabiltza.<\/p>\n<p>Laiari buruz gustatuko zaizkizun xehetasunak<\/p>\n<ul>\n<li>Euskarria eta lepoa definitzeagoa ematen duten uztaiak.<\/li>\n<li>Forma biribildu eta dotorea lortzeko betegarri arina (aparra).<\/li>\n<li>Tul eta parpailaren konbinazioa: akabera fin eta oso femeninoa.<\/li>\n<li>Aukera ona arropa egokituarekin janzteko: efektu leunduagoa jantziaren azpian.<\/li>\n<li>Konbinatu Selene 3121 Brasilgo kuleroekin multzo eder bat lortzeko.<\/li>\n<\/ul>\n<p>\ud83d\udde3\ufe0f Aholkua: Laia jantzi eta berehala nabaritzen duzun &quot;extra&quot; horietako bularretako bat da: lepo eder, biribildu eta oso femeninoa, zure figura osatzen duen betegarri arinarekin, gehiegizkoa izan gabe. Erosoa eta dotorea da, aproposa arazorik gabe itxura onena izan nahi duzun egunetarako.<\/p>\n<p>\ud83d\udccf Oharra: Laiarekin neurri egokia aurkitzeko, kontuan hartu zure bandaren neurria eta koparen neurria: bi neurriren artean bazaude eta itxura sendoagoa eta definituagoa nahi baduzu, aukeratu neurri txikiagoa; erosotasun handiagoa nahiago baduzu edo bandaren inguruan presiorik nahi ez baduzu, hartu neurri bat handiagoa. Eta ziur ez bazaude, neurtu zure bularraldearen azpialdea eta alderatu zure ohiko neurriarekin aukeratu aurretik.<\/p>\n<p>Osaera: 48% poliesterra, 44% poliamida, 8% elastanoa.<\/p>\n<p>\ud83c\udfad Misterio pixka bat, dotorezia asko.<\/p>\n<div id=\"v1ms-outlook-mobile-body-separator-line\" dir=\"auto\"><\/div>","protected":false},"excerpt":{"rendered":"<p>El sujetador Selene Laia est\u00e1 pensado para esos d\u00edas en los que quieres verte m\u00e1s favorecida sin complicarte: aros + relleno ligero que realza con naturalidad, y un dise\u00f1o que mezcla tul y encaje para conseguir un acabado elegante y muy femenino. Es de esos sujetadores que \u00abvisten\u00bb por s\u00ed solos: bonito a la vista, [&hellip;]<\/p>\n","protected":false},"featured_media":2358,"comment_status":"open","ping_status":"closed","template":"","meta":{"content-type":""},"product_brand":[55],"product_cat":[26,102,20],"product_tag":[56,62],"class_list":{"0":"post-1017","1":"product","2":"type-product","3":"status-publish","4":"has-post-thumbnail","6":"product_brand-selene","7":"product_cat-con-aros-y-relleno","8":"product_cat-laia","9":"product_cat-sujetador","10":"product_tag-sujetador","11":"product_tag-sujetador-con-aros-y-rellenos","13":"first","14":"instock","15":"taxable","16":"shipping-taxable","17":"purchasable","18":"product-type-variable"},"supplier_id":null,"supplier_sku":"","barcode":null,"atum_controlled":true,"out_stock_date":null,"out_stock_threshold":null,"inheritable":true,"inbound_stock":null,"stock_on_hold":0,"sold_today":0,"sales_last_days":0,"reserved_stock":null,"customer_returns":null,"warehouse_damage":null,"lost_in_post":null,"other_logs":null,"out_stock_days":0,"lost_sales":0,"has_location":false,"update_date":"2026-01-07T19:56:29","atum_locations":[],"atum_stock_status":"instock","restock_status":false,"low_stock_amount":"","sales_update_date":"2025-08-19T02:35:53","calc_backorders":null,"yoast_head":"<!-- This site is optimized with the Yoast SEO plugin v27.4 - https:\/\/yoast.com\/product\/yoast-seo-wordpress\/ -->\n<title>Sujetador Selene Laia - Rosana CL<\/title>\n<meta name=\"robots\" content=\"index, follow, max-snippet:-1, max-image-preview:large, max-video-preview:-1\" \/>\n<link rel=\"canonical\" href=\"https:\/\/rosanacl.com\/eu\/produktua\/sujetador-modelo-laia\/\" \/>\n<meta property=\"og:locale\" content=\"en_US\" \/>\n<meta property=\"og:type\" content=\"article\" \/>\n<meta property=\"og:title\" content=\"Sujetador Selene Laia - Rosana CL\" \/>\n<meta property=\"og:description\" content=\"El sujetador Selene Laia est\u00e1 pensado para esos d\u00edas en los que quieres verte m\u00e1s favorecida sin complicarte: aros + relleno ligero que realza con naturalidad, y un dise\u00f1o que mezcla tul y encaje para conseguir un acabado elegante y muy femenino. Es de esos sujetadores que \u00abvisten\u00bb por s\u00ed solos: bonito a la vista, [&hellip;]\" \/>\n<meta property=\"og:url\" content=\"https:\/\/rosanacl.com\/eu\/produktua\/sujetador-modelo-laia\/\" \/>\n<meta property=\"og:site_name\" content=\"Rosana CL\" \/>\n<meta property=\"article:modified_time\" content=\"2026-01-07T19:56:28+00:00\" \/>\n<meta property=\"og:image\" content=\"https:\/\/rosanacl.com\/wp-content\/uploads\/2025\/04\/2-3-e1756816590538.jpg\" \/>\n\t<meta property=\"og:image:width\" content=\"830\" \/>\n\t<meta property=\"og:image:height\" content=\"1017\" \/>\n\t<meta property=\"og:image:type\" content=\"image\/jpeg\" \/>\n<meta name=\"twitter:card\" content=\"summary_large_image\" \/>\n<meta name=\"twitter:label1\" content=\"Est. reading time\" \/>\n\t<meta name=\"twitter:data1\" content=\"2 minutua\" \/>\n<script type=\"application\/ld+json\" class=\"yoast-schema-graph\">{\"@context\":\"https:\\\/\\\/schema.org\",\"@graph\":[{\"@type\":\"WebPage\",\"@id\":\"https:\\\/\\\/rosanacl.com\\\/producto\\\/sujetador-modelo-laia\\\/\",\"url\":\"https:\\\/\\\/rosanacl.com\\\/producto\\\/sujetador-modelo-laia\\\/\",\"name\":\"Sujetador Selene Laia - Rosana CL\",\"isPartOf\":{\"@id\":\"https:\\\/\\\/rosanacl.com\\\/ca\\\/#website\"},\"primaryImageOfPage\":{\"@id\":\"https:\\\/\\\/rosanacl.com\\\/producto\\\/sujetador-modelo-laia\\\/#primaryimage\"},\"image\":{\"@id\":\"https:\\\/\\\/rosanacl.com\\\/producto\\\/sujetador-modelo-laia\\\/#primaryimage\"},\"thumbnailUrl\":\"https:\\\/\\\/rosanacl.com\\\/wp-content\\\/uploads\\\/2025\\\/04\\\/2-3-e1756816590538.jpg\",\"datePublished\":\"2025-04-29T22:35:59+00:00\",\"dateModified\":\"2026-01-07T19:56:28+00:00\",\"breadcrumb\":{\"@id\":\"https:\\\/\\\/rosanacl.com\\\/producto\\\/sujetador-modelo-laia\\\/#breadcrumb\"},\"inLanguage\":\"eu\",\"potentialAction\":[{\"@type\":\"ReadAction\",\"target\":[\"https:\\\/\\\/rosanacl.com\\\/producto\\\/sujetador-modelo-laia\\\/\"]}]},{\"@type\":\"ImageObject\",\"inLanguage\":\"eu\",\"@id\":\"https:\\\/\\\/rosanacl.com\\\/producto\\\/sujetador-modelo-laia\\\/#primaryimage\",\"url\":\"https:\\\/\\\/rosanacl.com\\\/wp-content\\\/uploads\\\/2025\\\/04\\\/2-3-e1756816590538.jpg\",\"contentUrl\":\"https:\\\/\\\/rosanacl.com\\\/wp-content\\\/uploads\\\/2025\\\/04\\\/2-3-e1756816590538.jpg\",\"width\":830,\"height\":1017},{\"@type\":\"BreadcrumbList\",\"@id\":\"https:\\\/\\\/rosanacl.com\\\/producto\\\/sujetador-modelo-laia\\\/#breadcrumb\",\"itemListElement\":[{\"@type\":\"ListItem\",\"position\":1,\"name\":\"Portada\",\"item\":\"https:\\\/\\\/rosanacl.com\\\/ca\\\/\"},{\"@type\":\"ListItem\",\"position\":2,\"name\":\"Tienda\",\"item\":\"https:\\\/\\\/rosanacl.com\\\/ca\\\/tienda\\\/\"},{\"@type\":\"ListItem\",\"position\":3,\"name\":\"Sujetador Selene Laia\"}]},{\"@type\":\"WebSite\",\"@id\":\"https:\\\/\\\/rosanacl.com\\\/ca\\\/#website\",\"url\":\"https:\\\/\\\/rosanacl.com\\\/ca\\\/\",\"name\":\"Rosana CL\",\"description\":\"Somos tu interior\",\"potentialAction\":[{\"@type\":\"SearchAction\",\"target\":{\"@type\":\"EntryPoint\",\"urlTemplate\":\"https:\\\/\\\/rosanacl.com\\\/ca\\\/?s={search_term_string}\"},\"query-input\":{\"@type\":\"PropertyValueSpecification\",\"valueRequired\":true,\"valueName\":\"search_term_string\"}}],\"inLanguage\":\"eu\"}]}<\/script>\n<!-- \/ Yoast SEO plugin. -->","yoast_head_json":{"title":"Sujetador Selene Laia - Rosana CL","robots":{"index":"index","follow":"follow","max-snippet":"max-snippet:-1","max-image-preview":"max-image-preview:large","max-video-preview":"max-video-preview:-1"},"canonical":"https:\/\/rosanacl.com\/eu\/produktua\/sujetador-modelo-laia\/","og_locale":"en_US","og_type":"article","og_title":"Sujetador Selene Laia - Rosana CL","og_description":"El sujetador Selene Laia est\u00e1 pensado para esos d\u00edas en los que quieres verte m\u00e1s favorecida sin complicarte: aros + relleno ligero que realza con naturalidad, y un dise\u00f1o que mezcla tul y encaje para conseguir un acabado elegante y muy femenino. Es de esos sujetadores que \u00abvisten\u00bb por s\u00ed solos: bonito a la vista, [&hellip;]","og_url":"https:\/\/rosanacl.com\/eu\/produktua\/sujetador-modelo-laia\/","og_site_name":"Rosana CL","article_modified_time":"2026-01-07T19:56:28+00:00","og_image":[{"width":830,"height":1017,"url":"https:\/\/rosanacl.com\/wp-content\/uploads\/2025\/04\/2-3-e1756816590538.jpg","type":"image\/jpeg"}],"twitter_card":"summary_large_image","twitter_misc":{"Est. reading time":"2 minutua"},"schema":{"@context":"https:\/\/schema.org","@graph":[{"@type":"WebPage","@id":"https:\/\/rosanacl.com\/producto\/sujetador-modelo-laia\/","url":"https:\/\/rosanacl.com\/producto\/sujetador-modelo-laia\/","name":"Sujetador Selene Laia - Rosana CL","isPartOf":{"@id":"https:\/\/rosanacl.com\/ca\/#website"},"primaryImageOfPage":{"@id":"https:\/\/rosanacl.com\/producto\/sujetador-modelo-laia\/#primaryimage"},"image":{"@id":"https:\/\/rosanacl.com\/producto\/sujetador-modelo-laia\/#primaryimage"},"thumbnailUrl":"https:\/\/rosanacl.com\/wp-content\/uploads\/2025\/04\/2-3-e1756816590538.jpg","datePublished":"2025-04-29T22:35:59+00:00","dateModified":"2026-01-07T19:56:28+00:00","breadcrumb":{"@id":"https:\/\/rosanacl.com\/producto\/sujetador-modelo-laia\/#breadcrumb"},"inLanguage":"eu","potentialAction":[{"@type":"ReadAction","target":["https:\/\/rosanacl.com\/producto\/sujetador-modelo-laia\/"]}]},{"@type":"ImageObject","inLanguage":"eu","@id":"https:\/\/rosanacl.com\/producto\/sujetador-modelo-laia\/#primaryimage","url":"https:\/\/rosanacl.com\/wp-content\/uploads\/2025\/04\/2-3-e1756816590538.jpg","contentUrl":"https:\/\/rosanacl.com\/wp-content\/uploads\/2025\/04\/2-3-e1756816590538.jpg","width":830,"height":1017},{"@type":"BreadcrumbList","@id":"https:\/\/rosanacl.com\/producto\/sujetador-modelo-laia\/#breadcrumb","itemListElement":[{"@type":"ListItem","position":1,"name":"Portada","item":"https:\/\/rosanacl.com\/ca\/"},{"@type":"ListItem","position":2,"name":"Tienda","item":"https:\/\/rosanacl.com\/ca\/tienda\/"},{"@type":"ListItem","position":3,"name":"Sujetador Selene Laia"}]},{"@type":"WebSite","@id":"https:\/\/rosanacl.com\/ca\/#website","url":"https:\/\/rosanacl.com\/ca\/","name":"Rosana CL","description":"Zure barnealdea gara.","potentialAction":[{"@type":"SearchAction","target":{"@type":"EntryPoint","urlTemplate":"https:\/\/rosanacl.com\/ca\/?s={search_term_string}"},"query-input":{"@type":"PropertyValueSpecification","valueRequired":true,"valueName":"search_term_string"}}],"inLanguage":"eu"}]}},"_links":{"self":[{"href":"https:\/\/rosanacl.com\/eu\/wp-json\/wp\/v2\/product\/1017","targetHints":{"allow":["GET"]}}],"collection":[{"href":"https:\/\/rosanacl.com\/eu\/wp-json\/wp\/v2\/product"}],"about":[{"href":"https:\/\/rosanacl.com\/eu\/wp-json\/wp\/v2\/types\/product"}],"replies":[{"embeddable":true,"href":"https:\/\/rosanacl.com\/eu\/wp-json\/wp\/v2\/comments?post=1017"}],"version-history":[{"count":5,"href":"https:\/\/rosanacl.com\/eu\/wp-json\/wp\/v2\/product\/1017\/revisions"}],"predecessor-version":[{"id":4612,"href":"https:\/\/rosanacl.com\/eu\/wp-json\/wp\/v2\/product\/1017\/revisions\/4612"}],"wp:featuredmedia":[{"embeddable":true,"href":"https:\/\/rosanacl.com\/eu\/wp-json\/wp\/v2\/media\/2358"}],"wp:attachment":[{"href":"https:\/\/rosanacl.com\/eu\/wp-json\/wp\/v2\/media?parent=1017"}],"wp:term":[{"taxonomy":"product_brand","embeddable":true,"href":"https:\/\/rosanacl.com\/eu\/wp-json\/wp\/v2\/product_brand?post=1017"},{"taxonomy":"product_cat","embeddable":true,"href":"https:\/\/rosanacl.com\/eu\/wp-json\/wp\/v2\/product_cat?post=1017"},{"taxonomy":"product_tag","embeddable":true,"href":"https:\/\/rosanacl.com\/eu\/wp-json\/wp\/v2\/product_tag?post=1017"}],"curies":[{"name":"wp","href":"https:\/\/api.w.org\/{rel}","templated":true}]}}