{"id":1294,"date":"2025-04-30T01:08:29","date_gmt":"2025-04-29T23:08:29","guid":{"rendered":"https:\/\/rosanacl.com\/?post_type=product&#038;p=1294"},"modified":"2026-01-07T20:18:28","modified_gmt":"2026-01-07T19:18:28","slug":"sujetador-modelo-sonia","status":"publish","type":"product","link":"https:\/\/rosanacl.com\/eu\/produktua\/sujetador-modelo-sonia\/","title":{"rendered":"Selene Sonia Bra"},"content":{"rendered":"<p>Selene Sonia bularretakoa itxura onena izan nahi duzun egunetarako diseinatuta dago, arazorik gabe: bularra leunki altxatzen du, bularra biribiltzen du eta dekolte garbi eta lirain bat sortzen du. Jantzitzen duzun unetik bertatik seguru sentitzen zaren estiloa da, etengabe doikuntzarik behar izan gabe eusten dizuna.<\/p>\n<p>Bere alanbrezko egiturak eta push-up kopak euskarria eta forma dotoreagoa ematen diote arroparen azpian, kamisetetarako, jantzi egokituetarako edo silueta dotoreagoa nahi duzun edozein itxuratarako aproposa. B kopan, eguneroko erabilerarako aukera ezin hobea da, gehiegizkoa izan gabe nabarmentzen den fintasun ukitu hori eskainiz.<\/p>\n<p>Soniari buruz maite izango dituzun gauzak<\/p>\n<ul>\n<li>Bustoa modu naturalean bildu eta zentratzeko uztaiak.<\/li>\n<li>Kopa flexio-betegarriarekin, altxatze moderatu eta ederra lortzeko.<\/li>\n<li>Lepoa estilizatzen eta bularraldea nabarmentzen duen forma biribildua.<\/li>\n<li>Arroparen azpian akabera diskretua efektu uniformeagoa lortzeko.<\/li>\n<li>Ordu luzez eroso eramateko euskarri egonkorra.<\/li>\n<\/ul>\n<p>\ud83d\udde3\ufe0f Aholkua: Gehiegi egin gabe &quot;jantzi&quot; efektua nahi baduzu, Sonia alkandora bikaina da kamisetekin eta jantzi egokituekin: jar ezazu ondo erdian janztean eta egokitu tiranteak, push-up-a naturala izan dadin eta eskotea garbia izan dadin.<\/p>\n<p>\ud83d\udccf Oharra: Modelo honetan, bi neurriren artean bazaude edo zirkunferentziaz ziur ez bazaude, aukeratu euskarri sendoa baina erosoa eskaintzen duen neurria: &quot;erosoagoa&quot; gustatzen bazaizu, ohiko neurriarekin jarraitu; erosotasun handiagoa nahiago baduzu (edo estutasun sentsaziorik ez baduzu nahi), igo neurri bat.<\/p>\n<p>Konposizioa: 68% Poliamida \/ 17% Elastanoa \/ 15% Poliesterra.<\/p>\n<p>\ud83c\udf43 Arina janzteko, ederra begiratzeko\u2026 eta benetako euskarriarekin.<\/p>\n<p>&nbsp;<\/p>","protected":false},"excerpt":{"rendered":"<p>El sujetador Selene modelo Sonia est\u00e1 hecho para esos d\u00edas en los que quieres verte m\u00e1s bonita sin complicarte: realza el busto de forma moderada, redondea el pecho y deja un escote limpio y favorecedor. Es un modelo que se siente estable desde que te lo pones, de los que acompa\u00f1an y no te obligan [&hellip;]<\/p>\n","protected":false},"featured_media":1469,"comment_status":"open","ping_status":"closed","template":"","meta":{"content-type":""},"product_brand":[55],"product_cat":[29,20],"product_tag":[56,65],"class_list":{"0":"post-1294","1":"product","2":"type-product","3":"status-publish","4":"has-post-thumbnail","6":"product_brand-selene","7":"product_cat-push-up","8":"product_cat-sujetador","9":"product_tag-sujetador","10":"product_tag-sujetador-push-up","12":"first","13":"instock","14":"taxable","15":"shipping-taxable","16":"purchasable","17":"product-type-variable"},"supplier_id":null,"supplier_sku":"","barcode":null,"atum_controlled":true,"out_stock_date":null,"out_stock_threshold":null,"inheritable":true,"inbound_stock":0,"stock_on_hold":0,"sold_today":0,"sales_last_days":0,"reserved_stock":0,"customer_returns":0,"warehouse_damage":0,"lost_in_post":0,"other_logs":0,"out_stock_days":0,"lost_sales":0,"has_location":false,"update_date":"2026-01-07T19:18:29","atum_locations":[],"atum_stock_status":"instock","restock_status":false,"low_stock_amount":"","sales_update_date":"2025-10-03T04:56:28","calc_backorders":null,"yoast_head":"<!-- This site is optimized with the Yoast SEO plugin v27.4 - https:\/\/yoast.com\/product\/yoast-seo-wordpress\/ -->\n<title>Sujetador Selene Sonia - Rosana CL<\/title>\n<meta name=\"robots\" content=\"index, follow, max-snippet:-1, max-image-preview:large, max-video-preview:-1\" \/>\n<link rel=\"canonical\" href=\"https:\/\/rosanacl.com\/eu\/produktua\/sujetador-modelo-sonia\/\" \/>\n<meta property=\"og:locale\" content=\"en_US\" \/>\n<meta property=\"og:type\" content=\"article\" \/>\n<meta property=\"og:title\" content=\"Sujetador Selene Sonia - Rosana CL\" \/>\n<meta property=\"og:description\" content=\"El sujetador Selene modelo Sonia est\u00e1 hecho para esos d\u00edas en los que quieres verte m\u00e1s bonita sin complicarte: realza el busto de forma moderada, redondea el pecho y deja un escote limpio y favorecedor. Es un modelo que se siente estable desde que te lo pones, de los que acompa\u00f1an y no te obligan [&hellip;]\" \/>\n<meta property=\"og:url\" content=\"https:\/\/rosanacl.com\/eu\/produktua\/sujetador-modelo-sonia\/\" \/>\n<meta property=\"og:site_name\" content=\"Rosana CL\" \/>\n<meta property=\"article:modified_time\" content=\"2026-01-07T19:18:28+00:00\" \/>\n<meta property=\"og:image\" content=\"https:\/\/rosanacl.com\/wp-content\/uploads\/2025\/04\/Sujetador-modelo-Sonia-000001-1.webp\" \/>\n\t<meta property=\"og:image:width\" content=\"1000\" \/>\n\t<meta property=\"og:image:height\" content=\"1000\" \/>\n\t<meta property=\"og:image:type\" content=\"image\/webp\" \/>\n<meta name=\"twitter:card\" content=\"summary_large_image\" \/>\n<meta name=\"twitter:label1\" content=\"Est. reading time\" \/>\n\t<meta name=\"twitter:data1\" content=\"2 minutua\" \/>\n<script type=\"application\/ld+json\" class=\"yoast-schema-graph\">{\"@context\":\"https:\\\/\\\/schema.org\",\"@graph\":[{\"@type\":\"WebPage\",\"@id\":\"https:\\\/\\\/rosanacl.com\\\/producto\\\/sujetador-modelo-sonia\\\/\",\"url\":\"https:\\\/\\\/rosanacl.com\\\/producto\\\/sujetador-modelo-sonia\\\/\",\"name\":\"Sujetador Selene Sonia - Rosana CL\",\"isPartOf\":{\"@id\":\"https:\\\/\\\/rosanacl.com\\\/ca\\\/#website\"},\"primaryImageOfPage\":{\"@id\":\"https:\\\/\\\/rosanacl.com\\\/producto\\\/sujetador-modelo-sonia\\\/#primaryimage\"},\"image\":{\"@id\":\"https:\\\/\\\/rosanacl.com\\\/producto\\\/sujetador-modelo-sonia\\\/#primaryimage\"},\"thumbnailUrl\":\"https:\\\/\\\/rosanacl.com\\\/wp-content\\\/uploads\\\/2025\\\/04\\\/Sujetador-modelo-Sonia-000001-1.webp\",\"datePublished\":\"2025-04-29T23:08:29+00:00\",\"dateModified\":\"2026-01-07T19:18:28+00:00\",\"breadcrumb\":{\"@id\":\"https:\\\/\\\/rosanacl.com\\\/producto\\\/sujetador-modelo-sonia\\\/#breadcrumb\"},\"inLanguage\":\"eu\",\"potentialAction\":[{\"@type\":\"ReadAction\",\"target\":[\"https:\\\/\\\/rosanacl.com\\\/producto\\\/sujetador-modelo-sonia\\\/\"]}]},{\"@type\":\"ImageObject\",\"inLanguage\":\"eu\",\"@id\":\"https:\\\/\\\/rosanacl.com\\\/producto\\\/sujetador-modelo-sonia\\\/#primaryimage\",\"url\":\"https:\\\/\\\/rosanacl.com\\\/wp-content\\\/uploads\\\/2025\\\/04\\\/Sujetador-modelo-Sonia-000001-1.webp\",\"contentUrl\":\"https:\\\/\\\/rosanacl.com\\\/wp-content\\\/uploads\\\/2025\\\/04\\\/Sujetador-modelo-Sonia-000001-1.webp\",\"width\":1000,\"height\":1000},{\"@type\":\"BreadcrumbList\",\"@id\":\"https:\\\/\\\/rosanacl.com\\\/producto\\\/sujetador-modelo-sonia\\\/#breadcrumb\",\"itemListElement\":[{\"@type\":\"ListItem\",\"position\":1,\"name\":\"Portada\",\"item\":\"https:\\\/\\\/rosanacl.com\\\/ca\\\/\"},{\"@type\":\"ListItem\",\"position\":2,\"name\":\"Tienda\",\"item\":\"https:\\\/\\\/rosanacl.com\\\/ca\\\/tienda\\\/\"},{\"@type\":\"ListItem\",\"position\":3,\"name\":\"Sujetador Selene Sonia\"}]},{\"@type\":\"WebSite\",\"@id\":\"https:\\\/\\\/rosanacl.com\\\/ca\\\/#website\",\"url\":\"https:\\\/\\\/rosanacl.com\\\/ca\\\/\",\"name\":\"Rosana CL\",\"description\":\"Somos tu interior\",\"potentialAction\":[{\"@type\":\"SearchAction\",\"target\":{\"@type\":\"EntryPoint\",\"urlTemplate\":\"https:\\\/\\\/rosanacl.com\\\/ca\\\/?s={search_term_string}\"},\"query-input\":{\"@type\":\"PropertyValueSpecification\",\"valueRequired\":true,\"valueName\":\"search_term_string\"}}],\"inLanguage\":\"eu\"}]}<\/script>\n<!-- \/ Yoast SEO plugin. -->","yoast_head_json":{"title":"Sujetador Selene Sonia - Rosana CL","robots":{"index":"index","follow":"follow","max-snippet":"max-snippet:-1","max-image-preview":"max-image-preview:large","max-video-preview":"max-video-preview:-1"},"canonical":"https:\/\/rosanacl.com\/eu\/produktua\/sujetador-modelo-sonia\/","og_locale":"en_US","og_type":"article","og_title":"Sujetador Selene Sonia - Rosana CL","og_description":"El sujetador Selene modelo Sonia est\u00e1 hecho para esos d\u00edas en los que quieres verte m\u00e1s bonita sin complicarte: realza el busto de forma moderada, redondea el pecho y deja un escote limpio y favorecedor. Es un modelo que se siente estable desde que te lo pones, de los que acompa\u00f1an y no te obligan [&hellip;]","og_url":"https:\/\/rosanacl.com\/eu\/produktua\/sujetador-modelo-sonia\/","og_site_name":"Rosana CL","article_modified_time":"2026-01-07T19:18:28+00:00","og_image":[{"width":1000,"height":1000,"url":"https:\/\/rosanacl.com\/wp-content\/uploads\/2025\/04\/Sujetador-modelo-Sonia-000001-1.webp","type":"image\/webp"}],"twitter_card":"summary_large_image","twitter_misc":{"Est. reading time":"2 minutua"},"schema":{"@context":"https:\/\/schema.org","@graph":[{"@type":"WebPage","@id":"https:\/\/rosanacl.com\/producto\/sujetador-modelo-sonia\/","url":"https:\/\/rosanacl.com\/producto\/sujetador-modelo-sonia\/","name":"Sujetador Selene Sonia - Rosana CL","isPartOf":{"@id":"https:\/\/rosanacl.com\/ca\/#website"},"primaryImageOfPage":{"@id":"https:\/\/rosanacl.com\/producto\/sujetador-modelo-sonia\/#primaryimage"},"image":{"@id":"https:\/\/rosanacl.com\/producto\/sujetador-modelo-sonia\/#primaryimage"},"thumbnailUrl":"https:\/\/rosanacl.com\/wp-content\/uploads\/2025\/04\/Sujetador-modelo-Sonia-000001-1.webp","datePublished":"2025-04-29T23:08:29+00:00","dateModified":"2026-01-07T19:18:28+00:00","breadcrumb":{"@id":"https:\/\/rosanacl.com\/producto\/sujetador-modelo-sonia\/#breadcrumb"},"inLanguage":"eu","potentialAction":[{"@type":"ReadAction","target":["https:\/\/rosanacl.com\/producto\/sujetador-modelo-sonia\/"]}]},{"@type":"ImageObject","inLanguage":"eu","@id":"https:\/\/rosanacl.com\/producto\/sujetador-modelo-sonia\/#primaryimage","url":"https:\/\/rosanacl.com\/wp-content\/uploads\/2025\/04\/Sujetador-modelo-Sonia-000001-1.webp","contentUrl":"https:\/\/rosanacl.com\/wp-content\/uploads\/2025\/04\/Sujetador-modelo-Sonia-000001-1.webp","width":1000,"height":1000},{"@type":"BreadcrumbList","@id":"https:\/\/rosanacl.com\/producto\/sujetador-modelo-sonia\/#breadcrumb","itemListElement":[{"@type":"ListItem","position":1,"name":"Portada","item":"https:\/\/rosanacl.com\/ca\/"},{"@type":"ListItem","position":2,"name":"Tienda","item":"https:\/\/rosanacl.com\/ca\/tienda\/"},{"@type":"ListItem","position":3,"name":"Sujetador Selene Sonia"}]},{"@type":"WebSite","@id":"https:\/\/rosanacl.com\/ca\/#website","url":"https:\/\/rosanacl.com\/ca\/","name":"Rosana CL","description":"Zure barnealdea gara.","potentialAction":[{"@type":"SearchAction","target":{"@type":"EntryPoint","urlTemplate":"https:\/\/rosanacl.com\/ca\/?s={search_term_string}"},"query-input":{"@type":"PropertyValueSpecification","valueRequired":true,"valueName":"search_term_string"}}],"inLanguage":"eu"}]}},"_links":{"self":[{"href":"https:\/\/rosanacl.com\/eu\/wp-json\/wp\/v2\/product\/1294","targetHints":{"allow":["GET"]}}],"collection":[{"href":"https:\/\/rosanacl.com\/eu\/wp-json\/wp\/v2\/product"}],"about":[{"href":"https:\/\/rosanacl.com\/eu\/wp-json\/wp\/v2\/types\/product"}],"replies":[{"embeddable":true,"href":"https:\/\/rosanacl.com\/eu\/wp-json\/wp\/v2\/comments?post=1294"}],"version-history":[{"count":5,"href":"https:\/\/rosanacl.com\/eu\/wp-json\/wp\/v2\/product\/1294\/revisions"}],"predecessor-version":[{"id":4606,"href":"https:\/\/rosanacl.com\/eu\/wp-json\/wp\/v2\/product\/1294\/revisions\/4606"}],"wp:featuredmedia":[{"embeddable":true,"href":"https:\/\/rosanacl.com\/eu\/wp-json\/wp\/v2\/media\/1469"}],"wp:attachment":[{"href":"https:\/\/rosanacl.com\/eu\/wp-json\/wp\/v2\/media?parent=1294"}],"wp:term":[{"taxonomy":"product_brand","embeddable":true,"href":"https:\/\/rosanacl.com\/eu\/wp-json\/wp\/v2\/product_brand?post=1294"},{"taxonomy":"product_cat","embeddable":true,"href":"https:\/\/rosanacl.com\/eu\/wp-json\/wp\/v2\/product_cat?post=1294"},{"taxonomy":"product_tag","embeddable":true,"href":"https:\/\/rosanacl.com\/eu\/wp-json\/wp\/v2\/product_tag?post=1294"}],"curies":[{"name":"wp","href":"https:\/\/api.w.org\/{rel}","templated":true}]}}