{"id":3552,"date":"2025-08-19T09:56:34","date_gmt":"2025-08-19T07:56:34","guid":{"rendered":"https:\/\/rosanacl.com\/?post_type=product&#038;p=3552"},"modified":"2026-01-07T23:53:05","modified_gmt":"2026-01-07T22:53:05","slug":"body-selene-cristina","status":"publish","type":"product","link":"https:\/\/rosanacl.com\/eu\/produktua\/body-selene-cristina\/","title":{"rendered":"Gorputza Selene Cristina"},"content":{"rendered":"<p>Body Selene Cristina: el body moldeador de microfibra que estiliza la silueta con un acabado limpio, elegante y muy c\u00f3modo.<br \/>\nDise\u00f1ado para aportar sujeci\u00f3n real en el pecho (con aros y sin relleno) y, a la vez, una sensaci\u00f3n de control suave en la zona del abdomen.<\/p>\n<p>Cristina aproposa da &quot;dena egiten duen&quot; body baten bila bazabiltza: bularra forma eder eta natural batekin hobetzen du, gerria definitzen du estutasunik gabe eta silueta definituagoa sortzen du arroparen azpian. Bere mikrofibra ehuna bigarren azal baten moduan egokitzen da gorputzera, ukitu leun batekin eta drape lirain batekin.<\/p>\n<p>Horrez gain, sabelaldean indargarriak ditu, bisualki leuntzeko eta soinekoetan, jantzi egokituetan eta eguneroko itxuran emaitza dotoreagoa lortzeko diseinatua.<\/p>\n<p>Jantzitakoan nabarituko dituzun xehetasunak<\/p>\n<ul>\n<li>Kontrol-bodya mikrofibra leun eta erosoarekin.<\/li>\n<li>Barruko alanbrea euskarri sendoa eta bular eder bat lortzeko.<\/li>\n<li>Betegarririk gabe, akabera natural eta arin bat lortzeko.<\/li>\n<li>Figura leuntzen eta estilizatzen laguntzen duen sabeleko indargarria.<\/li>\n<li>Ezin hobea barruko arropa gisa edo jaka\/blazer batekin kanpoko arropa gisa eramateko.<\/li>\n<\/ul>\n<p>\ud83d\udde3\ufe0f Aholkua: Cristina sabelaldean kontrol leuna eta bularrean benetako euskarria emateko diseinatuta dago, &quot;bigarren azal&quot; baten mikrofibra sentsazioarekin: definitzen zaitu eta arroparen azpian itxura dotorea ematen dizu zurrun sentitu gabe.<\/p>\n<p>\ud83d\udccf Oharra: Erosi aurretik, erabili neurrien gida azkar hau: aukeratu zure neurria sabeleko kontrola laua eta egonkorra bada (bihurritu gabe) eta bularra erdian badago, tarterik gabe. Eserita zaudenean estutzen dela edo estutasuna sentitzen baduzu, eskatu neurri bat handiagoa; gerrian\/sabelaldean soltea bada edo bularra ez badago eusten, eskatu neurri bat txikiagoa.<\/p>\n<p>Konposizioa: 84% poliamida, 16% poliesterra.<\/p>\n<p>\u2728 Body Cristina: euskarria, kontrola eta silueta ikusgarria\u2026 jantzi bezain laster.<\/p>","protected":false},"excerpt":{"rendered":"<p>Body Selene Cristina: el body moldeador de microfibra que estiliza la silueta con un acabado limpio, elegante y muy c\u00f3modo. Dise\u00f1ado para aportar sujeci\u00f3n real en el pecho (con aros y sin relleno) y, a la vez, una sensaci\u00f3n de control suave en la zona del abdomen. El Cristina es ideal si buscas un body [&hellip;]<\/p>\n","protected":false},"featured_media":3563,"comment_status":"closed","ping_status":"closed","template":"","meta":{"content-type":""},"product_brand":[55],"product_cat":[18],"product_tag":[66],"class_list":{"0":"post-3552","1":"product","2":"type-product","3":"status-publish","4":"has-post-thumbnail","6":"product_brand-selene","7":"product_cat-body","8":"product_tag-body","10":"first","11":"instock","12":"taxable","13":"shipping-taxable","14":"purchasable","15":"product-type-variable"},"supplier_id":null,"supplier_sku":"","barcode":null,"atum_controlled":true,"out_stock_date":null,"out_stock_threshold":null,"inheritable":true,"inbound_stock":0,"stock_on_hold":0,"sold_today":null,"sales_last_days":null,"reserved_stock":0,"customer_returns":0,"warehouse_damage":0,"lost_in_post":0,"other_logs":0,"out_stock_days":null,"lost_sales":null,"has_location":false,"update_date":"2026-01-07T22:53:06","atum_locations":[],"atum_stock_status":"instock","restock_status":false,"low_stock_amount":"","sales_update_date":"2025-10-03T04:55:30","calc_backorders":null,"yoast_head":"<!-- This site is optimized with the Yoast SEO plugin v27.4 - https:\/\/yoast.com\/product\/yoast-seo-wordpress\/ -->\n<title>Body Selene Cristina - Rosana CL<\/title>\n<meta name=\"robots\" content=\"index, follow, max-snippet:-1, max-image-preview:large, max-video-preview:-1\" \/>\n<link rel=\"canonical\" href=\"https:\/\/rosanacl.com\/eu\/produktua\/body-selene-cristina\/\" \/>\n<meta property=\"og:locale\" content=\"en_US\" \/>\n<meta property=\"og:type\" content=\"article\" \/>\n<meta property=\"og:title\" content=\"Body Selene Cristina - Rosana CL\" \/>\n<meta property=\"og:description\" content=\"Body Selene Cristina: el body moldeador de microfibra que estiliza la silueta con un acabado limpio, elegante y muy c\u00f3modo. Dise\u00f1ado para aportar sujeci\u00f3n real en el pecho (con aros y sin relleno) y, a la vez, una sensaci\u00f3n de control suave en la zona del abdomen. El Cristina es ideal si buscas un body [&hellip;]\" \/>\n<meta property=\"og:url\" content=\"https:\/\/rosanacl.com\/eu\/produktua\/body-selene-cristina\/\" \/>\n<meta property=\"og:site_name\" content=\"Rosana CL\" \/>\n<meta property=\"article:modified_time\" content=\"2026-01-07T22:53:05+00:00\" \/>\n<meta property=\"og:image\" content=\"https:\/\/rosanacl.com\/wp-content\/uploads\/2025\/08\/1-11.png\" \/>\n\t<meta property=\"og:image:width\" content=\"800\" \/>\n\t<meta property=\"og:image:height\" content=\"800\" \/>\n\t<meta property=\"og:image:type\" content=\"image\/png\" \/>\n<meta name=\"twitter:card\" content=\"summary_large_image\" \/>\n<meta name=\"twitter:label1\" content=\"Est. reading time\" \/>\n\t<meta name=\"twitter:data1\" content=\"2 minutua\" \/>\n<script type=\"application\/ld+json\" class=\"yoast-schema-graph\">{\"@context\":\"https:\\\/\\\/schema.org\",\"@graph\":[{\"@type\":\"WebPage\",\"@id\":\"https:\\\/\\\/rosanacl.com\\\/producto\\\/body-selene-cristina\\\/\",\"url\":\"https:\\\/\\\/rosanacl.com\\\/producto\\\/body-selene-cristina\\\/\",\"name\":\"Body Selene Cristina - Rosana CL\",\"isPartOf\":{\"@id\":\"https:\\\/\\\/rosanacl.com\\\/ca\\\/#website\"},\"primaryImageOfPage\":{\"@id\":\"https:\\\/\\\/rosanacl.com\\\/producto\\\/body-selene-cristina\\\/#primaryimage\"},\"image\":{\"@id\":\"https:\\\/\\\/rosanacl.com\\\/producto\\\/body-selene-cristina\\\/#primaryimage\"},\"thumbnailUrl\":\"https:\\\/\\\/rosanacl.com\\\/wp-content\\\/uploads\\\/2025\\\/08\\\/1-11.png\",\"datePublished\":\"2025-08-19T07:56:34+00:00\",\"dateModified\":\"2026-01-07T22:53:05+00:00\",\"breadcrumb\":{\"@id\":\"https:\\\/\\\/rosanacl.com\\\/producto\\\/body-selene-cristina\\\/#breadcrumb\"},\"inLanguage\":\"eu\",\"potentialAction\":[{\"@type\":\"ReadAction\",\"target\":[\"https:\\\/\\\/rosanacl.com\\\/producto\\\/body-selene-cristina\\\/\"]}]},{\"@type\":\"ImageObject\",\"inLanguage\":\"eu\",\"@id\":\"https:\\\/\\\/rosanacl.com\\\/producto\\\/body-selene-cristina\\\/#primaryimage\",\"url\":\"https:\\\/\\\/rosanacl.com\\\/wp-content\\\/uploads\\\/2025\\\/08\\\/1-11.png\",\"contentUrl\":\"https:\\\/\\\/rosanacl.com\\\/wp-content\\\/uploads\\\/2025\\\/08\\\/1-11.png\",\"width\":800,\"height\":800},{\"@type\":\"BreadcrumbList\",\"@id\":\"https:\\\/\\\/rosanacl.com\\\/producto\\\/body-selene-cristina\\\/#breadcrumb\",\"itemListElement\":[{\"@type\":\"ListItem\",\"position\":1,\"name\":\"Portada\",\"item\":\"https:\\\/\\\/rosanacl.com\\\/ca\\\/\"},{\"@type\":\"ListItem\",\"position\":2,\"name\":\"Tienda\",\"item\":\"https:\\\/\\\/rosanacl.com\\\/ca\\\/tienda\\\/\"},{\"@type\":\"ListItem\",\"position\":3,\"name\":\"Body Selene Cristina\"}]},{\"@type\":\"WebSite\",\"@id\":\"https:\\\/\\\/rosanacl.com\\\/ca\\\/#website\",\"url\":\"https:\\\/\\\/rosanacl.com\\\/ca\\\/\",\"name\":\"Rosana CL\",\"description\":\"Somos tu interior\",\"potentialAction\":[{\"@type\":\"SearchAction\",\"target\":{\"@type\":\"EntryPoint\",\"urlTemplate\":\"https:\\\/\\\/rosanacl.com\\\/ca\\\/?s={search_term_string}\"},\"query-input\":{\"@type\":\"PropertyValueSpecification\",\"valueRequired\":true,\"valueName\":\"search_term_string\"}}],\"inLanguage\":\"eu\"}]}<\/script>\n<!-- \/ Yoast SEO plugin. -->","yoast_head_json":{"title":"Body Selene Cristina - Rosana CL","robots":{"index":"index","follow":"follow","max-snippet":"max-snippet:-1","max-image-preview":"max-image-preview:large","max-video-preview":"max-video-preview:-1"},"canonical":"https:\/\/rosanacl.com\/eu\/produktua\/body-selene-cristina\/","og_locale":"en_US","og_type":"article","og_title":"Body Selene Cristina - Rosana CL","og_description":"Body Selene Cristina: el body moldeador de microfibra que estiliza la silueta con un acabado limpio, elegante y muy c\u00f3modo. Dise\u00f1ado para aportar sujeci\u00f3n real en el pecho (con aros y sin relleno) y, a la vez, una sensaci\u00f3n de control suave en la zona del abdomen. El Cristina es ideal si buscas un body [&hellip;]","og_url":"https:\/\/rosanacl.com\/eu\/produktua\/body-selene-cristina\/","og_site_name":"Rosana CL","article_modified_time":"2026-01-07T22:53:05+00:00","og_image":[{"width":800,"height":800,"url":"https:\/\/rosanacl.com\/wp-content\/uploads\/2025\/08\/1-11.png","type":"image\/png"}],"twitter_card":"summary_large_image","twitter_misc":{"Est. reading time":"2 minutua"},"schema":{"@context":"https:\/\/schema.org","@graph":[{"@type":"WebPage","@id":"https:\/\/rosanacl.com\/producto\/body-selene-cristina\/","url":"https:\/\/rosanacl.com\/producto\/body-selene-cristina\/","name":"Body Selene Cristina - Rosana CL","isPartOf":{"@id":"https:\/\/rosanacl.com\/ca\/#website"},"primaryImageOfPage":{"@id":"https:\/\/rosanacl.com\/producto\/body-selene-cristina\/#primaryimage"},"image":{"@id":"https:\/\/rosanacl.com\/producto\/body-selene-cristina\/#primaryimage"},"thumbnailUrl":"https:\/\/rosanacl.com\/wp-content\/uploads\/2025\/08\/1-11.png","datePublished":"2025-08-19T07:56:34+00:00","dateModified":"2026-01-07T22:53:05+00:00","breadcrumb":{"@id":"https:\/\/rosanacl.com\/producto\/body-selene-cristina\/#breadcrumb"},"inLanguage":"eu","potentialAction":[{"@type":"ReadAction","target":["https:\/\/rosanacl.com\/producto\/body-selene-cristina\/"]}]},{"@type":"ImageObject","inLanguage":"eu","@id":"https:\/\/rosanacl.com\/producto\/body-selene-cristina\/#primaryimage","url":"https:\/\/rosanacl.com\/wp-content\/uploads\/2025\/08\/1-11.png","contentUrl":"https:\/\/rosanacl.com\/wp-content\/uploads\/2025\/08\/1-11.png","width":800,"height":800},{"@type":"BreadcrumbList","@id":"https:\/\/rosanacl.com\/producto\/body-selene-cristina\/#breadcrumb","itemListElement":[{"@type":"ListItem","position":1,"name":"Portada","item":"https:\/\/rosanacl.com\/ca\/"},{"@type":"ListItem","position":2,"name":"Tienda","item":"https:\/\/rosanacl.com\/ca\/tienda\/"},{"@type":"ListItem","position":3,"name":"Body Selene Cristina"}]},{"@type":"WebSite","@id":"https:\/\/rosanacl.com\/ca\/#website","url":"https:\/\/rosanacl.com\/ca\/","name":"Rosana CL","description":"Zure barnealdea gara.","potentialAction":[{"@type":"SearchAction","target":{"@type":"EntryPoint","urlTemplate":"https:\/\/rosanacl.com\/ca\/?s={search_term_string}"},"query-input":{"@type":"PropertyValueSpecification","valueRequired":true,"valueName":"search_term_string"}}],"inLanguage":"eu"}]}},"_links":{"self":[{"href":"https:\/\/rosanacl.com\/eu\/wp-json\/wp\/v2\/product\/3552","targetHints":{"allow":["GET"]}}],"collection":[{"href":"https:\/\/rosanacl.com\/eu\/wp-json\/wp\/v2\/product"}],"about":[{"href":"https:\/\/rosanacl.com\/eu\/wp-json\/wp\/v2\/types\/product"}],"replies":[{"embeddable":true,"href":"https:\/\/rosanacl.com\/eu\/wp-json\/wp\/v2\/comments?post=3552"}],"version-history":[{"count":5,"href":"https:\/\/rosanacl.com\/eu\/wp-json\/wp\/v2\/product\/3552\/revisions"}],"predecessor-version":[{"id":4632,"href":"https:\/\/rosanacl.com\/eu\/wp-json\/wp\/v2\/product\/3552\/revisions\/4632"}],"wp:featuredmedia":[{"embeddable":true,"href":"https:\/\/rosanacl.com\/eu\/wp-json\/wp\/v2\/media\/3563"}],"wp:attachment":[{"href":"https:\/\/rosanacl.com\/eu\/wp-json\/wp\/v2\/media?parent=3552"}],"wp:term":[{"taxonomy":"product_brand","embeddable":true,"href":"https:\/\/rosanacl.com\/eu\/wp-json\/wp\/v2\/product_brand?post=3552"},{"taxonomy":"product_cat","embeddable":true,"href":"https:\/\/rosanacl.com\/eu\/wp-json\/wp\/v2\/product_cat?post=3552"},{"taxonomy":"product_tag","embeddable":true,"href":"https:\/\/rosanacl.com\/eu\/wp-json\/wp\/v2\/product_tag?post=3552"}],"curies":[{"name":"wp","href":"https:\/\/api.w.org\/{rel}","templated":true}]}}