{"id":869,"date":"2025-04-29T20:12:14","date_gmt":"2025-04-29T18:12:14","guid":{"rendered":"https:\/\/rosanacl.com\/?post_type=product&#038;p=869"},"modified":"2026-01-07T21:06:33","modified_gmt":"2026-01-07T20:06:33","slug":"sujetador-modelo-martina","status":"publish","type":"product","link":"https:\/\/rosanacl.com\/eu\/produktua\/sujetador-modelo-martina\/","title":{"rendered":"Selene Martina Bra"},"content":{"rendered":"<p>Selene Martina bularretakoa da, zure jantzia segundo gutxitan hobetzen duena: puntu dotorea, lepoko ederra eta forma lausengarria arazorik gabe. Arandela eta kopa betegarriak ditu akabera biribilduagoa eta femeninoagoa lortzeko, aproposa itxura dotoreagoa baina erosoago sentitu nahi duzunean.<\/p>\n<p>Bere bralette diseinuari esker, Martina ederra da eguneroko erabilerarako zein ukitu bereziagoa nahi duzunerako. Kamiseta, blusa edo jantzi egokituen azpian, silueta dotoreagoa eta euskarri egonkorragoa eskaintzen ditu, lehen begiratuan nabarmentzen zaituen itxura gazte eta moderno hori mantenduz.<\/p>\n<p><p>Zerk egiten du aldea Martinan?<\/p>\n<ul>\n<li>Oso modan dagoen eta lepo original batekin egindako puntuzko bularretako diseinua.<\/li>\n<li>Barruko alanbrea euskarri sendoagoa eta bularraren definizio hobea lortzeko.<\/li>\n<li>Kopa betegarria efektu biribilduagoa eta lirainagoa lortzeko.<\/li>\n<li>Lepo baxua duten itxurarako aproposa: gehiegizkoa izan gabe itxura polita du.<\/li>\n<li>3118 kulero berdinak (multzo gisa gehitu).<\/li>\n<\/ul>\n<p>\ud83d\udde3\ufe0f Aholkua: Martina aproposa da &quot;desberdin itxura izan nahi dut&quot; egun horietarako: jantzi eta ukitu gazte eta polit hori nabaritzen duzu, euskarri erosoarekin eta mozorrotuta zaudela sentitu gabe. Aproposa lepoalde lirain bat nahi duzunean eta hala ere arin sentitzen zarenean.<\/p>\n<p>\ud83d\udccf Oharra: Martinarekin lehenengo aldian neurri egokia lortzeko: neurrien artean bazaude eta egokitze estuagoa nahi baduzu, aukeratu txikiagoa; gerrian erosotasun handiagoa nahiago baduzu, hartu neurri bat handiagoa. Eta, jantzia ahalik eta ondoen mantentzeko, probatu barruko arroparen gainean.<\/p>\n<p>Konposizioa: 48% poliesterra \/ 44% poliamida \/ 8% elastanoa.<\/p>\n<p>\ud83e\udd42 &quot;Gaur baietz&quot; egiteko planak: Martina.<\/p>\n<div id=\"v1ms-outlook-mobile-body-separator-line\" dir=\"auto\"><\/div>","protected":false},"excerpt":{"rendered":"<p>El sujetador Selene modelo Martina es ese bralette \u00abcrochet\u00bb que te arregla el conjunto en segundos: encaje con personalidad, escote bonito y una forma muy favorecedora sin necesidad de complicarte. Lleva aros y copa con relleno para dar un acabado m\u00e1s redondeado y femenino, perfecto cuando quieres verte m\u00e1s puesta pero seguir sinti\u00e9ndote c\u00f3moda. Por [&hellip;]<\/p>\n","protected":false},"featured_media":2362,"comment_status":"open","ping_status":"closed","template":"","meta":{"content-type":""},"product_brand":[55],"product_cat":[26,103,20],"product_tag":[56,61],"class_list":{"0":"post-869","1":"product","2":"type-product","3":"status-publish","4":"has-post-thumbnail","6":"product_brand-selene","7":"product_cat-con-aros-y-relleno","8":"product_cat-martina","9":"product_cat-sujetador","10":"product_tag-sujetador","11":"product_tag-sujetador-con-aros-y-relleno","13":"first","14":"instock","15":"taxable","16":"shipping-taxable","17":"purchasable","18":"product-type-variable"},"supplier_id":null,"supplier_sku":"","barcode":null,"atum_controlled":true,"out_stock_date":null,"out_stock_threshold":null,"inheritable":true,"inbound_stock":null,"stock_on_hold":0,"sold_today":0,"sales_last_days":0,"reserved_stock":null,"customer_returns":null,"warehouse_damage":null,"lost_in_post":null,"other_logs":null,"out_stock_days":0,"lost_sales":0,"has_location":false,"update_date":"2026-01-07T20:06:34","atum_locations":[],"atum_stock_status":"instock","restock_status":false,"low_stock_amount":"","sales_update_date":"2025-08-19T02:35:53","calc_backorders":null,"yoast_head":"<!-- This site is optimized with the Yoast SEO plugin v27.4 - https:\/\/yoast.com\/product\/yoast-seo-wordpress\/ -->\n<title>Sujetador Selene Martina - Rosana CL<\/title>\n<meta name=\"robots\" content=\"index, follow, max-snippet:-1, max-image-preview:large, max-video-preview:-1\" \/>\n<link rel=\"canonical\" href=\"https:\/\/rosanacl.com\/eu\/produktua\/sujetador-modelo-martina\/\" \/>\n<meta property=\"og:locale\" content=\"en_US\" \/>\n<meta property=\"og:type\" content=\"article\" \/>\n<meta property=\"og:title\" content=\"Sujetador Selene Martina - Rosana CL\" \/>\n<meta property=\"og:description\" content=\"El sujetador Selene modelo Martina es ese bralette \u00abcrochet\u00bb que te arregla el conjunto en segundos: encaje con personalidad, escote bonito y una forma muy favorecedora sin necesidad de complicarte. Lleva aros y copa con relleno para dar un acabado m\u00e1s redondeado y femenino, perfecto cuando quieres verte m\u00e1s puesta pero seguir sinti\u00e9ndote c\u00f3moda. Por [&hellip;]\" \/>\n<meta property=\"og:url\" content=\"https:\/\/rosanacl.com\/eu\/produktua\/sujetador-modelo-martina\/\" \/>\n<meta property=\"og:site_name\" content=\"Rosana CL\" \/>\n<meta property=\"article:modified_time\" content=\"2026-01-07T20:06:33+00:00\" \/>\n<meta property=\"og:image\" content=\"https:\/\/rosanacl.com\/wp-content\/uploads\/2025\/04\/2-4.jpg\" \/>\n\t<meta property=\"og:image:width\" content=\"1333\" \/>\n\t<meta property=\"og:image:height\" content=\"992\" \/>\n\t<meta property=\"og:image:type\" content=\"image\/jpeg\" \/>\n<meta name=\"twitter:card\" content=\"summary_large_image\" \/>\n<meta name=\"twitter:label1\" content=\"Est. reading time\" \/>\n\t<meta name=\"twitter:data1\" content=\"2 minutua\" \/>\n<script type=\"application\/ld+json\" class=\"yoast-schema-graph\">{\"@context\":\"https:\\\/\\\/schema.org\",\"@graph\":[{\"@type\":\"WebPage\",\"@id\":\"https:\\\/\\\/rosanacl.com\\\/producto\\\/sujetador-modelo-martina\\\/\",\"url\":\"https:\\\/\\\/rosanacl.com\\\/producto\\\/sujetador-modelo-martina\\\/\",\"name\":\"Sujetador Selene Martina - Rosana CL\",\"isPartOf\":{\"@id\":\"https:\\\/\\\/rosanacl.com\\\/ca\\\/#website\"},\"primaryImageOfPage\":{\"@id\":\"https:\\\/\\\/rosanacl.com\\\/producto\\\/sujetador-modelo-martina\\\/#primaryimage\"},\"image\":{\"@id\":\"https:\\\/\\\/rosanacl.com\\\/producto\\\/sujetador-modelo-martina\\\/#primaryimage\"},\"thumbnailUrl\":\"https:\\\/\\\/rosanacl.com\\\/wp-content\\\/uploads\\\/2025\\\/04\\\/2-4.jpg\",\"datePublished\":\"2025-04-29T18:12:14+00:00\",\"dateModified\":\"2026-01-07T20:06:33+00:00\",\"breadcrumb\":{\"@id\":\"https:\\\/\\\/rosanacl.com\\\/producto\\\/sujetador-modelo-martina\\\/#breadcrumb\"},\"inLanguage\":\"eu\",\"potentialAction\":[{\"@type\":\"ReadAction\",\"target\":[\"https:\\\/\\\/rosanacl.com\\\/producto\\\/sujetador-modelo-martina\\\/\"]}]},{\"@type\":\"ImageObject\",\"inLanguage\":\"eu\",\"@id\":\"https:\\\/\\\/rosanacl.com\\\/producto\\\/sujetador-modelo-martina\\\/#primaryimage\",\"url\":\"https:\\\/\\\/rosanacl.com\\\/wp-content\\\/uploads\\\/2025\\\/04\\\/2-4.jpg\",\"contentUrl\":\"https:\\\/\\\/rosanacl.com\\\/wp-content\\\/uploads\\\/2025\\\/04\\\/2-4.jpg\",\"width\":1333,\"height\":992},{\"@type\":\"BreadcrumbList\",\"@id\":\"https:\\\/\\\/rosanacl.com\\\/producto\\\/sujetador-modelo-martina\\\/#breadcrumb\",\"itemListElement\":[{\"@type\":\"ListItem\",\"position\":1,\"name\":\"Portada\",\"item\":\"https:\\\/\\\/rosanacl.com\\\/ca\\\/\"},{\"@type\":\"ListItem\",\"position\":2,\"name\":\"Tienda\",\"item\":\"https:\\\/\\\/rosanacl.com\\\/ca\\\/tienda\\\/\"},{\"@type\":\"ListItem\",\"position\":3,\"name\":\"Sujetador Selene Martina\"}]},{\"@type\":\"WebSite\",\"@id\":\"https:\\\/\\\/rosanacl.com\\\/ca\\\/#website\",\"url\":\"https:\\\/\\\/rosanacl.com\\\/ca\\\/\",\"name\":\"Rosana CL\",\"description\":\"Somos tu interior\",\"potentialAction\":[{\"@type\":\"SearchAction\",\"target\":{\"@type\":\"EntryPoint\",\"urlTemplate\":\"https:\\\/\\\/rosanacl.com\\\/ca\\\/?s={search_term_string}\"},\"query-input\":{\"@type\":\"PropertyValueSpecification\",\"valueRequired\":true,\"valueName\":\"search_term_string\"}}],\"inLanguage\":\"eu\"}]}<\/script>\n<!-- \/ Yoast SEO plugin. -->","yoast_head_json":{"title":"Sujetador Selene Martina - Rosana CL","robots":{"index":"index","follow":"follow","max-snippet":"max-snippet:-1","max-image-preview":"max-image-preview:large","max-video-preview":"max-video-preview:-1"},"canonical":"https:\/\/rosanacl.com\/eu\/produktua\/sujetador-modelo-martina\/","og_locale":"en_US","og_type":"article","og_title":"Sujetador Selene Martina - Rosana CL","og_description":"El sujetador Selene modelo Martina es ese bralette \u00abcrochet\u00bb que te arregla el conjunto en segundos: encaje con personalidad, escote bonito y una forma muy favorecedora sin necesidad de complicarte. Lleva aros y copa con relleno para dar un acabado m\u00e1s redondeado y femenino, perfecto cuando quieres verte m\u00e1s puesta pero seguir sinti\u00e9ndote c\u00f3moda. Por [&hellip;]","og_url":"https:\/\/rosanacl.com\/eu\/produktua\/sujetador-modelo-martina\/","og_site_name":"Rosana CL","article_modified_time":"2026-01-07T20:06:33+00:00","og_image":[{"width":1333,"height":992,"url":"https:\/\/rosanacl.com\/wp-content\/uploads\/2025\/04\/2-4.jpg","type":"image\/jpeg"}],"twitter_card":"summary_large_image","twitter_misc":{"Est. reading time":"2 minutua"},"schema":{"@context":"https:\/\/schema.org","@graph":[{"@type":"WebPage","@id":"https:\/\/rosanacl.com\/producto\/sujetador-modelo-martina\/","url":"https:\/\/rosanacl.com\/producto\/sujetador-modelo-martina\/","name":"Sujetador Selene Martina - Rosana CL","isPartOf":{"@id":"https:\/\/rosanacl.com\/ca\/#website"},"primaryImageOfPage":{"@id":"https:\/\/rosanacl.com\/producto\/sujetador-modelo-martina\/#primaryimage"},"image":{"@id":"https:\/\/rosanacl.com\/producto\/sujetador-modelo-martina\/#primaryimage"},"thumbnailUrl":"https:\/\/rosanacl.com\/wp-content\/uploads\/2025\/04\/2-4.jpg","datePublished":"2025-04-29T18:12:14+00:00","dateModified":"2026-01-07T20:06:33+00:00","breadcrumb":{"@id":"https:\/\/rosanacl.com\/producto\/sujetador-modelo-martina\/#breadcrumb"},"inLanguage":"eu","potentialAction":[{"@type":"ReadAction","target":["https:\/\/rosanacl.com\/producto\/sujetador-modelo-martina\/"]}]},{"@type":"ImageObject","inLanguage":"eu","@id":"https:\/\/rosanacl.com\/producto\/sujetador-modelo-martina\/#primaryimage","url":"https:\/\/rosanacl.com\/wp-content\/uploads\/2025\/04\/2-4.jpg","contentUrl":"https:\/\/rosanacl.com\/wp-content\/uploads\/2025\/04\/2-4.jpg","width":1333,"height":992},{"@type":"BreadcrumbList","@id":"https:\/\/rosanacl.com\/producto\/sujetador-modelo-martina\/#breadcrumb","itemListElement":[{"@type":"ListItem","position":1,"name":"Portada","item":"https:\/\/rosanacl.com\/ca\/"},{"@type":"ListItem","position":2,"name":"Tienda","item":"https:\/\/rosanacl.com\/ca\/tienda\/"},{"@type":"ListItem","position":3,"name":"Sujetador Selene Martina"}]},{"@type":"WebSite","@id":"https:\/\/rosanacl.com\/ca\/#website","url":"https:\/\/rosanacl.com\/ca\/","name":"Rosana CL","description":"Zure barnealdea gara.","potentialAction":[{"@type":"SearchAction","target":{"@type":"EntryPoint","urlTemplate":"https:\/\/rosanacl.com\/ca\/?s={search_term_string}"},"query-input":{"@type":"PropertyValueSpecification","valueRequired":true,"valueName":"search_term_string"}}],"inLanguage":"eu"}]}},"_links":{"self":[{"href":"https:\/\/rosanacl.com\/eu\/wp-json\/wp\/v2\/product\/869","targetHints":{"allow":["GET"]}}],"collection":[{"href":"https:\/\/rosanacl.com\/eu\/wp-json\/wp\/v2\/product"}],"about":[{"href":"https:\/\/rosanacl.com\/eu\/wp-json\/wp\/v2\/types\/product"}],"replies":[{"embeddable":true,"href":"https:\/\/rosanacl.com\/eu\/wp-json\/wp\/v2\/comments?post=869"}],"version-history":[{"count":5,"href":"https:\/\/rosanacl.com\/eu\/wp-json\/wp\/v2\/product\/869\/revisions"}],"predecessor-version":[{"id":4614,"href":"https:\/\/rosanacl.com\/eu\/wp-json\/wp\/v2\/product\/869\/revisions\/4614"}],"wp:featuredmedia":[{"embeddable":true,"href":"https:\/\/rosanacl.com\/eu\/wp-json\/wp\/v2\/media\/2362"}],"wp:attachment":[{"href":"https:\/\/rosanacl.com\/eu\/wp-json\/wp\/v2\/media?parent=869"}],"wp:term":[{"taxonomy":"product_brand","embeddable":true,"href":"https:\/\/rosanacl.com\/eu\/wp-json\/wp\/v2\/product_brand?post=869"},{"taxonomy":"product_cat","embeddable":true,"href":"https:\/\/rosanacl.com\/eu\/wp-json\/wp\/v2\/product_cat?post=869"},{"taxonomy":"product_tag","embeddable":true,"href":"https:\/\/rosanacl.com\/eu\/wp-json\/wp\/v2\/product_tag?post=869"}],"curies":[{"name":"wp","href":"https:\/\/api.w.org\/{rel}","templated":true}]}}