{"id":931,"date":"2025-04-29T20:22:55","date_gmt":"2025-04-29T18:22:55","guid":{"rendered":"https:\/\/rosanacl.com\/?post_type=product&#038;p=931"},"modified":"2026-01-07T21:01:25","modified_gmt":"2026-01-07T20:01:25","slug":"sujetador-modelo-fabiola","status":"publish","type":"product","link":"https:\/\/rosanacl.com\/eu\/produktua\/sujetador-modelo-fabiola\/","title":{"rendered":"Selene Fabiola Bra"},"content":{"rendered":"<p>Selene Fabiola bularretakoa silueta eder bati uko egin gabe benetako erosotasuna nahi duzunerako diseinatuta dago. Alanbrezko eta tarteko kopak ditu, eta bularrera egokitzen den ehun teknikoa, ukitu arin eta oso atsegin batekin, eguneroko erabilerarako aproposa, bezeroak &quot;jantzi eta ahaztu besterik ez&quot; zerbait bilatzen duen lentzeria-denda batean.<\/p>\n<p>Fabiola berezi egiten duena euskarria transpiragarritasunarekin konbinatzeko duen gaitasuna da: tarteko kopak barne-egitura aireztatua du, beroa erregulatzen eta erosotasuna orduz mantentzen laguntzen duena. Gainera, deformatu ezin den ehun batez egina dago, beraz, kopak bere forma berreskuratzen du eta bularretakoa denbora gehiagoz itxura ezin hobea du.<\/p>\n<p>Fabiolaren inguruan gehien gustatuko zaizuna<\/p>\n<ul>\n<li>Kopa tarteko alanbreduna: euskarri egonkorra eta sentsazio oso arina.<\/li>\n<li>Transpiragarritasun handia: egitura aireztatua freskotasun handiagoa lortzeko.<\/li>\n<li>Bularraren moldagarritasuna: &quot;zurrun&quot; edo astun sentitu gabe egokitzen da.<\/li>\n<li>Ehun ez-deformagarria: kopa itxura polita eta egoera onean mantentzen du.<\/li>\n<\/ul>\n<p>\ud83d\udde3\ufe0f Aholkua: Fabiola freskotasun sentsazioa eta, aldi berean, &quot;dena bere lekuan&quot; ematen dizun bularretako bat da: eusten du gehiegi izan gabe, arina sentitzen da eta eguneroko bizitzarako lasai sentiarazten zaitu (jantzi eta ahazten dituzun bularretako horietako bat).<\/p>\n<p>\ud83d\udccf Oharra: Lehenengo aldian ondo egiteko, egiaztatu bularraren azpiko neurria eta nola gustatzen zaizun egokitzapena: egokitzapen sendo eta egonkorra nahiago baduzu, eutsi ohiko neurriari; tamainen artean bazaude edo bularrean erosotasun handiagoa nahi baduzu, igo neurri bat. Ziur ez bazaude, neurtu eta alderatu aukeratu aurretik.<\/p>\n<p>Konposizioa: 70% poliesterra \/ 21% poliamida \/ 9% elastanoa.<\/p>\n<p>\ud83c\udf2c\ufe0f Sentitu (eta gozatu) dezakezun freskotasuna eta laguntza<\/p>\n<p>&nbsp;<\/p>\n<div id=\"v1ms-outlook-mobile-body-separator-line\" dir=\"auto\"><\/div>","protected":false},"excerpt":{"rendered":"<p>El sujetador Selene modelo Fabiola est\u00e1 pensado para cuando quieres comodidad de verdad sin renunciar a una silueta bonita. Lleva aros y copa spacer, un tejido t\u00e9cnico que se adapta al pecho con una sensaci\u00f3n ligera y muy agradable, ideal para el d\u00eda a d\u00eda en una tienda de lencer\u00eda donde la clienta busca \u00abme [&hellip;]<\/p>\n","protected":false},"featured_media":982,"comment_status":"open","ping_status":"closed","template":"","meta":{"content-type":""},"product_brand":[55],"product_cat":[26,20],"product_tag":[56,62],"class_list":{"0":"post-931","1":"product","2":"type-product","3":"status-publish","4":"has-post-thumbnail","6":"product_brand-selene","7":"product_cat-con-aros-y-relleno","8":"product_cat-sujetador","9":"product_tag-sujetador","10":"product_tag-sujetador-con-aros-y-rellenos","12":"first","13":"instock","14":"taxable","15":"shipping-taxable","16":"purchasable","17":"product-type-variable"},"supplier_id":null,"supplier_sku":"","barcode":null,"atum_controlled":true,"out_stock_date":null,"out_stock_threshold":null,"inheritable":true,"inbound_stock":null,"stock_on_hold":0,"sold_today":0,"sales_last_days":0,"reserved_stock":null,"customer_returns":null,"warehouse_damage":null,"lost_in_post":null,"other_logs":null,"out_stock_days":0,"lost_sales":0,"has_location":false,"update_date":"2026-01-07T20:01:25","atum_locations":[],"atum_stock_status":"instock","restock_status":false,"low_stock_amount":"","sales_update_date":"2025-08-19T02:35:53","calc_backorders":null,"yoast_head":"<!-- This site is optimized with the Yoast SEO plugin v27.4 - https:\/\/yoast.com\/product\/yoast-seo-wordpress\/ -->\n<title>Sujetador Selene Fabiola - Rosana CL<\/title>\n<meta name=\"robots\" content=\"index, follow, max-snippet:-1, max-image-preview:large, max-video-preview:-1\" \/>\n<link rel=\"canonical\" href=\"https:\/\/rosanacl.com\/eu\/produktua\/sujetador-modelo-fabiola\/\" \/>\n<meta property=\"og:locale\" content=\"en_US\" \/>\n<meta property=\"og:type\" content=\"article\" \/>\n<meta property=\"og:title\" content=\"Sujetador Selene Fabiola - Rosana CL\" \/>\n<meta property=\"og:description\" content=\"El sujetador Selene modelo Fabiola est\u00e1 pensado para cuando quieres comodidad de verdad sin renunciar a una silueta bonita. Lleva aros y copa spacer, un tejido t\u00e9cnico que se adapta al pecho con una sensaci\u00f3n ligera y muy agradable, ideal para el d\u00eda a d\u00eda en una tienda de lencer\u00eda donde la clienta busca \u00abme [&hellip;]\" \/>\n<meta property=\"og:url\" content=\"https:\/\/rosanacl.com\/eu\/produktua\/sujetador-modelo-fabiola\/\" \/>\n<meta property=\"og:site_name\" content=\"Rosana CL\" \/>\n<meta property=\"article:modified_time\" content=\"2026-01-07T20:01:25+00:00\" \/>\n<meta property=\"og:image\" content=\"https:\/\/rosanacl.com\/wp-content\/uploads\/2025\/04\/Sujetador-Selene-modelo-Fabiola_00001.webp\" \/>\n\t<meta property=\"og:image:width\" content=\"1000\" \/>\n\t<meta property=\"og:image:height\" content=\"1000\" \/>\n\t<meta property=\"og:image:type\" content=\"image\/webp\" \/>\n<meta name=\"twitter:card\" content=\"summary_large_image\" \/>\n<meta name=\"twitter:label1\" content=\"Est. reading time\" \/>\n\t<meta name=\"twitter:data1\" content=\"2 minutua\" \/>\n<script type=\"application\/ld+json\" class=\"yoast-schema-graph\">{\"@context\":\"https:\\\/\\\/schema.org\",\"@graph\":[{\"@type\":\"WebPage\",\"@id\":\"https:\\\/\\\/rosanacl.com\\\/producto\\\/sujetador-modelo-fabiola\\\/\",\"url\":\"https:\\\/\\\/rosanacl.com\\\/producto\\\/sujetador-modelo-fabiola\\\/\",\"name\":\"Sujetador Selene Fabiola - Rosana CL\",\"isPartOf\":{\"@id\":\"https:\\\/\\\/rosanacl.com\\\/ca\\\/#website\"},\"primaryImageOfPage\":{\"@id\":\"https:\\\/\\\/rosanacl.com\\\/producto\\\/sujetador-modelo-fabiola\\\/#primaryimage\"},\"image\":{\"@id\":\"https:\\\/\\\/rosanacl.com\\\/producto\\\/sujetador-modelo-fabiola\\\/#primaryimage\"},\"thumbnailUrl\":\"https:\\\/\\\/rosanacl.com\\\/wp-content\\\/uploads\\\/2025\\\/04\\\/Sujetador-Selene-modelo-Fabiola_00001.webp\",\"datePublished\":\"2025-04-29T18:22:55+00:00\",\"dateModified\":\"2026-01-07T20:01:25+00:00\",\"breadcrumb\":{\"@id\":\"https:\\\/\\\/rosanacl.com\\\/producto\\\/sujetador-modelo-fabiola\\\/#breadcrumb\"},\"inLanguage\":\"eu\",\"potentialAction\":[{\"@type\":\"ReadAction\",\"target\":[\"https:\\\/\\\/rosanacl.com\\\/producto\\\/sujetador-modelo-fabiola\\\/\"]}]},{\"@type\":\"ImageObject\",\"inLanguage\":\"eu\",\"@id\":\"https:\\\/\\\/rosanacl.com\\\/producto\\\/sujetador-modelo-fabiola\\\/#primaryimage\",\"url\":\"https:\\\/\\\/rosanacl.com\\\/wp-content\\\/uploads\\\/2025\\\/04\\\/Sujetador-Selene-modelo-Fabiola_00001.webp\",\"contentUrl\":\"https:\\\/\\\/rosanacl.com\\\/wp-content\\\/uploads\\\/2025\\\/04\\\/Sujetador-Selene-modelo-Fabiola_00001.webp\",\"width\":1000,\"height\":1000},{\"@type\":\"BreadcrumbList\",\"@id\":\"https:\\\/\\\/rosanacl.com\\\/producto\\\/sujetador-modelo-fabiola\\\/#breadcrumb\",\"itemListElement\":[{\"@type\":\"ListItem\",\"position\":1,\"name\":\"Portada\",\"item\":\"https:\\\/\\\/rosanacl.com\\\/ca\\\/\"},{\"@type\":\"ListItem\",\"position\":2,\"name\":\"Tienda\",\"item\":\"https:\\\/\\\/rosanacl.com\\\/ca\\\/tienda\\\/\"},{\"@type\":\"ListItem\",\"position\":3,\"name\":\"Sujetador Selene Fabiola\"}]},{\"@type\":\"WebSite\",\"@id\":\"https:\\\/\\\/rosanacl.com\\\/ca\\\/#website\",\"url\":\"https:\\\/\\\/rosanacl.com\\\/ca\\\/\",\"name\":\"Rosana CL\",\"description\":\"Somos tu interior\",\"potentialAction\":[{\"@type\":\"SearchAction\",\"target\":{\"@type\":\"EntryPoint\",\"urlTemplate\":\"https:\\\/\\\/rosanacl.com\\\/ca\\\/?s={search_term_string}\"},\"query-input\":{\"@type\":\"PropertyValueSpecification\",\"valueRequired\":true,\"valueName\":\"search_term_string\"}}],\"inLanguage\":\"eu\"}]}<\/script>\n<!-- \/ Yoast SEO plugin. -->","yoast_head_json":{"title":"Sujetador Selene Fabiola - Rosana CL","robots":{"index":"index","follow":"follow","max-snippet":"max-snippet:-1","max-image-preview":"max-image-preview:large","max-video-preview":"max-video-preview:-1"},"canonical":"https:\/\/rosanacl.com\/eu\/produktua\/sujetador-modelo-fabiola\/","og_locale":"en_US","og_type":"article","og_title":"Sujetador Selene Fabiola - Rosana CL","og_description":"El sujetador Selene modelo Fabiola est\u00e1 pensado para cuando quieres comodidad de verdad sin renunciar a una silueta bonita. Lleva aros y copa spacer, un tejido t\u00e9cnico que se adapta al pecho con una sensaci\u00f3n ligera y muy agradable, ideal para el d\u00eda a d\u00eda en una tienda de lencer\u00eda donde la clienta busca \u00abme [&hellip;]","og_url":"https:\/\/rosanacl.com\/eu\/produktua\/sujetador-modelo-fabiola\/","og_site_name":"Rosana CL","article_modified_time":"2026-01-07T20:01:25+00:00","og_image":[{"width":1000,"height":1000,"url":"https:\/\/rosanacl.com\/wp-content\/uploads\/2025\/04\/Sujetador-Selene-modelo-Fabiola_00001.webp","type":"image\/webp"}],"twitter_card":"summary_large_image","twitter_misc":{"Est. reading time":"2 minutua"},"schema":{"@context":"https:\/\/schema.org","@graph":[{"@type":"WebPage","@id":"https:\/\/rosanacl.com\/producto\/sujetador-modelo-fabiola\/","url":"https:\/\/rosanacl.com\/producto\/sujetador-modelo-fabiola\/","name":"Sujetador Selene Fabiola - Rosana CL","isPartOf":{"@id":"https:\/\/rosanacl.com\/ca\/#website"},"primaryImageOfPage":{"@id":"https:\/\/rosanacl.com\/producto\/sujetador-modelo-fabiola\/#primaryimage"},"image":{"@id":"https:\/\/rosanacl.com\/producto\/sujetador-modelo-fabiola\/#primaryimage"},"thumbnailUrl":"https:\/\/rosanacl.com\/wp-content\/uploads\/2025\/04\/Sujetador-Selene-modelo-Fabiola_00001.webp","datePublished":"2025-04-29T18:22:55+00:00","dateModified":"2026-01-07T20:01:25+00:00","breadcrumb":{"@id":"https:\/\/rosanacl.com\/producto\/sujetador-modelo-fabiola\/#breadcrumb"},"inLanguage":"eu","potentialAction":[{"@type":"ReadAction","target":["https:\/\/rosanacl.com\/producto\/sujetador-modelo-fabiola\/"]}]},{"@type":"ImageObject","inLanguage":"eu","@id":"https:\/\/rosanacl.com\/producto\/sujetador-modelo-fabiola\/#primaryimage","url":"https:\/\/rosanacl.com\/wp-content\/uploads\/2025\/04\/Sujetador-Selene-modelo-Fabiola_00001.webp","contentUrl":"https:\/\/rosanacl.com\/wp-content\/uploads\/2025\/04\/Sujetador-Selene-modelo-Fabiola_00001.webp","width":1000,"height":1000},{"@type":"BreadcrumbList","@id":"https:\/\/rosanacl.com\/producto\/sujetador-modelo-fabiola\/#breadcrumb","itemListElement":[{"@type":"ListItem","position":1,"name":"Portada","item":"https:\/\/rosanacl.com\/ca\/"},{"@type":"ListItem","position":2,"name":"Tienda","item":"https:\/\/rosanacl.com\/ca\/tienda\/"},{"@type":"ListItem","position":3,"name":"Sujetador Selene Fabiola"}]},{"@type":"WebSite","@id":"https:\/\/rosanacl.com\/ca\/#website","url":"https:\/\/rosanacl.com\/ca\/","name":"Rosana CL","description":"Zure barnealdea gara.","potentialAction":[{"@type":"SearchAction","target":{"@type":"EntryPoint","urlTemplate":"https:\/\/rosanacl.com\/ca\/?s={search_term_string}"},"query-input":{"@type":"PropertyValueSpecification","valueRequired":true,"valueName":"search_term_string"}}],"inLanguage":"eu"}]}},"_links":{"self":[{"href":"https:\/\/rosanacl.com\/eu\/wp-json\/wp\/v2\/product\/931","targetHints":{"allow":["GET"]}}],"collection":[{"href":"https:\/\/rosanacl.com\/eu\/wp-json\/wp\/v2\/product"}],"about":[{"href":"https:\/\/rosanacl.com\/eu\/wp-json\/wp\/v2\/types\/product"}],"replies":[{"embeddable":true,"href":"https:\/\/rosanacl.com\/eu\/wp-json\/wp\/v2\/comments?post=931"}],"version-history":[{"count":5,"href":"https:\/\/rosanacl.com\/eu\/wp-json\/wp\/v2\/product\/931\/revisions"}],"predecessor-version":[{"id":4613,"href":"https:\/\/rosanacl.com\/eu\/wp-json\/wp\/v2\/product\/931\/revisions\/4613"}],"wp:featuredmedia":[{"embeddable":true,"href":"https:\/\/rosanacl.com\/eu\/wp-json\/wp\/v2\/media\/982"}],"wp:attachment":[{"href":"https:\/\/rosanacl.com\/eu\/wp-json\/wp\/v2\/media?parent=931"}],"wp:term":[{"taxonomy":"product_brand","embeddable":true,"href":"https:\/\/rosanacl.com\/eu\/wp-json\/wp\/v2\/product_brand?post=931"},{"taxonomy":"product_cat","embeddable":true,"href":"https:\/\/rosanacl.com\/eu\/wp-json\/wp\/v2\/product_cat?post=931"},{"taxonomy":"product_tag","embeddable":true,"href":"https:\/\/rosanacl.com\/eu\/wp-json\/wp\/v2\/product_tag?post=931"}],"curies":[{"name":"wp","href":"https:\/\/api.w.org\/{rel}","templated":true}]}}