{"id":16,"date":"2025-03-28T15:59:16","date_gmt":"2025-03-28T18:59:16","guid":{"rendered":"https:\/\/innovacon.simplificandotuweb.com\/?page_id=16"},"modified":"2025-07-09T08:54:15","modified_gmt":"2025-07-09T06:54:15","slug":"politica-de-cookies","status":"publish","type":"page","link":"https:\/\/rosanacl.com\/fi\/politica-de-cookies\/","title":{"rendered":"Ev\u00e4stek\u00e4yt\u00e4nt\u00f6"},"content":{"rendered":"<div data-elementor-type=\"wp-page\" data-elementor-id=\"16\" class=\"elementor elementor-16\" data-elementor-post-type=\"page\">\n\t\t\t\t<div class=\"elementor-element elementor-element-3406fa7 e-flex e-con-boxed e-con e-parent\" data-id=\"3406fa7\" data-element_type=\"container\" data-e-type=\"container\" data-settings=\"{&quot;background_background&quot;:&quot;classic&quot;}\">\n\t\t\t\t\t<div class=\"e-con-inner\">\n\t\t<div class=\"elementor-element elementor-element-d212998 e-con-full e-flex e-con e-child\" data-id=\"d212998\" data-element_type=\"container\" data-e-type=\"container\">\n\t\t\t\t<div class=\"elementor-element elementor-element-973e9ce elementor-widget elementor-widget-heading\" data-id=\"973e9ce\" data-element_type=\"widget\" data-e-type=\"widget\" data-widget_type=\"heading.default\">\n\t\t\t\t<div class=\"elementor-widget-container\">\n\t\t\t\t\t<h2 class=\"elementor-heading-title elementor-size-default\">Ev\u00e4stek\u00e4yt\u00e4nt\u00f6<\/h2>\t\t\t\t<\/div>\n\t\t\t\t<\/div>\n\t\t\t\t<\/div>\n\t\t\t\t\t<\/div>\n\t\t\t\t<\/div>\n\t\t<div class=\"elementor-element elementor-element-504b4f4d e-flex e-con-boxed e-con e-parent\" data-id=\"504b4f4d\" data-element_type=\"container\" data-e-type=\"container\">\n\t\t\t\t\t<div class=\"e-con-inner\">\n\t\t\t\t<div class=\"elementor-element elementor-element-36706845 elementor-widget elementor-widget-text-editor\" data-id=\"36706845\" data-element_type=\"widget\" data-e-type=\"widget\" data-widget_type=\"text-editor.default\">\n\t\t\t\t<div class=\"elementor-widget-container\">\n\t\t\t\t\t\t\t\t\t\n<p>T\u00e4m\u00e4 ev\u00e4stek\u00e4yt\u00e4nt\u00f6 p\u00e4ivitettiin viimeksi 8. tammikuuta 2024, ja se koskee Euroopan talousalueen ja Sveitsin kansalaisia ja laillisia pysyvi\u00e4 asukkaita.<\/p>\n\n<p><strong>1. Johdanto<\/strong><\/p>\n\n<p>Verkkosivustomme, <a href=\"https:\/\/rosanacl.com\/fi\/\">https:\/\/rosanacl.com\/<\/a> (j\u00e4ljemp\u00e4n\u00e4 &quot;verkkosivusto&quot;) k\u00e4ytt\u00e4\u00e4 ev\u00e4steit\u00e4 ja muita vastaavia tekniikoita (mukavuuden vuoksi kaikkia tekniikoita kutsutaan &quot;ev\u00e4steiksi&quot;). Ev\u00e4steit\u00e4 asettavat my\u00f6s sopimuskumppanimme. Seuraavassa asiakirjassa kerrotaan ev\u00e4steiden k\u00e4yt\u00f6st\u00e4 verkkosivustollamme.<\/p>\n\n<p><strong>2. Mit\u00e4 ev\u00e4steet ovat?<\/strong><\/p>\n\n<p>Ev\u00e4ste on pieni tiedosto, joka l\u00e4hetet\u00e4\u00e4n t\u00e4m\u00e4n verkkosivuston sivujen mukana ja jonka selaimesi tallentaa tietokoneesi tai muun laitteesi kiintolevylle. Tallennetut tiedot voidaan palauttaa palvelimillemme tai asianmukaisille kolmannen osapuolen palvelimille seuraavan k\u00e4ynnin aikana.<\/p>\n\n<p><strong>3. Mit\u00e4 ovat skriptit?<\/strong><\/p>\n\n<p>Skripti on ohjelmakoodinp\u00e4tk\u00e4, jota k\u00e4ytet\u00e4\u00e4n verkkosivustomme moitteettoman ja vuorovaikutteisen toiminnan varmistamiseksi. T\u00e4m\u00e4 koodi suoritetaan palvelimellamme tai laitteellasi.<\/p>\n\n<p><strong>4. Mik\u00e4 on verkkoj\u00e4ljite?<\/strong><\/p>\n\n<p>J\u00e4ljite (tai pikselitunniste) on pieni, n\u00e4kym\u00e4t\u00f6n teksti- tai kuvapala verkkosivustolla, jota k\u00e4ytet\u00e4\u00e4n verkkosivuston liikenteen seuraamiseen. T\u00e4t\u00e4 varten sinusta tallennetaan erilaisia tietoja n\u00e4iden j\u00e4ljitteiden avulla.<\/p>\n\n<p><strong>5. Ev\u00e4steet<\/strong><\/p>\n\n<p><strong>5.1 Tekniset tai toiminnalliset ev\u00e4steet<\/strong><\/p>\n\n<p>Jotkin ev\u00e4steet varmistavat, ett\u00e4 tietyt verkkosivuston osat toimivat oikein ja ett\u00e4 k\u00e4ytt\u00e4j\u00e4asetuksesi pysyv\u00e4t tiedossa. Asettamalla toiminnallisia ev\u00e4steit\u00e4 teemme vierailustasi verkkosivustollamme helpompaa. T\u00e4ll\u00e4 tavoin sinun ei tarvitse sy\u00f6tt\u00e4\u00e4 samoja tietoja toistuvasti vieraillessasi verkkosivustollamme, ja esimerkiksi tuotteet pysyv\u00e4t ostoskorissasi, kunnes olet maksanut. Saatamme asettaa n\u00e4it\u00e4 ev\u00e4steit\u00e4 ilman suostumustasi.<\/p>\n\n<p><strong>5.2 Markkinointi-\/seurantaev\u00e4steet<\/strong><\/p>\n\n<p>Markkinointi-\/seurantaev\u00e4steet ovat ev\u00e4steit\u00e4 tai muita paikallisia tallennusmuotoja, joita k\u00e4ytet\u00e4\u00e4n k\u00e4ytt\u00e4j\u00e4profiilien luomiseen mainosten n\u00e4ytt\u00e4miseksi tai k\u00e4ytt\u00e4jien seuraamiseksi t\u00e4ll\u00e4 verkkosivustolla tai useilla verkkosivustoilla vastaavissa markkinointitarkoituksissa.<\/p>\n\n<p><strong>6. K\u00e4ytetyt ev\u00e4steet<\/strong><\/p>\n\n<ul class=\"wp-block-list\">\n<li>Elementor \u2013 Tilastot (anonyymi)<\/li>\n<li>Suostumus palveluelementtiin<\/li>\n<li>WordPress \u2013 Toiminnallinen<\/li>\n<li>Suostumus WordPressin k\u00e4ytt\u00f6\u00f6n<\/li>\n<li>Erilaisia \u2013 Tarkoitus tutkinnan alla<\/li>\n<li>Suostumus erilaisten palveluiden tarjoamiseen<\/li>\n<\/ul>\n\n<p><strong>7. Suostumus<\/strong><\/p>\n\n<p>Kun vierailet verkkosivustollamme ensimm\u00e4ist\u00e4 kertaa, n\u00e4yt\u00e4mme sinulle ponnahdusikkunan, jossa on selitys ev\u00e4steist\u00e4. Heti kun napsautat &quot;Tallenna asetukset&quot;, hyv\u00e4ksyt, ett\u00e4 k\u00e4yt\u00e4mme ponnahdusikkunassa valitsemiasi ev\u00e4ste- ja laajennusluokkia t\u00e4ss\u00e4 ev\u00e4stek\u00e4yt\u00e4nn\u00f6ss\u00e4 kuvatulla tavalla. Voit poistaa ev\u00e4steiden k\u00e4yt\u00f6n k\u00e4yt\u00f6st\u00e4 selaimesi kautta, mutta huomaa, ett\u00e4 verkkosivustomme ei v\u00e4ltt\u00e4m\u00e4tt\u00e4 en\u00e4\u00e4 toimi oikein.<\/p>\n\n<p><strong>7.1 Hallinnoi suostumusasetuksiasi<\/strong><\/p>\n\n<ul class=\"wp-block-list\">\n<li>Toiminnallinen \u2013 Aina aktiivinen<\/li>\n<li>Markkinointi \u2013 Markkinointi<\/li>\n<\/ul>\n\n<p><strong>8. Ev\u00e4steiden aktivointi\/deaktivointi ja poistaminen<\/strong><\/p>\n\n<p>Voit k\u00e4ytt\u00e4\u00e4 internetselaintasi ev\u00e4steiden automaattiseen tai manuaaliseen poistamiseen. Voit my\u00f6s m\u00e4\u00e4ritt\u00e4\u00e4, ett\u00e4 tiettyj\u00e4 ev\u00e4steit\u00e4 ei sallita. Toinen vaihtoehto on muuttaa internetselaimesi asetuksia niin, ett\u00e4 saat ilmoituksen aina, kun ev\u00e4ste asetetaan. Lis\u00e4tietoja n\u00e4ist\u00e4 vaihtoehdoista on selaimesi &quot;Ohje&quot;-osiossa.<\/p>\n\n<p>Huomaathan, ett\u00e4 verkkosivustomme ei v\u00e4ltt\u00e4m\u00e4tt\u00e4 toimi oikein, jos kaikki ev\u00e4steet on poistettu k\u00e4yt\u00f6st\u00e4. Jos poistat ev\u00e4steet selaimestasi, ne tallennetaan uudelleen suostumuksesi j\u00e4lkeen, kun vierailet verkkosivustoillamme uudelleen.<\/p>\n\n<p><strong>9. Henkil\u00f6tietojasi koskevat oikeutesi<\/strong><\/p>\n\n<ul class=\"wp-block-list\">\n<li>Sinulla on oikeus tiet\u00e4\u00e4, miksi henkil\u00f6tietojasi tarvitaan, mit\u00e4 niille tapahtuu ja kuinka kauan niit\u00e4 s\u00e4ilytet\u00e4\u00e4n.<\/li>\n<li>Oikeus tutustua henkil\u00f6tietoihisi: Sinulla on oikeus tutustua henkil\u00f6tietoihisi, jotka meill\u00e4 on.<\/li>\n<li>Oikeus oikaisuun: Sinulla on oikeus t\u00e4ydent\u00e4\u00e4, oikaista, poistaa tai est\u00e4\u00e4 henkil\u00f6tietojesi k\u00e4ytt\u00f6 milloin tahansa.<\/li>\n<li>Jos annat meille suostumuksesi tietojesi k\u00e4sittelyyn, sinulla on oikeus peruuttaa suostumus ja saada henkil\u00f6tietosi poistettua.<\/li>\n<li>Oikeus siirt\u00e4\u00e4 tietosi: Sinulla on oikeus pyyt\u00e4\u00e4 kaikki henkil\u00f6tietosi rekisterinpit\u00e4j\u00e4lt\u00e4 ja siirt\u00e4\u00e4 ne kokonaisuudessaan toiselle rekisterinpit\u00e4j\u00e4lle.<\/li>\n<li>Vastustamisoikeus: Voit vastustaa tietojesi k\u00e4sittely\u00e4. Noudatamme t\u00e4t\u00e4 vaatimusta, ellei k\u00e4sittelylle ole perusteltua syyt\u00e4.<\/li>\n<\/ul>\n\n<p>Jos haluat k\u00e4ytt\u00e4\u00e4 n\u00e4it\u00e4 oikeuksia, ota meihin yhteytt\u00e4. Yhteystiedot l\u00f6ytyv\u00e4t t\u00e4m\u00e4n ev\u00e4stek\u00e4yt\u00e4nn\u00f6n alaosasta. Jos sinulla on valituksia siit\u00e4, miten k\u00e4sittelemme tietojasi, haluaisimme kuulla sinusta, mutta sinulla on my\u00f6s oikeus tehd\u00e4 valitus valvontaviranomaiselle (tietosuojviranomaiselle).<\/p>\n\n<p><strong>10. Yhteystiedot<\/strong><\/p>\n\n<p>Jos sinulla on kysytt\u00e4v\u00e4\u00e4 ja\/tai kommentteja ev\u00e4stek\u00e4yt\u00e4nn\u00f6st\u00e4mme ja t\u00e4st\u00e4 lausunnosta, ota meihin yhteytt\u00e4 seuraavien yhteystietojen avulla:<\/p>\n\n<ul class=\"wp-block-list\">\n<li>Yritys: Pablo Angulo Maspons<\/li>\n<li>V\u00e4kiluku: Vinaroz, Espanja<\/li>\n<li>Puhelin: 613395013<\/li>\n<li>Posti:<a href=\"mailto:info@rosanacl.com\"> info@rosanacl.com<\/a>\u00a0<\/li>\n<\/ul>\n\n<p>T\u00e4m\u00e4 ev\u00e4stek\u00e4yt\u00e4nt\u00f6 on synkronoitu seuraavien kanssa: <a href=\"https:\/\/cookiedatabase.org\">ev\u00e4stetietokanta.org<\/a> 01.08.2024.<\/p>\n\n<p>\u00a0<\/p>\t\t\t\t\t\t\t\t<\/div>\n\t\t\t\t<\/div>\n\t\t\t\t\t<\/div>\n\t\t\t\t<\/div>\n\t\t\t\t<\/div>","protected":false},"excerpt":{"rendered":"<p>Esta pol\u00edtica de cookies fue actualizada por \u00faltima vez el 08\/01\/2024 y se aplica a los ciudadanos y residentes legales permanentes del Espacio Econ\u00f3mico Europeo y Suiza. 1. Introducci\u00f3n Nuestra web, https:\/\/rosanacl.com\/ (en adelante: \u00abla web\u00bb) utiliza cookies y otras tecnolog\u00edas relacionadas (para mayor comodidad, todas las tecnolog\u00edas se denominan \u00abcookies\u00bb). Las cookies tambi\u00e9n son [&hellip;]<\/p>\n","protected":false},"author":1,"featured_media":0,"parent":0,"menu_order":0,"comment_status":"closed","ping_status":"closed","template":"","meta":{"content-type":"","footnotes":""},"class_list":["post-16","page","type-page","status-publish","hentry"],"yoast_head":"<!-- This site is optimized with the Yoast SEO plugin v27.4 - https:\/\/yoast.com\/product\/yoast-seo-wordpress\/ -->\n<title>Pol\u00edtica de Cookies - Rosana CL<\/title>\n<meta name=\"robots\" content=\"index, follow, max-snippet:-1, max-image-preview:large, max-video-preview:-1\" \/>\n<link rel=\"canonical\" href=\"https:\/\/rosanacl.com\/fi\/politica-de-cookies\/\" \/>\n<meta property=\"og:locale\" content=\"fi_FI\" \/>\n<meta property=\"og:type\" content=\"article\" \/>\n<meta property=\"og:title\" content=\"Pol\u00edtica de Cookies - Rosana CL\" \/>\n<meta property=\"og:description\" content=\"Esta pol\u00edtica de cookies fue actualizada por \u00faltima vez el 08\/01\/2024 y se aplica a los ciudadanos y residentes legales permanentes del Espacio Econ\u00f3mico Europeo y Suiza. 1. Introducci\u00f3n Nuestra web, https:\/\/rosanacl.com\/ (en adelante: \u00abla web\u00bb) utiliza cookies y otras tecnolog\u00edas relacionadas (para mayor comodidad, todas las tecnolog\u00edas se denominan \u00abcookies\u00bb). Las cookies tambi\u00e9n son [&hellip;]\" \/>\n<meta property=\"og:url\" content=\"https:\/\/rosanacl.com\/fi\/politica-de-cookies\/\" \/>\n<meta property=\"og:site_name\" content=\"Rosana CL\" \/>\n<meta property=\"article:modified_time\" content=\"2025-07-09T06:54:15+00:00\" \/>\n<meta name=\"twitter:card\" content=\"summary_large_image\" \/>\n<meta name=\"twitter:label1\" content=\"Arvioitu lukuaika\" \/>\n\t<meta name=\"twitter:data1\" content=\"4 minuuttia\" \/>\n<script type=\"application\/ld+json\" class=\"yoast-schema-graph\">{\"@context\":\"https:\\\/\\\/schema.org\",\"@graph\":[{\"@type\":\"WebPage\",\"@id\":\"https:\\\/\\\/rosanacl.com\\\/eu\\\/politica-de-cookies\\\/\",\"url\":\"https:\\\/\\\/rosanacl.com\\\/eu\\\/politica-de-cookies\\\/\",\"name\":\"Pol\u00edtica de Cookies - Rosana CL\",\"isPartOf\":{\"@id\":\"https:\\\/\\\/rosanacl.com\\\/ca\\\/#website\"},\"datePublished\":\"2025-03-28T18:59:16+00:00\",\"dateModified\":\"2025-07-09T06:54:15+00:00\",\"breadcrumb\":{\"@id\":\"https:\\\/\\\/rosanacl.com\\\/eu\\\/politica-de-cookies\\\/#breadcrumb\"},\"inLanguage\":\"fi\",\"potentialAction\":[{\"@type\":\"ReadAction\",\"target\":[\"https:\\\/\\\/rosanacl.com\\\/eu\\\/politica-de-cookies\\\/\"]}]},{\"@type\":\"BreadcrumbList\",\"@id\":\"https:\\\/\\\/rosanacl.com\\\/eu\\\/politica-de-cookies\\\/#breadcrumb\",\"itemListElement\":[{\"@type\":\"ListItem\",\"position\":1,\"name\":\"Portada\",\"item\":\"https:\\\/\\\/rosanacl.com\\\/ca\\\/\"},{\"@type\":\"ListItem\",\"position\":2,\"name\":\"Pol\u00edtica de Cookies\"}]},{\"@type\":\"WebSite\",\"@id\":\"https:\\\/\\\/rosanacl.com\\\/ca\\\/#website\",\"url\":\"https:\\\/\\\/rosanacl.com\\\/ca\\\/\",\"name\":\"Rosana CL\",\"description\":\"Somos tu interior\",\"potentialAction\":[{\"@type\":\"SearchAction\",\"target\":{\"@type\":\"EntryPoint\",\"urlTemplate\":\"https:\\\/\\\/rosanacl.com\\\/ca\\\/?s={search_term_string}\"},\"query-input\":{\"@type\":\"PropertyValueSpecification\",\"valueRequired\":true,\"valueName\":\"search_term_string\"}}],\"inLanguage\":\"fi\"}]}<\/script>\n<!-- \/ Yoast SEO plugin. -->","yoast_head_json":{"title":"Pol\u00edtica de Cookies - Rosana CL","robots":{"index":"index","follow":"follow","max-snippet":"max-snippet:-1","max-image-preview":"max-image-preview:large","max-video-preview":"max-video-preview:-1"},"canonical":"https:\/\/rosanacl.com\/fi\/politica-de-cookies\/","og_locale":"fi_FI","og_type":"article","og_title":"Pol\u00edtica de Cookies - Rosana CL","og_description":"Esta pol\u00edtica de cookies fue actualizada por \u00faltima vez el 08\/01\/2024 y se aplica a los ciudadanos y residentes legales permanentes del Espacio Econ\u00f3mico Europeo y Suiza. 1. Introducci\u00f3n Nuestra web, https:\/\/rosanacl.com\/ (en adelante: \u00abla web\u00bb) utiliza cookies y otras tecnolog\u00edas relacionadas (para mayor comodidad, todas las tecnolog\u00edas se denominan \u00abcookies\u00bb). Las cookies tambi\u00e9n son [&hellip;]","og_url":"https:\/\/rosanacl.com\/fi\/politica-de-cookies\/","og_site_name":"Rosana CL","article_modified_time":"2025-07-09T06:54:15+00:00","twitter_card":"summary_large_image","twitter_misc":{"Arvioitu lukuaika":"4 minuuttia"},"schema":{"@context":"https:\/\/schema.org","@graph":[{"@type":"WebPage","@id":"https:\/\/rosanacl.com\/eu\/politica-de-cookies\/","url":"https:\/\/rosanacl.com\/eu\/politica-de-cookies\/","name":"Pol\u00edtica de Cookies - Rosana CL","isPartOf":{"@id":"https:\/\/rosanacl.com\/ca\/#website"},"datePublished":"2025-03-28T18:59:16+00:00","dateModified":"2025-07-09T06:54:15+00:00","breadcrumb":{"@id":"https:\/\/rosanacl.com\/eu\/politica-de-cookies\/#breadcrumb"},"inLanguage":"fi","potentialAction":[{"@type":"ReadAction","target":["https:\/\/rosanacl.com\/eu\/politica-de-cookies\/"]}]},{"@type":"BreadcrumbList","@id":"https:\/\/rosanacl.com\/eu\/politica-de-cookies\/#breadcrumb","itemListElement":[{"@type":"ListItem","position":1,"name":"Portada","item":"https:\/\/rosanacl.com\/ca\/"},{"@type":"ListItem","position":2,"name":"Pol\u00edtica de Cookies"}]},{"@type":"WebSite","@id":"https:\/\/rosanacl.com\/ca\/#website","url":"https:\/\/rosanacl.com\/ca\/","name":"Rosana CL","description":"Me olemme sisustuksesi","potentialAction":[{"@type":"SearchAction","target":{"@type":"EntryPoint","urlTemplate":"https:\/\/rosanacl.com\/ca\/?s={search_term_string}"},"query-input":{"@type":"PropertyValueSpecification","valueRequired":true,"valueName":"search_term_string"}}],"inLanguage":"fi"}]}},"_links":{"self":[{"href":"https:\/\/rosanacl.com\/fi\/wp-json\/wp\/v2\/pages\/16","targetHints":{"allow":["GET"]}}],"collection":[{"href":"https:\/\/rosanacl.com\/fi\/wp-json\/wp\/v2\/pages"}],"about":[{"href":"https:\/\/rosanacl.com\/fi\/wp-json\/wp\/v2\/types\/page"}],"author":[{"embeddable":true,"href":"https:\/\/rosanacl.com\/fi\/wp-json\/wp\/v2\/users\/1"}],"replies":[{"embeddable":true,"href":"https:\/\/rosanacl.com\/fi\/wp-json\/wp\/v2\/comments?post=16"}],"version-history":[{"count":0,"href":"https:\/\/rosanacl.com\/fi\/wp-json\/wp\/v2\/pages\/16\/revisions"}],"wp:attachment":[{"href":"https:\/\/rosanacl.com\/fi\/wp-json\/wp\/v2\/media?parent=16"}],"curies":[{"name":"wp","href":"https:\/\/api.w.org\/{rel}","templated":true}]}}