{"id":18,"date":"2025-03-28T16:03:06","date_gmt":"2025-03-28T19:03:06","guid":{"rendered":"https:\/\/innovacon.simplificandotuweb.com\/?page_id=18"},"modified":"2025-08-01T14:33:36","modified_gmt":"2025-08-01T12:33:36","slug":"aviso-legal","status":"publish","type":"page","link":"https:\/\/rosanacl.com\/fi\/aviso-legal\/","title":{"rendered":"Oikeudellinen huomautus"},"content":{"rendered":"<div data-elementor-type=\"wp-page\" data-elementor-id=\"18\" class=\"elementor elementor-18\" data-elementor-post-type=\"page\">\n\t\t\t\t<div class=\"elementor-element elementor-element-1f18319 e-flex e-con-boxed e-con e-parent\" data-id=\"1f18319\" data-element_type=\"container\" data-e-type=\"container\" data-settings=\"{&quot;background_background&quot;:&quot;classic&quot;}\">\n\t\t\t\t\t<div class=\"e-con-inner\">\n\t\t<div class=\"elementor-element elementor-element-c2acaab e-con-full e-flex e-con e-child\" data-id=\"c2acaab\" data-element_type=\"container\" data-e-type=\"container\">\n\t\t\t\t<div class=\"elementor-element elementor-element-6f29856 elementor-widget elementor-widget-heading\" data-id=\"6f29856\" data-element_type=\"widget\" data-e-type=\"widget\" data-widget_type=\"heading.default\">\n\t\t\t\t<div class=\"elementor-widget-container\">\n\t\t\t\t\t<h2 class=\"elementor-heading-title elementor-size-default\">Oikeudellinen huomautus<\/h2>\t\t\t\t<\/div>\n\t\t\t\t<\/div>\n\t\t\t\t<\/div>\n\t\t\t\t\t<\/div>\n\t\t\t\t<\/div>\n\t\t<div class=\"elementor-element elementor-element-7b2ac5e6 e-flex e-con-boxed e-con e-parent\" data-id=\"7b2ac5e6\" data-element_type=\"container\" data-e-type=\"container\">\n\t\t\t\t\t<div class=\"e-con-inner\">\n\t\t\t\t<div class=\"elementor-element elementor-element-2e23d7df elementor-widget elementor-widget-text-editor\" data-id=\"2e23d7df\" data-element_type=\"widget\" data-e-type=\"widget\" data-widget_type=\"text-editor.default\">\n\t\t\t\t<div class=\"elementor-widget-container\">\n\t\t\t\t\t\t\t\t\t\n<p><strong>Rekisterinpit\u00e4j\u00e4<\/strong><\/p>\n\n<p>Tietoyhteiskunnan palveluista ja s\u00e4hk\u00f6isest\u00e4 kaupank\u00e4ynnist\u00e4 11. hein\u00e4kuuta annetussa laissa 34\/2002 s\u00e4\u00e4detyn tiedonantovelvollisuuden mukaisesti ilmoitamme, ett\u00e4 t\u00e4m\u00e4n verkkosivuston omistaa:<\/p>\n\n<ul class=\"wp-block-list\">\n<li>Yritys: Pablo Angulo Maspons<\/li>\n<li>NIF-numero: 73394866A<\/li>\n<li>V\u00e4kiluku: Vinaroz, Espanja<\/li>\n<li>Puhelin: 613395013<\/li>\n<li>Posti: <a href=\"mailto:info@rosanacl.com\">info@rosanacl.com<\/a><a href=\"mailto:info@rosanacl.com\">\u00a0<\/a><\/li>\n<\/ul>\n\n<p><strong>Esine<\/strong><\/p>\n\n<p>Rekisterinpit\u00e4j\u00e4 asettaa t\u00e4m\u00e4n asiakirjan k\u00e4ytt\u00e4jien saataville noudattaakseen voimassa olevia tietosuojas\u00e4\u00e4nn\u00f6ksi\u00e4 ja Euroopan parlamentin ja neuvoston 27. huhtikuuta 2016 antaman asetuksen (EU) 2016\/679 (j\u00e4ljemp\u00e4n\u00e4 &quot;yleinen tietosuoja-asetus&quot;) sek\u00e4 kansallisten henkil\u00f6tietojen suojaa koskevien s\u00e4\u00e4nn\u00f6sten nojalla luodun uuden s\u00e4\u00e4ntelykehyksen puitteissa sek\u00e4 tiedottaakseen kaikille verkkosivuston k\u00e4ytt\u00e4jille sen k\u00e4ytt\u00f6ehdoista. Jokainen t\u00e4t\u00e4 verkkosivustoa k\u00e4ytt\u00e4v\u00e4 henkil\u00f6 omaksuu k\u00e4ytt\u00e4j\u00e4n roolin ja sitoutuu noudattamaan tarkasti t\u00e4ss\u00e4 esitettyj\u00e4 s\u00e4\u00e4nn\u00f6ksi\u00e4 sek\u00e4 muita sovellettavia lakis\u00e4\u00e4teisi\u00e4 s\u00e4\u00e4nn\u00f6ksi\u00e4. Rekisterinpit\u00e4j\u00e4 pid\u00e4tt\u00e4\u00e4 oikeuden muuttaa mink\u00e4 tahansa tyyppisi\u00e4 verkkosivustolla n\u00e4kyvi\u00e4 tietoja ilman velvollisuutta ilmoittaa tai tiedottaa k\u00e4ytt\u00e4jille n\u00e4ist\u00e4 velvollisuuksista, jolloin julkaiseminen rekisterinpit\u00e4j\u00e4n verkkosivustolla katsotaan riitt\u00e4v\u00e4ksi.<\/p>\n\n<p><strong>Vastuu<\/strong><\/p>\n\n<p>Rekisterinpit\u00e4j\u00e4 sanoutuu irti kaikesta vastuusta, joka aiheutuu sen verkkosivustolla julkaistuista tiedoista, edellytt\u00e4en, ett\u00e4 n\u00e4it\u00e4 tietoja on manipuloinut tai sy\u00f6tt\u00e4nyt jokin muu kolmas osapuoli kuin rekisterinpit\u00e4j\u00e4.<\/p>\n\n<p><strong>IP-osoitteet<\/strong><\/p>\n\n<p>Verkkosivuston palvelimet tunnistavat automaattisesti k\u00e4ytt\u00e4j\u00e4n k\u00e4ytt\u00e4m\u00e4n IP-osoitteen ja verkkotunnuksen. IP-osoite on numero, joka annetaan tietokoneelle automaattisesti, kun se muodostaa yhteyden Internetiin. Kaikki n\u00e4m\u00e4 tiedot tallennetaan asianmukaisesti rekister\u00f6ityyn palvelimen toimintalokiin, joka mahdollistaa tietojen my\u00f6hemm\u00e4n k\u00e4sittelyn puhtaasti tilastollisten mittauksien saamiseksi, kuten sivulatausten m\u00e4\u00e4r\u00e4n, palvelimilla tehtyjen vierailujen m\u00e4\u00e4r\u00e4n, vierailuj\u00e4rjestyksen, tukiaseman jne.<\/p>\n\n<p><strong>Linkkik\u00e4yt\u00e4nt\u00f6<\/strong><\/p>\n\n<p>T\u00e4lt\u00e4 verkkosivustolta sinut voidaan ohjata kolmansien osapuolten verkkosivustojen sis\u00e4lt\u00f6\u00f6n. Koska rekisterinpit\u00e4j\u00e4 ei voi aina hallita kolmansien osapuolten verkkosivustoilleen julkaisemaa sis\u00e4lt\u00f6\u00e4, se ei ota vastuuta t\u00e4llaisesta sis\u00e4ll\u00f6st\u00e4. Joka tapauksessa rekisterinpit\u00e4j\u00e4 vakuuttaa poistavansa v\u00e4litt\u00f6m\u00e4sti kaiken sis\u00e4ll\u00f6n, joka saattaa loukata kansallista tai kansainv\u00e4list\u00e4 lains\u00e4\u00e4d\u00e4nt\u00f6\u00e4, moraalia tai yleist\u00e4 j\u00e4rjestyst\u00e4, ja poistaa v\u00e4litt\u00f6m\u00e4sti uudelleenohjauksen t\u00e4lle verkkosivustolle ja ilmoittaa kyseisest\u00e4 sis\u00e4ll\u00f6st\u00e4 toimivaltaisille viranomaisille. Rekisterinpit\u00e4j\u00e4 ei ole vastuussa tallennetuista tiedoista ja sis\u00e4ll\u00f6st\u00e4, mukaan lukien, mutta ei rajoittuen, foorumit, keskustelut, blogigeneraattorit, kommentit, sosiaaliset verkostot tai muut keinot, joiden avulla kolmannet osapuolet voivat julkaista sis\u00e4lt\u00f6\u00e4 itsen\u00e4isesti rekisterinpit\u00e4j\u00e4n verkkosivustolla. Kuitenkin, ja art. 11 ja 16 artiklan mukaisesti LSSICE:n (Espanjan tietoyhteiskunnan palveluista annettu laki) mukaisesti rekisterinpit\u00e4j\u00e4 on kaikkien k\u00e4ytt\u00e4jien, viranomaisten ja turvallisuusjoukkojen k\u00e4ytett\u00e4viss\u00e4 ja osallistuu aktiivisesti kaiken sellaisen sis\u00e4ll\u00f6n poistamiseen tai tarvittaessa est\u00e4miseen, joka voi vaikuttaa tai loukata kansallista tai kansainv\u00e4list\u00e4 lains\u00e4\u00e4d\u00e4nt\u00f6\u00e4, kolmansien osapuolten oikeuksia tai moraalia ja yleist\u00e4 j\u00e4rjestyst\u00e4. Jos k\u00e4ytt\u00e4j\u00e4 uskoo, ett\u00e4 verkkosivustolla on sis\u00e4lt\u00f6\u00e4, joka voitaisiin luokitella sellaiseksi, ilmoita siit\u00e4 v\u00e4litt\u00f6m\u00e4sti verkkosivuston yll\u00e4pit\u00e4j\u00e4lle. T\u00e4m\u00e4 verkkosivusto on tarkastettu ja testattu asianmukaisen toiminnan varmistamiseksi. Periaatteessa asianmukainen toiminta voidaan taata 365 p\u00e4iv\u00e4\u00e4 vuodessa, 24 tuntia vuorokaudessa. Rekisterinpit\u00e4j\u00e4 ei kuitenkaan sulje pois ohjelmointivirheiden mahdollisuutta tai sit\u00e4, ett\u00e4 ne voivat aiheuttaa ylivoimaisen esteen, luonnonkatastrofien, lakkojen tai vastaavien olosuhteiden, jotka est\u00e4v\u00e4t p\u00e4\u00e4syn verkkosivustolle.<\/p>\n\n<p><strong>Tietosuoja<\/strong><\/p>\n\n<p>Rekisterinpit\u00e4j\u00e4 on vahvasti sitoutunut noudattamaan voimassa olevia tietosuojas\u00e4\u00e4nn\u00f6ksi\u00e4 sek\u00e4 Euroopan parlamentin ja neuvoston 27. huhtikuuta 2016 antaman asetuksen (EU) 2016\/679 (j\u00e4ljemp\u00e4n\u00e4 GDPR) sek\u00e4 kansallisten henkil\u00f6tietojen suojaa koskevien s\u00e4\u00e4nn\u00f6sten nojalla luotua uutta s\u00e4\u00e4ntelykehyst\u00e4. Rekisterinpit\u00e4j\u00e4 ilmoittaa my\u00f6s noudattavansa tietoyhteiskunnan palveluista ja s\u00e4hk\u00f6isest\u00e4 kaupank\u00e4ynnist\u00e4 11. hein\u00e4kuuta 2002 annettua lakia 34\/2002 ja pyyt\u00e4\u00e4 aina suostumustasi tietojesi k\u00e4sittelyyn kaupallisiin tarkoituksiin.<\/p>\n\n<p><strong>Immateriaalioikeudet ja teollisoikeudet<\/strong><\/p>\n\n<p>Verkkosivusto, mukaan lukien, mutta ei rajoittuen, sen ohjelmointi, editointi, kokoaminen ja muut sen toiminnan kannalta v\u00e4ltt\u00e4m\u00e4tt\u00f6m\u00e4t elementit, ulkoasut, logot, teksti ja\/tai grafiikka, ovat rekisterinpit\u00e4j\u00e4n omaisuutta tai niill\u00e4 on soveltuvin osin tekij\u00f6iden lisenssi tai nimenomainen lupa. Kaikki verkkosivuston sis\u00e4lt\u00f6 on asianmukaisesti suojattu immateriaali- ja teollisoikeuss\u00e4\u00e4nn\u00f6ksill\u00e4. K\u00e4ytt\u00f6tarkoituksesta riippumatta t\u00e4ydellinen tai osittainen kopiointi, k\u00e4ytt\u00f6, hy\u00f6dynt\u00e4minen, levitt\u00e4minen ja markkinointi edellytt\u00e4v\u00e4t aina rekisterinpit\u00e4j\u00e4n etuk\u00e4teen antamaa kirjallista lupaa. Kaikki k\u00e4ytt\u00f6, jota rekisterinpit\u00e4j\u00e4 ei ole etuk\u00e4teen antanut, katsotaan tekij\u00e4n immateriaali- tai teollisoikeuksien vakavaksi loukkaukseksi. Verkkosivustolla mahdollisesti esiintyv\u00e4t mallit, logot, teksti ja\/tai grafiikka, jotka eiv\u00e4t kuulu lainanantajalle, kuuluvat omistajilleen, jotka ovat vastuussa mahdollisista niihin liittyvist\u00e4 riidoista. Joka tapauksessa rekisterinpit\u00e4j\u00e4ll\u00e4 on heid\u00e4n nimenomainen etuk\u00e4teislupansa. Rekisterinpit\u00e4j\u00e4 valtuuttaa nimenomaisesti kolmannet osapuolet ohjaamaan suoraan tiettyyn verkkosivuston sis\u00e4lt\u00f6\u00f6n, ja kaikissa tapauksissa heid\u00e4n on ohjattava rekisterinpit\u00e4j\u00e4n kotisivulle. Rekisterinpit\u00e4j\u00e4 tunnustaa omistajiensa immateriaali- ja teollisoikeudet, eik\u00e4 pelkk\u00e4 maininta tai esiintyminen verkkosivustolla tarkoita rekisterinpit\u00e4j\u00e4n oikeuksia tai vastuuta n\u00e4ihin oikeuksiin eik\u00e4 my\u00f6sk\u00e4\u00e4n heid\u00e4n tukeaan, sponsorointiaan tai suositustaan. Kaikkiin kuviin, joissa suunnitteluohjelmisto sen sallii, on sis\u00e4llytetty vastaavat viittaukset tekij\u00e4noikeuksiin ja vastaavaan lisenssiin. Jos haluat tehd\u00e4 huomautuksia mahdollisista immateriaali- tai teollisoikeuksien loukkauksista sek\u00e4 verkkosivuston sis\u00e4ll\u00f6st\u00e4, voit tehd\u00e4 sen seuraavaan s\u00e4hk\u00f6postiosoitteeseen: <a href=\"mailto:info@rosanacl.com\">info@rosanacl.com<\/a><\/p>\n\n<p>\u00a0<\/p>\n\t\t\t\t\t\t\t\t<\/div>\n\t\t\t\t<\/div>\n\t\t\t\t\t<\/div>\n\t\t\t\t<\/div>\n\t\t\t\t<\/div>","protected":false},"excerpt":{"rendered":"<p>Responsable del tratamiento de los datos En cumplimiento del deber de informaci\u00f3n que establece la Ley La 34\/2002, de 11 de julio, de Servicios de la Sociedad de la Informaci\u00f3n y del Comercio Electr\u00f3nico, le comunicamos que esta web es titularidad de: Objeto El Responsable pone a disposici\u00f3n de los usuarios este documento con el [&hellip;]<\/p>\n","protected":false},"author":1,"featured_media":0,"parent":0,"menu_order":0,"comment_status":"closed","ping_status":"closed","template":"","meta":{"content-type":"","footnotes":""},"class_list":["post-18","page","type-page","status-publish","hentry"],"yoast_head":"<!-- This site is optimized with the Yoast SEO plugin v27.4 - https:\/\/yoast.com\/product\/yoast-seo-wordpress\/ -->\n<title>Aviso Legal - Rosana CL<\/title>\n<meta name=\"robots\" content=\"index, follow, max-snippet:-1, max-image-preview:large, max-video-preview:-1\" \/>\n<link rel=\"canonical\" href=\"https:\/\/rosanacl.com\/fi\/aviso-legal\/\" \/>\n<meta property=\"og:locale\" content=\"fi_FI\" \/>\n<meta property=\"og:type\" content=\"article\" \/>\n<meta property=\"og:title\" content=\"Aviso Legal - Rosana CL\" \/>\n<meta property=\"og:description\" content=\"Responsable del tratamiento de los datos En cumplimiento del deber de informaci\u00f3n que establece la Ley La 34\/2002, de 11 de julio, de Servicios de la Sociedad de la Informaci\u00f3n y del Comercio Electr\u00f3nico, le comunicamos que esta web es titularidad de: Objeto El Responsable pone a disposici\u00f3n de los usuarios este documento con el [&hellip;]\" \/>\n<meta property=\"og:url\" content=\"https:\/\/rosanacl.com\/fi\/aviso-legal\/\" \/>\n<meta property=\"og:site_name\" content=\"Rosana CL\" \/>\n<meta property=\"article:modified_time\" content=\"2025-08-01T12:33:36+00:00\" \/>\n<meta name=\"twitter:card\" content=\"summary_large_image\" \/>\n<meta name=\"twitter:label1\" content=\"Arvioitu lukuaika\" \/>\n\t<meta name=\"twitter:data1\" content=\"6 minuuttia\" \/>\n<script type=\"application\/ld+json\" class=\"yoast-schema-graph\">{\"@context\":\"https:\\\/\\\/schema.org\",\"@graph\":[{\"@type\":\"WebPage\",\"@id\":\"https:\\\/\\\/rosanacl.com\\\/aviso-legal\\\/\",\"url\":\"https:\\\/\\\/rosanacl.com\\\/aviso-legal\\\/\",\"name\":\"Aviso Legal - Rosana CL\",\"isPartOf\":{\"@id\":\"https:\\\/\\\/rosanacl.com\\\/ca\\\/#website\"},\"datePublished\":\"2025-03-28T19:03:06+00:00\",\"dateModified\":\"2025-08-01T12:33:36+00:00\",\"breadcrumb\":{\"@id\":\"https:\\\/\\\/rosanacl.com\\\/aviso-legal\\\/#breadcrumb\"},\"inLanguage\":\"fi\",\"potentialAction\":[{\"@type\":\"ReadAction\",\"target\":[\"https:\\\/\\\/rosanacl.com\\\/aviso-legal\\\/\"]}]},{\"@type\":\"BreadcrumbList\",\"@id\":\"https:\\\/\\\/rosanacl.com\\\/aviso-legal\\\/#breadcrumb\",\"itemListElement\":[{\"@type\":\"ListItem\",\"position\":1,\"name\":\"Portada\",\"item\":\"https:\\\/\\\/rosanacl.com\\\/ca\\\/\"},{\"@type\":\"ListItem\",\"position\":2,\"name\":\"Aviso Legal\"}]},{\"@type\":\"WebSite\",\"@id\":\"https:\\\/\\\/rosanacl.com\\\/ca\\\/#website\",\"url\":\"https:\\\/\\\/rosanacl.com\\\/ca\\\/\",\"name\":\"Rosana CL\",\"description\":\"Somos tu interior\",\"potentialAction\":[{\"@type\":\"SearchAction\",\"target\":{\"@type\":\"EntryPoint\",\"urlTemplate\":\"https:\\\/\\\/rosanacl.com\\\/ca\\\/?s={search_term_string}\"},\"query-input\":{\"@type\":\"PropertyValueSpecification\",\"valueRequired\":true,\"valueName\":\"search_term_string\"}}],\"inLanguage\":\"fi\"}]}<\/script>\n<!-- \/ Yoast SEO plugin. -->","yoast_head_json":{"title":"Aviso Legal - Rosana CL","robots":{"index":"index","follow":"follow","max-snippet":"max-snippet:-1","max-image-preview":"max-image-preview:large","max-video-preview":"max-video-preview:-1"},"canonical":"https:\/\/rosanacl.com\/fi\/aviso-legal\/","og_locale":"fi_FI","og_type":"article","og_title":"Aviso Legal - Rosana CL","og_description":"Responsable del tratamiento de los datos En cumplimiento del deber de informaci\u00f3n que establece la Ley La 34\/2002, de 11 de julio, de Servicios de la Sociedad de la Informaci\u00f3n y del Comercio Electr\u00f3nico, le comunicamos que esta web es titularidad de: Objeto El Responsable pone a disposici\u00f3n de los usuarios este documento con el [&hellip;]","og_url":"https:\/\/rosanacl.com\/fi\/aviso-legal\/","og_site_name":"Rosana CL","article_modified_time":"2025-08-01T12:33:36+00:00","twitter_card":"summary_large_image","twitter_misc":{"Arvioitu lukuaika":"6 minuuttia"},"schema":{"@context":"https:\/\/schema.org","@graph":[{"@type":"WebPage","@id":"https:\/\/rosanacl.com\/aviso-legal\/","url":"https:\/\/rosanacl.com\/aviso-legal\/","name":"Aviso Legal - Rosana CL","isPartOf":{"@id":"https:\/\/rosanacl.com\/ca\/#website"},"datePublished":"2025-03-28T19:03:06+00:00","dateModified":"2025-08-01T12:33:36+00:00","breadcrumb":{"@id":"https:\/\/rosanacl.com\/aviso-legal\/#breadcrumb"},"inLanguage":"fi","potentialAction":[{"@type":"ReadAction","target":["https:\/\/rosanacl.com\/aviso-legal\/"]}]},{"@type":"BreadcrumbList","@id":"https:\/\/rosanacl.com\/aviso-legal\/#breadcrumb","itemListElement":[{"@type":"ListItem","position":1,"name":"Portada","item":"https:\/\/rosanacl.com\/ca\/"},{"@type":"ListItem","position":2,"name":"Aviso Legal"}]},{"@type":"WebSite","@id":"https:\/\/rosanacl.com\/ca\/#website","url":"https:\/\/rosanacl.com\/ca\/","name":"Rosana CL","description":"Me olemme sisustuksesi","potentialAction":[{"@type":"SearchAction","target":{"@type":"EntryPoint","urlTemplate":"https:\/\/rosanacl.com\/ca\/?s={search_term_string}"},"query-input":{"@type":"PropertyValueSpecification","valueRequired":true,"valueName":"search_term_string"}}],"inLanguage":"fi"}]}},"_links":{"self":[{"href":"https:\/\/rosanacl.com\/fi\/wp-json\/wp\/v2\/pages\/18","targetHints":{"allow":["GET"]}}],"collection":[{"href":"https:\/\/rosanacl.com\/fi\/wp-json\/wp\/v2\/pages"}],"about":[{"href":"https:\/\/rosanacl.com\/fi\/wp-json\/wp\/v2\/types\/page"}],"author":[{"embeddable":true,"href":"https:\/\/rosanacl.com\/fi\/wp-json\/wp\/v2\/users\/1"}],"replies":[{"embeddable":true,"href":"https:\/\/rosanacl.com\/fi\/wp-json\/wp\/v2\/comments?post=18"}],"version-history":[{"count":0,"href":"https:\/\/rosanacl.com\/fi\/wp-json\/wp\/v2\/pages\/18\/revisions"}],"wp:attachment":[{"href":"https:\/\/rosanacl.com\/fi\/wp-json\/wp\/v2\/media?parent=18"}],"curies":[{"name":"wp","href":"https:\/\/api.w.org\/{rel}","templated":true}]}}