{"id":2006,"date":"2025-05-23T08:26:39","date_gmt":"2025-05-23T06:26:39","guid":{"rendered":"https:\/\/rosanacl.com\/?page_id=2006"},"modified":"2025-12-14T22:28:46","modified_gmt":"2025-12-14T21:28:46","slug":"politica-de-devolucion","status":"publish","type":"page","link":"https:\/\/rosanacl.com\/fi\/politica-de-devolucion\/","title":{"rendered":"Palautusk\u00e4yt\u00e4nt\u00f6"},"content":{"rendered":"<div data-elementor-type=\"wp-page\" data-elementor-id=\"2006\" class=\"elementor elementor-2006\" data-elementor-post-type=\"page\">\n\t\t\t\t<div class=\"elementor-element elementor-element-7a0b207 e-flex e-con-boxed e-con e-parent\" data-id=\"7a0b207\" data-element_type=\"container\" data-e-type=\"container\" data-settings=\"{&quot;background_background&quot;:&quot;classic&quot;}\">\n\t\t\t\t\t<div class=\"e-con-inner\">\n\t\t<div class=\"elementor-element elementor-element-2fcf4bc e-con-full e-flex e-con e-child\" data-id=\"2fcf4bc\" data-element_type=\"container\" data-e-type=\"container\">\n\t\t\t\t<div class=\"elementor-element elementor-element-d10b990 elementor-widget elementor-widget-heading\" data-id=\"d10b990\" data-element_type=\"widget\" data-e-type=\"widget\" data-widget_type=\"heading.default\">\n\t\t\t\t<div class=\"elementor-widget-container\">\n\t\t\t\t\t<h2 class=\"elementor-heading-title elementor-size-default\">Palautusk\u00e4yt\u00e4nt\u00f6<\/h2>\t\t\t\t<\/div>\n\t\t\t\t<\/div>\n\t\t\t\t<\/div>\n\t\t\t\t\t<\/div>\n\t\t\t\t<\/div>\n\t\t<div class=\"elementor-element elementor-element-eca30f2 e-flex e-con-boxed e-con e-parent\" data-id=\"eca30f2\" data-element_type=\"container\" data-e-type=\"container\">\n\t\t\t\t\t<div class=\"e-con-inner\">\n\t\t\t\t<div class=\"elementor-element elementor-element-8328658 elementor-widget elementor-widget-text-editor\" data-id=\"8328658\" data-element_type=\"widget\" data-e-type=\"widget\" data-widget_type=\"text-editor.default\">\n\t\t\t\t<div class=\"elementor-widget-container\">\n\t\t\t\t\t\t\t\t\t<p>T\u00e4m\u00e4 palautusk\u00e4yt\u00e4nt\u00f6 p\u00e4ivitettiin viimeksi 23. toukokuuta 2025, ja se koskee kaikkia verkkosivustomme kautta tehtyj\u00e4 ostoksia: <a href=\"https:\/\/rosanacl.com\/fi\/\">https:\/\/rosanacl.com\/<\/a><\/p>\n<p><!-- \/wp:paragraph --><!-- wp:paragraph --><\/p>\n<p><strong>1. Peruuttamisoikeus<\/strong><\/p>\n<p><!-- \/wp:paragraph --><!-- wp:paragraph --><\/p>\n<p>Sinulla on oikeus peruuttaa ostoksesi 14 kalenterip\u00e4iv\u00e4n kuluessa tuotteen vastaanottamisesta ilman perusteluja. Voit k\u00e4ytt\u00e4\u00e4 t\u00e4t\u00e4 oikeutta ottamalla meihin yhteytt\u00e4 t\u00e4m\u00e4n k\u00e4yt\u00e4nn\u00f6n lopussa olevien tietojen avulla.<\/p>\n<p><!-- \/wp:paragraph --><!-- wp:paragraph --><\/p>\n<p><strong>2. Palautusehdot<\/strong><\/p>\n<p><!-- \/wp:paragraph --><!-- wp:paragraph --><\/p>\n<p>Palautuksen hyv\u00e4ksymisen edellytyksen\u00e4 on, ett\u00e4 tuote on t\u00e4ydellisess\u00e4 kunnossa, ilman k\u00e4yt\u00f6n tai pesun j\u00e4lki\u00e4, ja ett\u00e4 palautuksen mukana tulee olla alkuper\u00e4inen pakkaus, ehj\u00e4t tuote-esimerkit ja kaikki mahdolliset lis\u00e4varusteet tai k\u00e4ytt\u00f6ohjeet.<\/p>\n<p><!-- \/wp:paragraph --><!-- wp:paragraph --><\/p>\n<p>Tuotteita, jotka eiv\u00e4t t\u00e4yt\u00e4 n\u00e4it\u00e4 ehtoja tai jotka kuuluvat seuraaviin luokkiin, ei hyv\u00e4ksyt\u00e4 palautuksina:<\/p>\n<p><!-- \/wp:paragraph --><!-- wp:list --><\/p>\n<ul>\n<li>Alusvaatteet (stringit, pikkuhousut, bokserit, sukkahousut, lantioliivit, culottes-housut, bodyt tai muut intiimialueiden kanssa kosketuksiin joutuvat vaatteet).<\/li>\n<li>Avaamattomat hygienia- tai terveystuotteet.<\/li>\n<li>Personoidut, helposti pilaantuvat tai digitaaliset tuotteet.<\/li>\n<li>Silikoniriivit ja selk\u00e4tt\u00f6m\u00e4t rintaliivit.<\/li>\n<li>Pakkaamattomat tai rikkin\u00e4isell\u00e4 laatikolla varustetut tuotteet.<\/li>\n<li>K\u00e4ytetyt, vaurioituneet, tahraiset tai merkitsem\u00e4tt\u00f6m\u00e4t tuotteet.<\/li>\n<li>My\u00f6h\u00e4stymisilmoitus vaihdosta ja palautuksesta.<\/li>\n<\/ul>\n<p><!-- \/wp:list --><!-- wp:paragraph --><\/p>\n<p>Jos vaatimuksia ei t\u00e4ytet\u00e4, asiakkaalle ilmoitetaan asiasta ja palautus hyl\u00e4t\u00e4\u00e4n.<\/p>\n<p><!-- \/wp:paragraph --><!-- wp:paragraph --><\/p>\n<p><strong>3. Tehd\u00e4\u00e4nk\u00f6 muutoksia?<\/strong><\/p>\n<p><!-- \/wp:paragraph --><!-- wp:paragraph --><\/p>\n<p data-start=\"157\" data-end=\"432\"><span style=\"font-size: 1rem;\">Kyll\u00e4, hyv\u00e4ksymme tuotevaihdot, kunhan ne ovat t\u00e4ydellisess\u00e4 kunnossa, k\u00e4ytt\u00e4m\u00e4tt\u00f6mi\u00e4 ja alkuper\u00e4ispakkauksessaan. Jos haluat vaihtaa tuotteen toiseen (esimerkiksi eri kokoiseen, v\u00e4riseen tai malliseen), ota meihin yhteytt\u00e4 vaihdon j\u00e4rjest\u00e4miseksi.<\/span><\/p>\n<p data-start=\"157\" data-end=\"432\">\n<\/p><p data-start=\"436\" data-end=\"601\"><span style=\"font-size: 1rem;\">Jos vaihtoa ei voida tehd\u00e4 suoraan, voit aina k\u00e4ytt\u00e4\u00e4 peruuttamisoikeuttasi ja pyyt\u00e4\u00e4 hyvityst\u00e4 voimassa olevien m\u00e4\u00e4r\u00e4ysten mukaisesti ja t\u00e4m\u00e4n k\u00e4yt\u00e4nn\u00f6n kohdassa 1 mainitulla tavalla.<\/span><\/p>\n<p data-start=\"436\" data-end=\"601\">Tuotteiden vaihto on mahdollista kolmen p\u00e4iv\u00e4n kuluessa niiden vastaanottamisesta.<\/p>\n<p><!-- \/wp:paragraph --><!-- wp:paragraph --><\/p>\n<p><strong>4. Palautusprosessi<\/strong><\/p>\n<p><!-- \/wp:paragraph --><!-- wp:paragraph --><\/p>\n<p>Kun ilmoitat meille aikomuksestasi palauttaa tuote, l\u00e4het\u00e4mme sinulle ohjeet tuotteen palauttamiseksi.<\/p>\n<p><!-- \/wp:paragraph --><!-- wp:paragraph --><\/p>\n<p>Palautuskulut sek\u00e4 muut mahdolliset muut asiaankuuluvat maksut, kuten tullimaksut, ovat asiakkaan vastuulla, ellei tuote ole viallinen tai johdu meid\u00e4n virheest\u00e4mme. T\u00e4llaisissa tapauksissa me vastaamme nouto- ja palautuskuluista.<\/p>\n<p><!-- \/wp:paragraph --><!-- wp:paragraph --><\/p>\n<p><strong>5. Hyvitys<\/strong><\/p>\n<p><!-- \/wp:paragraph --><!-- wp:paragraph --><\/p>\n<p>Palautetun tuotteen vastaanottamisen ja tarkastamisen j\u00e4lkeen k\u00e4sittelemme hyvityksen 14 kalenterip\u00e4iv\u00e4n kuluessa. Hyvitys suoritetaan samalla maksutavalla, jota k\u00e4ytettiin ostossa, ellei toisin ole sovittu.<\/p>\n<p><!-- \/wp:paragraph --><!-- wp:paragraph --><\/p>\n<p>Maksutavasta riippuen hyvitys suoritetaan seuraavasti:<\/p>\n<p><!-- \/wp:paragraph --><!-- wp:list --><\/p>\n<ul>\n<li>Pankkikortti: hyvitys linkitetylle tilille.<\/li>\n<li>Bizum: talleta summa liitetylle tilille.<\/li>\n<li>Siirto: palautus tilille, jolta maksu suoritettiin.<\/li>\n<\/ul>\n<p><!-- \/wp:list --><!-- wp:paragraph --><\/p>\n<p><strong>6. Vialliset tuotteet tai virheet tilauksessa<\/strong><\/p>\n<p><!-- \/wp:paragraph --><!-- wp:paragraph --><\/p>\n<p>Jos tuote saapuu viallisena tai tilauksessa on tapahtunut virhe, ota meihin yhteytt\u00e4 mahdollisimman pian. Katamme kaikki toimituskulut ja j\u00e4rjest\u00e4mme hyvityksen tai vaihdon vialliseen tuotteeseen.<\/p>\n<p><!-- \/wp:paragraph --><!-- wp:paragraph --><\/p>\n<p><strong>7. Toimitusehdot<\/strong><\/p>\n<p>Palautukseen tarvittavien toimituskulujen ja tulliselvityksen kustannukset maksaa asiakas.<\/p>\n<p data-start=\"92\" data-end=\"137\"><strong data-start=\"92\" data-end=\"137\">Suositus ennen tilauksen tekemist\u00e4<\/strong><\/p>\n<p data-start=\"139\" data-end=\"351\">Suosittelemme tarkistamaan koot huolellisesti ennen ostop\u00e4\u00e4t\u00f6ksen tekemist\u00e4. On t\u00e4rke\u00e4\u00e4 ottaa mitat ja verrata niit\u00e4 kokotaulukkoomme tai laskuriin, jotta voit valita sopivimman vaihtoehdon.<\/p>\n<p data-start=\"353\" data-end=\"571\">T\u00e4ll\u00e4 tavoin teemme yhteisty\u00f6t\u00e4 v\u00e4ltt\u00e4\u00e4ksemme tarpeettomia vaihtoja tai palautuksia, mik\u00e4 paitsi v\u00e4hent\u00e4\u00e4 asiakkaan toimitus- ja palautuskustannuksia, my\u00f6s auttaa minimoimaan ymp\u00e4rist\u00f6vaikutuksia.<\/p>\n<p><\/p>\n<p data-start=\"573\" data-end=\"615\">Kiitos ymm\u00e4rryksest\u00e4si ja yhteisty\u00f6st\u00e4si.<\/p>\n<p><!-- \/wp:paragraph --><!-- wp:paragraph --><\/p>\n<p>Palautukseen liittyviss\u00e4 pyynn\u00f6iss\u00e4 ota meihin yhteytt\u00e4:<\/p>\n<p><!-- \/wp:paragraph --><!-- wp:list --><\/p>\n<ul>\n<li>Yritys: Pablo Angulo Maspons<\/li>\n<li>V\u00e4kiluku: Vinaroz, Espanja<\/li>\n<li>Puhelin: 613395013<\/li>\n<li>Posti: <a href=\"mailto:info@rosanacl.com\">info@rosanacl.com <\/a><\/li>\n<\/ul>\t\t\t\t\t\t\t\t<\/div>\n\t\t\t\t<\/div>\n\t\t\t\t\t<\/div>\n\t\t\t\t<\/div>\n\t\t\t\t<\/div>","protected":false},"excerpt":{"rendered":"<p>Esta pol\u00edtica de devoluciones fue actualizada por \u00faltima vez el 23\/05\/2025 y se aplica a todas las compras realizadas a trav\u00e9s de nuestra web: https:\/\/rosanacl.com\/ 1. Derecho de desistimiento Tienes derecho a desistir de tu compra dentro de un plazo de 14 d\u00edas naturales desde la recepci\u00f3n del producto, sin necesidad de justificaci\u00f3n. Para ejercer [&hellip;]<\/p>\n","protected":false},"author":1,"featured_media":0,"parent":0,"menu_order":0,"comment_status":"closed","ping_status":"closed","template":"","meta":{"content-type":"","footnotes":""},"class_list":["post-2006","page","type-page","status-publish","hentry"],"yoast_head":"<!-- This site is optimized with the Yoast SEO plugin v27.4 - https:\/\/yoast.com\/product\/yoast-seo-wordpress\/ -->\n<title>Pol\u00edtica de Devoluci\u00f3n - Rosana CL<\/title>\n<meta name=\"robots\" content=\"index, follow, max-snippet:-1, max-image-preview:large, max-video-preview:-1\" \/>\n<link rel=\"canonical\" href=\"https:\/\/rosanacl.com\/fi\/politica-de-devolucion\/\" \/>\n<meta property=\"og:locale\" content=\"fi_FI\" \/>\n<meta property=\"og:type\" content=\"article\" \/>\n<meta property=\"og:title\" content=\"Pol\u00edtica de Devoluci\u00f3n - Rosana CL\" \/>\n<meta property=\"og:description\" content=\"Esta pol\u00edtica de devoluciones fue actualizada por \u00faltima vez el 23\/05\/2025 y se aplica a todas las compras realizadas a trav\u00e9s de nuestra web: https:\/\/rosanacl.com\/ 1. Derecho de desistimiento Tienes derecho a desistir de tu compra dentro de un plazo de 14 d\u00edas naturales desde la recepci\u00f3n del producto, sin necesidad de justificaci\u00f3n. Para ejercer [&hellip;]\" \/>\n<meta property=\"og:url\" content=\"https:\/\/rosanacl.com\/fi\/politica-de-devolucion\/\" \/>\n<meta property=\"og:site_name\" content=\"Rosana CL\" \/>\n<meta property=\"article:modified_time\" content=\"2025-12-14T21:28:46+00:00\" \/>\n<meta name=\"twitter:card\" content=\"summary_large_image\" \/>\n<meta name=\"twitter:label1\" content=\"Arvioitu lukuaika\" \/>\n\t<meta name=\"twitter:data1\" content=\"3 minuuttia\" \/>\n<script type=\"application\/ld+json\" class=\"yoast-schema-graph\">{\"@context\":\"https:\\\/\\\/schema.org\",\"@graph\":[{\"@type\":\"WebPage\",\"@id\":\"https:\\\/\\\/rosanacl.com\\\/politica-de-devolucion\\\/\",\"url\":\"https:\\\/\\\/rosanacl.com\\\/politica-de-devolucion\\\/\",\"name\":\"Pol\u00edtica de Devoluci\u00f3n - Rosana CL\",\"isPartOf\":{\"@id\":\"https:\\\/\\\/rosanacl.com\\\/ca\\\/#website\"},\"datePublished\":\"2025-05-23T06:26:39+00:00\",\"dateModified\":\"2025-12-14T21:28:46+00:00\",\"breadcrumb\":{\"@id\":\"https:\\\/\\\/rosanacl.com\\\/politica-de-devolucion\\\/#breadcrumb\"},\"inLanguage\":\"fi\",\"potentialAction\":[{\"@type\":\"ReadAction\",\"target\":[\"https:\\\/\\\/rosanacl.com\\\/politica-de-devolucion\\\/\"]}]},{\"@type\":\"BreadcrumbList\",\"@id\":\"https:\\\/\\\/rosanacl.com\\\/politica-de-devolucion\\\/#breadcrumb\",\"itemListElement\":[{\"@type\":\"ListItem\",\"position\":1,\"name\":\"Portada\",\"item\":\"https:\\\/\\\/rosanacl.com\\\/ca\\\/\"},{\"@type\":\"ListItem\",\"position\":2,\"name\":\"Pol\u00edtica de Devoluci\u00f3n\"}]},{\"@type\":\"WebSite\",\"@id\":\"https:\\\/\\\/rosanacl.com\\\/ca\\\/#website\",\"url\":\"https:\\\/\\\/rosanacl.com\\\/ca\\\/\",\"name\":\"Rosana CL\",\"description\":\"Somos tu interior\",\"potentialAction\":[{\"@type\":\"SearchAction\",\"target\":{\"@type\":\"EntryPoint\",\"urlTemplate\":\"https:\\\/\\\/rosanacl.com\\\/ca\\\/?s={search_term_string}\"},\"query-input\":{\"@type\":\"PropertyValueSpecification\",\"valueRequired\":true,\"valueName\":\"search_term_string\"}}],\"inLanguage\":\"fi\"}]}<\/script>\n<!-- \/ Yoast SEO plugin. -->","yoast_head_json":{"title":"Pol\u00edtica de Devoluci\u00f3n - Rosana CL","robots":{"index":"index","follow":"follow","max-snippet":"max-snippet:-1","max-image-preview":"max-image-preview:large","max-video-preview":"max-video-preview:-1"},"canonical":"https:\/\/rosanacl.com\/fi\/politica-de-devolucion\/","og_locale":"fi_FI","og_type":"article","og_title":"Pol\u00edtica de Devoluci\u00f3n - Rosana CL","og_description":"Esta pol\u00edtica de devoluciones fue actualizada por \u00faltima vez el 23\/05\/2025 y se aplica a todas las compras realizadas a trav\u00e9s de nuestra web: https:\/\/rosanacl.com\/ 1. Derecho de desistimiento Tienes derecho a desistir de tu compra dentro de un plazo de 14 d\u00edas naturales desde la recepci\u00f3n del producto, sin necesidad de justificaci\u00f3n. Para ejercer [&hellip;]","og_url":"https:\/\/rosanacl.com\/fi\/politica-de-devolucion\/","og_site_name":"Rosana CL","article_modified_time":"2025-12-14T21:28:46+00:00","twitter_card":"summary_large_image","twitter_misc":{"Arvioitu lukuaika":"3 minuuttia"},"schema":{"@context":"https:\/\/schema.org","@graph":[{"@type":"WebPage","@id":"https:\/\/rosanacl.com\/politica-de-devolucion\/","url":"https:\/\/rosanacl.com\/politica-de-devolucion\/","name":"Pol\u00edtica de Devoluci\u00f3n - Rosana CL","isPartOf":{"@id":"https:\/\/rosanacl.com\/ca\/#website"},"datePublished":"2025-05-23T06:26:39+00:00","dateModified":"2025-12-14T21:28:46+00:00","breadcrumb":{"@id":"https:\/\/rosanacl.com\/politica-de-devolucion\/#breadcrumb"},"inLanguage":"fi","potentialAction":[{"@type":"ReadAction","target":["https:\/\/rosanacl.com\/politica-de-devolucion\/"]}]},{"@type":"BreadcrumbList","@id":"https:\/\/rosanacl.com\/politica-de-devolucion\/#breadcrumb","itemListElement":[{"@type":"ListItem","position":1,"name":"Portada","item":"https:\/\/rosanacl.com\/ca\/"},{"@type":"ListItem","position":2,"name":"Pol\u00edtica de Devoluci\u00f3n"}]},{"@type":"WebSite","@id":"https:\/\/rosanacl.com\/ca\/#website","url":"https:\/\/rosanacl.com\/ca\/","name":"Rosana CL","description":"Me olemme sisustuksesi","potentialAction":[{"@type":"SearchAction","target":{"@type":"EntryPoint","urlTemplate":"https:\/\/rosanacl.com\/ca\/?s={search_term_string}"},"query-input":{"@type":"PropertyValueSpecification","valueRequired":true,"valueName":"search_term_string"}}],"inLanguage":"fi"}]}},"_links":{"self":[{"href":"https:\/\/rosanacl.com\/fi\/wp-json\/wp\/v2\/pages\/2006","targetHints":{"allow":["GET"]}}],"collection":[{"href":"https:\/\/rosanacl.com\/fi\/wp-json\/wp\/v2\/pages"}],"about":[{"href":"https:\/\/rosanacl.com\/fi\/wp-json\/wp\/v2\/types\/page"}],"author":[{"embeddable":true,"href":"https:\/\/rosanacl.com\/fi\/wp-json\/wp\/v2\/users\/1"}],"replies":[{"embeddable":true,"href":"https:\/\/rosanacl.com\/fi\/wp-json\/wp\/v2\/comments?post=2006"}],"version-history":[{"count":5,"href":"https:\/\/rosanacl.com\/fi\/wp-json\/wp\/v2\/pages\/2006\/revisions"}],"predecessor-version":[{"id":4262,"href":"https:\/\/rosanacl.com\/fi\/wp-json\/wp\/v2\/pages\/2006\/revisions\/4262"}],"wp:attachment":[{"href":"https:\/\/rosanacl.com\/fi\/wp-json\/wp\/v2\/media?parent=2006"}],"curies":[{"name":"wp","href":"https:\/\/api.w.org\/{rel}","templated":true}]}}