{"id":2566,"date":"2025-07-01T12:13:48","date_gmt":"2025-07-01T10:13:48","guid":{"rendered":"https:\/\/rosanacl.com\/?page_id=2566"},"modified":"2025-12-14T20:43:04","modified_gmt":"2025-12-14T19:43:04","slug":"politica-de-envio","status":"publish","type":"page","link":"https:\/\/rosanacl.com\/fi\/politica-de-envio\/","title":{"rendered":"Toimitusk\u00e4yt\u00e4nt\u00f6"},"content":{"rendered":"<div data-elementor-type=\"wp-page\" data-elementor-id=\"2566\" class=\"elementor elementor-2566\" data-elementor-post-type=\"page\">\n\t\t\t\t<div class=\"elementor-element elementor-element-7a0b207 e-flex e-con-boxed e-con e-parent\" data-id=\"7a0b207\" data-element_type=\"container\" data-e-type=\"container\" data-settings=\"{&quot;background_background&quot;:&quot;classic&quot;}\">\n\t\t\t\t\t<div class=\"e-con-inner\">\n\t\t<div class=\"elementor-element elementor-element-2fcf4bc e-con-full e-flex e-con e-child\" data-id=\"2fcf4bc\" data-element_type=\"container\" data-e-type=\"container\">\n\t\t\t\t<div class=\"elementor-element elementor-element-d10b990 elementor-widget elementor-widget-heading\" data-id=\"d10b990\" data-element_type=\"widget\" data-e-type=\"widget\" data-widget_type=\"heading.default\">\n\t\t\t\t<div class=\"elementor-widget-container\">\n\t\t\t\t\t<h2 class=\"elementor-heading-title elementor-size-default\">Toimitusk\u00e4yt\u00e4nt\u00f6<\/h2>\t\t\t\t<\/div>\n\t\t\t\t<\/div>\n\t\t\t\t<\/div>\n\t\t\t\t\t<\/div>\n\t\t\t\t<\/div>\n\t\t<div class=\"elementor-element elementor-element-eca30f2 e-flex e-con-boxed e-con e-parent\" data-id=\"eca30f2\" data-element_type=\"container\" data-e-type=\"container\">\n\t\t\t\t\t<div class=\"e-con-inner\">\n\t\t\t\t<div class=\"elementor-element elementor-element-8328658 elementor-widget elementor-widget-text-editor\" data-id=\"8328658\" data-element_type=\"widget\" data-e-type=\"widget\" data-widget_type=\"text-editor.default\">\n\t\t\t\t<div class=\"elementor-widget-container\">\n\t\t\t\t\t\t\t\t\t<p>T\u00e4m\u00e4 toimitusk\u00e4yt\u00e4nt\u00f6 on viimeksi p\u00e4ivitetty 01.07.2025 ja koskee kaikkia verkkosivustomme kautta tehtyj\u00e4 ostoksia: <a href=\"https:\/\/rosanacl.com\/fi\/\">https:\/\/rosanacl.com\/<\/a><\/p>\n<p><!-- \/wp:paragraph --><!-- wp:paragraph --><\/p>\n<p data-start=\"261\" data-end=\"494\">Sis\u00e4\u00e4n <strong data-start=\"264\" data-end=\"277\">Rosana CL<\/strong> Olemme sitoutuneet varmistamaan, ett\u00e4 ostokokemuksesi on turvallinen, selke\u00e4 ja tyydytt\u00e4v\u00e4 siit\u00e4 hetkest\u00e4 l\u00e4htien, kun vastaanotat tilauksesi. Alla selit\u00e4mme kaiken, mit\u00e4 sinun tarvitsee tiet\u00e4\u00e4 toimituksestamme:<\/p>\n<p data-start=\"105\" data-end=\"384\"><strong data-start=\"105\" data-end=\"131\">1. Toimitus maailmanlaajuisesti<\/strong><br data-start=\"131\" data-end=\"134\">Toimitamme kansainv\u00e4lisesti k\u00e4yt\u00e4nn\u00f6ss\u00e4 mihin tahansa maahan. Voit tehd\u00e4 tilauksesi t\u00e4ysin luottavaisin mielin miss\u00e4 tahansa oletkin. Teemme yhteisty\u00f6t\u00e4 luotettavien logistiikkapalveluntarjoajien kanssa varmistaaksemme, ett\u00e4 tuotteesi saapuvat ajoissa.<\/p>\n<p>Rosana Cl:ll\u00e4 k\u00e4sittelemme jokaisen tilauksen huolellisesti ja ammattitaitoisesti. Siksi teemme yhteisty\u00f6t\u00e4 MBE:n (Mail Boxes Etc.) kanssa, logistiikkayrityksen kanssa, jolla on 2 800 keskusta 52 maassa. T\u00e4m\u00e4 mahdollistaa turvallisen ja tehokkaan toimituksen sek\u00e4 kotimaassa ett\u00e4 kansainv\u00e4lisesti. Tilaukset toimittavat hyv\u00e4maineiset kuljetusliikkeet, kuten:<\/p>\n<ul>\n<li>UPS-laite<\/li>\n<li>SEUR<\/li>\n<li>TNT<\/li>\n<li>FEDEX<\/li>\n<li>CORREOS EXPRESS<\/li>\n<li>Jne\u2026<\/li>\n<\/ul>\n<p>Kaikki tuotteemme saapuvat turvallisesti ja nopeasti. T\u00e4m\u00e4 varmistaa huolellisen ja tehokkaan toimitusprosessin, joka on suunniteltu tarjoamaan asiakkaillemme parhaan mahdollisen kokemuksen.<\/p>\n<p data-start=\"105\" data-end=\"384\"><strong data-start=\"389\" data-end=\"417\">2. Tilauksen k\u00e4sittely<\/strong><\/p>\n<p>Kaikki tilaukset k\u00e4sitell\u00e4\u00e4n, kun maksu on vahvistettu.<br data-start=\"520\" data-end=\"523\"><strong data-start=\"523\" data-end=\"643\">Jos tilaus tehd\u00e4\u00e4n aamulla, se l\u00e4hetet\u00e4\u00e4n iltap\u00e4iv\u00e4ll\u00e4. Jos tilaus tehd\u00e4\u00e4n iltap\u00e4iv\u00e4ll\u00e4, se l\u00e4hetet\u00e4\u00e4n seuraavana p\u00e4iv\u00e4n\u00e4.<\/strong><br data-start=\"643\" data-end=\"646\">Kampanjoiden, alennusmyyntien tai muiden erikoistapahtumien aikana k\u00e4sittelyajat voivat olla hieman pidempi\u00e4, mutta pid\u00e4mme sinut aina ajan tasalla.<\/p>\n<p data-start=\"809\" data-end=\"1090\"><strong data-start=\"809\" data-end=\"845\">3. Seurantanumero<\/strong><br data-start=\"845\" data-end=\"848\">Kun tilauksesi on l\u00e4hetetty, l\u00e4het\u00e4mme sinulle seurantanumeron s\u00e4hk\u00f6postitse tai ostohetkell\u00e4 k\u00e4ytt\u00e4m\u00e4\u00e4si viestint\u00e4kanavaa k\u00e4ytt\u00e4en.<br data-start=\"1014\" data-end=\"1017\">Voit seurata l\u00e4hetyksesi tilaa milloin tahansa, kunnes vastaanotat sen.<\/p>\n<p data-start=\"809\" data-end=\"1090\"><strong data-start=\"1095\" data-end=\"1127\">4. Arvioidut toimitusajat<\/strong><\/p>\n<p data-start=\"1095\" data-end=\"1291\">Toimitusajat voivat vaihdella kohdemaan, valitun toimitustavan ja muiden ulkoisten tekij\u00f6iden (s\u00e4\u00e4, tulli jne.) mukaan. Tiedoksi:<\/p>\n<ul data-start=\"1293\" data-end=\"1530\">\n<li data-start=\"1293\" data-end=\"1342\">\n<p data-start=\"1295\" data-end=\"1342\">Kotimaan toimitus: <strong data-start=\"1314\" data-end=\"1340\">24\u201348 aukioloaikaa.<\/strong><\/p>\n<\/li>\n<li data-start=\"1343\" data-end=\"1434\">\n<p data-start=\"1345\" data-end=\"1434\">Kansainv\u00e4liset toimitukset Euroopan sis\u00e4ll\u00e4: <strong data-start=\"1386\" data-end=\"1408\">4\u20136 arkip\u00e4iv\u00e4\u00e4<\/strong>, maitse tai ilmateitse.<\/p>\n<\/li>\n<li data-start=\"1435\" data-end=\"1530\">\n<p data-start=\"1437\" data-end=\"1530\">Kansainv\u00e4liset toimitukset Euroopan ulkopuolelle (muu maailma): <strong data-start=\"1495\" data-end=\"1518\">8\u201310 arkip\u00e4iv\u00e4\u00e4<\/strong>, hengitystiet.<\/p>\n<\/li>\n<\/ul>\n<p>Toimituspalveluun kuuluu kaksi toimitusyrityst\u00e4 p\u00e4iv\u00e4n aikana tai seuraavana p\u00e4iv\u00e4n\u00e4. Jos toimitusta ei voida suorittaa puuttuvien tai virheellisten tietojen tai vastaanottajan poissaolon vuoksi, kolmas toimitus tehd\u00e4\u00e4n l\u00e4himp\u00e4\u00e4n noutopisteeseen.<\/p>\n<p>Jos asiakas ei nouda tuotetta 10 p\u00e4iv\u00e4n kuluessa, paketti palautetaan yhteisty\u00f6kumppanimme varastolle Rosana CL:lle, joka v\u00e4hent\u00e4\u00e4 palautuksesta aiheutuneet toimituskulut.&nbsp;<\/p>\n<p data-start=\"1437\" data-end=\"1530\"><strong>5. Toimituskulut<\/strong><\/p>\n<p data-start=\"1535\" data-end=\"1779\">Toimituskulut lasketaan kassalla toimitusosoitteen ja paketin painon perusteella. Erityistilanteissa tarjoamme ilmaisen toimituksen tiettyihin maihin tai tietyn summan ylitt\u00e4ville tilauksille.<\/p>\n<p data-start=\"1535\" data-end=\"1779\">Yli 59 euron tilauksille toimitus on ilmainen, vain Manner-Suomeen.<\/p>\n<p data-start=\"1535\" data-end=\"1779\">Jos tilaus vaatii tullausta, mahdolliset lis\u00e4verot, tullit tai maksut ovat asiakkaan vastuulla.&nbsp;<\/p>\n<p><strong data-start=\"1784\" data-end=\"1815\">6. Tullit ja paikalliset verot<\/strong><br data-start=\"1815\" data-end=\"1818\">Kansainv\u00e4lisiss\u00e4 toimituksissa jotkut maat saattavat peri\u00e4 veroja tai tulleja. N\u00e4m\u00e4 maksut ovat asiakkaan vastuulla, eiv\u00e4tk\u00e4 ne sis\u00e4lly tuotteen hintaan tai toimituskuluihin.<\/p>\n<p data-start=\"1784\" data-end=\"2026\"><strong data-start=\"2031\" data-end=\"2059\">7. Toimitusongelmat<\/strong><\/p>\n<p>Jos pakettisi on viiv\u00e4stynyt tai siin\u00e4 on ongelmia, voit ottaa meihin suoraan yhteytt\u00e4, niin autamme sinua ratkaisemaan asian mahdollisimman nopeasti.<\/p>\n<p>Jos sinulla on kysytt\u00e4v\u00e4\u00e4 tai tarvitset apua l\u00e4hetyksesi kanssa, ota rohkeasti yhteytt\u00e4 yhteydenottolomakkeemme kautta tai s\u00e4hk\u00f6postitse: &nbsp;<a href=\"mailto:info@rosanacl.com\">info@rosanacl.com<\/a><br data-start=\"2620\" data-end=\"2623\">Kiitos luottamuksestasi <strong data-start=\"2646\" data-end=\"2659\">Rosana CL<\/strong>.<\/p>\n<h4><b>HUOMAUTUS: Ilmoitamme asiakkaillemme, ett\u00e4 toimittajayrityksemme lomakauden vuoksi toimituksissa ja varastosaatavuudessa voi olla viiveit\u00e4 elokuussa.<\/b><\/h4>\t\t\t\t\t\t\t\t<\/div>\n\t\t\t\t<\/div>\n\t\t\t\t\t<\/div>\n\t\t\t\t<\/div>\n\t\t\t\t<\/div>","protected":false},"excerpt":{"rendered":"<p>Esta pol\u00edtica de env\u00edos fue actualizada por \u00faltima vez el 01\/07\/2025 y se aplica a todas las compras realizadas a trav\u00e9s de nuestra web: https:\/\/rosanacl.com\/ En Rosana CL nos comprometemos a que tu experiencia de compra sea segura, clara y satisfactoria desde el primer momento hasta que recibas tu pedido. A continuaci\u00f3n, te explicamos todo [&hellip;]<\/p>\n","protected":false},"author":1,"featured_media":0,"parent":0,"menu_order":0,"comment_status":"closed","ping_status":"closed","template":"","meta":{"content-type":"","footnotes":""},"class_list":["post-2566","page","type-page","status-publish","hentry"],"yoast_head":"<!-- This site is optimized with the Yoast SEO plugin v27.4 - https:\/\/yoast.com\/product\/yoast-seo-wordpress\/ -->\n<title>Pol\u00edtica de Env\u00edo - Rosana CL<\/title>\n<meta name=\"robots\" content=\"index, follow, max-snippet:-1, max-image-preview:large, max-video-preview:-1\" \/>\n<link rel=\"canonical\" href=\"https:\/\/rosanacl.com\/fi\/politica-de-envio\/\" \/>\n<meta property=\"og:locale\" content=\"fi_FI\" \/>\n<meta property=\"og:type\" content=\"article\" \/>\n<meta property=\"og:title\" content=\"Pol\u00edtica de Env\u00edo - Rosana CL\" \/>\n<meta property=\"og:description\" content=\"Esta pol\u00edtica de env\u00edos fue actualizada por \u00faltima vez el 01\/07\/2025 y se aplica a todas las compras realizadas a trav\u00e9s de nuestra web: https:\/\/rosanacl.com\/ En Rosana CL nos comprometemos a que tu experiencia de compra sea segura, clara y satisfactoria desde el primer momento hasta que recibas tu pedido. A continuaci\u00f3n, te explicamos todo [&hellip;]\" \/>\n<meta property=\"og:url\" content=\"https:\/\/rosanacl.com\/fi\/politica-de-envio\/\" \/>\n<meta property=\"og:site_name\" content=\"Rosana CL\" \/>\n<meta property=\"article:modified_time\" content=\"2025-12-14T19:43:04+00:00\" \/>\n<meta name=\"twitter:card\" content=\"summary_large_image\" \/>\n<meta name=\"twitter:label1\" content=\"Arvioitu lukuaika\" \/>\n\t<meta name=\"twitter:data1\" content=\"4 minuuttia\" \/>\n<script type=\"application\/ld+json\" class=\"yoast-schema-graph\">{\"@context\":\"https:\\\/\\\/schema.org\",\"@graph\":[{\"@type\":\"WebPage\",\"@id\":\"https:\\\/\\\/rosanacl.com\\\/uk\\\/politica-de-envio\\\/\",\"url\":\"https:\\\/\\\/rosanacl.com\\\/uk\\\/politica-de-envio\\\/\",\"name\":\"Pol\u00edtica de Env\u00edo - Rosana CL\",\"isPartOf\":{\"@id\":\"https:\\\/\\\/rosanacl.com\\\/ca\\\/#website\"},\"datePublished\":\"2025-07-01T10:13:48+00:00\",\"dateModified\":\"2025-12-14T19:43:04+00:00\",\"breadcrumb\":{\"@id\":\"https:\\\/\\\/rosanacl.com\\\/uk\\\/politica-de-envio\\\/#breadcrumb\"},\"inLanguage\":\"fi\",\"potentialAction\":[{\"@type\":\"ReadAction\",\"target\":[\"https:\\\/\\\/rosanacl.com\\\/uk\\\/politica-de-envio\\\/\"]}]},{\"@type\":\"BreadcrumbList\",\"@id\":\"https:\\\/\\\/rosanacl.com\\\/uk\\\/politica-de-envio\\\/#breadcrumb\",\"itemListElement\":[{\"@type\":\"ListItem\",\"position\":1,\"name\":\"Portada\",\"item\":\"https:\\\/\\\/rosanacl.com\\\/ca\\\/\"},{\"@type\":\"ListItem\",\"position\":2,\"name\":\"Pol\u00edtica de Env\u00edo\"}]},{\"@type\":\"WebSite\",\"@id\":\"https:\\\/\\\/rosanacl.com\\\/ca\\\/#website\",\"url\":\"https:\\\/\\\/rosanacl.com\\\/ca\\\/\",\"name\":\"Rosana CL\",\"description\":\"Somos tu interior\",\"potentialAction\":[{\"@type\":\"SearchAction\",\"target\":{\"@type\":\"EntryPoint\",\"urlTemplate\":\"https:\\\/\\\/rosanacl.com\\\/ca\\\/?s={search_term_string}\"},\"query-input\":{\"@type\":\"PropertyValueSpecification\",\"valueRequired\":true,\"valueName\":\"search_term_string\"}}],\"inLanguage\":\"fi\"}]}<\/script>\n<!-- \/ Yoast SEO plugin. -->","yoast_head_json":{"title":"Pol\u00edtica de Env\u00edo - Rosana CL","robots":{"index":"index","follow":"follow","max-snippet":"max-snippet:-1","max-image-preview":"max-image-preview:large","max-video-preview":"max-video-preview:-1"},"canonical":"https:\/\/rosanacl.com\/fi\/politica-de-envio\/","og_locale":"fi_FI","og_type":"article","og_title":"Pol\u00edtica de Env\u00edo - Rosana CL","og_description":"Esta pol\u00edtica de env\u00edos fue actualizada por \u00faltima vez el 01\/07\/2025 y se aplica a todas las compras realizadas a trav\u00e9s de nuestra web: https:\/\/rosanacl.com\/ En Rosana CL nos comprometemos a que tu experiencia de compra sea segura, clara y satisfactoria desde el primer momento hasta que recibas tu pedido. A continuaci\u00f3n, te explicamos todo [&hellip;]","og_url":"https:\/\/rosanacl.com\/fi\/politica-de-envio\/","og_site_name":"Rosana CL","article_modified_time":"2025-12-14T19:43:04+00:00","twitter_card":"summary_large_image","twitter_misc":{"Arvioitu lukuaika":"4 minuuttia"},"schema":{"@context":"https:\/\/schema.org","@graph":[{"@type":"WebPage","@id":"https:\/\/rosanacl.com\/uk\/politica-de-envio\/","url":"https:\/\/rosanacl.com\/uk\/politica-de-envio\/","name":"Pol\u00edtica de Env\u00edo - Rosana CL","isPartOf":{"@id":"https:\/\/rosanacl.com\/ca\/#website"},"datePublished":"2025-07-01T10:13:48+00:00","dateModified":"2025-12-14T19:43:04+00:00","breadcrumb":{"@id":"https:\/\/rosanacl.com\/uk\/politica-de-envio\/#breadcrumb"},"inLanguage":"fi","potentialAction":[{"@type":"ReadAction","target":["https:\/\/rosanacl.com\/uk\/politica-de-envio\/"]}]},{"@type":"BreadcrumbList","@id":"https:\/\/rosanacl.com\/uk\/politica-de-envio\/#breadcrumb","itemListElement":[{"@type":"ListItem","position":1,"name":"Portada","item":"https:\/\/rosanacl.com\/ca\/"},{"@type":"ListItem","position":2,"name":"Pol\u00edtica de Env\u00edo"}]},{"@type":"WebSite","@id":"https:\/\/rosanacl.com\/ca\/#website","url":"https:\/\/rosanacl.com\/ca\/","name":"Rosana CL","description":"Me olemme sisustuksesi","potentialAction":[{"@type":"SearchAction","target":{"@type":"EntryPoint","urlTemplate":"https:\/\/rosanacl.com\/ca\/?s={search_term_string}"},"query-input":{"@type":"PropertyValueSpecification","valueRequired":true,"valueName":"search_term_string"}}],"inLanguage":"fi"}]}},"_links":{"self":[{"href":"https:\/\/rosanacl.com\/fi\/wp-json\/wp\/v2\/pages\/2566","targetHints":{"allow":["GET"]}}],"collection":[{"href":"https:\/\/rosanacl.com\/fi\/wp-json\/wp\/v2\/pages"}],"about":[{"href":"https:\/\/rosanacl.com\/fi\/wp-json\/wp\/v2\/types\/page"}],"author":[{"embeddable":true,"href":"https:\/\/rosanacl.com\/fi\/wp-json\/wp\/v2\/users\/1"}],"replies":[{"embeddable":true,"href":"https:\/\/rosanacl.com\/fi\/wp-json\/wp\/v2\/comments?post=2566"}],"version-history":[{"count":6,"href":"https:\/\/rosanacl.com\/fi\/wp-json\/wp\/v2\/pages\/2566\/revisions"}],"predecessor-version":[{"id":4647,"href":"https:\/\/rosanacl.com\/fi\/wp-json\/wp\/v2\/pages\/2566\/revisions\/4647"}],"wp:attachment":[{"href":"https:\/\/rosanacl.com\/fi\/wp-json\/wp\/v2\/media?parent=2566"}],"curies":[{"name":"wp","href":"https:\/\/api.w.org\/{rel}","templated":true}]}}