{"id":2668,"date":"2025-07-09T09:55:57","date_gmt":"2025-07-09T07:55:57","guid":{"rendered":"https:\/\/rosanacl.com\/?page_id=2668"},"modified":"2025-07-11T11:06:31","modified_gmt":"2025-07-11T09:06:31","slug":"metodos-de-pago","status":"publish","type":"page","link":"https:\/\/rosanacl.com\/fi\/metodos-de-pago\/","title":{"rendered":"Maksutavat"},"content":{"rendered":"<div data-elementor-type=\"wp-page\" data-elementor-id=\"2668\" class=\"elementor elementor-2668\" data-elementor-post-type=\"page\">\n\t\t\t\t<div class=\"elementor-element elementor-element-7a0b207 e-flex e-con-boxed e-con e-parent\" data-id=\"7a0b207\" data-element_type=\"container\" data-e-type=\"container\" data-settings=\"{&quot;background_background&quot;:&quot;classic&quot;}\">\n\t\t\t\t\t<div class=\"e-con-inner\">\n\t\t<div class=\"elementor-element elementor-element-2fcf4bc e-con-full e-flex e-con e-child\" data-id=\"2fcf4bc\" data-element_type=\"container\" data-e-type=\"container\">\n\t\t\t\t<div class=\"elementor-element elementor-element-d10b990 elementor-widget elementor-widget-heading\" data-id=\"d10b990\" data-element_type=\"widget\" data-e-type=\"widget\" data-widget_type=\"heading.default\">\n\t\t\t\t<div class=\"elementor-widget-container\">\n\t\t\t\t\t<h2 class=\"elementor-heading-title elementor-size-default\">Maksutavat<\/h2>\t\t\t\t<\/div>\n\t\t\t\t<\/div>\n\t\t\t\t<\/div>\n\t\t\t\t\t<\/div>\n\t\t\t\t<\/div>\n\t\t<div class=\"elementor-element elementor-element-eca30f2 e-flex e-con-boxed e-con e-parent\" data-id=\"eca30f2\" data-element_type=\"container\" data-e-type=\"container\">\n\t\t\t\t\t<div class=\"e-con-inner\">\n\t\t\t\t<div class=\"elementor-element elementor-element-8328658 elementor-widget elementor-widget-text-editor\" data-id=\"8328658\" data-element_type=\"widget\" data-e-type=\"widget\" data-widget_type=\"text-editor.default\">\n\t\t\t\t<div class=\"elementor-widget-container\">\n\t\t\t\t\t\t\t\t\t<div><p><strong>Maksutavat<\/strong><\/p><p data-start=\"194\" data-end=\"355\">Rosana CL:ll\u00e4 olemme sitoutuneet tarjoamaan sinulle turvallisen, nopean ja k\u00e4tev\u00e4n ostokokemuksen. T\u00e4t\u00e4 varten tarjoamme seuraavat maksutavat:<\/p><p data-start=\"357\" data-end=\"405\"><strong>1. Luotto- tai pankkikortti (virtuaalinen kassaj\u00e4rjestelm\u00e4)<\/strong><\/p><p data-start=\"406\" data-end=\"545\">Voit suorittaa maksusi turvallisesti maksuyhdysk\u00e4yt\u00e4v\u00e4mme (virtuaalinen kassaj\u00e4rjestelm\u00e4) kautta. Hyv\u00e4ksymme useimmat kortit, mukaan lukien:<\/p><ul data-start=\"547\" data-end=\"633\"><li data-start=\"547\" data-end=\"555\"><p data-start=\"549\" data-end=\"555\">Visa<\/p><\/li><li data-start=\"556\" data-end=\"570\"><p data-start=\"558\" data-end=\"570\">Mastercard<\/p><\/li><li data-start=\"571\" data-end=\"582\"><p data-start=\"573\" data-end=\"582\">Opettaja<\/p><\/li><li data-start=\"583\" data-end=\"633\"><p data-start=\"585\" data-end=\"633\">American Express<\/p><\/li><\/ul><p data-start=\"585\" data-end=\"633\">Kaikki maksutapahtumat tehd\u00e4\u00e4n suojatun yhteyden (SSL) kautta, emmek\u00e4 koskaan tallenna korttitietojasi.<\/p><p data-start=\"765\" data-end=\"777\"><strong>2. Bizum<\/strong><\/p><p data-start=\"778\" data-end=\"899\">Voit maksaa k\u00e4tev\u00e4sti my\u00f6s matkapuhelimellasi Bizumilla. Sinun tarvitsee vain aktivoida Bizum pankkisovelluksessasi.<\/p><p data-start=\"901\" data-end=\"927\"><strong data-start=\"901\" data-end=\"927\">Miten maksaa Bizum-kortilla?<\/strong><\/p><ol data-start=\"928\" data-end=\"1087\"><li data-start=\"928\" data-end=\"982\"><p data-start=\"931\" data-end=\"982\">Valitse &quot;Maksa Bizum-palvelulla&quot; tilausta tehdess\u00e4si.<\/p><\/li><li data-start=\"983\" data-end=\"1035\"><p data-start=\"986\" data-end=\"1035\">Sy\u00f6t\u00e4 Bizumiin liittyv\u00e4 puhelinnumerosi.<\/p><\/li><li data-start=\"1036\" data-end=\"1087\"><p data-start=\"1039\" data-end=\"1087\">Vahvista tapahtuma pankkisovelluksesi kautta.<\/p><\/li><\/ol><p data-start=\"1089\" data-end=\"1142\">Se on nopea, turvallinen ja palkkioton tapa sinulle.<\/p><p data-start=\"1089\" data-end=\"1142\"><strong>3. Pankkisiirto<\/strong><\/p><p data-start=\"1007\" data-end=\"1090\">Voit maksaa my\u00f6s tilisiirrolla tai suoraan tilillesi.<\/p><p data-start=\"1092\" data-end=\"1110\"><strong data-start=\"1092\" data-end=\"1110\">Miten se tehd\u00e4\u00e4n?<\/strong><\/p><ol data-start=\"1111\" data-end=\"1413\"><li data-start=\"1111\" data-end=\"1216\"><p data-start=\"1114\" data-end=\"1216\">Valitsemalla t\u00e4m\u00e4n vaihtoehdon saat pankkitietomme tilausvahvistuksen mukana.<\/p><\/li><li data-start=\"1217\" data-end=\"1295\"><p data-start=\"1220\" data-end=\"1295\">Kirjoita tilausnumerosi otsikkoriville tunnistamisen helpottamiseksi.<\/p><\/li><li data-start=\"1296\" data-end=\"1413\"><p data-start=\"1299\" data-end=\"1413\">Tilaus k\u00e4sitell\u00e4\u00e4n, kun summa on vastaanotettu tilille (t\u00e4m\u00e4 voi kest\u00e4\u00e4 24\u201372 tuntia maksulaitoksesta riippuen).<\/p><\/li><\/ol><p data-start=\"1415\" data-end=\"1514\"><em data-start=\"1415\" data-end=\"1514\">Huomioithan, ett\u00e4 toimitusajat alkavat maksun vahvistamisesta.<\/em><\/p><p data-start=\"1149\" data-end=\"1178\">\u00a0<\/p><p data-start=\"1149\" data-end=\"1178\"><strong>Maksuturvallisuus<\/strong><\/p><p data-start=\"1179\" data-end=\"1391\">Rosana CL:ll\u00e4 k\u00e4yt\u00e4mme edistyneit\u00e4 tietoturvaprotokollia tietojesi suojaamiseen. Kaikki maksutiedot salataan ja sertifioitujen pankkiyksik\u00f6iden k\u00e4sittelem\u00e4t tiedot takaavat 100 % turvallisen ostoksen.<\/p><p data-start=\"1398\" data-end=\"1586\">Jos tarvitset lis\u00e4tietoja tai sinulla on kysytt\u00e4v\u00e4\u00e4 maksutavoista, \u00e4l\u00e4 ep\u00e4r\u00f6i kirjoittaa meille osoitteeseen <a href=\"mailto:info@rosanacl.com\">info@rosanacl.com<\/a> tai yhteydenottolomakkeemme kautta.<\/p><\/div>\t\t\t\t\t\t\t\t<\/div>\n\t\t\t\t<\/div>\n\t\t\t\t\t<\/div>\n\t\t\t\t<\/div>\n\t\t\t\t<\/div>","protected":false},"excerpt":{"rendered":"<p>M\u00e9todos de Pago En Rosana CL nos comprometemos a ofrecerte una experiencia de compra segura, r\u00e1pida y c\u00f3moda. Para ello, ponemos a tu disposici\u00f3n los siguientes m\u00e9todos de pago: 1. Tarjeta de Cr\u00e9dito o D\u00e9bito (TPV Virtual) Puedes realizar tus pagos de forma segura a trav\u00e9s de nuestra pasarela de pago (TPV Virtual). Aceptamos la [&hellip;]<\/p>\n","protected":false},"author":1,"featured_media":0,"parent":0,"menu_order":0,"comment_status":"closed","ping_status":"closed","template":"","meta":{"content-type":"","footnotes":""},"class_list":["post-2668","page","type-page","status-publish","hentry"],"yoast_head":"<!-- This site is optimized with the Yoast SEO plugin v27.4 - https:\/\/yoast.com\/product\/yoast-seo-wordpress\/ -->\n<title>M\u00e9todos de Pago - Rosana CL<\/title>\n<meta name=\"robots\" content=\"index, follow, max-snippet:-1, max-image-preview:large, max-video-preview:-1\" \/>\n<link rel=\"canonical\" href=\"https:\/\/rosanacl.com\/fi\/metodos-de-pago\/\" \/>\n<meta property=\"og:locale\" content=\"fi_FI\" \/>\n<meta property=\"og:type\" content=\"article\" \/>\n<meta property=\"og:title\" content=\"M\u00e9todos de Pago - Rosana CL\" \/>\n<meta property=\"og:description\" content=\"M\u00e9todos de Pago En Rosana CL nos comprometemos a ofrecerte una experiencia de compra segura, r\u00e1pida y c\u00f3moda. Para ello, ponemos a tu disposici\u00f3n los siguientes m\u00e9todos de pago: 1. Tarjeta de Cr\u00e9dito o D\u00e9bito (TPV Virtual) Puedes realizar tus pagos de forma segura a trav\u00e9s de nuestra pasarela de pago (TPV Virtual). Aceptamos la [&hellip;]\" \/>\n<meta property=\"og:url\" content=\"https:\/\/rosanacl.com\/fi\/metodos-de-pago\/\" \/>\n<meta property=\"og:site_name\" content=\"Rosana CL\" \/>\n<meta property=\"article:modified_time\" content=\"2025-07-11T09:06:31+00:00\" \/>\n<meta name=\"twitter:card\" content=\"summary_large_image\" \/>\n<meta name=\"twitter:label1\" content=\"Arvioitu lukuaika\" \/>\n\t<meta name=\"twitter:data1\" content=\"2 minuuttia\" \/>\n<script type=\"application\/ld+json\" class=\"yoast-schema-graph\">{\"@context\":\"https:\\\/\\\/schema.org\",\"@graph\":[{\"@type\":\"WebPage\",\"@id\":\"https:\\\/\\\/rosanacl.com\\\/gl\\\/metodos-de-pago\\\/\",\"url\":\"https:\\\/\\\/rosanacl.com\\\/gl\\\/metodos-de-pago\\\/\",\"name\":\"M\u00e9todos de Pago - Rosana CL\",\"isPartOf\":{\"@id\":\"https:\\\/\\\/rosanacl.com\\\/ca\\\/#website\"},\"datePublished\":\"2025-07-09T07:55:57+00:00\",\"dateModified\":\"2025-07-11T09:06:31+00:00\",\"breadcrumb\":{\"@id\":\"https:\\\/\\\/rosanacl.com\\\/gl\\\/metodos-de-pago\\\/#breadcrumb\"},\"inLanguage\":\"fi\",\"potentialAction\":[{\"@type\":\"ReadAction\",\"target\":[\"https:\\\/\\\/rosanacl.com\\\/gl\\\/metodos-de-pago\\\/\"]}]},{\"@type\":\"BreadcrumbList\",\"@id\":\"https:\\\/\\\/rosanacl.com\\\/gl\\\/metodos-de-pago\\\/#breadcrumb\",\"itemListElement\":[{\"@type\":\"ListItem\",\"position\":1,\"name\":\"Portada\",\"item\":\"https:\\\/\\\/rosanacl.com\\\/ca\\\/\"},{\"@type\":\"ListItem\",\"position\":2,\"name\":\"M\u00e9todos de Pago\"}]},{\"@type\":\"WebSite\",\"@id\":\"https:\\\/\\\/rosanacl.com\\\/ca\\\/#website\",\"url\":\"https:\\\/\\\/rosanacl.com\\\/ca\\\/\",\"name\":\"Rosana CL\",\"description\":\"Somos tu interior\",\"potentialAction\":[{\"@type\":\"SearchAction\",\"target\":{\"@type\":\"EntryPoint\",\"urlTemplate\":\"https:\\\/\\\/rosanacl.com\\\/ca\\\/?s={search_term_string}\"},\"query-input\":{\"@type\":\"PropertyValueSpecification\",\"valueRequired\":true,\"valueName\":\"search_term_string\"}}],\"inLanguage\":\"fi\"}]}<\/script>\n<!-- \/ Yoast SEO plugin. -->","yoast_head_json":{"title":"M\u00e9todos de Pago - Rosana CL","robots":{"index":"index","follow":"follow","max-snippet":"max-snippet:-1","max-image-preview":"max-image-preview:large","max-video-preview":"max-video-preview:-1"},"canonical":"https:\/\/rosanacl.com\/fi\/metodos-de-pago\/","og_locale":"fi_FI","og_type":"article","og_title":"M\u00e9todos de Pago - Rosana CL","og_description":"M\u00e9todos de Pago En Rosana CL nos comprometemos a ofrecerte una experiencia de compra segura, r\u00e1pida y c\u00f3moda. Para ello, ponemos a tu disposici\u00f3n los siguientes m\u00e9todos de pago: 1. Tarjeta de Cr\u00e9dito o D\u00e9bito (TPV Virtual) Puedes realizar tus pagos de forma segura a trav\u00e9s de nuestra pasarela de pago (TPV Virtual). Aceptamos la [&hellip;]","og_url":"https:\/\/rosanacl.com\/fi\/metodos-de-pago\/","og_site_name":"Rosana CL","article_modified_time":"2025-07-11T09:06:31+00:00","twitter_card":"summary_large_image","twitter_misc":{"Arvioitu lukuaika":"2 minuuttia"},"schema":{"@context":"https:\/\/schema.org","@graph":[{"@type":"WebPage","@id":"https:\/\/rosanacl.com\/gl\/metodos-de-pago\/","url":"https:\/\/rosanacl.com\/gl\/metodos-de-pago\/","name":"M\u00e9todos de Pago - Rosana CL","isPartOf":{"@id":"https:\/\/rosanacl.com\/ca\/#website"},"datePublished":"2025-07-09T07:55:57+00:00","dateModified":"2025-07-11T09:06:31+00:00","breadcrumb":{"@id":"https:\/\/rosanacl.com\/gl\/metodos-de-pago\/#breadcrumb"},"inLanguage":"fi","potentialAction":[{"@type":"ReadAction","target":["https:\/\/rosanacl.com\/gl\/metodos-de-pago\/"]}]},{"@type":"BreadcrumbList","@id":"https:\/\/rosanacl.com\/gl\/metodos-de-pago\/#breadcrumb","itemListElement":[{"@type":"ListItem","position":1,"name":"Portada","item":"https:\/\/rosanacl.com\/ca\/"},{"@type":"ListItem","position":2,"name":"M\u00e9todos de Pago"}]},{"@type":"WebSite","@id":"https:\/\/rosanacl.com\/ca\/#website","url":"https:\/\/rosanacl.com\/ca\/","name":"Rosana CL","description":"Me olemme sisustuksesi","potentialAction":[{"@type":"SearchAction","target":{"@type":"EntryPoint","urlTemplate":"https:\/\/rosanacl.com\/ca\/?s={search_term_string}"},"query-input":{"@type":"PropertyValueSpecification","valueRequired":true,"valueName":"search_term_string"}}],"inLanguage":"fi"}]}},"_links":{"self":[{"href":"https:\/\/rosanacl.com\/fi\/wp-json\/wp\/v2\/pages\/2668","targetHints":{"allow":["GET"]}}],"collection":[{"href":"https:\/\/rosanacl.com\/fi\/wp-json\/wp\/v2\/pages"}],"about":[{"href":"https:\/\/rosanacl.com\/fi\/wp-json\/wp\/v2\/types\/page"}],"author":[{"embeddable":true,"href":"https:\/\/rosanacl.com\/fi\/wp-json\/wp\/v2\/users\/1"}],"replies":[{"embeddable":true,"href":"https:\/\/rosanacl.com\/fi\/wp-json\/wp\/v2\/comments?post=2668"}],"version-history":[{"count":0,"href":"https:\/\/rosanacl.com\/fi\/wp-json\/wp\/v2\/pages\/2668\/revisions"}],"wp:attachment":[{"href":"https:\/\/rosanacl.com\/fi\/wp-json\/wp\/v2\/media?parent=2668"}],"curies":[{"name":"wp","href":"https:\/\/api.w.org\/{rel}","templated":true}]}}