{"id":31,"date":"2025-03-28T16:10:30","date_gmt":"2025-03-28T19:10:30","guid":{"rendered":"https:\/\/innovacon.simplificandotuweb.com\/?page_id=31"},"modified":"2025-07-09T08:56:36","modified_gmt":"2025-07-09T06:56:36","slug":"politica-de-privacidad","status":"publish","type":"page","link":"https:\/\/rosanacl.com\/fi\/politica-de-privacidad\/","title":{"rendered":"Tietosuojak\u00e4yt\u00e4nt\u00f6"},"content":{"rendered":"<div data-elementor-type=\"wp-page\" data-elementor-id=\"31\" class=\"elementor elementor-31\" data-elementor-post-type=\"page\">\n\t\t\t\t<div class=\"elementor-element elementor-element-1ca8157 e-flex e-con-boxed e-con e-parent\" data-id=\"1ca8157\" data-element_type=\"container\" data-e-type=\"container\" data-settings=\"{&quot;background_background&quot;:&quot;classic&quot;}\">\n\t\t\t\t\t<div class=\"e-con-inner\">\n\t\t<div class=\"elementor-element elementor-element-ee95924 e-con-full e-flex e-con e-child\" data-id=\"ee95924\" data-element_type=\"container\" data-e-type=\"container\">\n\t\t\t\t<div class=\"elementor-element elementor-element-fbdd061 elementor-widget elementor-widget-heading\" data-id=\"fbdd061\" data-element_type=\"widget\" data-e-type=\"widget\" data-widget_type=\"heading.default\">\n\t\t\t\t<div class=\"elementor-widget-container\">\n\t\t\t\t\t<h2 class=\"elementor-heading-title elementor-size-default\">Tietosuojak\u00e4yt\u00e4nt\u00f6<\/h2>\t\t\t\t<\/div>\n\t\t\t\t<\/div>\n\t\t\t\t<\/div>\n\t\t\t\t\t<\/div>\n\t\t\t\t<\/div>\n\t\t<div class=\"elementor-element elementor-element-5a8dd38e e-flex e-con-boxed e-con e-parent\" data-id=\"5a8dd38e\" data-element_type=\"container\" data-e-type=\"container\">\n\t\t\t\t\t<div class=\"e-con-inner\">\n\t\t\t\t<div class=\"elementor-element elementor-element-6ea5a565 elementor-widget elementor-widget-text-editor\" data-id=\"6ea5a565\" data-element_type=\"widget\" data-e-type=\"widget\" data-widget_type=\"text-editor.default\">\n\t\t\t\t<div class=\"elementor-widget-container\">\n\t\t\t\t\t\t\t\t\t\n<p><strong>1. K\u00c4YTT\u00c4J\u00c4LLE ANNETUT TIEDOT<\/strong><\/p>\n\n<p>Verkkosivusto tiedottaa verkkosivuston k\u00e4ytt\u00e4jille k\u00e4yt\u00e4nn\u00f6ist\u00e4\u00e4n, joka koskee k\u00e4ytt\u00e4jien ja asiakkaiden henkil\u00f6tietojen k\u00e4sittely\u00e4 ja suojaamista, joita voidaan pyyt\u00e4\u00e4 verkkosivuston selaamisen yhteydess\u00e4.<\/p>\n\n<p>Verkkosivusto on vastuussa k\u00e4ytt\u00e4j\u00e4n henkil\u00f6tietojen k\u00e4sittelyst\u00e4, ja siksi annetaan seuraavat tiedot tietojesi k\u00e4sittelyst\u00e4:<\/p>\n\n<p><strong>Tietojen s\u00e4ilytyskriteerit:<\/strong>\u00a0Annettuja henkil\u00f6tietoja s\u00e4ilytet\u00e4\u00e4n, kunnes asianosainen pyyt\u00e4\u00e4 niiden poistamista, k\u00e4ytt\u00e4\u00e4 oikeuksiaan tietoihin ja joka tapauksessa sovellettavien lakis\u00e4\u00e4teisten vanhentumisaikojen mukaisesti.<\/p>\n\n<p><strong>Asianosaisten oikeudet:<\/strong><\/p>\n\n<p>Oikeus peruuttaa suostumuksesi milloin tahansa.<br \/>Oikeus p\u00e4\u00e4st\u00e4 k\u00e4siksi tietoihisi, oikaista, poistaa ja siirt\u00e4\u00e4 niit\u00e4 sek\u00e4 rajoittaa tai vastustaa niiden k\u00e4sittely\u00e4 ja olla joutumatta automatisoitujen yksitt\u00e4istapausp\u00e4\u00e4t\u00f6sten kohteeksi.<\/p>\n\n<p><strong>Yhteystiedot oikeuksien k\u00e4ytt\u00e4mist\u00e4 varten:<\/strong><\/p>\n\n<p>Sinun on asianmukaisesti tunnistettava itsesi ja pyydett\u00e4v\u00e4 selke\u00e4sti oikeutta k\u00e4ytt\u00e4\u00e4 oikeuksiasi.<\/p>\n\n<ul class=\"wp-block-list\">\n<li>Yritys: Pablo Angulo Maspons<\/li>\n<li>V\u00e4kiluku: Vinaroz, Espanja<\/li>\n<li>Puhelin: 613395013<\/li>\n<li>Posti: <a class=\"css-1rn59kg\" title=\"info@rosanacl.com\" href=\"mailto:info@rosanacl.com\" data-testid=\"link-with-safety\" data-renderer-mark=\"true\">info@rosanacl.com\u00a0<\/a><\/li>\n<\/ul>\n\n<p><strong>2. K\u00c4YTT\u00c4J\u00c4N ANTAMAT TIEDOT<\/strong><\/p>\n\n<p>Jos olet alle 18-vuotias, et saa k\u00e4ytt\u00e4\u00e4 verkkosivustomme lomakkeita.<\/p>\n\n<p>Antamalla tietonsa yhteydenottolomakkeisiin tai l\u00e4hett\u00e4m\u00e4ll\u00e4 ne latauslomakkeisiin k\u00e4ytt\u00e4j\u00e4t nimenomaisesti, vapaaehtoisesti ja yksiselitteisesti hyv\u00e4ksyv\u00e4t, ett\u00e4 rekisterinpit\u00e4j\u00e4 tarvitsee heid\u00e4n tietojaan pyynt\u00f6ns\u00e4 k\u00e4sittelemiseksi. Tietojen sy\u00f6tt\u00e4minen muihin kenttiin on vapaaehtoista.<\/p>\n\n<p>K\u00e4ytt\u00e4j\u00e4 vakuuttaa antamiensa henkil\u00f6tietojen paikkansapit\u00e4vyyden ja on vastuussa mahdollisten muutosten ilmoittamisesta.<\/p>\n\n<p>Kaikki verkkosivuston kautta pyydetyt tiedot ovat v\u00e4ltt\u00e4m\u00e4tt\u00f6mi\u00e4, jotta k\u00e4ytt\u00e4j\u00e4lle voidaan tarjota optimaalinen palvelu. Jos kaikkia tietoja ei anneta, ei ole takeita siit\u00e4, ett\u00e4 rekisterinpit\u00e4j\u00e4n tarjoamat tiedot ja palvelut ovat t\u00e4ysin r\u00e4\u00e4t\u00e4l\u00f6ityj\u00e4 heid\u00e4n tarpeisiinsa.<\/p>\n\n<p><strong>3. TURVATOIMENPITEET<\/strong><\/p>\n\n<p>Ett\u00e4 rekisterinpit\u00e4j\u00e4 noudattaa voimassa olevien henkil\u00f6tietojen suojaa koskevien s\u00e4\u00e4nn\u00f6sten mukaisesti kaikkia GDPR:n ja LOPD:n s\u00e4\u00e4nn\u00f6ksi\u00e4 k\u00e4sitelless\u00e4\u00e4n sen vastuulla olevia henkil\u00f6tietoja, joita k\u00e4sitell\u00e4\u00e4n lainmukaisesti, oikeudenmukaisesti ja l\u00e4pin\u00e4kyv\u00e4sti rekister\u00f6idyn kannalta ja jotka ovat riitt\u00e4vi\u00e4, olennaisia ja rajoittuneet siihen, mik\u00e4 on tarpeen niiden k\u00e4sittelyn tarkoitusten kannalta.<\/p>\n\n<p>Rekisterinpit\u00e4j\u00e4 takaa, ett\u00e4 se on ottanut k\u00e4ytt\u00f6\u00f6n asianmukaiset tekniset ja organisatoriset k\u00e4yt\u00e4nn\u00f6t GDPR:n ja LOPD:n mukaisten turvatoimenpiteiden soveltamiseksi k\u00e4ytt\u00e4jien oikeuksien ja vapauksien suojaamiseksi ja ett\u00e4 se on antanut heille asianmukaiset tiedot, jotta he voivat k\u00e4ytt\u00e4\u00e4 niit\u00e4.<\/p>\n\n<p><strong>4. TURVALLISUUSLOUKKAUKSET<\/strong><\/p>\n\n<p>Rekisterinpit\u00e4j\u00e4 ilmoittaa kaikista t\u00e4m\u00e4n verkkosivuston tai kolmannen osapuolen palveluidemme k\u00e4ytt\u00e4m\u00e4\u00e4 tietokantaa koskevista tietoturvaloukkauksista jokaiselle henkil\u00f6lle, jonka tietoihin tietoturvaloukkaus on saattanut vaikuttaa, sek\u00e4 viranomaisille 72 tunnin kuluessa tietoturvaloukkauksen havaitsemisesta.<\/p>\n\n<p><strong>SOVELLETTAVA LAINS\u00c4\u00c4D\u00c4NT\u00d6 JA LAINK\u00c4YTT\u00d6ALUE<\/strong><\/p>\n\n<p>Kaikkiin t\u00e4h\u00e4n verkkosivustoon tai sill\u00e4 suoritettuihin toimintoihin liittyviin riitoihin tai kysymyksiin sovelletaan Espanjan lakia, johon osapuolet nimenomaisesti suostuvat. Barcelonan tuomioistuimilla on toimivalta ratkaista kaikki t\u00e4m\u00e4n verkkosivuston k\u00e4yt\u00f6st\u00e4 johtuvat tai siihen liittyv\u00e4t riidat.<\/p>\n\n<p>\u00a0<\/p>\n\t\t\t\t\t\t\t\t<\/div>\n\t\t\t\t<\/div>\n\t\t\t\t\t<\/div>\n\t\t\t\t<\/div>\n\t\t\t\t<\/div>","protected":false},"excerpt":{"rendered":"<p>1.- INFORMACI\u00d3N AL USUARIO El sitio web informa a los usuarios del sitio web sobre su pol\u00edtica respecto al tratamiento y protecci\u00f3n de los datos de car\u00e1cter personal de los usuarios y clientes que puedan ser solicitados por la navegaci\u00f3n a trav\u00e9s de su sitio web. El sitio web es el Responsable del tratamiento de [&hellip;]<\/p>\n","protected":false},"author":1,"featured_media":0,"parent":0,"menu_order":0,"comment_status":"closed","ping_status":"closed","template":"","meta":{"content-type":"","footnotes":""},"class_list":["post-31","page","type-page","status-publish","hentry"],"yoast_head":"<!-- This site is optimized with the Yoast SEO plugin v27.4 - https:\/\/yoast.com\/product\/yoast-seo-wordpress\/ -->\n<title>Pol\u00edtica de Privacidad - Rosana CL<\/title>\n<meta name=\"robots\" content=\"index, follow, max-snippet:-1, max-image-preview:large, max-video-preview:-1\" \/>\n<link rel=\"canonical\" href=\"https:\/\/rosanacl.com\/fi\/politica-de-privacidad\/\" \/>\n<meta property=\"og:locale\" content=\"fi_FI\" \/>\n<meta property=\"og:type\" content=\"article\" \/>\n<meta property=\"og:title\" content=\"Pol\u00edtica de Privacidad - Rosana CL\" \/>\n<meta property=\"og:description\" content=\"1.- INFORMACI\u00d3N AL USUARIO El sitio web informa a los usuarios del sitio web sobre su pol\u00edtica respecto al tratamiento y protecci\u00f3n de los datos de car\u00e1cter personal de los usuarios y clientes que puedan ser solicitados por la navegaci\u00f3n a trav\u00e9s de su sitio web. El sitio web es el Responsable del tratamiento de [&hellip;]\" \/>\n<meta property=\"og:url\" content=\"https:\/\/rosanacl.com\/fi\/politica-de-privacidad\/\" \/>\n<meta property=\"og:site_name\" content=\"Rosana CL\" \/>\n<meta property=\"article:modified_time\" content=\"2025-07-09T06:56:36+00:00\" \/>\n<meta name=\"twitter:card\" content=\"summary_large_image\" \/>\n<meta name=\"twitter:label1\" content=\"Arvioitu lukuaika\" \/>\n\t<meta name=\"twitter:data1\" content=\"3 minuuttia\" \/>\n<script type=\"application\/ld+json\" class=\"yoast-schema-graph\">{\"@context\":\"https:\\\/\\\/schema.org\",\"@graph\":[{\"@type\":\"WebPage\",\"@id\":\"https:\\\/\\\/rosanacl.com\\\/politica-de-privacidad\\\/\",\"url\":\"https:\\\/\\\/rosanacl.com\\\/politica-de-privacidad\\\/\",\"name\":\"Pol\u00edtica de Privacidad - Rosana CL\",\"isPartOf\":{\"@id\":\"https:\\\/\\\/rosanacl.com\\\/ca\\\/#website\"},\"datePublished\":\"2025-03-28T19:10:30+00:00\",\"dateModified\":\"2025-07-09T06:56:36+00:00\",\"breadcrumb\":{\"@id\":\"https:\\\/\\\/rosanacl.com\\\/politica-de-privacidad\\\/#breadcrumb\"},\"inLanguage\":\"fi\",\"potentialAction\":[{\"@type\":\"ReadAction\",\"target\":[\"https:\\\/\\\/rosanacl.com\\\/politica-de-privacidad\\\/\"]}]},{\"@type\":\"BreadcrumbList\",\"@id\":\"https:\\\/\\\/rosanacl.com\\\/politica-de-privacidad\\\/#breadcrumb\",\"itemListElement\":[{\"@type\":\"ListItem\",\"position\":1,\"name\":\"Portada\",\"item\":\"https:\\\/\\\/rosanacl.com\\\/ca\\\/\"},{\"@type\":\"ListItem\",\"position\":2,\"name\":\"Pol\u00edtica de Privacidad\"}]},{\"@type\":\"WebSite\",\"@id\":\"https:\\\/\\\/rosanacl.com\\\/ca\\\/#website\",\"url\":\"https:\\\/\\\/rosanacl.com\\\/ca\\\/\",\"name\":\"Rosana CL\",\"description\":\"Somos tu interior\",\"potentialAction\":[{\"@type\":\"SearchAction\",\"target\":{\"@type\":\"EntryPoint\",\"urlTemplate\":\"https:\\\/\\\/rosanacl.com\\\/ca\\\/?s={search_term_string}\"},\"query-input\":{\"@type\":\"PropertyValueSpecification\",\"valueRequired\":true,\"valueName\":\"search_term_string\"}}],\"inLanguage\":\"fi\"}]}<\/script>\n<!-- \/ Yoast SEO plugin. -->","yoast_head_json":{"title":"Pol\u00edtica de Privacidad - Rosana CL","robots":{"index":"index","follow":"follow","max-snippet":"max-snippet:-1","max-image-preview":"max-image-preview:large","max-video-preview":"max-video-preview:-1"},"canonical":"https:\/\/rosanacl.com\/fi\/politica-de-privacidad\/","og_locale":"fi_FI","og_type":"article","og_title":"Pol\u00edtica de Privacidad - Rosana CL","og_description":"1.- INFORMACI\u00d3N AL USUARIO El sitio web informa a los usuarios del sitio web sobre su pol\u00edtica respecto al tratamiento y protecci\u00f3n de los datos de car\u00e1cter personal de los usuarios y clientes que puedan ser solicitados por la navegaci\u00f3n a trav\u00e9s de su sitio web. El sitio web es el Responsable del tratamiento de [&hellip;]","og_url":"https:\/\/rosanacl.com\/fi\/politica-de-privacidad\/","og_site_name":"Rosana CL","article_modified_time":"2025-07-09T06:56:36+00:00","twitter_card":"summary_large_image","twitter_misc":{"Arvioitu lukuaika":"3 minuuttia"},"schema":{"@context":"https:\/\/schema.org","@graph":[{"@type":"WebPage","@id":"https:\/\/rosanacl.com\/politica-de-privacidad\/","url":"https:\/\/rosanacl.com\/politica-de-privacidad\/","name":"Pol\u00edtica de Privacidad - Rosana CL","isPartOf":{"@id":"https:\/\/rosanacl.com\/ca\/#website"},"datePublished":"2025-03-28T19:10:30+00:00","dateModified":"2025-07-09T06:56:36+00:00","breadcrumb":{"@id":"https:\/\/rosanacl.com\/politica-de-privacidad\/#breadcrumb"},"inLanguage":"fi","potentialAction":[{"@type":"ReadAction","target":["https:\/\/rosanacl.com\/politica-de-privacidad\/"]}]},{"@type":"BreadcrumbList","@id":"https:\/\/rosanacl.com\/politica-de-privacidad\/#breadcrumb","itemListElement":[{"@type":"ListItem","position":1,"name":"Portada","item":"https:\/\/rosanacl.com\/ca\/"},{"@type":"ListItem","position":2,"name":"Pol\u00edtica de Privacidad"}]},{"@type":"WebSite","@id":"https:\/\/rosanacl.com\/ca\/#website","url":"https:\/\/rosanacl.com\/ca\/","name":"Rosana CL","description":"Me olemme sisustuksesi","potentialAction":[{"@type":"SearchAction","target":{"@type":"EntryPoint","urlTemplate":"https:\/\/rosanacl.com\/ca\/?s={search_term_string}"},"query-input":{"@type":"PropertyValueSpecification","valueRequired":true,"valueName":"search_term_string"}}],"inLanguage":"fi"}]}},"_links":{"self":[{"href":"https:\/\/rosanacl.com\/fi\/wp-json\/wp\/v2\/pages\/31","targetHints":{"allow":["GET"]}}],"collection":[{"href":"https:\/\/rosanacl.com\/fi\/wp-json\/wp\/v2\/pages"}],"about":[{"href":"https:\/\/rosanacl.com\/fi\/wp-json\/wp\/v2\/types\/page"}],"author":[{"embeddable":true,"href":"https:\/\/rosanacl.com\/fi\/wp-json\/wp\/v2\/users\/1"}],"replies":[{"embeddable":true,"href":"https:\/\/rosanacl.com\/fi\/wp-json\/wp\/v2\/comments?post=31"}],"version-history":[{"count":0,"href":"https:\/\/rosanacl.com\/fi\/wp-json\/wp\/v2\/pages\/31\/revisions"}],"wp:attachment":[{"href":"https:\/\/rosanacl.com\/fi\/wp-json\/wp\/v2\/media?parent=31"}],"curies":[{"name":"wp","href":"https:\/\/api.w.org\/{rel}","templated":true}]}}