{"id":4547,"date":"2026-01-06T22:36:59","date_gmt":"2026-01-06T21:36:59","guid":{"rendered":"https:\/\/rosanacl.com\/?page_id=4547"},"modified":"2026-01-29T15:46:42","modified_gmt":"2026-01-29T14:46:42","slug":"body-de-mujer-en-valencia","status":"publish","type":"page","link":"https:\/\/rosanacl.com\/fi\/body-de-mujer-en-valencia\/","title":{"rendered":"Naisten body Valenciassa"},"content":{"rendered":"<div data-elementor-type=\"wp-page\" data-elementor-id=\"4547\" class=\"elementor elementor-4547\" data-elementor-post-type=\"page\">\n\t\t\t\t<div class=\"elementor-element elementor-element-171998c7 e-flex e-con-boxed e-con e-parent\" data-id=\"171998c7\" data-element_type=\"container\" data-e-type=\"container\">\n\t\t\t\t\t<div class=\"e-con-inner\">\n\t\t\t\t<div class=\"elementor-element elementor-element-6575351f elementor-widget elementor-widget-text-editor\" data-id=\"6575351f\" data-element_type=\"widget\" data-e-type=\"widget\" data-widget_type=\"text-editor.default\">\n\t\t\t\t<div class=\"elementor-widget-container\">\n\t\t\t\t\t\t\t\t\t\n<p><\/p>\n\n\n\n<p><\/p>\n\t\t\t\t\t\t\t\t<\/div>\n\t\t\t\t<\/div>\n\t\t\t\t\t<\/div>\n\t\t\t\t<\/div>\n\t\t<div class=\"elementor-element elementor-element-cf7d341 e-flex e-con-boxed e-con e-parent\" data-id=\"cf7d341\" data-element_type=\"container\" data-e-type=\"container\">\n\t\t\t\t\t<div class=\"e-con-inner\">\n\t\t\t\t<div class=\"elementor-element elementor-element-1f1d080 elementor-widget elementor-widget-heading\" data-id=\"1f1d080\" data-element_type=\"widget\" data-e-type=\"widget\" data-widget_type=\"heading.default\">\n\t\t\t\t<div class=\"elementor-widget-container\">\n\t\t\t\t\t<h2 class=\"elementor-heading-title elementor-size-default\">Naisten body Valenciassa<\/h2>\t\t\t\t<\/div>\n\t\t\t\t<\/div>\n\t\t\t\t\t<\/div>\n\t\t\t\t<\/div>\n\t\t<div class=\"elementor-element elementor-element-dc1921d e-flex e-con-boxed e-con e-parent\" data-id=\"dc1921d\" data-element_type=\"container\" data-e-type=\"container\">\n\t\t\t\t\t<div class=\"e-con-inner\">\n\t\t<div class=\"elementor-element elementor-element-d19616f e-con-full e-flex e-con e-child\" data-id=\"d19616f\" data-element_type=\"container\" data-e-type=\"container\">\n\t\t\t\t<div class=\"elementor-element elementor-element-2ee6475 elementor-widget elementor-widget-text-editor\" data-id=\"2ee6475\" data-element_type=\"widget\" data-e-type=\"widget\" data-widget_type=\"text-editor.default\">\n\t\t\t\t<div class=\"elementor-widget-container\">\n\t\t\t\t\t\t\t\t\t<h2 data-start=\"466\" data-end=\"556\">Naisten bodyt Valenciassa: tyylikkyytt\u00e4, mukavuutta ja asiantuntijan neuvoja Rosana CL:ss\u00e4<\/h2>\n<p data-start=\"558\" data-end=\"1114\">Valitse <strong data-start=\"568\" data-end=\"597\">Naisten body Valenciassa<\/strong> Se on p\u00e4\u00e4t\u00f6s, joka menee paljon ohimenev\u00e4n trendin seuraamista pidemm\u00e4lle. Body on vakiinnuttanut paikkansa naisten vaatekaapin olennaisena vaatteena, koska se yhdist\u00e4\u00e4 toimivuuden, tyylin ja monipuolisuuden yhdess\u00e4 kappaleessa. Jotta se todella t\u00e4ytt\u00e4isi tarkoituksensa, on kuitenkin t\u00e4rke\u00e4\u00e4 panostaa laatuun, hyv\u00e4\u00e4n muotoiluun ja jokaisen naisen vartalolle sopivaan istuvuuteen. T\u00e4ss\u00e4 mieless\u00e4 Rosana CL erottuu selke\u00e4n\u00e4 vertailukohtana niille, jotka etsiv\u00e4t... <strong data-start=\"1063\" data-end=\"1092\">Naisten body Valenciassa<\/strong> todellisilla takuilla.<\/p>\n<p data-start=\"1116\" data-end=\"1599\">Rosana CL:ll\u00e4 bodya ei pidet\u00e4 yleisen\u00e4 vaatteena. Jokainen tyyli valitaan huolellisesti ottaen huomioon, miten se mukautuu vartaloon, miten se reagoi liikkeeseen ja miten se toimii jokap\u00e4iv\u00e4isess\u00e4 k\u00e4yt\u00f6ss\u00e4. T\u00e4m\u00e4 on erityisen t\u00e4rke\u00e4\u00e4 naisille, jotka haluavat vaatteen, joka imartelee puristamatta ja antaa itsevarmuutta mukavuudesta tinkim\u00e4tt\u00e4. Siksi bodyn ostaminen... <strong data-start=\"1480\" data-end=\"1509\">Naisten body Valenciassa<\/strong> Erikoisliikkeess\u00e4 sill\u00e4 on selv\u00e4 ero persoonattomiin vaihtoehtoihin verrattuna.<\/p>\t\t\t\t\t\t\t\t<\/div>\n\t\t\t\t<\/div>\n\t\t\t\t<\/div>\n\t\t<div class=\"elementor-element elementor-element-5568f8b e-con-full e-flex e-con e-child\" data-id=\"5568f8b\" data-element_type=\"container\" data-e-type=\"container\">\n\t\t\t\t<div class=\"elementor-element elementor-element-980debe elementor-widget elementor-widget-image\" data-id=\"980debe\" data-element_type=\"widget\" data-e-type=\"widget\" data-widget_type=\"image.default\">\n\t\t\t\t<div class=\"elementor-widget-container\">\n\t\t\t\t\t\t\t\t\t\t\t\t\t\t\t<img fetchpriority=\"high\" decoding=\"async\" width=\"800\" height=\"566\" src=\"https:\/\/rosanacl.com\/wp-content\/uploads\/2025\/08\/comprar-lenceria-online-1024x724.jpg\" class=\"attachment-large size-large wp-image-3687\" alt=\"\" srcset=\"https:\/\/rosanacl.com\/wp-content\/uploads\/2025\/08\/comprar-lenceria-online-1024x724.jpg 1024w, https:\/\/rosanacl.com\/wp-content\/uploads\/2025\/08\/comprar-lenceria-online-300x212.jpg 300w, https:\/\/rosanacl.com\/wp-content\/uploads\/2025\/08\/comprar-lenceria-online-768x543.jpg 768w, https:\/\/rosanacl.com\/wp-content\/uploads\/2025\/08\/comprar-lenceria-online-1536x1086.jpg 1536w, https:\/\/rosanacl.com\/wp-content\/uploads\/2025\/08\/comprar-lenceria-online-18x12.jpg 18w, https:\/\/rosanacl.com\/wp-content\/uploads\/2025\/08\/comprar-lenceria-online-600x424.jpg 600w, https:\/\/rosanacl.com\/wp-content\/uploads\/2025\/08\/comprar-lenceria-online.jpg 2000w\" sizes=\"(max-width: 800px) 100vw, 800px\" \/>\t\t\t\t\t\t\t\t\t\t\t\t\t\t\t<\/div>\n\t\t\t\t<\/div>\n\t\t\t\t<\/div>\n\t\t\t\t\t<\/div>\n\t\t\t\t<\/div>\n\t\t<div class=\"elementor-element elementor-element-5e380fb e-flex e-con-boxed e-con e-parent\" data-id=\"5e380fb\" data-element_type=\"container\" data-e-type=\"container\">\n\t\t\t\t\t<div class=\"e-con-inner\">\n\t\t<div class=\"elementor-element elementor-element-a763375 e-con-full e-flex e-con e-child\" data-id=\"a763375\" data-element_type=\"container\" data-e-type=\"container\">\n\t\t\t\t<div class=\"elementor-element elementor-element-a8aecc4 elementor-widget elementor-widget-image\" data-id=\"a8aecc4\" data-element_type=\"widget\" data-e-type=\"widget\" data-widget_type=\"image.default\">\n\t\t\t\t<div class=\"elementor-widget-container\">\n\t\t\t\t\t\t\t\t\t\t\t\t\t\t\t<img decoding=\"async\" width=\"800\" height=\"566\" src=\"https:\/\/rosanacl.com\/wp-content\/uploads\/2025\/08\/comprar-lenceria-selene-1024x724.jpg\" class=\"attachment-large size-large wp-image-3688\" alt=\"\" srcset=\"https:\/\/rosanacl.com\/wp-content\/uploads\/2025\/08\/comprar-lenceria-selene-1024x724.jpg 1024w, https:\/\/rosanacl.com\/wp-content\/uploads\/2025\/08\/comprar-lenceria-selene-300x212.jpg 300w, https:\/\/rosanacl.com\/wp-content\/uploads\/2025\/08\/comprar-lenceria-selene-768x543.jpg 768w, https:\/\/rosanacl.com\/wp-content\/uploads\/2025\/08\/comprar-lenceria-selene-1536x1086.jpg 1536w, https:\/\/rosanacl.com\/wp-content\/uploads\/2025\/08\/comprar-lenceria-selene-18x12.jpg 18w, https:\/\/rosanacl.com\/wp-content\/uploads\/2025\/08\/comprar-lenceria-selene-600x424.jpg 600w, https:\/\/rosanacl.com\/wp-content\/uploads\/2025\/08\/comprar-lenceria-selene.jpg 2000w\" sizes=\"(max-width: 800px) 100vw, 800px\" \/>\t\t\t\t\t\t\t\t\t\t\t\t\t\t\t<\/div>\n\t\t\t\t<\/div>\n\t\t\t\t<\/div>\n\t\t<div class=\"elementor-element elementor-element-b02b1e9 e-con-full e-flex e-con e-child\" data-id=\"b02b1e9\" data-element_type=\"container\" data-e-type=\"container\">\n\t\t\t\t<div class=\"elementor-element elementor-element-ca9adbf elementor-widget elementor-widget-text-editor\" data-id=\"ca9adbf\" data-element_type=\"widget\" data-e-type=\"widget\" data-widget_type=\"text-editor.default\">\n\t\t\t\t<div class=\"elementor-widget-container\">\n\t\t\t\t\t\t\t\t\t<h2 data-start=\"1606\" data-end=\"1692\"><strong data-start=\"1609\" data-end=\"1692\">Naisten bodyt Valenciassa ja vartalon mukaan mukautuvan muotoilun t\u00e4rkeys<\/strong><\/h2>\n<p data-start=\"1694\" data-end=\"2062\">Kun puhumme <strong data-start=\"1713\" data-end=\"1742\">Naisten body Valenciassa<\/strong>, Yksi t\u00e4rkeimmist\u00e4 n\u00e4k\u00f6kohdista on vaatteen kuviointi ja tekninen suunnittelu. Hyvin suunnitellun bodyn tulisi luonnollisesti t\u00e4ydent\u00e4\u00e4 siluettia, kunnioittaa muotoja ja v\u00e4ltt\u00e4\u00e4 tarpeetonta rasitusta. Rosana CL:ll\u00e4 priorisoimme bodyja, jotka on suunniteltu tosiel\u00e4m\u00e4n k\u00e4ytt\u00f6\u00f6n, ei vain n\u00e4yteikkunaestetiikkaa varten.<\/p>\n<p data-start=\"2064\" data-end=\"2421\">Tuloksena on <strong data-start=\"2083\" data-end=\"2112\">Naisten body Valenciassa<\/strong> Se pysyy paikoillaan koko p\u00e4iv\u00e4n, ei aiheuta ep\u00e4mukavuutta herkill\u00e4 alueilla ja antaa sinulle itsevarmuuden tunteen niin alusvaatteina kuin osana ulkoasuakin. T\u00e4m\u00e4 asiantunteva l\u00e4hestymistapa on avainasemassa sen varmistamisessa, ett\u00e4 vaate t\u00e4ytt\u00e4\u00e4 tarkoituksensa ensimm\u00e4isten k\u00e4ytt\u00f6minuuttien j\u00e4lkeenkin.<\/p>\t\t\t\t\t\t\t\t<\/div>\n\t\t\t\t<\/div>\n\t\t\t\t<\/div>\n\t\t\t\t\t<\/div>\n\t\t\t\t<\/div>\n\t\t<div class=\"elementor-element elementor-element-495e863 e-flex e-con-boxed e-con e-parent\" data-id=\"495e863\" data-element_type=\"container\" data-e-type=\"container\">\n\t\t\t\t\t<div class=\"e-con-inner\">\n\t\t\t\t<div class=\"elementor-element elementor-element-fe47ba3 elementor-widget elementor-widget-text-editor\" data-id=\"fe47ba3\" data-element_type=\"widget\" data-e-type=\"widget\" data-widget_type=\"text-editor.default\">\n\t\t\t\t<div class=\"elementor-widget-container\">\n\t\t\t\t\t\t\t\t\t<h2 data-start=\"2428\" data-end=\"2509\">Naisten bodyt Valenciassa: kankaita, mukavuutta ja kest\u00e4vyytt\u00e4 jokap\u00e4iv\u00e4iseen k\u00e4ytt\u00f6\u00f6n<\/h2>\n<p data-start=\"2511\" data-end=\"2857\">Toinen ratkaiseva tekij\u00e4 valittaessa <strong data-start=\"2545\" data-end=\"2574\">Naisten body Valenciassa<\/strong> Kyse on kankaasta. Kaikki materiaalit eiv\u00e4t reagoi samalla tavalla pitk\u00e4aikaiseen kosketukseen ihon kanssa tai jatkuvaan kehon liikkeeseen. Rosana CL keskittyy bodyihin, jotka on valmistettu pehmeist\u00e4, joustavista ja hengitt\u00e4vist\u00e4 kankaista, jotka tarjoavat mukavuutta tuntikausia menett\u00e4m\u00e4tt\u00e4 muotoaan.<\/p>\n<p data-start=\"2859\" data-end=\"3179\">T\u00e4m\u00e4 huolellinen valintaprosessi mahdollistaa jokaisen <strong data-start=\"2905\" data-end=\"2934\">Naisten body Valenciassa<\/strong> S\u00e4ilytt\u00e4v\u00e4t istuvuutensa pesun j\u00e4lkeen ja s\u00e4ilytt\u00e4v\u00e4t alkuper\u00e4isen ulkon\u00e4k\u00f6ns\u00e4 ajan kuluessa. Monille naisille kest\u00e4vyys on yht\u00e4 t\u00e4rke\u00e4\u00e4 kuin muotoilu, joten ostos on fiksu sijoitus kertaluonteisen kulun sijaan.<\/p>\n<h2 data-start=\"3186\" data-end=\"3259\">Miksi valita Rosana CL ostaessasi naisten bodyn Valenciassa<\/h2>\n<p data-start=\"3261\" data-end=\"3528\">Osta <strong data-start=\"3272\" data-end=\"3301\">Naisten body Valenciassa<\/strong> Rosana CL:ll\u00e4 se tarkoittaa luottamista liikkeeseen, joka ymm\u00e4rt\u00e4\u00e4 alusvaatteita ammattimaisesta n\u00e4k\u00f6kulmasta. Kyse ei ole vain houkuttelevien tuotteiden tarjoamisesta, vaan asiakkaan ohjaamisesta tietoiseen ja harkittuun valintaan.<\/p>\n<p data-start=\"3530\" data-end=\"3827\">Rosana CL erottuu joukosta tuotetiet\u00e4myksell\u00e4\u00e4n, helposti l\u00e4hestytt\u00e4vyydell\u00e4\u00e4n ja sitoutumisellaan laatuun. Siksi jokainen <strong data-start=\"3640\" data-end=\"3669\">Naisten body Valenciassa<\/strong> Saatavilla oleva tuote on valittu oikeita naisia ajatellen, oikeilla vartaloilla ja oikeilla tarpeilla. T\u00e4m\u00e4n eron huomaat jo ensimm\u00e4isest\u00e4 k\u00e4ytt\u00f6kerrasta l\u00e4htien.<\/p>\t\t\t\t\t\t\t\t<\/div>\n\t\t\t\t<\/div>\n\t\t\t\t\t<\/div>\n\t\t\t\t<\/div>\n\t\t<div class=\"elementor-element elementor-element-d05ed3a e-flex e-con-boxed e-con e-parent\" data-id=\"d05ed3a\" data-element_type=\"container\" data-e-type=\"container\">\n\t\t\t\t\t<div class=\"e-con-inner\">\n\t\t\t\t<div class=\"elementor-element elementor-element-b883e86 elementor-widget elementor-widget-heading\" data-id=\"b883e86\" data-element_type=\"widget\" data-e-type=\"widget\" data-widget_type=\"heading.default\">\n\t\t\t\t<div class=\"elementor-widget-container\">\n\t\t\t\t\t<h2 class=\"elementor-heading-title elementor-size-default\">Ota yhteytt\u00e4 <\/h2>\t\t\t\t<\/div>\n\t\t\t\t<\/div>\n\t\t\t\t\t<\/div>\n\t\t\t\t<\/div>\n\t\t<div class=\"elementor-element elementor-element-00e20e2 e-flex e-con-boxed e-con e-parent\" data-id=\"00e20e2\" data-element_type=\"container\" data-e-type=\"container\">\n\t\t\t\t\t<div class=\"e-con-inner\">\n\t\t<div class=\"elementor-element elementor-element-8ad8f7b e-con-full e-flex e-con e-child\" data-id=\"8ad8f7b\" data-element_type=\"container\" data-e-type=\"container\">\n\t\t\t\t<div class=\"elementor-element elementor-element-888944a elementor-widget__width-initial elementor-widget elementor-widget-elementskit-contact-form7\" data-id=\"888944a\" data-element_type=\"widget\" data-e-type=\"widget\" data-widget_type=\"elementskit-contact-form7.default\">\n\t\t\t\t<div class=\"elementor-widget-container\">\n\t\t\t\t\t<div class=\"ekit-wid-con\" ><div class=\"ekit-form\">\n<div class=\"wpcf7 no-js\" id=\"wpcf7-f48-o1\" lang=\"es-ES\" dir=\"ltr\" data-wpcf7-id=\"48\">\n<div class=\"screen-reader-response\"><p role=\"status\" aria-live=\"polite\" aria-atomic=\"true\"><\/p> <ul><\/ul><\/div>\n<form action=\"\/de\/wp-json\/wp\/v2\/pages\/4547#wpcf7-f48-o1\" method=\"post\" class=\"wpcf7-form init\" aria-label=\"Yhteydenottolomake\" novalidate=\"novalidate\" data-status=\"init\" data-trp-original-action=\"\/de\/wp-json\/wp\/v2\/pages\/4547#wpcf7-f48-o1\">\n<fieldset class=\"hidden-fields-container\"><input type=\"hidden\" name=\"_wpcf7\" value=\"48\" \/><input type=\"hidden\" name=\"_wpcf7_version\" value=\"6.1.5\" \/><input type=\"hidden\" name=\"_wpcf7_locale\" value=\"es_ES\" \/><input type=\"hidden\" name=\"_wpcf7_unit_tag\" value=\"wpcf7-f48-o1\" \/><input type=\"hidden\" name=\"_wpcf7_container_post\" value=\"0\" \/><input type=\"hidden\" name=\"_wpcf7_posted_data_hash\" value=\"\" \/><input type=\"hidden\" name=\"_wpcf7_recaptcha_response\" value=\"\" \/>\n<\/fieldset>\n<div class=\"form-row\">\n\t<div class=\"form-column\">\n\t\t<p><span class=\"wpcf7-form-control-wrap\" data-name=\"nombre\"><input size=\"40\" maxlength=\"400\" class=\"wpcf7-form-control wpcf7-text wpcf7-validates-as-required\" aria-required=\"true\" aria-invalid=\"false\" placeholder=\"Nimi\" value=\"\" type=\"text\" name=\"nombre\" \/><\/span>\n\t\t<\/p>\n\t<\/div>\n\t<div class=\"form-column\">\n\t\t<p><span class=\"wpcf7-form-control-wrap\" data-name=\"telefono\"><input size=\"40\" maxlength=\"400\" class=\"wpcf7-form-control wpcf7-tel wpcf7-validates-as-required wpcf7-text wpcf7-validates-as-tel\" aria-required=\"true\" aria-invalid=\"false\" placeholder=\"Puhelin *\" value=\"\" type=\"tel\" name=\"telefono\" \/><\/span>\n\t\t<\/p>\n\t<\/div>\n<\/div>\n<div class=\"form-row\">\n\t<div class=\"form-column\">\n\t\t<p><span class=\"wpcf7-form-control-wrap\" data-name=\"email\"><input size=\"40\" maxlength=\"400\" class=\"wpcf7-form-control wpcf7-email wpcf7-validates-as-required wpcf7-text wpcf7-validates-as-email\" aria-required=\"true\" aria-invalid=\"false\" placeholder=\"S\u00e4hk\u00f6posti *\" value=\"\" type=\"email\" name=\"email\" \/><\/span>\n\t\t<\/p>\n\t<\/div>\n\t<div class=\"form-column\">\n\t\t<p><span class=\"wpcf7-form-control-wrap\" data-name=\"asunto\"><input size=\"40\" maxlength=\"400\" class=\"wpcf7-form-control wpcf7-text wpcf7-validates-as-required\" aria-required=\"true\" aria-invalid=\"false\" placeholder=\"Suhde *\" value=\"\" type=\"text\" name=\"asunto\" \/><\/span>\n\t\t<\/p>\n\t<\/div>\n<\/div>\n<p><span class=\"wpcf7-form-control-wrap\" data-name=\"mensaje\"><textarea cols=\"40\" rows=\"10\" maxlength=\"2000\" class=\"wpcf7-form-control wpcf7-textarea wpcf7-validates-as-required\" aria-required=\"true\" aria-invalid=\"false\" placeholder=\"Viesti\" name=\"mensaje\"><\/textarea><\/span>\n<\/p>\n<p class=\"legal-priv\"><span class=\"wpcf7-form-control-wrap\" data-name=\"acceptance-787\"><span class=\"wpcf7-form-control wpcf7-acceptance\"><span class=\"wpcf7-list-item\"><label><input type=\"checkbox\" name=\"acceptance-787\" value=\"1\" aria-invalid=\"false\" \/><span class=\"wpcf7-list-item-label\">Olen lukenut ja hyv\u00e4ksyn <a href=\"https:\/\/rosanacl.com\/fi\/politica-de-privacidad\/\">Tietosuojak\u00e4yt\u00e4nt\u00f6<\/a><\/span><\/label><\/span><\/span><\/span>\n<\/p>\n<p><input class=\"wpcf7-form-control wpcf7-submit has-spinner\" type=\"submit\" value=\"L\u00c4HET\u00c4 VIESTI\" \/>\n<\/p><div class=\"wpcf7-response-output\" aria-hidden=\"true\"><\/div>\n<input type=\"hidden\" name=\"trp-form-language\" value=\"fi\"\/><\/form>\n<\/div>\n<\/div><\/div>\t\t\t\t<\/div>\n\t\t\t\t<\/div>\n\t\t\t\t<\/div>\n\t\t\t\t\t<\/div>\n\t\t\t\t<\/div>\n\t\t\t\t<\/div>","protected":false},"excerpt":{"rendered":"<p>Body de mujer en Valencia Body de mujer en Valencia: elegancia, comodidad y asesoramiento experto en Rosana CL Elegir un body de mujer en Valencia es una decisi\u00f3n que va mucho m\u00e1s all\u00e1 de seguir una tendencia puntual. El body se ha consolidado como una prenda esencial dentro del armario femenino porque combina funcionalidad, est\u00e9tica [&hellip;]<\/p>\n","protected":false},"author":1,"featured_media":0,"parent":0,"menu_order":0,"comment_status":"closed","ping_status":"closed","template":"","meta":{"content-type":"","footnotes":""},"class_list":["post-4547","page","type-page","status-publish","hentry"],"yoast_head":"<!-- This site is optimized with the Yoast SEO plugin v27.4 - https:\/\/yoast.com\/product\/yoast-seo-wordpress\/ -->\n<title>Body de mujer en Valencia\u200b - Rosana CL<\/title>\n<meta name=\"robots\" content=\"index, follow, max-snippet:-1, max-image-preview:large, max-video-preview:-1\" \/>\n<link rel=\"canonical\" href=\"https:\/\/rosanacl.com\/fi\/body-de-mujer-en-valencia\/\" \/>\n<meta property=\"og:locale\" content=\"fi_FI\" \/>\n<meta property=\"og:type\" content=\"article\" \/>\n<meta property=\"og:title\" content=\"Body de mujer en Valencia\u200b - Rosana CL\" \/>\n<meta property=\"og:description\" content=\"Body de mujer en Valencia Body de mujer en Valencia: elegancia, comodidad y asesoramiento experto en Rosana CL Elegir un body de mujer en Valencia es una decisi\u00f3n que va mucho m\u00e1s all\u00e1 de seguir una tendencia puntual. El body se ha consolidado como una prenda esencial dentro del armario femenino porque combina funcionalidad, est\u00e9tica [&hellip;]\" \/>\n<meta property=\"og:url\" content=\"https:\/\/rosanacl.com\/fi\/body-de-mujer-en-valencia\/\" \/>\n<meta property=\"og:site_name\" content=\"Rosana CL\" \/>\n<meta property=\"article:modified_time\" content=\"2026-01-29T14:46:42+00:00\" \/>\n<meta property=\"og:image\" content=\"https:\/\/rosanacl.com\/wp-content\/uploads\/2025\/08\/comprar-lenceria-online-1024x724.jpg\" \/>\n<meta name=\"twitter:card\" content=\"summary_large_image\" \/>\n<meta name=\"twitter:label1\" content=\"Arvioitu lukuaika\" \/>\n\t<meta name=\"twitter:data1\" content=\"4 minuuttia\" \/>\n<script type=\"application\/ld+json\" class=\"yoast-schema-graph\">{\"@context\":\"https:\\\/\\\/schema.org\",\"@graph\":[{\"@type\":\"WebPage\",\"@id\":\"https:\\\/\\\/rosanacl.com\\\/body-de-mujer-en-valencia\\\/\",\"url\":\"https:\\\/\\\/rosanacl.com\\\/body-de-mujer-en-valencia\\\/\",\"name\":\"Body de mujer en Valencia\u200b - Rosana CL\",\"isPartOf\":{\"@id\":\"https:\\\/\\\/rosanacl.com\\\/ca\\\/#website\"},\"primaryImageOfPage\":{\"@id\":\"https:\\\/\\\/rosanacl.com\\\/body-de-mujer-en-valencia\\\/#primaryimage\"},\"image\":{\"@id\":\"https:\\\/\\\/rosanacl.com\\\/body-de-mujer-en-valencia\\\/#primaryimage\"},\"thumbnailUrl\":\"https:\\\/\\\/rosanacl.com\\\/wp-content\\\/uploads\\\/2025\\\/08\\\/comprar-lenceria-online-1024x724.jpg\",\"datePublished\":\"2026-01-06T21:36:59+00:00\",\"dateModified\":\"2026-01-29T14:46:42+00:00\",\"breadcrumb\":{\"@id\":\"https:\\\/\\\/rosanacl.com\\\/body-de-mujer-en-valencia\\\/#breadcrumb\"},\"inLanguage\":\"fi\",\"potentialAction\":[{\"@type\":\"ReadAction\",\"target\":[\"https:\\\/\\\/rosanacl.com\\\/body-de-mujer-en-valencia\\\/\"]}]},{\"@type\":\"ImageObject\",\"inLanguage\":\"fi\",\"@id\":\"https:\\\/\\\/rosanacl.com\\\/body-de-mujer-en-valencia\\\/#primaryimage\",\"url\":\"https:\\\/\\\/rosanacl.com\\\/wp-content\\\/uploads\\\/2025\\\/08\\\/comprar-lenceria-online-1024x724.jpg\",\"contentUrl\":\"https:\\\/\\\/rosanacl.com\\\/wp-content\\\/uploads\\\/2025\\\/08\\\/comprar-lenceria-online-1024x724.jpg\"},{\"@type\":\"BreadcrumbList\",\"@id\":\"https:\\\/\\\/rosanacl.com\\\/body-de-mujer-en-valencia\\\/#breadcrumb\",\"itemListElement\":[{\"@type\":\"ListItem\",\"position\":1,\"name\":\"Portada\",\"item\":\"https:\\\/\\\/rosanacl.com\\\/ca\\\/\"},{\"@type\":\"ListItem\",\"position\":2,\"name\":\"Body de mujer en Valencia\u200b\"}]},{\"@type\":\"WebSite\",\"@id\":\"https:\\\/\\\/rosanacl.com\\\/ca\\\/#website\",\"url\":\"https:\\\/\\\/rosanacl.com\\\/ca\\\/\",\"name\":\"Rosana CL\",\"description\":\"Somos tu interior\",\"potentialAction\":[{\"@type\":\"SearchAction\",\"target\":{\"@type\":\"EntryPoint\",\"urlTemplate\":\"https:\\\/\\\/rosanacl.com\\\/ca\\\/?s={search_term_string}\"},\"query-input\":{\"@type\":\"PropertyValueSpecification\",\"valueRequired\":true,\"valueName\":\"search_term_string\"}}],\"inLanguage\":\"fi\"}]}<\/script>\n<!-- \/ Yoast SEO plugin. -->","yoast_head_json":{"title":"Body de mujer en Valencia\u200b - Rosana CL","robots":{"index":"index","follow":"follow","max-snippet":"max-snippet:-1","max-image-preview":"max-image-preview:large","max-video-preview":"max-video-preview:-1"},"canonical":"https:\/\/rosanacl.com\/fi\/body-de-mujer-en-valencia\/","og_locale":"fi_FI","og_type":"article","og_title":"Body de mujer en Valencia\u200b - Rosana CL","og_description":"Body de mujer en Valencia Body de mujer en Valencia: elegancia, comodidad y asesoramiento experto en Rosana CL Elegir un body de mujer en Valencia es una decisi\u00f3n que va mucho m\u00e1s all\u00e1 de seguir una tendencia puntual. El body se ha consolidado como una prenda esencial dentro del armario femenino porque combina funcionalidad, est\u00e9tica [&hellip;]","og_url":"https:\/\/rosanacl.com\/fi\/body-de-mujer-en-valencia\/","og_site_name":"Rosana CL","article_modified_time":"2026-01-29T14:46:42+00:00","og_image":[{"url":"https:\/\/rosanacl.com\/wp-content\/uploads\/2025\/08\/comprar-lenceria-online-1024x724.jpg","type":"","width":"","height":""}],"twitter_card":"summary_large_image","twitter_misc":{"Arvioitu lukuaika":"4 minuuttia"},"schema":{"@context":"https:\/\/schema.org","@graph":[{"@type":"WebPage","@id":"https:\/\/rosanacl.com\/body-de-mujer-en-valencia\/","url":"https:\/\/rosanacl.com\/body-de-mujer-en-valencia\/","name":"Body de mujer en Valencia\u200b - Rosana CL","isPartOf":{"@id":"https:\/\/rosanacl.com\/ca\/#website"},"primaryImageOfPage":{"@id":"https:\/\/rosanacl.com\/body-de-mujer-en-valencia\/#primaryimage"},"image":{"@id":"https:\/\/rosanacl.com\/body-de-mujer-en-valencia\/#primaryimage"},"thumbnailUrl":"https:\/\/rosanacl.com\/wp-content\/uploads\/2025\/08\/comprar-lenceria-online-1024x724.jpg","datePublished":"2026-01-06T21:36:59+00:00","dateModified":"2026-01-29T14:46:42+00:00","breadcrumb":{"@id":"https:\/\/rosanacl.com\/body-de-mujer-en-valencia\/#breadcrumb"},"inLanguage":"fi","potentialAction":[{"@type":"ReadAction","target":["https:\/\/rosanacl.com\/body-de-mujer-en-valencia\/"]}]},{"@type":"ImageObject","inLanguage":"fi","@id":"https:\/\/rosanacl.com\/body-de-mujer-en-valencia\/#primaryimage","url":"https:\/\/rosanacl.com\/wp-content\/uploads\/2025\/08\/comprar-lenceria-online-1024x724.jpg","contentUrl":"https:\/\/rosanacl.com\/wp-content\/uploads\/2025\/08\/comprar-lenceria-online-1024x724.jpg"},{"@type":"BreadcrumbList","@id":"https:\/\/rosanacl.com\/body-de-mujer-en-valencia\/#breadcrumb","itemListElement":[{"@type":"ListItem","position":1,"name":"Portada","item":"https:\/\/rosanacl.com\/ca\/"},{"@type":"ListItem","position":2,"name":"Body de mujer en Valencia\u200b"}]},{"@type":"WebSite","@id":"https:\/\/rosanacl.com\/ca\/#website","url":"https:\/\/rosanacl.com\/ca\/","name":"Rosana CL","description":"Me olemme sisustuksesi","potentialAction":[{"@type":"SearchAction","target":{"@type":"EntryPoint","urlTemplate":"https:\/\/rosanacl.com\/ca\/?s={search_term_string}"},"query-input":{"@type":"PropertyValueSpecification","valueRequired":true,"valueName":"search_term_string"}}],"inLanguage":"fi"}]}},"_links":{"self":[{"href":"https:\/\/rosanacl.com\/fi\/wp-json\/wp\/v2\/pages\/4547","targetHints":{"allow":["GET"]}}],"collection":[{"href":"https:\/\/rosanacl.com\/fi\/wp-json\/wp\/v2\/pages"}],"about":[{"href":"https:\/\/rosanacl.com\/fi\/wp-json\/wp\/v2\/types\/page"}],"author":[{"embeddable":true,"href":"https:\/\/rosanacl.com\/fi\/wp-json\/wp\/v2\/users\/1"}],"replies":[{"embeddable":true,"href":"https:\/\/rosanacl.com\/fi\/wp-json\/wp\/v2\/comments?post=4547"}],"version-history":[{"count":5,"href":"https:\/\/rosanacl.com\/fi\/wp-json\/wp\/v2\/pages\/4547\/revisions"}],"predecessor-version":[{"id":4683,"href":"https:\/\/rosanacl.com\/fi\/wp-json\/wp\/v2\/pages\/4547\/revisions\/4683"}],"wp:attachment":[{"href":"https:\/\/rosanacl.com\/fi\/wp-json\/wp\/v2\/media?parent=4547"}],"curies":[{"name":"wp","href":"https:\/\/api.w.org\/{rel}","templated":true}]}}