{"id":1066,"date":"2025-04-30T00:46:30","date_gmt":"2025-04-29T22:46:30","guid":{"rendered":"https:\/\/rosanacl.com\/?post_type=product&#038;p=1066"},"modified":"2026-01-07T20:51:25","modified_gmt":"2026-01-07T19:51:25","slug":"sujetador-modelo-violeta","status":"publish","type":"product","link":"https:\/\/rosanacl.com\/fi\/tuote\/sujetador-modelo-violeta\/","title":{"rendered":"Selene Violet -rintaliivit"},"content":{"rendered":"<p>Selene Violeta -rintaliivit on suunniteltu silloin, kun haluat kauniin ja hyvin asetetun rinnan, mutta my\u00f6s sen erityisen silauksen, joka tekee eron: sile\u00e4mm\u00e4t sivut ja kainalot, jotka peitt\u00e4v\u00e4t rinnat saumattomasti vaatteiden alla. Kaarituet tukevat tukevasti ja pehmustetut kupit korostavat rintoja liioittelematta.<\/p>\n<p>Sen vahvuus on laserleikattu, ristikk\u00e4in tehty kontrollitylli, joka on suunniteltu minimoimaan sivupullistumia ja luomaan virtaviivaisemman siluetin. Se on loistava valinta t-paitoihin, istuviin vaatteisiin ja arkityyliin, aina kun haluat tuntea olosi itsevarmaksi ja imarreluksi heti pukemishetkest\u00e4 l\u00e4htien.<\/p>\n<p>Yksityiskohdat, jotka tekev\u00e4t Violetassa eron<\/p>\n<ul>\n<li>Topattu kuppi, joka luonnollisesti korostaa ja luo kauniimman dekolteen.<\/li>\n<li>Vanteet, jotka tarjoavat vakaan tuen ja keskitetymm\u00e4n muodon.<\/li>\n<li>Ristikk\u00e4inen kontrollitylli peitt\u00e4\u00e4 ja silottaa sivuja ja kainaloita.<\/li>\n<li>Laserleikattu siistimp\u00e4\u00e4n ja huomaamattomampaan lopputulokseen vaatteiden alla.<\/li>\n<li>Silottava efekti, joka tyylittelee visuaalisesti mukavuudesta tinkim\u00e4tt\u00e4.<\/li>\n<\/ul>\n<p>\ud83d\udde3\ufe0f Vinkki: Violeta sopii p\u00e4iviin, jolloin haluat tuntea olosi tyylikk\u00e4\u00e4ksi ja itsevarmaksi heti pukemishetkest\u00e4 l\u00e4htien: rintasi n\u00e4ytt\u00e4v\u00e4t kauniilta ja keskitetyilt\u00e4, ja kyljet tuntuvat sile\u00e4mmilt\u00e4 vaatteiden alla. Se on tuki, joka saa sinut k\u00e4velem\u00e4\u00e4n itsevarmemmin.<\/p>\n<p>\ud83d\udccf Huom: Jos olet kahden koon v\u00e4lill\u00e4, l\u00e4het\u00e4 ymp\u00e4rysmitta: jos haluat napakamman ja tukevamman istuvuuden, valitse pienempi koko; jos haluat enemm\u00e4n mukavuutta (tai sinulla on herkk\u00e4 kylki), valitse yksi koko suurempi.<\/p>\n<p>Koostumus: 50% polyamidi, 40% polyesteri, 10% elastaani.<\/p>\n<p>\ud83e\ude9e Katsot itse\u00e4si ja ymm\u00e4rr\u00e4t: t\u00e4n\u00e4\u00e4n n\u00e4yt\u00e4t moitteettomalta.<\/p>\n<div id=\"v1ms-outlook-mobile-body-separator-line\" dir=\"auto\"><\/div>","protected":false},"excerpt":{"rendered":"<p>El sujetador Selene modelo Violeta est\u00e1 pensado para cuando buscas un pecho bonito y bien colocado, pero tambi\u00e9n quieres ese extra que se nota en el conjunto: costados y zona de axila m\u00e1s lisos, con una cobertura que se integra mejor bajo la ropa. Lleva aros para una sujeci\u00f3n m\u00e1s firme y una copa con [&hellip;]<\/p>\n","protected":false},"featured_media":2368,"comment_status":"open","ping_status":"closed","template":"","meta":{"content-type":""},"product_brand":[55],"product_cat":[26,20,113],"product_tag":[56,62],"class_list":{"0":"post-1066","1":"product","2":"type-product","3":"status-publish","4":"has-post-thumbnail","6":"product_brand-selene","7":"product_cat-con-aros-y-relleno","8":"product_cat-sujetador","9":"product_cat-violeta","10":"product_tag-sujetador","11":"product_tag-sujetador-con-aros-y-rellenos","13":"first","14":"instock","15":"taxable","16":"shipping-taxable","17":"purchasable","18":"product-type-variable"},"supplier_id":null,"supplier_sku":"","barcode":null,"atum_controlled":true,"out_stock_date":null,"out_stock_threshold":null,"inheritable":true,"inbound_stock":0,"stock_on_hold":0,"sold_today":0,"sales_last_days":0,"reserved_stock":0,"customer_returns":0,"warehouse_damage":0,"lost_in_post":0,"other_logs":0,"out_stock_days":0,"lost_sales":0,"has_location":false,"update_date":"2026-01-07T19:51:26","atum_locations":[],"atum_stock_status":"instock","restock_status":false,"low_stock_amount":"","sales_update_date":"2025-10-03T04:56:54","calc_backorders":null,"yoast_head":"<!-- This site is optimized with the Yoast SEO plugin v27.4 - https:\/\/yoast.com\/product\/yoast-seo-wordpress\/ -->\n<title>Sujetador Selene Violeta - Rosana CL<\/title>\n<meta name=\"robots\" content=\"index, follow, max-snippet:-1, max-image-preview:large, max-video-preview:-1\" \/>\n<link rel=\"canonical\" href=\"https:\/\/rosanacl.com\/fi\/tuote\/sujetador-modelo-violeta\/\" \/>\n<meta property=\"og:locale\" content=\"fi_FI\" \/>\n<meta property=\"og:type\" content=\"article\" \/>\n<meta property=\"og:title\" content=\"Sujetador Selene Violeta - Rosana CL\" \/>\n<meta property=\"og:description\" content=\"El sujetador Selene modelo Violeta est\u00e1 pensado para cuando buscas un pecho bonito y bien colocado, pero tambi\u00e9n quieres ese extra que se nota en el conjunto: costados y zona de axila m\u00e1s lisos, con una cobertura que se integra mejor bajo la ropa. Lleva aros para una sujeci\u00f3n m\u00e1s firme y una copa con [&hellip;]\" \/>\n<meta property=\"og:url\" content=\"https:\/\/rosanacl.com\/fi\/tuote\/sujetador-modelo-violeta\/\" \/>\n<meta property=\"og:site_name\" content=\"Rosana CL\" \/>\n<meta property=\"article:modified_time\" content=\"2026-01-07T19:51:25+00:00\" \/>\n<meta property=\"og:image\" content=\"https:\/\/rosanacl.com\/wp-content\/uploads\/2025\/04\/1-5.jpg\" \/>\n\t<meta property=\"og:image:width\" content=\"889\" \/>\n\t<meta property=\"og:image:height\" content=\"1333\" \/>\n\t<meta property=\"og:image:type\" content=\"image\/jpeg\" \/>\n<meta name=\"twitter:card\" content=\"summary_large_image\" \/>\n<meta name=\"twitter:label1\" content=\"Arvioitu lukuaika\" \/>\n\t<meta name=\"twitter:data1\" content=\"2 minuuttia\" \/>\n<script type=\"application\/ld+json\" class=\"yoast-schema-graph\">{\"@context\":\"https:\\\/\\\/schema.org\",\"@graph\":[{\"@type\":\"WebPage\",\"@id\":\"https:\\\/\\\/rosanacl.com\\\/producto\\\/sujetador-modelo-violeta\\\/\",\"url\":\"https:\\\/\\\/rosanacl.com\\\/producto\\\/sujetador-modelo-violeta\\\/\",\"name\":\"Sujetador Selene Violeta - Rosana CL\",\"isPartOf\":{\"@id\":\"https:\\\/\\\/rosanacl.com\\\/ca\\\/#website\"},\"primaryImageOfPage\":{\"@id\":\"https:\\\/\\\/rosanacl.com\\\/producto\\\/sujetador-modelo-violeta\\\/#primaryimage\"},\"image\":{\"@id\":\"https:\\\/\\\/rosanacl.com\\\/producto\\\/sujetador-modelo-violeta\\\/#primaryimage\"},\"thumbnailUrl\":\"https:\\\/\\\/rosanacl.com\\\/wp-content\\\/uploads\\\/2025\\\/04\\\/1-5.jpg\",\"datePublished\":\"2025-04-29T22:46:30+00:00\",\"dateModified\":\"2026-01-07T19:51:25+00:00\",\"breadcrumb\":{\"@id\":\"https:\\\/\\\/rosanacl.com\\\/producto\\\/sujetador-modelo-violeta\\\/#breadcrumb\"},\"inLanguage\":\"fi\",\"potentialAction\":[{\"@type\":\"ReadAction\",\"target\":[\"https:\\\/\\\/rosanacl.com\\\/producto\\\/sujetador-modelo-violeta\\\/\"]}]},{\"@type\":\"ImageObject\",\"inLanguage\":\"fi\",\"@id\":\"https:\\\/\\\/rosanacl.com\\\/producto\\\/sujetador-modelo-violeta\\\/#primaryimage\",\"url\":\"https:\\\/\\\/rosanacl.com\\\/wp-content\\\/uploads\\\/2025\\\/04\\\/1-5.jpg\",\"contentUrl\":\"https:\\\/\\\/rosanacl.com\\\/wp-content\\\/uploads\\\/2025\\\/04\\\/1-5.jpg\",\"width\":889,\"height\":1333},{\"@type\":\"BreadcrumbList\",\"@id\":\"https:\\\/\\\/rosanacl.com\\\/producto\\\/sujetador-modelo-violeta\\\/#breadcrumb\",\"itemListElement\":[{\"@type\":\"ListItem\",\"position\":1,\"name\":\"Portada\",\"item\":\"https:\\\/\\\/rosanacl.com\\\/ca\\\/\"},{\"@type\":\"ListItem\",\"position\":2,\"name\":\"Tienda\",\"item\":\"https:\\\/\\\/rosanacl.com\\\/ca\\\/tienda\\\/\"},{\"@type\":\"ListItem\",\"position\":3,\"name\":\"Sujetador Selene Violeta\"}]},{\"@type\":\"WebSite\",\"@id\":\"https:\\\/\\\/rosanacl.com\\\/ca\\\/#website\",\"url\":\"https:\\\/\\\/rosanacl.com\\\/ca\\\/\",\"name\":\"Rosana CL\",\"description\":\"Somos tu interior\",\"potentialAction\":[{\"@type\":\"SearchAction\",\"target\":{\"@type\":\"EntryPoint\",\"urlTemplate\":\"https:\\\/\\\/rosanacl.com\\\/ca\\\/?s={search_term_string}\"},\"query-input\":{\"@type\":\"PropertyValueSpecification\",\"valueRequired\":true,\"valueName\":\"search_term_string\"}}],\"inLanguage\":\"fi\"}]}<\/script>\n<!-- \/ Yoast SEO plugin. -->","yoast_head_json":{"title":"Sujetador Selene Violeta - Rosana CL","robots":{"index":"index","follow":"follow","max-snippet":"max-snippet:-1","max-image-preview":"max-image-preview:large","max-video-preview":"max-video-preview:-1"},"canonical":"https:\/\/rosanacl.com\/fi\/tuote\/sujetador-modelo-violeta\/","og_locale":"fi_FI","og_type":"article","og_title":"Sujetador Selene Violeta - Rosana CL","og_description":"El sujetador Selene modelo Violeta est\u00e1 pensado para cuando buscas un pecho bonito y bien colocado, pero tambi\u00e9n quieres ese extra que se nota en el conjunto: costados y zona de axila m\u00e1s lisos, con una cobertura que se integra mejor bajo la ropa. Lleva aros para una sujeci\u00f3n m\u00e1s firme y una copa con [&hellip;]","og_url":"https:\/\/rosanacl.com\/fi\/tuote\/sujetador-modelo-violeta\/","og_site_name":"Rosana CL","article_modified_time":"2026-01-07T19:51:25+00:00","og_image":[{"width":889,"height":1333,"url":"https:\/\/rosanacl.com\/wp-content\/uploads\/2025\/04\/1-5.jpg","type":"image\/jpeg"}],"twitter_card":"summary_large_image","twitter_misc":{"Arvioitu lukuaika":"2 minuuttia"},"schema":{"@context":"https:\/\/schema.org","@graph":[{"@type":"WebPage","@id":"https:\/\/rosanacl.com\/producto\/sujetador-modelo-violeta\/","url":"https:\/\/rosanacl.com\/producto\/sujetador-modelo-violeta\/","name":"Sujetador Selene Violeta - Rosana CL","isPartOf":{"@id":"https:\/\/rosanacl.com\/ca\/#website"},"primaryImageOfPage":{"@id":"https:\/\/rosanacl.com\/producto\/sujetador-modelo-violeta\/#primaryimage"},"image":{"@id":"https:\/\/rosanacl.com\/producto\/sujetador-modelo-violeta\/#primaryimage"},"thumbnailUrl":"https:\/\/rosanacl.com\/wp-content\/uploads\/2025\/04\/1-5.jpg","datePublished":"2025-04-29T22:46:30+00:00","dateModified":"2026-01-07T19:51:25+00:00","breadcrumb":{"@id":"https:\/\/rosanacl.com\/producto\/sujetador-modelo-violeta\/#breadcrumb"},"inLanguage":"fi","potentialAction":[{"@type":"ReadAction","target":["https:\/\/rosanacl.com\/producto\/sujetador-modelo-violeta\/"]}]},{"@type":"ImageObject","inLanguage":"fi","@id":"https:\/\/rosanacl.com\/producto\/sujetador-modelo-violeta\/#primaryimage","url":"https:\/\/rosanacl.com\/wp-content\/uploads\/2025\/04\/1-5.jpg","contentUrl":"https:\/\/rosanacl.com\/wp-content\/uploads\/2025\/04\/1-5.jpg","width":889,"height":1333},{"@type":"BreadcrumbList","@id":"https:\/\/rosanacl.com\/producto\/sujetador-modelo-violeta\/#breadcrumb","itemListElement":[{"@type":"ListItem","position":1,"name":"Portada","item":"https:\/\/rosanacl.com\/ca\/"},{"@type":"ListItem","position":2,"name":"Tienda","item":"https:\/\/rosanacl.com\/ca\/tienda\/"},{"@type":"ListItem","position":3,"name":"Sujetador Selene Violeta"}]},{"@type":"WebSite","@id":"https:\/\/rosanacl.com\/ca\/#website","url":"https:\/\/rosanacl.com\/ca\/","name":"Rosana CL","description":"Me olemme sisustuksesi","potentialAction":[{"@type":"SearchAction","target":{"@type":"EntryPoint","urlTemplate":"https:\/\/rosanacl.com\/ca\/?s={search_term_string}"},"query-input":{"@type":"PropertyValueSpecification","valueRequired":true,"valueName":"search_term_string"}}],"inLanguage":"fi"}]}},"_links":{"self":[{"href":"https:\/\/rosanacl.com\/fi\/wp-json\/wp\/v2\/product\/1066","targetHints":{"allow":["GET"]}}],"collection":[{"href":"https:\/\/rosanacl.com\/fi\/wp-json\/wp\/v2\/product"}],"about":[{"href":"https:\/\/rosanacl.com\/fi\/wp-json\/wp\/v2\/types\/product"}],"replies":[{"embeddable":true,"href":"https:\/\/rosanacl.com\/fi\/wp-json\/wp\/v2\/comments?post=1066"}],"version-history":[{"count":5,"href":"https:\/\/rosanacl.com\/fi\/wp-json\/wp\/v2\/product\/1066\/revisions"}],"predecessor-version":[{"id":4611,"href":"https:\/\/rosanacl.com\/fi\/wp-json\/wp\/v2\/product\/1066\/revisions\/4611"}],"wp:featuredmedia":[{"embeddable":true,"href":"https:\/\/rosanacl.com\/fi\/wp-json\/wp\/v2\/media\/2368"}],"wp:attachment":[{"href":"https:\/\/rosanacl.com\/fi\/wp-json\/wp\/v2\/media?parent=1066"}],"wp:term":[{"taxonomy":"product_brand","embeddable":true,"href":"https:\/\/rosanacl.com\/fi\/wp-json\/wp\/v2\/product_brand?post=1066"},{"taxonomy":"product_cat","embeddable":true,"href":"https:\/\/rosanacl.com\/fi\/wp-json\/wp\/v2\/product_cat?post=1066"},{"taxonomy":"product_tag","embeddable":true,"href":"https:\/\/rosanacl.com\/fi\/wp-json\/wp\/v2\/product_tag?post=1066"}],"curies":[{"name":"wp","href":"https:\/\/api.w.org\/{rel}","templated":true}]}}