{"id":3446,"date":"2025-08-19T09:18:31","date_gmt":"2025-08-19T07:18:31","guid":{"rendered":"https:\/\/rosanacl.com\/?post_type=product&#038;p=3446"},"modified":"2026-01-08T03:07:48","modified_gmt":"2026-01-08T02:07:48","slug":"braga-selene-roxana","status":"publish","type":"product","link":"https:\/\/rosanacl.com\/fi\/tuote\/braga-selene-roxana\/","title":{"rendered":"Braga Selene Roxana"},"content":{"rendered":"<p>Selene Roxana -alushousut ovat korkeavy\u00f6t\u00e4r\u00f6iset, tukevat ja mukavat vatsan aluetta tukevat alushousut. Tylli ja koristeellinen etuosa antavat alushousuille herk\u00e4n ja naisellisen ilmeen, t\u00e4ydellisesti tuetun tunteen saamiseksi tinkim\u00e4tt\u00e4 pehmeydest\u00e4.<\/p>\n<p>Ne ovat t\u00e4ydelliset, jos etsit alusvaatteita, jotka rypist\u00e4ytyv\u00e4t, silottavat ja sopivat sinulle joka p\u00e4iv\u00e4, ja joiden kaunis muotoilu huomaa heti pukiessasi ne.<\/p>\n<p>Mist\u00e4 tulet pit\u00e4m\u00e4\u00e4n<\/p>\n<ul>\n<li>Korkea vy\u00f6t\u00e4r\u00f6nauha: auttaa silottamaan visuaalisesti ja pit\u00e4\u00e4 vaatteen hyvin istuvana.<\/li>\n<li>Pehme\u00e4mpi vatsa: pysyy mukavasti paikallaan ilman &quot;kovettuvaa&quot; tunnetta.<\/li>\n<li>Tylli + etufantasia: elegantti yksityiskohta, joka kohottaa ilmett\u00e4 olematta kuitenkaan liian hallitseva.<\/li>\n<li>Mukava kangas jokap\u00e4iv\u00e4iseen k\u00e4ytt\u00f6\u00f6n: se mukautuu vartaloon ja liikkuu mukanasi.<\/li>\n<li>Suositeltu setti: yhdist\u00e4 se Selene Roxana- ja Selene Katia -rintaliivien kanssa t\u00e4ydellisen setin luomiseksi.<\/li>\n<\/ul>\n<p>\ud83d\udde3\ufe0f Vinkki: Roxana on suunniteltu antamaan sinulle &quot;hyv\u00e4n hallinnan&quot;: kun laitat sen p\u00e4\u00e4lle, sen tulisi tuntua napakalta mutta mukavalta, kuin alusvaatteet, jotka nostavat ja silottavat vatsaasi painamatta sis\u00e4\u00e4n tai saamatta sinua tuntemaan oloasi haarniskan kaltaiseksi. Jos huomaat, ett\u00e4 se liikkuu mukanasi (eik\u00e4 purista) k\u00e4velless\u00e4si ja istuessasi, t\u00e4m\u00e4 on oikea tuntuma t\u00e4lle tyylille.<\/p>\n<p>\ud83d\udccf Huomautus: Pid\u00e4 t\u00e4m\u00e4 mieless\u00e4 ennen ostamista: koska n\u00e4m\u00e4 ovat korkeavy\u00f6t\u00e4r\u00f6iset kontrolloidut alushousut, jos olet kahden koon v\u00e4lill\u00e4 tai haluat &quot;pehme\u00e4mm\u00e4n&quot; istuvuuden, on yleens\u00e4 parempi valita suurempi koko, jotta vy\u00f6t\u00e4r\u00f6nauha istuu tasaisesti ja sile\u00e4sti (j\u00e4tt\u00e4m\u00e4tt\u00e4 j\u00e4lki\u00e4) ja s\u00e4ilyt\u00e4t mukavan tunteen koko p\u00e4iv\u00e4n.<\/p>\n<p>Composici\u00f3n: 83% poliamida, 17% elastano.<br \/>\n(Refuerzo interior en la zona \u00edntima: algod\u00f3n, en la mayor\u00eda de modelos.)<\/p>\n<p>\ud83d\udc57 Yksityiskohta, joka tekee eron: kaunis, elegantti ja mukava k\u00e4ytt\u00e4\u00e4\u2026 koko p\u00e4iv\u00e4n.<\/p>\n<div id=\"v1ms-outlook-mobile-body-separator-line\" dir=\"auto\"><\/div>","protected":false},"excerpt":{"rendered":"<p>La Braga Selene Roxana es una braga alta de control pensada para estilizar la zona del vientre con comodidad y un acabado elegante. Su combinaci\u00f3n de tul y detalle de fantas\u00eda en la parte delantera aporta un toque fino y femenino, ideal para sentirte sujeta sin renunciar a la suavidad. Es perfecta si buscas una [&hellip;]<\/p>\n","protected":false},"featured_media":3471,"comment_status":"closed","ping_status":"closed","template":"","meta":{"content-type":""},"product_brand":[55],"product_cat":[19],"product_tag":[69],"class_list":{"0":"post-3446","1":"product","2":"type-product","3":"status-publish","4":"has-post-thumbnail","6":"product_brand-selene","7":"product_cat-braga","8":"product_tag-braga","10":"first","11":"instock","12":"taxable","13":"shipping-taxable","14":"purchasable","15":"product-type-variable"},"supplier_id":null,"supplier_sku":"","barcode":null,"atum_controlled":true,"out_stock_date":null,"out_stock_threshold":null,"inheritable":true,"inbound_stock":0,"stock_on_hold":0,"sold_today":null,"sales_last_days":null,"reserved_stock":0,"customer_returns":0,"warehouse_damage":0,"lost_in_post":0,"other_logs":0,"out_stock_days":null,"lost_sales":null,"has_location":false,"update_date":"2026-01-08T02:07:49","atum_locations":[],"atum_stock_status":"instock","restock_status":false,"low_stock_amount":"","sales_update_date":"2025-10-03T04:55:32","calc_backorders":null,"yoast_head":"<!-- This site is optimized with the Yoast SEO plugin v27.4 - https:\/\/yoast.com\/product\/yoast-seo-wordpress\/ -->\n<title>Braga Selene Roxana - Rosana CL<\/title>\n<meta name=\"robots\" content=\"index, follow, max-snippet:-1, max-image-preview:large, max-video-preview:-1\" \/>\n<link rel=\"canonical\" href=\"https:\/\/rosanacl.com\/fi\/tuote\/braga-selene-roxana\/\" \/>\n<meta property=\"og:locale\" content=\"fi_FI\" \/>\n<meta property=\"og:type\" content=\"article\" \/>\n<meta property=\"og:title\" content=\"Braga Selene Roxana - Rosana CL\" \/>\n<meta property=\"og:description\" content=\"La Braga Selene Roxana es una braga alta de control pensada para estilizar la zona del vientre con comodidad y un acabado elegante. Su combinaci\u00f3n de tul y detalle de fantas\u00eda en la parte delantera aporta un toque fino y femenino, ideal para sentirte sujeta sin renunciar a la suavidad. Es perfecta si buscas una [&hellip;]\" \/>\n<meta property=\"og:url\" content=\"https:\/\/rosanacl.com\/fi\/tuote\/braga-selene-roxana\/\" \/>\n<meta property=\"og:site_name\" content=\"Rosana CL\" \/>\n<meta property=\"article:modified_time\" content=\"2026-01-08T02:07:48+00:00\" \/>\n<meta property=\"og:image\" content=\"https:\/\/rosanacl.com\/wp-content\/uploads\/2025\/08\/1-7-1024x1024.png\" \/>\n\t<meta property=\"og:image:width\" content=\"1024\" \/>\n\t<meta property=\"og:image:height\" content=\"1024\" \/>\n\t<meta property=\"og:image:type\" content=\"image\/png\" \/>\n<meta name=\"twitter:card\" content=\"summary_large_image\" \/>\n<meta name=\"twitter:label1\" content=\"Arvioitu lukuaika\" \/>\n\t<meta name=\"twitter:data1\" content=\"2 minuuttia\" \/>\n<script type=\"application\/ld+json\" class=\"yoast-schema-graph\">{\"@context\":\"https:\\\/\\\/schema.org\",\"@graph\":[{\"@type\":\"WebPage\",\"@id\":\"https:\\\/\\\/rosanacl.com\\\/producto\\\/braga-selene-roxana\\\/\",\"url\":\"https:\\\/\\\/rosanacl.com\\\/producto\\\/braga-selene-roxana\\\/\",\"name\":\"Braga Selene Roxana - Rosana CL\",\"isPartOf\":{\"@id\":\"https:\\\/\\\/rosanacl.com\\\/ca\\\/#website\"},\"primaryImageOfPage\":{\"@id\":\"https:\\\/\\\/rosanacl.com\\\/producto\\\/braga-selene-roxana\\\/#primaryimage\"},\"image\":{\"@id\":\"https:\\\/\\\/rosanacl.com\\\/producto\\\/braga-selene-roxana\\\/#primaryimage\"},\"thumbnailUrl\":\"https:\\\/\\\/rosanacl.com\\\/wp-content\\\/uploads\\\/2025\\\/08\\\/1-7.png\",\"datePublished\":\"2025-08-19T07:18:31+00:00\",\"dateModified\":\"2026-01-08T02:07:48+00:00\",\"breadcrumb\":{\"@id\":\"https:\\\/\\\/rosanacl.com\\\/producto\\\/braga-selene-roxana\\\/#breadcrumb\"},\"inLanguage\":\"fi\",\"potentialAction\":[{\"@type\":\"ReadAction\",\"target\":[\"https:\\\/\\\/rosanacl.com\\\/producto\\\/braga-selene-roxana\\\/\"]}]},{\"@type\":\"ImageObject\",\"inLanguage\":\"fi\",\"@id\":\"https:\\\/\\\/rosanacl.com\\\/producto\\\/braga-selene-roxana\\\/#primaryimage\",\"url\":\"https:\\\/\\\/rosanacl.com\\\/wp-content\\\/uploads\\\/2025\\\/08\\\/1-7.png\",\"contentUrl\":\"https:\\\/\\\/rosanacl.com\\\/wp-content\\\/uploads\\\/2025\\\/08\\\/1-7.png\",\"width\":1333,\"height\":1333},{\"@type\":\"BreadcrumbList\",\"@id\":\"https:\\\/\\\/rosanacl.com\\\/producto\\\/braga-selene-roxana\\\/#breadcrumb\",\"itemListElement\":[{\"@type\":\"ListItem\",\"position\":1,\"name\":\"Portada\",\"item\":\"https:\\\/\\\/rosanacl.com\\\/ca\\\/\"},{\"@type\":\"ListItem\",\"position\":2,\"name\":\"Tienda\",\"item\":\"https:\\\/\\\/rosanacl.com\\\/ca\\\/tienda\\\/\"},{\"@type\":\"ListItem\",\"position\":3,\"name\":\"Braga Selene Roxana\"}]},{\"@type\":\"WebSite\",\"@id\":\"https:\\\/\\\/rosanacl.com\\\/ca\\\/#website\",\"url\":\"https:\\\/\\\/rosanacl.com\\\/ca\\\/\",\"name\":\"Rosana CL\",\"description\":\"Somos tu interior\",\"potentialAction\":[{\"@type\":\"SearchAction\",\"target\":{\"@type\":\"EntryPoint\",\"urlTemplate\":\"https:\\\/\\\/rosanacl.com\\\/ca\\\/?s={search_term_string}\"},\"query-input\":{\"@type\":\"PropertyValueSpecification\",\"valueRequired\":true,\"valueName\":\"search_term_string\"}}],\"inLanguage\":\"fi\"}]}<\/script>\n<!-- \/ Yoast SEO plugin. -->","yoast_head_json":{"title":"Braga Selene Roxana - Rosana CL","robots":{"index":"index","follow":"follow","max-snippet":"max-snippet:-1","max-image-preview":"max-image-preview:large","max-video-preview":"max-video-preview:-1"},"canonical":"https:\/\/rosanacl.com\/fi\/tuote\/braga-selene-roxana\/","og_locale":"fi_FI","og_type":"article","og_title":"Braga Selene Roxana - Rosana CL","og_description":"La Braga Selene Roxana es una braga alta de control pensada para estilizar la zona del vientre con comodidad y un acabado elegante. Su combinaci\u00f3n de tul y detalle de fantas\u00eda en la parte delantera aporta un toque fino y femenino, ideal para sentirte sujeta sin renunciar a la suavidad. Es perfecta si buscas una [&hellip;]","og_url":"https:\/\/rosanacl.com\/fi\/tuote\/braga-selene-roxana\/","og_site_name":"Rosana CL","article_modified_time":"2026-01-08T02:07:48+00:00","og_image":[{"width":1024,"height":1024,"url":"https:\/\/rosanacl.com\/wp-content\/uploads\/2025\/08\/1-7-1024x1024.png","type":"image\/png"}],"twitter_card":"summary_large_image","twitter_misc":{"Arvioitu lukuaika":"2 minuuttia"},"schema":{"@context":"https:\/\/schema.org","@graph":[{"@type":"WebPage","@id":"https:\/\/rosanacl.com\/producto\/braga-selene-roxana\/","url":"https:\/\/rosanacl.com\/producto\/braga-selene-roxana\/","name":"Braga Selene Roxana - Rosana CL","isPartOf":{"@id":"https:\/\/rosanacl.com\/ca\/#website"},"primaryImageOfPage":{"@id":"https:\/\/rosanacl.com\/producto\/braga-selene-roxana\/#primaryimage"},"image":{"@id":"https:\/\/rosanacl.com\/producto\/braga-selene-roxana\/#primaryimage"},"thumbnailUrl":"https:\/\/rosanacl.com\/wp-content\/uploads\/2025\/08\/1-7.png","datePublished":"2025-08-19T07:18:31+00:00","dateModified":"2026-01-08T02:07:48+00:00","breadcrumb":{"@id":"https:\/\/rosanacl.com\/producto\/braga-selene-roxana\/#breadcrumb"},"inLanguage":"fi","potentialAction":[{"@type":"ReadAction","target":["https:\/\/rosanacl.com\/producto\/braga-selene-roxana\/"]}]},{"@type":"ImageObject","inLanguage":"fi","@id":"https:\/\/rosanacl.com\/producto\/braga-selene-roxana\/#primaryimage","url":"https:\/\/rosanacl.com\/wp-content\/uploads\/2025\/08\/1-7.png","contentUrl":"https:\/\/rosanacl.com\/wp-content\/uploads\/2025\/08\/1-7.png","width":1333,"height":1333},{"@type":"BreadcrumbList","@id":"https:\/\/rosanacl.com\/producto\/braga-selene-roxana\/#breadcrumb","itemListElement":[{"@type":"ListItem","position":1,"name":"Portada","item":"https:\/\/rosanacl.com\/ca\/"},{"@type":"ListItem","position":2,"name":"Tienda","item":"https:\/\/rosanacl.com\/ca\/tienda\/"},{"@type":"ListItem","position":3,"name":"Braga Selene Roxana"}]},{"@type":"WebSite","@id":"https:\/\/rosanacl.com\/ca\/#website","url":"https:\/\/rosanacl.com\/ca\/","name":"Rosana CL","description":"Me olemme sisustuksesi","potentialAction":[{"@type":"SearchAction","target":{"@type":"EntryPoint","urlTemplate":"https:\/\/rosanacl.com\/ca\/?s={search_term_string}"},"query-input":{"@type":"PropertyValueSpecification","valueRequired":true,"valueName":"search_term_string"}}],"inLanguage":"fi"}]}},"_links":{"self":[{"href":"https:\/\/rosanacl.com\/fi\/wp-json\/wp\/v2\/product\/3446","targetHints":{"allow":["GET"]}}],"collection":[{"href":"https:\/\/rosanacl.com\/fi\/wp-json\/wp\/v2\/product"}],"about":[{"href":"https:\/\/rosanacl.com\/fi\/wp-json\/wp\/v2\/types\/product"}],"replies":[{"embeddable":true,"href":"https:\/\/rosanacl.com\/fi\/wp-json\/wp\/v2\/comments?post=3446"}],"version-history":[{"count":5,"href":"https:\/\/rosanacl.com\/fi\/wp-json\/wp\/v2\/product\/3446\/revisions"}],"predecessor-version":[{"id":4634,"href":"https:\/\/rosanacl.com\/fi\/wp-json\/wp\/v2\/product\/3446\/revisions\/4634"}],"wp:featuredmedia":[{"embeddable":true,"href":"https:\/\/rosanacl.com\/fi\/wp-json\/wp\/v2\/media\/3471"}],"wp:attachment":[{"href":"https:\/\/rosanacl.com\/fi\/wp-json\/wp\/v2\/media?parent=3446"}],"wp:term":[{"taxonomy":"product_brand","embeddable":true,"href":"https:\/\/rosanacl.com\/fi\/wp-json\/wp\/v2\/product_brand?post=3446"},{"taxonomy":"product_cat","embeddable":true,"href":"https:\/\/rosanacl.com\/fi\/wp-json\/wp\/v2\/product_cat?post=3446"},{"taxonomy":"product_tag","embeddable":true,"href":"https:\/\/rosanacl.com\/fi\/wp-json\/wp\/v2\/product_tag?post=3446"}],"curies":[{"name":"wp","href":"https:\/\/api.w.org\/{rel}","templated":true}]}}