{"id":3552,"date":"2025-08-19T09:56:34","date_gmt":"2025-08-19T07:56:34","guid":{"rendered":"https:\/\/rosanacl.com\/?post_type=product&#038;p=3552"},"modified":"2026-01-07T23:53:05","modified_gmt":"2026-01-07T22:53:05","slug":"body-selene-cristina","status":"publish","type":"product","link":"https:\/\/rosanacl.com\/fi\/tuote\/body-selene-cristina\/","title":{"rendered":"Body Selene Cristina"},"content":{"rendered":"<p>Body Selene Cristina: el body moldeador de microfibra que estiliza la silueta con un acabado limpio, elegante y muy c\u00f3modo.<br \/>\nDise\u00f1ado para aportar sujeci\u00f3n real en el pecho (con aros y sin relleno) y, a la vez, una sensaci\u00f3n de control suave en la zona del abdomen.<\/p>\n<p>Cristina on ihanteellinen valinta, jos etsit bodya, joka &quot;tekee kaiken&quot;: se korostaa rintoja kauniilla, luonnollisella muodolla, m\u00e4\u00e4rittelee vy\u00f6t\u00e4r\u00f6\u00e4 ilman kirist\u00e4v\u00e4\u00e4 tunnetta ja luo selke\u00e4mm\u00e4n siluetin vaatteiden alle. Sen mikrokuitukangas mukautuu vartaloon kuin toinen iho, tuntuen pehme\u00e4lt\u00e4 ja imartelevalta.<\/p>\n<p>Lis\u00e4ksi siin\u00e4 on vahvikkeet vatsan alueella, jotka on suunniteltu silottamaan visuaalisesti ja saavuttamaan viimeistellympi lopputulos mekkoissa, istuvissa vaatteissa ja arkiasuissa.<\/p>\n<p>Yksityiskohdat, jotka huomaat pukiessasi sen p\u00e4\u00e4lle<\/p>\n<ul>\n<li>Pehme\u00e4st\u00e4 ja mukavasta mikrokuitukankaasta valmistettu Control-body.<\/li>\n<li>Kaarituet tukevat napakasti ja muotoilevat rintoja kauniisti.<\/li>\n<li>Ei t\u00e4yteainetta, luonnollinen ja kevyt lopputulos.<\/li>\n<li>Vatsan vahvistus, joka auttaa silottamaan ja tyylitt\u00e4m\u00e4\u00e4n vartaloa.<\/li>\n<li>T\u00e4ydellinen k\u00e4ytett\u00e4v\u00e4ksi alusvaatteena tai p\u00e4\u00e4llysvaatteena bleiserin\/takin kanssa.<\/li>\n<\/ul>\n<p>\ud83d\udde3\ufe0f Vinkki: Cristina on suunniteltu antamaan sinulle hell\u00e4varaista hallintaa vatsan alueelle ja todellista tukea rinnalle &quot;toisen ihon&quot; mikrokuituisella tunteella: se m\u00e4\u00e4rittelee sinut ja j\u00e4tt\u00e4\u00e4 sinut n\u00e4ytt\u00e4m\u00e4\u00e4n tyylikk\u00e4\u00e4lt\u00e4 vaatteiden alla tuntematta j\u00e4ykkyytt\u00e4.<\/p>\n<p>\ud83d\udccf Huomautus: Ennen ostamista k\u00e4yt\u00e4 t\u00e4t\u00e4 pikakoko-opasta: valitse kokosi, jos vatsanmuokkausosa istuu tasaisesti ja vakaasti (ei rullaudu yl\u00f6s) ja rintakeh\u00e4si on keskell\u00e4 ilman rakoja. Jos se yleens\u00e4 painautuu istuessasi tai tuntuu ahtaalta, tilaa yksi koko suurempi; jos se on yleens\u00e4 l\u00f6ys\u00e4 vy\u00f6t\u00e4r\u00f6n\/vatsan ymp\u00e4rill\u00e4 tai rintakeh\u00e4\u00e4si ei tueta, tilaa yksi koko pienempi.<\/p>\n<p>Materiaali: 84% polyamidi, 16% polyesteri.<\/p>\n<p>\u2728 Body Cristina: tukea, hallintaa ja upea siluetti\u2026 heti kun puet sen p\u00e4\u00e4lle.<\/p>","protected":false},"excerpt":{"rendered":"<p>Body Selene Cristina: el body moldeador de microfibra que estiliza la silueta con un acabado limpio, elegante y muy c\u00f3modo. Dise\u00f1ado para aportar sujeci\u00f3n real en el pecho (con aros y sin relleno) y, a la vez, una sensaci\u00f3n de control suave en la zona del abdomen. El Cristina es ideal si buscas un body [&hellip;]<\/p>\n","protected":false},"featured_media":3563,"comment_status":"closed","ping_status":"closed","template":"","meta":{"content-type":""},"product_brand":[55],"product_cat":[18],"product_tag":[66],"class_list":{"0":"post-3552","1":"product","2":"type-product","3":"status-publish","4":"has-post-thumbnail","6":"product_brand-selene","7":"product_cat-body","8":"product_tag-body","10":"first","11":"instock","12":"taxable","13":"shipping-taxable","14":"purchasable","15":"product-type-variable"},"supplier_id":null,"supplier_sku":"","barcode":null,"atum_controlled":true,"out_stock_date":null,"out_stock_threshold":null,"inheritable":true,"inbound_stock":0,"stock_on_hold":0,"sold_today":null,"sales_last_days":null,"reserved_stock":0,"customer_returns":0,"warehouse_damage":0,"lost_in_post":0,"other_logs":0,"out_stock_days":null,"lost_sales":null,"has_location":false,"update_date":"2026-01-07T22:53:06","atum_locations":[],"atum_stock_status":"instock","restock_status":false,"low_stock_amount":"","sales_update_date":"2025-10-03T04:55:30","calc_backorders":null,"yoast_head":"<!-- This site is optimized with the Yoast SEO plugin v27.4 - https:\/\/yoast.com\/product\/yoast-seo-wordpress\/ -->\n<title>Body Selene Cristina - Rosana CL<\/title>\n<meta name=\"robots\" content=\"index, follow, max-snippet:-1, max-image-preview:large, max-video-preview:-1\" \/>\n<link rel=\"canonical\" href=\"https:\/\/rosanacl.com\/fi\/tuote\/body-selene-cristina\/\" \/>\n<meta property=\"og:locale\" content=\"fi_FI\" \/>\n<meta property=\"og:type\" content=\"article\" \/>\n<meta property=\"og:title\" content=\"Body Selene Cristina - Rosana CL\" \/>\n<meta property=\"og:description\" content=\"Body Selene Cristina: el body moldeador de microfibra que estiliza la silueta con un acabado limpio, elegante y muy c\u00f3modo. Dise\u00f1ado para aportar sujeci\u00f3n real en el pecho (con aros y sin relleno) y, a la vez, una sensaci\u00f3n de control suave en la zona del abdomen. El Cristina es ideal si buscas un body [&hellip;]\" \/>\n<meta property=\"og:url\" content=\"https:\/\/rosanacl.com\/fi\/tuote\/body-selene-cristina\/\" \/>\n<meta property=\"og:site_name\" content=\"Rosana CL\" \/>\n<meta property=\"article:modified_time\" content=\"2026-01-07T22:53:05+00:00\" \/>\n<meta property=\"og:image\" content=\"https:\/\/rosanacl.com\/wp-content\/uploads\/2025\/08\/1-11.png\" \/>\n\t<meta property=\"og:image:width\" content=\"800\" \/>\n\t<meta property=\"og:image:height\" content=\"800\" \/>\n\t<meta property=\"og:image:type\" content=\"image\/png\" \/>\n<meta name=\"twitter:card\" content=\"summary_large_image\" \/>\n<meta name=\"twitter:label1\" content=\"Arvioitu lukuaika\" \/>\n\t<meta name=\"twitter:data1\" content=\"2 minuuttia\" \/>\n<script type=\"application\/ld+json\" class=\"yoast-schema-graph\">{\"@context\":\"https:\\\/\\\/schema.org\",\"@graph\":[{\"@type\":\"WebPage\",\"@id\":\"https:\\\/\\\/rosanacl.com\\\/producto\\\/body-selene-cristina\\\/\",\"url\":\"https:\\\/\\\/rosanacl.com\\\/producto\\\/body-selene-cristina\\\/\",\"name\":\"Body Selene Cristina - Rosana CL\",\"isPartOf\":{\"@id\":\"https:\\\/\\\/rosanacl.com\\\/ca\\\/#website\"},\"primaryImageOfPage\":{\"@id\":\"https:\\\/\\\/rosanacl.com\\\/producto\\\/body-selene-cristina\\\/#primaryimage\"},\"image\":{\"@id\":\"https:\\\/\\\/rosanacl.com\\\/producto\\\/body-selene-cristina\\\/#primaryimage\"},\"thumbnailUrl\":\"https:\\\/\\\/rosanacl.com\\\/wp-content\\\/uploads\\\/2025\\\/08\\\/1-11.png\",\"datePublished\":\"2025-08-19T07:56:34+00:00\",\"dateModified\":\"2026-01-07T22:53:05+00:00\",\"breadcrumb\":{\"@id\":\"https:\\\/\\\/rosanacl.com\\\/producto\\\/body-selene-cristina\\\/#breadcrumb\"},\"inLanguage\":\"fi\",\"potentialAction\":[{\"@type\":\"ReadAction\",\"target\":[\"https:\\\/\\\/rosanacl.com\\\/producto\\\/body-selene-cristina\\\/\"]}]},{\"@type\":\"ImageObject\",\"inLanguage\":\"fi\",\"@id\":\"https:\\\/\\\/rosanacl.com\\\/producto\\\/body-selene-cristina\\\/#primaryimage\",\"url\":\"https:\\\/\\\/rosanacl.com\\\/wp-content\\\/uploads\\\/2025\\\/08\\\/1-11.png\",\"contentUrl\":\"https:\\\/\\\/rosanacl.com\\\/wp-content\\\/uploads\\\/2025\\\/08\\\/1-11.png\",\"width\":800,\"height\":800},{\"@type\":\"BreadcrumbList\",\"@id\":\"https:\\\/\\\/rosanacl.com\\\/producto\\\/body-selene-cristina\\\/#breadcrumb\",\"itemListElement\":[{\"@type\":\"ListItem\",\"position\":1,\"name\":\"Portada\",\"item\":\"https:\\\/\\\/rosanacl.com\\\/ca\\\/\"},{\"@type\":\"ListItem\",\"position\":2,\"name\":\"Tienda\",\"item\":\"https:\\\/\\\/rosanacl.com\\\/ca\\\/tienda\\\/\"},{\"@type\":\"ListItem\",\"position\":3,\"name\":\"Body Selene Cristina\"}]},{\"@type\":\"WebSite\",\"@id\":\"https:\\\/\\\/rosanacl.com\\\/ca\\\/#website\",\"url\":\"https:\\\/\\\/rosanacl.com\\\/ca\\\/\",\"name\":\"Rosana CL\",\"description\":\"Somos tu interior\",\"potentialAction\":[{\"@type\":\"SearchAction\",\"target\":{\"@type\":\"EntryPoint\",\"urlTemplate\":\"https:\\\/\\\/rosanacl.com\\\/ca\\\/?s={search_term_string}\"},\"query-input\":{\"@type\":\"PropertyValueSpecification\",\"valueRequired\":true,\"valueName\":\"search_term_string\"}}],\"inLanguage\":\"fi\"}]}<\/script>\n<!-- \/ Yoast SEO plugin. -->","yoast_head_json":{"title":"Body Selene Cristina - Rosana CL","robots":{"index":"index","follow":"follow","max-snippet":"max-snippet:-1","max-image-preview":"max-image-preview:large","max-video-preview":"max-video-preview:-1"},"canonical":"https:\/\/rosanacl.com\/fi\/tuote\/body-selene-cristina\/","og_locale":"fi_FI","og_type":"article","og_title":"Body Selene Cristina - Rosana CL","og_description":"Body Selene Cristina: el body moldeador de microfibra que estiliza la silueta con un acabado limpio, elegante y muy c\u00f3modo. Dise\u00f1ado para aportar sujeci\u00f3n real en el pecho (con aros y sin relleno) y, a la vez, una sensaci\u00f3n de control suave en la zona del abdomen. El Cristina es ideal si buscas un body [&hellip;]","og_url":"https:\/\/rosanacl.com\/fi\/tuote\/body-selene-cristina\/","og_site_name":"Rosana CL","article_modified_time":"2026-01-07T22:53:05+00:00","og_image":[{"width":800,"height":800,"url":"https:\/\/rosanacl.com\/wp-content\/uploads\/2025\/08\/1-11.png","type":"image\/png"}],"twitter_card":"summary_large_image","twitter_misc":{"Arvioitu lukuaika":"2 minuuttia"},"schema":{"@context":"https:\/\/schema.org","@graph":[{"@type":"WebPage","@id":"https:\/\/rosanacl.com\/producto\/body-selene-cristina\/","url":"https:\/\/rosanacl.com\/producto\/body-selene-cristina\/","name":"Body Selene Cristina - Rosana CL","isPartOf":{"@id":"https:\/\/rosanacl.com\/ca\/#website"},"primaryImageOfPage":{"@id":"https:\/\/rosanacl.com\/producto\/body-selene-cristina\/#primaryimage"},"image":{"@id":"https:\/\/rosanacl.com\/producto\/body-selene-cristina\/#primaryimage"},"thumbnailUrl":"https:\/\/rosanacl.com\/wp-content\/uploads\/2025\/08\/1-11.png","datePublished":"2025-08-19T07:56:34+00:00","dateModified":"2026-01-07T22:53:05+00:00","breadcrumb":{"@id":"https:\/\/rosanacl.com\/producto\/body-selene-cristina\/#breadcrumb"},"inLanguage":"fi","potentialAction":[{"@type":"ReadAction","target":["https:\/\/rosanacl.com\/producto\/body-selene-cristina\/"]}]},{"@type":"ImageObject","inLanguage":"fi","@id":"https:\/\/rosanacl.com\/producto\/body-selene-cristina\/#primaryimage","url":"https:\/\/rosanacl.com\/wp-content\/uploads\/2025\/08\/1-11.png","contentUrl":"https:\/\/rosanacl.com\/wp-content\/uploads\/2025\/08\/1-11.png","width":800,"height":800},{"@type":"BreadcrumbList","@id":"https:\/\/rosanacl.com\/producto\/body-selene-cristina\/#breadcrumb","itemListElement":[{"@type":"ListItem","position":1,"name":"Portada","item":"https:\/\/rosanacl.com\/ca\/"},{"@type":"ListItem","position":2,"name":"Tienda","item":"https:\/\/rosanacl.com\/ca\/tienda\/"},{"@type":"ListItem","position":3,"name":"Body Selene Cristina"}]},{"@type":"WebSite","@id":"https:\/\/rosanacl.com\/ca\/#website","url":"https:\/\/rosanacl.com\/ca\/","name":"Rosana CL","description":"Me olemme sisustuksesi","potentialAction":[{"@type":"SearchAction","target":{"@type":"EntryPoint","urlTemplate":"https:\/\/rosanacl.com\/ca\/?s={search_term_string}"},"query-input":{"@type":"PropertyValueSpecification","valueRequired":true,"valueName":"search_term_string"}}],"inLanguage":"fi"}]}},"_links":{"self":[{"href":"https:\/\/rosanacl.com\/fi\/wp-json\/wp\/v2\/product\/3552","targetHints":{"allow":["GET"]}}],"collection":[{"href":"https:\/\/rosanacl.com\/fi\/wp-json\/wp\/v2\/product"}],"about":[{"href":"https:\/\/rosanacl.com\/fi\/wp-json\/wp\/v2\/types\/product"}],"replies":[{"embeddable":true,"href":"https:\/\/rosanacl.com\/fi\/wp-json\/wp\/v2\/comments?post=3552"}],"version-history":[{"count":5,"href":"https:\/\/rosanacl.com\/fi\/wp-json\/wp\/v2\/product\/3552\/revisions"}],"predecessor-version":[{"id":4632,"href":"https:\/\/rosanacl.com\/fi\/wp-json\/wp\/v2\/product\/3552\/revisions\/4632"}],"wp:featuredmedia":[{"embeddable":true,"href":"https:\/\/rosanacl.com\/fi\/wp-json\/wp\/v2\/media\/3563"}],"wp:attachment":[{"href":"https:\/\/rosanacl.com\/fi\/wp-json\/wp\/v2\/media?parent=3552"}],"wp:term":[{"taxonomy":"product_brand","embeddable":true,"href":"https:\/\/rosanacl.com\/fi\/wp-json\/wp\/v2\/product_brand?post=3552"},{"taxonomy":"product_cat","embeddable":true,"href":"https:\/\/rosanacl.com\/fi\/wp-json\/wp\/v2\/product_cat?post=3552"},{"taxonomy":"product_tag","embeddable":true,"href":"https:\/\/rosanacl.com\/fi\/wp-json\/wp\/v2\/product_tag?post=3552"}],"curies":[{"name":"wp","href":"https:\/\/api.w.org\/{rel}","templated":true}]}}