{"id":3601,"date":"2025-08-19T10:09:30","date_gmt":"2025-08-19T08:09:30","guid":{"rendered":"https:\/\/rosanacl.com\/?post_type=product&#038;p=3601"},"modified":"2026-01-23T18:21:40","modified_gmt":"2026-01-23T17:21:40","slug":"sujetador-selene-gina","status":"publish","type":"product","link":"https:\/\/rosanacl.com\/fi\/tuote\/sujetador-selene-gina\/","title":{"rendered":"Selene Gina Bra"},"content":{"rendered":"<p>Gina on rintaliivityyppi, joka tuntuu &quot;hyvin tehdylt\u00e4&quot; ensimm\u00e4isest\u00e4 k\u00e4ytt\u00f6kerrasta l\u00e4htien: se istuu kauniisti, tukee rintoja luonnollisesti ja antaa tukevan, ei-j\u00e4yk\u00e4n tunteen. Sen muotoilu on t\u00e4ydellinen tasapaino tyylin ja mukavuuden v\u00e4lill\u00e4, joten n\u00e4yt\u00e4t parhaimmaltasi ilman, ett\u00e4 sinun tarvitsee huolehtia mist\u00e4\u00e4n.<\/p>\n<p>Gina on suunniteltu tyylikk\u00e4\u00e4ksi (ja tyylikk\u00e4\u00e4ksi my\u00f6s vaatteiden alla), joten se sopii t\u00e4ydellisesti niin arkik\u00e4ytt\u00f6\u00f6n kuin erityistilaisuuksiinkin. Viimeistelyss\u00e4 on panostettu antamaan vaatteelle hienostunut, naisellinen ja eritt\u00e4in k\u00e4ytt\u00f6kelpoinen ilme s\u00e4ilytt\u00e4en samalla vakaan ja mukavan istuvuuden.<\/p>\n<p>Yksityiskohdat, jotka tekev\u00e4t eron Ginassa<\/p>\n<ul>\n<li>Tasapainoinen tuki takaa turvallisen ja mukavan istuvuuden.<\/li>\n<li>Imarteleva muotoilu, joka korostaa vaikutusta liioittelematta sit\u00e4.<\/li>\n<li>Viimeistelyt on suunniteltu n\u00e4ytt\u00e4m\u00e4\u00e4n elegantilta ja tuntumaan pehme\u00e4lt\u00e4 koskettaa.<\/li>\n<li>Vakaa istuvuus takaa varman liikkumisen tuntikausia.<\/i>\n<li>T\u00e4ydellinen yhdistett\u00e4v\u00e4ksi yhteensopivien alushousujesi kanssa ja korostamaan kokonaisilmett\u00e4.<\/li>\n<\/ul>\n<p>\ud83d\udde3\ufe0f Vinkki: Gina on tehty antamaan sinulle turvallisen mutta kevyen tuntuman: muodon tulee olla napakka ja vakaa (ilman puristamista) ja kuppien tulee my\u00f6t\u00e4ill\u00e4 rintaa luonnollisesti &quot;leikkaamatta&quot; tai j\u00e4tt\u00e4m\u00e4tt\u00e4 rakoa.<\/p>\n<p>\ud83d\udccf Huom: Jos liikutessasi (k\u00e4velless\u00e4si, kumartuessasi, k\u00e4si\u00e4si nostaessasi) tunnet olosi edelleen mukavaksi ja vakaaksi etk\u00e4 tarvitse s\u00e4\u00e4t\u00e4\u00e4 sit\u00e4 uudelleen, se on sinun kokoasi.<\/p>\n<p>Materiaali: 93% polyamidi, 7% elastaani.<\/p>\n<p>\ud83d\udcaa Harjoittele turvallisesti: tukeva tuki, t\u00e4ydellinen mukavuus ja ei mit\u00e4\u00e4n h\u00e4iri\u00f6tekij\u00f6it\u00e4.<\/p>","protected":false},"excerpt":{"rendered":"<div style=\"position: relative; padding-bottom: 56.25%; height: 0; overflow: hidden; max-width: 100%;\"><iframe style=\"position: absolute; top: 0; left: 0; width: 100%; height: 100%;\" src=\"https:\/\/www.youtube.com\/embed\/eQjvlTJwWqQ?autoplay=1&amp;mute=1&amp;playsinline=1&amp;rel=0&amp;controls=1&amp;loop=1&amp;playlist=eQjvlTJwWqQ\" frameborder=\"0\" allowfullscreen=\"allowfullscreen\"><br \/>\n<\/iframe><\/div>","protected":false},"featured_media":3610,"comment_status":"closed","ping_status":"closed","template":"","meta":{"content-type":""},"product_brand":[55],"product_cat":[123,20],"product_tag":[124,56],"class_list":{"0":"post-3601","1":"product","2":"type-product","3":"status-publish","4":"has-post-thumbnail","6":"product_brand-selene","7":"product_cat-deportivos","8":"product_cat-sujetador","9":"product_tag-deportivo","10":"product_tag-sujetador","12":"first","13":"instock","14":"taxable","15":"shipping-taxable","16":"purchasable","17":"product-type-variable"},"supplier_id":null,"supplier_sku":"","barcode":null,"atum_controlled":true,"out_stock_date":null,"out_stock_threshold":null,"inheritable":true,"inbound_stock":0,"stock_on_hold":0,"sold_today":0,"sales_last_days":0,"reserved_stock":0,"customer_returns":0,"warehouse_damage":0,"lost_in_post":0,"other_logs":0,"out_stock_days":null,"lost_sales":0,"has_location":false,"update_date":"2026-01-23T17:21:42","atum_locations":[],"atum_stock_status":"instock","restock_status":false,"low_stock_amount":"","sales_update_date":"2025-10-03T04:55:29","calc_backorders":null,"yoast_head":"<!-- This site is optimized with the Yoast SEO plugin v27.4 - https:\/\/yoast.com\/product\/yoast-seo-wordpress\/ -->\n<title>Sujetador Selene Gina - Rosana CL<\/title>\n<meta name=\"robots\" content=\"index, follow, max-snippet:-1, max-image-preview:large, max-video-preview:-1\" \/>\n<link rel=\"canonical\" href=\"https:\/\/rosanacl.com\/fi\/tuote\/sujetador-selene-gina\/\" \/>\n<meta property=\"og:locale\" content=\"fi_FI\" \/>\n<meta property=\"og:type\" content=\"article\" \/>\n<meta property=\"og:title\" content=\"Sujetador Selene Gina - Rosana CL\" \/>\n<meta property=\"og:url\" content=\"https:\/\/rosanacl.com\/fi\/tuote\/sujetador-selene-gina\/\" \/>\n<meta property=\"og:site_name\" content=\"Rosana CL\" \/>\n<meta property=\"article:modified_time\" content=\"2026-01-23T17:21:40+00:00\" \/>\n<meta property=\"og:image\" content=\"https:\/\/rosanacl.com\/wp-content\/uploads\/2025\/08\/1-14-e1756815963297.png\" \/>\n\t<meta property=\"og:image:width\" content=\"950\" \/>\n\t<meta property=\"og:image:height\" content=\"978\" \/>\n\t<meta property=\"og:image:type\" content=\"image\/png\" \/>\n<meta name=\"twitter:card\" content=\"summary_large_image\" \/>\n<meta name=\"twitter:label1\" content=\"Arvioitu lukuaika\" \/>\n\t<meta name=\"twitter:data1\" content=\"2 minuuttia\" \/>\n<script type=\"application\/ld+json\" class=\"yoast-schema-graph\">{\"@context\":\"https:\\\/\\\/schema.org\",\"@graph\":[{\"@type\":\"WebPage\",\"@id\":\"https:\\\/\\\/rosanacl.com\\\/producto\\\/sujetador-selene-gina\\\/\",\"url\":\"https:\\\/\\\/rosanacl.com\\\/producto\\\/sujetador-selene-gina\\\/\",\"name\":\"Sujetador Selene Gina - Rosana CL\",\"isPartOf\":{\"@id\":\"https:\\\/\\\/rosanacl.com\\\/ca\\\/#website\"},\"primaryImageOfPage\":{\"@id\":\"https:\\\/\\\/rosanacl.com\\\/producto\\\/sujetador-selene-gina\\\/#primaryimage\"},\"image\":{\"@id\":\"https:\\\/\\\/rosanacl.com\\\/producto\\\/sujetador-selene-gina\\\/#primaryimage\"},\"thumbnailUrl\":\"https:\\\/\\\/rosanacl.com\\\/wp-content\\\/uploads\\\/2025\\\/08\\\/1-14-e1756815963297.png\",\"datePublished\":\"2025-08-19T08:09:30+00:00\",\"dateModified\":\"2026-01-23T17:21:40+00:00\",\"breadcrumb\":{\"@id\":\"https:\\\/\\\/rosanacl.com\\\/producto\\\/sujetador-selene-gina\\\/#breadcrumb\"},\"inLanguage\":\"fi\",\"potentialAction\":[{\"@type\":\"ReadAction\",\"target\":[\"https:\\\/\\\/rosanacl.com\\\/producto\\\/sujetador-selene-gina\\\/\"]}]},{\"@type\":\"ImageObject\",\"inLanguage\":\"fi\",\"@id\":\"https:\\\/\\\/rosanacl.com\\\/producto\\\/sujetador-selene-gina\\\/#primaryimage\",\"url\":\"https:\\\/\\\/rosanacl.com\\\/wp-content\\\/uploads\\\/2025\\\/08\\\/1-14-e1756815963297.png\",\"contentUrl\":\"https:\\\/\\\/rosanacl.com\\\/wp-content\\\/uploads\\\/2025\\\/08\\\/1-14-e1756815963297.png\",\"width\":950,\"height\":978},{\"@type\":\"BreadcrumbList\",\"@id\":\"https:\\\/\\\/rosanacl.com\\\/producto\\\/sujetador-selene-gina\\\/#breadcrumb\",\"itemListElement\":[{\"@type\":\"ListItem\",\"position\":1,\"name\":\"Portada\",\"item\":\"https:\\\/\\\/rosanacl.com\\\/ca\\\/\"},{\"@type\":\"ListItem\",\"position\":2,\"name\":\"Tienda\",\"item\":\"https:\\\/\\\/rosanacl.com\\\/ca\\\/tienda\\\/\"},{\"@type\":\"ListItem\",\"position\":3,\"name\":\"Sujetador Selene Gina\"}]},{\"@type\":\"WebSite\",\"@id\":\"https:\\\/\\\/rosanacl.com\\\/ca\\\/#website\",\"url\":\"https:\\\/\\\/rosanacl.com\\\/ca\\\/\",\"name\":\"Rosana CL\",\"description\":\"Somos tu interior\",\"potentialAction\":[{\"@type\":\"SearchAction\",\"target\":{\"@type\":\"EntryPoint\",\"urlTemplate\":\"https:\\\/\\\/rosanacl.com\\\/ca\\\/?s={search_term_string}\"},\"query-input\":{\"@type\":\"PropertyValueSpecification\",\"valueRequired\":true,\"valueName\":\"search_term_string\"}}],\"inLanguage\":\"fi\"}]}<\/script>\n<!-- \/ Yoast SEO plugin. -->","yoast_head_json":{"title":"Sujetador Selene Gina - Rosana CL","robots":{"index":"index","follow":"follow","max-snippet":"max-snippet:-1","max-image-preview":"max-image-preview:large","max-video-preview":"max-video-preview:-1"},"canonical":"https:\/\/rosanacl.com\/fi\/tuote\/sujetador-selene-gina\/","og_locale":"fi_FI","og_type":"article","og_title":"Sujetador Selene Gina - Rosana CL","og_url":"https:\/\/rosanacl.com\/fi\/tuote\/sujetador-selene-gina\/","og_site_name":"Rosana CL","article_modified_time":"2026-01-23T17:21:40+00:00","og_image":[{"width":950,"height":978,"url":"https:\/\/rosanacl.com\/wp-content\/uploads\/2025\/08\/1-14-e1756815963297.png","type":"image\/png"}],"twitter_card":"summary_large_image","twitter_misc":{"Arvioitu lukuaika":"2 minuuttia"},"schema":{"@context":"https:\/\/schema.org","@graph":[{"@type":"WebPage","@id":"https:\/\/rosanacl.com\/producto\/sujetador-selene-gina\/","url":"https:\/\/rosanacl.com\/producto\/sujetador-selene-gina\/","name":"Sujetador Selene Gina - Rosana CL","isPartOf":{"@id":"https:\/\/rosanacl.com\/ca\/#website"},"primaryImageOfPage":{"@id":"https:\/\/rosanacl.com\/producto\/sujetador-selene-gina\/#primaryimage"},"image":{"@id":"https:\/\/rosanacl.com\/producto\/sujetador-selene-gina\/#primaryimage"},"thumbnailUrl":"https:\/\/rosanacl.com\/wp-content\/uploads\/2025\/08\/1-14-e1756815963297.png","datePublished":"2025-08-19T08:09:30+00:00","dateModified":"2026-01-23T17:21:40+00:00","breadcrumb":{"@id":"https:\/\/rosanacl.com\/producto\/sujetador-selene-gina\/#breadcrumb"},"inLanguage":"fi","potentialAction":[{"@type":"ReadAction","target":["https:\/\/rosanacl.com\/producto\/sujetador-selene-gina\/"]}]},{"@type":"ImageObject","inLanguage":"fi","@id":"https:\/\/rosanacl.com\/producto\/sujetador-selene-gina\/#primaryimage","url":"https:\/\/rosanacl.com\/wp-content\/uploads\/2025\/08\/1-14-e1756815963297.png","contentUrl":"https:\/\/rosanacl.com\/wp-content\/uploads\/2025\/08\/1-14-e1756815963297.png","width":950,"height":978},{"@type":"BreadcrumbList","@id":"https:\/\/rosanacl.com\/producto\/sujetador-selene-gina\/#breadcrumb","itemListElement":[{"@type":"ListItem","position":1,"name":"Portada","item":"https:\/\/rosanacl.com\/ca\/"},{"@type":"ListItem","position":2,"name":"Tienda","item":"https:\/\/rosanacl.com\/ca\/tienda\/"},{"@type":"ListItem","position":3,"name":"Sujetador Selene Gina"}]},{"@type":"WebSite","@id":"https:\/\/rosanacl.com\/ca\/#website","url":"https:\/\/rosanacl.com\/ca\/","name":"Rosana CL","description":"Me olemme sisustuksesi","potentialAction":[{"@type":"SearchAction","target":{"@type":"EntryPoint","urlTemplate":"https:\/\/rosanacl.com\/ca\/?s={search_term_string}"},"query-input":{"@type":"PropertyValueSpecification","valueRequired":true,"valueName":"search_term_string"}}],"inLanguage":"fi"}]}},"_links":{"self":[{"href":"https:\/\/rosanacl.com\/fi\/wp-json\/wp\/v2\/product\/3601","targetHints":{"allow":["GET"]}}],"collection":[{"href":"https:\/\/rosanacl.com\/fi\/wp-json\/wp\/v2\/product"}],"about":[{"href":"https:\/\/rosanacl.com\/fi\/wp-json\/wp\/v2\/types\/product"}],"replies":[{"embeddable":true,"href":"https:\/\/rosanacl.com\/fi\/wp-json\/wp\/v2\/comments?post=3601"}],"version-history":[{"count":5,"href":"https:\/\/rosanacl.com\/fi\/wp-json\/wp\/v2\/product\/3601\/revisions"}],"predecessor-version":[{"id":4628,"href":"https:\/\/rosanacl.com\/fi\/wp-json\/wp\/v2\/product\/3601\/revisions\/4628"}],"wp:featuredmedia":[{"embeddable":true,"href":"https:\/\/rosanacl.com\/fi\/wp-json\/wp\/v2\/media\/3610"}],"wp:attachment":[{"href":"https:\/\/rosanacl.com\/fi\/wp-json\/wp\/v2\/media?parent=3601"}],"wp:term":[{"taxonomy":"product_brand","embeddable":true,"href":"https:\/\/rosanacl.com\/fi\/wp-json\/wp\/v2\/product_brand?post=3601"},{"taxonomy":"product_cat","embeddable":true,"href":"https:\/\/rosanacl.com\/fi\/wp-json\/wp\/v2\/product_cat?post=3601"},{"taxonomy":"product_tag","embeddable":true,"href":"https:\/\/rosanacl.com\/fi\/wp-json\/wp\/v2\/product_tag?post=3601"}],"curies":[{"name":"wp","href":"https:\/\/api.w.org\/{rel}","templated":true}]}}