{"id":542,"date":"2025-04-29T19:14:55","date_gmt":"2025-04-29T17:14:55","guid":{"rendered":"https:\/\/rosanacl.com\/?post_type=product&#038;p=542"},"modified":"2026-01-10T23:07:14","modified_gmt":"2026-01-10T22:07:14","slug":"sujetador-modelo-elvira","status":"publish","type":"product","link":"https:\/\/rosanacl.com\/fi\/tuote\/sujetador-modelo-elvira\/","title":{"rendered":"Selene Elvira -rintaliivit"},"content":{"rendered":"<p>Selene Elvira -rintaliivit on suunniteltu p\u00e4iviin, jolloin haluat todellista mukavuutta kauniista muodosta tinkim\u00e4tt\u00e4. Niiden muotoiltu, kaksikerroksinen mikrokuitu my\u00f6t\u00e4ilee hell\u00e4sti rintoja ja j\u00e4tt\u00e4\u00e4 kevyen, toisen ihon tunteen. Koska kupeissa ei ole saumoja, ne n\u00e4ytt\u00e4v\u00e4t siisteilt\u00e4 t-paitojen ja muiden istuvien vaatteiden alla tarjoten huomaamattoman ja imartelevan lopputuloksen.<\/p>\n<p>Lis\u00e4ksi Elvira on yksi niist\u00e4 malleista, jotka mukautuvat el\u00e4m\u00e4ntyyliisi: se tarjoaa tukea rajoittamatta liikkumista, jakaa painon leveiden olkainten ansiosta ja sopii t\u00e4ydellisesti sek\u00e4 arkik\u00e4ytt\u00f6\u00f6n ett\u00e4 mukavaan urheilurintaliiviin, jossa on liikkumavapaus. Se on fiksu ja v\u00e4ltt\u00e4m\u00e4t\u00f6n lis\u00e4 niille, jotka arvostavat tukea, mukavuutta ja k\u00e4yt\u00e4nn\u00f6llisyytt\u00e4, ja yksityiskohdissa on ripaus eleganssia.<\/p>\n<p>Mit\u00e4 huomaat (ja pid\u00e4t) Elvirassa<\/p>\n<ul>\n<li>Muotoiltu kaksikerroksinen mikrokuitu: mukava tuki ja luonnollinen vaikutelma.<\/li>\n<li>Saumaton kuppi: se ei n\u00e4y l\u00e4pi ja sopii t\u00e4ydellisesti vaatteiden alle.<\/li>\n<li>Leve\u00e4t olkaimet: parempi painonjako ja enemm\u00e4n mukavuutta hartioille.<\/li>\n<li>Vakaa tuki jokap\u00e4iv\u00e4iseen k\u00e4ytt\u00f6\u00f6n (ihanteellinen, jos haluat &quot;kammata&quot; hiuksesi olematta liian tiukka).<\/li>\n<li>Monipuolinen: t\u00e4ydellinen perusrintaliiviksi sek\u00e4 aktiivisiin p\u00e4iviin.<\/li>\n<\/ul>\n<p>\ud83d\udde3\ufe0f Vinkki: Elvira on yksi niist\u00e4 vaatteista, jotka antavat sinulle &quot;hell\u00e4n halauksen&quot; tunteen: se pit\u00e4\u00e4 sinut mukavana ja tukevana, mutta toisen ihon mikrokuidun ansiosta, ilman hankalia saumoja tai j\u00e4lki\u00e4. Ihanteellinen pitkille p\u00e4iville tai kun olet eritt\u00e4in aktiivinen, koska se tukee sinua olematta liian tungetteleva ja j\u00e4tt\u00e4\u00e4 sinulle tunteen &quot;olen hyvin pukeutunut&quot;.<\/p>\n<p>\ud83d\udccf Huomautus: Jos haluat tukevan ja kirist\u00e4m\u00e4tt\u00f6m\u00e4n istuvuuden, valitse normaali kokosi. Jos olet kahden koon v\u00e4lill\u00e4 tai vy\u00f6 tuntuu ep\u00e4mukavalta pitkien poissaolojaksojen j\u00e4lkeen, valitse kokoa suurempi. Ja jos haluat &quot;puristetumman&quot; vaikutelman, tarkista rintojen alta mitat varmistaaksesi, ett\u00e4 saat oikean kokoisen ensimm\u00e4isell\u00e4 kerralla.<\/p>\n<p>Materiaali: 82% polyamidi, 18% elastaani.<\/p>\n<p>\ud83c\udf80 Pieni ylellisyys, joka n\u00e4kyy peilist\u00e4.<\/p>","protected":false},"excerpt":{"rendered":"<p>https:\/\/youtube.com\/shorts\/gSBYc8cwLWo?si=u1woCAQD1rt_D2Jb<\/p>","protected":false},"featured_media":2353,"comment_status":"open","ping_status":"closed","template":"","meta":{"content-type":""},"product_brand":[55],"product_cat":[25,20],"product_tag":[56,60],"class_list":{"0":"post-542","1":"product","2":"type-product","3":"status-publish","4":"has-post-thumbnail","6":"product_brand-selene","7":"product_cat-sin-aros","8":"product_cat-sujetador","9":"product_tag-sujetador","10":"product_tag-sujetador-sin-aros","12":"first","13":"instock","14":"taxable","15":"shipping-taxable","16":"purchasable","17":"product-type-variable"},"supplier_id":null,"supplier_sku":"","barcode":null,"atum_controlled":true,"out_stock_date":null,"out_stock_threshold":null,"inheritable":true,"inbound_stock":null,"stock_on_hold":0,"sold_today":0,"sales_last_days":0,"reserved_stock":null,"customer_returns":null,"warehouse_damage":null,"lost_in_post":null,"other_logs":null,"out_stock_days":0,"lost_sales":0,"has_location":false,"update_date":"2026-01-10T22:07:15","atum_locations":[],"atum_stock_status":"instock","restock_status":false,"low_stock_amount":"","sales_update_date":"2025-08-19T02:35:53","calc_backorders":null,"yoast_head":"<!-- This site is optimized with the Yoast SEO plugin v27.4 - https:\/\/yoast.com\/product\/yoast-seo-wordpress\/ -->\n<title>Sujetador Selene Elvira - Rosana CL<\/title>\n<meta name=\"robots\" content=\"index, follow, max-snippet:-1, max-image-preview:large, max-video-preview:-1\" \/>\n<link rel=\"canonical\" href=\"https:\/\/rosanacl.com\/fi\/tuote\/sujetador-modelo-elvira\/\" \/>\n<meta property=\"og:locale\" content=\"fi_FI\" \/>\n<meta property=\"og:type\" content=\"article\" \/>\n<meta property=\"og:title\" content=\"Sujetador Selene Elvira - Rosana CL\" \/>\n<meta property=\"og:description\" content=\"https:\/\/youtube.com\/shorts\/gSBYc8cwLWo?si=u1woCAQD1rt_D2Jb\" \/>\n<meta property=\"og:url\" content=\"https:\/\/rosanacl.com\/fi\/tuote\/sujetador-modelo-elvira\/\" \/>\n<meta property=\"og:site_name\" content=\"Rosana CL\" \/>\n<meta property=\"article:modified_time\" content=\"2026-01-10T22:07:14+00:00\" \/>\n<meta property=\"og:image\" content=\"https:\/\/rosanacl.com\/wp-content\/uploads\/2025\/04\/1-2-e1756816694215.jpg\" \/>\n\t<meta property=\"og:image:width\" content=\"882\" \/>\n\t<meta property=\"og:image:height\" content=\"1170\" \/>\n\t<meta property=\"og:image:type\" content=\"image\/jpeg\" \/>\n<meta name=\"twitter:card\" content=\"summary_large_image\" \/>\n<meta name=\"twitter:label1\" content=\"Arvioitu lukuaika\" \/>\n\t<meta name=\"twitter:data1\" content=\"2 minuuttia\" \/>\n<script type=\"application\/ld+json\" class=\"yoast-schema-graph\">{\"@context\":\"https:\\\/\\\/schema.org\",\"@graph\":[{\"@type\":\"WebPage\",\"@id\":\"https:\\\/\\\/rosanacl.com\\\/producto\\\/sujetador-modelo-elvira\\\/\",\"url\":\"https:\\\/\\\/rosanacl.com\\\/producto\\\/sujetador-modelo-elvira\\\/\",\"name\":\"Sujetador Selene Elvira - Rosana CL\",\"isPartOf\":{\"@id\":\"https:\\\/\\\/rosanacl.com\\\/ca\\\/#website\"},\"primaryImageOfPage\":{\"@id\":\"https:\\\/\\\/rosanacl.com\\\/producto\\\/sujetador-modelo-elvira\\\/#primaryimage\"},\"image\":{\"@id\":\"https:\\\/\\\/rosanacl.com\\\/producto\\\/sujetador-modelo-elvira\\\/#primaryimage\"},\"thumbnailUrl\":\"https:\\\/\\\/rosanacl.com\\\/wp-content\\\/uploads\\\/2025\\\/04\\\/1-2-e1756816694215.jpg\",\"datePublished\":\"2025-04-29T17:14:55+00:00\",\"dateModified\":\"2026-01-10T22:07:14+00:00\",\"breadcrumb\":{\"@id\":\"https:\\\/\\\/rosanacl.com\\\/producto\\\/sujetador-modelo-elvira\\\/#breadcrumb\"},\"inLanguage\":\"fi\",\"potentialAction\":[{\"@type\":\"ReadAction\",\"target\":[\"https:\\\/\\\/rosanacl.com\\\/producto\\\/sujetador-modelo-elvira\\\/\"]}]},{\"@type\":\"ImageObject\",\"inLanguage\":\"fi\",\"@id\":\"https:\\\/\\\/rosanacl.com\\\/producto\\\/sujetador-modelo-elvira\\\/#primaryimage\",\"url\":\"https:\\\/\\\/rosanacl.com\\\/wp-content\\\/uploads\\\/2025\\\/04\\\/1-2-e1756816694215.jpg\",\"contentUrl\":\"https:\\\/\\\/rosanacl.com\\\/wp-content\\\/uploads\\\/2025\\\/04\\\/1-2-e1756816694215.jpg\",\"width\":882,\"height\":1170},{\"@type\":\"BreadcrumbList\",\"@id\":\"https:\\\/\\\/rosanacl.com\\\/producto\\\/sujetador-modelo-elvira\\\/#breadcrumb\",\"itemListElement\":[{\"@type\":\"ListItem\",\"position\":1,\"name\":\"Portada\",\"item\":\"https:\\\/\\\/rosanacl.com\\\/ca\\\/\"},{\"@type\":\"ListItem\",\"position\":2,\"name\":\"Tienda\",\"item\":\"https:\\\/\\\/rosanacl.com\\\/ca\\\/tienda\\\/\"},{\"@type\":\"ListItem\",\"position\":3,\"name\":\"Sujetador Selene Elvira\"}]},{\"@type\":\"WebSite\",\"@id\":\"https:\\\/\\\/rosanacl.com\\\/ca\\\/#website\",\"url\":\"https:\\\/\\\/rosanacl.com\\\/ca\\\/\",\"name\":\"Rosana CL\",\"description\":\"Somos tu interior\",\"potentialAction\":[{\"@type\":\"SearchAction\",\"target\":{\"@type\":\"EntryPoint\",\"urlTemplate\":\"https:\\\/\\\/rosanacl.com\\\/ca\\\/?s={search_term_string}\"},\"query-input\":{\"@type\":\"PropertyValueSpecification\",\"valueRequired\":true,\"valueName\":\"search_term_string\"}}],\"inLanguage\":\"fi\"}]}<\/script>\n<!-- \/ Yoast SEO plugin. -->","yoast_head_json":{"title":"Sujetador Selene Elvira - Rosana CL","robots":{"index":"index","follow":"follow","max-snippet":"max-snippet:-1","max-image-preview":"max-image-preview:large","max-video-preview":"max-video-preview:-1"},"canonical":"https:\/\/rosanacl.com\/fi\/tuote\/sujetador-modelo-elvira\/","og_locale":"fi_FI","og_type":"article","og_title":"Sujetador Selene Elvira - Rosana CL","og_description":"https:\/\/youtube.com\/shorts\/gSBYc8cwLWo?si=u1woCAQD1rt_D2Jb","og_url":"https:\/\/rosanacl.com\/fi\/tuote\/sujetador-modelo-elvira\/","og_site_name":"Rosana CL","article_modified_time":"2026-01-10T22:07:14+00:00","og_image":[{"width":882,"height":1170,"url":"https:\/\/rosanacl.com\/wp-content\/uploads\/2025\/04\/1-2-e1756816694215.jpg","type":"image\/jpeg"}],"twitter_card":"summary_large_image","twitter_misc":{"Arvioitu lukuaika":"2 minuuttia"},"schema":{"@context":"https:\/\/schema.org","@graph":[{"@type":"WebPage","@id":"https:\/\/rosanacl.com\/producto\/sujetador-modelo-elvira\/","url":"https:\/\/rosanacl.com\/producto\/sujetador-modelo-elvira\/","name":"Sujetador Selene Elvira - Rosana CL","isPartOf":{"@id":"https:\/\/rosanacl.com\/ca\/#website"},"primaryImageOfPage":{"@id":"https:\/\/rosanacl.com\/producto\/sujetador-modelo-elvira\/#primaryimage"},"image":{"@id":"https:\/\/rosanacl.com\/producto\/sujetador-modelo-elvira\/#primaryimage"},"thumbnailUrl":"https:\/\/rosanacl.com\/wp-content\/uploads\/2025\/04\/1-2-e1756816694215.jpg","datePublished":"2025-04-29T17:14:55+00:00","dateModified":"2026-01-10T22:07:14+00:00","breadcrumb":{"@id":"https:\/\/rosanacl.com\/producto\/sujetador-modelo-elvira\/#breadcrumb"},"inLanguage":"fi","potentialAction":[{"@type":"ReadAction","target":["https:\/\/rosanacl.com\/producto\/sujetador-modelo-elvira\/"]}]},{"@type":"ImageObject","inLanguage":"fi","@id":"https:\/\/rosanacl.com\/producto\/sujetador-modelo-elvira\/#primaryimage","url":"https:\/\/rosanacl.com\/wp-content\/uploads\/2025\/04\/1-2-e1756816694215.jpg","contentUrl":"https:\/\/rosanacl.com\/wp-content\/uploads\/2025\/04\/1-2-e1756816694215.jpg","width":882,"height":1170},{"@type":"BreadcrumbList","@id":"https:\/\/rosanacl.com\/producto\/sujetador-modelo-elvira\/#breadcrumb","itemListElement":[{"@type":"ListItem","position":1,"name":"Portada","item":"https:\/\/rosanacl.com\/ca\/"},{"@type":"ListItem","position":2,"name":"Tienda","item":"https:\/\/rosanacl.com\/ca\/tienda\/"},{"@type":"ListItem","position":3,"name":"Sujetador Selene Elvira"}]},{"@type":"WebSite","@id":"https:\/\/rosanacl.com\/ca\/#website","url":"https:\/\/rosanacl.com\/ca\/","name":"Rosana CL","description":"Me olemme sisustuksesi","potentialAction":[{"@type":"SearchAction","target":{"@type":"EntryPoint","urlTemplate":"https:\/\/rosanacl.com\/ca\/?s={search_term_string}"},"query-input":{"@type":"PropertyValueSpecification","valueRequired":true,"valueName":"search_term_string"}}],"inLanguage":"fi"}]}},"_links":{"self":[{"href":"https:\/\/rosanacl.com\/fi\/wp-json\/wp\/v2\/product\/542","targetHints":{"allow":["GET"]}}],"collection":[{"href":"https:\/\/rosanacl.com\/fi\/wp-json\/wp\/v2\/product"}],"about":[{"href":"https:\/\/rosanacl.com\/fi\/wp-json\/wp\/v2\/types\/product"}],"replies":[{"embeddable":true,"href":"https:\/\/rosanacl.com\/fi\/wp-json\/wp\/v2\/comments?post=542"}],"version-history":[{"count":5,"href":"https:\/\/rosanacl.com\/fi\/wp-json\/wp\/v2\/product\/542\/revisions"}],"predecessor-version":[{"id":4652,"href":"https:\/\/rosanacl.com\/fi\/wp-json\/wp\/v2\/product\/542\/revisions\/4652"}],"wp:featuredmedia":[{"embeddable":true,"href":"https:\/\/rosanacl.com\/fi\/wp-json\/wp\/v2\/media\/2353"}],"wp:attachment":[{"href":"https:\/\/rosanacl.com\/fi\/wp-json\/wp\/v2\/media?parent=542"}],"wp:term":[{"taxonomy":"product_brand","embeddable":true,"href":"https:\/\/rosanacl.com\/fi\/wp-json\/wp\/v2\/product_brand?post=542"},{"taxonomy":"product_cat","embeddable":true,"href":"https:\/\/rosanacl.com\/fi\/wp-json\/wp\/v2\/product_cat?post=542"},{"taxonomy":"product_tag","embeddable":true,"href":"https:\/\/rosanacl.com\/fi\/wp-json\/wp\/v2\/product_tag?post=542"}],"curies":[{"name":"wp","href":"https:\/\/api.w.org\/{rel}","templated":true}]}}