{"id":869,"date":"2025-04-29T20:12:14","date_gmt":"2025-04-29T18:12:14","guid":{"rendered":"https:\/\/rosanacl.com\/?post_type=product&#038;p=869"},"modified":"2026-01-07T21:06:33","modified_gmt":"2026-01-07T20:06:33","slug":"sujetador-modelo-martina","status":"publish","type":"product","link":"https:\/\/rosanacl.com\/fi\/tuote\/sujetador-modelo-martina\/","title":{"rendered":"Selene Martina -rintaliivit"},"content":{"rendered":"<p>Selene Martina -rintaliivit ovat virkattu rintaliivi, joka nostaa asusi tasolle sekunneissa: tyylik\u00e4st\u00e4 pitsi\u00e4, kaunis p\u00e4\u00e4ntie ja imarteleva muoto ilman mit\u00e4\u00e4n huomiota. Kaarituellinen tuki ja topatut kupit antavat py\u00f6re\u00e4mm\u00e4n ja naisellisemman lopputuloksen \u2013 t\u00e4ydellinen valinta, kun haluat n\u00e4ytt\u00e4\u00e4 tyylikk\u00e4\u00e4mm\u00e4lt\u00e4, mutta silti tuntea olosi mukavaksi.<\/p>\n<p>Rintaliividesigninsa ansiosta Martina n\u00e4ytt\u00e4\u00e4 kauniilta sek\u00e4 arjessa ett\u00e4 tilaisuuksissa, kun haluat erityisemm\u00e4n silauksen. T-paitojen, puseroiden tai istuvien vaatteiden alla se antaa tyylikk\u00e4\u00e4mm\u00e4n siluetin ja vakaan tuen s\u00e4ilytt\u00e4en nuorekkaan ja modernin ilmeen, joka saa sinut erottumaan joukosta ensi silm\u00e4yksell\u00e4.<\/p>\n<p><p>Mik\u00e4 tekee eron Martinassa?<\/p>\n<ul>\n<li>Virkattu pitsinen rintaliivimalli, eritt\u00e4in trendik\u00e4s ja omaper\u00e4isell\u00e4 p\u00e4\u00e4ntiell\u00e4.<\/li>\n<li>Kaarituet tukevat tukevammin ja korostavat rintakeh\u00e4\u00e4.<\/li>\n<li>Pehmustettu kuppi py\u00f6re\u00e4mm\u00e4n ja imartelevamman vaikutelman aikaansaamiseksi.<\/li>\n<li>Ihanteellinen asukokonaisuuksiin, joissa on syv\u00e4 kaula-aukko: se n\u00e4ytt\u00e4\u00e4 hyv\u00e4lt\u00e4 olematta kuitenkaan liioiteltu.<\/li>\n<li>Yhteensopivat alushousut 3118 (lis\u00e4\u00e4 settin\u00e4).<\/li>\n<\/ul>\n<p>\ud83d\udde3\ufe0f Vinkki: Martina on t\u00e4ydellinen valinta p\u00e4iviin, jolloin haluan n\u00e4ytt\u00e4\u00e4 erilaiselta: puet sen p\u00e4\u00e4lle ja huomaat nuorekkaan ja kauniin ilmeen, mukavan tuen ja ilman, ett\u00e4 tunnet olosi naamiaisasuksi. Ihanteellinen valinta, kun haluat imartelevan kaula-aukon ja silti kevyen tuntuisen.<\/p>\n<p>\ud83d\udccf Huomautus: Jotta l\u00f6yd\u00e4t oikean istuvuuden ensimm\u00e4isell\u00e4 k\u00e4ytt\u00f6kerralla Martinan kanssa, valitse pienempi koko, jos olet kahden koon v\u00e4lill\u00e4 ja haluat istuvamman, valitse pienempi koko. Jos haluat enemm\u00e4n mukavuutta vy\u00f6t\u00e4r\u00f6lt\u00e4, valitse yksi koko suurempi. Ja jotta vaate n\u00e4ytt\u00e4\u00e4 parhaimmalta, sovita sit\u00e4 alusvaatteidesi p\u00e4\u00e4ll\u00e4.<\/p>\n<p>Materiaali: 48% polyesteri \/ 44% polyamidi \/ 8% elastaani.<\/p>\n<p>\ud83e\udd42 &quot;Kyll\u00e4 t\u00e4n\u00e4\u00e4n&quot; -suunnitelmiin: Martina.<\/p>\n<div id=\"v1ms-outlook-mobile-body-separator-line\" dir=\"auto\"><\/div>","protected":false},"excerpt":{"rendered":"<p>El sujetador Selene modelo Martina es ese bralette \u00abcrochet\u00bb que te arregla el conjunto en segundos: encaje con personalidad, escote bonito y una forma muy favorecedora sin necesidad de complicarte. Lleva aros y copa con relleno para dar un acabado m\u00e1s redondeado y femenino, perfecto cuando quieres verte m\u00e1s puesta pero seguir sinti\u00e9ndote c\u00f3moda. Por [&hellip;]<\/p>\n","protected":false},"featured_media":2362,"comment_status":"open","ping_status":"closed","template":"","meta":{"content-type":""},"product_brand":[55],"product_cat":[26,103,20],"product_tag":[56,61],"class_list":{"0":"post-869","1":"product","2":"type-product","3":"status-publish","4":"has-post-thumbnail","6":"product_brand-selene","7":"product_cat-con-aros-y-relleno","8":"product_cat-martina","9":"product_cat-sujetador","10":"product_tag-sujetador","11":"product_tag-sujetador-con-aros-y-relleno","13":"first","14":"instock","15":"taxable","16":"shipping-taxable","17":"purchasable","18":"product-type-variable"},"supplier_id":null,"supplier_sku":"","barcode":null,"atum_controlled":true,"out_stock_date":null,"out_stock_threshold":null,"inheritable":true,"inbound_stock":null,"stock_on_hold":0,"sold_today":0,"sales_last_days":0,"reserved_stock":null,"customer_returns":null,"warehouse_damage":null,"lost_in_post":null,"other_logs":null,"out_stock_days":0,"lost_sales":0,"has_location":false,"update_date":"2026-01-07T20:06:34","atum_locations":[],"atum_stock_status":"instock","restock_status":false,"low_stock_amount":"","sales_update_date":"2025-08-19T02:35:53","calc_backorders":null,"yoast_head":"<!-- This site is optimized with the Yoast SEO plugin v27.4 - https:\/\/yoast.com\/product\/yoast-seo-wordpress\/ -->\n<title>Sujetador Selene Martina - Rosana CL<\/title>\n<meta name=\"robots\" content=\"index, follow, max-snippet:-1, max-image-preview:large, max-video-preview:-1\" \/>\n<link rel=\"canonical\" href=\"https:\/\/rosanacl.com\/fi\/tuote\/sujetador-modelo-martina\/\" \/>\n<meta property=\"og:locale\" content=\"fi_FI\" \/>\n<meta property=\"og:type\" content=\"article\" \/>\n<meta property=\"og:title\" content=\"Sujetador Selene Martina - Rosana CL\" \/>\n<meta property=\"og:description\" content=\"El sujetador Selene modelo Martina es ese bralette \u00abcrochet\u00bb que te arregla el conjunto en segundos: encaje con personalidad, escote bonito y una forma muy favorecedora sin necesidad de complicarte. Lleva aros y copa con relleno para dar un acabado m\u00e1s redondeado y femenino, perfecto cuando quieres verte m\u00e1s puesta pero seguir sinti\u00e9ndote c\u00f3moda. Por [&hellip;]\" \/>\n<meta property=\"og:url\" content=\"https:\/\/rosanacl.com\/fi\/tuote\/sujetador-modelo-martina\/\" \/>\n<meta property=\"og:site_name\" content=\"Rosana CL\" \/>\n<meta property=\"article:modified_time\" content=\"2026-01-07T20:06:33+00:00\" \/>\n<meta property=\"og:image\" content=\"https:\/\/rosanacl.com\/wp-content\/uploads\/2025\/04\/2-4.jpg\" \/>\n\t<meta property=\"og:image:width\" content=\"1333\" \/>\n\t<meta property=\"og:image:height\" content=\"992\" \/>\n\t<meta property=\"og:image:type\" content=\"image\/jpeg\" \/>\n<meta name=\"twitter:card\" content=\"summary_large_image\" \/>\n<meta name=\"twitter:label1\" content=\"Arvioitu lukuaika\" \/>\n\t<meta name=\"twitter:data1\" content=\"2 minuuttia\" \/>\n<script type=\"application\/ld+json\" class=\"yoast-schema-graph\">{\"@context\":\"https:\\\/\\\/schema.org\",\"@graph\":[{\"@type\":\"WebPage\",\"@id\":\"https:\\\/\\\/rosanacl.com\\\/producto\\\/sujetador-modelo-martina\\\/\",\"url\":\"https:\\\/\\\/rosanacl.com\\\/producto\\\/sujetador-modelo-martina\\\/\",\"name\":\"Sujetador Selene Martina - Rosana CL\",\"isPartOf\":{\"@id\":\"https:\\\/\\\/rosanacl.com\\\/ca\\\/#website\"},\"primaryImageOfPage\":{\"@id\":\"https:\\\/\\\/rosanacl.com\\\/producto\\\/sujetador-modelo-martina\\\/#primaryimage\"},\"image\":{\"@id\":\"https:\\\/\\\/rosanacl.com\\\/producto\\\/sujetador-modelo-martina\\\/#primaryimage\"},\"thumbnailUrl\":\"https:\\\/\\\/rosanacl.com\\\/wp-content\\\/uploads\\\/2025\\\/04\\\/2-4.jpg\",\"datePublished\":\"2025-04-29T18:12:14+00:00\",\"dateModified\":\"2026-01-07T20:06:33+00:00\",\"breadcrumb\":{\"@id\":\"https:\\\/\\\/rosanacl.com\\\/producto\\\/sujetador-modelo-martina\\\/#breadcrumb\"},\"inLanguage\":\"fi\",\"potentialAction\":[{\"@type\":\"ReadAction\",\"target\":[\"https:\\\/\\\/rosanacl.com\\\/producto\\\/sujetador-modelo-martina\\\/\"]}]},{\"@type\":\"ImageObject\",\"inLanguage\":\"fi\",\"@id\":\"https:\\\/\\\/rosanacl.com\\\/producto\\\/sujetador-modelo-martina\\\/#primaryimage\",\"url\":\"https:\\\/\\\/rosanacl.com\\\/wp-content\\\/uploads\\\/2025\\\/04\\\/2-4.jpg\",\"contentUrl\":\"https:\\\/\\\/rosanacl.com\\\/wp-content\\\/uploads\\\/2025\\\/04\\\/2-4.jpg\",\"width\":1333,\"height\":992},{\"@type\":\"BreadcrumbList\",\"@id\":\"https:\\\/\\\/rosanacl.com\\\/producto\\\/sujetador-modelo-martina\\\/#breadcrumb\",\"itemListElement\":[{\"@type\":\"ListItem\",\"position\":1,\"name\":\"Portada\",\"item\":\"https:\\\/\\\/rosanacl.com\\\/ca\\\/\"},{\"@type\":\"ListItem\",\"position\":2,\"name\":\"Tienda\",\"item\":\"https:\\\/\\\/rosanacl.com\\\/ca\\\/tienda\\\/\"},{\"@type\":\"ListItem\",\"position\":3,\"name\":\"Sujetador Selene Martina\"}]},{\"@type\":\"WebSite\",\"@id\":\"https:\\\/\\\/rosanacl.com\\\/ca\\\/#website\",\"url\":\"https:\\\/\\\/rosanacl.com\\\/ca\\\/\",\"name\":\"Rosana CL\",\"description\":\"Somos tu interior\",\"potentialAction\":[{\"@type\":\"SearchAction\",\"target\":{\"@type\":\"EntryPoint\",\"urlTemplate\":\"https:\\\/\\\/rosanacl.com\\\/ca\\\/?s={search_term_string}\"},\"query-input\":{\"@type\":\"PropertyValueSpecification\",\"valueRequired\":true,\"valueName\":\"search_term_string\"}}],\"inLanguage\":\"fi\"}]}<\/script>\n<!-- \/ Yoast SEO plugin. -->","yoast_head_json":{"title":"Sujetador Selene Martina - Rosana CL","robots":{"index":"index","follow":"follow","max-snippet":"max-snippet:-1","max-image-preview":"max-image-preview:large","max-video-preview":"max-video-preview:-1"},"canonical":"https:\/\/rosanacl.com\/fi\/tuote\/sujetador-modelo-martina\/","og_locale":"fi_FI","og_type":"article","og_title":"Sujetador Selene Martina - Rosana CL","og_description":"El sujetador Selene modelo Martina es ese bralette \u00abcrochet\u00bb que te arregla el conjunto en segundos: encaje con personalidad, escote bonito y una forma muy favorecedora sin necesidad de complicarte. Lleva aros y copa con relleno para dar un acabado m\u00e1s redondeado y femenino, perfecto cuando quieres verte m\u00e1s puesta pero seguir sinti\u00e9ndote c\u00f3moda. Por [&hellip;]","og_url":"https:\/\/rosanacl.com\/fi\/tuote\/sujetador-modelo-martina\/","og_site_name":"Rosana CL","article_modified_time":"2026-01-07T20:06:33+00:00","og_image":[{"width":1333,"height":992,"url":"https:\/\/rosanacl.com\/wp-content\/uploads\/2025\/04\/2-4.jpg","type":"image\/jpeg"}],"twitter_card":"summary_large_image","twitter_misc":{"Arvioitu lukuaika":"2 minuuttia"},"schema":{"@context":"https:\/\/schema.org","@graph":[{"@type":"WebPage","@id":"https:\/\/rosanacl.com\/producto\/sujetador-modelo-martina\/","url":"https:\/\/rosanacl.com\/producto\/sujetador-modelo-martina\/","name":"Sujetador Selene Martina - Rosana CL","isPartOf":{"@id":"https:\/\/rosanacl.com\/ca\/#website"},"primaryImageOfPage":{"@id":"https:\/\/rosanacl.com\/producto\/sujetador-modelo-martina\/#primaryimage"},"image":{"@id":"https:\/\/rosanacl.com\/producto\/sujetador-modelo-martina\/#primaryimage"},"thumbnailUrl":"https:\/\/rosanacl.com\/wp-content\/uploads\/2025\/04\/2-4.jpg","datePublished":"2025-04-29T18:12:14+00:00","dateModified":"2026-01-07T20:06:33+00:00","breadcrumb":{"@id":"https:\/\/rosanacl.com\/producto\/sujetador-modelo-martina\/#breadcrumb"},"inLanguage":"fi","potentialAction":[{"@type":"ReadAction","target":["https:\/\/rosanacl.com\/producto\/sujetador-modelo-martina\/"]}]},{"@type":"ImageObject","inLanguage":"fi","@id":"https:\/\/rosanacl.com\/producto\/sujetador-modelo-martina\/#primaryimage","url":"https:\/\/rosanacl.com\/wp-content\/uploads\/2025\/04\/2-4.jpg","contentUrl":"https:\/\/rosanacl.com\/wp-content\/uploads\/2025\/04\/2-4.jpg","width":1333,"height":992},{"@type":"BreadcrumbList","@id":"https:\/\/rosanacl.com\/producto\/sujetador-modelo-martina\/#breadcrumb","itemListElement":[{"@type":"ListItem","position":1,"name":"Portada","item":"https:\/\/rosanacl.com\/ca\/"},{"@type":"ListItem","position":2,"name":"Tienda","item":"https:\/\/rosanacl.com\/ca\/tienda\/"},{"@type":"ListItem","position":3,"name":"Sujetador Selene Martina"}]},{"@type":"WebSite","@id":"https:\/\/rosanacl.com\/ca\/#website","url":"https:\/\/rosanacl.com\/ca\/","name":"Rosana CL","description":"Me olemme sisustuksesi","potentialAction":[{"@type":"SearchAction","target":{"@type":"EntryPoint","urlTemplate":"https:\/\/rosanacl.com\/ca\/?s={search_term_string}"},"query-input":{"@type":"PropertyValueSpecification","valueRequired":true,"valueName":"search_term_string"}}],"inLanguage":"fi"}]}},"_links":{"self":[{"href":"https:\/\/rosanacl.com\/fi\/wp-json\/wp\/v2\/product\/869","targetHints":{"allow":["GET"]}}],"collection":[{"href":"https:\/\/rosanacl.com\/fi\/wp-json\/wp\/v2\/product"}],"about":[{"href":"https:\/\/rosanacl.com\/fi\/wp-json\/wp\/v2\/types\/product"}],"replies":[{"embeddable":true,"href":"https:\/\/rosanacl.com\/fi\/wp-json\/wp\/v2\/comments?post=869"}],"version-history":[{"count":5,"href":"https:\/\/rosanacl.com\/fi\/wp-json\/wp\/v2\/product\/869\/revisions"}],"predecessor-version":[{"id":4614,"href":"https:\/\/rosanacl.com\/fi\/wp-json\/wp\/v2\/product\/869\/revisions\/4614"}],"wp:featuredmedia":[{"embeddable":true,"href":"https:\/\/rosanacl.com\/fi\/wp-json\/wp\/v2\/media\/2362"}],"wp:attachment":[{"href":"https:\/\/rosanacl.com\/fi\/wp-json\/wp\/v2\/media?parent=869"}],"wp:term":[{"taxonomy":"product_brand","embeddable":true,"href":"https:\/\/rosanacl.com\/fi\/wp-json\/wp\/v2\/product_brand?post=869"},{"taxonomy":"product_cat","embeddable":true,"href":"https:\/\/rosanacl.com\/fi\/wp-json\/wp\/v2\/product_cat?post=869"},{"taxonomy":"product_tag","embeddable":true,"href":"https:\/\/rosanacl.com\/fi\/wp-json\/wp\/v2\/product_tag?post=869"}],"curies":[{"name":"wp","href":"https:\/\/api.w.org\/{rel}","templated":true}]}}