{"id":2868,"date":"2025-09-29T23:30:18","date_gmt":"2025-09-29T21:30:18","guid":{"rendered":"https:\/\/rosanacl.com\/?page_id=2868"},"modified":"2025-09-29T23:34:26","modified_gmt":"2025-09-29T21:34:26","slug":"comprar-bragas-online","status":"publish","type":"page","link":"https:\/\/rosanacl.com\/fr\/comprar-bragas-online\/","title":{"rendered":"Acheter des culottes en ligne"},"content":{"rendered":"<div data-elementor-type=\"wp-page\" data-elementor-id=\"2868\" class=\"elementor elementor-2868\" data-elementor-post-type=\"page\">\n\t\t\t\t<div class=\"elementor-element elementor-element-171998c7 e-flex e-con-boxed e-con e-parent\" data-id=\"171998c7\" data-element_type=\"container\" data-e-type=\"container\">\n\t\t\t\t\t<div class=\"e-con-inner\">\n\t\t\t\t<div class=\"elementor-element elementor-element-6575351f elementor-widget elementor-widget-text-editor\" data-id=\"6575351f\" data-element_type=\"widget\" data-e-type=\"widget\" data-widget_type=\"text-editor.default\">\n\t\t\t\t<div class=\"elementor-widget-container\">\n\t\t\t\t\t\t\t\t\t\n<p><\/p>\n\n\n\n<p><\/p>\n\t\t\t\t\t\t\t\t<\/div>\n\t\t\t\t<\/div>\n\t\t\t\t\t<\/div>\n\t\t\t\t<\/div>\n\t\t<div class=\"elementor-element elementor-element-cf7d341 e-flex e-con-boxed e-con e-parent\" data-id=\"cf7d341\" data-element_type=\"container\" data-e-type=\"container\">\n\t\t\t\t\t<div class=\"e-con-inner\">\n\t\t\t\t<div class=\"elementor-element elementor-element-1f1d080 elementor-widget elementor-widget-heading\" data-id=\"1f1d080\" data-element_type=\"widget\" data-e-type=\"widget\" data-widget_type=\"heading.default\">\n\t\t\t\t<div class=\"elementor-widget-container\">\n\t\t\t\t\t<h2 class=\"elementor-heading-title elementor-size-default\">Acheter des culottes en ligne<\/h2>\t\t\t\t<\/div>\n\t\t\t\t<\/div>\n\t\t\t\t\t<\/div>\n\t\t\t\t<\/div>\n\t\t<div class=\"elementor-element elementor-element-dc1921d e-flex e-con-boxed e-con e-parent\" data-id=\"dc1921d\" data-element_type=\"container\" data-e-type=\"container\">\n\t\t\t\t\t<div class=\"e-con-inner\">\n\t\t<div class=\"elementor-element elementor-element-d19616f e-con-full e-flex e-con e-child\" data-id=\"d19616f\" data-element_type=\"container\" data-e-type=\"container\">\n\t\t\t\t<div class=\"elementor-element elementor-element-1137ab4 elementor-widget elementor-widget-text-editor\" data-id=\"1137ab4\" data-element_type=\"widget\" data-e-type=\"widget\" data-widget_type=\"text-editor.default\">\n\t\t\t\t<div class=\"elementor-widget-container\">\n\t\t\t\t\t\t\t\t\t<h3 data-start=\"299\" data-end=\"378\"><strong data-start=\"303\" data-end=\"376\">Achetez des culottes en ligne : le moyen le plus simple de renouveler vos sous-v\u00eatements<\/strong><\/h3>\n<p data-start=\"379\" data-end=\"772\">\u00c0 l\u2019\u00e8re du num\u00e9rique, <strong data-start=\"398\" data-end=\"423\">acheter des culottes en ligne<\/strong> C&#039;est devenu une option pratique et s\u00fbre pour de nombreuses femmes. Pouvoir choisir depuis chez soi, comparer les mod\u00e8les et les tailles, et recevoir ses v\u00eatements directement chez soi est un confort incomparable. Chez Rosana CL, nous sommes sp\u00e9cialis\u00e9s dans une exp\u00e9rience d&#039;achat en ligne alliant simplicit\u00e9, vari\u00e9t\u00e9 et garantie de qualit\u00e9.<\/p>\n<p data-start=\"774\" data-end=\"1237\">Notre boutique en ligne vous offre l&#039;acc\u00e8s \u00e0 un large catalogue de culottes Selene, r\u00e9put\u00e9es pour leur douceur, leur durabilit\u00e9 et leur ajustement parfait. <strong data-start=\"917\" data-end=\"942\">Acheter des culottes en ligne<\/strong> Chez Rosana CL, cela signifie choisir des v\u00eatements confectionn\u00e9s dans des tissus de haute qualit\u00e9, con\u00e7us pour \u00e9pouser la silhouette f\u00e9minine et accompagner chaque mouvement sans g\u00eane. De plus, des informations d\u00e9taill\u00e9es et des photos pr\u00e9cises facilitent le choix de chaque cliente.<\/p>\t\t\t\t\t\t\t\t<\/div>\n\t\t\t\t<\/div>\n\t\t\t\t<\/div>\n\t\t<div class=\"elementor-element elementor-element-5568f8b e-con-full e-flex e-con e-child\" data-id=\"5568f8b\" data-element_type=\"container\" data-e-type=\"container\">\n\t\t\t\t<div class=\"elementor-element elementor-element-980debe elementor-widget elementor-widget-image\" data-id=\"980debe\" data-element_type=\"widget\" data-e-type=\"widget\" data-widget_type=\"image.default\">\n\t\t\t\t<div class=\"elementor-widget-container\">\n\t\t\t\t\t\t\t\t\t\t\t\t\t\t\t<img fetchpriority=\"high\" decoding=\"async\" width=\"563\" height=\"750\" src=\"https:\/\/rosanacl.com\/wp-content\/uploads\/2025\/08\/5-4-768x1024.png\" class=\"attachment-large size-large wp-image-3528\" alt=\"\" srcset=\"https:\/\/rosanacl.com\/wp-content\/uploads\/2025\/08\/5-4-768x1023.png 768w, https:\/\/rosanacl.com\/wp-content\/uploads\/2025\/08\/5-4-225x300.png 225w, https:\/\/rosanacl.com\/wp-content\/uploads\/2025\/08\/5-4-9x12.png 9w, https:\/\/rosanacl.com\/wp-content\/uploads\/2025\/08\/5-4-600x800.png 600w, https:\/\/rosanacl.com\/wp-content\/uploads\/2025\/08\/5-4.png 800w\" sizes=\"(max-width: 563px) 100vw, 563px\" \/>\t\t\t\t\t\t\t\t\t\t\t\t\t\t\t<\/div>\n\t\t\t\t<\/div>\n\t\t\t\t<\/div>\n\t\t\t\t\t<\/div>\n\t\t\t\t<\/div>\n\t\t<div class=\"elementor-element elementor-element-5e380fb e-flex e-con-boxed e-con e-parent\" data-id=\"5e380fb\" data-element_type=\"container\" data-e-type=\"container\">\n\t\t\t\t\t<div class=\"e-con-inner\">\n\t\t<div class=\"elementor-element elementor-element-a763375 e-con-full e-flex e-con e-child\" data-id=\"a763375\" data-element_type=\"container\" data-e-type=\"container\">\n\t\t\t\t<div class=\"elementor-element elementor-element-a8aecc4 elementor-widget elementor-widget-image\" data-id=\"a8aecc4\" data-element_type=\"widget\" data-e-type=\"widget\" data-widget_type=\"image.default\">\n\t\t\t\t<div class=\"elementor-widget-container\">\n\t\t\t\t\t\t\t\t\t\t\t\t\t\t\t<img decoding=\"async\" width=\"800\" height=\"566\" src=\"https:\/\/rosanacl.com\/wp-content\/uploads\/2025\/08\/lenceria-selene-1024x724.jpg\" class=\"attachment-large size-large wp-image-3690\" alt=\"\" srcset=\"https:\/\/rosanacl.com\/wp-content\/uploads\/2025\/08\/lenceria-selene-1024x724.jpg 1024w, https:\/\/rosanacl.com\/wp-content\/uploads\/2025\/08\/lenceria-selene-300x212.jpg 300w, https:\/\/rosanacl.com\/wp-content\/uploads\/2025\/08\/lenceria-selene-768x543.jpg 768w, https:\/\/rosanacl.com\/wp-content\/uploads\/2025\/08\/lenceria-selene-1536x1086.jpg 1536w, https:\/\/rosanacl.com\/wp-content\/uploads\/2025\/08\/lenceria-selene-18x12.jpg 18w, https:\/\/rosanacl.com\/wp-content\/uploads\/2025\/08\/lenceria-selene-600x424.jpg 600w, https:\/\/rosanacl.com\/wp-content\/uploads\/2025\/08\/lenceria-selene.jpg 2000w\" sizes=\"(max-width: 800px) 100vw, 800px\" \/>\t\t\t\t\t\t\t\t\t\t\t\t\t\t\t<\/div>\n\t\t\t\t<\/div>\n\t\t\t\t<\/div>\n\t\t<div class=\"elementor-element elementor-element-b02b1e9 e-con-full e-flex e-con e-child\" data-id=\"b02b1e9\" data-element_type=\"container\" data-e-type=\"container\">\n\t\t\t\t<div class=\"elementor-element elementor-element-f156574 elementor-widget elementor-widget-text-editor\" data-id=\"f156574\" data-element_type=\"widget\" data-e-type=\"widget\" data-widget_type=\"text-editor.default\">\n\t\t\t\t<div class=\"elementor-widget-container\">\n\t\t\t\t\t\t\t\t\t<h3 data-start=\"1239\" data-end=\"1307\"><strong data-start=\"1243\" data-end=\"1305\">Achetez des culottes en ligne : vari\u00e9t\u00e9 et mod\u00e8les pour tous les styles<\/strong><\/h3>\n<p data-start=\"1308\" data-end=\"1666\">L\u2019un des plus grands avantages de <strong data-start=\"1341\" data-end=\"1366\">acheter des culottes en ligne<\/strong> Chez Rosana CL, la vari\u00e9t\u00e9 de styles disponibles est impressionnante. Des culottes classiques et confortables pour le quotidien aux mod\u00e8les plus sophistiqu\u00e9s, orn\u00e9s de dentelle et de d\u00e9tails d\u00e9licats, pour les grandes occasions. Chaque mod\u00e8le est con\u00e7u pour la femme moderne, en qu\u00eate de style sans sacrifier le confort.<\/p>\n<p data-start=\"1668\" data-end=\"2116\">La vari\u00e9t\u00e9 des tailles et des styles permet \u00e0 chaque client de trouver exactement ce dont il a besoin. Polyvalentes, r\u00e9sistantes et \u00e9l\u00e9gantes, les culottes Selene sont le choix id\u00e9al pour celles qui recherchent <strong data-start=\"1905\" data-end=\"1930\">acheter des culottes en ligne<\/strong> Sans compromis sur la qualit\u00e9 ni le design. De plus, les mat\u00e9riaux s\u00e9lectionn\u00e9s garantissent une durabilit\u00e9 m\u00eame apr\u00e8s de nombreux lavages, faisant de cet achat un investissement judicieux.<\/p>\t\t\t\t\t\t\t\t<\/div>\n\t\t\t\t<\/div>\n\t\t\t\t<\/div>\n\t\t\t\t\t<\/div>\n\t\t\t\t<\/div>\n\t\t<div class=\"elementor-element elementor-element-495e863 e-flex e-con-boxed e-con e-parent\" data-id=\"495e863\" data-element_type=\"container\" data-e-type=\"container\">\n\t\t\t\t\t<div class=\"e-con-inner\">\n\t\t\t\t<div class=\"elementor-element elementor-element-fe47ba3 elementor-widget elementor-widget-text-editor\" data-id=\"fe47ba3\" data-element_type=\"widget\" data-e-type=\"widget\" data-widget_type=\"text-editor.default\">\n\t\t\t\t<div class=\"elementor-widget-container\">\n\t\t\t\t\t\t\t\t\t<h3 data-start=\"2118\" data-end=\"2186\"><strong data-start=\"2122\" data-end=\"2184\">Achetez des culottes en ligne : confiance et s\u00e9curit\u00e9 avec Rosana CL<\/strong><\/h3>\n<p data-start=\"2187\" data-end=\"2530\">Chez Rosana CL, la s\u00e9curit\u00e9 et la satisfaction de nos clients sont notre priorit\u00e9. Acheter des culottes en ligne, c&#039;est acc\u00e9der aux produits originaux 100%, avec une garantie de qualit\u00e9 et un service personnalis\u00e9. Notre \u00e9quipe est toujours disponible pour vous conseiller et vous aider \u00e0 choisir le v\u00eatement qui correspond le mieux \u00e0 votre morphologie et \u00e0 votre style de vie.<\/p>\n<p data-start=\"2532\" data-end=\"2947\">Forts de notre exp\u00e9rience dans le secteur de la lingerie et de la corseterie, nous savons que chaque d\u00e9tail compte. C&#039;est pourquoi, <strong data-start=\"2649\" data-end=\"2674\">acheter des culottes en ligne<\/strong> Chez Rosana CL, les clients ach\u00e8tent non seulement un produit, mais aussi la tranquillit\u00e9 d&#039;esprit\u00a0: leur choix sera confortable, durable et \u00e9l\u00e9gant. Chaque commande est trait\u00e9e efficacement et arrive \u00e0 temps, garantissant une exp\u00e9rience d&#039;achat satisfaisante du d\u00e9but \u00e0 la fin.<\/p>\n<p data-start=\"2949\" data-end=\"3136\">En bref, <strong data-start=\"2964\" data-end=\"2989\">acheter des culottes en ligne<\/strong> Chez Rosana CL, nous misons sur le confort, le style et la confiance. Nous choisissons des culottes de qualit\u00e9 qui subliment la f\u00e9minit\u00e9 et procurent un bien-\u00eatre quotidien.<\/p>\t\t\t\t\t\t\t\t<\/div>\n\t\t\t\t<\/div>\n\t\t\t\t\t<\/div>\n\t\t\t\t<\/div>\n\t\t<div class=\"elementor-element elementor-element-d05ed3a e-flex e-con-boxed e-con e-parent\" data-id=\"d05ed3a\" data-element_type=\"container\" data-e-type=\"container\">\n\t\t\t\t\t<div class=\"e-con-inner\">\n\t\t\t\t<div class=\"elementor-element elementor-element-b883e86 elementor-widget elementor-widget-heading\" data-id=\"b883e86\" data-element_type=\"widget\" data-e-type=\"widget\" data-widget_type=\"heading.default\">\n\t\t\t\t<div class=\"elementor-widget-container\">\n\t\t\t\t\t<h2 class=\"elementor-heading-title elementor-size-default\">Contactez-nous <\/h2>\t\t\t\t<\/div>\n\t\t\t\t<\/div>\n\t\t\t\t\t<\/div>\n\t\t\t\t<\/div>\n\t\t<div class=\"elementor-element elementor-element-00e20e2 e-flex e-con-boxed e-con e-parent\" data-id=\"00e20e2\" data-element_type=\"container\" data-e-type=\"container\">\n\t\t\t\t\t<div class=\"e-con-inner\">\n\t\t<div class=\"elementor-element elementor-element-8ad8f7b e-con-full e-flex e-con e-child\" data-id=\"8ad8f7b\" data-element_type=\"container\" data-e-type=\"container\">\n\t\t\t\t<div class=\"elementor-element elementor-element-888944a elementor-widget__width-initial elementor-widget elementor-widget-elementskit-contact-form7\" data-id=\"888944a\" data-element_type=\"widget\" data-e-type=\"widget\" data-widget_type=\"elementskit-contact-form7.default\">\n\t\t\t\t<div class=\"elementor-widget-container\">\n\t\t\t\t\t<div class=\"ekit-wid-con\" ><div class=\"ekit-form\">\n<div class=\"wpcf7 no-js\" id=\"wpcf7-f48-o1\" lang=\"es-ES\" dir=\"ltr\" data-wpcf7-id=\"48\">\n<div class=\"screen-reader-response\"><p role=\"status\" aria-live=\"polite\" aria-atomic=\"true\"><\/p> <ul><\/ul><\/div>\n<form action=\"\/de\/wp-json\/wp\/v2\/pages\/2868#wpcf7-f48-o1\" method=\"post\" class=\"wpcf7-form init\" aria-label=\"Formulaire de contact\" novalidate=\"novalidate\" data-status=\"init\" data-trp-original-action=\"\/de\/wp-json\/wp\/v2\/pages\/2868#wpcf7-f48-o1\">\n<fieldset class=\"hidden-fields-container\"><input type=\"hidden\" name=\"_wpcf7\" value=\"48\" \/><input type=\"hidden\" name=\"_wpcf7_version\" value=\"6.1.5\" \/><input type=\"hidden\" name=\"_wpcf7_locale\" value=\"es_ES\" \/><input type=\"hidden\" name=\"_wpcf7_unit_tag\" value=\"wpcf7-f48-o1\" \/><input type=\"hidden\" name=\"_wpcf7_container_post\" value=\"0\" \/><input type=\"hidden\" name=\"_wpcf7_posted_data_hash\" value=\"\" \/><input type=\"hidden\" name=\"_wpcf7_recaptcha_response\" value=\"\" \/>\n<\/fieldset>\n<div class=\"form-row\">\n\t<div class=\"form-column\">\n\t\t<p><span class=\"wpcf7-form-control-wrap\" data-name=\"nombre\"><input size=\"40\" maxlength=\"400\" class=\"wpcf7-form-control wpcf7-text wpcf7-validates-as-required\" aria-required=\"true\" aria-invalid=\"false\" placeholder=\"Nom\" value=\"\" type=\"text\" name=\"nombre\" \/><\/span>\n\t\t<\/p>\n\t<\/div>\n\t<div class=\"form-column\">\n\t\t<p><span class=\"wpcf7-form-control-wrap\" data-name=\"telefono\"><input size=\"40\" maxlength=\"400\" class=\"wpcf7-form-control wpcf7-tel wpcf7-validates-as-required wpcf7-text wpcf7-validates-as-tel\" aria-required=\"true\" aria-invalid=\"false\" placeholder=\"T\u00e9l\u00e9phone *\" value=\"\" type=\"tel\" name=\"telefono\" \/><\/span>\n\t\t<\/p>\n\t<\/div>\n<\/div>\n<div class=\"form-row\">\n\t<div class=\"form-column\">\n\t\t<p><span class=\"wpcf7-form-control-wrap\" data-name=\"email\"><input size=\"40\" maxlength=\"400\" class=\"wpcf7-form-control wpcf7-email wpcf7-validates-as-required wpcf7-text wpcf7-validates-as-email\" aria-required=\"true\" aria-invalid=\"false\" placeholder=\"E-mail *\" value=\"\" type=\"email\" name=\"email\" \/><\/span>\n\t\t<\/p>\n\t<\/div>\n\t<div class=\"form-column\">\n\t\t<p><span class=\"wpcf7-form-control-wrap\" data-name=\"asunto\"><input size=\"40\" maxlength=\"400\" class=\"wpcf7-form-control wpcf7-text wpcf7-validates-as-required\" aria-required=\"true\" aria-invalid=\"false\" placeholder=\"Affaire *\" value=\"\" type=\"text\" name=\"asunto\" \/><\/span>\n\t\t<\/p>\n\t<\/div>\n<\/div>\n<p><span class=\"wpcf7-form-control-wrap\" data-name=\"mensaje\"><textarea cols=\"40\" rows=\"10\" maxlength=\"2000\" class=\"wpcf7-form-control wpcf7-textarea wpcf7-validates-as-required\" aria-required=\"true\" aria-invalid=\"false\" placeholder=\"Message\" name=\"mensaje\"><\/textarea><\/span>\n<\/p>\n<p class=\"legal-priv\"><span class=\"wpcf7-form-control-wrap\" data-name=\"acceptance-787\"><span class=\"wpcf7-form-control wpcf7-acceptance\"><span class=\"wpcf7-list-item\"><label><input type=\"checkbox\" name=\"acceptance-787\" value=\"1\" aria-invalid=\"false\" \/><span class=\"wpcf7-list-item-label\">J&#039;ai lu et j&#039;accepte les conditions g\u00e9n\u00e9rales. <a href=\"https:\/\/rosanacl.com\/fr\/politica-de-privacidad\/\">politique de confidentialit\u00e9<\/a><\/span><\/label><\/span><\/span><\/span>\n<\/p>\n<p><input class=\"wpcf7-form-control wpcf7-submit has-spinner\" type=\"submit\" value=\"ENVOYER UN MESSAGE\" \/>\n<\/p><div class=\"wpcf7-response-output\" aria-hidden=\"true\"><\/div>\n<input type=\"hidden\" name=\"trp-form-language\" value=\"fr\"\/><\/form>\n<\/div>\n<\/div><\/div>\t\t\t\t<\/div>\n\t\t\t\t<\/div>\n\t\t\t\t<\/div>\n\t\t\t\t\t<\/div>\n\t\t\t\t<\/div>\n\t\t\t\t<\/div>","protected":false},"excerpt":{"rendered":"<p>Comprar bragas online Comprar bragas online: la forma m\u00e1s f\u00e1cil de renovar tu ropa interior En la era digital, comprar bragas online se ha convertido en una opci\u00f3n pr\u00e1ctica y segura para muchas mujeres. La comodidad de poder elegir desde casa, comparar modelos y tallas, y recibir las prendas directamente en la puerta de tu [&hellip;]<\/p>\n","protected":false},"author":1,"featured_media":0,"parent":0,"menu_order":0,"comment_status":"closed","ping_status":"closed","template":"","meta":{"content-type":"","footnotes":""},"class_list":["post-2868","page","type-page","status-publish","hentry"],"yoast_head":"<!-- This site is optimized with the Yoast SEO plugin v27.4 - https:\/\/yoast.com\/product\/yoast-seo-wordpress\/ -->\n<title>Comprar bragas online - Rosana CL<\/title>\n<meta name=\"robots\" content=\"index, follow, max-snippet:-1, max-image-preview:large, max-video-preview:-1\" \/>\n<link rel=\"canonical\" href=\"https:\/\/rosanacl.com\/fr\/comprar-bragas-online\/\" \/>\n<meta property=\"og:locale\" content=\"fr_FR\" \/>\n<meta property=\"og:type\" content=\"article\" \/>\n<meta property=\"og:title\" content=\"Comprar bragas online - Rosana CL\" \/>\n<meta property=\"og:description\" content=\"Comprar bragas online Comprar bragas online: la forma m\u00e1s f\u00e1cil de renovar tu ropa interior En la era digital, comprar bragas online se ha convertido en una opci\u00f3n pr\u00e1ctica y segura para muchas mujeres. La comodidad de poder elegir desde casa, comparar modelos y tallas, y recibir las prendas directamente en la puerta de tu [&hellip;]\" \/>\n<meta property=\"og:url\" content=\"https:\/\/rosanacl.com\/fr\/comprar-bragas-online\/\" \/>\n<meta property=\"og:site_name\" content=\"Rosana CL\" \/>\n<meta property=\"article:modified_time\" content=\"2025-09-29T21:34:26+00:00\" \/>\n<meta property=\"og:image\" content=\"https:\/\/rosanacl.com\/wp-content\/uploads\/2025\/08\/5-4.png\" \/>\n\t<meta property=\"og:image:width\" content=\"800\" \/>\n\t<meta property=\"og:image:height\" content=\"1066\" \/>\n\t<meta property=\"og:image:type\" content=\"image\/png\" \/>\n<meta name=\"twitter:card\" content=\"summary_large_image\" \/>\n<meta name=\"twitter:label1\" content=\"Dur\u00e9e de lecture estim\u00e9e\" \/>\n\t<meta name=\"twitter:data1\" content=\"2 minutes\" \/>\n<script type=\"application\/ld+json\" class=\"yoast-schema-graph\">{\"@context\":\"https:\\\/\\\/schema.org\",\"@graph\":[{\"@type\":\"WebPage\",\"@id\":\"https:\\\/\\\/rosanacl.com\\\/eu\\\/comprar-bragas-online\\\/\",\"url\":\"https:\\\/\\\/rosanacl.com\\\/eu\\\/comprar-bragas-online\\\/\",\"name\":\"Comprar bragas online - Rosana CL\",\"isPartOf\":{\"@id\":\"https:\\\/\\\/rosanacl.com\\\/ca\\\/#website\"},\"primaryImageOfPage\":{\"@id\":\"https:\\\/\\\/rosanacl.com\\\/eu\\\/comprar-bragas-online\\\/#primaryimage\"},\"image\":{\"@id\":\"https:\\\/\\\/rosanacl.com\\\/eu\\\/comprar-bragas-online\\\/#primaryimage\"},\"thumbnailUrl\":\"https:\\\/\\\/rosanacl.com\\\/wp-content\\\/uploads\\\/2025\\\/08\\\/5-4-768x1024.png\",\"datePublished\":\"2025-09-29T21:30:18+00:00\",\"dateModified\":\"2025-09-29T21:34:26+00:00\",\"breadcrumb\":{\"@id\":\"https:\\\/\\\/rosanacl.com\\\/eu\\\/comprar-bragas-online\\\/#breadcrumb\"},\"inLanguage\":\"fr-FR\",\"potentialAction\":[{\"@type\":\"ReadAction\",\"target\":[\"https:\\\/\\\/rosanacl.com\\\/eu\\\/comprar-bragas-online\\\/\"]}]},{\"@type\":\"ImageObject\",\"inLanguage\":\"fr-FR\",\"@id\":\"https:\\\/\\\/rosanacl.com\\\/eu\\\/comprar-bragas-online\\\/#primaryimage\",\"url\":\"https:\\\/\\\/rosanacl.com\\\/wp-content\\\/uploads\\\/2025\\\/08\\\/5-4-768x1024.png\",\"contentUrl\":\"https:\\\/\\\/rosanacl.com\\\/wp-content\\\/uploads\\\/2025\\\/08\\\/5-4-768x1024.png\"},{\"@type\":\"BreadcrumbList\",\"@id\":\"https:\\\/\\\/rosanacl.com\\\/eu\\\/comprar-bragas-online\\\/#breadcrumb\",\"itemListElement\":[{\"@type\":\"ListItem\",\"position\":1,\"name\":\"Portada\",\"item\":\"https:\\\/\\\/rosanacl.com\\\/ca\\\/\"},{\"@type\":\"ListItem\",\"position\":2,\"name\":\"Comprar bragas online\"}]},{\"@type\":\"WebSite\",\"@id\":\"https:\\\/\\\/rosanacl.com\\\/ca\\\/#website\",\"url\":\"https:\\\/\\\/rosanacl.com\\\/ca\\\/\",\"name\":\"Rosana CL\",\"description\":\"Somos tu interior\",\"potentialAction\":[{\"@type\":\"SearchAction\",\"target\":{\"@type\":\"EntryPoint\",\"urlTemplate\":\"https:\\\/\\\/rosanacl.com\\\/ca\\\/?s={search_term_string}\"},\"query-input\":{\"@type\":\"PropertyValueSpecification\",\"valueRequired\":true,\"valueName\":\"search_term_string\"}}],\"inLanguage\":\"fr-FR\"}]}<\/script>\n<!-- \/ Yoast SEO plugin. -->","yoast_head_json":{"title":"Comprar bragas online - Rosana CL","robots":{"index":"index","follow":"follow","max-snippet":"max-snippet:-1","max-image-preview":"max-image-preview:large","max-video-preview":"max-video-preview:-1"},"canonical":"https:\/\/rosanacl.com\/fr\/comprar-bragas-online\/","og_locale":"fr_FR","og_type":"article","og_title":"Comprar bragas online - Rosana CL","og_description":"Comprar bragas online Comprar bragas online: la forma m\u00e1s f\u00e1cil de renovar tu ropa interior En la era digital, comprar bragas online se ha convertido en una opci\u00f3n pr\u00e1ctica y segura para muchas mujeres. La comodidad de poder elegir desde casa, comparar modelos y tallas, y recibir las prendas directamente en la puerta de tu [&hellip;]","og_url":"https:\/\/rosanacl.com\/fr\/comprar-bragas-online\/","og_site_name":"Rosana CL","article_modified_time":"2025-09-29T21:34:26+00:00","og_image":[{"width":800,"height":1066,"url":"https:\/\/rosanacl.com\/wp-content\/uploads\/2025\/08\/5-4.png","type":"image\/png"}],"twitter_card":"summary_large_image","twitter_misc":{"Dur\u00e9e de lecture estim\u00e9e":"2 minutes"},"schema":{"@context":"https:\/\/schema.org","@graph":[{"@type":"WebPage","@id":"https:\/\/rosanacl.com\/eu\/comprar-bragas-online\/","url":"https:\/\/rosanacl.com\/eu\/comprar-bragas-online\/","name":"Comprar bragas online - Rosana CL","isPartOf":{"@id":"https:\/\/rosanacl.com\/ca\/#website"},"primaryImageOfPage":{"@id":"https:\/\/rosanacl.com\/eu\/comprar-bragas-online\/#primaryimage"},"image":{"@id":"https:\/\/rosanacl.com\/eu\/comprar-bragas-online\/#primaryimage"},"thumbnailUrl":"https:\/\/rosanacl.com\/wp-content\/uploads\/2025\/08\/5-4-768x1024.png","datePublished":"2025-09-29T21:30:18+00:00","dateModified":"2025-09-29T21:34:26+00:00","breadcrumb":{"@id":"https:\/\/rosanacl.com\/eu\/comprar-bragas-online\/#breadcrumb"},"inLanguage":"fr-FR","potentialAction":[{"@type":"ReadAction","target":["https:\/\/rosanacl.com\/eu\/comprar-bragas-online\/"]}]},{"@type":"ImageObject","inLanguage":"fr-FR","@id":"https:\/\/rosanacl.com\/eu\/comprar-bragas-online\/#primaryimage","url":"https:\/\/rosanacl.com\/wp-content\/uploads\/2025\/08\/5-4-768x1024.png","contentUrl":"https:\/\/rosanacl.com\/wp-content\/uploads\/2025\/08\/5-4-768x1024.png"},{"@type":"BreadcrumbList","@id":"https:\/\/rosanacl.com\/eu\/comprar-bragas-online\/#breadcrumb","itemListElement":[{"@type":"ListItem","position":1,"name":"Portada","item":"https:\/\/rosanacl.com\/ca\/"},{"@type":"ListItem","position":2,"name":"Comprar bragas online"}]},{"@type":"WebSite","@id":"https:\/\/rosanacl.com\/ca\/#website","url":"https:\/\/rosanacl.com\/ca\/","name":"Rosana CL","description":"Nous sommes votre int\u00e9rieur","potentialAction":[{"@type":"SearchAction","target":{"@type":"EntryPoint","urlTemplate":"https:\/\/rosanacl.com\/ca\/?s={search_term_string}"},"query-input":{"@type":"PropertyValueSpecification","valueRequired":true,"valueName":"search_term_string"}}],"inLanguage":"fr-FR"}]}},"_links":{"self":[{"href":"https:\/\/rosanacl.com\/fr\/wp-json\/wp\/v2\/pages\/2868","targetHints":{"allow":["GET"]}}],"collection":[{"href":"https:\/\/rosanacl.com\/fr\/wp-json\/wp\/v2\/pages"}],"about":[{"href":"https:\/\/rosanacl.com\/fr\/wp-json\/wp\/v2\/types\/page"}],"author":[{"embeddable":true,"href":"https:\/\/rosanacl.com\/fr\/wp-json\/wp\/v2\/users\/1"}],"replies":[{"embeddable":true,"href":"https:\/\/rosanacl.com\/fr\/wp-json\/wp\/v2\/comments?post=2868"}],"version-history":[{"count":0,"href":"https:\/\/rosanacl.com\/fr\/wp-json\/wp\/v2\/pages\/2868\/revisions"}],"wp:attachment":[{"href":"https:\/\/rosanacl.com\/fr\/wp-json\/wp\/v2\/media?parent=2868"}],"curies":[{"name":"wp","href":"https:\/\/api.w.org\/{rel}","templated":true}]}}