{"id":1017,"date":"2025-04-30T00:35:59","date_gmt":"2025-04-29T22:35:59","guid":{"rendered":"https:\/\/rosanacl.com\/?post_type=product&#038;p=1017"},"modified":"2026-01-07T20:56:28","modified_gmt":"2026-01-07T19:56:28","slug":"sujetador-modelo-laia","status":"publish","type":"product","link":"https:\/\/rosanacl.com\/fr\/produit\/sujetador-modelo-laia\/","title":{"rendered":"Selene Laia Bra"},"content":{"rendered":"<p>Le soutien-gorge Selene Laia est con\u00e7u pour les jours o\u00f9 vous souhaitez \u00eatre \u00e0 votre avantage sans effort\u00a0: armatures et l\u00e9ger rembourrage pour un galbe naturel, et un design m\u00ealant tulle et dentelle pour une finition \u00e9l\u00e9gante et tr\u00e8s f\u00e9minine. C&#039;est un de ces soutiens-gorge qui se suffit \u00e0 lui-m\u00eame\u00a0: beau \u00e0 regarder, confortable \u00e0 porter et parfait au quotidien.<\/p>\n<p>De plus, ses bonnets en mousse l\u00e9g\u00e8re galbent la poitrine pour un r\u00e9sultat plus harmonieux et esth\u00e9tique, sans effet de volume. Le soutien-gorge Laia est id\u00e9al si vous recherchez un mod\u00e8le \u00e0 armatures et rembourr\u00e9, confortable et bien ajust\u00e9, qui se marie aussi bien avec des v\u00eatements pr\u00e8s du corps qu&#039;avec des tenues plus habill\u00e9es.<\/p>\n<p>D\u00e9tails que vous allez adorer \u00e0 propos du Laia<\/p>\n<ul>\n<li>Des cerceaux qui offrent du maintien et un d\u00e9collet\u00e9 plus d\u00e9fini.<\/li>\n<li>Rembourrage l\u00e9ger (mousse) pour une forme arrondie et flatteuse.<\/li>\n<li>Association de tulle et de dentelle : une finition fine et tr\u00e8s f\u00e9minine.<\/li>\n<li>Une bonne option \u00e0 porter avec des v\u00eatements ajust\u00e9s\u00a0: un effet plus soign\u00e9 sous le v\u00eatement.<\/li>\n<li>Associez-le \u00e0 la culotte br\u00e9silienne Selene 3121 pour un ensemble magnifique.<\/li>\n<\/ul>\n<p>\ud83d\udde3\ufe0f Conseil\u00a0: Le soutien-gorge Laia fait partie de ces mod\u00e8les qui vous s\u00e9duisent instantan\u00e9ment\u00a0: un d\u00e9collet\u00e9 arrondi et f\u00e9minin, rehauss\u00e9 d\u2019un l\u00e9ger rembourrage qui sublime votre silhouette sans l\u2019alourdir. Confortable et \u00e9l\u00e9gant, il est id\u00e9al pour les jours o\u00f9 vous souhaitez \u00eatre au top en toute simplicit\u00e9.<\/p>\n<p>\ud83d\udccf Remarque\u00a0: Pour trouver la taille id\u00e9ale chez Laia, tenez compte de votre tour de poitrine et de votre taille de bonnet\u00a0: si vous h\u00e9sitez entre deux tailles et souhaitez un maintien plus ferme et une silhouette plus galb\u00e9e, choisissez la plus petite\u00a0; si vous privil\u00e9giez le confort ou si vous ne souhaitez aucune pression au niveau de la poitrine, optez pour la taille sup\u00e9rieure. En cas de doute, mesurez votre tour de sous-poitrine et comparez-le \u00e0 votre taille habituelle avant de faire votre choix.<\/p>\n<p>Composition : 48% polyester, 44% polyamide, 8% \u00e9lasthanne.<\/p>\n<p>\ud83c\udfad Un brin de myst\u00e8re, beaucoup d&#039;\u00e9l\u00e9gance.<\/p>\n<div id=\"v1ms-outlook-mobile-body-separator-line\" dir=\"auto\"><\/div>","protected":false},"excerpt":{"rendered":"<p>El sujetador Selene Laia est\u00e1 pensado para esos d\u00edas en los que quieres verte m\u00e1s favorecida sin complicarte: aros + relleno ligero que realza con naturalidad, y un dise\u00f1o que mezcla tul y encaje para conseguir un acabado elegante y muy femenino. Es de esos sujetadores que \u00abvisten\u00bb por s\u00ed solos: bonito a la vista, [&hellip;]<\/p>\n","protected":false},"featured_media":2358,"comment_status":"open","ping_status":"closed","template":"","meta":{"content-type":""},"product_brand":[55],"product_cat":[26,102,20],"product_tag":[56,62],"class_list":{"0":"post-1017","1":"product","2":"type-product","3":"status-publish","4":"has-post-thumbnail","6":"product_brand-selene","7":"product_cat-con-aros-y-relleno","8":"product_cat-laia","9":"product_cat-sujetador","10":"product_tag-sujetador","11":"product_tag-sujetador-con-aros-y-rellenos","13":"first","14":"instock","15":"taxable","16":"shipping-taxable","17":"purchasable","18":"product-type-variable"},"supplier_id":null,"supplier_sku":"","barcode":null,"atum_controlled":true,"out_stock_date":null,"out_stock_threshold":null,"inheritable":true,"inbound_stock":null,"stock_on_hold":0,"sold_today":0,"sales_last_days":0,"reserved_stock":null,"customer_returns":null,"warehouse_damage":null,"lost_in_post":null,"other_logs":null,"out_stock_days":0,"lost_sales":0,"has_location":false,"update_date":"2026-01-07T19:56:29","atum_locations":[],"atum_stock_status":"instock","restock_status":false,"low_stock_amount":"","sales_update_date":"2025-08-19T02:35:53","calc_backorders":null,"yoast_head":"<!-- This site is optimized with the Yoast SEO plugin v27.4 - https:\/\/yoast.com\/product\/yoast-seo-wordpress\/ -->\n<title>Sujetador Selene Laia - Rosana CL<\/title>\n<meta name=\"robots\" content=\"index, follow, max-snippet:-1, max-image-preview:large, max-video-preview:-1\" \/>\n<link rel=\"canonical\" href=\"https:\/\/rosanacl.com\/fr\/produit\/sujetador-modelo-laia\/\" \/>\n<meta property=\"og:locale\" content=\"fr_FR\" \/>\n<meta property=\"og:type\" content=\"article\" \/>\n<meta property=\"og:title\" content=\"Sujetador Selene Laia - Rosana CL\" \/>\n<meta property=\"og:description\" content=\"El sujetador Selene Laia est\u00e1 pensado para esos d\u00edas en los que quieres verte m\u00e1s favorecida sin complicarte: aros + relleno ligero que realza con naturalidad, y un dise\u00f1o que mezcla tul y encaje para conseguir un acabado elegante y muy femenino. Es de esos sujetadores que \u00abvisten\u00bb por s\u00ed solos: bonito a la vista, [&hellip;]\" \/>\n<meta property=\"og:url\" content=\"https:\/\/rosanacl.com\/fr\/produit\/sujetador-modelo-laia\/\" \/>\n<meta property=\"og:site_name\" content=\"Rosana CL\" \/>\n<meta property=\"article:modified_time\" content=\"2026-01-07T19:56:28+00:00\" \/>\n<meta property=\"og:image\" content=\"https:\/\/rosanacl.com\/wp-content\/uploads\/2025\/04\/2-3-e1756816590538.jpg\" \/>\n\t<meta property=\"og:image:width\" content=\"830\" \/>\n\t<meta property=\"og:image:height\" content=\"1017\" \/>\n\t<meta property=\"og:image:type\" content=\"image\/jpeg\" \/>\n<meta name=\"twitter:card\" content=\"summary_large_image\" \/>\n<meta name=\"twitter:label1\" content=\"Dur\u00e9e de lecture estim\u00e9e\" \/>\n\t<meta name=\"twitter:data1\" content=\"2 minutes\" \/>\n<script type=\"application\/ld+json\" class=\"yoast-schema-graph\">{\"@context\":\"https:\\\/\\\/schema.org\",\"@graph\":[{\"@type\":\"WebPage\",\"@id\":\"https:\\\/\\\/rosanacl.com\\\/producto\\\/sujetador-modelo-laia\\\/\",\"url\":\"https:\\\/\\\/rosanacl.com\\\/producto\\\/sujetador-modelo-laia\\\/\",\"name\":\"Sujetador Selene Laia - Rosana CL\",\"isPartOf\":{\"@id\":\"https:\\\/\\\/rosanacl.com\\\/ca\\\/#website\"},\"primaryImageOfPage\":{\"@id\":\"https:\\\/\\\/rosanacl.com\\\/producto\\\/sujetador-modelo-laia\\\/#primaryimage\"},\"image\":{\"@id\":\"https:\\\/\\\/rosanacl.com\\\/producto\\\/sujetador-modelo-laia\\\/#primaryimage\"},\"thumbnailUrl\":\"https:\\\/\\\/rosanacl.com\\\/wp-content\\\/uploads\\\/2025\\\/04\\\/2-3-e1756816590538.jpg\",\"datePublished\":\"2025-04-29T22:35:59+00:00\",\"dateModified\":\"2026-01-07T19:56:28+00:00\",\"breadcrumb\":{\"@id\":\"https:\\\/\\\/rosanacl.com\\\/producto\\\/sujetador-modelo-laia\\\/#breadcrumb\"},\"inLanguage\":\"fr-FR\",\"potentialAction\":[{\"@type\":\"ReadAction\",\"target\":[\"https:\\\/\\\/rosanacl.com\\\/producto\\\/sujetador-modelo-laia\\\/\"]}]},{\"@type\":\"ImageObject\",\"inLanguage\":\"fr-FR\",\"@id\":\"https:\\\/\\\/rosanacl.com\\\/producto\\\/sujetador-modelo-laia\\\/#primaryimage\",\"url\":\"https:\\\/\\\/rosanacl.com\\\/wp-content\\\/uploads\\\/2025\\\/04\\\/2-3-e1756816590538.jpg\",\"contentUrl\":\"https:\\\/\\\/rosanacl.com\\\/wp-content\\\/uploads\\\/2025\\\/04\\\/2-3-e1756816590538.jpg\",\"width\":830,\"height\":1017},{\"@type\":\"BreadcrumbList\",\"@id\":\"https:\\\/\\\/rosanacl.com\\\/producto\\\/sujetador-modelo-laia\\\/#breadcrumb\",\"itemListElement\":[{\"@type\":\"ListItem\",\"position\":1,\"name\":\"Portada\",\"item\":\"https:\\\/\\\/rosanacl.com\\\/ca\\\/\"},{\"@type\":\"ListItem\",\"position\":2,\"name\":\"Tienda\",\"item\":\"https:\\\/\\\/rosanacl.com\\\/ca\\\/tienda\\\/\"},{\"@type\":\"ListItem\",\"position\":3,\"name\":\"Sujetador Selene Laia\"}]},{\"@type\":\"WebSite\",\"@id\":\"https:\\\/\\\/rosanacl.com\\\/ca\\\/#website\",\"url\":\"https:\\\/\\\/rosanacl.com\\\/ca\\\/\",\"name\":\"Rosana CL\",\"description\":\"Somos tu interior\",\"potentialAction\":[{\"@type\":\"SearchAction\",\"target\":{\"@type\":\"EntryPoint\",\"urlTemplate\":\"https:\\\/\\\/rosanacl.com\\\/ca\\\/?s={search_term_string}\"},\"query-input\":{\"@type\":\"PropertyValueSpecification\",\"valueRequired\":true,\"valueName\":\"search_term_string\"}}],\"inLanguage\":\"fr-FR\"}]}<\/script>\n<!-- \/ Yoast SEO plugin. -->","yoast_head_json":{"title":"Sujetador Selene Laia - Rosana CL","robots":{"index":"index","follow":"follow","max-snippet":"max-snippet:-1","max-image-preview":"max-image-preview:large","max-video-preview":"max-video-preview:-1"},"canonical":"https:\/\/rosanacl.com\/fr\/produit\/sujetador-modelo-laia\/","og_locale":"fr_FR","og_type":"article","og_title":"Sujetador Selene Laia - Rosana CL","og_description":"El sujetador Selene Laia est\u00e1 pensado para esos d\u00edas en los que quieres verte m\u00e1s favorecida sin complicarte: aros + relleno ligero que realza con naturalidad, y un dise\u00f1o que mezcla tul y encaje para conseguir un acabado elegante y muy femenino. Es de esos sujetadores que \u00abvisten\u00bb por s\u00ed solos: bonito a la vista, [&hellip;]","og_url":"https:\/\/rosanacl.com\/fr\/produit\/sujetador-modelo-laia\/","og_site_name":"Rosana CL","article_modified_time":"2026-01-07T19:56:28+00:00","og_image":[{"width":830,"height":1017,"url":"https:\/\/rosanacl.com\/wp-content\/uploads\/2025\/04\/2-3-e1756816590538.jpg","type":"image\/jpeg"}],"twitter_card":"summary_large_image","twitter_misc":{"Dur\u00e9e de lecture estim\u00e9e":"2 minutes"},"schema":{"@context":"https:\/\/schema.org","@graph":[{"@type":"WebPage","@id":"https:\/\/rosanacl.com\/producto\/sujetador-modelo-laia\/","url":"https:\/\/rosanacl.com\/producto\/sujetador-modelo-laia\/","name":"Sujetador Selene Laia - Rosana CL","isPartOf":{"@id":"https:\/\/rosanacl.com\/ca\/#website"},"primaryImageOfPage":{"@id":"https:\/\/rosanacl.com\/producto\/sujetador-modelo-laia\/#primaryimage"},"image":{"@id":"https:\/\/rosanacl.com\/producto\/sujetador-modelo-laia\/#primaryimage"},"thumbnailUrl":"https:\/\/rosanacl.com\/wp-content\/uploads\/2025\/04\/2-3-e1756816590538.jpg","datePublished":"2025-04-29T22:35:59+00:00","dateModified":"2026-01-07T19:56:28+00:00","breadcrumb":{"@id":"https:\/\/rosanacl.com\/producto\/sujetador-modelo-laia\/#breadcrumb"},"inLanguage":"fr-FR","potentialAction":[{"@type":"ReadAction","target":["https:\/\/rosanacl.com\/producto\/sujetador-modelo-laia\/"]}]},{"@type":"ImageObject","inLanguage":"fr-FR","@id":"https:\/\/rosanacl.com\/producto\/sujetador-modelo-laia\/#primaryimage","url":"https:\/\/rosanacl.com\/wp-content\/uploads\/2025\/04\/2-3-e1756816590538.jpg","contentUrl":"https:\/\/rosanacl.com\/wp-content\/uploads\/2025\/04\/2-3-e1756816590538.jpg","width":830,"height":1017},{"@type":"BreadcrumbList","@id":"https:\/\/rosanacl.com\/producto\/sujetador-modelo-laia\/#breadcrumb","itemListElement":[{"@type":"ListItem","position":1,"name":"Portada","item":"https:\/\/rosanacl.com\/ca\/"},{"@type":"ListItem","position":2,"name":"Tienda","item":"https:\/\/rosanacl.com\/ca\/tienda\/"},{"@type":"ListItem","position":3,"name":"Sujetador Selene Laia"}]},{"@type":"WebSite","@id":"https:\/\/rosanacl.com\/ca\/#website","url":"https:\/\/rosanacl.com\/ca\/","name":"Rosana CL","description":"Nous sommes votre int\u00e9rieur","potentialAction":[{"@type":"SearchAction","target":{"@type":"EntryPoint","urlTemplate":"https:\/\/rosanacl.com\/ca\/?s={search_term_string}"},"query-input":{"@type":"PropertyValueSpecification","valueRequired":true,"valueName":"search_term_string"}}],"inLanguage":"fr-FR"}]}},"_links":{"self":[{"href":"https:\/\/rosanacl.com\/fr\/wp-json\/wp\/v2\/product\/1017","targetHints":{"allow":["GET"]}}],"collection":[{"href":"https:\/\/rosanacl.com\/fr\/wp-json\/wp\/v2\/product"}],"about":[{"href":"https:\/\/rosanacl.com\/fr\/wp-json\/wp\/v2\/types\/product"}],"replies":[{"embeddable":true,"href":"https:\/\/rosanacl.com\/fr\/wp-json\/wp\/v2\/comments?post=1017"}],"version-history":[{"count":5,"href":"https:\/\/rosanacl.com\/fr\/wp-json\/wp\/v2\/product\/1017\/revisions"}],"predecessor-version":[{"id":4612,"href":"https:\/\/rosanacl.com\/fr\/wp-json\/wp\/v2\/product\/1017\/revisions\/4612"}],"wp:featuredmedia":[{"embeddable":true,"href":"https:\/\/rosanacl.com\/fr\/wp-json\/wp\/v2\/media\/2358"}],"wp:attachment":[{"href":"https:\/\/rosanacl.com\/fr\/wp-json\/wp\/v2\/media?parent=1017"}],"wp:term":[{"taxonomy":"product_brand","embeddable":true,"href":"https:\/\/rosanacl.com\/fr\/wp-json\/wp\/v2\/product_brand?post=1017"},{"taxonomy":"product_cat","embeddable":true,"href":"https:\/\/rosanacl.com\/fr\/wp-json\/wp\/v2\/product_cat?post=1017"},{"taxonomy":"product_tag","embeddable":true,"href":"https:\/\/rosanacl.com\/fr\/wp-json\/wp\/v2\/product_tag?post=1017"}],"curies":[{"name":"wp","href":"https:\/\/api.w.org\/{rel}","templated":true}]}}